{"id":34,"date":"2015-12-18T14:22:19","date_gmt":"2015-12-18T14:22:19","guid":{"rendered":"http:\/\/pages.cnpem.br\/afmworkshop\/?page_id=34"},"modified":"2025-10-30T10:33:54","modified_gmt":"2025-10-30T13:33:54","slug":"edicoes-passadas","status":"publish","type":"page","link":"http:\/\/pages.cnpem.br\/afmworkshop\/edicoes-passadas\/","title":{"rendered":"Edi\u00e7\u00f5es passadas"},"content":{"rendered":"<div class=\"wpb-content-wrapper\"><p>[vc_row][vc_column][vc_row_inner][vc_column_inner][vc_column_text]<\/p>\n<p style=\"text-align: center\"><strong>Confira as edi\u00e7\u00f5es passadas do AFM Workshop e do Minicurso Gwyddion:<\/strong><\/p>\n<p>[\/vc_column_text][\/vc_column_inner][\/vc_row_inner][\/vc_column][\/vc_row][vc_row][vc_column width=&#8221;1\/2&#8243;]<div id=\"highlight-box-wrap-9507\"  data-ultimate-target='#highlight-box-wrap-9507'  data-responsive-json-new='{\"font-size\":\"desktop:32px;\",\"line-height\":\"\"}'  class=\"ultimate-call-to-action ult-adjust-bottom-margin  ctaction-text-center ult-responsive\" style=\"font-weight:normal;color:#ffffff;background:#f6921e;padding-top:20px;padding-bottom:20px;\"  data-background=\"#f6921e\"  data-background-hover=\"#f48200\"  data-override=\"0\" ><div class=\"uvc-ctaction-data uvc-ctaction-data-no-effect ult-responsive\"><\/p>\n<p style=\"text-align: center\"><strong>AFM WORKSHOP<\/strong><\/p>\n<p><\/div><a class=\"ulimate-call-to-action-link\" href=\"https:\/\/pages.cnpem.br\/afmworkshop\/edicoes-passadas-afm-workshop\/\" ><\/a><\/div>[\/vc_column][vc_column width=&#8221;1\/2&#8243;]<div id=\"highlight-box-wrap-1557\"  data-ultimate-target='#highlight-box-wrap-1557'  data-responsive-json-new='{\"font-size\":\"desktop:32px;\",\"line-height\":\"\"}'  class=\"ultimate-call-to-action ult-adjust-bottom-margin  ctaction-text-center ult-responsive\" style=\"font-weight:normal;color:#ffffff;background:#4a63ab;padding-top:20px;padding-bottom:20px;\"  data-background=\"#4a63ab\"  data-background-hover=\"#2043aa\"  data-override=\"0\" ><div class=\"uvc-ctaction-data uvc-ctaction-data-no-effect ult-responsive\"><\/p>\n<p style=\"text-align: center\"><strong>MINICURSO GWYDDION<\/strong><\/p>\n<p><\/div><a class=\"ulimate-call-to-action-link\" href=\"https:\/\/pages.cnpem.br\/afmworkshop\/edicoes-passadas-minicurso-gwyddion\/\" ><\/a><\/div>[\/vc_column][\/vc_row][vc_row disable_element=&#8221;yes&#8221;][vc_column width=&#8221;1\/4&#8243;][vc_empty_space height=&#8221;80px&#8221;][vc_empty_space][vc_custom_heading text=&#8221;Edi\u00e7\u00f5es passadas&#8221; font_container=&#8221;tag:h3|text_align:center|color:%23c49600&#8243; google_fonts=&#8221;font_family:Roboto%3A100%2C100italic%2C300%2C300italic%2Cregular%2Citalic%2C500%2C500italic%2C700%2C700italic%2C900%2C900italic|font_style:400%20regular%3A400%3Anormal&#8221;][vc_empty_space height=&#8221;15px&#8221;][vc_column_text]<\/p>\n<p style=\"text-align: center\"><span data-contrast=\"none\">O <em>AFM\u00a0<\/em><\/span><span data-contrast=\"none\"><em>Workshop<\/em> \u00e9 realizado pelo Centro Nacional de Pesquisa em Energia e Materiais (CNPEM), por meio do Laborat\u00f3rio Nacional de Nanotecnologia (LNNano), desde 2015. As tem\u00e1ticas e apresenta\u00e7\u00f5es s\u00e3o organizadas por profissionais do <a href=\"https:\/\/lnnano.cnpem.br\/instalacoes\/microscopia-e-criomicroscopia\/microscopia-de-forca-atomica\/\" target=\"_blank\" rel=\"noopener\">Laborat\u00f3rio de Microscopia de For\u00e7a At\u00f4mica e S\u00edntese (MFAS)<\/a>, al\u00e9m de outros pesquisadores e t\u00e9cnicos do CNPEM e de especialistas convidados. A programa\u00e7\u00e3o inclui <strong>aulas te\u00f3ricas e pr\u00e1ticas<\/strong> sobre as t\u00e9cnicas de <a href=\"https:\/\/pages.cnpem.br\/afmworkshop\/microscopia-varredura-por-sonda\/\">microscopia de varredura por sonda<\/a> e um minicurso de tratamento de imagens (software <em>Gwyddion<\/em>).<\/span><\/p>\n<p>[\/vc_column_text][\/vc_column][vc_column width=&#8221;3\/4&#8243;][vc_single_image image=&#8221;339&#8243; img_size=&#8221;full&#8221; alignment=&#8221;center&#8221; onclick=&#8221;zoom&#8221; title=&#8221;Foto oficial 2023&#8243;][\/vc_column][\/vc_row][vc_row disable_element=&#8221;yes&#8221;][vc_column][vc_media_grid element_width=&#8221;3&#8243; gap=&#8221;4&#8243; grid_id=&#8221;vc_gid:1711567811521-69414f11-3457-9&#8243; include=&#8221;240,232,233,35&#8243;][\/vc_column][\/vc_row]<\/p>\n<\/div>","protected":false},"excerpt":{"rendered":"<p>[vc_row][vc_column][vc_row_inner][vc_column_inner][vc_column_text] Confira as edi\u00e7\u00f5es passadas do AFM Workshop e do Minicurso Gwyddion: [\/vc_column_text][\/vc_column_inner][\/vc_row_inner][\/vc_column][\/vc_row][vc_row][vc_column width=&#8221;1\/2&#8243;][\/vc_column][vc_column width=&#8221;1\/2&#8243;][\/vc_column][\/vc_row][vc_row disable_element=&#8221;yes&#8221;][vc_column width=&#8221;1\/4&#8243;][vc_empty_space height=&#8221;80px&#8221;][vc_empty_space][vc_custom_heading text=&#8221;Edi\u00e7\u00f5es passadas&#8221; font_container=&#8221;tag:h3|text_align:center|color:%23c49600&#8243; google_fonts=&#8221;font_family:Roboto%3A100%2C100italic%2C300%2C300italic%2Cregular%2Citalic%2C500%2C500italic%2C700%2C700italic%2C900%2C900italic|font_style:400%20regular%3A400%3Anormal&#8221;][vc_empty_space height=&#8221;15px&#8221;][vc_column_text] O AFM\u00a0Workshop \u00e9 realizado pelo Centro Nacional de Pesquisa em Energia e Materiais (CNPEM), por meio do Laborat\u00f3rio Nacional de Nanotecnologia (LNNano), desde 2015. As tem\u00e1ticas e apresenta\u00e7\u00f5es s\u00e3o organizadas por profissionais&hellip;<\/p>\n","protected":false},"author":10,"featured_media":0,"parent":0,"menu_order":0,"comment_status":"closed","ping_status":"closed","template":"","meta":{"footnotes":""},"class_list":["post-34","page","type-page","status-publish","hentry","description-off"],"_links":{"self":[{"href":"http:\/\/pages.cnpem.br\/afmworkshop\/wp-json\/wp\/v2\/pages\/34","targetHints":{"allow":["GET"]}}],"collection":[{"href":"http:\/\/pages.cnpem.br\/afmworkshop\/wp-json\/wp\/v2\/pages"}],"about":[{"href":"http:\/\/pages.cnpem.br\/afmworkshop\/wp-json\/wp\/v2\/types\/page"}],"author":[{"embeddable":true,"href":"http:\/\/pages.cnpem.br\/afmworkshop\/wp-json\/wp\/v2\/users\/10"}],"replies":[{"embeddable":true,"href":"http:\/\/pages.cnpem.br\/afmworkshop\/wp-json\/wp\/v2\/comments?post=34"}],"version-history":[{"count":0,"href":"http:\/\/pages.cnpem.br\/afmworkshop\/wp-json\/wp\/v2\/pages\/34\/revisions"}],"wp:attachment":[{"href":"http:\/\/pages.cnpem.br\/afmworkshop\/wp-json\/wp\/v2\/media?parent=34"}],"curies":[{"name":"wp","href":"https:\/\/api.w.org\/{rel}","templated":true}]}}