{"id":563,"date":"2025-10-29T14:42:11","date_gmt":"2025-10-29T17:42:11","guid":{"rendered":"https:\/\/pages.cnpem.br\/afmworkshop\/?page_id=563"},"modified":"2025-11-05T08:03:08","modified_gmt":"2025-11-05T11:03:08","slug":"gwyddion-inscricoes-dez-2025","status":"publish","type":"page","link":"http:\/\/pages.cnpem.br\/afmworkshop\/gwyddion-inscricoes-dez-2025\/","title":{"rendered":"Inscri\u00e7\u00f5es Minicurso Gwyddion Dezembro 2025"},"content":{"rendered":"<div class=\"wpb-content-wrapper\"><p>[vc_row][vc_column][vc_text_separator title=&#8221;INSCRI\u00c7\u00d5ES&#8221; title_align=&#8221;separator_align_left&#8221; color=&#8221;green&#8221; css=&#8221;&#8221;][vc_column_text css=&#8221;&#8221;]<\/p>\n<p style=\"text-align: justify\">Preencha o formul\u00e1rio abaixo para se inscrever no <strong>Minicurso Gwyddion \u2013 Tratamento de imagens de AFM<\/strong>. O prazo para inscri\u00e7\u00f5es vai de 5 de novembro a 16 de novembro de 2025. Essa edi\u00e7\u00e3o do evento ocorre em <strong>5 de dezembro de 2025<\/strong>.<\/p>\n<p>[\/vc_column_text][\/vc_column][\/vc_row][vc_row full_width=&#8221;stretch_row&#8221;][vc_column][vc_column_text css=&#8221;&#8221;]<strong>Crit\u00e9rios de sele\u00e7\u00e3o<\/strong><\/p>\n<p>O crit\u00e9rio de sele\u00e7\u00e3o levar\u00e1 em considera\u00e7\u00e3o a experi\u00eancia pr\u00e9via do candidato com as t\u00e9cnicas de AFM, bem como a diversidade de institui\u00e7\u00f5es e grupos de pesquisa.[\/vc_column_text][\/vc_column][\/vc_row][vc_row][vc_column][vc_empty_space]<p>Desculpe! Este formul\u00e1rio n\u00e3o existe mais.<\/p>[vc_empty_space height=&#8221;100px&#8221;][\/vc_column][\/vc_row]<\/p>\n<\/div>","protected":false},"excerpt":{"rendered":"<p>[vc_row][vc_column][vc_text_separator title=&#8221;INSCRI\u00c7\u00d5ES&#8221; title_align=&#8221;separator_align_left&#8221; color=&#8221;green&#8221; css=&#8221;&#8221;][vc_column_text css=&#8221;&#8221;] Preencha o formul\u00e1rio abaixo para se inscrever no Minicurso Gwyddion \u2013 Tratamento de imagens de AFM. O prazo para inscri\u00e7\u00f5es vai de 5 de novembro a 16 de novembro de 2025. Essa edi\u00e7\u00e3o do evento ocorre em 5 de dezembro de 2025. [\/vc_column_text][\/vc_column][\/vc_row][vc_row full_width=&#8221;stretch_row&#8221;][vc_column][vc_column_text css=&#8221;&#8221;]Crit\u00e9rios de sele\u00e7\u00e3o O crit\u00e9rio&hellip;<\/p>\n","protected":false},"author":4714,"featured_media":0,"parent":0,"menu_order":0,"comment_status":"closed","ping_status":"closed","template":"","meta":{"footnotes":""},"class_list":["post-563","page","type-page","status-publish","hentry","description-off"],"_links":{"self":[{"href":"http:\/\/pages.cnpem.br\/afmworkshop\/wp-json\/wp\/v2\/pages\/563","targetHints":{"allow":["GET"]}}],"collection":[{"href":"http:\/\/pages.cnpem.br\/afmworkshop\/wp-json\/wp\/v2\/pages"}],"about":[{"href":"http:\/\/pages.cnpem.br\/afmworkshop\/wp-json\/wp\/v2\/types\/page"}],"author":[{"embeddable":true,"href":"http:\/\/pages.cnpem.br\/afmworkshop\/wp-json\/wp\/v2\/users\/4714"}],"replies":[{"embeddable":true,"href":"http:\/\/pages.cnpem.br\/afmworkshop\/wp-json\/wp\/v2\/comments?post=563"}],"version-history":[{"count":0,"href":"http:\/\/pages.cnpem.br\/afmworkshop\/wp-json\/wp\/v2\/pages\/563\/revisions"}],"wp:attachment":[{"href":"http:\/\/pages.cnpem.br\/afmworkshop\/wp-json\/wp\/v2\/media?parent=563"}],"curies":[{"name":"wp","href":"https:\/\/api.w.org\/{rel}","templated":true}]}}