{"id":4051,"date":"2020-10-15T18:44:58","date_gmt":"2020-10-15T18:44:58","guid":{"rendered":"http:\/\/pages.cnpem.br\/rau\/?page_id=4051"},"modified":"2025-11-03T14:32:04","modified_gmt":"2025-11-03T17:32:04","slug":"agenda","status":"publish","type":"page","link":"http:\/\/pages.cnpem.br\/rau\/agenda\/","title":{"rendered":"Agenda"},"content":{"rendered":"<div class=\"wpb-content-wrapper\"><p>[vc_row][vc_column][vc_text_separator title=&#8221;35th RAU Agenda&#8221; i_icon_fontawesome=&#8221;fas fa-calendar&#8221; i_background_style=&#8221;rounded-outline&#8221; i_background_color=&#8221;blue&#8221; i_size=&#8221;lg&#8221; color=&#8221;blue&#8221; css=&#8221;&#8221; add_icon=&#8221;true&#8221;][vc_row_inner][vc_column_inner width=&#8221;1\/6&#8243;][\/vc_column_inner][vc_column_inner width=&#8221;2\/3&#8243;]<style type=\"text\/css\" data-type=\"the7_shortcodes-inline-css\">.icon-with-text-shortcode.icon-text-id-1a910f741b10448548c5e10dc76d9776 .text-icon {\n  width: 60px;\n  height: 60px;\n  line-height: 60px;\n  font-size: 32px;\n  border-radius: 200px;\n  margin: 0px 0px 0px 0px;\n}\n.icon-with-text-shortcode.icon-text-id-1a910f741b10448548c5e10dc76d9776 .text-icon .icon-inner {\n  min-width: 60px;\n  min-height: 60px;\n  border-radius: 200px;\n}\n@media all and (-ms-high-contrast: none) {\n  .icon-with-text-shortcode.icon-text-id-1a910f741b10448548c5e10dc76d9776 .text-icon .icon-inner {\n    height: 60px;\n  }\n}\n.icon-with-text-shortcode.icon-text-id-1a910f741b10448548c5e10dc76d9776 .text-icon .dt-hover-icon {\n  line-height: 60px;\n}\n.icon-with-text-shortcode.icon-text-id-1a910f741b10448548c5e10dc76d9776 .text-icon:before,\n.icon-with-text-shortcode.icon-text-id-1a910f741b10448548c5e10dc76d9776 .text-icon:after,\n.icon-with-text-shortcode.icon-text-id-1a910f741b10448548c5e10dc76d9776 .text-icon .icon-inner:before,\n.icon-with-text-shortcode.icon-text-id-1a910f741b10448548c5e10dc76d9776 .text-icon .icon-inner:after {\n  min-width: 100%;\n  min-height: 100%;\n  padding: inherit;\n  border-radius: inherit;\n}\n.icon-with-text-shortcode.icon-text-id-1a910f741b10448548c5e10dc76d9776 .text-icon.dt-icon-border-on:before {\n  border-width: 2px;\n  border-style: solid;\n}\n.dt-icon-border-dashed.icon-with-text-shortcode.icon-text-id-1a910f741b10448548c5e10dc76d9776 .text-icon.dt-icon-border-on:before {\n  border-style: dashed;\n}\n.dt-icon-border-dotted.icon-with-text-shortcode.icon-text-id-1a910f741b10448548c5e10dc76d9776 .text-icon.dt-icon-border-on:before {\n  border-style: dotted;\n}\n.dt-icon-border-double.icon-with-text-shortcode.icon-text-id-1a910f741b10448548c5e10dc76d9776 .text-icon.dt-icon-border-on:before {\n  border-style: double;\n}\n.icon-with-text-shortcode.icon-text-id-1a910f741b10448548c5e10dc76d9776 .text-icon.dt-icon-border-dashed.dt-icon-border-on:before {\n  border-style: dashed;\n}\n.icon-with-text-shortcode.icon-text-id-1a910f741b10448548c5e10dc76d9776 .text-icon.dt-icon-border-dotted.dt-icon-border-on:before {\n  border-style: dotted;\n}\n.icon-with-text-shortcode.icon-text-id-1a910f741b10448548c5e10dc76d9776 .text-icon.dt-icon-border-double.dt-icon-border-on:before {\n  border-style: double;\n}\n.icon-with-text-shortcode.icon-text-id-1a910f741b10448548c5e10dc76d9776 .text-icon.dt-icon-hover-border-on:after {\n  border-width: 2px;\n  border-style: solid;\n}\n.icon-with-text-shortcode.icon-text-id-1a910f741b10448548c5e10dc76d9776 .text-icon.dt-icon-border-dashed.dt-icon-hover-border-on:after {\n  border-style: dashed;\n}\n.icon-with-text-shortcode.icon-text-id-1a910f741b10448548c5e10dc76d9776 .text-icon.dt-icon-border-dotted.dt-icon-hover-border-on:after {\n  border-style: dotted;\n}\n.icon-with-text-shortcode.icon-text-id-1a910f741b10448548c5e10dc76d9776 .text-icon.dt-icon-border-double.dt-icon-hover-border-on:after {\n  border-style: double;\n}\n.icon-with-text-shortcode.icon-text-id-1a910f741b10448548c5e10dc76d9776 .text-icon.dt-icon-hover-on:hover {\n  font-size: 32px;\n}\n#page .icon-with-text-shortcode.icon-text-id-1a910f741b10448548c5e10dc76d9776 .text-icon.dt-icon-hover-on:hover .soc-font-icon,\n#phantom .icon-with-text-shortcode.icon-text-id-1a910f741b10448548c5e10dc76d9776 .text-icon.dt-icon-hover-on:hover .soc-font-icon,\n#page .icon-with-text-shortcode.icon-text-id-1a910f741b10448548c5e10dc76d9776 .text-icon.dt-icon-hover-on:hover .soc-icon,\n#phantom .icon-with-text-shortcode.icon-text-id-1a910f741b10448548c5e10dc76d9776 .text-icon.dt-icon-hover-on:hover .soc-icon {\n  color: #fff;\n  background: none;\n}\n#page .icon-with-text-shortcode.icon-text-id-1a910f741b10448548c5e10dc76d9776 .text-icon.dt-icon-hover-on:not(:hover) .soc-font-icon,\n#phantom .icon-with-text-shortcode.icon-text-id-1a910f741b10448548c5e10dc76d9776 .text-icon.dt-icon-hover-on:not(:hover) .soc-font-icon,\n#page .icon-with-text-shortcode.icon-text-id-1a910f741b10448548c5e10dc76d9776 .text-icon.dt-icon-hover-on:not(:hover) .soc-icon,\n#phantom .icon-with-text-shortcode.icon-text-id-1a910f741b10448548c5e10dc76d9776 .text-icon.dt-icon-hover-on:not(:hover) .soc-icon,\n#page .icon-with-text-shortcode.icon-text-id-1a910f741b10448548c5e10dc76d9776 .text-icon.dt-icon-hover-off .soc-font-icon,\n#phantom .icon-with-text-shortcode.icon-text-id-1a910f741b10448548c5e10dc76d9776 .text-icon.dt-icon-hover-off .soc-font-icon,\n#page .icon-with-text-shortcode.icon-text-id-1a910f741b10448548c5e10dc76d9776 .text-icon.dt-icon-hover-off .soc-icon,\n#phantom .icon-with-text-shortcode.icon-text-id-1a910f741b10448548c5e10dc76d9776 .text-icon.dt-icon-hover-off .soc-icon {\n  color: rgba(30,115,190,0.93);\n  background: none;\n}\n.icon-with-text-shortcode.icon-text-id-1a910f741b10448548c5e10dc76d9776.layout-1 {\n  grid-template-columns: 60px minmax(0,1fr);\n  grid-column-gap: 0px;\n}\n.icon-with-text-shortcode.icon-text-id-1a910f741b10448548c5e10dc76d9776.layout-2 {\n  grid-template-columns: minmax(0,1fr) 60px;\n  grid-column-gap: 0px;\n}\n.icon-with-text-shortcode.icon-text-id-1a910f741b10448548c5e10dc76d9776.layout-2 .text-icon {\n  margin-left: 0;\n}\n.icon-with-text-shortcode.icon-text-id-1a910f741b10448548c5e10dc76d9776.layout-3 {\n  grid-template-columns: 60px minmax(0,1fr);\n}\n.icon-with-text-shortcode.icon-text-id-1a910f741b10448548c5e10dc76d9776.layout-3 .dt-text-title {\n  margin-left: 0px;\n}\n.icon-with-text-shortcode.icon-text-id-1a910f741b10448548c5e10dc76d9776 .dt-text-title,\n.icon-with-text-shortcode.icon-text-id-1a910f741b10448548c5e10dc76d9776 .dt-text-title a {\n  font-weight: bold;\n  text-transform: uppercase;\n}\n.icon-with-text-shortcode.icon-text-id-1a910f741b10448548c5e10dc76d9776 .dt-text-title {\n  margin-bottom: 0px;\n}\n.icon-with-text-shortcode.icon-text-id-1a910f741b10448548c5e10dc76d9776 .dt-text-desc {\n  margin-bottom: 0px;\n  font-size: 13px;\n}<\/style><div class=\"icon-with-text-shortcode  icon-text-id-1a910f741b10448548c5e10dc76d9776 layout-3  \" ><span   class=\"text-icon dt-icon-bg-off dt-icon-hover-off\" ><span class=\"icon-inner\"><i class=\"dt-regular-icon soc-icon icomoon-the7-font-the7-map-02\"><\/i><i class=\"dt-hover-icon soc-icon icomoon-the7-font-the7-map-02\"><\/i><\/span><\/span><h6 class=\"dt-text-title\"  >Event Location: CV Ilum Auditorium \u2013 at CNPEM campus in Campinas-SP<\/h6><\/div>[vc_empty_space][\/vc_column_inner][vc_column_inner width=&#8221;1\/6&#8243;][\/vc_column_inner][\/vc_row_inner][\/vc_column][\/vc_row][vc_row][vc_column][vc_tta_tabs color=&#8221;juicy-pink&#8221; alignment=&#8221;center&#8221; active_section=&#8221;1&#8243;][vc_tta_section title=&#8221;5 November&#8221; tab_id=&#8221;5nov&#8221;][vc_column_text css=&#8221;&#8221;]<\/p>\n<table style=\"width: 100.899%;height: 784px\" width=\"1255\" cellspacing=\"5\">\n<tbody>\n<tr style=\"height: 22px\">\n<td style=\"text-align: justify;width: 10.3534%;height: 22px\" width=\"216\"><strong>Time<\/strong><\/td>\n<td style=\"text-align: justify;width: 53.7147%;height: 22px\" width=\"512\"><strong>Activity<\/strong><\/td>\n<td style=\"text-align: justify;width: 26.1646%;height: 22px\" width=\"527\"><strong>Speaker<\/strong><\/td>\n<\/tr>\n<tr style=\"height: 22px\">\n<td style=\"text-align: justify;width: 10.3534%;height: 22px\">8:30 \u2013 9:00<\/td>\n<td style=\"text-align: justify;width: 53.7147%;height: 22px\" width=\"512\">Check in (CV Ilum)<\/td>\n<td style=\"text-align: justify;width: 26.1646%;height: 22px\"><\/td>\n<\/tr>\n<tr style=\"height: 22px\">\n<td style=\"text-align: justify;width: 10.3534%;height: 22px\">09:00 &#8211; 09:15<\/td>\n<td style=\"text-align: justify;width: 53.7147%;height: 22px\" width=\"512\">Welcome by the Scientific Committee<\/td>\n<td style=\"text-align: justify;width: 26.1646%;height: 22px\"><\/td>\n<\/tr>\n<tr style=\"height: 22px\">\n<td style=\"text-align: justify;width: 10.3534%;height: 22px\">09:15 &#8211; 10:00<\/td>\n<td style=\"text-align: justify;width: 53.7147%;height: 22px\" width=\"512\">Welcome by the LNLS&#8217; Director + SIRIUS Overview<\/td>\n<td style=\"text-align: justify;width: 26.1646%;height: 22px\">Harry Westfahl Jr.<\/td>\n<\/tr>\n<tr style=\"height: 22px\">\n<td style=\"text-align: justify;width: 10.3534%;height: 22px\">10:00 &#8211; 10:20<\/td>\n<td style=\"text-align: justify;width: 53.7147%;height: 22px\" width=\"512\">Questions and General Discussion<\/td>\n<td style=\"text-align: justify;width: 26.1646%;height: 22px\"><\/td>\n<\/tr>\n<tr style=\"height: 66px\">\n<td style=\"text-align: justify;width: 10.3534%;height: 31px\">10:20 &#8211; 10:50<\/td>\n<td style=\"text-align: left;width: 53.7147%;height: 31px\"><strong>Coffee Break<\/strong><\/td>\n<td style=\"text-align: left;width: 26.1646%;height: 31px\"><\/td>\n<\/tr>\n<tr style=\"height: 66px\">\n<td style=\"text-align: justify;width: 10.3534%;height: 21px\">10:50 &#8211; 11:50<\/td>\n<td style=\"text-align: justify;width: 53.7147%;height: 21px\" width=\"512\"><strong>Commemorative Session for the 35th\u00a0RAU <\/strong><\/p>\n<p><strong>(Panel Discussion)<\/strong><\/td>\n<td style=\"text-align: justify;width: 26.1646%;height: 21px\">Liu Lin, Helio Tolentino,<br \/>\nEduardo Granado, N\u00e1dya Silveira<\/td>\n<\/tr>\n<tr style=\"height: 22px\">\n<td style=\"text-align: justify;width: 10.3534%;height: 22px\">11:50 &#8211; 12:50<\/td>\n<td style=\"text-align: justify;width: 53.7147%;height: 22px\" width=\"512\"><strong>PLENARY LECTURE 1 &#8211;<\/strong><em> Plastics and human health<\/em><\/td>\n<td style=\"text-align: justify;width: 26.1646%;height: 22px\">Thais Mauad<\/td>\n<\/tr>\n<tr style=\"height: 22px\">\n<td style=\"text-align: justify;width: 10.3534%;height: 22px\">12:50 &#8211; 13:30<\/td>\n<td style=\"text-align: justify;width: 53.7147%;height: 22px\" width=\"512\">Questions and General Discussion<\/td>\n<td style=\"text-align: justify;width: 26.1646%;height: 22px\"><\/td>\n<\/tr>\n<tr style=\"height: 22px\">\n<td style=\"text-align: justify;width: 10.3534%;height: 32px\">13:30 &#8211; 14:20<\/td>\n<td style=\"text-align: justify;width: 53.7147%;height: 32px\"><strong>Lunch break<br \/>\n<\/strong><\/td>\n<td style=\"text-align: justify;width: 26.1646%;height: 32px\"><\/td>\n<\/tr>\n<tr style=\"height: 22px\">\n<td style=\"text-align: justify;width: 10.3534%;height: 22px\">14:20 &#8211; 14:50<\/td>\n<td style=\"text-align: justify;width: 53.7147%;height: 22px\"><span class=\"EOP SCXW176789474 BCX0\" data-ccp-props=\"{}\"><strong>KEYNOTE 1 &#8211; <\/strong><em>Purine-based single crystals as bioinspired materials<br \/>\nwith tuneable mechanical and optical properties<\/em><\/span><\/td>\n<td style=\"text-align: justify;width: 26.1646%;height: 22px\"><span class=\"EOP SCXW176789474 BCX0\" data-ccp-props=\"{}\">Florencia Di Salvo\u00a0<\/span><\/td>\n<\/tr>\n<tr style=\"height: 44px\">\n<td style=\"text-align: justify;width: 10.3534%;height: 26px\">14:50 &#8211; 15:10<\/td>\n<td style=\"text-align: justify;width: 53.7147%;height: 26px\"><span class=\"EOP SCXW176789474 BCX0\" data-ccp-props=\"{}\">Questions and General Discussion<\/span><\/td>\n<td style=\"text-align: justify;width: 26.1646%;height: 26px\"><\/td>\n<\/tr>\n<tr style=\"height: 44px\">\n<td style=\"text-align: justify;width: 10.3534%;height: 30px\">15:10 &#8211; 15:30<\/td>\n<td style=\"text-align: justify;width: 53.7147%;height: 30px\">Official Photo<\/td>\n<td style=\"text-align: justify;width: 26.1646%;height: 30px\"><\/td>\n<\/tr>\n<tr style=\"height: 66px\">\n<td style=\"text-align: justify;width: 10.3534%;height: 66px\">15:30 &#8211; 16:40<\/td>\n<td style=\"text-align: justify;width: 53.7147%;height: 66px\"><strong>Poster Session 1 <\/strong>(Odd numbers and beamlines)<br \/>\n<em>See the ID number of each poster <\/em><strong><em><a href=\"http:\/\/pages.cnpem.br\/rau\/wp-content\/uploads\/sites\/8\/2025\/11\/ID-Posteres_35RAU.pdf\" target=\"_blank\" rel=\"noopener\">at this link<\/a><br \/>\nPoster sessions will be held in sectors 43\u201345, inside the Experimental Hall of the Sirius building.<\/em><\/strong><\/td>\n<td style=\"text-align: justify;width: 26.1646%;height: 66px\"><\/td>\n<\/tr>\n<tr style=\"height: 76px\">\n<td style=\"text-align: justify;width: 10.3534%;height: 76px\">16:40 &#8211; 17:45<\/td>\n<td style=\"text-align: justify;width: 53.7147%;height: 76px\"><strong>Poster Session 2 <\/strong>(Even numbers and beamlines)<br \/>\n<em>See the ID number of each poster <\/em><strong><em><a href=\"http:\/\/pages.cnpem.br\/rau\/wp-content\/uploads\/sites\/8\/2025\/11\/ID-Posteres_35RAU.pdf\" target=\"_blank\" rel=\"noopener\">at this link<\/a><br \/>\nPoster sessions will be held in sectors 43\u201345, inside the Experimental Hall of the Sirius building.<br \/>\n<\/em><\/strong><\/td>\n<td style=\"text-align: justify;width: 26.1646%;height: 76px\"><\/td>\n<\/tr>\n<tr style=\"height: 22px\">\n<td style=\"text-align: justify;width: 10.3534%;height: 22px\">17:45 &#8211; 18:30<\/td>\n<td style=\"text-align: justify;width: 53.7147%;height: 22px\"><strong>Oral Session 1 (3 speakers)<br \/>\n<\/strong>10 min presentation + 5 min discussion\/questions<\/td>\n<td style=\"text-align: justify;width: 26.1646%;height: 22px\">Arnaldo Naves de Brito<br \/>\nJulia Fernandes Ragonha<br \/>\nGabriel de Biasi B\u00e1fero<\/td>\n<\/tr>\n<tr style=\"height: 44px\">\n<td style=\"text-align: justify;width: 10.3534%;height: 44px\">18:30 &#8211; 19:30<\/td>\n<td style=\"text-align: justify;width: 53.7147%;height: 44px\"><strong>Social Gathering<\/strong><\/td>\n<td style=\"text-align: justify;width: 26.1646%;height: 44px\"><\/td>\n<\/tr>\n<\/tbody>\n<\/table>\n<p>[\/vc_column_text][\/vc_tta_section][vc_tta_section title=&#8221;6 November&#8221; tab_id=&#8221;6nov&#8221;][vc_column_text css=&#8221;&#8221;]<\/p>\n<table style=\"width: 99.947%;height: 369px\" width=\"1255\" cellpadding=\"5\">\n<tbody>\n<tr style=\"height: 10px\">\n<td style=\"width: 11.1762%;height: 10px\"><strong>Time<\/strong><\/td>\n<td style=\"width: 53.3259%;height: 10px\"><strong>Activity<\/strong><\/td>\n<td style=\"width: 26.7032%;height: 10px\"><strong>Speaker<\/strong><\/td>\n<\/tr>\n<tr style=\"height: 22px\">\n<td style=\"width: 11.1762%;height: 22px\" width=\"216\">09:00 &#8211; 09:50<\/td>\n<td style=\"width: 53.3259%;height: 22px;text-align: left\" width=\"512\"><strong>PLENARY LECTURE 2 &#8211;<\/strong><em>Sub-nanometric clusters in catalysis: XANES and<br \/>\nNAP-XPS operando studies<\/em><strong><br \/>\n<\/strong><\/td>\n<td style=\"width: 26.7032%;height: 22px;text-align: left\" width=\"527\">Felix Requejo<\/td>\n<\/tr>\n<tr style=\"height: 22px\">\n<td style=\"width: 11.1762%;height: 10px\">09:50 &#8211; 10:10<\/td>\n<td style=\"width: 53.3259%;height: 10px\" width=\"512\">Questions and General Discussion<\/td>\n<td style=\"width: 26.7032%;height: 10px\"><\/td>\n<\/tr>\n<tr style=\"height: 17px\">\n<td style=\"width: 11.1762%;height: 17px\">10:10 &#8211; 10:30<\/td>\n<td style=\"width: 53.3259%;height: 17px\"><strong>Coffee Break<\/strong><\/td>\n<td style=\"width: 26.7032%;height: 17px\"><\/td>\n<\/tr>\n<tr style=\"height: 44px\">\n<td style=\"width: 11.1762%;height: 44px\">10:30 &#8211; 11:15<\/td>\n<td style=\"width: 53.3259%;height: 44px\"><strong>Oral Session 2 (3 speakers)<br \/>\n<\/strong>10 min presentation + 5 min discussion\/questions<\/td>\n<td style=\"width: 26.7032%;height: 44px\">D\u00e9borah Assis de Almeida Carneiro<br \/>\nClaudia Rodriguez Torres<br \/>\nZ\u00e9lia Soares Macedo<\/td>\n<\/tr>\n<tr style=\"height: 44px\">\n<td style=\"width: 11.1762%;height: 24px\">11:15 &#8211; 11:45<\/td>\n<td style=\"width: 53.3259%;height: 24px\" width=\"512\"><strong>KEYNOTE 2 &#8211; <\/strong><em>Unraveling Surface Structural and Chemical Coexistence in <\/em><br \/>\n<em>Two-Dimensional Materials through Crystal Truncation Rod Analysis\u00a0<\/em><\/td>\n<td style=\"width: 26.7032%;height: 24px\">\u00c2ngelo Malachias<\/td>\n<\/tr>\n<tr style=\"height: 22px\">\n<td style=\"width: 11.1762%;height: 22px\">11:45 &#8211; 12:05<\/td>\n<td style=\"width: 53.3259%;height: 22px\" width=\"512\">Questions and General Discussion<\/td>\n<td style=\"width: 26.7032%;height: 22px\"><\/td>\n<\/tr>\n<tr style=\"height: 22px\">\n<td style=\"width: 11.1762%;height: 22px\">12:05 &#8211; 13:30<\/td>\n<td style=\"width: 53.3259%;height: 22px\"><strong>LNLS Users Committee Assembly<\/strong><\/td>\n<td style=\"width: 26.7032%;height: 22px\"><\/td>\n<\/tr>\n<tr style=\"height: 44px\">\n<td style=\"width: 11.1762%;height: 22px\">13:30 &#8211; 14:20<\/td>\n<td style=\"width: 53.3259%;height: 22px\"><strong>Lunch break<\/strong><\/td>\n<td style=\"width: 26.7032%;height: 22px\"><\/td>\n<\/tr>\n<tr style=\"height: 22px\">\n<td style=\"width: 11.1762%;height: 22px\">14:20 &#8211; 15:40<\/td>\n<td style=\"width: 53.3259%;height: 22px\"><strong>LNLSUG Award<br \/>\n<\/strong>Pre-selected candidates presentations (6)<br \/>\n10 min each one<\/td>\n<td style=\"width: 26.7032%;height: 22px\">Aluizio Jos\u00e9 Salvador<br \/>\nCarlos William Galdino<br \/>\nDaniel da Silva Costa<br \/>\nJuan Sim\u00f3n Rodr\u00edguez Hern\u00e1ndez<br \/>\nMayra Alexandra Padr\u00f3n G\u00f3mez<br \/>\nRodolfo Tartaglia Souza<\/td>\n<\/tr>\n<tr style=\"height: 44px\">\n<td style=\"width: 11.1762%;height: 22px\">15:40 &#8211; 16:00<\/td>\n<td style=\"width: 53.3259%;height: 22px\"><strong>Coffee Break<\/strong><\/td>\n<td style=\"width: 26.7032%;height: 22px\"><\/td>\n<\/tr>\n<tr style=\"height: 44px\">\n<td style=\"width: 11.1762%;height: 22px\">16:00 &#8211; 16:30<\/td>\n<td style=\"width: 53.3259%;height: 22px\" width=\"512\"><strong>KEYNOTE 3 &#8211; <\/strong><em>Applications of Spectroscopic Techniques with Synchrotron Light in the <\/em><br \/>\n<em>Areas of Energy and Cultural Heritage\u00a0<\/em><strong><br \/>\n<\/strong><\/td>\n<td style=\"width: 26.7032%;height: 22px\">Maria Luiza Rocco<\/td>\n<\/tr>\n<tr style=\"height: 22px\">\n<td style=\"width: 11.1762%;height: 22px\">16:30 &#8211; 16:50<\/td>\n<td style=\"width: 53.3259%;height: 22px\">Questions and General Discussion<\/td>\n<td style=\"width: 26.7032%;height: 22px\"><\/td>\n<\/tr>\n<tr style=\"height: 22px\">\n<td style=\"width: 11.1762%;height: 66px\" rowspan=\"3\">16:50 &#8211; 17:30<\/td>\n<td style=\"width: 53.3259%;height: 22px\" width=\"512\">LNLSUC Election results announcement<strong><br \/>\n<\/strong><\/td>\n<td style=\"width: 26.7032%;height: 66px\" rowspan=\"3\"><\/td>\n<\/tr>\n<tr style=\"height: 22px\">\n<td style=\"width: 53.3259%;height: 22px\" width=\"512\">LNLSUG Award decision<\/td>\n<\/tr>\n<tr style=\"height: 22px\">\n<td style=\"width: 53.3259%;height: 22px\" width=\"512\">Final remarks<\/td>\n<\/tr>\n<\/tbody>\n<\/table>\n<p>[\/vc_column_text][\/vc_tta_section][\/vc_tta_tabs][\/vc_column][\/vc_row]<\/p>\n<\/div>","protected":false},"excerpt":{"rendered":"<p>[vc_row][vc_column][vc_text_separator title=&#8221;35th RAU Agenda&#8221; i_icon_fontawesome=&#8221;fas fa-calendar&#8221; i_background_style=&#8221;rounded-outline&#8221; i_background_color=&#8221;blue&#8221; i_size=&#8221;lg&#8221; color=&#8221;blue&#8221; css=&#8221;&#8221; add_icon=&#8221;true&#8221;][vc_row_inner][vc_column_inner width=&#8221;1\/6&#8243;][\/vc_column_inner][vc_column_inner width=&#8221;2\/3&#8243;][vc_empty_space][\/vc_column_inner][vc_column_inner width=&#8221;1\/6&#8243;][\/vc_column_inner][\/vc_row_inner][\/vc_column][\/vc_row][vc_row][vc_column][vc_tta_tabs color=&#8221;juicy-pink&#8221; alignment=&#8221;center&#8221; active_section=&#8221;1&#8243;][vc_tta_section title=&#8221;5 November&#8221; tab_id=&#8221;5nov&#8221;][vc_column_text css=&#8221;&#8221;] Time Activity Speaker 8:30 \u2013 9:00 Check in (CV Ilum) 09:00 &#8211; 09:15 Welcome by the Scientific Committee 09:15 &#8211; 10:00 Welcome by the LNLS&#8217; Director + SIRIUS Overview Harry Westfahl Jr. 10:00&hellip;<\/p>\n","protected":false},"author":1655,"featured_media":0,"parent":0,"menu_order":0,"comment_status":"closed","ping_status":"closed","template":"","meta":{"footnotes":""},"class_list":["post-4051","page","type-page","status-publish","hentry","description-off"],"_links":{"self":[{"href":"http:\/\/pages.cnpem.br\/rau\/wp-json\/wp\/v2\/pages\/4051","targetHints":{"allow":["GET"]}}],"collection":[{"href":"http:\/\/pages.cnpem.br\/rau\/wp-json\/wp\/v2\/pages"}],"about":[{"href":"http:\/\/pages.cnpem.br\/rau\/wp-json\/wp\/v2\/types\/page"}],"author":[{"embeddable":true,"href":"http:\/\/pages.cnpem.br\/rau\/wp-json\/wp\/v2\/users\/1655"}],"replies":[{"embeddable":true,"href":"http:\/\/pages.cnpem.br\/rau\/wp-json\/wp\/v2\/comments?post=4051"}],"version-history":[{"count":0,"href":"http:\/\/pages.cnpem.br\/rau\/wp-json\/wp\/v2\/pages\/4051\/revisions"}],"wp:attachment":[{"href":"http:\/\/pages.cnpem.br\/rau\/wp-json\/wp\/v2\/media?parent=4051"}],"curies":[{"name":"wp","href":"https:\/\/api.w.org\/{rel}","templated":true}]}}