{"id":128,"date":"2015-12-01T10:42:05","date_gmt":"2015-12-01T12:42:05","guid":{"rendered":"http:\/\/pages.cnpem.br\/tecnologia-etanol\/?page_id=128"},"modified":"2015-12-01T10:55:57","modified_gmt":"2015-12-01T12:55:57","slug":"apresentacoes-palestrantes","status":"publish","type":"page","link":"http:\/\/pages.cnpem.br\/tecnologia-etanol\/apresentacoes-palestrantes\/","title":{"rendered":"Apresenta\u00e7\u00f5es dos Palestrantes"},"content":{"rendered":"<p>Confira abaixo as apresenta\u00e7\u00f5es dos palestrantes do &#8220;1\u00ba Workshop sobre o Estado da Arte da Tecnologia de Produ\u00e7\u00e3o de Etanol: de olho na segunda gera\u00e7\u00e3o&#8221;:<\/p>\n<p>&nbsp;<\/p>\n<p><strong><a href=\"http:\/\/pages.cnpem.br\/tecnologia-etanol\/wp-content\/uploads\/sites\/66\/2015\/12\/aprigio-curvelo.pdf\" target=\"_blank\">&#8211; A integra\u00e7\u00e3o do pr\u00e9\u2010tratamento na biorrefinaria da cana\u2010de\u2010a\u00e7\u00facar<\/a><\/strong><br \/>\n<em>Ant\u00f4nio Aprigio (USP S\u00e3o Carlos)<\/em><\/p>\n<p><strong><a href=\"http:\/\/pages.cnpem.br\/tecnologia-etanol\/wp-content\/uploads\/sites\/66\/2015\/12\/bethania-lunelli.pdf\" target=\"_blank\">&#8211; Produ\u00e7\u00e3o de \u00e1cido l\u00e1tico como precursor de derivados qu\u00edmicos de alto valor agregado<\/a><\/strong><br \/>\n<em>Betania Hoss Lunelli (USP S\u00e3o Carlos) <\/em><\/p>\n<p><strong><a href=\"http:\/\/pages.cnpem.br\/tecnologia-etanol\/wp-content\/uploads\/sites\/66\/2015\/12\/mateus-chagas.pdf\" target=\"_blank\">&#8211; Biorrefinaria Virtual de Cana-de-a\u00e7\u00facar (BVC)<\/a><\/strong><br \/>\n<em>Mateus Ferreira Chagas (CTBE)<\/em><\/p>\n<p><strong><a href=\"http:\/\/pages.cnpem.br\/tecnologia-etanol\/wp-content\/uploads\/sites\/66\/2015\/12\/nei-pereira.pdf\" target=\"_blank\">&#8211; A Pr\u00e1tica do etanol 2G<\/a><\/strong><br \/>\n<em>Nei Pereira Jr. (UFRJ)<\/em><\/p>\n<p><strong><a href=\"http:\/\/pages.cnpem.br\/tecnologia-etanol\/wp-content\/uploads\/sites\/66\/2015\/12\/tassia-junqueira.pdf\" target=\"_blank\">&#8211; Previs\u00e3o da evolu\u00e7\u00e3o de custo do etanol 2G<\/a><\/strong><br \/>\n<em>T\u00e1ssia Junqueira (CTBE)<\/em><\/p>\n","protected":false},"excerpt":{"rendered":"<p>Confira abaixo as apresenta\u00e7\u00f5es dos palestrantes do &#8220;1\u00ba Workshop sobre o Estado da Arte da Tecnologia de Produ\u00e7\u00e3o de Etanol: de olho na segunda gera\u00e7\u00e3o&#8221;: &nbsp; &#8211; A integra\u00e7\u00e3o do pr\u00e9\u2010tratamento na biorrefinaria da cana\u2010de\u2010a\u00e7\u00facar Ant\u00f4nio Aprigio (USP S\u00e3o Carlos) &#8211; Produ\u00e7\u00e3o de \u00e1cido l\u00e1tico como precursor de derivados qu\u00edmicos de alto valor agregado Betania [&hellip;]<\/p>\n","protected":false},"author":9,"featured_media":0,"parent":0,"menu_order":0,"comment_status":"closed","ping_status":"closed","template":"","meta":{"ngg_post_thumbnail":0,"footnotes":""},"class_list":["post-128","page","type-page","status-publish","hentry"],"yoast_head":"<!-- This site is optimized with the Yoast SEO plugin v27.6 - https:\/\/yoast.com\/product\/yoast-seo-wordpress\/ -->\n<title>Apresenta\u00e7\u00f5es dos Palestrantes - Workshop - Tecnologia de Produ\u00e7\u00e3o de Etanol<\/title>\n<meta name=\"robots\" content=\"index, follow, max-snippet:-1, max-image-preview:large, max-video-preview:-1\" \/>\n<link rel=\"canonical\" href=\"http:\/\/pages.cnpem.br\/tecnologia-etanol\/apresentacoes-palestrantes\/\" \/>\n<meta property=\"og:locale\" content=\"pt_BR\" \/>\n<meta property=\"og:type\" content=\"article\" \/>\n<meta property=\"og:title\" content=\"Apresenta\u00e7\u00f5es dos Palestrantes - Workshop - Tecnologia de Produ\u00e7\u00e3o de Etanol\" \/>\n<meta property=\"og:description\" content=\"Confira abaixo as apresenta\u00e7\u00f5es dos palestrantes do &#8220;1\u00ba Workshop sobre o Estado da Arte da Tecnologia de Produ\u00e7\u00e3o de Etanol: de olho na segunda gera\u00e7\u00e3o&#8221;: &nbsp; &#8211; A integra\u00e7\u00e3o do pr\u00e9\u2010tratamento na biorrefinaria da cana\u2010de\u2010a\u00e7\u00facar Ant\u00f4nio Aprigio (USP S\u00e3o Carlos) &#8211; Produ\u00e7\u00e3o de \u00e1cido l\u00e1tico como precursor de derivados qu\u00edmicos de alto valor agregado Betania [&hellip;]\" \/>\n<meta property=\"og:url\" content=\"http:\/\/pages.cnpem.br\/tecnologia-etanol\/apresentacoes-palestrantes\/\" \/>\n<meta property=\"og:site_name\" content=\"Workshop - Tecnologia de Produ\u00e7\u00e3o de Etanol\" \/>\n<meta property=\"article:modified_time\" content=\"2015-12-01T12:55:57+00:00\" \/>\n<meta name=\"twitter:card\" content=\"summary_large_image\" \/>\n<meta name=\"twitter:label1\" content=\"Est. tempo de leitura\" \/>\n\t<meta name=\"twitter:data1\" content=\"1 minuto\" \/>\n<script type=\"application\/ld+json\" class=\"yoast-schema-graph\">{\"@context\":\"https:\\\/\\\/schema.org\",\"@graph\":[{\"@type\":\"WebPage\",\"@id\":\"http:\\\/\\\/pages.cnpem.br\\\/tecnologia-etanol\\\/apresentacoes-palestrantes\\\/\",\"url\":\"http:\\\/\\\/pages.cnpem.br\\\/tecnologia-etanol\\\/apresentacoes-palestrantes\\\/\",\"name\":\"Apresenta\u00e7\u00f5es dos Palestrantes - Workshop - Tecnologia de Produ\u00e7\u00e3o de Etanol\",\"isPartOf\":{\"@id\":\"https:\\\/\\\/pages.cnpem.br\\\/tecnologia-etanol\\\/#website\"},\"datePublished\":\"2015-12-01T12:42:05+00:00\",\"dateModified\":\"2015-12-01T12:55:57+00:00\",\"breadcrumb\":{\"@id\":\"http:\\\/\\\/pages.cnpem.br\\\/tecnologia-etanol\\\/apresentacoes-palestrantes\\\/#breadcrumb\"},\"inLanguage\":\"pt-BR\",\"potentialAction\":[{\"@type\":\"ReadAction\",\"target\":[\"http:\\\/\\\/pages.cnpem.br\\\/tecnologia-etanol\\\/apresentacoes-palestrantes\\\/\"]}]},{\"@type\":\"BreadcrumbList\",\"@id\":\"http:\\\/\\\/pages.cnpem.br\\\/tecnologia-etanol\\\/apresentacoes-palestrantes\\\/#breadcrumb\",\"itemListElement\":[{\"@type\":\"ListItem\",\"position\":1,\"name\":\"In\u00edcio\",\"item\":\"https:\\\/\\\/pages.cnpem.br\\\/tecnologia-etanol\\\/\"},{\"@type\":\"ListItem\",\"position\":2,\"name\":\"Apresenta\u00e7\u00f5es dos Palestrantes\"}]},{\"@type\":\"WebSite\",\"@id\":\"https:\\\/\\\/pages.cnpem.br\\\/tecnologia-etanol\\\/#website\",\"url\":\"https:\\\/\\\/pages.cnpem.br\\\/tecnologia-etanol\\\/\",\"name\":\"Workshop - Tecnologia de Produ\u00e7\u00e3o de Etanol\",\"description\":\"De olho na segunda gera\u00e7\u00e3o\",\"potentialAction\":[{\"@type\":\"SearchAction\",\"target\":{\"@type\":\"EntryPoint\",\"urlTemplate\":\"https:\\\/\\\/pages.cnpem.br\\\/tecnologia-etanol\\\/?s={search_term_string}\"},\"query-input\":{\"@type\":\"PropertyValueSpecification\",\"valueRequired\":true,\"valueName\":\"search_term_string\"}}],\"inLanguage\":\"pt-BR\"}]}<\/script>\n<!-- \/ Yoast SEO plugin. -->","yoast_head_json":{"title":"Apresenta\u00e7\u00f5es dos Palestrantes - Workshop - Tecnologia de Produ\u00e7\u00e3o de Etanol","robots":{"index":"index","follow":"follow","max-snippet":"max-snippet:-1","max-image-preview":"max-image-preview:large","max-video-preview":"max-video-preview:-1"},"canonical":"http:\/\/pages.cnpem.br\/tecnologia-etanol\/apresentacoes-palestrantes\/","og_locale":"pt_BR","og_type":"article","og_title":"Apresenta\u00e7\u00f5es dos Palestrantes - Workshop - Tecnologia de Produ\u00e7\u00e3o de Etanol","og_description":"Confira abaixo as apresenta\u00e7\u00f5es dos palestrantes do &#8220;1\u00ba Workshop sobre o Estado da Arte da Tecnologia de Produ\u00e7\u00e3o de Etanol: de olho na segunda gera\u00e7\u00e3o&#8221;: &nbsp; &#8211; A integra\u00e7\u00e3o do pr\u00e9\u2010tratamento na biorrefinaria da cana\u2010de\u2010a\u00e7\u00facar Ant\u00f4nio Aprigio (USP S\u00e3o Carlos) &#8211; Produ\u00e7\u00e3o de \u00e1cido l\u00e1tico como precursor de derivados qu\u00edmicos de alto valor agregado Betania [&hellip;]","og_url":"http:\/\/pages.cnpem.br\/tecnologia-etanol\/apresentacoes-palestrantes\/","og_site_name":"Workshop - Tecnologia de Produ\u00e7\u00e3o de Etanol","article_modified_time":"2015-12-01T12:55:57+00:00","twitter_card":"summary_large_image","twitter_misc":{"Est. tempo de leitura":"1 minuto"},"schema":{"@context":"https:\/\/schema.org","@graph":[{"@type":"WebPage","@id":"http:\/\/pages.cnpem.br\/tecnologia-etanol\/apresentacoes-palestrantes\/","url":"http:\/\/pages.cnpem.br\/tecnologia-etanol\/apresentacoes-palestrantes\/","name":"Apresenta\u00e7\u00f5es dos Palestrantes - Workshop - Tecnologia de Produ\u00e7\u00e3o de Etanol","isPartOf":{"@id":"https:\/\/pages.cnpem.br\/tecnologia-etanol\/#website"},"datePublished":"2015-12-01T12:42:05+00:00","dateModified":"2015-12-01T12:55:57+00:00","breadcrumb":{"@id":"http:\/\/pages.cnpem.br\/tecnologia-etanol\/apresentacoes-palestrantes\/#breadcrumb"},"inLanguage":"pt-BR","potentialAction":[{"@type":"ReadAction","target":["http:\/\/pages.cnpem.br\/tecnologia-etanol\/apresentacoes-palestrantes\/"]}]},{"@type":"BreadcrumbList","@id":"http:\/\/pages.cnpem.br\/tecnologia-etanol\/apresentacoes-palestrantes\/#breadcrumb","itemListElement":[{"@type":"ListItem","position":1,"name":"In\u00edcio","item":"https:\/\/pages.cnpem.br\/tecnologia-etanol\/"},{"@type":"ListItem","position":2,"name":"Apresenta\u00e7\u00f5es dos Palestrantes"}]},{"@type":"WebSite","@id":"https:\/\/pages.cnpem.br\/tecnologia-etanol\/#website","url":"https:\/\/pages.cnpem.br\/tecnologia-etanol\/","name":"Workshop - Tecnologia de Produ\u00e7\u00e3o de Etanol","description":"De olho na segunda gera\u00e7\u00e3o","potentialAction":[{"@type":"SearchAction","target":{"@type":"EntryPoint","urlTemplate":"https:\/\/pages.cnpem.br\/tecnologia-etanol\/?s={search_term_string}"},"query-input":{"@type":"PropertyValueSpecification","valueRequired":true,"valueName":"search_term_string"}}],"inLanguage":"pt-BR"}]}},"_links":{"self":[{"href":"http:\/\/pages.cnpem.br\/tecnologia-etanol\/wp-json\/wp\/v2\/pages\/128","targetHints":{"allow":["GET"]}}],"collection":[{"href":"http:\/\/pages.cnpem.br\/tecnologia-etanol\/wp-json\/wp\/v2\/pages"}],"about":[{"href":"http:\/\/pages.cnpem.br\/tecnologia-etanol\/wp-json\/wp\/v2\/types\/page"}],"author":[{"embeddable":true,"href":"http:\/\/pages.cnpem.br\/tecnologia-etanol\/wp-json\/wp\/v2\/users\/9"}],"replies":[{"embeddable":true,"href":"http:\/\/pages.cnpem.br\/tecnologia-etanol\/wp-json\/wp\/v2\/comments?post=128"}],"version-history":[{"count":0,"href":"http:\/\/pages.cnpem.br\/tecnologia-etanol\/wp-json\/wp\/v2\/pages\/128\/revisions"}],"wp:attachment":[{"href":"http:\/\/pages.cnpem.br\/tecnologia-etanol\/wp-json\/wp\/v2\/media?parent=128"}],"curies":[{"name":"wp","href":"https:\/\/api.w.org\/{rel}","templated":true}]}}