{"id":2,"date":"2015-10-22T14:17:52","date_gmt":"2015-10-22T14:17:52","guid":{"rendered":"http:\/\/pages.cnpem.br\/tecnologia-etanol\/?page_id=2"},"modified":"2015-11-11T08:59:51","modified_gmt":"2015-11-11T10:59:51","slug":"pagina-exemplo","status":"publish","type":"page","link":"http:\/\/pages.cnpem.br\/tecnologia-etanol\/","title":{"rendered":"Apresenta\u00e7\u00e3o"},"content":{"rendered":"<p>O crescente interesse pelo etanol combust\u00edvel tem impulsionado o desenvolvimento de novas tecnologias, destacando\u2013se as dedicadas ao etanol de segunda gera\u00e7\u00e3o (E2G), cujo impacto na produtividade em etanol pode significar um aumento de at\u00e9 50% em rela\u00e7\u00e3o ao n\u00edvel atual.<\/p>\n<p>O Brasil, por conta dos projetos fomentados pelo Plano Conjunto BNDES-Finep de Apoio \u00e0 Inova\u00e7\u00e3o Tecnol\u00f3gica Industrial dos Setores Sucroenerg\u00e9tico e Sucroqu\u00edmico (PAISS), tem atualmente uma capacidade instalada de produ\u00e7\u00e3o de E2G de cerca de 140 milh\u00f5es de litros por ano. Contudo, tal volume ainda pode ser considerado pequeno quando comparado \u00e0 demanda interna de combust\u00edveis, suprida atualmente com volumes relevantes de gasolina importada. Al\u00e9m disso, as ind\u00fastrias de E2G em opera\u00e7\u00e3o no Pa\u00eds\u00a0enfrentam\u00a0problemas t\u00e9cnicos significativos para colocar as f\u00e1bricas em m\u00e1xima produ\u00e7\u00e3o.<\/p>\n<p>O &#8220;1\u00ba Workshop sobre o Estado da Arte da Tecnologia de Produ\u00e7\u00e3o de Etanol: de olho na segunda gera\u00e7\u00e3o&#8221;\u00a0vai apresentar avan\u00e7os tecnol\u00f3gicos obtidos nas\u00a0pesquisas desenvolvidas no Laborat\u00f3rio Nacional de Ci\u00eancia e Tecnologia do Bioetanol (CTBE) aos setores industriais e de P&amp;D na \u00e1rea, visando a implementa\u00e7\u00e3o e o aprimoramento de plantas industriais de E2G novas ou existentes. Debates com empresas e especialistas do setor v\u00e3o enumerar pontos de melhoria de efici\u00eancia e redu\u00e7\u00e3o de custos de produ\u00e7\u00e3o do E2G, a fim de elucidar potenciais novas linhas de pesquisa do CTBE para suprir as demandas apontadas. Espera-se que tais medidas ajudem a alterar o atual paradigma tecno-econ\u00f4mico da ind\u00fastria de cana-de-a\u00e7\u00facar, resgatando sua competitividade.<\/p>\n<p>&nbsp;<\/p>\n<h2>Uma Iniciativa<\/h2>\n<hr \/>\n<h3><a href=\"http:\/\/ctbe.cnpem.br\" target=\"_blank\"><img loading=\"lazy\" decoding=\"async\" class=\"alignleft wp-image-39\" src=\"http:\/\/pages.cnpem.br\/quimicaverde\/wp-content\/uploads\/sites\/59\/2015\/07\/logo-ctbe-300x225.png\" alt=\"logo-ctbe\" width=\"175\" height=\"140\" \/><\/a><\/h3>\n<p><a href=\"http:\/\/cnpem.br\" target=\"_blank\"><img loading=\"lazy\" decoding=\"async\" class=\"alignleft wp-image-41\" src=\"http:\/\/pages.cnpem.br\/quimicaverde\/wp-content\/uploads\/sites\/59\/2015\/08\/logo-cnpem-300x225.png\" alt=\"logo-cnpem\" width=\"175\" height=\"140\" \/><\/a><a href=\"http:\/\/mcti.gov.br\" target=\"_blank\"><img loading=\"lazy\" decoding=\"async\" class=\"alignleft wp-image-38\" src=\"http:\/\/pages.cnpem.br\/quimicaverde\/wp-content\/uploads\/sites\/59\/2015\/07\/logo-mcti-300x225.png\" alt=\"logo-mcti\" width=\"180\" height=\"150\" \/><\/a><\/p>\n<p>&nbsp;<\/p>\n<p>&nbsp;<\/p>\n<p>&nbsp;<\/p>\n<p>&nbsp;<\/p>\n<h2>Patroc\u00ednio<\/h2>\n<hr \/>\n<p>&nbsp;<\/p>\n<p><a href=\"http:\/\/www.sotelab.com.br\" target=\"_blank\"><img loading=\"lazy\" decoding=\"async\" class=\"alignleft wp-image-81\" src=\"http:\/\/pages.cnpem.br\/tecnologia-etanol\/wp-content\/uploads\/sites\/66\/2015\/11\/logo-infors-ht-sotelab-300x300.jpg\" alt=\"logo-infors-ht-sotelab\" width=\"200\" height=\"200\" srcset=\"http:\/\/pages.cnpem.br\/tecnologia-etanol\/wp-content\/uploads\/sites\/66\/2015\/11\/logo-infors-ht-sotelab-300x300.jpg 300w, http:\/\/pages.cnpem.br\/tecnologia-etanol\/wp-content\/uploads\/sites\/66\/2015\/11\/logo-infors-ht-sotelab-150x150.jpg 150w, http:\/\/pages.cnpem.br\/tecnologia-etanol\/wp-content\/uploads\/sites\/66\/2015\/11\/logo-infors-ht-sotelab.jpg 1000w\" sizes=\"auto, (max-width: 200px) 100vw, 200px\" \/><\/a><\/p>\n<p>&nbsp;<\/p>\n<p><a href=\"http:\/\/www.ambriex.com.br\" target=\"_blank\"><img loading=\"lazy\" decoding=\"async\" class=\"alignleft wp-image-84\" src=\"http:\/\/pages.cnpem.br\/tecnologia-etanol\/wp-content\/uploads\/sites\/66\/2015\/11\/logo-ambriex-300x125.png\" alt=\"logo-ambriex\" width=\"271\" height=\"113\" srcset=\"http:\/\/pages.cnpem.br\/tecnologia-etanol\/wp-content\/uploads\/sites\/66\/2015\/11\/logo-ambriex-300x125.png 300w, http:\/\/pages.cnpem.br\/tecnologia-etanol\/wp-content\/uploads\/sites\/66\/2015\/11\/logo-ambriex.png 337w\" sizes=\"auto, (max-width: 271px) 100vw, 271px\" \/><\/a><\/p>\n","protected":false},"excerpt":{"rendered":"<p>O crescente interesse pelo etanol combust\u00edvel tem impulsionado o desenvolvimento de novas tecnologias, destacando\u2013se as dedicadas ao etanol de segunda gera\u00e7\u00e3o (E2G), cujo impacto na produtividade em etanol pode significar um aumento de at\u00e9 50% em rela\u00e7\u00e3o ao n\u00edvel atual. O Brasil, por conta dos projetos fomentados pelo Plano Conjunto BNDES-Finep de Apoio \u00e0 Inova\u00e7\u00e3o [&hellip;]<\/p>\n","protected":false},"author":9,"featured_media":0,"parent":0,"menu_order":0,"comment_status":"closed","ping_status":"open","template":"","meta":{"ngg_post_thumbnail":0,"footnotes":""},"class_list":["post-2","page","type-page","status-publish","hentry"],"yoast_head":"<!-- This site is optimized with the Yoast SEO plugin v27.5 - https:\/\/yoast.com\/product\/yoast-seo-wordpress\/ -->\n<title>Apresenta\u00e7\u00e3o - Workshop - Tecnologia de Produ\u00e7\u00e3o de Etanol<\/title>\n<meta name=\"robots\" content=\"index, follow, max-snippet:-1, max-image-preview:large, max-video-preview:-1\" \/>\n<link rel=\"canonical\" href=\"https:\/\/pages.cnpem.br\/tecnologia-etanol\/\" \/>\n<meta property=\"og:locale\" content=\"pt_BR\" \/>\n<meta property=\"og:type\" content=\"article\" \/>\n<meta property=\"og:title\" content=\"Apresenta\u00e7\u00e3o - Workshop - Tecnologia de Produ\u00e7\u00e3o de Etanol\" \/>\n<meta property=\"og:description\" content=\"O crescente interesse pelo etanol combust\u00edvel tem impulsionado o desenvolvimento de novas tecnologias, destacando\u2013se as dedicadas ao etanol de segunda gera\u00e7\u00e3o (E2G), cujo impacto na produtividade em etanol pode significar um aumento de at\u00e9 50% em rela\u00e7\u00e3o ao n\u00edvel atual. O Brasil, por conta dos projetos fomentados pelo Plano Conjunto BNDES-Finep de Apoio \u00e0 Inova\u00e7\u00e3o [&hellip;]\" \/>\n<meta property=\"og:url\" content=\"https:\/\/pages.cnpem.br\/tecnologia-etanol\/\" \/>\n<meta property=\"og:site_name\" content=\"Workshop - Tecnologia de Produ\u00e7\u00e3o de Etanol\" \/>\n<meta property=\"article:modified_time\" content=\"2015-11-11T10:59:51+00:00\" \/>\n<meta property=\"og:image\" content=\"http:\/\/pages.cnpem.br\/quimicaverde\/wp-content\/uploads\/sites\/59\/2015\/07\/logo-ctbe-300x225.png\" \/>\n<meta name=\"twitter:card\" content=\"summary_large_image\" \/>\n<meta name=\"twitter:label1\" content=\"Est. tempo de leitura\" \/>\n\t<meta name=\"twitter:data1\" content=\"1 minuto\" \/>\n<script type=\"application\/ld+json\" class=\"yoast-schema-graph\">{\"@context\":\"https:\\\/\\\/schema.org\",\"@graph\":[{\"@type\":\"WebPage\",\"@id\":\"https:\\\/\\\/pages.cnpem.br\\\/tecnologia-etanol\\\/\",\"url\":\"https:\\\/\\\/pages.cnpem.br\\\/tecnologia-etanol\\\/\",\"name\":\"Apresenta\u00e7\u00e3o - Workshop - Tecnologia de Produ\u00e7\u00e3o de Etanol\",\"isPartOf\":{\"@id\":\"https:\\\/\\\/pages.cnpem.br\\\/tecnologia-etanol\\\/#website\"},\"primaryImageOfPage\":{\"@id\":\"https:\\\/\\\/pages.cnpem.br\\\/tecnologia-etanol\\\/#primaryimage\"},\"image\":{\"@id\":\"https:\\\/\\\/pages.cnpem.br\\\/tecnologia-etanol\\\/#primaryimage\"},\"thumbnailUrl\":\"http:\\\/\\\/pages.cnpem.br\\\/quimicaverde\\\/wp-content\\\/uploads\\\/sites\\\/59\\\/2015\\\/07\\\/logo-ctbe-300x225.png\",\"datePublished\":\"2015-10-22T14:17:52+00:00\",\"dateModified\":\"2015-11-11T10:59:51+00:00\",\"breadcrumb\":{\"@id\":\"https:\\\/\\\/pages.cnpem.br\\\/tecnologia-etanol\\\/#breadcrumb\"},\"inLanguage\":\"pt-BR\",\"potentialAction\":[{\"@type\":\"ReadAction\",\"target\":[\"https:\\\/\\\/pages.cnpem.br\\\/tecnologia-etanol\\\/\"]}]},{\"@type\":\"ImageObject\",\"inLanguage\":\"pt-BR\",\"@id\":\"https:\\\/\\\/pages.cnpem.br\\\/tecnologia-etanol\\\/#primaryimage\",\"url\":\"http:\\\/\\\/pages.cnpem.br\\\/quimicaverde\\\/wp-content\\\/uploads\\\/sites\\\/59\\\/2015\\\/07\\\/logo-ctbe-300x225.png\",\"contentUrl\":\"http:\\\/\\\/pages.cnpem.br\\\/quimicaverde\\\/wp-content\\\/uploads\\\/sites\\\/59\\\/2015\\\/07\\\/logo-ctbe-300x225.png\"},{\"@type\":\"BreadcrumbList\",\"@id\":\"https:\\\/\\\/pages.cnpem.br\\\/tecnologia-etanol\\\/#breadcrumb\",\"itemListElement\":[{\"@type\":\"ListItem\",\"position\":1,\"name\":\"In\u00edcio\",\"item\":\"https:\\\/\\\/pages.cnpem.br\\\/tecnologia-etanol\\\/\"},{\"@type\":\"ListItem\",\"position\":2,\"name\":\"Apresenta\u00e7\u00e3o\"}]},{\"@type\":\"WebSite\",\"@id\":\"https:\\\/\\\/pages.cnpem.br\\\/tecnologia-etanol\\\/#website\",\"url\":\"https:\\\/\\\/pages.cnpem.br\\\/tecnologia-etanol\\\/\",\"name\":\"Workshop - Tecnologia de Produ\u00e7\u00e3o de Etanol\",\"description\":\"De olho na segunda gera\u00e7\u00e3o\",\"potentialAction\":[{\"@type\":\"SearchAction\",\"target\":{\"@type\":\"EntryPoint\",\"urlTemplate\":\"https:\\\/\\\/pages.cnpem.br\\\/tecnologia-etanol\\\/?s={search_term_string}\"},\"query-input\":{\"@type\":\"PropertyValueSpecification\",\"valueRequired\":true,\"valueName\":\"search_term_string\"}}],\"inLanguage\":\"pt-BR\"}]}<\/script>\n<!-- \/ Yoast SEO plugin. -->","yoast_head_json":{"title":"Apresenta\u00e7\u00e3o - Workshop - Tecnologia de Produ\u00e7\u00e3o de Etanol","robots":{"index":"index","follow":"follow","max-snippet":"max-snippet:-1","max-image-preview":"max-image-preview:large","max-video-preview":"max-video-preview:-1"},"canonical":"https:\/\/pages.cnpem.br\/tecnologia-etanol\/","og_locale":"pt_BR","og_type":"article","og_title":"Apresenta\u00e7\u00e3o - Workshop - Tecnologia de Produ\u00e7\u00e3o de Etanol","og_description":"O crescente interesse pelo etanol combust\u00edvel tem impulsionado o desenvolvimento de novas tecnologias, destacando\u2013se as dedicadas ao etanol de segunda gera\u00e7\u00e3o (E2G), cujo impacto na produtividade em etanol pode significar um aumento de at\u00e9 50% em rela\u00e7\u00e3o ao n\u00edvel atual. O Brasil, por conta dos projetos fomentados pelo Plano Conjunto BNDES-Finep de Apoio \u00e0 Inova\u00e7\u00e3o [&hellip;]","og_url":"https:\/\/pages.cnpem.br\/tecnologia-etanol\/","og_site_name":"Workshop - Tecnologia de Produ\u00e7\u00e3o de Etanol","article_modified_time":"2015-11-11T10:59:51+00:00","og_image":[{"url":"http:\/\/pages.cnpem.br\/quimicaverde\/wp-content\/uploads\/sites\/59\/2015\/07\/logo-ctbe-300x225.png","type":"","width":"","height":""}],"twitter_card":"summary_large_image","twitter_misc":{"Est. tempo de leitura":"1 minuto"},"schema":{"@context":"https:\/\/schema.org","@graph":[{"@type":"WebPage","@id":"https:\/\/pages.cnpem.br\/tecnologia-etanol\/","url":"https:\/\/pages.cnpem.br\/tecnologia-etanol\/","name":"Apresenta\u00e7\u00e3o - Workshop - Tecnologia de Produ\u00e7\u00e3o de Etanol","isPartOf":{"@id":"https:\/\/pages.cnpem.br\/tecnologia-etanol\/#website"},"primaryImageOfPage":{"@id":"https:\/\/pages.cnpem.br\/tecnologia-etanol\/#primaryimage"},"image":{"@id":"https:\/\/pages.cnpem.br\/tecnologia-etanol\/#primaryimage"},"thumbnailUrl":"http:\/\/pages.cnpem.br\/quimicaverde\/wp-content\/uploads\/sites\/59\/2015\/07\/logo-ctbe-300x225.png","datePublished":"2015-10-22T14:17:52+00:00","dateModified":"2015-11-11T10:59:51+00:00","breadcrumb":{"@id":"https:\/\/pages.cnpem.br\/tecnologia-etanol\/#breadcrumb"},"inLanguage":"pt-BR","potentialAction":[{"@type":"ReadAction","target":["https:\/\/pages.cnpem.br\/tecnologia-etanol\/"]}]},{"@type":"ImageObject","inLanguage":"pt-BR","@id":"https:\/\/pages.cnpem.br\/tecnologia-etanol\/#primaryimage","url":"http:\/\/pages.cnpem.br\/quimicaverde\/wp-content\/uploads\/sites\/59\/2015\/07\/logo-ctbe-300x225.png","contentUrl":"http:\/\/pages.cnpem.br\/quimicaverde\/wp-content\/uploads\/sites\/59\/2015\/07\/logo-ctbe-300x225.png"},{"@type":"BreadcrumbList","@id":"https:\/\/pages.cnpem.br\/tecnologia-etanol\/#breadcrumb","itemListElement":[{"@type":"ListItem","position":1,"name":"In\u00edcio","item":"https:\/\/pages.cnpem.br\/tecnologia-etanol\/"},{"@type":"ListItem","position":2,"name":"Apresenta\u00e7\u00e3o"}]},{"@type":"WebSite","@id":"https:\/\/pages.cnpem.br\/tecnologia-etanol\/#website","url":"https:\/\/pages.cnpem.br\/tecnologia-etanol\/","name":"Workshop - Tecnologia de Produ\u00e7\u00e3o de Etanol","description":"De olho na segunda gera\u00e7\u00e3o","potentialAction":[{"@type":"SearchAction","target":{"@type":"EntryPoint","urlTemplate":"https:\/\/pages.cnpem.br\/tecnologia-etanol\/?s={search_term_string}"},"query-input":{"@type":"PropertyValueSpecification","valueRequired":true,"valueName":"search_term_string"}}],"inLanguage":"pt-BR"}]}},"_links":{"self":[{"href":"http:\/\/pages.cnpem.br\/tecnologia-etanol\/wp-json\/wp\/v2\/pages\/2","targetHints":{"allow":["GET"]}}],"collection":[{"href":"http:\/\/pages.cnpem.br\/tecnologia-etanol\/wp-json\/wp\/v2\/pages"}],"about":[{"href":"http:\/\/pages.cnpem.br\/tecnologia-etanol\/wp-json\/wp\/v2\/types\/page"}],"author":[{"embeddable":true,"href":"http:\/\/pages.cnpem.br\/tecnologia-etanol\/wp-json\/wp\/v2\/users\/9"}],"replies":[{"embeddable":true,"href":"http:\/\/pages.cnpem.br\/tecnologia-etanol\/wp-json\/wp\/v2\/comments?post=2"}],"version-history":[{"count":0,"href":"http:\/\/pages.cnpem.br\/tecnologia-etanol\/wp-json\/wp\/v2\/pages\/2\/revisions"}],"wp:attachment":[{"href":"http:\/\/pages.cnpem.br\/tecnologia-etanol\/wp-json\/wp\/v2\/media?parent=2"}],"curies":[{"name":"wp","href":"https:\/\/api.w.org\/{rel}","templated":true}]}}