{"id":6,"date":"2015-10-22T17:33:19","date_gmt":"2015-10-22T19:33:19","guid":{"rendered":"http:\/\/pages.cnpem.br\/tecnologia-etanol\/?page_id=6"},"modified":"2015-11-03T12:39:46","modified_gmt":"2015-11-03T14:39:46","slug":"programacao","status":"publish","type":"page","link":"http:\/\/pages.cnpem.br\/tecnologia-etanol\/programacao\/","title":{"rendered":"Programa\u00e7\u00e3o"},"content":{"rendered":"<p style=\"text-align: left;\">Conhe\u00e7a abaixo a programa\u00e7\u00e3o do &#8220;1\u00ba Workshop sobre o Estado da Arte da Tecnologia de Produ\u00e7\u00e3o de Etanol: de olho na segunda gera\u00e7\u00e3o&#8221;, que ser\u00e1 realizado nos dias 17 e 18 de novembro de 2015, no CTBE\/CNPEM, em Campinas-SP.<\/p>\n<p>&nbsp;<br \/>\n<a href=\"http:\/\/pages.cnpem.br\/tecnologia-etanol\/inscricoes\/\"><button type=\"button\">Inscreva-se!<\/button><\/a><br \/>\n&nbsp;<\/p>\n<h2><strong>Dia 17 de Novembro &#8211; Ter\u00e7a-feira<\/strong><\/h2>\n<table>\n<tbody>\n<tr>\n<td style=\"text-align: center;\"><strong>09h00 \u00a0 \u00a0 \u00a0. \u00a0 \u00a0 \u00a0 \u00a0.<\/strong><\/td>\n<td><strong>Abertura<\/strong><br \/>\n&#8211; Carlos Pacheco, Diretor-geral do CNPEM<br \/>\n&#8211;\u00a0Paulo Mazzafera, Diretor do CTBE<\/td>\n<\/tr>\n<tr>\n<td style=\"text-align: center;\"><strong>09h45<\/strong><\/td>\n<td><strong>Plen\u00e1ria I | Mat\u00e9ria-prima<\/strong><br \/>\n&#8211; Henrique Junqueira, CTBE<\/td>\n<\/tr>\n<tr>\n<td style=\"text-align: center;\">10h45<\/td>\n<td><em>Coffee break<\/em><\/td>\n<\/tr>\n<tr>\n<td style=\"text-align: center;\"><strong>11h00<\/strong><\/td>\n<td><strong>Plen\u00e1ria II | Etanol de 1a\u00a0gera\u00e7\u00e3o<\/strong><br \/>\n&#8211; Jos\u00e9 Luiz Oliv\u00e9rio<\/td>\n<\/tr>\n<tr>\n<td style=\"text-align: center;\"><strong>12h00<\/strong><\/td>\n<td><strong>Plen\u00e1ria III | Etanol de 2a\u00a0gera\u00e7\u00e3o<\/strong><br \/>\n&#8211; Carlos Eduardo Vaz Rossell, Coordenador PROC\/CTBE<\/td>\n<\/tr>\n<tr>\n<td style=\"text-align: center;\">13h00<\/td>\n<td><em>Almo\u00e7o<\/em><\/td>\n<\/tr>\n<tr>\n<td style=\"text-align: center;\"><\/td>\n<td><strong>Sess\u00e3o I |\u00a0Caracteriza\u00e7\u00e3o e pr\u00e9-tratamento de biomassa lignocelul\u00f3sica<\/strong><\/td>\n<\/tr>\n<tr>\n<td style=\"text-align: center;\"><strong>14h00<\/strong><\/td>\n<td><strong>Sess\u00e3o I &#8211; Tema I |\u00a0Nanoestrutura de lignocelul\u00f3sicos<\/strong><br \/>\n&#8211; Carlos Driemeier, CTBE<\/td>\n<\/tr>\n<tr>\n<td style=\"text-align: center;\"><strong>14h25<\/strong><\/td>\n<td><strong>Sess\u00e3o I &#8211; Tema II | Deslignifica\u00e7\u00e3o organossolve combinada com processo f\u00edsico-mec\u00e2nico<\/strong><br \/>\n&#8211; Maria Teresa B. Pimenta, CTBE<\/td>\n<\/tr>\n<tr>\n<td style=\"text-align: center;\"><strong>14h50<\/strong><\/td>\n<td><strong>Sess\u00e3o I &#8211; Tema II |\u00a0Maximiza\u00e7\u00e3o da recupera\u00e7\u00e3o de xilose no pr\u00e9-tratamento<\/strong><br \/>\n&#8211; Sarita C. Rabelo, CTBE<\/td>\n<\/tr>\n<tr>\n<td style=\"text-align: center;\"><strong>15h15\u00a0<\/strong><\/td>\n<td><strong>Sess\u00e3o I &#8211; Tema IV | Integra\u00e7\u00e3o do pr\u00e9\u2010tratamento na biorrefinaria da cana\u2010de-a\u00e7\u00facar<\/strong><br \/>\n&#8211; Ant\u00f4nio Aprigio Curvello, USP\/S\u00e3o Carlos<\/td>\n<\/tr>\n<tr>\n<td style=\"text-align: center;\">15h40<\/td>\n<td><em>Coffee break<\/em><\/td>\n<\/tr>\n<tr>\n<td style=\"text-align: center;\"><\/td>\n<td>\u00a0<strong>Sess\u00e3o II | Hidr\u00f3lise Enzim\u00e1tica<\/strong><\/td>\n<\/tr>\n<tr>\n<td style=\"text-align: center;\"><strong>16h00<\/strong><\/td>\n<td><strong>Sess\u00e3o II &#8211; Tema I |\u00a0Uso de reatores horizontais na hidr\u00f3lise enzim\u00e1tica<\/strong><br \/>\n&#8211; Chanel de Carli, CTBE<\/td>\n<\/tr>\n<tr>\n<td style=\"text-align: center;\"><strong>16h25\u00a0<\/strong><\/td>\n<td><strong>Sess\u00e3o II &#8211; Tema II |\u00a0Hidr\u00f3lise enzim\u00e1tica com altas concentra\u00e7\u00f5es de s\u00f3lidos<\/strong><br \/>\n&#8211; Aline Carvalho da Costa, Unicamp<\/td>\n<\/tr>\n<tr>\n<td style=\"text-align: center;\"><strong>16h50<\/strong><\/td>\n<td><strong>Encerramento<\/strong><\/td>\n<\/tr>\n<\/tbody>\n<\/table>\n<p>&nbsp;<\/p>\n<h2><strong>Dia 18 de Novembro &#8211; Quarta-feira<\/strong><\/h2>\n<table>\n<tbody>\n<tr>\n<td><\/td>\n<td><strong>Sess\u00e3o III \u2013 Produ\u00e7\u00e3o de Enzimas<\/strong><\/td>\n<\/tr>\n<tr>\n<td><strong>08h45 \u00a0 \u00a0 \u00a0 \u00a0. \u00a0 \u00a0 \u00a0 \u00a0 \u00a0 \u00a0 \u00a0 \u00a0 \u00a0 \u00a0 .<\/strong><\/td>\n<td><strong>Sess\u00e3o III &#8211; Tema \u00a0I &#8211; <strong>Prospec\u00e7\u00e3o de microrganismos do bioma Amaz\u00f4nico para produ\u00e7\u00e3o de enzimas<\/strong><\/strong><br \/>\n&#8211; Alberdan Silva Santos, UFPA<\/td>\n<\/tr>\n<tr>\n<td><strong>o9h10<\/strong><\/td>\n<td><strong>Sess\u00e3o III &#8211; Tema II &#8211; Desenvolvimento de estrat\u00e9gias omicas para descoberta de enzimas<\/strong><br \/>\n&#8211; F\u00e1bio Squina, CTBE<\/td>\n<\/tr>\n<tr>\n<td><strong>09h25<\/strong><\/td>\n<td><strong>Sess\u00e3o III &#8211; Tema \u00a0III &#8211; Prospec\u00e7\u00e3o de microrganismos e o desenvolvimento de enzimas na convers\u00e3o eficiente de biomassas vegetais<\/strong><br \/>\n&#8211; Roberto Ruller (CTBE)<\/td>\n<\/tr>\n<tr>\n<td><strong>09h40<\/strong><\/td>\n<td><strong>Sess\u00e3o III &#8211; Tema IV &#8211; Produ\u00e7\u00e3o de coquet\u00e9is enzim\u00e1ticos<\/strong><br \/>\n&#8211; Priscila Delabona, CTBE<\/td>\n<\/tr>\n<tr>\n<td><strong>10h00<\/strong><\/td>\n<td><strong>Sess\u00e3o III &#8211; Tema V- Novas estrat\u00e9gias para despolimeriza\u00e7\u00e3o da parede celular vegetal: estrutura, fun\u00e7\u00e3o e redesenho molecular de hidrolases glicos\u00eddicas<br \/>\n<\/strong>&#8211; M\u00e1rio Murakami (LNBio)<\/td>\n<\/tr>\n<tr>\n<td>10h25<\/td>\n<td><em>Coffee Break<\/em><\/td>\n<\/tr>\n<tr>\n<td><strong>\u00a0<\/strong><\/td>\n<td><strong>Sess\u00e3o IV &#8211; Fermenta\u00e7\u00e3o de C5<\/strong><\/td>\n<\/tr>\n<tr>\n<td><strong>10h40<\/strong><\/td>\n<td><strong>Sess\u00e3o IV &#8211; Tema I &#8211; Fermenta\u00e7\u00e3o de licor hemicelul\u00f3sico utilizando Scheffersomyces stipitis<\/strong><br \/>\n&#8211; Jaciane Lutz Ienczak, CTBE<\/td>\n<\/tr>\n<tr>\n<td><strong>11h05<\/strong><\/td>\n<td><strong>Sess\u00e3o IV &#8211; Tema II &#8211; Fermenta\u00e7\u00e3o de C5: Avan\u00e7os, Desafios e Novas Oportunidades<\/strong><\/p>\n<p>&#8211; Maria das Gra\u00e7as A. Felipe, USP- Lorena<\/td>\n<\/tr>\n<tr>\n<td><\/td>\n<td><strong>Sess\u00e3o V &#8211; Avalia\u00e7\u00e3o t\u00e9cnica, econ\u00f4mica e ambiental de biorrefinarias<\/strong><\/td>\n<\/tr>\n<tr>\n<td><strong>11h30\u00a0<\/strong><\/td>\n<td><strong>Sess\u00e3o V &#8211; Tema II &#8211; Previs\u00e3o da evolu\u00e7\u00e3o de custo do Etanol 2G<br \/>\n<\/strong>&#8211; Tassia Junqueira, CTBE<\/td>\n<\/tr>\n<tr>\n<td><strong>11h55<\/strong><\/td>\n<td><strong>Sess\u00e3o V &#8211; Tema II &#8211; Produ\u00e7\u00e3o de biobutanol em biorrefinarias de cana-de-a\u00e7\u00facar no Brasil<br \/>\n<\/strong>&#8211; Marina Dias, Unifesp<\/td>\n<\/tr>\n<tr>\n<td><strong>12h20<\/strong><\/td>\n<td><strong>Sess\u00e3o V &#8211; Tema III &#8211; Estudo de caso: vinha\u00e7a biodigerida<br \/>\n<\/strong>&#8211; Ot\u00e1vio Cavallet, CTBE<\/td>\n<\/tr>\n<tr>\n<td>12h45<strong>\u00a0<\/strong><\/td>\n<td><em>Almo\u00e7o<\/em><\/td>\n<\/tr>\n<tr>\n<td><\/td>\n<td><strong>Sess\u00e3o VI &#8211; Qu\u00edmica Verde<\/strong><\/td>\n<\/tr>\n<tr>\n<td><strong>14h00<\/strong><\/td>\n<td><strong>Sess\u00e3o VI &#8211; Tema I &#8211; Lip\u00eddios para biocombust\u00edvel<br \/>\n<\/strong>&#8211; Jos\u00e9 Geraldo C. Pradella, CTBE<\/td>\n<\/tr>\n<tr>\n<td>\u00a0<strong>14h25<\/strong><\/td>\n<td><strong>Sess\u00e3o VI &#8211; Tema II &#8211; Produ\u00e7\u00e3o de \u00e1cido l\u00e1tico como precursor de derivados qu\u00edmicos de alto valor agregado.<br \/>\n<\/strong>&#8211; Bet\u00e2nia Hoss Lunelli, USP -S\u00e3o Carlos<\/td>\n<\/tr>\n<tr>\n<td><\/td>\n<td><strong>Sess\u00e3o VII \u2013 Fisiologia de Plantas<\/strong><\/td>\n<\/tr>\n<tr>\n<td><strong>14h50<\/strong><\/td>\n<td><strong>Sess\u00e3o VII &#8211; Tema I &#8211; <em>(a definir)<\/em><\/strong><\/td>\n<\/tr>\n<tr>\n<td>15h15<\/td>\n<td><em>Coffee Break<\/em><\/td>\n<\/tr>\n<tr>\n<td><\/td>\n<td><strong>Sess\u00e3o VIII &#8211; Fermenta\u00e7\u00e3o C6<\/strong><\/td>\n<\/tr>\n<tr>\n<td><strong>15h30<\/strong><\/td>\n<td><strong>Sess\u00e3o VIII &#8211; Tema 1- Fermenta\u00e7\u00e3o osm\u00f3tica<br \/>\n<\/strong>&#8211; Jonas Nolasco, CTBE<\/td>\n<\/tr>\n<tr>\n<td><strong>15h55<\/strong><\/td>\n<td><strong>Sess\u00e3o VIII &#8211; Tema II &#8211; A pr\u00e1tica do etanol 2G<br \/>\n<\/strong>&#8211; Nei Pereira Jr., UFRJ<\/td>\n<\/tr>\n<tr>\n<td><strong>\u00a016h20<\/strong><\/td>\n<td><strong>Encerramento\u00a0<\/strong><\/td>\n<\/tr>\n<\/tbody>\n<\/table>\n","protected":false},"excerpt":{"rendered":"<p>Conhe\u00e7a abaixo a programa\u00e7\u00e3o do &#8220;1\u00ba Workshop sobre o Estado da Arte da Tecnologia de Produ\u00e7\u00e3o de Etanol: de olho na segunda gera\u00e7\u00e3o&#8221;, que ser\u00e1 realizado nos dias 17 e 18 de novembro de 2015, no CTBE\/CNPEM, em Campinas-SP. &nbsp; Inscreva-se! &nbsp; Dia 17 de Novembro &#8211; Ter\u00e7a-feira 09h00 \u00a0 \u00a0 \u00a0. \u00a0 \u00a0 \u00a0 [&hellip;]<\/p>\n","protected":false},"author":9,"featured_media":0,"parent":0,"menu_order":0,"comment_status":"closed","ping_status":"closed","template":"","meta":{"ngg_post_thumbnail":0,"footnotes":""},"class_list":["post-6","page","type-page","status-publish","hentry"],"yoast_head":"<!-- This site is optimized with the Yoast SEO plugin v27.5 - https:\/\/yoast.com\/product\/yoast-seo-wordpress\/ -->\n<title>Programa\u00e7\u00e3o - Workshop - Tecnologia de Produ\u00e7\u00e3o de Etanol<\/title>\n<meta name=\"robots\" content=\"index, follow, max-snippet:-1, max-image-preview:large, max-video-preview:-1\" \/>\n<link rel=\"canonical\" href=\"https:\/\/pages.cnpem.br\/tecnologia-etanol\/programacao\/\" \/>\n<meta property=\"og:locale\" content=\"pt_BR\" \/>\n<meta property=\"og:type\" content=\"article\" \/>\n<meta property=\"og:title\" content=\"Programa\u00e7\u00e3o - Workshop - Tecnologia de Produ\u00e7\u00e3o de Etanol\" \/>\n<meta property=\"og:description\" content=\"Conhe\u00e7a abaixo a programa\u00e7\u00e3o do &#8220;1\u00ba Workshop sobre o Estado da Arte da Tecnologia de Produ\u00e7\u00e3o de Etanol: de olho na segunda gera\u00e7\u00e3o&#8221;, que ser\u00e1 realizado nos dias 17 e 18 de novembro de 2015, no CTBE\/CNPEM, em Campinas-SP. &nbsp; Inscreva-se! &nbsp; Dia 17 de Novembro &#8211; Ter\u00e7a-feira 09h00 \u00a0 \u00a0 \u00a0. \u00a0 \u00a0 \u00a0 [&hellip;]\" \/>\n<meta property=\"og:url\" content=\"https:\/\/pages.cnpem.br\/tecnologia-etanol\/programacao\/\" \/>\n<meta property=\"og:site_name\" content=\"Workshop - Tecnologia de Produ\u00e7\u00e3o de Etanol\" \/>\n<meta property=\"article:modified_time\" content=\"2015-11-03T14:39:46+00:00\" \/>\n<meta name=\"twitter:card\" content=\"summary_large_image\" \/>\n<meta name=\"twitter:label1\" content=\"Est. tempo de leitura\" \/>\n\t<meta name=\"twitter:data1\" content=\"3 minutos\" \/>\n<script type=\"application\/ld+json\" class=\"yoast-schema-graph\">{\"@context\":\"https:\\\/\\\/schema.org\",\"@graph\":[{\"@type\":\"WebPage\",\"@id\":\"https:\\\/\\\/pages.cnpem.br\\\/tecnologia-etanol\\\/programacao\\\/\",\"url\":\"https:\\\/\\\/pages.cnpem.br\\\/tecnologia-etanol\\\/programacao\\\/\",\"name\":\"Programa\u00e7\u00e3o - Workshop - Tecnologia de Produ\u00e7\u00e3o de Etanol\",\"isPartOf\":{\"@id\":\"https:\\\/\\\/pages.cnpem.br\\\/tecnologia-etanol\\\/#website\"},\"datePublished\":\"2015-10-22T19:33:19+00:00\",\"dateModified\":\"2015-11-03T14:39:46+00:00\",\"breadcrumb\":{\"@id\":\"https:\\\/\\\/pages.cnpem.br\\\/tecnologia-etanol\\\/programacao\\\/#breadcrumb\"},\"inLanguage\":\"pt-BR\",\"potentialAction\":[{\"@type\":\"ReadAction\",\"target\":[\"https:\\\/\\\/pages.cnpem.br\\\/tecnologia-etanol\\\/programacao\\\/\"]}]},{\"@type\":\"BreadcrumbList\",\"@id\":\"https:\\\/\\\/pages.cnpem.br\\\/tecnologia-etanol\\\/programacao\\\/#breadcrumb\",\"itemListElement\":[{\"@type\":\"ListItem\",\"position\":1,\"name\":\"In\u00edcio\",\"item\":\"https:\\\/\\\/pages.cnpem.br\\\/tecnologia-etanol\\\/\"},{\"@type\":\"ListItem\",\"position\":2,\"name\":\"Programa\u00e7\u00e3o\"}]},{\"@type\":\"WebSite\",\"@id\":\"https:\\\/\\\/pages.cnpem.br\\\/tecnologia-etanol\\\/#website\",\"url\":\"https:\\\/\\\/pages.cnpem.br\\\/tecnologia-etanol\\\/\",\"name\":\"Workshop - Tecnologia de Produ\u00e7\u00e3o de Etanol\",\"description\":\"De olho na segunda gera\u00e7\u00e3o\",\"potentialAction\":[{\"@type\":\"SearchAction\",\"target\":{\"@type\":\"EntryPoint\",\"urlTemplate\":\"https:\\\/\\\/pages.cnpem.br\\\/tecnologia-etanol\\\/?s={search_term_string}\"},\"query-input\":{\"@type\":\"PropertyValueSpecification\",\"valueRequired\":true,\"valueName\":\"search_term_string\"}}],\"inLanguage\":\"pt-BR\"}]}<\/script>\n<!-- \/ Yoast SEO plugin. -->","yoast_head_json":{"title":"Programa\u00e7\u00e3o - Workshop - Tecnologia de Produ\u00e7\u00e3o de Etanol","robots":{"index":"index","follow":"follow","max-snippet":"max-snippet:-1","max-image-preview":"max-image-preview:large","max-video-preview":"max-video-preview:-1"},"canonical":"https:\/\/pages.cnpem.br\/tecnologia-etanol\/programacao\/","og_locale":"pt_BR","og_type":"article","og_title":"Programa\u00e7\u00e3o - Workshop - Tecnologia de Produ\u00e7\u00e3o de Etanol","og_description":"Conhe\u00e7a abaixo a programa\u00e7\u00e3o do &#8220;1\u00ba Workshop sobre o Estado da Arte da Tecnologia de Produ\u00e7\u00e3o de Etanol: de olho na segunda gera\u00e7\u00e3o&#8221;, que ser\u00e1 realizado nos dias 17 e 18 de novembro de 2015, no CTBE\/CNPEM, em Campinas-SP. &nbsp; Inscreva-se! &nbsp; Dia 17 de Novembro &#8211; Ter\u00e7a-feira 09h00 \u00a0 \u00a0 \u00a0. \u00a0 \u00a0 \u00a0 [&hellip;]","og_url":"https:\/\/pages.cnpem.br\/tecnologia-etanol\/programacao\/","og_site_name":"Workshop - Tecnologia de Produ\u00e7\u00e3o de Etanol","article_modified_time":"2015-11-03T14:39:46+00:00","twitter_card":"summary_large_image","twitter_misc":{"Est. tempo de leitura":"3 minutos"},"schema":{"@context":"https:\/\/schema.org","@graph":[{"@type":"WebPage","@id":"https:\/\/pages.cnpem.br\/tecnologia-etanol\/programacao\/","url":"https:\/\/pages.cnpem.br\/tecnologia-etanol\/programacao\/","name":"Programa\u00e7\u00e3o - Workshop - Tecnologia de Produ\u00e7\u00e3o de Etanol","isPartOf":{"@id":"https:\/\/pages.cnpem.br\/tecnologia-etanol\/#website"},"datePublished":"2015-10-22T19:33:19+00:00","dateModified":"2015-11-03T14:39:46+00:00","breadcrumb":{"@id":"https:\/\/pages.cnpem.br\/tecnologia-etanol\/programacao\/#breadcrumb"},"inLanguage":"pt-BR","potentialAction":[{"@type":"ReadAction","target":["https:\/\/pages.cnpem.br\/tecnologia-etanol\/programacao\/"]}]},{"@type":"BreadcrumbList","@id":"https:\/\/pages.cnpem.br\/tecnologia-etanol\/programacao\/#breadcrumb","itemListElement":[{"@type":"ListItem","position":1,"name":"In\u00edcio","item":"https:\/\/pages.cnpem.br\/tecnologia-etanol\/"},{"@type":"ListItem","position":2,"name":"Programa\u00e7\u00e3o"}]},{"@type":"WebSite","@id":"https:\/\/pages.cnpem.br\/tecnologia-etanol\/#website","url":"https:\/\/pages.cnpem.br\/tecnologia-etanol\/","name":"Workshop - Tecnologia de Produ\u00e7\u00e3o de Etanol","description":"De olho na segunda gera\u00e7\u00e3o","potentialAction":[{"@type":"SearchAction","target":{"@type":"EntryPoint","urlTemplate":"https:\/\/pages.cnpem.br\/tecnologia-etanol\/?s={search_term_string}"},"query-input":{"@type":"PropertyValueSpecification","valueRequired":true,"valueName":"search_term_string"}}],"inLanguage":"pt-BR"}]}},"_links":{"self":[{"href":"http:\/\/pages.cnpem.br\/tecnologia-etanol\/wp-json\/wp\/v2\/pages\/6","targetHints":{"allow":["GET"]}}],"collection":[{"href":"http:\/\/pages.cnpem.br\/tecnologia-etanol\/wp-json\/wp\/v2\/pages"}],"about":[{"href":"http:\/\/pages.cnpem.br\/tecnologia-etanol\/wp-json\/wp\/v2\/types\/page"}],"author":[{"embeddable":true,"href":"http:\/\/pages.cnpem.br\/tecnologia-etanol\/wp-json\/wp\/v2\/users\/9"}],"replies":[{"embeddable":true,"href":"http:\/\/pages.cnpem.br\/tecnologia-etanol\/wp-json\/wp\/v2\/comments?post=6"}],"version-history":[{"count":0,"href":"http:\/\/pages.cnpem.br\/tecnologia-etanol\/wp-json\/wp\/v2\/pages\/6\/revisions"}],"wp:attachment":[{"href":"http:\/\/pages.cnpem.br\/tecnologia-etanol\/wp-json\/wp\/v2\/media?parent=6"}],"curies":[{"name":"wp","href":"https:\/\/api.w.org\/{rel}","templated":true}]}}