{"id":80,"date":"2015-11-10T19:27:57","date_gmt":"2015-11-10T21:27:57","guid":{"rendered":"http:\/\/pages.cnpem.br\/tecnologia-etanol\/?page_id=80"},"modified":"2015-11-11T09:00:59","modified_gmt":"2015-11-11T11:00:59","slug":"patrocinadores","status":"publish","type":"page","link":"http:\/\/pages.cnpem.br\/tecnologia-etanol\/patrocinadores\/","title":{"rendered":"Patrocinadores"},"content":{"rendered":"<p>O\u00a0\u201c1\u00ba Workshop sobre o Estado da Arte da Tecnologia de Produ\u00e7\u00e3o de Etanol: de olho na segunda gera\u00e7\u00e3o\u201d, promovido pelo CTBE\/CNPEM conta com o apoio das seguintes institui\u00e7\u00f5es:<\/p>\n<p>&nbsp;<\/p>\n<h3>INFORS HT<\/h3>\n<p><a href=\"http:\/\/www.sotelab.com.br\" target=\"_blank\"><img loading=\"lazy\" decoding=\"async\" class=\"alignleft wp-image-81\" src=\"http:\/\/pages.cnpem.br\/tecnologia-etanol\/wp-content\/uploads\/sites\/66\/2015\/11\/logo-infors-ht-sotelab-300x300.jpg\" alt=\"logo-infors-ht-sotelab\" width=\"225\" height=\"225\" srcset=\"http:\/\/pages.cnpem.br\/tecnologia-etanol\/wp-content\/uploads\/sites\/66\/2015\/11\/logo-infors-ht-sotelab-300x300.jpg 300w, http:\/\/pages.cnpem.br\/tecnologia-etanol\/wp-content\/uploads\/sites\/66\/2015\/11\/logo-infors-ht-sotelab-150x150.jpg 150w, http:\/\/pages.cnpem.br\/tecnologia-etanol\/wp-content\/uploads\/sites\/66\/2015\/11\/logo-infors-ht-sotelab.jpg 1000w\" sizes=\"auto, (max-width: 225px) 100vw, 225px\" \/><\/a><span style=\"text-decoration: underline;\"><strong><a href=\"http:\/\/www.sotelab.com.br\" target=\"_blank\">INFORS HT<\/a><\/strong><\/span> \u00e9 uma empresa especialista em biorreatores, shakers e software de controle de bioprocesso. Seus clientes se beneficiam dos sistemas sofisticados, com os quais as linhas de c\u00e9lulas ou microrganismos desenvolvem todo o potencial esperado, de uma forma reprodutivel, contribuindo para o sucesso.<\/p>\n<p>A empresa oferece solu\u00e7\u00f5es para as seguintes aplica\u00e7\u00f5es especificas:<\/p>\n<p>&#8211; Fermenta\u00e7\u00e3o de microrganismos (bacterias, fungos e leveduras);<br \/>\n&#8211; Cultura de c\u00e9lulas (celulas de mamiferos, insetos, plantas e algas);<br \/>\n&#8211; Biocombustiveis (biodiesel e bioetanol);<br \/>\n&#8211; Bioprocessos em paralelo;<br \/>\n&#8211; Biorreatores e shakers customizados;<br \/>\n&#8211; Software de controle de bioprocesso;<br \/>\n&#8211; Qualifica\u00e7\u00e3o de \u00a0biorreators e shakers<\/p>\n<p>Proximidade com o cliente, alta qualidade, inova\u00e7\u00e3o e flexibilidade s\u00e3o as for\u00e7as de motiva\u00e7\u00e3o da empresa.<\/p>\n<hr \/>\n<p>&nbsp;<\/p>\n<h3>Ambriex<\/h3>\n<p><a href=\"http:\/\/www.ambriex.com.br\" target=\"_blank\"><img loading=\"lazy\" decoding=\"async\" class=\"alignleft wp-image-84\" src=\"http:\/\/pages.cnpem.br\/tecnologia-etanol\/wp-content\/uploads\/sites\/66\/2015\/11\/logo-ambriex-300x125.png\" alt=\"logo-ambriex\" width=\"281\" height=\"117\" srcset=\"http:\/\/pages.cnpem.br\/tecnologia-etanol\/wp-content\/uploads\/sites\/66\/2015\/11\/logo-ambriex-300x125.png 300w, http:\/\/pages.cnpem.br\/tecnologia-etanol\/wp-content\/uploads\/sites\/66\/2015\/11\/logo-ambriex.png 337w\" sizes=\"auto, (max-width: 281px) 100vw, 281px\" \/><\/a>Fundada em 1951, a <span style=\"text-decoration: underline;\"><a href=\"http:\/\/www.ambriex.com.br\" target=\"_blank\"><strong>Ambriex<\/strong><\/a><\/span> vem introduzindo no Brasil, produtos de empresas mundialmente conceituadas nos seus respectivos segmentos de neg\u00f3cios. A empresa foi a pioneira a introduzir equipamentos de ponta para diversas \u00e1reas de pesquisa cient\u00edfica e, a seguir, passou tamb\u00e9m a atuar no segmento de instrumenta\u00e7\u00e3o de processos industriais bem como o de teste e medi\u00e7\u00e3o eletro\/eletr\u00f4nica.<\/p>\n","protected":false},"excerpt":{"rendered":"<p>O\u00a0\u201c1\u00ba Workshop sobre o Estado da Arte da Tecnologia de Produ\u00e7\u00e3o de Etanol: de olho na segunda gera\u00e7\u00e3o\u201d, promovido pelo CTBE\/CNPEM conta com o apoio das seguintes institui\u00e7\u00f5es: &nbsp; INFORS HT INFORS HT \u00e9 uma empresa especialista em biorreatores, shakers e software de controle de bioprocesso. Seus clientes se beneficiam dos sistemas sofisticados, com os [&hellip;]<\/p>\n","protected":false},"author":9,"featured_media":0,"parent":0,"menu_order":0,"comment_status":"closed","ping_status":"closed","template":"","meta":{"ngg_post_thumbnail":0,"footnotes":""},"class_list":["post-80","page","type-page","status-publish","hentry"],"yoast_head":"<!-- This site is optimized with the Yoast SEO plugin v27.6 - https:\/\/yoast.com\/product\/yoast-seo-wordpress\/ -->\n<title>Patrocinadores - Workshop - Tecnologia de Produ\u00e7\u00e3o de Etanol<\/title>\n<meta name=\"robots\" content=\"index, follow, max-snippet:-1, max-image-preview:large, max-video-preview:-1\" \/>\n<link rel=\"canonical\" href=\"https:\/\/pages.cnpem.br\/tecnologia-etanol\/patrocinadores\/\" \/>\n<meta property=\"og:locale\" content=\"pt_BR\" \/>\n<meta property=\"og:type\" content=\"article\" \/>\n<meta property=\"og:title\" content=\"Patrocinadores - Workshop - Tecnologia de Produ\u00e7\u00e3o de Etanol\" \/>\n<meta property=\"og:description\" content=\"O\u00a0\u201c1\u00ba Workshop sobre o Estado da Arte da Tecnologia de Produ\u00e7\u00e3o de Etanol: de olho na segunda gera\u00e7\u00e3o\u201d, promovido pelo CTBE\/CNPEM conta com o apoio das seguintes institui\u00e7\u00f5es: &nbsp; INFORS HT INFORS HT \u00e9 uma empresa especialista em biorreatores, shakers e software de controle de bioprocesso. Seus clientes se beneficiam dos sistemas sofisticados, com os [&hellip;]\" \/>\n<meta property=\"og:url\" content=\"https:\/\/pages.cnpem.br\/tecnologia-etanol\/patrocinadores\/\" \/>\n<meta property=\"og:site_name\" content=\"Workshop - Tecnologia de Produ\u00e7\u00e3o de Etanol\" \/>\n<meta property=\"article:modified_time\" content=\"2015-11-11T11:00:59+00:00\" \/>\n<meta property=\"og:image\" content=\"http:\/\/pages.cnpem.br\/tecnologia-etanol\/wp-content\/uploads\/sites\/66\/2015\/11\/logo-infors-ht-sotelab-300x300.jpg\" \/>\n<meta name=\"twitter:card\" content=\"summary_large_image\" \/>\n<meta name=\"twitter:label1\" content=\"Est. tempo de leitura\" \/>\n\t<meta name=\"twitter:data1\" content=\"1 minuto\" \/>\n<script type=\"application\/ld+json\" class=\"yoast-schema-graph\">{\"@context\":\"https:\\\/\\\/schema.org\",\"@graph\":[{\"@type\":\"WebPage\",\"@id\":\"https:\\\/\\\/pages.cnpem.br\\\/tecnologia-etanol\\\/patrocinadores\\\/\",\"url\":\"https:\\\/\\\/pages.cnpem.br\\\/tecnologia-etanol\\\/patrocinadores\\\/\",\"name\":\"Patrocinadores - Workshop - Tecnologia de Produ\u00e7\u00e3o de Etanol\",\"isPartOf\":{\"@id\":\"https:\\\/\\\/pages.cnpem.br\\\/tecnologia-etanol\\\/#website\"},\"primaryImageOfPage\":{\"@id\":\"https:\\\/\\\/pages.cnpem.br\\\/tecnologia-etanol\\\/patrocinadores\\\/#primaryimage\"},\"image\":{\"@id\":\"https:\\\/\\\/pages.cnpem.br\\\/tecnologia-etanol\\\/patrocinadores\\\/#primaryimage\"},\"thumbnailUrl\":\"http:\\\/\\\/pages.cnpem.br\\\/tecnologia-etanol\\\/wp-content\\\/uploads\\\/sites\\\/66\\\/2015\\\/11\\\/logo-infors-ht-sotelab-300x300.jpg\",\"datePublished\":\"2015-11-10T21:27:57+00:00\",\"dateModified\":\"2015-11-11T11:00:59+00:00\",\"breadcrumb\":{\"@id\":\"https:\\\/\\\/pages.cnpem.br\\\/tecnologia-etanol\\\/patrocinadores\\\/#breadcrumb\"},\"inLanguage\":\"pt-BR\",\"potentialAction\":[{\"@type\":\"ReadAction\",\"target\":[\"https:\\\/\\\/pages.cnpem.br\\\/tecnologia-etanol\\\/patrocinadores\\\/\"]}]},{\"@type\":\"ImageObject\",\"inLanguage\":\"pt-BR\",\"@id\":\"https:\\\/\\\/pages.cnpem.br\\\/tecnologia-etanol\\\/patrocinadores\\\/#primaryimage\",\"url\":\"http:\\\/\\\/pages.cnpem.br\\\/tecnologia-etanol\\\/wp-content\\\/uploads\\\/sites\\\/66\\\/2015\\\/11\\\/logo-infors-ht-sotelab.jpg\",\"contentUrl\":\"http:\\\/\\\/pages.cnpem.br\\\/tecnologia-etanol\\\/wp-content\\\/uploads\\\/sites\\\/66\\\/2015\\\/11\\\/logo-infors-ht-sotelab.jpg\",\"width\":1000,\"height\":1000},{\"@type\":\"BreadcrumbList\",\"@id\":\"https:\\\/\\\/pages.cnpem.br\\\/tecnologia-etanol\\\/patrocinadores\\\/#breadcrumb\",\"itemListElement\":[{\"@type\":\"ListItem\",\"position\":1,\"name\":\"In\u00edcio\",\"item\":\"https:\\\/\\\/pages.cnpem.br\\\/tecnologia-etanol\\\/\"},{\"@type\":\"ListItem\",\"position\":2,\"name\":\"Patrocinadores\"}]},{\"@type\":\"WebSite\",\"@id\":\"https:\\\/\\\/pages.cnpem.br\\\/tecnologia-etanol\\\/#website\",\"url\":\"https:\\\/\\\/pages.cnpem.br\\\/tecnologia-etanol\\\/\",\"name\":\"Workshop - Tecnologia de Produ\u00e7\u00e3o de Etanol\",\"description\":\"De olho na segunda gera\u00e7\u00e3o\",\"potentialAction\":[{\"@type\":\"SearchAction\",\"target\":{\"@type\":\"EntryPoint\",\"urlTemplate\":\"https:\\\/\\\/pages.cnpem.br\\\/tecnologia-etanol\\\/?s={search_term_string}\"},\"query-input\":{\"@type\":\"PropertyValueSpecification\",\"valueRequired\":true,\"valueName\":\"search_term_string\"}}],\"inLanguage\":\"pt-BR\"}]}<\/script>\n<!-- \/ Yoast SEO plugin. -->","yoast_head_json":{"title":"Patrocinadores - Workshop - Tecnologia de Produ\u00e7\u00e3o de Etanol","robots":{"index":"index","follow":"follow","max-snippet":"max-snippet:-1","max-image-preview":"max-image-preview:large","max-video-preview":"max-video-preview:-1"},"canonical":"https:\/\/pages.cnpem.br\/tecnologia-etanol\/patrocinadores\/","og_locale":"pt_BR","og_type":"article","og_title":"Patrocinadores - Workshop - Tecnologia de Produ\u00e7\u00e3o de Etanol","og_description":"O\u00a0\u201c1\u00ba Workshop sobre o Estado da Arte da Tecnologia de Produ\u00e7\u00e3o de Etanol: de olho na segunda gera\u00e7\u00e3o\u201d, promovido pelo CTBE\/CNPEM conta com o apoio das seguintes institui\u00e7\u00f5es: &nbsp; INFORS HT INFORS HT \u00e9 uma empresa especialista em biorreatores, shakers e software de controle de bioprocesso. Seus clientes se beneficiam dos sistemas sofisticados, com os [&hellip;]","og_url":"https:\/\/pages.cnpem.br\/tecnologia-etanol\/patrocinadores\/","og_site_name":"Workshop - Tecnologia de Produ\u00e7\u00e3o de Etanol","article_modified_time":"2015-11-11T11:00:59+00:00","og_image":[{"url":"http:\/\/pages.cnpem.br\/tecnologia-etanol\/wp-content\/uploads\/sites\/66\/2015\/11\/logo-infors-ht-sotelab-300x300.jpg","type":"","width":"","height":""}],"twitter_card":"summary_large_image","twitter_misc":{"Est. tempo de leitura":"1 minuto"},"schema":{"@context":"https:\/\/schema.org","@graph":[{"@type":"WebPage","@id":"https:\/\/pages.cnpem.br\/tecnologia-etanol\/patrocinadores\/","url":"https:\/\/pages.cnpem.br\/tecnologia-etanol\/patrocinadores\/","name":"Patrocinadores - Workshop - Tecnologia de Produ\u00e7\u00e3o de Etanol","isPartOf":{"@id":"https:\/\/pages.cnpem.br\/tecnologia-etanol\/#website"},"primaryImageOfPage":{"@id":"https:\/\/pages.cnpem.br\/tecnologia-etanol\/patrocinadores\/#primaryimage"},"image":{"@id":"https:\/\/pages.cnpem.br\/tecnologia-etanol\/patrocinadores\/#primaryimage"},"thumbnailUrl":"http:\/\/pages.cnpem.br\/tecnologia-etanol\/wp-content\/uploads\/sites\/66\/2015\/11\/logo-infors-ht-sotelab-300x300.jpg","datePublished":"2015-11-10T21:27:57+00:00","dateModified":"2015-11-11T11:00:59+00:00","breadcrumb":{"@id":"https:\/\/pages.cnpem.br\/tecnologia-etanol\/patrocinadores\/#breadcrumb"},"inLanguage":"pt-BR","potentialAction":[{"@type":"ReadAction","target":["https:\/\/pages.cnpem.br\/tecnologia-etanol\/patrocinadores\/"]}]},{"@type":"ImageObject","inLanguage":"pt-BR","@id":"https:\/\/pages.cnpem.br\/tecnologia-etanol\/patrocinadores\/#primaryimage","url":"http:\/\/pages.cnpem.br\/tecnologia-etanol\/wp-content\/uploads\/sites\/66\/2015\/11\/logo-infors-ht-sotelab.jpg","contentUrl":"http:\/\/pages.cnpem.br\/tecnologia-etanol\/wp-content\/uploads\/sites\/66\/2015\/11\/logo-infors-ht-sotelab.jpg","width":1000,"height":1000},{"@type":"BreadcrumbList","@id":"https:\/\/pages.cnpem.br\/tecnologia-etanol\/patrocinadores\/#breadcrumb","itemListElement":[{"@type":"ListItem","position":1,"name":"In\u00edcio","item":"https:\/\/pages.cnpem.br\/tecnologia-etanol\/"},{"@type":"ListItem","position":2,"name":"Patrocinadores"}]},{"@type":"WebSite","@id":"https:\/\/pages.cnpem.br\/tecnologia-etanol\/#website","url":"https:\/\/pages.cnpem.br\/tecnologia-etanol\/","name":"Workshop - Tecnologia de Produ\u00e7\u00e3o de Etanol","description":"De olho na segunda gera\u00e7\u00e3o","potentialAction":[{"@type":"SearchAction","target":{"@type":"EntryPoint","urlTemplate":"https:\/\/pages.cnpem.br\/tecnologia-etanol\/?s={search_term_string}"},"query-input":{"@type":"PropertyValueSpecification","valueRequired":true,"valueName":"search_term_string"}}],"inLanguage":"pt-BR"}]}},"_links":{"self":[{"href":"http:\/\/pages.cnpem.br\/tecnologia-etanol\/wp-json\/wp\/v2\/pages\/80","targetHints":{"allow":["GET"]}}],"collection":[{"href":"http:\/\/pages.cnpem.br\/tecnologia-etanol\/wp-json\/wp\/v2\/pages"}],"about":[{"href":"http:\/\/pages.cnpem.br\/tecnologia-etanol\/wp-json\/wp\/v2\/types\/page"}],"author":[{"embeddable":true,"href":"http:\/\/pages.cnpem.br\/tecnologia-etanol\/wp-json\/wp\/v2\/users\/9"}],"replies":[{"embeddable":true,"href":"http:\/\/pages.cnpem.br\/tecnologia-etanol\/wp-json\/wp\/v2\/comments?post=80"}],"version-history":[{"count":0,"href":"http:\/\/pages.cnpem.br\/tecnologia-etanol\/wp-json\/wp\/v2\/pages\/80\/revisions"}],"wp:attachment":[{"href":"http:\/\/pages.cnpem.br\/tecnologia-etanol\/wp-json\/wp\/v2\/media?parent=80"}],"curies":[{"name":"wp","href":"https:\/\/api.w.org\/{rel}","templated":true}]}}