{"id":154,"date":"2017-06-19T17:19:41","date_gmt":"2017-06-19T17:19:41","guid":{"rendered":"http:\/\/pages.cnpem.br\/unidadeembrapii\/?page_id=154"},"modified":"2022-11-25T13:39:10","modified_gmt":"2022-11-25T16:39:10","slug":"competencias","status":"publish","type":"page","link":"http:\/\/pages.cnpem.br\/unidadeembrapii\/competencias\/","title":{"rendered":"Compet\u00eancias"},"content":{"rendered":"<div class=\"wpb-content-wrapper\"><p>[vc_row][vc_column]<div class=\"dt-fancy-separator title-left h4-size accent-title-color\" style=\"width: 100%;\"><div class=\"dt-fancy-title\"><span class=\"separator-holder separator-left\"><\/span>Compet\u00eancias<span class=\"separator-holder separator-right\"><\/span><\/div><\/div><div class=\"ult-spacer spacer-69d4e3389d61d\" data-id=\"69d4e3389d61d\" data-height=\"30\" data-height-mobile=\"15\" data-height-tab=\"\" data-height-tab-portrait=\"\" data-height-mobile-landscape=\"15\" style=\"clear:both;display:block;\"><\/div>[vc_column_text]A \u00e1rea de compet\u00eancia da Unidade Embrapii CNPEM \u00e9 Biotecnologia, que envolve cinco sublinhas credenciadas de atua\u00e7\u00e3o, definidas em fun\u00e7\u00e3o da integra\u00e7\u00e3o das habilidades dos quatro Laborat\u00f3rios em conjunto com a infraestrutura de alta qualidade e a excel\u00eancia do corpo t\u00e9cnico.[\/vc_column_text]<div class=\"standard-arrow bullet-top\"><p><strong>Escalonamento de processos produtivos<\/strong><\/p>\n<ul>\n<li>Realizado na Planta Piloto do Centro, o escalonamento de processos \u00e9 utilizado para avaliar em escala semi-industrial, a robustez e estabilidade de rotas tecnol\u00f3gicas de produ\u00e7\u00e3o de etanol e outros biorrenov\u00e1veis, de forma a validar estudos que obtiveram sucesso inicial na escala de bancada;<\/li>\n<li>A Planta \u00e9 composta por tr\u00eas plataformas: processamento de biomassa, processos f\u00edsico-qu\u00edmicos e bioprocessos.<\/li>\n<\/ul>\n<\/div><div class=\"ult-spacer spacer-69d4e3389d6a0\" data-id=\"69d4e3389d6a0\" data-height=\"30\" data-height-mobile=\"15\" data-height-tab=\"\" data-height-tab-portrait=\"\" data-height-mobile-landscape=\"15\" style=\"clear:both;display:block;\"><\/div><div class=\"standard-arrow bullet-top\"><p><strong>Desenvolvimento e caracteriza\u00e7\u00e3o de materiais <\/strong><\/p>\n<ul>\n<li>Materiais avan\u00e7ados: desenvolvimento de materiais avan\u00e7ados e de fontes renova\u0301veis, que apresentam estruturas ou nanoestruturas diferenciadas, conferindo propriedades f\u00edsico-qu\u00edmicas superiores aos seus precursores;<\/li>\n<li>Blocos qu\u00edmicos: mol\u00e9culas e bibliotecas de produtos que permitem a gera\u00e7\u00e3o de novos blocos qu\u00edmicos, podendo substituir rotas de fontes n\u00e3o renov\u00e1veis;<\/li>\n<li>Subst\u00e2ncias biologicamente ativas: pesquisa e desenvolvimento de subst\u00e2ncias ou mistura de subst\u00e2ncias de origem vegetal, animal, qu\u00edmica ou biotecnol\u00f3gica com finalidades terap\u00eauticas, profil\u00e1ticas, diagn\u00f3sticas, est\u00e9ticas, biotecnol\u00f3gicas ou nutricionais. Exemplos de aplica\u00e7\u00e3o: produtos farmac\u00eauticos, cosm\u00e9ticos, fitoter\u00e1picos e alimentos funcionais;<\/li>\n<li>Enzimas: desenvolvimento de prote\u00ednas catalisadoras de rea\u00e7\u00f5es bioqu\u00edmicas, abrangendo uma vasta gama, tais como lipases, celulases, amilases, dentre outras, utilizadas nos processos de transforma\u00e7\u00e3o da biomassa. Exemplos de aplica\u00e7\u00e3o: produ\u00e7\u00e3o de combust\u00edveis ou desenvolvimento de blocos qu\u00edmicos;<\/li>\n<li>Biocombust\u00edveis: pesquisa e desenvolvimento de combust\u00edveis obtidos a partir de fontes renov\u00e1veis, incluindo estudo das rotas fi\u0301sicas, qui\u0301micas, fi\u0301sico-qui\u0301micas e biolo\u0301gicas.<\/li>\n<\/ul>\n<\/div><div class=\"ult-spacer spacer-69d4e3389d707\" data-id=\"69d4e3389d707\" data-height=\"30\" data-height-mobile=\"15\" data-height-tab=\"\" data-height-tab-portrait=\"\" data-height-mobile-landscape=\"15\" style=\"clear:both;display:block;\"><\/div><div class=\"standard-arrow bullet-top\"><p><strong>Desenvolvimento de drogas e anticorpos monoclonais <\/strong><\/p>\n<ul>\n<li>Descoberta e desenvolvimento de f\u00e1rmacos, incluindo pequenas mol\u00e9culas sint\u00e9ticas e produtos naturais, produtos biofarmac\u00eauticos com foco em anticorpos monoclonais e fitoter\u00e1picos;<\/li>\n<li>Produ\u00e7\u00e3o, purifica\u00e7\u00e3o e an\u00e1lise de prote\u00ednas recombinantes em escala de bancada, com capacidade para desenvolvimento de linhagens celulares est\u00e1veis para uso industrial;<\/li>\n<li>Rotas biol\u00f3gicas para a s\u00edntese de drogas e precursores qu\u00edmicos.<\/li>\n<\/ul>\n<\/div><div class=\"ult-spacer spacer-69d4e3389d8df\" data-id=\"69d4e3389d8df\" data-height=\"30\" data-height-mobile=\"15\" data-height-tab=\"\" data-height-tab-portrait=\"\" data-height-mobile-landscape=\"15\" style=\"clear:both;display:block;\"><\/div><div class=\"standard-arrow bullet-top\"><p><strong>Desenvolvimento de dispositivos e m\u00e9todos para testes farmacol\u00f3gicos<\/strong><\/p>\n<ul>\n<li>Desenvolvimento de metodologias de dispositivos para testes de f\u00e1rmacos e cosm\u00e9ticos em substitui\u00e7\u00e3o ao uso de animais (tecnologias organ-on-a-chip).<\/li>\n<\/ul>\n<\/div><div class=\"ult-spacer spacer-69d4e3389d937\" data-id=\"69d4e3389d937\" data-height=\"30\" data-height-mobile=\"15\" data-height-tab=\"\" data-height-tab-portrait=\"\" data-height-mobile-landscape=\"15\" style=\"clear:both;display:block;\"><\/div><div class=\"standard-arrow bullet-top\"><p><strong>Processamento e aproveitamento de biomassas<\/strong><\/p>\n<ul>\n<li>Elabora\u00e7\u00e3o de metodologias para caracteriza\u00e7\u00e3o de mat\u00e9rias primas, correntes de processos e produtos finais;<\/li>\n<li>Pesquisa e desenvolvimento de rotas de processamento de desestrutura\u00e7\u00e3o e fracionamento de biomassas;<\/li>\n<li>Desenvolvimento de processos de produ\u00e7\u00e3o de qui\u0301micos intermedia\u0301rios a partir da biomassa;<\/li>\n<li>Cria\u00e7\u00e3o de dispositivos a partir da biomassa para controle e caracteriza\u00e7\u00e3o de produtos e processos;<\/li>\n<li>Desenvolvimento e otimiza\u00e7\u00e3o de processos especi\u0301ficos de pre\u0301-tratamento de biomassas;<\/li>\n<li>Ferramentas de avalia\u00e7\u00e3o t\u00e9cnica do processamento de biomassa e sua cadeia produtiva, com foco nos aspectos de sustentabilidade econ\u00f4mica, ambiental e social;<\/li>\n<li>Funcionaliza\u00e7\u00e3o de biomassa pr\u00e9-tratada para obtenc\u0327a\u0303o de propriedades qui\u0301micas, fi\u0301sicas, mec\u00e2nicas, ele\u0301tricas, te\u0301rmicas e estruturais especi\u0301ficas.<\/li>\n<\/ul>\n<\/div>[\/vc_column][\/vc_row]<\/p>\n<\/div>","protected":false},"excerpt":{"rendered":"<p>[vc_row][vc_column][vc_column_text]A \u00e1rea de compet\u00eancia da Unidade Embrapii CNPEM \u00e9 Biotecnologia, que envolve cinco sublinhas credenciadas de atua\u00e7\u00e3o, definidas em fun\u00e7\u00e3o da integra\u00e7\u00e3o das habilidades dos quatro Laborat\u00f3rios em conjunto com a infraestrutura de alta qualidade e a excel\u00eancia do corpo t\u00e9cnico.[\/vc_column_text][\/vc_column][\/vc_row]<\/p>\n","protected":false},"author":10,"featured_media":0,"parent":0,"menu_order":0,"comment_status":"closed","ping_status":"closed","template":"","meta":{"footnotes":""},"class_list":["post-154","page","type-page","status-publish","hentry","description-off"],"yoast_head":"<!-- This site is optimized with the Yoast SEO plugin v26.7 - https:\/\/yoast.com\/wordpress\/plugins\/seo\/ -->\n<title>Compet\u00eancias - Unidade Embrapii Biotecnologia<\/title>\n<meta name=\"robots\" content=\"index, follow, max-snippet:-1, max-image-preview:large, max-video-preview:-1\" \/>\n<link rel=\"canonical\" href=\"https:\/\/pages.cnpem.br\/unidadeembrapii\/competencias\/\" \/>\n<meta property=\"og:locale\" content=\"pt_BR\" \/>\n<meta property=\"og:type\" content=\"article\" \/>\n<meta property=\"og:title\" content=\"Compet\u00eancias - Unidade Embrapii Biotecnologia\" \/>\n<meta property=\"og:description\" content=\"[vc_row][vc_column][vc_column_text]A \u00e1rea de compet\u00eancia da Unidade Embrapii CNPEM \u00e9 Biotecnologia, que envolve cinco sublinhas credenciadas de atua\u00e7\u00e3o, definidas em fun\u00e7\u00e3o da integra\u00e7\u00e3o das habilidades dos quatro Laborat\u00f3rios em conjunto com a infraestrutura de alta qualidade e a excel\u00eancia do corpo t\u00e9cnico.[\/vc_column_text][\/vc_column][\/vc_row]\" \/>\n<meta property=\"og:url\" content=\"https:\/\/pages.cnpem.br\/unidadeembrapii\/competencias\/\" \/>\n<meta property=\"og:site_name\" content=\"Unidade Embrapii Biotecnologia\" \/>\n<meta property=\"article:modified_time\" content=\"2022-11-25T16:39:10+00:00\" \/>\n<meta name=\"twitter:card\" content=\"summary_large_image\" \/>\n<meta name=\"twitter:label1\" content=\"Est. tempo de leitura\" \/>\n\t<meta name=\"twitter:data1\" content=\"3 minutos\" \/>\n<script type=\"application\/ld+json\" class=\"yoast-schema-graph\">{\"@context\":\"https:\/\/schema.org\",\"@graph\":[{\"@type\":\"WebPage\",\"@id\":\"https:\/\/pages.cnpem.br\/unidadeembrapii\/competencias\/\",\"url\":\"https:\/\/pages.cnpem.br\/unidadeembrapii\/competencias\/\",\"name\":\"Compet\u00eancias - Unidade Embrapii Biotecnologia\",\"isPartOf\":{\"@id\":\"http:\/\/pages.cnpem.br\/unidadeembrapii\/#website\"},\"datePublished\":\"2017-06-19T17:19:41+00:00\",\"dateModified\":\"2022-11-25T16:39:10+00:00\",\"breadcrumb\":{\"@id\":\"https:\/\/pages.cnpem.br\/unidadeembrapii\/competencias\/#breadcrumb\"},\"inLanguage\":\"pt-BR\",\"potentialAction\":[{\"@type\":\"ReadAction\",\"target\":[\"https:\/\/pages.cnpem.br\/unidadeembrapii\/competencias\/\"]}]},{\"@type\":\"BreadcrumbList\",\"@id\":\"https:\/\/pages.cnpem.br\/unidadeembrapii\/competencias\/#breadcrumb\",\"itemListElement\":[{\"@type\":\"ListItem\",\"position\":1,\"name\":\"In\u00edcio\",\"item\":\"http:\/\/pages.cnpem.br\/unidadeembrapii\/\"},{\"@type\":\"ListItem\",\"position\":2,\"name\":\"Compet\u00eancias\"}]},{\"@type\":\"WebSite\",\"@id\":\"http:\/\/pages.cnpem.br\/unidadeembrapii\/#website\",\"url\":\"http:\/\/pages.cnpem.br\/unidadeembrapii\/\",\"name\":\"Unidade Embrapii Biotecnologia\",\"description\":\"Unidade Embrapii Biotecnologia no CNPEM\",\"potentialAction\":[{\"@type\":\"SearchAction\",\"target\":{\"@type\":\"EntryPoint\",\"urlTemplate\":\"http:\/\/pages.cnpem.br\/unidadeembrapii\/?s={search_term_string}\"},\"query-input\":{\"@type\":\"PropertyValueSpecification\",\"valueRequired\":true,\"valueName\":\"search_term_string\"}}],\"inLanguage\":\"pt-BR\"}]}<\/script>\n<!-- \/ Yoast SEO plugin. -->","yoast_head_json":{"title":"Compet\u00eancias - Unidade Embrapii Biotecnologia","robots":{"index":"index","follow":"follow","max-snippet":"max-snippet:-1","max-image-preview":"max-image-preview:large","max-video-preview":"max-video-preview:-1"},"canonical":"https:\/\/pages.cnpem.br\/unidadeembrapii\/competencias\/","og_locale":"pt_BR","og_type":"article","og_title":"Compet\u00eancias - Unidade Embrapii Biotecnologia","og_description":"[vc_row][vc_column][vc_column_text]A \u00e1rea de compet\u00eancia da Unidade Embrapii CNPEM \u00e9 Biotecnologia, que envolve cinco sublinhas credenciadas de atua\u00e7\u00e3o, definidas em fun\u00e7\u00e3o da integra\u00e7\u00e3o das habilidades dos quatro Laborat\u00f3rios em conjunto com a infraestrutura de alta qualidade e a excel\u00eancia do corpo t\u00e9cnico.[\/vc_column_text][\/vc_column][\/vc_row]","og_url":"https:\/\/pages.cnpem.br\/unidadeembrapii\/competencias\/","og_site_name":"Unidade Embrapii Biotecnologia","article_modified_time":"2022-11-25T16:39:10+00:00","twitter_card":"summary_large_image","twitter_misc":{"Est. tempo de leitura":"3 minutos"},"schema":{"@context":"https:\/\/schema.org","@graph":[{"@type":"WebPage","@id":"https:\/\/pages.cnpem.br\/unidadeembrapii\/competencias\/","url":"https:\/\/pages.cnpem.br\/unidadeembrapii\/competencias\/","name":"Compet\u00eancias - Unidade Embrapii Biotecnologia","isPartOf":{"@id":"http:\/\/pages.cnpem.br\/unidadeembrapii\/#website"},"datePublished":"2017-06-19T17:19:41+00:00","dateModified":"2022-11-25T16:39:10+00:00","breadcrumb":{"@id":"https:\/\/pages.cnpem.br\/unidadeembrapii\/competencias\/#breadcrumb"},"inLanguage":"pt-BR","potentialAction":[{"@type":"ReadAction","target":["https:\/\/pages.cnpem.br\/unidadeembrapii\/competencias\/"]}]},{"@type":"BreadcrumbList","@id":"https:\/\/pages.cnpem.br\/unidadeembrapii\/competencias\/#breadcrumb","itemListElement":[{"@type":"ListItem","position":1,"name":"In\u00edcio","item":"http:\/\/pages.cnpem.br\/unidadeembrapii\/"},{"@type":"ListItem","position":2,"name":"Compet\u00eancias"}]},{"@type":"WebSite","@id":"http:\/\/pages.cnpem.br\/unidadeembrapii\/#website","url":"http:\/\/pages.cnpem.br\/unidadeembrapii\/","name":"Unidade Embrapii Biotecnologia","description":"Unidade Embrapii Biotecnologia no CNPEM","potentialAction":[{"@type":"SearchAction","target":{"@type":"EntryPoint","urlTemplate":"http:\/\/pages.cnpem.br\/unidadeembrapii\/?s={search_term_string}"},"query-input":{"@type":"PropertyValueSpecification","valueRequired":true,"valueName":"search_term_string"}}],"inLanguage":"pt-BR"}]}},"_links":{"self":[{"href":"http:\/\/pages.cnpem.br\/unidadeembrapii\/wp-json\/wp\/v2\/pages\/154","targetHints":{"allow":["GET"]}}],"collection":[{"href":"http:\/\/pages.cnpem.br\/unidadeembrapii\/wp-json\/wp\/v2\/pages"}],"about":[{"href":"http:\/\/pages.cnpem.br\/unidadeembrapii\/wp-json\/wp\/v2\/types\/page"}],"author":[{"embeddable":true,"href":"http:\/\/pages.cnpem.br\/unidadeembrapii\/wp-json\/wp\/v2\/users\/10"}],"replies":[{"embeddable":true,"href":"http:\/\/pages.cnpem.br\/unidadeembrapii\/wp-json\/wp\/v2\/comments?post=154"}],"version-history":[{"count":0,"href":"http:\/\/pages.cnpem.br\/unidadeembrapii\/wp-json\/wp\/v2\/pages\/154\/revisions"}],"wp:attachment":[{"href":"http:\/\/pages.cnpem.br\/unidadeembrapii\/wp-json\/wp\/v2\/media?parent=154"}],"curies":[{"name":"wp","href":"https:\/\/api.w.org\/{rel}","templated":true}]}}