{"id":203,"date":"2020-08-13T10:55:04","date_gmt":"2020-08-13T10:55:04","guid":{"rendered":"http:\/\/pages.cnpem.br\/unidadeembrapii\/?page_id=203"},"modified":"2020-08-17T14:39:36","modified_gmt":"2020-08-17T14:39:36","slug":"projetos","status":"publish","type":"page","link":"http:\/\/pages.cnpem.br\/unidadeembrapii\/projetos\/","title":{"rendered":"Projetos"},"content":{"rendered":"<div class=\"wpb-content-wrapper\"><p>[vc_row][vc_column]<div class=\"dt-fancy-separator title-left h4-size accent-title-color\" style=\"width: 100%;\"><div class=\"dt-fancy-title\"><span class=\"separator-holder separator-left\"><\/span>Projetos<span class=\"separator-holder separator-right\"><\/span><\/div><\/div><div class=\"ult-spacer spacer-69f4da286a958\" data-id=\"69f4da286a958\" data-height=\"30\" data-height-mobile=\"15\" data-height-tab=\"\" data-height-tab-portrait=\"\" data-height-mobile-landscape=\"15\" style=\"clear:both;display:block;\"><\/div>[vc_column_text]Exemplos de projetos realizados entre a Unidade EMBRAPII CNPEM Biotecnologia e a ind\u00fastria:[\/vc_column_text][vc_row_inner][vc_column_inner width=&#8221;1\/2&#8243;][vc_cta h2=&#8221;&#8221; h4=&#8221;Desenvolvimento de medicamento antic\u00e2ncer com a\u00e7\u00e3o terap\u00eautica a partir da biodiversidade brasileira&#8221; style=&#8221;outline&#8221; color=&#8221;blue&#8221;]<strong>Per\u00edodo: 2017 \u2013 2022<br \/>\nEmpresa Parceira:<\/strong> Ach\u00e9 \/ Phytobios<br \/>\n<strong>Objetivo:<\/strong> desenvolvimento de novos medicamentos na \u00e1rea de oncologia e dermatologia, tendo como base mol\u00e9culas presentes em plantas de diferentes biomas brasileiros.[\/vc_cta][vc_cta h2=&#8221;&#8221; h4=&#8221;Aprimoramento do processo produtivo de biodefensivos visando aumento de biomassa no campo&#8221; style=&#8221;outline&#8221; color=&#8221;blue&#8221;]<strong>Per\u00edodo: <\/strong>2019 \u2013 2020<br \/>\n<strong>Empresa Parceira: <\/strong>Agrivalle<br \/>\n<strong>Objetivo:<\/strong> aprimoramento do processo produtivo de biodefensivos, de forma a minimizar impactos ambientais e, assim, contribuir diretamente para a agenda de sustentabilidade.[\/vc_cta][vc_cta h2=&#8221;&#8221; h4=&#8221;Novas Tecnologias para processo fermentativo de primeira e segunda gera\u00e7\u00e3o de etanol&#8221; style=&#8221;outline&#8221; color=&#8221;blue&#8221;]<strong>Per\u00edodo: <\/strong>2016 \u2013 2019<br \/>\n<strong>Empresa Parceira: <\/strong>Mahle<br \/>\n<strong>Objetivo:<\/strong> an\u00e1lise dos efeitos da nova tecnologia de fermenta\u00e7\u00e3o alco\u00f3lica, visando aumentar o rendimento fermentativo, com\u00a0 comprova\u00e7\u00e3o da funcionalidade do processo em escala piloto[\/vc_cta][\/vc_column_inner][vc_column_inner width=&#8221;1\/2&#8243;][vc_cta h2=&#8221;&#8221; h4=&#8221;Enzimas para tratamento de biomassa vegetal em aplica\u00e7\u00f5es do setor aliment\u00edcio&#8221; style=&#8221;outline&#8221; color=&#8221;blue&#8221;]<strong>Per\u00edodo: <\/strong>2018 \u2013 2019<br \/>\n<strong>Empresa Parceira: <\/strong>Tecbeer<br \/>\n<strong>Objetivo:<\/strong> otimiza\u00e7\u00e3o e aumento da escala de produ\u00e7\u00e3o de enzimas mediante a utiliza\u00e7\u00e3o de microrganismos seguros para o consumo humano (GRAS) em meios de cultura de baixo custo[\/vc_cta][vc_cta h2=&#8221;&#8221; h4=&#8221;Etanol 2G &#8211; Desenvolvimento das etapas cr\u00edticas do processo de produ\u00e7\u00e3o de etanol de segunda gera\u00e7\u00e3o&#8221; style=&#8221;outline&#8221; color=&#8221;blue&#8221;]<strong>Per\u00edodo: <\/strong>2018 \u2013 2021<br \/>\n<strong>Empresa Parceira: <\/strong>Petrobr\u00e1s<br \/>\n<strong>Objetivo:<\/strong> pesquisa e desenvolvimento das etapas cr\u00edticas do processo de produ\u00e7\u00e3o de etanol celul\u00f3sico, empregando estudos em escala laboratorial e planta piloto.[\/vc_cta][vc_cta h2=&#8221;&#8221; h4=&#8221;Cargas Polim\u00e9ricas Verdes&#8221; style=&#8221;outline&#8221; color=&#8221;blue&#8221;]<strong>Per\u00edodo: <\/strong>2017 \u2013 2019<br \/>\n<strong>Empresa Parceira: <\/strong>SP Pesquisa e Tecnologia (SPPT)<br \/>\n<strong>Objetivo:<\/strong> desenvolvimento de cargas polim\u00e9ricas sustent\u00e1veis, de elevado desempenho, baixo custo, baixo impacto ambiental e economicamente competitivas para serem empregadas como cargas para materiais comp\u00f3sitos polim\u00e9ricos.[\/vc_cta][\/vc_column_inner][\/vc_row_inner][\/vc_column][\/vc_row]<\/p>\n<\/div>","protected":false},"excerpt":{"rendered":"<p>[vc_row][vc_column][vc_column_text]Exemplos de projetos realizados entre a Unidade EMBRAPII CNPEM Biotecnologia e a ind\u00fastria:[\/vc_column_text][vc_row_inner][vc_column_inner width=&#8221;1\/2&#8243;][vc_cta h2=&#8221;&#8221; h4=&#8221;Desenvolvimento de medicamento antic\u00e2ncer com a\u00e7\u00e3o terap\u00eautica a partir da biodiversidade brasileira&#8221; style=&#8221;outline&#8221; color=&#8221;blue&#8221;]Per\u00edodo: 2017 \u2013 2022 Empresa Parceira: Ach\u00e9 \/ Phytobios Objetivo: desenvolvimento de novos medicamentos na \u00e1rea de oncologia e dermatologia, tendo como base mol\u00e9culas presentes em plantas&hellip;<\/p>\n","protected":false},"author":10,"featured_media":0,"parent":0,"menu_order":0,"comment_status":"closed","ping_status":"closed","template":"","meta":{"footnotes":""},"class_list":["post-203","page","type-page","status-publish","hentry","description-off"],"yoast_head":"<!-- This site is optimized with the Yoast SEO plugin v27.5 - https:\/\/yoast.com\/product\/yoast-seo-wordpress\/ -->\n<title>Projetos - Unidade Embrapii Biotecnologia<\/title>\n<meta name=\"robots\" content=\"index, follow, max-snippet:-1, max-image-preview:large, max-video-preview:-1\" \/>\n<link rel=\"canonical\" href=\"https:\/\/pages.cnpem.br\/unidadeembrapii\/projetos\/\" \/>\n<meta property=\"og:locale\" content=\"pt_BR\" \/>\n<meta property=\"og:type\" content=\"article\" \/>\n<meta property=\"og:title\" content=\"Projetos - Unidade Embrapii Biotecnologia\" \/>\n<meta property=\"og:description\" content=\"[vc_row][vc_column][vc_column_text]Exemplos de projetos realizados entre a Unidade EMBRAPII CNPEM Biotecnologia e a ind\u00fastria:[\/vc_column_text][vc_row_inner][vc_column_inner width=&#8221;1\/2&#8243;][vc_cta h2=&#8221;&#8221; h4=&#8221;Desenvolvimento de medicamento antic\u00e2ncer com a\u00e7\u00e3o terap\u00eautica a partir da biodiversidade brasileira&#8221; style=&#8221;outline&#8221; color=&#8221;blue&#8221;]Per\u00edodo: 2017 \u2013 2022 Empresa Parceira: Ach\u00e9 \/ Phytobios Objetivo: desenvolvimento de novos medicamentos na \u00e1rea de oncologia e dermatologia, tendo como base mol\u00e9culas presentes em plantas&hellip;\" \/>\n<meta property=\"og:url\" content=\"https:\/\/pages.cnpem.br\/unidadeembrapii\/projetos\/\" \/>\n<meta property=\"og:site_name\" content=\"Unidade Embrapii Biotecnologia\" \/>\n<meta property=\"article:modified_time\" content=\"2020-08-17T14:39:36+00:00\" \/>\n<meta name=\"twitter:card\" content=\"summary_large_image\" \/>\n<meta name=\"twitter:label1\" content=\"Est. tempo de leitura\" \/>\n\t<meta name=\"twitter:data1\" content=\"2 minutos\" \/>\n<script type=\"application\/ld+json\" class=\"yoast-schema-graph\">{\"@context\":\"https:\\\/\\\/schema.org\",\"@graph\":[{\"@type\":\"WebPage\",\"@id\":\"https:\\\/\\\/pages.cnpem.br\\\/unidadeembrapii\\\/projetos\\\/\",\"url\":\"https:\\\/\\\/pages.cnpem.br\\\/unidadeembrapii\\\/projetos\\\/\",\"name\":\"Projetos - Unidade Embrapii Biotecnologia\",\"isPartOf\":{\"@id\":\"https:\\\/\\\/pages.cnpem.br\\\/unidadeembrapii\\\/#website\"},\"datePublished\":\"2020-08-13T10:55:04+00:00\",\"dateModified\":\"2020-08-17T14:39:36+00:00\",\"breadcrumb\":{\"@id\":\"https:\\\/\\\/pages.cnpem.br\\\/unidadeembrapii\\\/projetos\\\/#breadcrumb\"},\"inLanguage\":\"pt-BR\",\"potentialAction\":[{\"@type\":\"ReadAction\",\"target\":[\"https:\\\/\\\/pages.cnpem.br\\\/unidadeembrapii\\\/projetos\\\/\"]}]},{\"@type\":\"BreadcrumbList\",\"@id\":\"https:\\\/\\\/pages.cnpem.br\\\/unidadeembrapii\\\/projetos\\\/#breadcrumb\",\"itemListElement\":[{\"@type\":\"ListItem\",\"position\":1,\"name\":\"In\u00edcio\",\"item\":\"https:\\\/\\\/pages.cnpem.br\\\/unidadeembrapii\\\/\"},{\"@type\":\"ListItem\",\"position\":2,\"name\":\"Projetos\"}]},{\"@type\":\"WebSite\",\"@id\":\"https:\\\/\\\/pages.cnpem.br\\\/unidadeembrapii\\\/#website\",\"url\":\"https:\\\/\\\/pages.cnpem.br\\\/unidadeembrapii\\\/\",\"name\":\"Unidade Embrapii Biotecnologia\",\"description\":\"Unidade Embrapii Biotecnologia no CNPEM\",\"potentialAction\":[{\"@type\":\"SearchAction\",\"target\":{\"@type\":\"EntryPoint\",\"urlTemplate\":\"https:\\\/\\\/pages.cnpem.br\\\/unidadeembrapii\\\/?s={search_term_string}\"},\"query-input\":{\"@type\":\"PropertyValueSpecification\",\"valueRequired\":true,\"valueName\":\"search_term_string\"}}],\"inLanguage\":\"pt-BR\"}]}<\/script>\n<!-- \/ Yoast SEO plugin. -->","yoast_head_json":{"title":"Projetos - Unidade Embrapii Biotecnologia","robots":{"index":"index","follow":"follow","max-snippet":"max-snippet:-1","max-image-preview":"max-image-preview:large","max-video-preview":"max-video-preview:-1"},"canonical":"https:\/\/pages.cnpem.br\/unidadeembrapii\/projetos\/","og_locale":"pt_BR","og_type":"article","og_title":"Projetos - Unidade Embrapii Biotecnologia","og_description":"[vc_row][vc_column][vc_column_text]Exemplos de projetos realizados entre a Unidade EMBRAPII CNPEM Biotecnologia e a ind\u00fastria:[\/vc_column_text][vc_row_inner][vc_column_inner width=&#8221;1\/2&#8243;][vc_cta h2=&#8221;&#8221; h4=&#8221;Desenvolvimento de medicamento antic\u00e2ncer com a\u00e7\u00e3o terap\u00eautica a partir da biodiversidade brasileira&#8221; style=&#8221;outline&#8221; color=&#8221;blue&#8221;]Per\u00edodo: 2017 \u2013 2022 Empresa Parceira: Ach\u00e9 \/ Phytobios Objetivo: desenvolvimento de novos medicamentos na \u00e1rea de oncologia e dermatologia, tendo como base mol\u00e9culas presentes em plantas&hellip;","og_url":"https:\/\/pages.cnpem.br\/unidadeembrapii\/projetos\/","og_site_name":"Unidade Embrapii Biotecnologia","article_modified_time":"2020-08-17T14:39:36+00:00","twitter_card":"summary_large_image","twitter_misc":{"Est. tempo de leitura":"2 minutos"},"schema":{"@context":"https:\/\/schema.org","@graph":[{"@type":"WebPage","@id":"https:\/\/pages.cnpem.br\/unidadeembrapii\/projetos\/","url":"https:\/\/pages.cnpem.br\/unidadeembrapii\/projetos\/","name":"Projetos - Unidade Embrapii Biotecnologia","isPartOf":{"@id":"https:\/\/pages.cnpem.br\/unidadeembrapii\/#website"},"datePublished":"2020-08-13T10:55:04+00:00","dateModified":"2020-08-17T14:39:36+00:00","breadcrumb":{"@id":"https:\/\/pages.cnpem.br\/unidadeembrapii\/projetos\/#breadcrumb"},"inLanguage":"pt-BR","potentialAction":[{"@type":"ReadAction","target":["https:\/\/pages.cnpem.br\/unidadeembrapii\/projetos\/"]}]},{"@type":"BreadcrumbList","@id":"https:\/\/pages.cnpem.br\/unidadeembrapii\/projetos\/#breadcrumb","itemListElement":[{"@type":"ListItem","position":1,"name":"In\u00edcio","item":"https:\/\/pages.cnpem.br\/unidadeembrapii\/"},{"@type":"ListItem","position":2,"name":"Projetos"}]},{"@type":"WebSite","@id":"https:\/\/pages.cnpem.br\/unidadeembrapii\/#website","url":"https:\/\/pages.cnpem.br\/unidadeembrapii\/","name":"Unidade Embrapii Biotecnologia","description":"Unidade Embrapii Biotecnologia no CNPEM","potentialAction":[{"@type":"SearchAction","target":{"@type":"EntryPoint","urlTemplate":"https:\/\/pages.cnpem.br\/unidadeembrapii\/?s={search_term_string}"},"query-input":{"@type":"PropertyValueSpecification","valueRequired":true,"valueName":"search_term_string"}}],"inLanguage":"pt-BR"}]}},"_links":{"self":[{"href":"http:\/\/pages.cnpem.br\/unidadeembrapii\/wp-json\/wp\/v2\/pages\/203","targetHints":{"allow":["GET"]}}],"collection":[{"href":"http:\/\/pages.cnpem.br\/unidadeembrapii\/wp-json\/wp\/v2\/pages"}],"about":[{"href":"http:\/\/pages.cnpem.br\/unidadeembrapii\/wp-json\/wp\/v2\/types\/page"}],"author":[{"embeddable":true,"href":"http:\/\/pages.cnpem.br\/unidadeembrapii\/wp-json\/wp\/v2\/users\/10"}],"replies":[{"embeddable":true,"href":"http:\/\/pages.cnpem.br\/unidadeembrapii\/wp-json\/wp\/v2\/comments?post=203"}],"version-history":[{"count":0,"href":"http:\/\/pages.cnpem.br\/unidadeembrapii\/wp-json\/wp\/v2\/pages\/203\/revisions"}],"wp:attachment":[{"href":"http:\/\/pages.cnpem.br\/unidadeembrapii\/wp-json\/wp\/v2\/media?parent=203"}],"curies":[{"name":"wp","href":"https:\/\/api.w.org\/{rel}","templated":true}]}}