{"id":15,"date":"2017-10-30T15:58:19","date_gmt":"2017-10-30T17:58:19","guid":{"rendered":"http:\/\/pages.cnpem.br\/wirms2019\/?page_id=15"},"modified":"2024-02-15T18:01:44","modified_gmt":"2024-02-15T18:01:44","slug":"organization","status":"publish","type":"page","link":"https:\/\/pages.cnpem.br\/21bwsp\/organization\/","title":{"rendered":"ORGANIZATION"},"content":{"rendered":"<div class=\"wpb-content-wrapper\"><p>[vc_row][vc_column width=&#8221;1\/3&#8243;]<div class=\"dt-fancy-separator h3-size\" style=\"width: 100%;\"><div class=\"dt-fancy-title\" style=\"color: #282657;\"><span class=\"separator-holder separator-left\" style=\"border-color: #314fb0;\"><\/span>Scientific Committee<span class=\"separator-holder separator-right\" style=\"border-color: #314fb0;\"><\/span><\/div><\/div>[vc_empty_space][vc_column_text]<\/p>\n<p style=\"text-align: center;\"><strong>Chair<\/strong>: <span class=\"NormalTextRun SCXW235268220 BCX0\">Ingrid D<\/span><span class=\"NormalTextRun SCXW235268220 BCX0\">.<\/span><span class=\"NormalTextRun SCXW235268220 BCX0\"> Barcelos<\/span> \u2013 Centro Nacional de Pesquisa em Energia e Materiais (LNLS\/CNPEM), Campinas-SP, Brazil<\/p>\n<p style=\"text-align: center;\"><strong>Co-Chair<\/strong>: <span class=\"NormalTextRun SCXW81977193 BCX0\">Alisson R<\/span><span class=\"NormalTextRun SCXW81977193 BCX0\">.<\/span><span class=\"NormalTextRun SCXW81977193 BCX0\"> Cadore<\/span> \u2013 Centro Nacional de Pesquisa em Energia e Materiais (LNNano\/CNPEM), Campinas-SP, Brazil<\/p>\n<p style=\"text-align: center;\"><span class=\"TextRun SCXW86671978 BCX9\" lang=\"PT-BR\" xml:lang=\"PT-BR\" data-contrast=\"auto\"><span class=\"NormalTextRun SCXW86671978 BCX9\" data-ccp-parastyle=\"Normal (Web)\"><span class=\"TextRun SCXW30180962 BCX0\" lang=\"PT-BR\" xml:lang=\"PT-BR\" data-contrast=\"auto\"><span class=\"NormalTextRun SCXW30180962 BCX0\">Abner de <\/span><span class=\"NormalTextRun SCXW30180962 BCX0\">Siervo &#8211; Universidade Estadual de Campinas<\/span><\/span><span class=\"EOP SCXW30180962 BCX0\" data-ccp-props=\"{&quot;201341983&quot;:0,&quot;335559739&quot;:0,&quot;335559740&quot;:240}\">, B<\/span>razil<\/span><\/span><\/p>\n<p style=\"text-align: center;\"><span class=\"TextRun SCXW244958867 BCX9\" lang=\"PT-BR\" xml:lang=\"PT-BR\" data-contrast=\"auto\"><span class=\"NormalTextRun SCXW244958867 BCX9\" data-ccp-parastyle=\"Normal (Web)\"><span class=\"TextRun SCXW50367224 BCX0\" lang=\"PT-BR\" xml:lang=\"PT-BR\" data-contrast=\"auto\"><span class=\"NormalTextRun SCXW50367224 BCX0\">Andr\u00e9 Chaves &#8211; Instituto Tecnol\u00f3gico de Aeron\u00e1utica<\/span><\/span>, Brazil<\/span><\/span><\/p>\n<p style=\"text-align: center;\"><span class=\"NormalTextRun SCXW244958867 BCX9\" data-ccp-parastyle=\"Normal (Web)\"><span class=\"NormalTextRun SCXW21781321 BCX0\">Rodrigo B<\/span><span class=\"NormalTextRun SCXW21781321 BCX0\">.<\/span><span class=\"NormalTextRun SCXW21781321 BCX0\"> Capaz <\/span> &#8211; LNNano \/ CNPEM<\/span><\/p>\n<p style=\"text-align: center;\"><span class=\"TextRun SCXW244958867 BCX9\" lang=\"PT-BR\" xml:lang=\"PT-BR\" data-contrast=\"auto\"><span class=\"NormalTextRun SCXW244958867 BCX9\" data-ccp-parastyle=\"Normal (Web)\"><span class=\"TextRun SCXW239916210 BCX0\" lang=\"PT-BR\" xml:lang=\"PT-BR\" data-contrast=\"auto\"><span class=\"NormalTextRun SCXW239916210 BCX0\">Wendell Sim\u00f5es<\/span><\/span> &#8211; LNLS \/ CNPEM<\/span><\/span><\/p>\n<p>[\/vc_column_text][\/vc_column][vc_column width=&#8221;1\/3&#8243;]<div class=\"dt-fancy-separator h3-size\" style=\"width: 100%;\"><div class=\"dt-fancy-title\" style=\"color: #282657;\"><span class=\"separator-holder separator-left\" style=\"border-color: #314fb0;\"><\/span>Local Committee<span class=\"separator-holder separator-right\" style=\"border-color: #314fb0;\"><\/span><\/div><\/div>[vc_empty_space][vc_column_text]<\/p>\n<p style=\"text-align: center;\"><span class=\"TextRun SCXW129912881 BCX9\" lang=\"PT-BR\" xml:lang=\"PT-BR\" data-contrast=\"auto\"><span class=\"NormalTextRun SCXW129912881 BCX9\" data-ccp-parastyle=\"Normal (Web)\">Amanda Kokol &#8211; CNPEM<\/span><\/span><\/p>\n<p style=\"text-align: center;\"><span class=\"TextRun SCXW157146558 BCX9\" lang=\"PT-BR\" xml:lang=\"PT-BR\" data-contrast=\"auto\"><span class=\"NormalTextRun SCXW157146558 BCX9\" data-ccp-parastyle=\"Normal (Web)\">Dora Marques &#8211; CNPEM<\/span><\/span><\/p>\n<p style=\"text-align: center;\"><span class=\"TextRun SCXW157146558 BCX9\" lang=\"PT-BR\" xml:lang=\"PT-BR\" data-contrast=\"auto\"><span class=\"NormalTextRun SCXW157146558 BCX9\" data-ccp-parastyle=\"Normal (Web)\">Giovanna Nogueira &#8211; CNPEM<br \/>\n<\/span><\/span><\/p>\n<p style=\"text-align: center;\"><span class=\"TextRun SCXW157146558 BCX9\" lang=\"PT-BR\" xml:lang=\"PT-BR\" data-contrast=\"auto\"><span class=\"NormalTextRun SCXW157146558 BCX9\" data-ccp-parastyle=\"Normal (Web)\">Kerolen Cavanholi &#8211; CNPEM<\/span><\/span><\/p>\n<p style=\"text-align: center;\">Murilo Oliveira &#8211; CNPEM<\/p>\n<p style=\"text-align: center;\"><span class=\"TextRun SCXW157146558 BCX9\" lang=\"PT-BR\" xml:lang=\"PT-BR\" data-contrast=\"auto\"><span class=\"NormalTextRun SCXW157146558 BCX9\" data-ccp-parastyle=\"Normal (Web)\">Priscila Alves &#8211; LNLS\/CNPEM<\/span><\/span><\/p>\n<p style=\"text-align: center;\">Vanessa Pereira &#8211; CNPEM<\/p>\n<p>[\/vc_column_text][\/vc_column][vc_column width=&#8221;1\/3&#8243;]<div class=\"dt-fancy-separator h3-size\" style=\"width: 100%;\"><div class=\"dt-fancy-title\" style=\"color: #282657;\"><span class=\"separator-holder separator-left\" style=\"border-color: #314fb0;\"><\/span>National Committee<span class=\"separator-holder separator-right\" style=\"border-color: #314fb0;\"><\/span><\/div><\/div>[vc_empty_space][vc_column_text]<\/p>\n<p style=\"text-align: center;\"><span data-contrast=\"auto\">Anderson Gomes &#8211; UFPE\u202f<\/span><span data-ccp-props=\"{&quot;134233117&quot;:false,&quot;134233118&quot;:false,&quot;201341983&quot;:0,&quot;335559738&quot;:0,&quot;335559739&quot;:0,&quot;335559740&quot;:240}\">\u00a0<\/span><\/p>\n<p style=\"text-align: center;\"><span data-contrast=\"auto\">Andrea Latge &#8211; UFF<\/span><span data-ccp-props=\"{&quot;134233117&quot;:false,&quot;134233118&quot;:false,&quot;201341983&quot;:0,&quot;335559738&quot;:0,&quot;335559739&quot;:0,&quot;335559740&quot;:240}\">\u00a0<\/span><\/p>\n<p style=\"text-align: center;\"><span data-contrast=\"auto\">\u00c2ngela Klautau &#8211; UFPA<\/span><\/p>\n<p style=\"text-align: center;\"><span data-contrast=\"auto\">Bruno R. Carvalho &#8211; UFRN<\/span><\/p>\n<p style=\"text-align: center;\"><span data-contrast=\"auto\">Claudio Radtke &#8211; UFRGS<\/span><\/p>\n<p style=\"text-align: center;\"><span data-contrast=\"auto\">Diego Rabelo da Costa &#8211; UFC<\/span><\/p>\n<p style=\"text-align: center;\"><span data-contrast=\"auto\">Elie Albert Moujaess &#8211; UNIR<\/span><\/p>\n<p style=\"text-align: center;\"><span data-contrast=\"auto\">Guilherme Sipahi &#8211; USP<\/span><\/p>\n<p style=\"text-align: center;\"><span data-contrast=\"auto\">Joaquim Mendes &#8211; UFV<\/span><\/p>\n<p style=\"text-align: center;\"><span data-contrast=\"auto\">Lu\u00eds Greg\u00f3rio &#8211; USP<\/span><\/p>\n<p style=\"text-align: center;\"><span data-contrast=\"auto\">Teldo Anderson da Silva Pereira &#8211; UFMT<\/span><\/p>\n<p style=\"text-align: center;\"><span data-contrast=\"auto\">Yara Gobato &#8211; UFSCar<\/span><\/p>\n<p>[\/vc_column_text][\/vc_column][\/vc_row]<\/p>\n<\/div>","protected":false},"excerpt":{"rendered":"<p>[vc_row][vc_column width=&#8221;1\/3&#8243;][vc_empty_space][vc_column_text] Chair: Ingrid D. Barcelos \u2013 Centro Nacional de Pesquisa em Energia e Materiais (LNLS\/CNPEM), Campinas-SP, Brazil Co-Chair: Alisson R. Cadore \u2013 Centro Nacional de Pesquisa em Energia e Materiais (LNNano\/CNPEM), Campinas-SP, Brazil Abner de Siervo &#8211; Universidade Estadual de Campinas, Brazil Andr\u00e9 Chaves &#8211; Instituto Tecnol\u00f3gico de Aeron\u00e1utica, Brazil Rodrigo B. Capaz &#8211;&hellip;<\/p>\n","protected":false},"author":883,"featured_media":0,"parent":0,"menu_order":0,"comment_status":"closed","ping_status":"closed","template":"","meta":{"_uf_show_specific_survey":0,"_uf_disable_surveys":false,"footnotes":""},"class_list":["post-15","page","type-page","status-publish","hentry","description-off"],"_links":{"self":[{"href":"https:\/\/pages.cnpem.br\/21bwsp\/wp-json\/wp\/v2\/pages\/15","targetHints":{"allow":["GET"]}}],"collection":[{"href":"https:\/\/pages.cnpem.br\/21bwsp\/wp-json\/wp\/v2\/pages"}],"about":[{"href":"https:\/\/pages.cnpem.br\/21bwsp\/wp-json\/wp\/v2\/types\/page"}],"author":[{"embeddable":true,"href":"https:\/\/pages.cnpem.br\/21bwsp\/wp-json\/wp\/v2\/users\/883"}],"replies":[{"embeddable":true,"href":"https:\/\/pages.cnpem.br\/21bwsp\/wp-json\/wp\/v2\/comments?post=15"}],"version-history":[{"count":0,"href":"https:\/\/pages.cnpem.br\/21bwsp\/wp-json\/wp\/v2\/pages\/15\/revisions"}],"wp:attachment":[{"href":"https:\/\/pages.cnpem.br\/21bwsp\/wp-json\/wp\/v2\/media?parent=15"}],"curies":[{"name":"wp","href":"https:\/\/api.w.org\/{rel}","templated":true}]}}