{"id":684,"date":"2022-03-03T17:34:50","date_gmt":"2022-03-03T17:34:50","guid":{"rendered":"https:\/\/pages.cnpem.br\/anuario\/?page_id=684"},"modified":"2022-05-20T14:28:49","modified_gmt":"2022-05-20T14:28:49","slug":"diarios-da-pandemia","status":"publish","type":"page","link":"https:\/\/pages.cnpem.br\/anuario\/diarios-da-pandemia\/","title":{"rendered":"DI\u00c1RIOS DA PANDEMIA"},"content":{"rendered":"<div class=\"wpb-content-wrapper\"><p>[vc_row][vc_column][vc_empty_space height=&#8221;16px&#8221;]<div id=\"ultimate-heading-912969e3eb82f2871\" class=\"uvc-heading ult-adjust-bottom-margin ultimate-heading-912969e3eb82f2871 uvc-4843 anuario-chapeu-materia3 uvc-heading-default-font-sizes\" data-hspacer=\"no_spacer\"  data-halign=\"left\" style=\"text-align:left\"><div class=\"uvc-heading-spacer no_spacer\" style=\"top\"><\/div><div class=\"uvc-main-heading ult-responsive\"  data-ultimate-target='.uvc-heading.ultimate-heading-912969e3eb82f2871 h6'  data-responsive-json-new='{\"font-size\":\"\",\"line-height\":\"\"}' ><h6 style=\"--font-weight:theme;\">ROTINA<\/h6><\/div><\/div>[vc_empty_space height=&#8221;16px&#8221;]<div id=\"ultimate-heading-461969e3eb82f28ff\" class=\"uvc-heading ult-adjust-bottom-margin ultimate-heading-461969e3eb82f28ff uvc-2194  uvc-heading-default-font-sizes\" data-hspacer=\"no_spacer\"  data-halign=\"left\" style=\"text-align:left\"><div class=\"uvc-heading-spacer no_spacer\" style=\"top\"><\/div><div class=\"uvc-main-heading ult-responsive\"  data-ultimate-target='.uvc-heading.ultimate-heading-461969e3eb82f28ff h3'  data-responsive-json-new='{\"font-size\":\"\",\"line-height\":\"\"}' ><h3 style=\"font-family:&#039;Roboto Condensed&#039;;font-weight:700;\">DI\u00c1RIOS DA PANDEMIA<\/h3><\/div><\/div>[vc_empty_space height=&#8221;16px&#8221;][vc_column_text]Parecia ser algo passageiro, e com otimismo nos isolamos, adaptando as rotinas e aprendendo a ficar em casa. Novas receitas, velhas s\u00e9ries, arruma\u00e7\u00f5es h\u00e1 tempos postergadas&#8230;muito trabalho.<\/p>\n<p>[\/vc_column_text][\/vc_column][\/vc_row][vc_row][vc_column][vc_single_image image=&#8221;686&#8243; img_size=&#8221;1200&#215;400&#8243; add_caption=&#8221;yes&#8221; el_class=&#8221;anuario-img-materia3&#8243;][vc_column_text]<\/p>\n<p style=\"text-align: left;\"><span style=\"font-family: ROBOTO, helvetica, arial, sans-serif;\"><strong><em>Os \u00faltimos dois anos foram desafiadores para todos. Transforma\u00e7\u00f5es aconteceram n\u00e3o s\u00f3 nos ambientes de trabalho, mas nas vidas e no dia a dia das pessoas. Como foi para alguns colaboradores do CNPEM?<\/em><\/strong><\/span><\/p>\n<p>[\/vc_column_text][\/vc_column][\/vc_row][vc_row el_class=&#8221;anuario-borda-materia3&#8243;][vc_column width=&#8221;1\/2&#8243;]<div id=\"ultimate-heading-497369e3eb82f2950\" class=\"uvc-heading ult-adjust-bottom-margin ultimate-heading-497369e3eb82f2950 uvc-9109 anuario-chapeu-materia3 azul uvc-heading-default-font-sizes\" data-hspacer=\"no_spacer\"  data-halign=\"left\" style=\"text-align:left\"><div class=\"uvc-heading-spacer no_spacer\" style=\"top\"><\/div><div class=\"uvc-main-heading ult-responsive\"  data-ultimate-target='.uvc-heading.ultimate-heading-497369e3eb82f2950 h6'  data-responsive-json-new='{\"font-size\":\"\",\"line-height\":\"\"}' ><h6 style=\"--font-weight:theme;\">MAIKO CARLOS DE BARROS<\/h6><\/div><div class=\"uvc-sub-heading ult-responsive\"  data-ultimate-target='.uvc-heading.ultimate-heading-497369e3eb82f2950 .uvc-sub-heading '  data-responsive-json-new='{\"font-size\":\"\",\"line-height\":\"\"}'  style=\"font-weight:normal;\">Analista de Desenvolvimento Tecnol\u00f3gico<\/div><\/div>[vc_empty_space height=&#8221;30px&#8221;][vc_empty_space height=&#8221;30px&#8221;]<div id=\"ultimate-heading-971969e3eb82f2988\" class=\"uvc-heading ult-adjust-bottom-margin ultimate-heading-971969e3eb82f2988 uvc-6125  uvc-heading-default-font-sizes\" data-hspacer=\"no_spacer\"  data-halign=\"left\" style=\"text-align:left\"><div class=\"uvc-heading-spacer no_spacer\" style=\"top\"><\/div><div class=\"uvc-main-heading ult-responsive\"  data-ultimate-target='.uvc-heading.ultimate-heading-971969e3eb82f2988 h2'  data-responsive-json-new='{\"font-size\":\"\",\"line-height\":\"\"}' ><h2 style=\"font-family:&#039;Roboto Condensed&#039;;font-weight:700;\">Cozinhar, pedalar, repensar: h\u00e1bitos adquiridos no confinamento ajudam a superar momentos sens\u00edveis<\/h2><\/div><\/div>[vc_empty_space height=&#8221;30px&#8221;][vc_empty_space height=&#8221;30px&#8221;][vc_column_text]<\/p>\n<p style=\"text-align: justify;\">Na Planta Piloto Para Desenvolvimento de Processos (PPDP) \u2013 instala\u00e7\u00e3o para escalonamento de tecnologias, as atividades foram interrompidas e o sil\u00eancio imperou.<\/p>\n<p style=\"text-align: justify;\">Cena rar\u00edssima: o ambiente \u00e9 conhecido pelos caracter\u00edsticos aromas de fermenta\u00e7\u00e3o e hidr\u00f3lise, pelo som da ponte rolante, pelos &#8220;beeps&#8221; da instrumenta\u00e7\u00e3o automatizada e pelos sopros da pesada maquinaria que opera sob press\u00e3o. A PPDP se calou e, como cada um de n\u00f3s, sentiu a pandemia.<\/p>\n<p style=\"text-align: justify;\">Colaborador do CNPEM desde 2011, Maiko Carlos de Barros, \u00e9 analista de desenvolvimento tecnol\u00f3gico em instrumenta\u00e7\u00e3o na PPDP e experimentou a sensa\u00e7\u00e3o do afastamento do local de trabalho. \u201cA Planta parou quando houve o lockdown. Ningu\u00e9m sabia o que estava acontecendo porque tudo era muito in\u00e9dito. Depois de um m\u00eas o CNPEM estabeleceu crit\u00e9rios rigorosos e come\u00e7amos a retomar algumas atividades e entregas essenciais\u201d, lembra Maiko. \u201cO CNPEM ofereceu condi\u00e7\u00f5es para que os colaboradores pudessem voltar com seguran\u00e7a\u201d, afirma.<\/p>\n<p style=\"text-align: justify;\">Como muitos, Maiko se viu confinado e, consequentemente, com mais tempo \u00e0 disposi\u00e7\u00e3o. Dispensado da necessidade de se deslocar diariamente, realocou as horas adicionais a outras atividades para se ocupar e afastar a enxurrada de not\u00edcias ruins que chegavam por todos os lados, da TV ao celular. Em casa, com a esposa e o casal de filhos, botou em pr\u00e1tica os dotes culin\u00e1rios. A empreitada se provou bem-sucedida e os resultados foram sentidos no corpo, com quilinhos adicionais aparecendo aqui e acol\u00e1. \u201cEm poucas semanas foram dois quilos\u201d, diverte-se.<\/p>\n<p style=\"text-align: justify;\">\u201cNotei o aumento de peso e ir para academia era uma alternativa completamente fora de cogita\u00e7\u00e3o\u201d, conta. Foi ent\u00e3o que Maiko recebeu o convite de outro colega da PPDP para pedalar. \u201cO Carlinhos [Carlos de Oliveira Filho, coordenador da PPDP] me chamou para andar de bicicleta e eu topei. Pedalamos por cidades vizinhas, como Pedreira e Holambra, e percebi que gostava daquilo. Era um escape e um exerc\u00edcio ao mesmo tempo\u201d. O que come\u00e7ou como passeios despretensiosos acabou se tornando mais do que um meio de transporte e deu o estalo do que seria uma mudan\u00e7a de paradigma.<\/p>\n<p>[\/vc_column_text][\/vc_column][vc_column width=&#8221;1\/2&#8243;][vc_single_image image=&#8221;250&#8243; img_size=&#8221;615&#215;300&#8243; el_class=&#8221;anuario-img-materia3&#8243;][vc_column_text]<\/p>\n<p style=\"text-align: center;\"><span style=\"font-size: 10pt;\"><em>O raro sil\u00eancio tornou-se rotina na Planta Piloto Para Desenvolvimento de Processos (PPDP)<\/em><\/span><\/p>\n<p>[\/vc_column_text][vc_column_text]<\/p>\n<p style=\"text-align: justify;\"><strong>Abra\u00e7ando a sustentabilidade<\/strong><\/p>\n<p style=\"text-align: justify;\">A sustentabilidade \u00e9 um dos fios condutores das pesquisas desenvolvidas no CNPEM. Equipes dedicadas a an\u00e1lises de ciclo de vida, avalia\u00e7\u00f5es tecnol\u00f3gicas e ecossist\u00eamicas simulam e calculam os impactos dos desenvolvimentos tecnol\u00f3gicos produzidos no Laborat\u00f3rio. A Planta Piloto \u00e9 o ambiente que transforma realiza\u00e7\u00f5es feitas em n\u00edvel laboratorial em processos de larga escala, e converte experimentos de pequenas dimens\u00f5es em grandes volumes, unindo a expertise da e sensibilidade da equipe para lidar com gargalos e desafios do escalonamento. Maiko e o time de t\u00e9cnicos, analistas e especialistas da PPDP trabalham em sincronia, em tr\u00eas turnos, e permitem o funcionamento eficiente e ininterrupto de grandes projetos de interesse global \u2013 at\u00e9 mesmo em uma pandemia.<\/p>\n<p style=\"text-align: justify;\">Os projetos v\u00e3o desde o desenvolvimento de tecnologias e microrganismos para convers\u00e3o de res\u00edduos da agroind\u00fastria em biocombust\u00edveis, \u00e0 utiliza\u00e7\u00e3o de mat\u00e9rias-primas renov\u00e1veis para a produ\u00e7\u00e3o de biomateriais (pl\u00e1sticos e pol\u00edmeros, por exemplo) e bioprodutos (como \u00e1cidos e solventes). As etapas cr\u00edticas que permeiam a transforma\u00e7\u00e3o da ind\u00fastria em dire\u00e7\u00e3o a um planeta com emiss\u00f5es de Gases de Efeito Estufa (GEE) mais controladas, passam pelo CNPEM.<\/p>\n<p style=\"text-align: justify;\">As emiss\u00f5es de GEE, a prop\u00f3sito, ca\u00edram cerca de 7% durante a pandemia. Com deslocamentos menos frequentes, a queda foi uma das mais significativas da hist\u00f3ria segundo estudo publicado na <a href=\"https:\/\/www.nature.com\/articles\/s41558-021-01001-0\"><em>Nature Climate Changes<\/em><\/a>. Para Maiko, em certo momento a volta ao trabalho foi iminente e \u201ca bicicleta me permitiu praticar o distanciamento social, manter em dia os exerc\u00edcios e realizar deslocamentos rapidamente\u201d, conta. \u201cAcima de tudo, a bike foi a oportunidade ideal para que eu pudesse incorporar os valores de sustentabilidade que eu j\u00e1 praticava no CNPEM\u201d, afirma o analista que desde a retomada segura de parte das atividades no CNPEM, em 2020, faz o trajeto casa-trabalho em uma &#8220;magrela&#8221; \u2013 ao todo, s\u00e3o quarenta quil\u00f4metros por dia. \u201cE doze quilos a menos\u201d, completa com bom humor.<\/p>\n<p>[\/vc_column_text][\/vc_column][\/vc_row][vc_row][vc_column]<div id=\"ultimate-heading-531069e3eb82f29c0\" class=\"uvc-heading ult-adjust-bottom-margin ultimate-heading-531069e3eb82f29c0 uvc-5063 anuario-chapeu-materia3 azul uvc-heading-default-font-sizes\" data-hspacer=\"no_spacer\"  data-halign=\"left\" style=\"text-align:left\"><div class=\"uvc-heading-spacer no_spacer\" style=\"top\"><\/div><div class=\"uvc-main-heading ult-responsive\"  data-ultimate-target='.uvc-heading.ultimate-heading-531069e3eb82f29c0 h6'  data-responsive-json-new='{\"font-size\":\"\",\"line-height\":\"\"}' ><h6 style=\"--font-weight:theme;\">FLORIAN MENEAU<\/h6><\/div><div class=\"uvc-sub-heading ult-responsive\"  data-ultimate-target='.uvc-heading.ultimate-heading-531069e3eb82f29c0 .uvc-sub-heading '  data-responsive-json-new='{\"font-size\":\"\",\"line-height\":\"\"}'  style=\"font-weight:normal;\">Pesquisador<\/div><\/div>[vc_empty_space height=&#8221;16px&#8221;][vc_single_image image=&#8221;184&#8243; img_size=&#8221;1200&#215;400&#8243; el_class=&#8221;anuario-img-materia3&#8243;][vc_column_text]<\/p>\n<p style=\"text-align: center;\"><span style=\"font-size: 10pt;\"><em>Florian lidera a esta\u00e7\u00e3o de pesquisa Cateret\u00ea<\/em><\/span><\/p>\n<p>[\/vc_column_text]<div id=\"ultimate-heading-41269e3eb82f2a16\" class=\"uvc-heading ult-adjust-bottom-margin ultimate-heading-41269e3eb82f2a16 uvc-9728  uvc-heading-default-font-sizes\" data-hspacer=\"no_spacer\"  data-halign=\"left\" style=\"text-align:left\"><div class=\"uvc-heading-spacer no_spacer\" style=\"top\"><\/div><div class=\"uvc-main-heading ult-responsive\"  data-ultimate-target='.uvc-heading.ultimate-heading-41269e3eb82f2a16 h3'  data-responsive-json-new='{\"font-size\":\"\",\"line-height\":\"\"}' ><h3 style=\"font-family:&#039;Roboto Condensed&#039;;font-style:italic;font-weight:700;\">Pequenas grandes mudan\u00e7as<\/h3><\/div><\/div>[vc_empty_space height=&#8221;16px&#8221;][vc_column_text]<\/p>\n<p style=\"text-align: justify;\">Nas linhas de luz do Sirius s\u00e3o realizados experimentos que permitem observar aspectos microsc\u00f3picos e nanosc\u00f3picos dos materiais, como os \u00e1tomos e mol\u00e9culas que os constituem que os constituem, seus estados qu\u00edmicos e suas organiza\u00e7\u00f5es espaciais. Elas s\u00e3o planejadas para abrigar instrumenta\u00e7\u00e3o cient\u00edfica avan\u00e7ada, adequada para solucionar problemas em \u00e1reas estrat\u00e9gicas para o desenvolvimento do Pa\u00eds.<\/p>\n<p style=\"text-align: justify;\">Uma delas \u00e9 a linha de luz Cateret\u00ea, coordenada por Florian Meneau. Essa linha de luz, ou cabana experimental, \u00e9 otimizada para a obten\u00e7\u00e3o de imagens tridimensionais com resolu\u00e7\u00e3o nanom\u00e9trica de materiais para as mais diversas aplica\u00e7\u00f5es. Nas ci\u00eancias biol\u00f3gicas, por exemplo, ser\u00e1 poss\u00edvel visualizar as organelas dentro de uma c\u00e9lula e, com isso, inferir sobre efeitos estruturais e metabolismo celular.<\/p>\n<p style=\"text-align: justify;\">&#8220;O in\u00edcio da pandemia coincidiu com o fim da montagem da linha de luz Cateret\u00ea. Entre mar\u00e7o e julho de 2021, \u00edamos ao Sirius, uma pessoa de cada vez, para realizar alguns testes com os diferentes equipamentos. A partir de julho de 2021, quando recebemos o primeiro feixe de luz s\u00edncrotron na linha, o comissionamento foi iniciado com pequenos grupos trabalhando de forma alternada. Obviamente, a comunica\u00e7\u00e3o com os outros grupos de Sirius era mais complicada, mas a motiva\u00e7\u00e3o de todos permitiu seguir em frente com sucesso. Depois de apenas alguns meses de intenso trabalho, pudemos realizar os primeiros experimentos no Cateret\u00ea.<\/p>\n<p style=\"text-align: justify;\">Pessoalmente, tive a imensa alegria do nascimento de minha segunda filha, Margot, o que facilitou a viv\u00eancia desse momento at\u00edpico. Ela foi minha grande mudan\u00e7a!&#8221;<\/p>\n<p>[\/vc_column_text][vc_separator color=&#8221;black&#8221;][\/vc_column][\/vc_row][vc_row][vc_column width=&#8221;1\/2&#8243;]<div id=\"ultimate-heading-184569e3eb82f2a50\" class=\"uvc-heading ult-adjust-bottom-margin ultimate-heading-184569e3eb82f2a50 uvc-7708 anuario-chapeu-materia3 uvc-heading-default-font-sizes\" data-hspacer=\"no_spacer\"  data-halign=\"left\" style=\"text-align:left\"><div class=\"uvc-heading-spacer no_spacer\" style=\"top\"><\/div><div class=\"uvc-main-heading ult-responsive\"  data-ultimate-target='.uvc-heading.ultimate-heading-184569e3eb82f2a50 h6'  data-responsive-json-new='{\"font-size\":\"\",\"line-height\":\"\"}' ><h6 style=\"--font-weight:theme;\">RENATA ROCHA OLIVEIRA<\/h6><\/div><div class=\"uvc-sub-heading ult-responsive\"  data-ultimate-target='.uvc-heading.ultimate-heading-184569e3eb82f2a50 .uvc-sub-heading '  data-responsive-json-new='{\"font-size\":\"\",\"line-height\":\"\"}'  style=\"font-weight:normal;\">Especialista em Desenvolvimento Tecnol\u00f3gico<\/div><\/div>[vc_empty_space height=&#8221;8px&#8221;][vc_single_image image=&#8221;256&#8243; img_size=&#8221;full&#8221; el_class=&#8221;anuario-img-materia3&#8243;][vc_column_text]<\/p>\n<p style=\"text-align: center;\"><span style=\"font-size: 10pt;\"><em>Renata trabalhou dia e noite produzindo cristais de prote\u00ednas do v\u00edrus SARS-CoV-2 para serem difratados na linha de luz Manac\u00e1, do Sirius<\/em><\/span><\/p>\n<p>[\/vc_column_text][vc_column_text][\/vc_column_text][vc_row_inner][vc_column_inner width=&#8221;1\/4&#8243;][vc_icon icon_fontawesome=&#8221;fas fa-quote-left&#8221; color=&#8221;custom&#8221; size=&#8221;lg&#8221; align=&#8221;right&#8221; custom_color=&#8221;#f08f1c&#8221;][\/vc_column_inner][vc_column_inner width=&#8221;1\/2&#8243;][vc_column_text]<span style=\"font-size: 14pt;\"><strong><em>Foi intenso de novos desafios e conhecimentos que eu consegui vencer o medo e a aus\u00eancia da fam\u00edlia, e aproveitar cada segundo dessa experi\u00eancia incr\u00edvel de ser uma cientista em um novo mundo, onde a ci\u00eancia era protagonista.<\/em><\/strong><\/span>[\/vc_column_text][\/vc_column_inner][vc_column_inner width=&#8221;1\/4&#8243;][vc_empty_space height=&#8221;160px&#8221; el_class=&#8221;.nao-exibir-mobile&#8221;][vc_icon icon_fontawesome=&#8221;fas fa-quote-right&#8221; color=&#8221;custom&#8221; size=&#8221;lg&#8221; custom_color=&#8221;#f08f1c&#8221;][\/vc_column_inner][\/vc_row_inner][\/vc_column][vc_column width=&#8221;1\/2&#8243;]<div id=\"ultimate-heading-3869e3eb82f2a80\" class=\"uvc-heading ult-adjust-bottom-margin ultimate-heading-3869e3eb82f2a80 uvc-7897  uvc-heading-default-font-sizes\" data-hspacer=\"no_spacer\"  data-halign=\"left\" style=\"text-align:left\"><div class=\"uvc-heading-spacer no_spacer\" style=\"top\"><\/div><div class=\"uvc-main-heading ult-responsive\"  data-ultimate-target='.uvc-heading.ultimate-heading-3869e3eb82f2a80 h2'  data-responsive-json-new='{\"font-size\":\"\",\"line-height\":\"\"}' ><h2 style=\"--font-weight:theme;\">Pela produ\u00e7\u00e3o de cristais reveladores<\/h2><\/div><\/div>[vc_empty_space height=&#8221;16px&#8221;][vc_column_text]<\/p>\n<p style=\"text-align: justify;\">A cristalografia de prote\u00ednas ajuda a determinar a estrutura tridimensional de macromol\u00e9culas, gerando informa\u00e7\u00f5es cruciais para entender o desenvolvimentos de doen\u00e7as e apoiar a descoberta de novos medicamentos. A t\u00e9cnica \u00e9 utilizada para a visualiza\u00e7\u00e3o de cristais feitos por especialistas em cristaliza\u00e7\u00e3o, que minuciosamente buscam formas de gerar cristais que possam ser difratados com precis\u00e3o.<\/p>\n<p style=\"text-align: justify;\">Durante os dois primeiros anos da for\u00e7a tarefa formada no CNPEM para a busca de solu\u00e7\u00f5es de combate ao v\u00edrus SARS-CoV-2, a gera\u00e7\u00e3o de cristais de prote\u00ednas componentes do v\u00edrus foi crucial para a compreens\u00e3o de seus mecanismos de a\u00e7\u00e3o. Renata Rocha \u00e9 uma das respons\u00e1veis por este trabalho. Por diversas vezes, ela foi a primeira a acender as luzes das bancadas, no in\u00edcio do dia, e a apagar tamb\u00e9m, ao ser a \u00faltima a sair.<\/p>\n<p style=\"text-align: justify;\">\u201cO trabalho durante a pandemia, para mim, foi um grande desafio. Tudo come\u00e7ou exatamente no momento do comunicado do CNPEM de afastamento das atividades presenciais, o que eu jamais poderia imaginar vivenciar um dia, at\u00e9 a dif\u00edcil decis\u00e3o de aceitar o convite para retornar as atividades presenciais, e me juntar a colegas em uma importante for\u00e7a-tarefa de enfrentamento e resposta a emergente pandemia de Covid-19. A pandemia chegava naquele exato momento, e diante daquele cen\u00e1rio de incertezas e medo, foi a decis\u00e3o mais desafiadora que tomei at\u00e9 o momento em minha vida. Retornei, \u00e9ramos poucos e aquela rotina conhecida j\u00e1 n\u00e3o existia mais. Enfrentamos muitos desafios. Tarefas complexas e cansativas, isolamento, sil\u00eancio nos laborat\u00f3rios e corredores, mas ao mesmo tempo foi t\u00e3o intenso de novos desafios e conhecimentos que eu consegui vencer o medo e a aus\u00eancia da fam\u00edlia, e aproveitar cada segundo dessa experi\u00eancia incr\u00edvel de ser uma cientista em um novo mundo, onde a ci\u00eancia era protagonista. N\u00e3o tenho palavras para descrever o quanto foi grandioso na minha vida e carreira profissional essa experi\u00eancia vivida, juntamente com pesquisadores que eu sempre admirei e me espelhei durante todo esse tempo que trabalho no CNPEM.\u201d<\/p>\n<p>[\/vc_column_text][\/vc_column][\/vc_row][vc_row][vc_column]<div id=\"ultimate-heading-518569e3eb82f2aab\" class=\"uvc-heading ult-adjust-bottom-margin ultimate-heading-518569e3eb82f2aab uvc-726 anuario-chapeu-materia3 azul uvc-heading-default-font-sizes\" data-hspacer=\"no_spacer\"  data-halign=\"left\" style=\"text-align:left\"><div class=\"uvc-heading-spacer no_spacer\" style=\"top\"><\/div><div class=\"uvc-main-heading ult-responsive\"  data-ultimate-target='.uvc-heading.ultimate-heading-518569e3eb82f2aab h6'  data-responsive-json-new='{\"font-size\":\"\",\"line-height\":\"\"}' ><h6 style=\"--font-weight:theme;\">CAROLINA PIROGINI TORRES<\/h6><\/div><div class=\"uvc-sub-heading ult-responsive\"  data-ultimate-target='.uvc-heading.ultimate-heading-518569e3eb82f2aab .uvc-sub-heading '  data-responsive-json-new='{\"font-size\":\"\",\"line-height\":\"\"}'  style=\"font-weight:normal;\">T\u00e9cnica de Laborat\u00f3rio<\/div><\/div>[vc_empty_space height=&#8221;16px&#8221;][vc_single_image image=&#8221;228&#8243; img_size=&#8221;1200&#215;400&#8243; add_caption=&#8221;yes&#8221; el_class=&#8221;anuario-img-materia3&#8243;][vc_column_text]<\/p>\n<p style=\"text-align: center;\"><span style=\"font-size: 10pt;\"><em>Carolina opera equipamentos que s\u00e3o inclusive oferecidos para uso de usu\u00e1rios externos, atrav\u00e9s da submiss\u00e3o de propostas para o LNNano<\/em><\/span><\/p>\n<p>[\/vc_column_text]<div id=\"ultimate-heading-151969e3eb82f2ae5\" class=\"uvc-heading ult-adjust-bottom-margin ultimate-heading-151969e3eb82f2ae5 uvc-8290  uvc-heading-default-font-sizes\" data-hspacer=\"no_spacer\"  data-halign=\"left\" style=\"text-align:left\"><div class=\"uvc-heading-spacer no_spacer\" style=\"top\"><\/div><div class=\"uvc-main-heading ult-responsive\"  data-ultimate-target='.uvc-heading.ultimate-heading-151969e3eb82f2ae5 h3'  data-responsive-json-new='{\"font-size\":\"\",\"line-height\":\"\"}' ><h3 style=\"font-family:&#039;Roboto Condensed&#039;;font-style:italic;font-weight:700;\">Caracteriza\u00e7\u00e3o de materiais e auto conhecimento<\/h3><\/div><\/div>[vc_empty_space height=&#8221;16px&#8221;][vc_column_text]<\/p>\n<p style=\"text-align: justify;\">Carolina Torres trabalha na Divis\u00e3o de S\u00edntese do LNNano, com a opera\u00e7\u00e3o do equipamento de Espectroscopia Confocal Raman e dos equipamentos de an\u00e1lises t\u00e9rmicas, Calor\u00edmetro Explorat\u00f3rio Diferencial (DSC) e Termogravimetria (TGA). A Espectroscopia Confocal Raman \u00e9 uma t\u00e9cnica de caracteriza\u00e7\u00e3o de materiais utilizada para identifica\u00e7\u00e3o, por exemplo, de fun\u00e7\u00f5es qu\u00edmicas, tamanho cristalino, diferencia\u00e7\u00e3o de polimorfos e empilhamento. As an\u00e1lises t\u00e9rmicas s\u00e3o realizadas, no geral, para determinar propriedades de um material para maior compreens\u00e3o sobre ele. Normalmente as medidas trazem informa\u00e7\u00f5es sobre hidrata\u00e7\u00e3o, temperaturas caracter\u00edsticas (fus\u00e3o, transi\u00e7\u00e3o v\u00edtrea, cristaliza\u00e7\u00e3o), entalpia de rea\u00e7\u00f5es, avalia\u00e7\u00f5es cin\u00e9ticas, transi\u00e7\u00f5es de fase, entre outras aplica\u00e7\u00f5es, dados cruciais para a compreens\u00e3o e produ\u00e7\u00e3o de nanomateriais.<\/p>\n<p style=\"text-align: justify;\">\u201cLidar com o cen\u00e1rio da pandemia n\u00e3o foi nada f\u00e1cil. Iniciei minha jornada de trabalho no CNPEM em julho de 2020, quando tudo ainda era muito novo, as informa\u00e7\u00f5es sobre a Covid-19 eram vagas, o medo enorme e as perspectivas de solu\u00e7\u00f5es ou melhoras eram quase nulas. N\u00e3o tive um per\u00edodo de home-office. Desde o primeiro dia estava aqui presencialmente. Era dif\u00edcil e triste ver tudo t\u00e3o vazio e poder conhecer pouqu\u00edssimas pessoas, e essa foi a realidade por longos meses. N\u00e3o existiam muitas an\u00e1lises a serem realizadas, n\u00e3o existiam discuss\u00f5es e nem vidrarias espalhadas na bancada. Durante esses dois anos, contra\u00ed Covid-19 e perdi uma das pessoas mais importantes da minha vida para esse v\u00edrus, sem nem dar nela um \u00faltimo abra\u00e7o. Posso dizer que na mesma propor\u00e7\u00e3o que senti uma dor emocionalmente terr\u00edvel, precisei ter coragem para respirar e continuar firme, e foi assim, que me descobri na minha carreira e cresci pessoal e profissionalmente. Aceitei desafios, estudei, abracei oportunidades importantes, me descobri mais forte do que eu j\u00e1 imaginei que seria, conheci pessoas sensacionais que fizeram a carga ficar mais leve, al\u00e9m de serem profissionais que me incentivam, apoiam e inspiram todos os dias. Tenho orgulho de fazer parte de um time t\u00e3o incr\u00edvel.<\/p>\n<p>[\/vc_column_text][vc_separator color=&#8221;black&#8221;][\/vc_column][\/vc_row]<\/p>\n<\/div>","protected":false},"excerpt":{"rendered":"<p>[vc_row][vc_column][vc_empty_space height=&#8221;16px&#8221;][vc_empty_space height=&#8221;16px&#8221;][vc_empty_space height=&#8221;16px&#8221;][vc_column_text]Parecia ser algo passageiro, e com otimismo nos isolamos, adaptando as rotinas e aprendendo a ficar em casa. Novas receitas, velhas s\u00e9ries, arruma\u00e7\u00f5es h\u00e1 tempos postergadas&#8230;muito trabalho. [\/vc_column_text][\/vc_column][\/vc_row][vc_row][vc_column][vc_single_image image=&#8221;686&#8243; img_size=&#8221;1200&#215;400&#8243; add_caption=&#8221;yes&#8221; el_class=&#8221;anuario-img-materia3&#8243;][vc_column_text] Os \u00faltimos dois anos foram desafiadores para todos. Transforma\u00e7\u00f5es aconteceram n\u00e3o s\u00f3 nos ambientes de trabalho, mas nas vidas e&hellip;<\/p>\n","protected":false},"author":1471,"featured_media":0,"parent":0,"menu_order":17,"comment_status":"closed","ping_status":"closed","template":"","meta":{"footnotes":""},"class_list":["post-684","page","type-page","status-publish","hentry","description-off"],"jetpack_sharing_enabled":true,"_links":{"self":[{"href":"https:\/\/pages.cnpem.br\/anuario\/wp-json\/wp\/v2\/pages\/684","targetHints":{"allow":["GET"]}}],"collection":[{"href":"https:\/\/pages.cnpem.br\/anuario\/wp-json\/wp\/v2\/pages"}],"about":[{"href":"https:\/\/pages.cnpem.br\/anuario\/wp-json\/wp\/v2\/types\/page"}],"author":[{"embeddable":true,"href":"https:\/\/pages.cnpem.br\/anuario\/wp-json\/wp\/v2\/users\/1471"}],"replies":[{"embeddable":true,"href":"https:\/\/pages.cnpem.br\/anuario\/wp-json\/wp\/v2\/comments?post=684"}],"version-history":[{"count":0,"href":"https:\/\/pages.cnpem.br\/anuario\/wp-json\/wp\/v2\/pages\/684\/revisions"}],"wp:attachment":[{"href":"https:\/\/pages.cnpem.br\/anuario\/wp-json\/wp\/v2\/media?parent=684"}],"curies":[{"name":"wp","href":"https:\/\/api.w.org\/{rel}","templated":true}]}}