{"id":2,"date":"2022-05-12T15:00:32","date_gmt":"2022-05-12T15:00:32","guid":{"rendered":"https:\/\/pages.cnpem.br\/biophysicsminicourse\/?page_id=2"},"modified":"2022-09-01T18:58:46","modified_gmt":"2022-09-01T18:58:46","slug":"sample-page","status":"publish","type":"page","link":"https:\/\/pages.cnpem.br\/biophysicsminicourse\/","title":{"rendered":"Home"},"content":{"rendered":"<div class=\"wpb-content-wrapper\"><p>[vc_row full_width=&#8221;stretch_row&#8221; equal_height=&#8221;yes&#8221; type=&#8221;vc_default&#8221; css=&#8221;.vc_custom_1624997468809{padding-top: 15px !important;}&#8221;][vc_column][vc_row_inner equal_height=&#8221;yes&#8221;][vc_column_inner width=&#8221;1\/2&#8243;][vc_empty_space height=&#8221;10px&#8221;][vc_text_separator title=&#8221;Welcome&#8221; i_icon_fontawesome=&#8221;fas fa-sign-in-alt&#8221; i_color=&#8221;sandy_brown&#8221; color=&#8221;sandy_brown&#8221; border_width=&#8221;3&#8243; add_icon=&#8221;true&#8221;][vc_column_text]<\/p>\n<p style=\"text-align: justify\">The <a href=\"http:\/\/lnls.cnpem.br\">Brazilian Synchrotron Light Laboratory (LNLS)<\/a>\u00a0of the <a href=\"http:\/\/cnpem.br\">Brazilian Center for Research in Energy and Materials (CNPEM)<\/a>, will host<strong>\u00a0<\/strong>from<strong> September 1-3\u00a0<\/strong>the <strong>Biophysics Latin America Mini-Course: In-situ SRCD, Micro-FTIR and Coherent X-Ray diffraction<\/strong><strong>\u00a0<\/strong>as new experimental tools for Molecular and Cellular Biophysics. The Mini-course will take place at Sirius located at CNPEM campus, in Campinas-SP, Brazil as a <strong>satellite event<\/strong> of the scientific activities of the <strong>46th Congress of the Brazilian Society of Biophysics (SBBf)\/Latin American Federation of Biophysical Societies (Lafebs)<\/strong> co-organized with the <strong>51th Annual Meeting of the Brazilian Society of Biochemistry and Molecular Biology (SBBq)<\/strong>.<\/p>\n<p><strong>Mini-course Format<\/strong><\/p>\n<p>The Biophysics Latin America Mini-Course will be focused on three new techniques and beamlines available at the Sirius, the Brazilian synchrotron light source, in the format of classes and hands-on: <strong>SRCD<\/strong>; <strong>micro-FTIR<\/strong> and <strong>Coherent X-Ray Diffraction<\/strong>[\/vc_column_text][vc_cta h2=&#8221;Important Dates&#8221; style=&#8221;outline&#8221; color=&#8221;sandy-brown&#8221;]<\/p>\n<table style=\"border-collapse: collapse;width: 100%\">\n<tbody>\n<tr>\n<td style=\"width: 56.3529%\">Registrations<\/td>\n<td style=\"width: 43.6471%\">From 30 May to 30 June<\/td>\n<\/tr>\n<tr>\n<td style=\"width: 56.3529%\">Notification of acceptance<\/td>\n<td style=\"width: 43.6471%\"><del>8 July<\/del> 18 July<\/td>\n<\/tr>\n<tr>\n<td style=\"width: 56.3529%\">Grants announcement<\/td>\n<td style=\"width: 43.6471%\"><del>8 July<\/del> 18 July<\/td>\n<\/tr>\n<tr>\n<td style=\"width: 56.3529%\"><em><strong>Biophysics Latin America Mini-Course<\/strong><\/em><\/td>\n<td style=\"width: 43.6471%\"><strong><em>1-3 September<\/em><\/strong><\/td>\n<\/tr>\n<\/tbody>\n<\/table>\n<p>[\/vc_cta][vc_message message_box_style=&#8221;solid-icon&#8221; icon_fontawesome=&#8221;fas fa-graduation-cap&#8221;]<\/p>\n<pre id=\"tw-target-text\" class=\"tw-data-text tw-text-large tw-ta\" dir=\"ltr\" data-placeholder=\"Tradu\u00e7\u00e3o\"><strong><span style=\"font-family: 'courier new', courier, monospace;font-size: 12pt\">The organization of the Biophysics Latin America mini-course will issue certificates of participation, respecting a <span style=\"color: #ff0000\">minimum of 75% attendance<\/span>. Certificates will be sent online <u>within 10 days<\/u> of the event.<\/span><\/strong><\/pre>\n<p>[\/vc_message][vc_message message_box_color=&#8221;success&#8221;]Notification of acceptance for participants was sent by e-mail by the organizing committe. In case of questions, contact itri@if.usp.br[\/vc_message][\/vc_column_inner][vc_column_inner width=&#8221;1\/2&#8243;][vc_empty_space height=&#8221;10px&#8221;][vc_text_separator title=&#8221;Program&#8221; i_icon_fontawesome=&#8221;fas fa-sign-in-alt&#8221; i_color=&#8221;sandy_brown&#8221; color=&#8221;sandy_brown&#8221; border_width=&#8221;3&#8243; add_icon=&#8221;true&#8221;][vc_cta h2=&#8221;&#8221; h4=&#8221;Day 1 &#8211; 09\/01\/22&#8243; style=&#8221;3d&#8221; color=&#8221;sandy-brown&#8221;]<\/p>\n<table style=\"border-collapse: collapse;width: 102.17%;height: 103px\">\n<tbody>\n<tr style=\"height: 34px\">\n<td style=\"width: 24.8503%;height: 34px\"><strong>08h00 &#8211; 09h00<\/strong><\/td>\n<td style=\"width: 75.1497%;height: 34px\">Arrival of students to Sirius\/CNPEM and badge distribution<\/td>\n<\/tr>\n<tr style=\"height: 27px\">\n<td style=\"width: 24.8503%;height: 27px\"><strong>09h00 &#8211; 09h30<\/strong><\/td>\n<td style=\"width: 75.1497%;height: 27px\">Introduction: Mateus Borba Cardoso &#8211; CNPEM<\/td>\n<\/tr>\n<tr style=\"height: 21px\">\n<td style=\"width: 24.8503%;height: 21px\"><strong>09h30 -12h30<\/strong><\/td>\n<td style=\"width: 75.1497%;height: 21px\">Beamline hands-on: SRCD\u00b9; micro-FTIR\u00b2; Coherent X-Ray Diffraction<\/td>\n<\/tr>\n<tr style=\"height: 21px\">\n<td style=\"width: 24.8503%;height: 21px\"><strong>13h30 &#8211; 17h00<\/strong><\/td>\n<td style=\"width: 75.1497%;height: 21px\">Beamline hands-on: SRCD\u00b9; micro-FTIR\u00b2; Coherent X-Ray Diffraction<\/td>\n<\/tr>\n<\/tbody>\n<\/table>\n<p><span style=\"font-size: 8pt\"><em style=\"text-align: center\">\u00b9SRCD: Synchrotron Radiation Circular Dichroism | \u00b2<\/em><em style=\"text-align: center\">micro-FTIR: micro-Fourier Transform Infra-Red<\/em><\/span>[\/vc_cta][vc_cta h2=&#8221;&#8221; h4=&#8221;Day 2 &#8211; 09\/02\/22&#8243; style=&#8221;3d&#8221; color=&#8221;sandy-brown&#8221;]<\/p>\n<table style=\"border-collapse: collapse;width: 104.388%;height: 103px\">\n<tbody>\n<tr style=\"height: 21px\">\n<td style=\"width: 24.8503%;height: 21px\"><strong>09h00 -12h30<\/strong><\/td>\n<td style=\"width: 75.1497%;height: 21px\">Beamline hands-on: SRCD\u00b9; micro-FTIR\u00b2; Coherent X-Ray Diffraction<\/td>\n<\/tr>\n<tr style=\"height: 21px\">\n<td style=\"width: 24.8503%;height: 21px\"><strong>13h30 &#8211; 17h00<\/strong><\/td>\n<td style=\"width: 75.1497%;height: 21px\">Beamline hands-on: SRCD\u00b9; micro-FTIR\u00b2; Coherent X-Ray Diffraction<\/td>\n<\/tr>\n<\/tbody>\n<\/table>\n<p><span style=\"font-size: 8pt\"><em style=\"text-align: center\">\u00b9SRCD: Synchrotron Radiation Circular Dichroism | \u00b2<\/em><em style=\"text-align: center\">micro-FTIR: micro-Fourier Transform Infra-Red<\/em><\/span>[\/vc_cta][vc_cta h2=&#8221;&#8221; h4=&#8221;Day 3 &#8211; 09\/03\/22&#8243; style=&#8221;3d&#8221; color=&#8221;sandy-brown&#8221;]<\/p>\n<table style=\"border-collapse: collapse;width: 104.388%;height: 103px\">\n<tbody>\n<tr style=\"height: 21px\">\n<td style=\"width: 24.8503%;height: 21px\"><strong>09h00 -12h30<\/strong><\/td>\n<td style=\"width: 75.1497%;height: 21px\">Beamline hands-on: SRCD\u00b9; micro-FTIR\u00b2; Coherent X-Ray Diffraction<\/td>\n<\/tr>\n<tr style=\"height: 21px\">\n<td style=\"width: 24.8503%;height: 21px\"><strong>13h30 &#8211; 17h00<\/strong><\/td>\n<td style=\"width: 75.1497%;height: 21px\">Beamline hands-on: SRCD\u00b9; micro-FTIR\u00b2; Coherent X-Ray Diffraction<\/td>\n<\/tr>\n<\/tbody>\n<\/table>\n<p><span style=\"font-size: 8pt\"><em style=\"text-align: center\">\u00b9SRCD: Synchrotron Radiation Circular Dichroism | \u00b2<\/em><em style=\"text-align: center\">micro-FTIR: micro-Fourier Transform Infra-Red<\/em><\/span>[\/vc_cta][\/vc_column_inner][\/vc_row_inner][vc_row_inner equal_height=&#8221;yes&#8221;][vc_column_inner width=&#8221;1\/2&#8243;][\/vc_column_inner][vc_column_inner width=&#8221;1\/2&#8243;][\/vc_column_inner][\/vc_row_inner][vc_row_inner][vc_column_inner][vc_text_separator title=&#8221;The Techniques&#8221; color=&#8221;sandy_brown&#8221; border_width=&#8221;3&#8243;][\/vc_column_inner][\/vc_row_inner][vc_row_inner][vc_column_inner width=&#8221;1\/3&#8243;][vc_column_text]<\/p>\n<p style=\"text-align: justify\"><strong>SRCD<\/strong>: Cedro is the UV beamline of the Sirius synchrotron dedicated to electronic circular dichroism (CD) spectroscopy. Although, lab-based spectropolarimeters are widespread, the exchange of conventional lamps by the synchrotron light increases the value of CD technique. This spectroscopy is widely recognized for providing structural information on biomolecules, especially proteins. CD signal is sensitive to protein secondary structure and conformational changes upon ligand binding, mutation, interactions, and folding\/unfolding can be detected. In this mini-course, the advantages of synchrotron radiation for CD will be addressed, highlighting the applications to study biomolecules structural features.<\/p>\n<p>[\/vc_column_text][vc_btn title=&#8221;Learn more Cedro beamline&#8221; color=&#8221;warning&#8221; align=&#8221;center&#8221; link=&#8221;url:https%3A%2F%2Fwww.lnls.cnpem.br%2Ffacilities%2Fcedro%2F|target:_blank&#8221;][\/vc_column_inner][vc_column_inner width=&#8221;1\/3&#8243;][vc_column_text]<\/p>\n<p style=\"text-align: justify\"><strong>Micro-FTIR<\/strong>: The Imbuia station is the new synchrotron infrared beamline of the Sirius accelerator. It is a chemical probe able to study multidisciplinary materiais at micro and nano scales. The IMBUIA-micro station is an experimental setup dedicated to IR spectral-imaging exploring classical microscopy (diffraction limited analysis). The station explores mid-IR radiation from a blackbody source and also from the synchrotron storage ring Sirius in a commercial IR spectral microscope. Therefore, this new experimental complex will serve a diversity of scientific fronts including novel energy harvesting materials, drug delivery at nanoscale, biochemistry of single cells, nanophotonic devices for light circuits and more.<\/p>\n<p>[\/vc_column_text][vc_btn title=&#8221;Learn more Imbuia beamline&#8221; color=&#8221;warning&#8221; align=&#8221;center&#8221; link=&#8221;url:https%3A%2F%2Fwww.lnls.cnpem.br%2Ffacilities%2Fimbuia%2F|target:_blank&#8221;][\/vc_column_inner][vc_column_inner width=&#8221;1\/3&#8243;][vc_column_text]<\/p>\n<p style=\"text-align: justify\"><strong>Coherent X-Ray diffraction<\/strong>: The Cateret\u00ea beamline provides unique capabilities in biological and condensed matter imaging and dynamics experiments with particular focus on the application of coherent X-ray scattering and diffraction techniques. The beamline will make possible to answer diverse and multiple questions related to life sciences (biological and medical applications), structural biology (proteins, lipids, macromolecules) and the vast field of material sciences including nanotechnology.<\/p>\n<p>[\/vc_column_text][vc_btn title=&#8221;Learn more Cateret\u00ea beamline&#8221; color=&#8221;warning&#8221; align=&#8221;center&#8221; link=&#8221;url:https%3A%2F%2Fwww.lnls.cnpem.br%2Ffacilities%2Fcaterete%2F|target:_blank&#8221;][\/vc_column_inner][\/vc_row_inner][vc_empty_space][\/vc_column][\/vc_row][vc_row][vc_column][vc_text_separator title=&#8221;Important Information&#8221; color=&#8221;sandy_brown&#8221; border_width=&#8221;3&#8243;][vc_row_inner][vc_column_inner width=&#8221;1\/2&#8243;]<div class=\"standard-arrow bullet-top\"><ul>\n<li style=\"text-align: justify\">The mini-course is aimed to students and early career scientists enthusiastic in <strong>biophysics<\/strong>.<\/li>\n<li style=\"text-align: justify\">The organizing committee is planning a <strong>100% on-site mini-course<\/strong> to promote opportunity for students to interact with researchers at the scientific environment of Sirius.<\/li>\n<li style=\"text-align: justify\">Due to the limitations of physical space and sanitary recommendations, the number of participants for the mini-course is <strong>limited to 24.<\/strong><\/li>\n<li>Selection of participants will be based on<strong> motivation letter<\/strong>, <strong>CV<\/strong> (Lattes or Fapesp curricular resume in case of Brazilian applicants) and information collected at the Registration Form.<\/li>\n<li style=\"text-align: justify\"><strong>No registration fee<\/strong> is required.<\/li>\n<\/ul>\n<\/div>[\/vc_column_inner][vc_column_inner width=&#8221;1\/2&#8243; css=&#8221;.vc_custom_1625058718807{padding-right: 10px !important;padding-left: 10px !important;}&#8221;]<div class=\"standard-arrow bullet-top\"><ul>\n<li>The Mini-course is sponsored by the <strong>International Union for Pure and Applied Biophysics (IUPAB)<\/strong> that may provide partial or full grants to cover travel and accommodation in Campinas for <strong>students and young researchers <\/strong>from Latin America <strong>selected<\/strong> by the Scientific Committee according to information collected via the <strong><a href=\"https:\/\/pages.cnpem.br\/biophysicsminicourse\/applications\/\">Application Form.<\/a><\/strong><\/li>\n<li>Travel and accommodation for the selected students and young researchers for the Mini-course will be a<strong>rranged by the SBBf secretariat<\/strong> after the awards announcement. The participants selected\u00a0 will be <strong>notified by e-mail<\/strong> and a <strong>list with names<\/strong> will be released at this website.<strong>\u00a0<\/strong><\/li>\n<li style=\"text-align: justify\">The <strong>selected<\/strong> students and young researchers of the Mini-course <strong>must also participate<\/strong>\u00a0in the <a href=\"https:\/\/www2.sbbq.org.br\/reuniao\/2022\/\"><strong>SBBf\/SBBq Annual Meeting<\/strong><\/a> in \u00c1guas de Lind\u00f3ia, SP, from 05 to 08 September 2022 with poster presentation, also sponsored by IUPAB. Travel to and from \u00c1guas de Lind\u00f3ia as well as accommodation will be arranged by the SBBf secretariat.<\/li>\n<\/ul>\n<\/div>[\/vc_column_inner][\/vc_row_inner][vc_row_inner content_placement=&#8221;middle&#8221; css=&#8221;.vc_custom_1653417498996{border-top-width: 25px !important;padding-bottom: 25px !important;}&#8221;][vc_column_inner css=&#8221;.vc_custom_1625058718807{padding-right: 10px !important;padding-left: 10px !important;}&#8221;]<style type=\"text\/css\" data-type=\"the7_shortcodes-inline-css\">.icon-with-text-shortcode.icon-text-id-01ee469e7662920ef0fa31ea3d7d7791 .text-icon {\n  width: 80px;\n  height: 80px;\n  line-height: 80px;\n  font-size: 30px;\n  border-radius: 200px;\n  margin: 15px 15px 15px 15px;\n}\n.icon-with-text-shortcode.icon-text-id-01ee469e7662920ef0fa31ea3d7d7791 .text-icon .icon-inner {\n  min-width: 80px;\n  min-height: 80px;\n  border-radius: 200px;\n}\n@media all and (-ms-high-contrast: none) {\n  .icon-with-text-shortcode.icon-text-id-01ee469e7662920ef0fa31ea3d7d7791 .text-icon .icon-inner {\n    height: 80px;\n  }\n}\n.icon-with-text-shortcode.icon-text-id-01ee469e7662920ef0fa31ea3d7d7791 .text-icon .dt-hover-icon {\n  line-height: 80px;\n}\n.icon-with-text-shortcode.icon-text-id-01ee469e7662920ef0fa31ea3d7d7791 .text-icon:before,\n.icon-with-text-shortcode.icon-text-id-01ee469e7662920ef0fa31ea3d7d7791 .text-icon:after,\n.icon-with-text-shortcode.icon-text-id-01ee469e7662920ef0fa31ea3d7d7791 .text-icon .icon-inner:before,\n.icon-with-text-shortcode.icon-text-id-01ee469e7662920ef0fa31ea3d7d7791 .text-icon .icon-inner:after {\n  min-width: 100%;\n  min-height: 100%;\n  padding: inherit;\n  border-radius: inherit;\n}\n.icon-with-text-shortcode.icon-text-id-01ee469e7662920ef0fa31ea3d7d7791 .text-icon.dt-icon-border-on:before {\n  border-width: 2px;\n  border-style: solid;\n}\n.dt-icon-border-dashed.icon-with-text-shortcode.icon-text-id-01ee469e7662920ef0fa31ea3d7d7791 .text-icon.dt-icon-border-on:before {\n  border-style: dashed;\n}\n.dt-icon-border-dotted.icon-with-text-shortcode.icon-text-id-01ee469e7662920ef0fa31ea3d7d7791 .text-icon.dt-icon-border-on:before {\n  border-style: dotted;\n}\n.dt-icon-border-double.icon-with-text-shortcode.icon-text-id-01ee469e7662920ef0fa31ea3d7d7791 .text-icon.dt-icon-border-on:before {\n  border-style: double;\n}\n.icon-with-text-shortcode.icon-text-id-01ee469e7662920ef0fa31ea3d7d7791 .text-icon.dt-icon-border-dashed.dt-icon-border-on:before {\n  border-style: dashed;\n}\n.icon-with-text-shortcode.icon-text-id-01ee469e7662920ef0fa31ea3d7d7791 .text-icon.dt-icon-border-dotted.dt-icon-border-on:before {\n  border-style: dotted;\n}\n.icon-with-text-shortcode.icon-text-id-01ee469e7662920ef0fa31ea3d7d7791 .text-icon.dt-icon-border-double.dt-icon-border-on:before {\n  border-style: double;\n}\n.icon-with-text-shortcode.icon-text-id-01ee469e7662920ef0fa31ea3d7d7791 .text-icon.dt-icon-hover-border-on:after {\n  border-width: 2px;\n  border-style: solid;\n}\n.icon-with-text-shortcode.icon-text-id-01ee469e7662920ef0fa31ea3d7d7791 .text-icon.dt-icon-border-dashed.dt-icon-hover-border-on:after {\n  border-style: dashed;\n}\n.icon-with-text-shortcode.icon-text-id-01ee469e7662920ef0fa31ea3d7d7791 .text-icon.dt-icon-border-dotted.dt-icon-hover-border-on:after {\n  border-style: dotted;\n}\n.icon-with-text-shortcode.icon-text-id-01ee469e7662920ef0fa31ea3d7d7791 .text-icon.dt-icon-border-double.dt-icon-hover-border-on:after {\n  border-style: double;\n}\n.icon-with-text-shortcode.icon-text-id-01ee469e7662920ef0fa31ea3d7d7791 .text-icon.dt-icon-hover-on:hover {\n  font-size: 30px;\n}\n#page .icon-with-text-shortcode.icon-text-id-01ee469e7662920ef0fa31ea3d7d7791 .text-icon.dt-icon-hover-on:hover .soc-font-icon,\n#phantom .icon-with-text-shortcode.icon-text-id-01ee469e7662920ef0fa31ea3d7d7791 .text-icon.dt-icon-hover-on:hover .soc-font-icon,\n#page .icon-with-text-shortcode.icon-text-id-01ee469e7662920ef0fa31ea3d7d7791 .text-icon.dt-icon-hover-on:hover .soc-icon,\n#phantom .icon-with-text-shortcode.icon-text-id-01ee469e7662920ef0fa31ea3d7d7791 .text-icon.dt-icon-hover-on:hover .soc-icon {\n  color: #fff;\n  background: none;\n}\n#page .icon-with-text-shortcode.icon-text-id-01ee469e7662920ef0fa31ea3d7d7791 .text-icon.dt-icon-hover-on:not(:hover) .soc-font-icon,\n#phantom .icon-with-text-shortcode.icon-text-id-01ee469e7662920ef0fa31ea3d7d7791 .text-icon.dt-icon-hover-on:not(:hover) .soc-font-icon,\n#page .icon-with-text-shortcode.icon-text-id-01ee469e7662920ef0fa31ea3d7d7791 .text-icon.dt-icon-hover-on:not(:hover) .soc-icon,\n#phantom .icon-with-text-shortcode.icon-text-id-01ee469e7662920ef0fa31ea3d7d7791 .text-icon.dt-icon-hover-on:not(:hover) .soc-icon,\n#page .icon-with-text-shortcode.icon-text-id-01ee469e7662920ef0fa31ea3d7d7791 .text-icon.dt-icon-hover-off .soc-font-icon,\n#phantom .icon-with-text-shortcode.icon-text-id-01ee469e7662920ef0fa31ea3d7d7791 .text-icon.dt-icon-hover-off .soc-font-icon,\n#page .icon-with-text-shortcode.icon-text-id-01ee469e7662920ef0fa31ea3d7d7791 .text-icon.dt-icon-hover-off .soc-icon,\n#phantom .icon-with-text-shortcode.icon-text-id-01ee469e7662920ef0fa31ea3d7d7791 .text-icon.dt-icon-hover-off .soc-icon {\n  color: #ffffff;\n  background: none;\n}\n.icon-with-text-shortcode.icon-text-id-01ee469e7662920ef0fa31ea3d7d7791.layout-1 {\n  grid-template-columns: 80px minmax(0,1fr);\n  grid-column-gap: 30px;\n}\n.icon-with-text-shortcode.icon-text-id-01ee469e7662920ef0fa31ea3d7d7791.layout-2 {\n  grid-template-columns: minmax(0,1fr) 80px;\n  grid-column-gap: 15px;\n}\n.icon-with-text-shortcode.icon-text-id-01ee469e7662920ef0fa31ea3d7d7791.layout-2 .text-icon {\n  margin-left: 0;\n}\n.icon-with-text-shortcode.icon-text-id-01ee469e7662920ef0fa31ea3d7d7791.layout-3 {\n  grid-template-columns: 80px minmax(0,1fr);\n}\n.icon-with-text-shortcode.icon-text-id-01ee469e7662920ef0fa31ea3d7d7791.layout-3 .dt-text-title {\n  margin-left: 15px;\n}\n.icon-with-text-shortcode.icon-text-id-01ee469e7662920ef0fa31ea3d7d7791 .dt-text-title,\n.icon-with-text-shortcode.icon-text-id-01ee469e7662920ef0fa31ea3d7d7791 .dt-text-title a {\n  font-weight: bold;\n}\n.icon-with-text-shortcode.icon-text-id-01ee469e7662920ef0fa31ea3d7d7791 .dt-text-title {\n  margin-bottom: 5px;\n}\n.icon-with-text-shortcode.icon-text-id-01ee469e7662920ef0fa31ea3d7d7791 .dt-text-desc {\n  margin-bottom: 20px;\n  font-size: 18px;\n}<\/style><div class=\"icon-with-text-shortcode  icon-text-id-01ee469e7662920ef0fa31ea3d7d7791 layout-1  \" ><span   class=\"text-icon dt-icon-bg-on dt-icon-hover-off\" ><span class=\"icon-inner\"><i class=\"dt-regular-icon soc-icon icomoon-the7-font-the7-mail-01\"><\/i><i class=\"dt-hover-icon soc-icon icomoon-the7-font-the7-mail-01\"><\/i><\/span><\/span><h5 class=\"dt-text-title\"  >Contact<\/h5><div class=\"dt-text-desc\">In case of questions, please contact itri@if.usp.br to get more information.<\/div><a href=\"mailto:itri@if.usp.br\" class=\"anchor-link  default-btn-shortcode dt-btn dt-btn-s link-hover-off\" target=\"_blank\" rel=\"noopener\"><span>Contact Here<\/span><\/a><\/div>[\/vc_column_inner][\/vc_row_inner][\/vc_column][\/vc_row][vc_row][vc_column width=&#8221;1\/2&#8243;][vc_text_separator title=&#8221;Scientific Organizing Committee&#8221; color=&#8221;violet&#8221;]<div class=\"standard-arrow bullet-top\"><ul>\n<li>Rosangela Itri (IFUSP\/SBBf president) &#8211; <strong>Chair person<\/strong><\/li>\n<li>Mateus Borba Cardoso (LNLS\/CNPEM)<\/li>\n<li>Leandro Ramos Souza Barbosa (LNLS\/CNPEM)<\/li>\n<li>Juliana Sakamoto Yoneda (LNLS\/CNPEM) &#8211; CEDRO beamline<\/li>\n<li>Raul de O. Freitas (LNLS\/CNPEM) &#8211; IMBUIA beamline<\/li>\n<li>Carla Polo (LNLS\/CNPEM) &#8211; Cateret\u00ea beamline<\/li>\n<\/ul>\n<\/div>[\/vc_column][vc_column width=&#8221;1\/2&#8243;][vc_text_separator title=&#8221;Local Organizing Committee&#8221; color=&#8221;sandy_brown&#8221;]<div class=\"standard-arrow bullet-top\"><ul>\n<li>Ariane Almeida (CNPEM)<\/li>\n<li>Amanda Kokol (CNPEM)<\/li>\n<li>Dora Marques (CNPEM)<\/li>\n<\/ul>\n<\/div>[\/vc_column][\/vc_row][vc_row][vc_column width=&#8221;1\/2&#8243;][vc_text_separator title=&#8221;Suported by&#8221; color=&#8221;sandy_brown&#8221;][vc_row_inner][vc_column_inner width=&#8221;1\/2&#8243;][vc_empty_space height=&#8221;12px&#8221;][vc_single_image image=&#8221;12&#8243; img_size=&#8221;large&#8221; alignment=&#8221;center&#8221;][\/vc_column_inner][vc_column_inner width=&#8221;1\/2&#8243;][vc_single_image image=&#8221;21&#8243; img_size=&#8221;medium&#8221; alignment=&#8221;center&#8221;][\/vc_column_inner][\/vc_row_inner][\/vc_column][vc_column width=&#8221;1\/2&#8243;][vc_text_separator title=&#8221;Organized by&#8221; color=&#8221;sandy_brown&#8221;][vc_empty_space height=&#8221;12px&#8221;][vc_single_image image=&#8221;25&#8243; img_size=&#8221;700&#215;100&#8243; alignment=&#8221;center&#8221;][\/vc_column][\/vc_row]<\/p>\n<\/div>","protected":false},"excerpt":{"rendered":"<p>[vc_row full_width=&#8221;stretch_row&#8221; equal_height=&#8221;yes&#8221; type=&#8221;vc_default&#8221; css=&#8221;.vc_custom_1624997468809{padding-top: 15px !important;}&#8221;][vc_column][vc_row_inner equal_height=&#8221;yes&#8221;][vc_column_inner width=&#8221;1\/2&#8243;][vc_empty_space height=&#8221;10px&#8221;][vc_text_separator title=&#8221;Welcome&#8221; i_icon_fontawesome=&#8221;fas fa-sign-in-alt&#8221; i_color=&#8221;sandy_brown&#8221; color=&#8221;sandy_brown&#8221; border_width=&#8221;3&#8243; add_icon=&#8221;true&#8221;][vc_column_text] The Brazilian Synchrotron Light Laboratory (LNLS)\u00a0of the Brazilian Center for Research in Energy and Materials (CNPEM), will host\u00a0from September 1-3\u00a0the Biophysics Latin America Mini-Course: In-situ SRCD, Micro-FTIR and Coherent X-Ray diffraction\u00a0as new experimental tools for Molecular and Cellular&hellip;<\/p>\n","protected":false},"author":529,"featured_media":0,"parent":0,"menu_order":0,"comment_status":"closed","ping_status":"closed","template":"template-microsite.php","meta":{"footnotes":""},"class_list":["post-2","page","type-page","status-publish","hentry","description-off"],"aioseo_notices":[],"_links":{"self":[{"href":"https:\/\/pages.cnpem.br\/biophysicsminicourse\/wp-json\/wp\/v2\/pages\/2","targetHints":{"allow":["GET"]}}],"collection":[{"href":"https:\/\/pages.cnpem.br\/biophysicsminicourse\/wp-json\/wp\/v2\/pages"}],"about":[{"href":"https:\/\/pages.cnpem.br\/biophysicsminicourse\/wp-json\/wp\/v2\/types\/page"}],"author":[{"embeddable":true,"href":"https:\/\/pages.cnpem.br\/biophysicsminicourse\/wp-json\/wp\/v2\/users\/529"}],"replies":[{"embeddable":true,"href":"https:\/\/pages.cnpem.br\/biophysicsminicourse\/wp-json\/wp\/v2\/comments?post=2"}],"version-history":[{"count":0,"href":"https:\/\/pages.cnpem.br\/biophysicsminicourse\/wp-json\/wp\/v2\/pages\/2\/revisions"}],"wp:attachment":[{"href":"https:\/\/pages.cnpem.br\/biophysicsminicourse\/wp-json\/wp\/v2\/media?parent=2"}],"curies":[{"name":"wp","href":"https:\/\/api.w.org\/{rel}","templated":true}]}}