{"id":16,"date":"2018-03-23T09:12:59","date_gmt":"2018-03-23T12:12:59","guid":{"rendered":"http:\/\/pages.cnpem.br\/biorreatores\/?page_id=16"},"modified":"2025-07-04T09:37:03","modified_gmt":"2025-07-04T12:37:03","slug":"inscricao","status":"publish","type":"page","link":"https:\/\/pages.cnpem.br\/biorreatores\/inscricao\/","title":{"rendered":"INSCRI\u00c7\u00c3O"},"content":{"rendered":"<div class=\"wpb-content-wrapper\"><p>[vc_row][vc_column width=&#8221;2\/3&#8243;][vc_text_separator title=&#8221;INSCREVA-SE&#8221; color=&#8221;black&#8221; border_width=&#8221;2&#8243;][vc_column_text css=&#8221;&#8221;]<\/p>\n<p style=\"text-align: justify;\">Inscreva-se na 11\u00aa edi\u00e7\u00e3o do Curso de Biorreatores. Haver\u00e1 <span style=\"text-decoration: underline;\">processo de sele\u00e7\u00e3o<\/span> e sua inscri\u00e7\u00e3o n\u00e3o garante participa\u00e7\u00e3o no curso.<\/p>\n<p>[\/vc_column_text][vc_empty_space height=&#8221;50px&#8221;][\/vc_column][vc_column width=&#8221;1\/3&#8243;][vc_text_separator title=&#8221;Datas importantes&#8221; color=&#8221;black&#8221; border_width=&#8221;2&#8243;][vc_column_text css=&#8221;&#8221;]<\/p>\n<table style=\"width: 96.7506%; height: 176px;\" width=\"100%\">\n<tbody>\n<tr style=\"height: 22px;\">\n<td style=\"height: 22px; width: 74.0187%;\" width=\"60%\"><span style=\"color: #000000;\"><strong>A\u00e7\u00e3o<\/strong><\/span><\/td>\n<td style=\"height: 22px; width: 24.9813%;\" width=\"39%\"><span style=\"color: #000000;\"><strong>Data<\/strong><\/span><\/td>\n<\/tr>\n<tr style=\"height: 22px;\">\n<td style=\"height: 22px; width: 74.0187%;\" width=\"60%\"><span style=\"color: #000000;\">Abertura de inscri\u00e7\u00f5es 11\u00aa edi\u00e7\u00e3o<\/span><\/td>\n<td style=\"height: 22px; width: 24.9813%;\" width=\"39%\">4\/7\/2025<\/td>\n<\/tr>\n<tr style=\"height: 22px;\">\n<td style=\"height: 22px; width: 74.0187%;\" width=\"60%\"><span style=\"color: #000000;\">Encerramento das inscri\u00e7\u00f5es<\/span><\/td>\n<td style=\"height: 22px; width: 24.9813%;\" width=\"39%\">21\/7\/2025<\/td>\n<\/tr>\n<tr style=\"height: 22px;\">\n<td style=\"width: 74.0187%; height: 22px;\"><span style=\"color: #000000;\">Divulga\u00e7\u00e3o dos selecionados <span style=\"font-size: 10pt;\"><strong>(1\u00aa chamada)<\/strong><\/span><\/span><\/td>\n<td style=\"width: 24.9813%; height: 22px;\">25\/7\/2025<\/td>\n<\/tr>\n<tr style=\"height: 22px;\">\n<td style=\"width: 74.0187%; height: 22px;\"><span style=\"color: #000000;\">Prazo para confirma\u00e7\u00e3o de presen\u00e7a dos selecionados <span style=\"font-size: 10pt;\"><strong>(1\u00aa chamada)<\/strong><\/span><\/span><\/td>\n<td style=\"width: 24.9813%; height: 22px;\">at\u00e9 6\/8\/2025<\/td>\n<\/tr>\n<tr style=\"height: 22px;\">\n<td style=\"width: 74.0187%; height: 22px;\"><span style=\"color: #000000;\">Divulga\u00e7\u00e3o dos selecionados <span style=\"font-size: 10pt;\"><strong>(2\u00aa chamada)<\/strong><\/span><\/span><\/td>\n<td style=\"width: 24.9813%; height: 22px;\">7\/8\/2025<\/td>\n<\/tr>\n<tr style=\"height: 22px;\">\n<td style=\"width: 74.0187%; height: 22px;\"><span style=\"color: #000000;\">Prazo para confirma\u00e7\u00e3o de presen\u00e7a dos selecionados <span style=\"font-size: 10pt;\"><strong>(2\u00aa chamada)<\/strong><\/span><\/span><\/td>\n<td style=\"width: 24.9813%; height: 22px;\">at\u00e9 14\/8\/2025<\/td>\n<\/tr>\n<tr style=\"height: 22px;\">\n<td style=\"height: 22px; width: 74.0187%;\" width=\"60%\"><strong><span style=\"color: #000000;\"><em>Realiza\u00e7\u00e3o do 11\u00ba Curso de Biorreatores<\/em><\/span><\/strong><\/td>\n<td style=\"height: 22px; width: 24.9813%;\" width=\"39%\"><strong><span style=\"color: #000000;\"><em>2 a 5\/9\/2025<\/em><\/span><\/strong><\/td>\n<\/tr>\n<\/tbody>\n<\/table>\n<p>[\/vc_column_text][\/vc_column][\/vc_row]<\/p>\n<\/div>","protected":false},"excerpt":{"rendered":"<p>[vc_row][vc_column width=&#8221;2\/3&#8243;][vc_text_separator title=&#8221;INSCREVA-SE&#8221; color=&#8221;black&#8221; border_width=&#8221;2&#8243;][vc_column_text css=&#8221;&#8221;] Inscreva-se na 11\u00aa edi\u00e7\u00e3o do Curso de Biorreatores. Haver\u00e1 processo de sele\u00e7\u00e3o e sua inscri\u00e7\u00e3o n\u00e3o garante participa\u00e7\u00e3o no curso. [\/vc_column_text][vc_empty_space height=&#8221;50px&#8221;][\/vc_column][vc_column width=&#8221;1\/3&#8243;][vc_text_separator title=&#8221;Datas importantes&#8221; color=&#8221;black&#8221; border_width=&#8221;2&#8243;][vc_column_text css=&#8221;&#8221;] A\u00e7\u00e3o Data Abertura de inscri\u00e7\u00f5es 11\u00aa edi\u00e7\u00e3o 4\/7\/2025 Encerramento das inscri\u00e7\u00f5es 21\/7\/2025 Divulga\u00e7\u00e3o dos selecionados (1\u00aa chamada) 25\/7\/2025 Prazo para confirma\u00e7\u00e3o&hellip;<\/p>\n","protected":false},"author":546,"featured_media":0,"parent":0,"menu_order":0,"comment_status":"closed","ping_status":"closed","template":"","meta":{"footnotes":""},"class_list":["post-16","page","type-page","status-publish","hentry","description-off"],"_links":{"self":[{"href":"https:\/\/pages.cnpem.br\/biorreatores\/wp-json\/wp\/v2\/pages\/16","targetHints":{"allow":["GET"]}}],"collection":[{"href":"https:\/\/pages.cnpem.br\/biorreatores\/wp-json\/wp\/v2\/pages"}],"about":[{"href":"https:\/\/pages.cnpem.br\/biorreatores\/wp-json\/wp\/v2\/types\/page"}],"author":[{"embeddable":true,"href":"https:\/\/pages.cnpem.br\/biorreatores\/wp-json\/wp\/v2\/users\/546"}],"replies":[{"embeddable":true,"href":"https:\/\/pages.cnpem.br\/biorreatores\/wp-json\/wp\/v2\/comments?post=16"}],"version-history":[{"count":0,"href":"https:\/\/pages.cnpem.br\/biorreatores\/wp-json\/wp\/v2\/pages\/16\/revisions"}],"wp:attachment":[{"href":"https:\/\/pages.cnpem.br\/biorreatores\/wp-json\/wp\/v2\/media?parent=16"}],"curies":[{"name":"wp","href":"https:\/\/api.w.org\/{rel}","templated":true}]}}