{"id":73,"date":"2018-06-20T15:30:36","date_gmt":"2018-06-20T18:30:36","guid":{"rendered":"http:\/\/pages.cnpem.br\/biorreatores\/?page_id=73"},"modified":"2026-01-26T16:32:21","modified_gmt":"2026-01-26T19:32:21","slug":"ultima-edicao","status":"publish","type":"page","link":"https:\/\/pages.cnpem.br\/biorreatores\/ultima-edicao\/","title":{"rendered":"\u00daLTIMAS EDI\u00c7\u00d5ES"},"content":{"rendered":"<div class=\"wpb-content-wrapper\"><p>[vc_row][vc_column][vc_column_text css=&#8221;&#8221;]<\/p>\n<h3 style=\"text-align: center\">\u00daLTIMAS EDI\u00c7\u00d5ES DO CURSO<\/h3>\n<p>[\/vc_column_text][vc_separator][vc_tta_tour color=&#8221;mulled-wine&#8221; active_section=&#8221;1&#8243;][vc_tta_section title=&#8221;11\u00aa Edi\u00e7\u00e3o: SET\/2025&#8243; tab_id=&#8221;1769429696365-94b8aa85-0212&#8243;][vc_single_image image=&#8221;669&#8243; img_size=&#8221;large&#8221; css=&#8221;&#8221;][vc_toggle title=&#8221;DATAS IMPORTANTES&#8221; css=&#8221;&#8221;]<\/p>\n<table style=\"width: 96.7506%;height: 176px\" width=\"100%\">\n<tbody>\n<tr style=\"height: 22px\">\n<td style=\"height: 22px;width: 74.0187%\" width=\"60%\"><span style=\"color: #000000\"><strong>A\u00e7\u00e3o<\/strong><\/span><\/td>\n<td style=\"height: 22px;width: 24.9813%\" width=\"39%\"><span style=\"color: #000000\"><strong>Data<\/strong><\/span><\/td>\n<\/tr>\n<tr style=\"height: 22px\">\n<td style=\"height: 22px;width: 74.0187%\" width=\"60%\"><span style=\"color: #000000\">Abertura de inscri\u00e7\u00f5es 11\u00aa edi\u00e7\u00e3o<\/span><\/td>\n<td style=\"height: 22px;width: 24.9813%\" width=\"39%\">4\/7\/2025<\/td>\n<\/tr>\n<tr style=\"height: 22px\">\n<td style=\"height: 22px;width: 74.0187%\" width=\"60%\"><span style=\"color: #000000\">Encerramento das inscri\u00e7\u00f5es<\/span><\/td>\n<td style=\"height: 22px;width: 24.9813%\" width=\"39%\">21\/7\/2025<\/td>\n<\/tr>\n<tr style=\"height: 22px\">\n<td style=\"width: 74.0187%;height: 22px\"><span style=\"color: #000000\">Divulga\u00e7\u00e3o dos selecionados <span style=\"font-size: 10pt\"><strong>(1\u00aa chamada)<\/strong><\/span><\/span><\/td>\n<td style=\"width: 24.9813%;height: 22px\">25\/7\/2025<\/td>\n<\/tr>\n<tr style=\"height: 22px\">\n<td style=\"width: 74.0187%;height: 22px\"><span style=\"color: #000000\">Prazo para confirma\u00e7\u00e3o de presen\u00e7a dos selecionados <span style=\"font-size: 10pt\"><strong>(1\u00aa chamada)<\/strong><\/span><\/span><\/td>\n<td style=\"width: 24.9813%;height: 22px\">at\u00e9 6\/8\/2025<\/td>\n<\/tr>\n<tr style=\"height: 22px\">\n<td style=\"width: 74.0187%;height: 22px\"><span style=\"color: #000000\">Divulga\u00e7\u00e3o dos selecionados <span style=\"font-size: 10pt\"><strong>(2\u00aa chamada)<\/strong><\/span><\/span><\/td>\n<td style=\"width: 24.9813%;height: 22px\">7\/8\/2025<\/td>\n<\/tr>\n<tr style=\"height: 22px\">\n<td style=\"width: 74.0187%;height: 22px\"><span style=\"color: #000000\">Prazo para confirma\u00e7\u00e3o de presen\u00e7a dos selecionados <span style=\"font-size: 10pt\"><strong>(2\u00aa chamada)<\/strong><\/span><\/span><\/td>\n<td style=\"width: 24.9813%;height: 22px\">at\u00e9 14\/8\/2025<\/td>\n<\/tr>\n<tr style=\"height: 22px\">\n<td style=\"height: 22px;width: 74.0187%\" width=\"60%\"><strong><span style=\"color: #000000\"><em>Realiza\u00e7\u00e3o do 11\u00ba Curso de Biorreatores<\/em><\/span><\/strong><\/td>\n<td style=\"height: 22px;width: 24.9813%\" width=\"39%\"><strong><span style=\"color: #000000\"><em>2 a 5\/9\/2025<\/em><\/span><\/strong><\/td>\n<\/tr>\n<\/tbody>\n<\/table>\n<p>[\/vc_toggle][vc_toggle title=&#8221;PROGRAMA\u00c7\u00c3O&#8221; css=&#8221;&#8221;]<strong>02\/09\/2025 (ter\u00e7a-feira)<\/strong><\/p>\n<table style=\"width: 96.0282%\" width=\"1098\">\n<tbody>\n<tr>\n<td style=\"width: 123px\" width=\"91\"><strong>HOR\u00c1RIO<\/strong><\/td>\n<td style=\"width: 807px\" width=\"617\"><strong>ATIVIDADES<\/strong><\/td>\n<td style=\"width: 157px\" width=\"117\"><strong>LOCAL<\/strong><\/td>\n<\/tr>\n<tr>\n<td style=\"width: 123px\">8:30 \u2013 9:30<\/td>\n<td style=\"width: 807px\">Boas-vindas, credenciamento\u00a0e apresenta\u00e7\u00e3o institucional<\/td>\n<td style=\"width: 157px\">Aqu\u00e1rio<\/td>\n<\/tr>\n<tr>\n<td style=\"width: 123px\">9:30 \u2013 10:45<\/td>\n<td style=\"width: 807px\">Te\u00f3rico I: Processos fermentativos<\/td>\n<td style=\"width: 157px\">Audit\u00f3rio LNBR<\/td>\n<\/tr>\n<tr>\n<td style=\"width: 123px\">11:00 \u2013 13:00<\/td>\n<td style=\"width: 807px\">Te\u00f3rico II: Introdu\u00e7\u00e3o aos biorreatores<\/td>\n<td style=\"width: 157px\">Audit\u00f3rio LNBR<\/td>\n<\/tr>\n<tr>\n<td style=\"width: 123px\">13:00 \u2013 14:00<\/td>\n<td style=\"width: 807px\">Almo\u00e7o<\/td>\n<td style=\"width: 157px\">Refeit\u00f3rio<\/td>\n<\/tr>\n<tr>\n<td style=\"width: 123px\">14:00 \u2013 16:00<\/td>\n<td style=\"width: 807px\">Pr\u00e1tico I: Montagem de biorreatores + Foto Oficial (15h40)<\/td>\n<td style=\"width: 157px\">Laborat\u00f3rio<\/td>\n<\/tr>\n<tr>\n<td style=\"width: 123px\">16:00 &#8211; 17:00<\/td>\n<td style=\"width: 807px\">Visita ao Sirius<\/td>\n<td style=\"width: 157px\">LNBR<\/td>\n<\/tr>\n<\/tbody>\n<\/table>\n<p>&nbsp;<\/p>\n<p><strong>03\/09\/2025 (quarta-feira)<\/strong><\/p>\n<table>\n<tbody>\n<tr>\n<td style=\"width: 123px\" width=\"91\"><strong>HOR\u00c1RIO<\/strong><\/td>\n<td style=\"width: 807px\" width=\"617\"><strong>ATIVIDADES<\/strong><\/td>\n<td style=\"width: 157px\" width=\"117\"><strong>LOCAL<\/strong><\/td>\n<\/tr>\n<tr>\n<td style=\"width: 123px\">08:30 \u2013 10:00<\/td>\n<td style=\"width: 807px\">Te\u00f3rico III: Automa\u00e7\u00e3o e Instrumenta\u00e7\u00e3o aplicadas a bioprocessos<\/td>\n<td style=\"width: 157px\">Audit\u00f3rio LNBR<\/td>\n<\/tr>\n<tr>\n<td style=\"width: 123px\">10:15 \u2013 12:00<\/td>\n<td style=\"width: 807px\">Te\u00f3rico IV: Aplica\u00e7\u00e3o dos sistemas de controle nos bioprocessos<\/td>\n<td style=\"width: 157px\">Audit\u00f3rio LNBR<\/td>\n<\/tr>\n<tr>\n<td style=\"width: 123px\">12:00 \u2013 12:45<\/td>\n<td style=\"width: 807px\">Te\u00f3rico V: Processos fermentativos &#8211; introdu\u00e7\u00e3o aos c\u00e1lculos cin\u00e9ticos<\/td>\n<td style=\"width: 157px\">Audit\u00f3rio LNBR<\/td>\n<\/tr>\n<tr>\n<td style=\"width: 123px\">13:00 \u2013 14:00<\/td>\n<td style=\"width: 807px\">Almo\u00e7o<\/td>\n<td style=\"width: 157px\">Refeit\u00f3rio<\/td>\n<\/tr>\n<tr>\n<td style=\"width: 123px\">14:00 \u2013 17:00<\/td>\n<td style=\"width: 807px\" width=\"617\">Pr\u00e1tico II: Prepara\u00e7\u00e3o do biorreator, sensores e sistemas de transfer\u00eancia para esteriliza\u00e7\u00e3o<\/td>\n<td style=\"width: 157px\">Laborat\u00f3rio<\/td>\n<\/tr>\n<\/tbody>\n<\/table>\n<p>&nbsp;<\/p>\n<p><strong>04\/09\/2025 (quinta-feira)<\/strong><\/p>\n<table>\n<tbody>\n<tr>\n<td style=\"width: 123px\" width=\"91\"><strong>HOR\u00c1RIO<\/strong><\/td>\n<td style=\"width: 807px\" width=\"617\"><strong>ATIVIDADES<\/strong><\/td>\n<td style=\"width: 157px\" width=\"117\"><strong>LOCAL<\/strong><\/td>\n<\/tr>\n<tr>\n<td style=\"width: 123px\">8:15 \u2013 13:00<\/td>\n<td style=\"width: 807px\">Pr\u00e1tico III: Prepara\u00e7\u00e3o do biorreator e in\u00edcio do bioprocesso<\/td>\n<td style=\"width: 157px\">Laborat\u00f3rio<\/td>\n<\/tr>\n<tr>\n<td style=\"width: 123px\">13:00 \u2013 14:00<\/td>\n<td style=\"width: 807px\">Almo\u00e7o<\/td>\n<td style=\"width: 157px\"><\/td>\n<\/tr>\n<tr>\n<td style=\"width: 123px\">14:00 \u2013 17:00<\/td>\n<td style=\"width: 807px\" width=\"617\">Pr\u00e1tico IV: Monitoramento do processo fermentativo<\/td>\n<td style=\"width: 157px\">Laborat\u00f3rio<\/td>\n<\/tr>\n<\/tbody>\n<\/table>\n<p>&nbsp;<\/p>\n<p><strong>05\/09\/2025 (sexta-feira)<\/strong><\/p>\n<table>\n<tbody>\n<tr>\n<td style=\"width: 123px\" width=\"91\"><strong>HOR\u00c1RIO<\/strong><\/td>\n<td style=\"width: 807px\" width=\"617\"><strong>ATIVIDADES<\/strong><\/td>\n<td style=\"width: 157px\" width=\"117\"><strong>LOCAL<\/strong><\/td>\n<\/tr>\n<tr>\n<td style=\"width: 123px\">8:00 \u2013 9:00<\/td>\n<td style=\"width: 807px\" width=\"617\">Pr\u00e1tico V: Finaliza\u00e7\u00e3o do processo fermentativo e prepara\u00e7\u00e3o para descontamina\u00e7\u00e3o<\/td>\n<td style=\"width: 157px\">Laborat\u00f3rio<\/td>\n<\/tr>\n<tr>\n<td style=\"width: 123px\">9:00 \u2013 12:30<\/td>\n<td style=\"width: 807px\">Pr\u00e1tico VI: Tratamento de dados<\/td>\n<td style=\"width: 157px\">Sala<\/td>\n<\/tr>\n<tr>\n<td style=\"width: 123px\">12:30 \u2013 13:15<\/td>\n<td style=\"width: 807px\">Almo\u00e7o<\/td>\n<td style=\"width: 157px\">Refeit\u00f3rio<\/td>\n<\/tr>\n<tr>\n<td style=\"width: 123px\">13:15 \u2013 14:15<\/td>\n<td style=\"width: 807px\">Pr\u00e1tico VII: Apresenta\u00e7\u00e3o dos dados tratados<\/td>\n<td style=\"width: 157px\">Aqu\u00e1rio<\/td>\n<\/tr>\n<\/tbody>\n<\/table>\n<p>[\/vc_toggle][vc_toggle title=&#8221;ORGANIZA\u00c7\u00c3O&#8221; css=&#8221;&#8221;]<strong>Comit\u00ea organizador<\/strong><\/p>\n<p>Carlos Alberto de Oliveira Filho<br \/>\nC\u00edntia Regina Sargo<br \/>\nJaqueline Matsusato Souza<br \/>\nLuana Fernandes Ferraz<br \/>\nMaite B. Correia dos Santos<\/p>\n<p>&nbsp;<\/p>\n<p><strong>Apoio t\u00e9cnico<\/strong><br \/>\nRosenilda Senen<br \/>\nMarcia Regina Luchi de Carvalho[\/vc_toggle][\/vc_tta_section][vc_tta_section title=&#8221;10\u00aa Edi\u00e7\u00e3o: ABRIL\/2025&#8243; tab_id=&#8221;fotos10aedicao&#8221;][vc_media_grid css=&#8221;&#8221; grid_id=&#8221;vc_gid:1769455882086-39d776d1-11f5-10&#8243; include=&#8221;594,595,596,597,598,599,600,601,602,603,604,605,606,607,608,609,610,611,612,613,614,615,616,617,618,619,620&#8243;][\/vc_tta_section][vc_tta_section title=&#8221;9\u00aa Edi\u00e7\u00e3o: SET\/2024&#8243; tab_id=&#8221;1745860781020-4c462c55-dae2&#8243;][vc_media_grid css=&#8221;&#8221; grid_id=&#8221;vc_gid:1769455882087-f76309ce-ef9c-2&#8243; include=&#8221;544,564,574,545,546,547,549,550,551,552,553,554,555,556,557,558,559,560,561,562,563,565,566,567,568,569,570,571,572,573,575,576&#8243;][\/vc_tta_section][vc_tta_section title=&#8221;8\u00aa Edi\u00e7\u00e3o: ABRIL\/2024&#8243; tab_id=&#8221;1726856441210-6b8878ee-52ae&#8221;][vc_media_grid grid_id=&#8221;vc_gid:1769455882087-5a042228-b622-1&#8243; include=&#8221;523,501,497,499,502,503,504,505,506,507,508,509,512,513,514,515,516,517,518,519,520,521,522&#8243;][\/vc_tta_section][vc_tta_section title=&#8221;7\u00aa Edi\u00e7\u00e3o: NOV\/2023&#8243; tab_id=&#8221;1713789160454-f98fbd95-cdb6&#8243;][vc_media_grid grid_id=&#8221;vc_gid:1769455882087-a9a27a00-e95e-1&#8243; include=&#8221;446,445,447,448,449,450,451,452,453,454,455,456,457,459,460,461,462,463,464,465,467,468,469,470,471,472&#8243;][\/vc_tta_section][vc_tta_section title=&#8221;6\u00aa Edi\u00e7\u00e3o: ABR\/2023&#8243; tab_id=&#8221;1701284524494-288d1c04-7456&#8243;][vc_media_grid grid_id=&#8221;vc_gid:1769455882087-33c72266-0fee-1&#8243; include=&#8221;415,362,363,364,365,366,367,368,369,370,371,372,373,374,375,376,377,378,379,380,381,382,383,384,385,386,387,388,389,390,391,392,393,394,395,396,397,398,399,400,401,402,403,404,405,406,407,408,409,410,411,412,413,414,416&#8243;][\/vc_tta_section][vc_tta_section title=&#8221;5\u00aa Edi\u00e7\u00e3o: SET\/2022&#8243; tab_id=&#8221;1682700866776-9cbbde39-5fb5&#8243;][vc_media_grid grid_id=&#8221;vc_gid:1769455882087-2f1d332d-0f1c-8&#8243; include=&#8221;311,312,313,314,315,316,317,318,319,321,322,320,297,296,269,309,308,307,306,305,304,303,302,300,299,298,295,294,293,292,291,290,289,288,287,286,285,284,283,282,281,280,279,278,277,276,275,274,273,272,271,270&#8243;][\/vc_tta_section][vc_tta_section title=&#8221;4\u00aa Edi\u00e7\u00e3o: SET\/2019&#8243; tab_id=&#8221;1663353592495-1a8edc71-e1f4&#8243;][vc_media_grid grid_id=&#8221;vc_gid:1769455882087-d0a3d543-5af5-9&#8243; include=&#8221;173,174,175,176,177,178,179,180,181,182,183,184,185,186,187,188,189,190,191,192,193,194,195,196,197,198,199,200,201,202,223,204,205,206,207,208,209,210,211,212,224,214,215,216,217,218,219,220,221,222&#8243;][\/vc_tta_section][vc_tta_section title=&#8221;3\u00aa Edi\u00e7\u00e3o: ABR\/2019&#8243; tab_id=&#8221;1569595353577-4ef711f2-9ce6&#8243;][vc_media_grid grid_id=&#8221;vc_gid:1769455882087-1e74304c-a37d-3&#8243; include=&#8221;156,137,138,139,141,142,143,144,145,146,147,148,149,150,151,152,154&#8243;][\/vc_tta_section][vc_tta_section title=&#8221;2\u00aa Edi\u00e7\u00e3o: OUT\/2018&#8243; tab_id=&#8221;1554482537986-460bf8fe-c511&#8243;][vc_media_grid grid_id=&#8221;vc_gid:1769455882088-7163accb-b204-6&#8243; include=&#8221;100,101,102,103,104,105,106,108,109,110,111&#8243;][\/vc_tta_section][vc_tta_section title=&#8221;1\u00aa Edi\u00e7\u00e3o: JUN\/2018&#8243; tab_id=&#8221;1540923566802-1a3ff96b-d955&#8243;][vc_single_image image=&#8221;72&#8243; img_size=&#8221;large&#8221;][\/vc_tta_section][\/vc_tta_tour][\/vc_column][\/vc_row][vc_row][vc_column][\/vc_column][\/vc_row]<\/p>\n<\/div>","protected":false},"excerpt":{"rendered":"<p>[vc_row][vc_column][vc_column_text css=&#8221;&#8221;] \u00daLTIMAS EDI\u00c7\u00d5ES DO CURSO [\/vc_column_text][vc_separator][vc_tta_tour color=&#8221;mulled-wine&#8221; active_section=&#8221;1&#8243;][vc_tta_section title=&#8221;11\u00aa Edi\u00e7\u00e3o: SET\/2025&#8243; tab_id=&#8221;1769429696365-94b8aa85-0212&#8243;][vc_single_image image=&#8221;669&#8243; img_size=&#8221;large&#8221; css=&#8221;&#8221;][vc_toggle title=&#8221;DATAS IMPORTANTES&#8221; css=&#8221;&#8221;] A\u00e7\u00e3o Data Abertura de inscri\u00e7\u00f5es 11\u00aa edi\u00e7\u00e3o 4\/7\/2025 Encerramento das inscri\u00e7\u00f5es 21\/7\/2025 Divulga\u00e7\u00e3o dos selecionados (1\u00aa chamada) 25\/7\/2025 Prazo para confirma\u00e7\u00e3o de presen\u00e7a dos selecionados (1\u00aa chamada) at\u00e9 6\/8\/2025 Divulga\u00e7\u00e3o dos selecionados (2\u00aa chamada) 7\/8\/2025 Prazo&hellip;<\/p>\n","protected":false},"author":546,"featured_media":0,"parent":0,"menu_order":0,"comment_status":"closed","ping_status":"closed","template":"","meta":{"footnotes":""},"class_list":["post-73","page","type-page","status-publish","hentry","description-off"],"_links":{"self":[{"href":"https:\/\/pages.cnpem.br\/biorreatores\/wp-json\/wp\/v2\/pages\/73","targetHints":{"allow":["GET"]}}],"collection":[{"href":"https:\/\/pages.cnpem.br\/biorreatores\/wp-json\/wp\/v2\/pages"}],"about":[{"href":"https:\/\/pages.cnpem.br\/biorreatores\/wp-json\/wp\/v2\/types\/page"}],"author":[{"embeddable":true,"href":"https:\/\/pages.cnpem.br\/biorreatores\/wp-json\/wp\/v2\/users\/546"}],"replies":[{"embeddable":true,"href":"https:\/\/pages.cnpem.br\/biorreatores\/wp-json\/wp\/v2\/comments?post=73"}],"version-history":[{"count":0,"href":"https:\/\/pages.cnpem.br\/biorreatores\/wp-json\/wp\/v2\/pages\/73\/revisions"}],"wp:attachment":[{"href":"https:\/\/pages.cnpem.br\/biorreatores\/wp-json\/wp\/v2\/media?parent=73"}],"curies":[{"name":"wp","href":"https:\/\/api.w.org\/{rel}","templated":true}]}}