{"id":126,"date":"2023-01-11T16:02:09","date_gmt":"2023-01-11T16:02:09","guid":{"rendered":"https:\/\/pages.cnpem.br\/cazyme\/?page_id=126"},"modified":"2023-01-31T18:59:43","modified_gmt":"2023-01-31T18:59:43","slug":"2021-enzymes-for-biorenewables","status":"publish","type":"page","link":"https:\/\/pages.cnpem.br\/bioseries\/2021-enzymes-for-biorenewables\/","title":{"rendered":"III IBSB \u2013 Enzymes for Biorenewables"},"content":{"rendered":"<div class=\"wpb-content-wrapper\"><p>[vc_row][vc_column][vc_custom_heading text=&#8221;III IBSB \u2013 Enzymes for Biorenewables&#8221; google_fonts=&#8221;font_family:Yeseva%20One%3Aregular|font_style:400%20regular%3A400%3Anormal&#8221;][vc_column_text]<\/p>\n<p style=\"text-align: justify;\"><strong>III IBSB \u2013 Enzymes for Biorenewables<\/strong><br \/>\n<strong>April 19th to May 21st, 2021<\/strong><\/p>\n<p style=\"text-align: justify;\">Enzymes for Biorenewables is part of a workshop series promoted by the Brazilian Biorenewables National Laboratory, from the Brazilian Center for Research in Energy and Materials (LNBR\/CNPEM) in order to address the main challenges of Biotechnology. CNPEM is a non-profit private organization under the supervision of the Brazilian Ministry of Science, Technology and Innovations (MCTI).<\/p>\n<p style=\"text-align: justify;\">In this edition, the most recent research res.ults regarding enzyme prospection and design, carbohydrate-active enzymes, and redox enzymes mechanism, as well as the development of microbial platforms for the production of industrial enzymes will be discussed. This event is expected to create a welcoming space for discussions and networking among the participants, which will comprise undergraduate and graduate students, professionals, professors, and researchers, working in the Biotechnology field in Brazil. The III IBSB aims to promote a forum to discuss key issues at the state of the art for industrial enzymes development, by disseminating researches developed in Brazil and encouraging a collaborative environment. The event will be hosted as a fully online meeting due to the COVID-19 pandemic.<\/p>\n<ul>\n<li style=\"text-align: justify;\">Workshop Sessions<\/li>\n<li style=\"text-align: justify;\">Microbiomics for Enzyme Discovery<\/li>\n<li style=\"text-align: justify;\">Enzyme Mechanisms<\/li>\n<li style=\"text-align: justify;\">Redox Enzymes<\/li>\n<li style=\"text-align: justify;\">Fungal Platforms for Enzyme Production<\/li>\n<\/ul>\n<h3>Program<\/h3>\n<p>[\/vc_column_text][vc_tta_tabs][vc_tta_section title=&#8221;June 7th&#8221; tab_id=&#8221;1673452832754-f01cbcc8-3441&#8243;][vc_column_text]<\/p>\n<div class=\"dt-fancy-separator title-left h5-size style-disabled\">\n<h4 class=\"dt-fancy-title\">Microbiomics for Enzyme Discovery<\/h4>\n<\/div>\n<div class=\"wpb_text_column wpb_content_element \">\n<div class=\"wpb_wrapper\">\n<table>\n<tbody>\n<tr>\n<td><strong>Speaker\/Activity<\/strong><\/td>\n<td><strong>Title<\/strong><\/td>\n<td><strong>Time<\/strong><\/td>\n<\/tr>\n<tr>\n<td><em>Participant log-in<\/em><\/td>\n<td><b>Participant log-in<\/b><\/td>\n<td>8h15 \u2013 9h<\/td>\n<\/tr>\n<tr>\n<td><em>M\u00e1rio Murakami (LNBR\/CNPEM)<\/em><\/td>\n<td><b>Opening<\/b><\/td>\n<td>9h \u2013 9h10<\/td>\n<\/tr>\n<tr>\n<td><em>Jo\u00e3o C. Setubal (Instituto de Qu\u00edmica, USP)<\/em><\/td>\n<td><strong>The Composting Microbiome<\/strong><\/td>\n<td>9h10 \u2013 9h30<\/td>\n<\/tr>\n<tr>\n<td><em>Gabriela Persinoti (LNBR\/CNPEM)<\/em><\/td>\n<td><strong>Integrated multi-omics of the capybara gut microbiome reveal unprecedented enzymatic strategies for plant polysaccharides breakdown<\/strong><\/td>\n<td>9h30 \u2013 9h50<\/td>\n<\/tr>\n<tr>\n<td><em>Andr\u00e9 Lima (UNIVALI)<\/em><\/td>\n<td><strong>Enzyme prospection from South Atlantic deep-sea bacteria<\/strong><\/td>\n<td>9h50 \u2013 10h10<\/td>\n<\/tr>\n<tr>\n<td><em>Anete Pereira de Souza (Instituto de Biologia, UNICAMP, Campinas, SP)<\/em><\/td>\n<td><strong>Bioprospecting of regulators and enzymes associated with cellulose degradation in\u00a0<em>Trichoderma harzianum<\/em>\u00a0by integrative genomics<\/strong><\/td>\n<td>10h10 \u2013 10h30<\/td>\n<\/tr>\n<tr>\n<td><em>Q&amp;A with Speakers<\/em><\/td>\n<td><strong>Q&amp;A<\/strong><\/td>\n<td>10h30 \u2013 10h50<\/td>\n<\/tr>\n<tr>\n<td><em>Break<\/em><\/td>\n<td><strong>Break<\/strong><\/td>\n<td>10h50 \u2013 11h10<\/td>\n<\/tr>\n<\/tbody>\n<\/table>\n<\/div>\n<\/div>\n<div class=\"dt-fancy-separator title-left h5-size style-disabled\">\n<div class=\"dt-fancy-title\">Enzyme Mechanisms<\/div>\n<\/div>\n<div class=\"wpb_text_column wpb_content_element \">\n<div class=\"wpb_wrapper\">\n<table>\n<tbody>\n<tr>\n<td><strong>Speaker\/Activity<\/strong><\/td>\n<td><strong>Title<\/strong><\/td>\n<td><strong>Time<\/strong><\/td>\n<\/tr>\n<tr>\n<td><em>Munir S. Skaf (Instituto de Qu\u00edmica, UNICAMP, Campinas, SP)<\/em><\/td>\n<td><strong>Glucopyranose ring opening by a glycoside hydrolase: Is it a viable reaction pathway?<\/strong><\/td>\n<td>11h10 \u2013 11h30<\/td>\n<\/tr>\n<tr>\n<td><em>Mariana Morais (LNBR, CNPEM)<\/em><\/td>\n<td><strong>Combining experimental and in silico approaches to reveal the molecular mechanisms of xylanolytic glycoside hydrolases<\/strong><\/td>\n<td>11h30 \u2013 11h50<\/td>\n<\/tr>\n<tr>\n<td><em>Richard J. Ward (Departamento de Qu\u00edmica, USP, Ribeir\u00e3o Preto, SP)<\/em><\/td>\n<td><strong>Designing Enzymes for the Bioeconomy: Improved Biocatalysts for Lignocellulose Breakdown<\/strong><\/td>\n<td>11h50 \u2013 12h10<\/td>\n<\/tr>\n<tr>\n<td><em>Vitor Leite (Instituto de Bioci\u00eancias, Letras e Ci\u00eancias Exatas \u2013 IBILCE, UNESP, S\u00e3o Jos\u00e9 do Rio Preto, SP)<\/em><\/td>\n<td><strong>Protein engineering by optimization of electrostatic interactions<\/strong><\/td>\n<td>12h10 \u2013 12h30<\/td>\n<\/tr>\n<tr>\n<td><em>Q&amp;A with Speakers<\/em><\/td>\n<td><strong>Q&amp;A<\/strong><\/td>\n<td>12h30 \u2013 12h50<\/td>\n<\/tr>\n<tr>\n<td><em>Closing Remarks 1st day<\/em><\/td>\n<td><strong>Closing Remarks<\/strong><\/td>\n<td>12h50 \u2013 13h<\/td>\n<\/tr>\n<\/tbody>\n<\/table>\n<\/div>\n<\/div>\n<p>[\/vc_column_text][\/vc_tta_section][vc_tta_section title=&#8221;June 8th&#8221; tab_id=&#8221;1673452832761-2f3d1312-a9cc&#8221;][vc_column_text]<\/p>\n<div class=\"dt-fancy-separator title-left h5-size style-disabled\">\n<h4 class=\"dt-fancy-title\">Redox Enzymes<\/h4>\n<\/div>\n<div class=\"wpb_text_column wpb_content_element \">\n<div class=\"wpb_wrapper\">\n<table>\n<tbody>\n<tr>\n<td><strong>Speaker\/Activity<\/strong><\/td>\n<td><strong>Title<\/strong><\/td>\n<td><strong>Time<\/strong><\/td>\n<\/tr>\n<tr>\n<td><em>Participant log-in<\/em><\/td>\n<td><b>Participant log-in<\/b><\/td>\n<td>8h15 \u2013 9h<\/td>\n<\/tr>\n<tr>\n<td><em>To be defined (TBD)<\/em><\/td>\n<td><b>Opening<\/b><\/td>\n<td>9h \u2013 9h10<\/td>\n<\/tr>\n<tr>\n<td><em>Fernando Segato (Escola de Engenhara de Lorena, USP, Lorena, SP)<\/em><\/td>\n<td><strong>Functional studies of lytic polysaccharide monooxygenases identified in secretomes of filamentous fungi cultivated in sugarcane bagasse<\/strong><\/td>\n<td>9h10 \u2013 9h30<\/td>\n<\/tr>\n<tr>\n<td><em>Leticia Zanphorlin (LNBR\/CNPEM)<\/em><\/td>\n<td><strong>Decarboxylation mechanisms to produce drop-in chemicals from fatty acids by P450 peroxygenases<\/strong><\/td>\n<td>9h30 \u2013 9h50<\/td>\n<\/tr>\n<tr>\n<td><em>Marco A. Kadowaki (Universit\u00e9 Libre de Bruxelles, \u00c9cole Interfacultaire de Bioing\u00e9nieurs, Bruxelas, B\u00e9lgica)<\/em><\/td>\n<td><strong>Probing the oxidative activity of lytic polysaccharide monooxygenases (LPMOs) with protein-film voltammetry<\/strong><\/td>\n<td>9h50 \u2013 10h10<\/td>\n<\/tr>\n<tr>\n<td><em>Jo\u00e3o Paulo Cairo (Instituto de Biologia, UNICAMP, Campinas, SP)<\/em><\/td>\n<td><strong>The role of redox enzymes in lignocellulose digestion by termites and their biotechnological applications<\/strong><\/td>\n<td>10h10 \u2013 10h30<\/td>\n<\/tr>\n<tr>\n<td><em>Q&amp;A with Speakers<\/em><\/td>\n<td><strong>Q&amp;A<\/strong><\/td>\n<td>10h30 \u2013 10h50<\/td>\n<\/tr>\n<tr>\n<td><em>Break<\/em><\/td>\n<td><strong>Break<\/strong><\/td>\n<td>10h50 \u2013 11h10<\/td>\n<\/tr>\n<\/tbody>\n<\/table>\n<\/div>\n<\/div>\n<div class=\"dt-fancy-separator title-left h5-size style-disabled\">\n<div class=\"dt-fancy-title\">Fungal Platforms for Enzyme Production<\/div>\n<\/div>\n<div class=\"wpb_text_column wpb_content_element \">\n<div class=\"wpb_wrapper\">\n<table>\n<tbody>\n<tr>\n<td><strong>Speaker\/Activity<\/strong><\/td>\n<td><strong>Title<\/strong><\/td>\n<td><strong>Time<\/strong><\/td>\n<\/tr>\n<tr>\n<td><em>Roberto da Silva (USP, Ribeir\u00e3o Preto, SP)<\/em><\/td>\n<td><strong>The black box of transcriptional factors to improve cellulases production in Trichoderma reesei<\/strong><\/td>\n<td>11h10 \u2013 11h30<\/td>\n<\/tr>\n<tr>\n<td><em>Mario Murakami (LNBR\/CNPEM)<\/em><\/td>\n<td><strong>Rational design of a fungal platform for enzyme production under industrially-relevant conditions<\/strong><\/td>\n<td>11h30 \u2013 11h50<\/td>\n<\/tr>\n<tr>\n<td><em>Andr\u00e9 Dam\u00e1sio (Instituto de Biologia, UNICAMP, Campinas, SP)<\/em><\/td>\n<td><strong>The knockout of lytic polysaccharide monooxygenases affects\u00a0<em>Aspergillus nidulans<\/em>\u00a0secretome and growth on plant biomass<\/strong><\/td>\n<td>11h50 \u2013 12h10<\/td>\n<\/tr>\n<tr>\n<td><em>Marli Camassola (Instituto de Biotecnologia, Universidade de Caxias do Sul, Caxias do Sul, RS)<\/em><\/td>\n<td><strong>Once upon a time\u2026 the evolution of enzyme cocktails for lignocellulosic treatment in biorefineries: the history of\u00a0<em>Penicillium echinulatum<\/em>\u00a0and enzyme production strategies<\/strong><\/td>\n<td>12h10 \u2013 12h30<\/td>\n<\/tr>\n<tr>\n<td><em>Q&amp;A with Speakers<\/em><\/td>\n<td><strong>Q&amp;A<\/strong><\/td>\n<td>12h30 \u2013 12h50<\/td>\n<\/tr>\n<tr>\n<td><em>Closing Remarks 2nd day<\/em><\/td>\n<td><strong>Closing Remarks<\/strong><\/td>\n<td>12h50 \u2013 13h<\/td>\n<\/tr>\n<\/tbody>\n<\/table>\n<\/div>\n<\/div>\n<p>[\/vc_column_text][\/vc_tta_section][\/vc_tta_tabs][\/vc_column][\/vc_row]<\/p>\n<\/div>","protected":false},"excerpt":{"rendered":"<p>[vc_row][vc_column][vc_custom_heading text=&#8221;III IBSB \u2013 Enzymes for Biorenewables&#8221; google_fonts=&#8221;font_family:Yeseva%20One%3Aregular|font_style:400%20regular%3A400%3Anormal&#8221;][vc_column_text] III IBSB \u2013 Enzymes for Biorenewables April 19th to May 21st, 2021 Enzymes for Biorenewables is part of a workshop series promoted by the Brazilian Biorenewables National Laboratory, from the Brazilian Center for Research in Energy and Materials (LNBR\/CNPEM) in order to address the main challenges of&hellip;<\/p>\n","protected":false},"author":883,"featured_media":0,"parent":0,"menu_order":0,"comment_status":"closed","ping_status":"closed","template":"","meta":{"footnotes":""},"class_list":["post-126","page","type-page","status-publish","hentry","description-off"],"_links":{"self":[{"href":"https:\/\/pages.cnpem.br\/bioseries\/wp-json\/wp\/v2\/pages\/126","targetHints":{"allow":["GET"]}}],"collection":[{"href":"https:\/\/pages.cnpem.br\/bioseries\/wp-json\/wp\/v2\/pages"}],"about":[{"href":"https:\/\/pages.cnpem.br\/bioseries\/wp-json\/wp\/v2\/types\/page"}],"author":[{"embeddable":true,"href":"https:\/\/pages.cnpem.br\/bioseries\/wp-json\/wp\/v2\/users\/883"}],"replies":[{"embeddable":true,"href":"https:\/\/pages.cnpem.br\/bioseries\/wp-json\/wp\/v2\/comments?post=126"}],"version-history":[{"count":0,"href":"https:\/\/pages.cnpem.br\/bioseries\/wp-json\/wp\/v2\/pages\/126\/revisions"}],"wp:attachment":[{"href":"https:\/\/pages.cnpem.br\/bioseries\/wp-json\/wp\/v2\/media?parent=126"}],"curies":[{"name":"wp","href":"https:\/\/api.w.org\/{rel}","templated":true}]}}