{"id":2107,"date":"2024-08-27T17:44:30","date_gmt":"2024-08-27T20:44:30","guid":{"rendered":"https:\/\/pages.cnpem.br\/bolsasdeverao\/?page_id=2107"},"modified":"2024-08-27T18:12:32","modified_gmt":"2024-08-27T21:12:32","slug":"pbv32-inscricoes","status":"publish","type":"page","link":"https:\/\/pages.cnpem.br\/bolsasdeverao\/es\/pbv32-inscricoes\/","title":{"rendered":"INSCRIPCI\u00d3N"},"content":{"rendered":"<div class=\"wpb-content-wrapper\"><p>[vc_row][vc_column][vc_column_text css=&#8221;&#8221;]<\/p>\n<div class=\"flex-shrink-0 flex flex-col relative items-end\">\n<div>\n<div class=\"pt-0\">\n<div class=\"gizmo-bot-avatar flex h-8 w-8 items-center justify-center overflow-hidden rounded-full\">\n<h3 class=\"relative p-1 rounded-sm flex items-center justify-center bg-token-main-surface-primary text-token-text-primary h-8 w-8\" style=\"text-align: center;\">Antes de iniciar su inscripci\u00f3n, es imprescindible estar al tanto y de acuerdo con los temas incluidos en las secciones:<\/h3>\n<\/div>\n<\/div>\n<\/div>\n<\/div>\n<p>[\/vc_column_text][vc_row_inner][vc_column_inner width=&#8221;1\/2&#8243;][vc_btn title=&#8221;Informaci\u00f3n para los Candidatos&#8221; style=&#8221;flat&#8221; color=&#8221;juicy-pink&#8221; size=&#8221;lg&#8221; align=&#8221;center&#8221; i_icon_fontawesome=&#8221;fas fa-chalkboard-teacher&#8221; css=&#8221;&#8221; button_block=&#8221;true&#8221; add_icon=&#8221;true&#8221; link=&#8221;url:https%3A%2F%2Fpages.cnpem.br%2Fbolsasdeverao%2Fes%2Finformacion-para-los-candidatos%2F&#8221;][\/vc_column_inner][vc_column_inner width=&#8221;1\/2&#8243;][vc_btn title=&#8221;Beneficios y Contrapartidas&#8221; style=&#8221;flat&#8221; color=&#8221;juicy-pink&#8221; size=&#8221;lg&#8221; align=&#8221;center&#8221; i_icon_fontawesome=&#8221;fas fa-hands-helping&#8221; css=&#8221;&#8221; button_block=&#8221;true&#8221; add_icon=&#8221;true&#8221; link=&#8221;url:https%3A%2F%2Fpages.cnpem.br%2Fbolsasdeverao%2Fes%2Fbeneficios-y-contrapartidas%2F&#8221;][\/vc_column_inner][\/vc_row_inner][vc_row_inner][vc_column_inner][vc_empty_space height=&#8221;42px&#8221;][\/vc_column_inner][\/vc_row_inner][vc_row_inner][vc_column_inner width=&#8221;1\/2&#8243;][vc_custom_heading text=&#8221;FORMULARIO DE INSCRIPCI\u00d3N&#8221; font_container=&#8221;tag:h2|text_align:left|color:%234c81c1&#8243; use_theme_fonts=&#8221;yes&#8221; css_animation=&#8221;fadeIn&#8221; css=&#8221;&#8221;][vc_column_text css=&#8221;&#8221;]<\/p>\n<ul>\n<li>Complete el formulario antes del <strong>23 de septiembre<\/strong>;<\/li>\n<li>Los documentos requeridos deben enviarse en formato .pdf. Si el tama\u00f1o del archivo excede el l\u00edmite m\u00e1ximo permitido, recomendamos comprimirlo utilizando herramientas en l\u00ednea gratuitas.<\/li>\n<\/ul>\n<p>[\/vc_column_text][\/vc_column_inner][vc_column_inner width=&#8221;1\/2&#8243;][vc_cta h2=&#8221;&#8221; h4=&#8221;\u00bfDesea ver el formulario de inscripci\u00f3n en espa\u00f1ol?&#8221; add_button=&#8221;bottom&#8221; btn_title=&#8221;INSTALE AQUI&#8221; btn_style=&#8221;3d&#8221; btn_color=&#8221;primary&#8221; btn_align=&#8221;center&#8221; btn_i_icon_fontawesome=&#8221;fas fa-language&#8221; css=&#8221;&#8221; btn_button_block=&#8221;true&#8221; btn_add_icon=&#8221;true&#8221; btn_link=&#8221;url:https%3A%2F%2Fchrome.google.com%2Fwebstore%2Fdetail%2Fgoogle-translate%2Faapbdbdomjkkjkaonfhkkikfgjllcleb%3Futm_source%3Dext_sidebar%26hl%3Dpt-BR|target:_blank&#8221;]<strong>Utilice el navegador Chrome e instale la extensi\u00f3n de Google Traductor.<\/strong><\/p>\n<p><img loading=\"lazy\" decoding=\"async\" class=\"alignnone wp-image-1937\" src=\"https:\/\/pages.cnpem.br\/espem\/wp-content\/uploads\/sites\/119\/2023\/09\/captura-de-tela-517.png\" alt=\"\" width=\"609\" height=\"184\" \/>[\/vc_cta][\/vc_column_inner][\/vc_row_inner][vc_row_inner][vc_column_inner][\/vc_column_inner][\/vc_row_inner][\/vc_column][\/vc_row]<\/p>\n<\/div>","protected":false},"excerpt":{"rendered":"<p>[vc_row][vc_column][vc_column_text css=&#8221;&#8221;] Antes de iniciar su inscripci\u00f3n, es imprescindible estar al tanto y de acuerdo con los temas incluidos en las secciones: [\/vc_column_text][vc_row_inner][vc_column_inner width=&#8221;1\/2&#8243;][vc_btn title=&#8221;Informaci\u00f3n para los Candidatos&#8221; style=&#8221;flat&#8221; color=&#8221;juicy-pink&#8221; size=&#8221;lg&#8221; align=&#8221;center&#8221; i_icon_fontawesome=&#8221;fas fa-chalkboard-teacher&#8221; css=&#8221;&#8221; button_block=&#8221;true&#8221; add_icon=&#8221;true&#8221; link=&#8221;url:https%3A%2F%2Fpages.cnpem.br%2Fbolsasdeverao%2Fes%2Finformacion-para-los-candidatos%2F&#8221;][\/vc_column_inner][vc_column_inner width=&#8221;1\/2&#8243;][vc_btn title=&#8221;Beneficios y Contrapartidas&#8221; style=&#8221;flat&#8221; color=&#8221;juicy-pink&#8221; size=&#8221;lg&#8221; align=&#8221;center&#8221; i_icon_fontawesome=&#8221;fas fa-hands-helping&#8221; css=&#8221;&#8221; button_block=&#8221;true&#8221; add_icon=&#8221;true&#8221; link=&#8221;url:https%3A%2F%2Fpages.cnpem.br%2Fbolsasdeverao%2Fes%2Fbeneficios-y-contrapartidas%2F&#8221;][\/vc_column_inner][\/vc_row_inner][vc_row_inner][vc_column_inner][vc_empty_space height=&#8221;42px&#8221;][\/vc_column_inner][\/vc_row_inner][vc_row_inner][vc_column_inner width=&#8221;1\/2&#8243;][vc_custom_heading text=&#8221;FORMULARIO&hellip;<\/p>\n","protected":false},"author":883,"featured_media":0,"parent":0,"menu_order":0,"comment_status":"closed","ping_status":"closed","template":"","meta":{"_acf_changed":false,"footnotes":""},"class_list":["post-2107","page","type-page","status-publish","hentry","description-off"],"acf":[],"_links":{"self":[{"href":"https:\/\/pages.cnpem.br\/bolsasdeverao\/es\/wp-json\/wp\/v2\/pages\/2107","targetHints":{"allow":["GET"]}}],"collection":[{"href":"https:\/\/pages.cnpem.br\/bolsasdeverao\/es\/wp-json\/wp\/v2\/pages"}],"about":[{"href":"https:\/\/pages.cnpem.br\/bolsasdeverao\/es\/wp-json\/wp\/v2\/types\/page"}],"author":[{"embeddable":true,"href":"https:\/\/pages.cnpem.br\/bolsasdeverao\/es\/wp-json\/wp\/v2\/users\/883"}],"replies":[{"embeddable":true,"href":"https:\/\/pages.cnpem.br\/bolsasdeverao\/es\/wp-json\/wp\/v2\/comments?post=2107"}],"version-history":[{"count":0,"href":"https:\/\/pages.cnpem.br\/bolsasdeverao\/es\/wp-json\/wp\/v2\/pages\/2107\/revisions"}],"wp:attachment":[{"href":"https:\/\/pages.cnpem.br\/bolsasdeverao\/es\/wp-json\/wp\/v2\/media?parent=2107"}],"curies":[{"name":"wp","href":"https:\/\/api.w.org\/{rel}","templated":true}]}}