{"id":1172,"date":"2018-08-30T11:15:36","date_gmt":"2018-08-30T14:15:36","guid":{"rendered":"http:\/\/pages.cnpem.br\/bolsasdeverao\/?page_id=1172"},"modified":"2021-09-23T16:32:54","modified_gmt":"2021-09-23T19:32:54","slug":"inscricoes-candidatos","status":"publish","type":"page","link":"https:\/\/pages.cnpem.br\/bolsasdeverao\/inscricoes-candidatos\/","title":{"rendered":"Inscri\u00e7\u00f5es de candidatos"},"content":{"rendered":"<p><a href=\"https:\/\/pages.cnpem.br\/bolsasdeverao\/es\/inscripciones-de-candidatos\/\">[LEER EN LENGUA ESPA\u00d1OLA]<\/a><\/p>\n<p><strong>Se usted es alumno de instituciones de otros pa\u00edses de Am\u00e9rica Latina y Caribe mire <a href=\"http:\/\/pages.cnpem.br\/bolsasdeverao\/inscricoes-candidatos\/?la=es\">Formul\u00e1rio de Inscripci\u00f3n en Espa\u00f1ol<\/a>. El Formul\u00e1rio en L\u00edngua Portugesa es solamente para estudiantes del Brasil.<br \/>\n<\/strong><\/p>\n<p>Estudantes de gradua\u00e7\u00e3o universit\u00e1ria matriculados em cursos das \u00e1reas das <strong>Ci\u00eancias Exatas e da Terra <\/strong>(inclui Engenharias) e<strong> das Ci\u00eancias Biol\u00f3gicas e da Sa\u00fade <\/strong>em institui\u00e7\u00f5es de ensino localizadas no BRASIL &#8211; que se enquadrem nos requisitos constantes em <a href=\"http:\/\/pages.cnpem.br\/bolsasdeverao\/quem-pode-se-inscrever\/\">Quem pode se inscrever<\/a> &#8211; devem ter a seguinte documenta\u00e7\u00e3o para inserir no FORMUL\u00c1RIO ELETR\u00d4NICO DE INSCRI\u00c7\u00c3O &#8211; <strong>(de 4 a 14 de outubro de 2019).<br \/>\n<\/strong><\/p>\n<ol>\n<li><strong><strong><strong><strong><strong>CURR\u00cdCULO COMPLETO E ATUALIZADO EM OUTUBRO NA<strong> <strong><strong><strong><strong><a href=\"http:\/\/lattes.cnpq.br\/\" target=\"_blank\" rel=\"noopener noreferrer\">PLATAFORMA LATTES<\/a>, do CNPq.<\/strong><\/strong><\/strong><\/strong><\/strong> <\/strong><\/strong><\/strong><\/strong><\/strong>[\u00c9 OBRIGAT\u00d3RIO INSERIR O LINK para acesso e verifica\u00e7\u00e3o <em>on line<\/em> do Curr\u00edculo ali depositado].<\/li>\n<li><strong>HIST\u00d3RICO ESCOLAR COMPLETO e<\/strong> <strong>ATUALIZADO<\/strong>, EMITIDO PELA INSTITUI\u00c7\u00c3O NA QUAL O CANDIDATO ESTUDA, DATADO A PARTIR DE 1 DE SETEMBRO DE 2019. O Hist\u00f3rico Escolar <strong>deve ser completo<\/strong>, com todas as disciplinas j\u00e1 cursadas pelo candidato, sem omiss\u00f5es\/supress\u00f5es, e as que est\u00e1 cursando no momento da inscri\u00e7\u00e3o. Se a informa\u00e7\u00e3o sobre as <strong>disciplinas que est\u00e3o sendo cursadas no momento da inscri\u00e7\u00e3o<\/strong> n\u00e3o constar do Hist\u00f3rico Escolar, e sim em outro documento emitido pela institui\u00e7\u00e3o de ensino, esse documento dever\u00e1 ser juntado ao Hist\u00f3rico Escolar em <strong>um \u00fanico arquivo .PDF<\/strong> que ser\u00e1 anexado ao Formul\u00e1rio de Inscri\u00e7\u00e3o. O Hist\u00f3rico Escolar pode ser o emitido pelo sistema autom\u00e1tico da unidade de ensino do candidato, mas o CNPEM reserva-se o direito de exigir, posteriormente e se necess\u00e1rio, o documento originariamente emitido e chancelado pela unidade de ensino.<\/li>\n<li><strong>CARTA<\/strong> DIGITADA, EXPLICANDO PORQUE SE CONSIDERA UM BOM CANDIDATO AO PROGRAMA. LIMITES M\u00c1XIMO DE 3.000 E M\u00cdNIMO DE 1.000 CARACTERES, COM ESPA\u00c7OS INCLU\u00cdDOS. ARQUIVO EM FORMATO PDF. A Carta do Candidato \u00e9 muito importante como documento que informa o perfil do estudante, qual \u00e9 a sua vis\u00e3o da atividade cient\u00edfica, suas aspira\u00e7\u00f5es, atividades que j\u00e1 desenvolveu ou desenvolve, seu prov\u00e1vel conhecimento sobre a \u00c1REA que est\u00e1 assinalando no Formul\u00e1rio de Inscri\u00e7\u00e3o etc. O candidato deve se justificar na carta por algum eventual mal desempenho em disciplina. A carta de candidato obrigatoriamente ser\u00e1 redigida no idioma natal do candidato (<strong>L\u00edngua Portuguesa<\/strong>, para os brasileiros, e <strong>L\u00edngua Espanhola<\/strong>, para os candidatos dos demais pa\u00edses da Am\u00e9rica Latina e Caribe). O candidato deve obrigatoriamente assinar sua carta.<\/li>\n<li><strong>CARTAS<\/strong> <strong>DE RECOMENDA\u00c7\u00c3O<\/strong>, emitidas por professores\/orientadores em papel timbrado da institui\u00e7\u00e3o da qual s\u00e3o integrantes, em geral digitadas, com nome completo e qualifica\u00e7\u00e3o acad\u00eamica do recomendante, endere\u00e7o, telefone e email, em ARQUIVO PDF. Os candidatos devem se esfor\u00e7ar para obter 3 cartas de recomenda\u00e7\u00e3o, e todas devem ser assinadas pelos emitentes. N\u00e3o ser\u00e3o aceitos \u00e0 t\u00edtulo de carta de recomenda\u00e7\u00e3o formul\u00e1rios padronizados, com marca\u00e7\u00f5es\/pontua\u00e7\u00f5es em X.<strong>OBSERVA\u00c7\u00d5ES:<br \/>\n<\/strong><strong>a)<\/strong> O CNPEM n\u00e3o fornece modelos de cartas. O professor que recomenda o candidato n\u00e3o precisa ser, necessariamente, da institui\u00e7\u00e3o onde o candidato estuda. Cartas de recomenda\u00e7\u00e3o podem ser redigidas em L\u00edngua Portuguesa, Inglesa ou Espanhola.<br \/>\n<strong>b)<\/strong> As cartas informadas nos itens 3 e 4 devem ser destinadas ao Comit\u00ea Gestor do <strong>29\u00ba Programa Bolsas de Ver\u00e3o do CNPEM<\/strong>, sem necessidade de colocar nomes de destinat\u00e1rios. Os respectivos arquivos em .PDF ser\u00e3o inseridos nos campos indicados no Formul\u00e1rio de Inscri\u00e7\u00e3o. A(s) CARTA(s) DE RECOMENDA\u00c7\u00c3O TEM QUE SER ASSINADA(s) PELOS EMITENTES. O CNPEM n\u00e3o receber\u00e1 cartas em papel por correio convencional ou por e-mail.<em><strong><br \/>\n<\/strong><\/em><\/li>\n<\/ol>\n<p><strong>ATEN\u00c7\u00c3O: a soma de todos os arquivos .PDF n\u00e3o pode superar 9MB.<br \/>\n<\/strong><\/p>\n<p><strong><em>Ap\u00f3s o envio do formul\u00e1rio ir\u00e1 surgir ao final desta p\u00e1gina a mensagem &#8220;<\/em>SUA INSCRI\u00c7\u00c3O &#8230;FOI RECEBIDA COM SUCESSO&#8221;<em>. <\/em>Depois, voc\u00ea receber\u00e1 uma mensagem autom\u00e1tica de e-mail confirmando o&nbsp;recebimento.<br \/>\n<\/strong>Dependendo do seu servi\u00e7o de e-mail a mensagem poder\u00e1 ser entendida como spam e remetida \u00e0 lixeira. Verifique tamb\u00e9m as mensagens que est\u00e3o na lixeira de sua caixa de correspond\u00eancia. O CNPEM n\u00e3o faz confirma\u00e7\u00e3o individualizada de recebimento de inscri\u00e7\u00e3o.<br \/>\nRECOMENDA-SE N\u00c3O DEIXAR PARA FAZER A INSCRI\u00c7\u00c3O NO \u00daLTIMO DIA DE PRAZO! As inscri\u00e7\u00f5es de candidatos ser\u00e3o recebidas e processadas somente no per\u00edodo de inscri\u00e7\u00f5es<em>, de 4 a 14 de outubro de 2019.<br \/>\n<\/em><\/p>\n<hr>\n\n<p>[x]<\/p>\n","protected":false},"excerpt":{"rendered":"<p>[LEER EN LENGUA ESPA\u00d1OLA] Se usted es alumno de instituciones de otros pa\u00edses de Am\u00e9rica Latina y Caribe mire Formul\u00e1rio de Inscripci\u00f3n en Espa\u00f1ol. El Formul\u00e1rio en L\u00edngua Portugesa es solamente para estudiantes del Brasil. Estudantes de gradua\u00e7\u00e3o universit\u00e1ria matriculados em cursos das \u00e1reas das Ci\u00eancias Exatas e da Terra (inclui Engenharias) e das Ci\u00eancias&hellip;<\/p>\n","protected":false},"author":10,"featured_media":0,"parent":0,"menu_order":0,"comment_status":"closed","ping_status":"open","template":"","meta":{"_acf_changed":false,"footnotes":""},"class_list":["post-1172","page","type-page","status-publish","hentry","description-off"],"acf":[],"_links":{"self":[{"href":"https:\/\/pages.cnpem.br\/bolsasdeverao\/wp-json\/wp\/v2\/pages\/1172","targetHints":{"allow":["GET"]}}],"collection":[{"href":"https:\/\/pages.cnpem.br\/bolsasdeverao\/wp-json\/wp\/v2\/pages"}],"about":[{"href":"https:\/\/pages.cnpem.br\/bolsasdeverao\/wp-json\/wp\/v2\/types\/page"}],"author":[{"embeddable":true,"href":"https:\/\/pages.cnpem.br\/bolsasdeverao\/wp-json\/wp\/v2\/users\/10"}],"replies":[{"embeddable":true,"href":"https:\/\/pages.cnpem.br\/bolsasdeverao\/wp-json\/wp\/v2\/comments?post=1172"}],"version-history":[{"count":0,"href":"https:\/\/pages.cnpem.br\/bolsasdeverao\/wp-json\/wp\/v2\/pages\/1172\/revisions"}],"wp:attachment":[{"href":"https:\/\/pages.cnpem.br\/bolsasdeverao\/wp-json\/wp\/v2\/media?parent=1172"}],"curies":[{"name":"wp","href":"https:\/\/api.w.org\/{rel}","templated":true}]}}