{"id":1385,"date":"2017-10-19T10:18:24","date_gmt":"2017-10-19T13:18:24","guid":{"rendered":"http:\/\/pages.cnpem.br\/bolsasdeverao\/?page_id=1385"},"modified":"2021-09-24T13:55:10","modified_gmt":"2021-09-24T16:55:10","slug":"candidatos-inscritos","status":"publish","type":"page","link":"https:\/\/pages.cnpem.br\/bolsasdeverao\/candidatos-inscritos\/","title":{"rendered":"Candidatos Inscritos"},"content":{"rendered":"<p><em><strong>17 de outubro de 2019<br \/>\n<\/strong><\/em><strong>LISTA EM ORDEM ALFAB\u00c9TICA &#8211; DE A a Z<br \/>\nESTUDANTES QUE SUBMETERAM FORMUL\u00c1RIO DE INSCRI\u00c7\u00c3O AO<br \/>\n29\u00ba PROGRAMA BOLSAS DE VER\u00c3O CNPEM<br \/>\n<\/strong><em>Inscri\u00e7\u00f5es Encerradas dia 14 de outubro<\/em><strong><br \/>\n<\/strong><\/p>\n<hr>\n<p>ALEJANDRO POMA VILLARREAL<\/p>\n<p>Alex Rodrigues Pla\u00e7a<\/p>\n<p>Alexandra Turmina Petreca<\/p>\n<p>Alexandre Ant\u00f4nio de Lima Camp\u00ealo<\/p>\n<p>Alexandre Serpa Aguiar<\/p>\n<p>Alexia Silva dos Santos<\/p>\n<p>Aline Carla Prestes<\/p>\n<p>Amanda Freitas Cruz<\/p>\n<p>Amarildo de S\u00e1 Rocha<\/p>\n<p>Ana Beatriz Xavier Cruz<\/p>\n<p>Ana Carla Meneghetti<\/p>\n<p>Ana Carolina Cunha Rodrigues<\/p>\n<p>Ana Carolina Ribeiro Albino<\/p>\n<p>Ana Carolyne da Silva Pereira<\/p>\n<p>Ana J\u00falia Mayumi Pupin<\/p>\n<p>Ana Karoline Almeida dos Santos<\/p>\n<p>Ana Maria Afonso Sena<\/p>\n<p>Ana Maria dos Santos Ferreira<\/p>\n<p>Ana Paula de Oliveira Gon\u00e7alves<\/p>\n<p>Ana Paula Oliveira Trigueiro Castelo Branco<\/p>\n<p>Ana Paula Stelzer de Oliveira<\/p>\n<p>Anastacio Jos\u00e9 Gurdi\u00e1n Mart\u00ednez<\/p>\n<p>Andr\u00e9 Berretta da Costa<\/p>\n<p>ANDRES CAMILO ACOSTA ACEVEDO<\/p>\n<p>ANDRES FELIPE HURTADO CEBALLOS<\/p>\n<p>Andr\u00e9s Vargas Lopera<\/p>\n<p>Andressa Cristina de Almeida Nascimento<\/p>\n<p>Andreza Lara Rodrigues<\/p>\n<p>ANE MICHEELE RODRIGUES COELHO<\/p>\n<p>Angel Jim Mosquera Cruz<\/p>\n<p>Angelica Alves Pereira Rodrigues<\/p>\n<p>Anielly Iasmin Nunes Lima<\/p>\n<p>Anna Lu\u00edsa Boschiroli Lamanna Puga<\/p>\n<p>Any Caroline Pantale\u00e3o Bueno<\/p>\n<p>Ariana Katiuska Rivera Herrera<\/p>\n<p>Ariel Alves Amaral<\/p>\n<p>Arthur Freitas Ara\u00fajo<\/p>\n<p>Arthur Haas Dorneles<\/p>\n<p>Artur de Oliveira Franco<\/p>\n<p>Augusto Facundes da Silva<\/p>\n<p>Axel Leonel Cordoba<\/p>\n<p>B\u00e1rbara Lorrane Oliveira Gon\u00e7alves<\/p>\n<p>Beatriz Aires Lopes<\/p>\n<p>Beatriz Brasil Miranda<\/p>\n<p>Beatriz Francisco Assun\u00e7\u00e3o<\/p>\n<p>Beatriz Helena Dantas Rodrigues de Albuquerque<\/p>\n<p>Beatriz Moreira Rodrigues<\/p>\n<p>Beatriz Oliveira Gomes Florencio<\/p>\n<p>BENJAMIN CUTIPA JANCCO<\/p>\n<p>Bianca Karoline Pereira de Freitas<\/p>\n<p>Bianca Novaes da Silva<\/p>\n<p>Bianca Teresa Guggiana Nilo<\/p>\n<p>Brayan Enrique Sotomayor Ospina<\/p>\n<p>BRENA MARIA FREIRE DE SOUSA<\/p>\n<p>Brenda Melo Ferreira<\/p>\n<p>Brenda Teixeira Scardini Marinho<\/p>\n<p>Breno Rabelo Coutinho Saraiva<\/p>\n<p>Bruna Caroline dos Santos<\/p>\n<p>Bruna Cavalcante Galo<\/p>\n<p>Bruna Ferreira<\/p>\n<p>Bruna Novais Silva<\/p>\n<p>Bruno Diniz Rocha Pechina<\/p>\n<p>Bruno Henrique Lisenko Ribeiro<\/p>\n<p>Bruno Henrique Sampaio Colares<\/p>\n<p>Caio Barbosa e Souza<\/p>\n<p>Caio Eduardo do Prado Ireno<\/p>\n<p>Ca\u00edssa Silveira Belo Nascimento Roque<\/p>\n<p>Camila de Toledo Piza<\/p>\n<p>Camila Ferreira Paix\u00e3o<\/p>\n<p>Camila Malitzin<\/p>\n<p>Camila Miranda Magalh\u00e3es<\/p>\n<p>Carlos Alberto Bento J\u00fanior<\/p>\n<p>Carlos Bingner Jesus Ortiz<\/p>\n<p>Carlos Donizete Pereira<\/p>\n<p>Carlos Eduardo de Souza<\/p>\n<p>Caroline de Lima Santos<\/p>\n<p>Caroline Savoldi Santana<\/p>\n<p>Caroline Sousa da Silva<\/p>\n<p>Casimira Valeria Chuquimez Ventura<\/p>\n<p>Cecilia G\u00f3mez Jim\u00e9nez<\/p>\n<p>CESAR FRANCO URETA GUERRA<\/p>\n<p>Cesar Gabriel Arujo Louren\u00e7o Rodrigues<\/p>\n<p>Claudia Leslie Arias Coquil<\/p>\n<p>Cristhian David Hinostroza Vargas Machuca<\/p>\n<p>Cristhian Paul Ramos Goicochea<\/p>\n<p>CRISTHOFER DAVID VIDAL ROSAS<\/p>\n<p>Cristian Da Paz Braga<\/p>\n<p>Dam\u00e1ris Barcelos Cunha<\/p>\n<p>Damaris Belen Rivera Asencios<\/p>\n<p>Daniel Ben\u00edcio de Freitas Silva<\/p>\n<p>Daniel de Castro Souza<\/p>\n<p>Daniel Esteban Duran Huertas<\/p>\n<p>Daniel Leal Fagundes<\/p>\n<p>DANIEL MATTOS DE CASTRO<\/p>\n<p>Daniel Pereira dos Santos<\/p>\n<p>Daniel Prado da Fonseca<\/p>\n<p>Daniel Rodrigues da Silva<\/p>\n<p>Daniel Sampaio de Oliveira<\/p>\n<p>Daniel Santiago Uma\u00f1a Salinas<\/p>\n<p>Daniel Vieira Neves<\/p>\n<p>Daniele Job Alves<\/p>\n<p>DANIELLE YUMI MIZUNO<\/p>\n<p>Daniely Ramos Luz<\/p>\n<p>Dara Lazauskas Guida<\/p>\n<p>Davi Bessa de Sousa<\/p>\n<p>Dayane Trevisan de Macedo Almeida<\/p>\n<p>Derick Abreu Montagna<\/p>\n<p>Deysi Damina Rendon Godoy<\/p>\n<p>Diana Carolina Pe\u00f1a C\u00f3rdova<\/p>\n<p>Diana Jazm\u00edn Zelada Mallco<\/p>\n<p>Diana Lorena Vergara Murillo<\/p>\n<p>Diogo de Paula Vieira<\/p>\n<p>Dionicio Alberto P\u00e9rez Landero<\/p>\n<p>Diuary Gon\u00e7alves<\/p>\n<p>Djairo Pastor Saavedra<\/p>\n<p>Dom\u00e9nica Nicole Garz\u00f3n Armend\u00e1riz<\/p>\n<p>Dom\u00e9nica Romina Bermeo Alvaro<\/p>\n<p>Douglas Melo dos Santos<\/p>\n<p>Edgar Ariel Jaramillo Carranza<\/p>\n<p>Edson Jair Flores D\u00e1vila<\/p>\n<p>Eduarda de Castro Flach<\/p>\n<p>Eduarda Franke Melchiors<\/p>\n<p>EDUARDA MARCELA \u00c1LGELLY COSTA PIAU<\/p>\n<p>Eduarda Neres Caixeta<\/p>\n<p>Eduardo da Silva Gomes<\/p>\n<p>Eduardo Guimar\u00e3es Lino de Paula<\/p>\n<p>Eduardo Vin\u00edcius Albuquerque Lourena<\/p>\n<p>Eduardo Walter da Silva<\/p>\n<p>\u00c9gon Piragibe Barros Silva Borges<\/p>\n<p>\u00c9lida Medeiros Mac\u00eado<\/p>\n<p>Eric Monteiro Galotti de Souza<\/p>\n<p>Erica de Lima Silva<\/p>\n<p>Erick Hernan Bilbao Gutierrez<\/p>\n<p>Erick Suzart Souza<\/p>\n<p>Erik Weber Nunes<\/p>\n<p>Erika Lizbeth Rivadeneira P\u00e9rez<\/p>\n<p>Ermelinda Silvana Junckes<\/p>\n<p>Ermeson David dos Santos Silva<\/p>\n<p>Esdras Leite Bonisson Abreu<\/p>\n<p>Esteban L\u00f3pez Ram\u00edrez<\/p>\n<p>Estrella del Roc\u00edo Herrera Cerquin<\/p>\n<p>Evelyn Juanita Carranza Segura<\/p>\n<p>Fabi\u00e1n Alfonso Garc\u00eda Oviedo<\/p>\n<p>Fabiane Stoffel<\/p>\n<p>felicitas martell obispo<\/p>\n<p>Felipe de Souza Custodio<\/p>\n<p>Felipe Goronski<\/p>\n<p>Felipe Zanghelini Benevenutti<\/p>\n<p>Fernanda de Paiva<\/p>\n<p>Fernanda de Sousa Colombini<\/p>\n<p>Fernanda Dias Cardoso<\/p>\n<p>Fernando Alexander Pesantez Torres<\/p>\n<p>Flavio Cesar<\/p>\n<p>Francisca Daniela Vidal Soto<\/p>\n<p>Frank Rafael S\u00e1nchez Monteza<\/p>\n<p>Gabriel Antonio dos Santos<\/p>\n<p>GABRIEL CEZAR DE BIASE<\/p>\n<p>Gabriel da Silva Freitas<\/p>\n<p>Gabriel Emmanuel Sanchez<\/p>\n<p>Gabriel Ferretti Rodrigues<\/p>\n<p>Gabriel Martins Da Costa Manso<\/p>\n<p>Gabriel Nogueira Rodrigues<\/p>\n<p>Gabriel S\u00e1 de Sena<\/p>\n<p>Gabriel Scanavachi de Jesus<\/p>\n<p>Gabriel Toledo Machado<\/p>\n<p>Gabriela Abdalla<\/p>\n<p>Gabriela Borges Comito<\/p>\n<p>GABRIELA DA PAZ SERAFIM<\/p>\n<p>Gabriela da silva cordeiro<\/p>\n<p>Gabriela Elias Pereira<\/p>\n<p>Gabriela Morais da Costa<\/p>\n<p>Gabriela Pinheiro<\/p>\n<p>Gabriele Santos Pereira<\/p>\n<p>GABRIELLE RIBEIRO COUTO<\/p>\n<p>Gessica Tagliapietra Zanon<\/p>\n<p>Giovanna de Lima Oliveira<\/p>\n<p>Giovanna Jardim Vieira Pereira dos Santos<\/p>\n<p>Giulia de Pinho Del&#8217;Labon<\/p>\n<p>Glauco Vin\u00edcius Nestor dos Santos<\/p>\n<p>Graciele Martins Arvelos<\/p>\n<p>Guilherme Augusto Campan\u00e1rio Cencio<\/p>\n<p>Guilherme Henrique Teixeira<\/p>\n<p>Guilherme Jose Souza Rodrigues dos Santos<\/p>\n<p>Guilherme Noronha da Silva<\/p>\n<p>Gustavo Guadagnini Perez<\/p>\n<p>Gustavo Henrique de Fran\u00e7a<\/p>\n<p>Gustavo Ramos Alberto<\/p>\n<p>Hannah de Albuquerque Vieira Matos<\/p>\n<p>Heidi Guadalupe Macias Ulloa<\/p>\n<p>Helena Valle Casara<\/p>\n<p>Hellen Ferreira de Oliveira<\/p>\n<p>Helo\u00edsa de Matos Trinca<\/p>\n<p>Henrique Cardoso Batsita Brand\u00e3o<\/p>\n<p>Henrique do Nascimento Coutinho<\/p>\n<p>Henry Otavio Fontana<\/p>\n<p>Heron Oliveira Amaral<\/p>\n<p>Hiago Le\u00e3o Ferreira<\/p>\n<p>Higo de Araujo Oliveira<\/p>\n<p>Hil\u00e1ria Andrade Viana Meireles<\/p>\n<p>Hilthon Alves Ramos<\/p>\n<p>Houechehoun Jules Hector Hounkonnou<\/p>\n<p>Hugo Campos Lima Silva<\/p>\n<p>Hugo Soeiro de Jesus Limeira<\/p>\n<p>Humberto Sousa Martins<\/p>\n<p>Iago Cabral Amadeu<\/p>\n<p>Ian Berthold de Haan<\/p>\n<p>\u00cdcaro Fier<\/p>\n<p>Igor Ad\u00e3o Lima<\/p>\n<p>Igor Batista dos Santos Oliveira<\/p>\n<p>Igor Henrique Sanches Silva<\/p>\n<p>Igor Rodrigues dos Reis<\/p>\n<p>Ilaneide Jaqueline do Nascimento Silva<\/p>\n<p>Ilma Santa Clara Magalh\u00e3es<\/p>\n<p>Ingrid Walesca Valeriano Gon\u00e7alves<\/p>\n<p>Iris Ara\u00fajo Silva<\/p>\n<p>Isaac Carioca de Oliveira<\/p>\n<p>Isabel Caroline Gomes Giannecchini<\/p>\n<p>Isabela de Carvalho<\/p>\n<p>Isabelle Elza Roberto da Silva<\/p>\n<p>Isadora Mainer Seibel da Silva<\/p>\n<p>Iuri Dornelas Prates Freitas<\/p>\n<p>Ivan Castelo Branco Martins<\/p>\n<p>Izabele de Souza Ara\u00fajo<\/p>\n<p>Ja\u00edne Fernandes Gomes<\/p>\n<p>Jair Rodrigues Neyra<\/p>\n<p>Jardel Zani Pego<\/p>\n<p>Jayne Ara\u00fajo da Silva<\/p>\n<p>Jeferson Seibel<\/p>\n<p>Jefferson Da Costa Britto Silva<\/p>\n<p>Jeremy Rodrigo Guerrero Alejos<\/p>\n<p>Jerusa Ataides Reis<\/p>\n<p>J\u00e9ssica Alencar Faial de Menezes<\/p>\n<p>J\u00e9ssica Camila Ferreira<\/p>\n<p>J\u00e9ssica Passos de Carvalho<\/p>\n<p>J\u00e9ssica Perez Miyasato<\/p>\n<p>Jhonatan Felipe Pereira<\/p>\n<p>Jhonatan Santos Pinto<\/p>\n<p>Jhonatas Teixeira Viana<\/p>\n<p>Jhoni Alfredo Cuipal Ocampo<\/p>\n<p>Jhossett Stalinn Longobardi Mogoll\u00f3n<\/p>\n<p>Jo\u00e3o Eduardo Aranalde Lavarda<\/p>\n<p>Jo\u00e3o Henrique Ramos Silva<\/p>\n<p>Jo\u00e3o Marcelo Ramos Alves<\/p>\n<p>Jo\u00e3o Miguel Batista Matzenbacher<\/p>\n<p>Jo\u00e3o Paulo Cerqueira dos Santos Felix<\/p>\n<p>Jo\u00e3o Pedro Alves de Souza<\/p>\n<p>Jo\u00e3o Pedro de Jesus Pereira<\/p>\n<p>Jo\u00e3o Pedro Dotto de Matos<\/p>\n<p>Jo\u00e3o Pedro Ferreira Santos<\/p>\n<p>Jo\u00e3o Pedro Gaudencio Ribeiro dos Santos<\/p>\n<p>Jo\u00e3o Pedro Imbriani Astolfo<\/p>\n<p>Jo\u00e3o Ricardo de Castro Godinho e Silva<\/p>\n<p>Jo\u00e3o Victor de Sousa Dutra<\/p>\n<p>Jo\u00e3o Victor Morais Gurgel<\/p>\n<p>Jo\u00e3o Victor Vilela Cassiano<\/p>\n<p>Jo\u00e3o Vitor Ferreira Cavalcante<\/p>\n<p>Jo\u00e3o Vitor Raupp de Oliveira<\/p>\n<p>Joelma Santana dos Santos Neres<\/p>\n<p>Johan Fernando Robles Sevilla<\/p>\n<p>Jonathan Eleazar Castro Guti\u00e9rrez<\/p>\n<p>Jonnathan Sebastian Pineda Jimenez<\/p>\n<p>Jorge Eduardo Paredes<\/p>\n<p>Jose Abel Lovaco Flores<\/p>\n<p>Jos\u00e9 Alfonso Jim\u00e9nez S\u00e1nchez<\/p>\n<p>Jose Dario Calderon Ortiz<\/p>\n<p>Jos\u00e9 Eduardo da Silva Oleg\u00e1rio<\/p>\n<p>Jos\u00e9 Encarnaci\u00f3n Macario G\u00f3mez<\/p>\n<p>Josefa Sumaya Cutipa Gim\u00e9nez<\/p>\n<p>Josu\u00e9 Euclides Silva Teixeira<\/p>\n<p>Jovieli Carini Michalski<\/p>\n<p>JOYCE MARA BRITO MAIA<\/p>\n<p>Juan Carlos Castillo Ju\u00e1rez<\/p>\n<p>Juan Pablo Rovezzi<\/p>\n<p>Jucelio Vitor Quentino<\/p>\n<p>J\u00falia Camargos Ferreira de Aguiar<\/p>\n<p>Julia Caroline Porfirio<\/p>\n<p>Juliana Andrea Guti\u00e9rrez Banguero<\/p>\n<p>Juliana Bernardo da Silva<\/p>\n<p>Juliana Naomi Yamauti Costa<\/p>\n<p>Juliano Fernandes Teixeira<\/p>\n<p>Julie Anne Pereira Cavalcante<\/p>\n<p>Julio Alejandro Quillupangui Cadena<\/p>\n<p>Kaio C\u00e9sar de Souza Pinheiro<\/p>\n<p>Kaique Tavares<\/p>\n<p>Karina de Menezes Leit\u00e3o<\/p>\n<p>Karina Oliveira Costa<\/p>\n<p>KAROL MARILU ALAYO VASQUEZ<\/p>\n<p>Katarina Ferreira Trigueiro de Almeida<\/p>\n<p>Katheleen Bastos<\/p>\n<p>Katherine Emilia Santos Cortijo<\/p>\n<p>Kaue Hermann Abbehausen<\/p>\n<p>Kayan Aguiar Silva<\/p>\n<p>Keith Arlyn Estrada Zelaya<\/p>\n<p>Kelly Aparecida Silva Souza<\/p>\n<p>Kely Melania Alejo Apaza<\/p>\n<p>Kenny Andrei De Los Reyes R\u00edos<\/p>\n<p>Ketleen Lucas do Carmo<\/p>\n<p>Kevin Anibal de Leon Qui\u00f1onez<\/p>\n<p>Kivia Fabiana Galv\u00e3o de Ara\u00fajo<\/p>\n<p>Kleiton Luis de Oliveira Souza<\/p>\n<p>Laianne Dias In\u00e1cio<\/p>\n<p>Larissa Pereira Gon\u00e7alves<\/p>\n<p>Larissa Ribeiro Gal\u00e3o<\/p>\n<p>Larissa Silva de Oliveira<\/p>\n<p>Laura Maria Pedroso de Lacerda<\/p>\n<p>Laura Simonassi Raso de Paiva<\/p>\n<p>leandro Julian Figueras<\/p>\n<p>Leandro Risso Ven\u00e2ncio<\/p>\n<p>Lennin Fabricio Morales Ticliahuanca<\/p>\n<p>Leonardo Dal Vesco Zill<\/p>\n<p>Leonardo de Assis Nizer<\/p>\n<p>Leonardo de Oliveira Bicalho<\/p>\n<p>Leonardo Linhares<\/p>\n<p>Leonardo Ot\u00e1vio Bispo da Silva<\/p>\n<p>Leonardo Salvi<\/p>\n<p>Leonardo Santana Gon\u00e7alves de Souza<\/p>\n<p>L\u00e9ony Soares de Oliveira<\/p>\n<p>Lesli\u00ea de C\u00e1ssia do Esp\u00edrito Santo Dutra<\/p>\n<p>Leslie Kimberly Bastidas Crist\u00f3bal<\/p>\n<p>Let\u00edcia Alves Vargas<\/p>\n<p>Let\u00edcia de Vasconcelos Rodrigues<\/p>\n<p>Let\u00edcia Ganem Rillo Paz Barateiro<\/p>\n<p>L\u00eddio Ant\u00f4nio de Oliveira J\u00fanior<\/p>\n<p>L\u00edgia Sampaio Lanzarin<\/p>\n<p>LINCOLN ALMEIDA CAVALCANTE<\/p>\n<p>LIZBETH CAROLINA ZAMORA MENDOZA<\/p>\n<p>Lorena Reis de Lima<\/p>\n<p>Lorraine Gabriele Fiuza de Jesus<\/p>\n<p>Lorrayni Cavassani<\/p>\n<p>Luan Mendon\u00e7a Santos<\/p>\n<p>Luan Silva de Brito<\/p>\n<p>Luana Coeli Ara\u00fajo Ferreira<\/p>\n<p>Lucas Braga Mulin<\/p>\n<p>LUCAS CAMPOS VIANA<\/p>\n<p>Lucas da Silva Rodrigues<\/p>\n<p>Lucas Daiha Telles da Silva<\/p>\n<p>Lucas de Souza Lemos<\/p>\n<p>Lucas Emanuel Aquino Tavares<\/p>\n<p>Lucas Ferreira de Castro<\/p>\n<p>Lucas Menh\u00f4 Dias<\/p>\n<p>LUCAS MORAIS POEYS<\/p>\n<p>Lucas Padula Abbade<\/p>\n<p>Lucas Portes Ramos<\/p>\n<p>Lucas Rosalin Chaves de Sousa<\/p>\n<p>Lucas Soares Rodrigues<\/p>\n<p>LUCAS SOUSA DOS SANTOS<\/p>\n<p>Lucas Thadeu Felipe Kokuszi<\/p>\n<p>Ludmilla Sousa Quirino<\/p>\n<p>Lu\u00e9liton de Lima Victor<\/p>\n<p>Luigi Muller Sousa Linhares<\/p>\n<p>Luis Eduardo de Carvalho Maciel<\/p>\n<p>Luis Fernando Soto Ugaldi<\/p>\n<p>Luiz Carlos dos Santos<\/p>\n<p>Luiz Felipe Souza Fonseca<\/p>\n<p>Luiz Francisco Ferreira Lacerda<\/p>\n<p>Luiz Paulo Chaves de Souza<\/p>\n<p>Lupe Margarita Mendoza Lescano<\/p>\n<p>Manoel da Concei\u00e7\u00e3o Souza<\/p>\n<p>Manoel Vinicius de Oliveira Vilarino<\/p>\n<p>Marcela Eduarda Januario<\/p>\n<p>Marcella Torres Maia<\/p>\n<p>Marcelo Augusto de Carvalho<\/p>\n<p>Marcelo Walgusto da Costa Bertolin<\/p>\n<p>M\u00e1rcio Daniel Nicodemos Ramos<\/p>\n<p>Margiory Fern\u00e1ndez Rodriguez<\/p>\n<p>Maria Alejandra Mendez Diaz<\/p>\n<p>Mar\u00eda Alejandra Vargas Gamboa<\/p>\n<p>Maria Ant\u00f4nia Rodrigues de Paulo<\/p>\n<p>Maria Bruna Bezerra da Silva<\/p>\n<p>Mar\u00eda Candelaria Arpajou<\/p>\n<p>Maria Carolina Alves Moreira de Carvalho<\/p>\n<p>Mar\u00eda Clara Miserendino<\/p>\n<p>MARIA DE GUADALUPE ENRIQUEZ ANCO<\/p>\n<p>Maria Eduarda Bispo de Resende<\/p>\n<p>Maria Eduarda da Silva In\u00e1cio<\/p>\n<p>Maria Eduarda Ferreira do Ros\u00e1rio<\/p>\n<p>Maria Em\u00edlia Costa Leite<\/p>\n<p>Maria Fernanda Ferreira<\/p>\n<p>Maria Silena Mosquera<\/p>\n<p>Maria Vict\u00f3ria Alves Ara\u00fajo<\/p>\n<p>Mar\u00eda Victoria Caballero<\/p>\n<p>Maria Vit\u00f3ria Tiago Inoc\u00eancio<\/p>\n<p>Mariana Freitas Campos Magnani<\/p>\n<p>Mariana Sampaio de Oliveira<\/p>\n<p>Mariane Lucena da Silva<\/p>\n<p>Mariane Mares Reis<\/p>\n<p>Mariann Antonelli Morales Tob\u00edas<\/p>\n<p>Mariano Andr\u00e9s Miranda<\/p>\n<p>Marilyn Roxana Veliz Cacho<\/p>\n<p>Marina Penna Gon\u00e7alves<\/p>\n<p>Marina Sena Mendes<\/p>\n<p>Mario Luis Chiaparini Neto<\/p>\n<p>Maryana Thalyta Ferreira C\u00e2mara de Oliveira<\/p>\n<p>Mateus Brand\u00e3o da Costa<\/p>\n<p>Mateus Meira dos Santos<\/p>\n<p>Mateus Silva R\u00eago<\/p>\n<p>Matheus Ferreira de Souza<\/p>\n<p>Matheus Gomes Ferreira<\/p>\n<p>Matheus Luquirini Penteado dos Santos<\/p>\n<p>Matheus Monteiro<\/p>\n<p>Matheus Souza Rodrigues<\/p>\n<p>Matheus Vinicius Falc\u00e3o Moreira<\/p>\n<p>Maur\u00edcio Chagas de Menezes J\u00fanior<\/p>\n<p>Maur\u00edcio Marin Pechoto<\/p>\n<p>Mayara Adrielly Leal de Oliveira Rodrigues<\/p>\n<p>Merilyn Taynara Accorsi Amorim<\/p>\n<p>MIGUEL DE ABREU DE OLIVEIRA<\/p>\n<p>Mike dos Santos<\/p>\n<p>Milagros del Roc\u00edo Levano Huaman<\/p>\n<p>Milagros Rocio Tevez Sauco<\/p>\n<p>Milena Barbosa Pimentel<\/p>\n<p>Milena da Silva Moura<\/p>\n<p>Milena Gallego Sep\u00falveda<\/p>\n<p>Mirian Reetz da Silva<\/p>\n<p>M\u00f3nica Lizette V\u00e1zquez Moya<\/p>\n<p>Mylena Andrade Nunes<\/p>\n<p>Naara Felipe da Fons\u00eaca<\/p>\n<p>Nat\u00e1lia Ornelas Martins<\/p>\n<p>Nathalie De Oliveira Leal<\/p>\n<p>NELSON ALBERTO ROMERO ROSAS<\/p>\n<p>Niely Ester Oliveira Lopes<\/p>\n<p>Norma Constanza Duarte Culma<\/p>\n<p>Oliver Alexander Lamas Ramirez<\/p>\n<p>Omar Bonilla Aguilar<\/p>\n<p>Oscar Schmitt Kremer<\/p>\n<p>Osvaldo Franco de Ara\u00fajo Neto<\/p>\n<p>Othon Breener Marques Da Silva<\/p>\n<p>Ozania Bomfim Nascimento<\/p>\n<p>Pablo Alfaro Villavicencio<\/p>\n<p>Paloma Campos dos Santos<\/p>\n<p>Paloma Thais da Silva Paes<\/p>\n<p>Paola Ib\u00e1\u00f1ez Gonz\u00e1lez<\/p>\n<p>Paola Isabel Medina Garibaldo<\/p>\n<p>Patricia Lima Santos<\/p>\n<p>Patrick Allan Da Silva Pereira<\/p>\n<p>Patrick Ruam Bredow C\u00f4rtes<\/p>\n<p>PATRICK VILENA DE MELO<\/p>\n<p>Paula Pires Ferreira<\/p>\n<p>Paulo Henrique Boer<\/p>\n<p>Paulo Henrique Santana Silveira<\/p>\n<p>Pedro Alberto Curcio Machado<\/p>\n<p>Pedro Athirson Fernandes Rodrigues<\/p>\n<p>Pedro Henrique Arantes Moya<\/p>\n<p>Pedro Henrique Brito Moura<\/p>\n<p>Pedro Henrique Silva Costa<\/p>\n<p>Pedro Patrique Ferreira da Silva<\/p>\n<p>Pedro Paulo de Souza Figueredo<\/p>\n<p>Priscila de Sousa Melo<\/p>\n<p>Priscila Noel Sozonik<\/p>\n<p>Rafael Nascimento Dias de Souza<\/p>\n<p>RAFAEL ODDONE SCATENA<\/p>\n<p>Rafael Uliam Martt\u00e3o<\/p>\n<p>Rafaela Carriel Pontes<\/p>\n<p>Raiane Dias de Souza<\/p>\n<p>Raissa Toledo Franco<\/p>\n<p>Raphaella Josino<\/p>\n<p>Ravena Santos Costa<\/p>\n<p>Rayssa Alves Fernandes de Andrade<\/p>\n<p>Rebeca Dias de Souza<\/p>\n<p>Renan dos Reis<\/p>\n<p>Renata Krupczak<\/p>\n<p>RENATA LAIANE OLIVEIRA SANTOS<\/p>\n<p>Renato Augusto do Carmo Turone<\/p>\n<p>Renzo German Villena Gaspar<\/p>\n<p>richards pereira albuquerque<\/p>\n<p>Rilberte Costa Ribeiro<\/p>\n<p>Roberto Fl\u00f3rez Ablan<\/p>\n<p>Rodrigo Damasceno Nascimento<\/p>\n<p>Rodrigo Matte Rios Fernandez<\/p>\n<p>Rodrigo Morawski<\/p>\n<p>Rodrigo Pulido Arce<\/p>\n<p>Ronaldo Arturo Flores Ruiz<\/p>\n<p>Ronaldo Navarro Ambriz<\/p>\n<p>Ronei costa silva<\/p>\n<p>Ronier Alcantara Oliveira<\/p>\n<p>Rub\u00e9n F\u00e9lix Huamani Mallqui Huamani<\/p>\n<p>Sabriny Souza de Ara\u00fajo<\/p>\n<p>Samantha Dantas Coiado<\/p>\n<p>Santiago Fern\u00e1ndez P\u00e9rez<\/p>\n<p>Sara Alves Machado<\/p>\n<p>Sara Souza Pereira<\/p>\n<p>Sara Torres<\/p>\n<p>Sarah Fernanda Araujo Ferreira<\/p>\n<p>Sergio Levy Nobre dos Santos<\/p>\n<p>Sergio Pereira Lima Neto<\/p>\n<p>Sidney de Carvalho Torres Filho<\/p>\n<p>SILMA DE S\u00c1 BARROS<\/p>\n<p>SOFIA FERREIRA DE ALMEIDA ROCHA<\/p>\n<p>Sthefanny Rupf Moreira<\/p>\n<p>Suzana Caetano Rodrigues Gon\u00e7alves<\/p>\n<p>Suzana dos Santos Varj\u00e3o<\/p>\n<p>Tadeu Luiz Gomes Cabral<\/p>\n<p>Tain\u00e1 Silva Peres Gon\u00e7alves<\/p>\n<p>Tamiris Morilla de Souza<\/p>\n<p>Tarlison Sander Lima Brito<\/p>\n<p>Tathiana Proen\u00e7a Pampolha<\/p>\n<p>Tayane da Silva Portes<\/p>\n<p>Thales Henrique Castro de Barros<\/p>\n<p>Thali\u00e3 Morais Junger Almeida<\/p>\n<p>Thaylana Santiago Pereira<\/p>\n<p>Thayn\u00e1 Mar\u00e3es de Souza<\/p>\n<p>Tomas Morlachi<\/p>\n<p>Tulio Gnoatto Grison<\/p>\n<p>Valeria Bel\u00e9n Espinola Maciel<\/p>\n<p>Valeria S\u00e1nchez Varela<\/p>\n<p>Vanessa Batista da Silva<\/p>\n<p>Vanessa del Carmen Anton Mu\u00f1oz<\/p>\n<p>Vanessa Santos Costa<\/p>\n<p>Veridiana Gehrke<\/p>\n<p>Victor Anderson Acu\u00f1a Guzman<\/p>\n<p>Victor Breda Zach\u00e9<\/p>\n<p>Victor Lima de Sousa Machado<\/p>\n<p>Victor Nieto Carmona<\/p>\n<p>Victor Ramos Matos<\/p>\n<p>Vict\u00f3ria Valentim Freire<\/p>\n<p>Vilmar Benetti Filho<\/p>\n<p>VINICIUS DIAS NIRELLO<\/p>\n<p>Vin\u00edcius Gomes Garcia<\/p>\n<p>Vin\u00edcius Holanda Arjonas<\/p>\n<p>Vin\u00edcius Jardim Vieira Pereira dos Santos<\/p>\n<p>VINICIUS LEMOS PEREIRA<\/p>\n<p>Vinicius Roberto Gomes Queiroz<\/p>\n<p>Vitoria Mayra Marques da Silva<\/p>\n<p>Vivian Silva Santos<\/p>\n<p>Wallace Pitanga Bezerra<\/p>\n<p>Wasim Alu\u00edsio Prates Syed<\/p>\n<p>Wedja Maciel dos Santos<\/p>\n<p>Wellydo Kesllowd Marinho Escari\u00e3o<\/p>\n<p>Wendel Clei Souza Rodrigues<\/p>\n<p>Wesley Ferreira do Prado<\/p>\n<p>Wesley Fiorio Inoch<\/p>\n<p>William Oliveira da Costa e Silva<\/p>\n<p>William Permgnani Gozzi<\/p>\n<p>Yan Bento dos Anjos<\/p>\n<p>Yan Valdez Santos Rodrigues<\/p>\n<p>Yeferson Estiven Diaz Burbano<\/p>\n<p>Yosthyn Manuel Ariza Florez<\/p>\n<p>Yulanderson Salguero Rodriguez<\/p>\n","protected":false},"excerpt":{"rendered":"<p>17 de outubro de 2019 LISTA EM ORDEM ALFAB\u00c9TICA &#8211; DE A a Z ESTUDANTES QUE SUBMETERAM FORMUL\u00c1RIO DE INSCRI\u00c7\u00c3O AO 29\u00ba PROGRAMA BOLSAS DE VER\u00c3O CNPEM Inscri\u00e7\u00f5es Encerradas dia 14 de outubro ALEJANDRO POMA VILLARREAL Alex Rodrigues Pla\u00e7a Alexandra Turmina Petreca Alexandre Ant\u00f4nio de Lima Camp\u00ealo Alexandre Serpa Aguiar Alexia Silva dos Santos Aline&hellip;<\/p>\n","protected":false},"author":8,"featured_media":0,"parent":0,"menu_order":0,"comment_status":"closed","ping_status":"closed","template":"","meta":{"_acf_changed":false,"footnotes":""},"class_list":["post-1385","page","type-page","status-publish","hentry","description-off"],"acf":[],"_links":{"self":[{"href":"https:\/\/pages.cnpem.br\/bolsasdeverao\/wp-json\/wp\/v2\/pages\/1385","targetHints":{"allow":["GET"]}}],"collection":[{"href":"https:\/\/pages.cnpem.br\/bolsasdeverao\/wp-json\/wp\/v2\/pages"}],"about":[{"href":"https:\/\/pages.cnpem.br\/bolsasdeverao\/wp-json\/wp\/v2\/types\/page"}],"author":[{"embeddable":true,"href":"https:\/\/pages.cnpem.br\/bolsasdeverao\/wp-json\/wp\/v2\/users\/8"}],"replies":[{"embeddable":true,"href":"https:\/\/pages.cnpem.br\/bolsasdeverao\/wp-json\/wp\/v2\/comments?post=1385"}],"version-history":[{"count":0,"href":"https:\/\/pages.cnpem.br\/bolsasdeverao\/wp-json\/wp\/v2\/pages\/1385\/revisions"}],"wp:attachment":[{"href":"https:\/\/pages.cnpem.br\/bolsasdeverao\/wp-json\/wp\/v2\/media?parent=1385"}],"curies":[{"name":"wp","href":"https:\/\/api.w.org\/{rel}","templated":true}]}}