{"id":1789,"date":"2022-08-12T11:06:15","date_gmt":"2022-08-12T14:06:15","guid":{"rendered":"https:\/\/pages.cnpem.br\/bolsasdeverao\/?page_id=1789"},"modified":"2022-09-05T15:28:21","modified_gmt":"2022-09-05T18:28:21","slug":"inscricoes-pbv30","status":"publish","type":"page","link":"https:\/\/pages.cnpem.br\/bolsasdeverao\/inscricoes-pbv30\/","title":{"rendered":"Inscri\u00e7\u00f5es PBV30"},"content":{"rendered":"<div class=\"wpb-content-wrapper\"><p>[vc_row][vc_column][vc_custom_heading text=&#8221;Inscri\u00e7\u00f5es&#8221; font_container=&#8221;tag:h2|text_align:left|color:%235bb188&#8243; use_theme_fonts=&#8221;yes&#8221; css_animation=&#8221;bottom-to-top&#8221; link=&#8221;url:https%3A%2F%2Fpages.cnpem.br%2Fbolsasdeverao%2Finscricoes-pbv30%2F|title:Inscri%C3%A7%C3%B5es%20PBV30&#8243;][vc_column_text]As inscri\u00e7\u00f5es para a 30\u00aa edi\u00e7\u00e3o do Programa Bolsas de Ver\u00e3o do CNPEM foram iniciadas no dia 1\u00ba de setembro de 2022.[\/vc_column_text][vc_empty_space height=&#8221;40px&#8221;][vc_btn title=&#8221;Leia o edital antes de se inscrever&#8221; style=&#8221;outline-custom&#8221; outline_custom_color=&#8221;#f05a7d&#8221; outline_custom_hover_background=&#8221;#5bb188&#8243; outline_custom_hover_text=&#8221;#ffffff&#8221; size=&#8221;lg&#8221; i_icon_fontawesome=&#8221;fas fa-angle-right&#8221; css_animation=&#8221;bottom-to-top&#8221; add_icon=&#8221;true&#8221; link=&#8221;url:https%3A%2F%2Fpages.cnpem.br%2Fbolsasdeverao%2Fedital-pbv30%2F|title:Edital%20PBV30&#8243;][\/vc_column][\/vc_row]<\/p>\n<\/div>","protected":false},"excerpt":{"rendered":"<p>[vc_row][vc_column][vc_custom_heading text=&#8221;Inscri\u00e7\u00f5es&#8221; font_container=&#8221;tag:h2|text_align:left|color:%235bb188&#8243; use_theme_fonts=&#8221;yes&#8221; css_animation=&#8221;bottom-to-top&#8221; link=&#8221;url:https%3A%2F%2Fpages.cnpem.br%2Fbolsasdeverao%2Finscricoes-pbv30%2F|title:Inscri%C3%A7%C3%B5es%20PBV30&#8243;][vc_column_text]As inscri\u00e7\u00f5es para a 30\u00aa edi\u00e7\u00e3o do Programa Bolsas de Ver\u00e3o do CNPEM foram iniciadas no dia 1\u00ba de setembro de 2022.[\/vc_column_text][vc_empty_space height=&#8221;40px&#8221;][vc_btn title=&#8221;Leia o edital antes de se inscrever&#8221; style=&#8221;outline-custom&#8221; outline_custom_color=&#8221;#f05a7d&#8221; outline_custom_hover_background=&#8221;#5bb188&#8243; outline_custom_hover_text=&#8221;#ffffff&#8221; size=&#8221;lg&#8221; i_icon_fontawesome=&#8221;fas fa-angle-right&#8221; css_animation=&#8221;bottom-to-top&#8221; add_icon=&#8221;true&#8221; link=&#8221;url:https%3A%2F%2Fpages.cnpem.br%2Fbolsasdeverao%2Fedital-pbv30%2F|title:Edital%20PBV30&#8243;][\/vc_column][\/vc_row]<\/p>\n","protected":false},"author":10,"featured_media":0,"parent":0,"menu_order":0,"comment_status":"closed","ping_status":"closed","template":"","meta":{"_acf_changed":false,"footnotes":""},"class_list":["post-1789","page","type-page","status-publish","hentry","description-off"],"acf":[],"_links":{"self":[{"href":"https:\/\/pages.cnpem.br\/bolsasdeverao\/wp-json\/wp\/v2\/pages\/1789","targetHints":{"allow":["GET"]}}],"collection":[{"href":"https:\/\/pages.cnpem.br\/bolsasdeverao\/wp-json\/wp\/v2\/pages"}],"about":[{"href":"https:\/\/pages.cnpem.br\/bolsasdeverao\/wp-json\/wp\/v2\/types\/page"}],"author":[{"embeddable":true,"href":"https:\/\/pages.cnpem.br\/bolsasdeverao\/wp-json\/wp\/v2\/users\/10"}],"replies":[{"embeddable":true,"href":"https:\/\/pages.cnpem.br\/bolsasdeverao\/wp-json\/wp\/v2\/comments?post=1789"}],"version-history":[{"count":0,"href":"https:\/\/pages.cnpem.br\/bolsasdeverao\/wp-json\/wp\/v2\/pages\/1789\/revisions"}],"wp:attachment":[{"href":"https:\/\/pages.cnpem.br\/bolsasdeverao\/wp-json\/wp\/v2\/media?parent=1789"}],"curies":[{"name":"wp","href":"https:\/\/api.w.org\/{rel}","templated":true}]}}