{"id":39,"date":"2025-01-27T13:27:26","date_gmt":"2025-01-27T13:27:26","guid":{"rendered":"https:\/\/pages.cnpem.br\/cbsf\/?page_id=39"},"modified":"2025-11-17T17:38:11","modified_gmt":"2025-11-17T17:38:11","slug":"historico-do-evento","status":"publish","type":"page","link":"https:\/\/pages.cnpem.br\/cbsf\/historico-do-evento\/","title":{"rendered":"Hist\u00f3rico do evento"},"content":{"rendered":"<div class=\"wpb-content-wrapper\"><p>[vc_row][vc_column][vc_column_text css=&#8221;&#8221;]<\/p>\n<p style=\"text-align: justify\">O Congresso Brasileiro de Sistemas Fuzzy (CSBF) \u00e9 o maior evento cient\u00edfico da Am\u00e9rica do Sul dedicado exclusivamente a sistemas fuzzy e suas aplica\u00e7\u00f5es em \u00e1reas como matem\u00e1tica, f\u00edsica, engenharia, economia, sa\u00fade e ci\u00eancias sociais. Os primeiros passos em dire\u00e7\u00e3o a organiza\u00e7\u00e3o de uma comunidade brasileira de pesquisa sobre o tema de incerteza do tipo &#8220;fuzzy&#8221; foram dados em 2006 e 2008. Especificamente, atrav\u00e9s da organiza\u00e7\u00e3o do Simp\u00f3sio de Aplica\u00e7\u00f5es de L\u00f3gica Fuzzy (SALF). Em setembro de 2009, a Sociedade Brasileira de Matem\u00e1tica Aplicada e Computacional (SBMAC) promoveu a realiza\u00e7\u00e3o do primeiro mini-simp\u00f3sio intitulado &#8220;Fundamentos e Aplica\u00e7\u00f5es de L\u00f3gica Fuzzy&#8221; como parte integrante do Congresso Nacional de Matem\u00e1tica Aplicada e Computacional (CNMAC). Na \u00e9poca foi constatado cerca de 2.000 curr\u00edculos na plataforma Lattes que envolviam a palavra-chave &#8220;fuzzy&#8221;.<\/p>\n<p style=\"text-align: justify\">Diante desse contexto, foi criado dentro da SBMAC o Comit\u00ea Tem\u00e1tico em Sistemas Fuzzy, cujo pr\u00f3ximo coordenador \u00e9 o proponente deste evento. O evento foi nomeado Primeiro Congresso Brasileiro de Sistemas Fuzzy (I CBSF), substituindo assim o SALF. O I CBSF foi realizado em Sorocaba-SP em 2010. O II CBSF, realizado em 2012, foi sediado em Natal-RN. Em 2014, o III CBSF foi sediado em Jo\u00e3o Pessoa-Pb, e ocorreu conjuntamente com o 11th International FLINS Conference on Decision Making and Soft Computing (FLINS). Em 2016 o IV CBSF ocorreu na Unicamp, Campinas-SP. Em 2018 o V CBSF ocorreu em Fortaleza, na UFC, em conjunto com a Confer\u00eancia Internacional da North American Fuzzy Information Society (NAFIPS).<\/p>\n<p style=\"text-align: justify\">Por fim, o VI CBSF ocorreu em 2021, de modo online, devido ao cen\u00e1rio pand\u00eamico. Na ocasi\u00e3o a universidade sede e organizadora do evento foi a Unesp, campus de S\u00e3o Jos\u00e9 do Rio Preto-SP. A s\u00e9tima edi\u00e7\u00e3o do CBSF ser\u00e1 sediada novamente em Campinas, dessa vez no Centro Nacional de Pesquisa em Energia e Materiais (CNPEM), que \u00e9 o ber\u00e7o do projeto mais complexo da ci\u00eancia brasileira &#8211; o Sirius.<\/p>\n<ul>\n<li><a href=\"https:\/\/sites.google.com\/unesp.br\/vicbsf\" target=\"_blank\" rel=\"noopener\">VI CBSF 2021 &#8211; UNESP (S\u00e3o Jos\u00e9 do Rio Preto\/SP)<\/a><\/li>\n<li><a href=\"https:\/\/cbsf2018.wordpress.com\/\" target=\"_blank\" rel=\"noopener\">V CBSF 2018 &#8211; UFC (Fortaleza\/CE)<\/a><\/li>\n<li><a href=\"https:\/\/www.ime.unicamp.br\/~cbsf4\/index.php\" target=\"_blank\" rel=\"noopener\">IV CBSF 2016 &#8211; UNICAMP (Campinas\/SP)<\/a><\/li>\n<li><a href=\"http:\/\/www.de.ufpb.br\/~cbsf2014\/\" target=\"_blank\" rel=\"noopener\">III CBSF 2014 &#8211; UFPB (Jo\u00e3o Pessoa\/PB)<\/a><\/li>\n<li><a href=\"https:\/\/dimap.ufrn.br\/~cbsf\/pub\/anais\/2012\/IICBSF-BkAbstracts.pdf\" target=\"_blank\" rel=\"noopener\">II CBSF 2012 &#8211; UFRN (Natal\/RN)<\/a><\/li>\n<li>I CBSF 2010 &#8211; Sorocaba\/SP<\/li>\n<li>I e II Simp\u00f3sios de Aplica\u00e7\u00f5es de L\u00f3gica Fuzzy (SALF) em 2006 e 2008<\/li>\n<\/ul>\n<p>[\/vc_column_text][vc_text_separator title=&#8221;Material de apoio&#8221; css=&#8221;&#8221;][vc_column_text css=&#8221;&#8221;]<strong>Minicurso 1<\/strong>: Conjuntos fuzzy e intelig\u00eancia Artificial: fundamentos e aplica\u00e7\u00f5es<\/p>\n<ol>\n<li><a href=\"https:\/\/drive.google.com\/drive\/folders\/1wmg1lyz84tb0xDr9HThwTMnqxXULCA7p?usp=sharing\">C\u00f3digos em python<\/a><\/li>\n<li><a href=\"https:\/\/pypi.org\/project\/pyfuzzy-toolbox\/\">Pacote python de nome pyfuzzy-toolbox para instala\u00e7\u00e3o<\/a><\/li>\n<li><a href=\"https:\/\/1moi6.github.io\/pyfuzzy-toolbox\/\">Detalhes sobre os tr\u00eas m\u00f3dulos b\u00e1sicos do pyfuzzy-toolbox<\/a> ou nos <a href=\"https:\/\/1moi6.github.io\/pyfuzzy-toolbox\/examples\/gallery\/\">exemplos\u00a0<\/a><\/li>\n<li>Para quem n\u00e3o tem dificuldades com o python, <a href=\"https:\/\/pyfuzzy-toolbox.streamlit.app\/\">no link<\/a> disbonibiliza um interface gr\u00e1fica<\/li>\n<\/ol>\n<p>&nbsp;<\/p>\n<p>&nbsp;<\/p>\n<p><strong>Minicurso 2<\/strong>:\u00a0 <a href=\"https:\/\/pages.cnpem.br\/cbsf\/wp-content\/uploads\/sites\/187\/2025\/11\/Minicurso_p_fuzzy_CBSF2025.pdf\">Sistemas p-fuzzy e aplica\u00e7\u00f5es\u00a0<\/a><\/p>\n<p>[\/vc_column_text][\/vc_column][\/vc_row]<\/p>\n<\/div>","protected":false},"excerpt":{"rendered":"<p>[vc_row][vc_column][vc_column_text css=&#8221;&#8221;] O Congresso Brasileiro de Sistemas Fuzzy (CSBF) \u00e9 o maior evento cient\u00edfico da Am\u00e9rica do Sul dedicado exclusivamente a sistemas fuzzy e suas aplica\u00e7\u00f5es em \u00e1reas como matem\u00e1tica, f\u00edsica, engenharia, economia, sa\u00fade e ci\u00eancias sociais. Os primeiros passos em dire\u00e7\u00e3o a organiza\u00e7\u00e3o de uma comunidade brasileira de pesquisa sobre o tema de incerteza&hellip;<\/p>\n","protected":false},"author":3407,"featured_media":0,"parent":0,"menu_order":0,"comment_status":"closed","ping_status":"closed","template":"","meta":{"footnotes":""},"class_list":["post-39","page","type-page","status-publish","hentry","description-off"],"_links":{"self":[{"href":"https:\/\/pages.cnpem.br\/cbsf\/wp-json\/wp\/v2\/pages\/39","targetHints":{"allow":["GET"]}}],"collection":[{"href":"https:\/\/pages.cnpem.br\/cbsf\/wp-json\/wp\/v2\/pages"}],"about":[{"href":"https:\/\/pages.cnpem.br\/cbsf\/wp-json\/wp\/v2\/types\/page"}],"author":[{"embeddable":true,"href":"https:\/\/pages.cnpem.br\/cbsf\/wp-json\/wp\/v2\/users\/3407"}],"replies":[{"embeddable":true,"href":"https:\/\/pages.cnpem.br\/cbsf\/wp-json\/wp\/v2\/comments?post=39"}],"version-history":[{"count":0,"href":"https:\/\/pages.cnpem.br\/cbsf\/wp-json\/wp\/v2\/pages\/39\/revisions"}],"wp:attachment":[{"href":"https:\/\/pages.cnpem.br\/cbsf\/wp-json\/wp\/v2\/media?parent=39"}],"curies":[{"name":"wp","href":"https:\/\/api.w.org\/{rel}","templated":true}]}}