{"id":1105,"date":"2025-07-14T09:41:25","date_gmt":"2025-07-14T12:41:25","guid":{"rendered":"https:\/\/pages.cnpem.br\/cec\/?page_id=1105"},"modified":"2025-07-15T14:29:46","modified_gmt":"2025-07-15T17:29:46","slug":"vi-cec-congresso-de-estudantes-do-cnpem-2024","status":"publish","type":"page","link":"https:\/\/pages.cnpem.br\/cec\/vi-cec-congresso-de-estudantes-do-cnpem-2024\/","title":{"rendered":"VI CEC &#8211; Congresso de Estudantes do CNPEM 2024"},"content":{"rendered":"<div class=\"wpb-content-wrapper\"><p>[vc_row][vc_column][vc_custom_heading text=&#8221;CEC 2024&#8243; font_container=&#8221;tag:h4|text_align:left&#8221; google_fonts=&#8221;font_family:Montserrat%3Aregular%2C700|font_style:700%20bold%20regular%3A700%3Anormal&#8221; css=&#8221;&#8221;][vc_column_text css=&#8221;&#8221;]<\/p>\n<div class=\"wpb_column vc_column_container vc_col-sm-6\">\n<div class=\"vc_column-inner\">\n<div class=\"wpb_wrapper\">\n<div class=\"wpb_text_column wpb_content_element \">\n<div class=\"wpb_wrapper\">\n<p>O Congresso de Estudantes do CNPEM (CEC) \u00e9 o grande evento t\u00e9cnico-cient\u00edfico do\u00a0<a href=\"http:\/\/cnpem.br\/\" target=\"_blank\" rel=\"noopener\">Centro Nacional de Pesquisa em Energia e Materiais (CNPEM)<\/a>\u00a0\u2014 Organiza\u00e7\u00e3o Social supervisionada pelo Minist\u00e9rio da Ci\u00eancia, Tecnologia e Inova\u00e7\u00f5es (MCTI). O CEC d\u00e1 visibilidade aos trabalhos desenvolvidos pelos estudantes do Centro em um ambiente que promove a colabora\u00e7\u00e3o e a integra\u00e7\u00e3o da comunidade do CNPEM.<\/p>\n<p><strong>O CEC chega em 2024 \u00e0 sexta edi\u00e7\u00e3o<\/strong>!<\/p>\n<p>Aberto a todos os colaboradores, o CEC \u00e9 o espa\u00e7o para que estagi\u00e1rios de n\u00edvel superior e t\u00e9cnico, alunos de inicia\u00e7\u00e3o cient\u00edfica, graduandos da\u00a0<a href=\"https:\/\/ilum.cnpem.br\/\" target=\"_blank\" rel=\"noopener\">Ilum Escola de Ci\u00eancia<\/a>\u00a0e p\u00f3s-graduandos revelem novidades sobre suas pesquisas, aprimorem suas capacidades de comunica\u00e7\u00e3o cient\u00edfica e fortale\u00e7am la\u00e7os com os demais estudantes e colaboradores do Centro.<\/p>\n<\/div>\n<\/div>\n<\/div>\n<\/div>\n<\/div>\n<div class=\"wpb_column vc_column_container vc_col-sm-6\">\n<div class=\"vc_column-inner\">\n<div class=\"wpb_wrapper\">\n<div class=\"wpb_text_column wpb_content_element \">\n<div class=\"wpb_wrapper\">\n<p>Nascido em 2018, o evento surgiu com a inten\u00e7\u00e3o de estimular a intera\u00e7\u00e3o entre os diversos grupos do Centro. O evento vem crescendo a cada ano, tendo contado com a participa\u00e7\u00e3o de 76 estudantes na sua primeira edi\u00e7\u00e3o e chegando a mais de 500 inscritos na edi\u00e7\u00e3o de 2024. Neste ano, continuaremos com a integra\u00e7\u00e3o do centro com\u00a0 graduandos da Ilum, dando continuidade \u00e0 trajet\u00f3ria de crescimento do CEC!<\/p>\n<p>O Congresso oferece visibilidade aos trabalhos dos estudantes atrav\u00e9s de apresenta\u00e7\u00f5es de p\u00f4steres,\u00a0<em>flash talks<\/em> e apresenta\u00e7\u00f5es orais. Al\u00e9m disso, o CEC \u00e9 uma oportunidade singular para conhecimento das diferentes Unidades do Centro, contando com palestras dos Diretores e amplos espa\u00e7os para intera\u00e7\u00e3o entre os colaboradores do CNPEM.<\/p>\n<\/div>\n<\/div>\n<\/div>\n<\/div>\n<\/div>\n<p>[\/vc_column_text][\/vc_column][\/vc_row][vc_row][vc_column][vc_separator css=&#8221;&#8221;][\/vc_column][\/vc_row][vc_row][vc_column][vc_custom_heading text=&#8221;Programa\u00e7\u00e3o CEC 2024&#8243; font_container=&#8221;tag:h5|text_align:left&#8221; google_fonts=&#8221;font_family:Montserrat%3Aregular%2C700|font_style:700%20bold%20regular%3A700%3Anormal&#8221; css=&#8221;&#8221;][vc_toggle title=&#8221;04\/12\/2024&#8243; css=&#8221;&#8221;]<\/p>\n<table width=\"1186\">\n<tbody>\n<tr>\n<td width=\"307\"><strong>Se\u00e7\u00e3o<\/strong><\/td>\n<td width=\"307\"><strong>Nome<\/strong><\/td>\n<td width=\"307\"><strong>T\u00edtulo<\/strong><\/td>\n<td colspan=\"2\" width=\"265\"><strong>Hor\u00e1rio<\/strong><\/td>\n<\/tr>\n<tr>\n<td width=\"307\"><strong>Abertura<\/strong><\/td>\n<td class=\"xl59\" width=\"221\" height=\"24\">Jos\u00e9 Roque<\/td>\n<td width=\"307\">Palestra de abertura com diretor-geral do CNPEM<\/td>\n<td>08:30<\/td>\n<td>08:45<\/td>\n<\/tr>\n<tr>\n<td width=\"307\"><strong>Apresenta\u00e7\u00e3o Oral 1<\/strong><\/td>\n<td class=\"xl57\" width=\"221\" height=\"66\">Rafael Giovanini de Lima<\/td>\n<td width=\"384\">Entendendo a forma\u00e7\u00e3o de fase nem\u00e1tica em nanocristais de celulose por tomografia eletr\u00f4nica criog\u00eanica<\/td>\n<td>08:45<\/td>\n<td>09:00<\/td>\n<\/tr>\n<tr>\n<td width=\"307\"><strong>Apresenta\u00e7\u00e3o Oral 2<\/strong><\/td>\n<td class=\"xl55\" width=\"221\" height=\"38\">Amauri Leal Junior<\/td>\n<td class=\"xl56\" width=\"384\" height=\"38\">Explorando a din\u00e2mica conformacional de anticorpos e seu impacto no planejamento racional de imunoterap\u00eauticos.<\/td>\n<td>09:00<\/td>\n<td>09:15<\/td>\n<\/tr>\n<tr>\n<td width=\"307\"><strong>Apresenta\u00e7\u00e3o Oral 3<\/strong><\/td>\n<td class=\"xl55\" width=\"221\" height=\"60\">Giovanna Cavallieri Bizarre<\/td>\n<td class=\"xl56\" width=\"384\" height=\"60\">T\u00e9cnicas de Montagem e Comissionamento de Sistemas de V\u00e1cuo<\/td>\n<td>09:15<\/td>\n<td>09:30<\/td>\n<\/tr>\n<tr>\n<td width=\"307\"><strong>Apresenta\u00e7\u00e3o Oral 4<\/strong><\/td>\n<td class=\"xl55\" width=\"221\" height=\"38\">Aline Yoshida Machado<\/td>\n<td class=\"xl56\" width=\"384\" height=\"38\">Previs\u00e3o de Quench em Sistemas Supercondutores Usando Redes Neurais: Um Estudo Baseado em Sinais de Tens\u00e3o<\/td>\n<td>09:30<\/td>\n<td>09:45<\/td>\n<\/tr>\n<tr>\n<td width=\"307\"><strong>Apresenta\u00e7\u00e3o Oral 5<\/strong><\/td>\n<td class=\"xl55\" width=\"221\" height=\"72\">Leonardo Blankenburg<\/td>\n<td class=\"xl56\" width=\"384\" height=\"72\">Strategies to improve bioproduction in a microbial platform through enzyme discovery and engineering: enhancing 3-hydroxypropionic acid<\/td>\n<td width=\"115\">09:45<\/td>\n<td width=\"150\">10:00<\/td>\n<\/tr>\n<tr>\n<td width=\"307\"><strong>Intervalo<\/strong><\/td>\n<td>Coffee break<\/td>\n<td width=\"307\"><\/td>\n<td>10:00<\/td>\n<td>10:30<\/td>\n<\/tr>\n<tr>\n<td width=\"307\"><strong>Flash Talk<\/strong><\/td>\n<td width=\"307\">Flash Talk (16 trabalhos)<\/td>\n<td width=\"307\"><strong>Confira a programa\u00e7\u00e3o completa na Tabela de Flash Talks<\/strong><\/td>\n<td>10:30<\/td>\n<td>11:00<\/td>\n<\/tr>\n<tr>\n<td width=\"307\"><strong>Apresenta\u00e7\u00e3o Oral 6<\/strong><\/td>\n<td class=\"xl55\" width=\"221\" height=\"38\">Daniel Yamamoto Damico<\/td>\n<td class=\"xl56\" width=\"384\" height=\"38\">Seguran\u00e7a em Ambientes Expostos \u00e0 Radiofrequ\u00eancia: Estudo de Caso do Sirius<\/td>\n<td>11:00<\/td>\n<td>11:15<\/td>\n<\/tr>\n<tr>\n<td width=\"307\"><strong>Apresenta\u00e7\u00e3o Oral 7<\/strong><\/td>\n<td class=\"xl55\" width=\"221\" height=\"38\">Davi Jos\u00e9 Ara\u00fajo Pereira<\/td>\n<td class=\"xl56\" width=\"384\" height=\"38\">Explora\u00e7\u00e3o de defeitos em materiais bidimensionais atrav\u00e9s de aprendizado de m\u00e1quina<\/td>\n<td>11:15<\/td>\n<td>11:30<\/td>\n<\/tr>\n<tr>\n<td width=\"307\"><strong>Apresenta\u00e7\u00e3o Oral 8<\/strong><\/td>\n<td class=\"xl57\" width=\"221\" height=\"38\">Vict\u00f3ria B. P. da Silva<\/td>\n<td class=\"xl56\" width=\"384\" height=\"38\">Biomassa vegetal n\u00e3o-refinada: uma alternativa mais sustent\u00e1vel para a produ\u00e7\u00e3o de materiais leves<\/td>\n<td>11:30<\/td>\n<td>11:45<\/td>\n<\/tr>\n<tr>\n<td><strong>Apresenta\u00e7\u00e3o Oral 9<\/strong><\/td>\n<td class=\"xl65\" width=\"221\" height=\"57\">Julia F. Ragonha<\/td>\n<td width=\"384\">Segmenta\u00e7\u00e3o de tomografias de raios X para avalia\u00e7\u00e3o dos efeitos do biochar e nanopart\u00edculas de ZnO no desenvolvimento de ra\u00edzes de plantas de feij\u00e3o<\/td>\n<td>11:45<\/td>\n<td>12:00<\/td>\n<\/tr>\n<tr>\n<td><strong>Almo\u00e7o<\/strong><\/td>\n<td><\/td>\n<td><\/td>\n<td>12:00<\/td>\n<td>13:15<\/td>\n<\/tr>\n<tr>\n<td><strong>Apresenta\u00e7\u00e3o de P\u00f4steres<\/strong><\/td>\n<td><\/td>\n<td><strong>Confira a programa\u00e7\u00e3o completa na Tabela de P\u00f4steres<\/strong><\/td>\n<td>13:15<\/td>\n<td>14:45<\/td>\n<\/tr>\n<\/tbody>\n<\/table>\n<p>[\/vc_toggle][vc_toggle title=&#8221;05\/12\/2024&#8243; css=&#8221;&#8221;]<\/p>\n<table width=\"1186\">\n<tbody>\n<tr>\n<td width=\"307\"><strong>Se\u00e7\u00e3o<\/strong><\/td>\n<td width=\"307\"><strong>Nome<\/strong><\/td>\n<td width=\"307\"><strong>T\u00edtulo<\/strong><\/td>\n<td colspan=\"2\" width=\"265\"><strong>Hor\u00e1rio<\/strong><\/td>\n<\/tr>\n<tr>\n<td width=\"307\"><strong>Casos de Sucesso<\/strong><\/td>\n<td width=\"244\">Patricia Nallin<\/td>\n<td class=\"xl83\" width=\"404\" height=\"23\">Trajet\u00f3ria profissional no CNPEM<\/td>\n<td>08:30<\/td>\n<td>08:45<\/td>\n<\/tr>\n<tr>\n<td width=\"307\"><strong>Apresenta\u00e7\u00e3o Oral 10<\/strong><\/td>\n<td class=\"xl55\" width=\"244\" height=\"62\">Samuel Chagas de Assis<\/td>\n<td class=\"xl56\" width=\"404\" height=\"62\">Second-shell protonation states modulate the active site of the new family carbohudrate esterases 20 (CE20)<\/td>\n<td>08:45<\/td>\n<td>09:00<\/td>\n<\/tr>\n<tr>\n<td width=\"307\"><strong>Apresenta\u00e7\u00e3o Oral 11<\/strong><\/td>\n<td class=\"xl55\" height=\"38\">Leonardo Oparacz Kutelak<\/td>\n<td class=\"xl56\" width=\"404\" height=\"38\">Estudo de materiais topol\u00f3gicos utilizando m\u00e9todos de condi\u00e7\u00f5es extremas<\/td>\n<td>09:00<\/td>\n<td>09:15<\/td>\n<\/tr>\n<tr>\n<td width=\"307\"><strong>Apresenta\u00e7\u00e3o Oral 12<\/strong><\/td>\n<td class=\"xl55\" height=\"57\">Monyque Karoline de Paula Silva<\/td>\n<td class=\"xl56\" width=\"404\" height=\"57\">Identifica\u00e7\u00e3o e caracteriza\u00e7\u00e3o in silico de genomas de bacteri\u00f3fagos de uma esp\u00e9cie de herb\u00edvoro aqu\u00e1tico utilizando sequenciamento de short e long-reads<\/td>\n<td>09:15<\/td>\n<td>09:30<\/td>\n<\/tr>\n<tr>\n<td width=\"307\"><strong>Apresenta\u00e7\u00e3o Oral 13<\/strong><\/td>\n<td class=\"xl55\" height=\"38\">Paula Eduarda Santos Silva<\/td>\n<td class=\"xl56\" width=\"404\" height=\"38\">Aceleradores para Protonterapia e uma Proposta Preliminar de DTL para Aplica\u00e7\u00f5es M\u00e9dicas<\/td>\n<td>09:30<\/td>\n<td>09:45<\/td>\n<\/tr>\n<tr>\n<td width=\"307\"><strong>Apresenta\u00e7\u00e3o Oral 14<\/strong><\/td>\n<td class=\"xl55\" height=\"76\">Pedro H. K. Nishimoto<\/td>\n<td class=\"xl56\" width=\"404\" height=\"76\">Bionanocomp\u00f3sitos polim\u00e9ricos refor\u00e7ados com celulose nanofibrilada contendo lignina residual: aperfei\u00e7oando a compatibilidade de nanoestruturas hidrof\u00edlicas em matriz hidrof\u00f3bica<span class=\"font14\">\u00a0<\/span><\/td>\n<td width=\"115\">09:45<\/td>\n<td width=\"150\">10:00<\/td>\n<\/tr>\n<tr>\n<td width=\"307\"><strong>Intervalo<\/strong><\/td>\n<td>Coffee break<\/td>\n<td class=\"xl56\" width=\"404\" height=\"38\"><\/td>\n<td>10:00<\/td>\n<td>10:30<\/td>\n<\/tr>\n<tr>\n<td width=\"307\"><strong>Flash Talk<\/strong><\/td>\n<td width=\"307\">Flash Talk (16 trabalhos)<\/td>\n<td class=\"xl56\" width=\"404\" height=\"57\"><strong>Confira a programa\u00e7\u00e3o completa na Tabela de Flash Talks<\/strong><\/td>\n<td>10:30<\/td>\n<td>11:00<\/td>\n<\/tr>\n<tr>\n<td width=\"307\"><strong>Apresenta\u00e7\u00e3o Oral 15<\/strong><\/td>\n<td class=\"xl55\" width=\"244\" height=\"38\">Nat\u00e1lia Westin<\/td>\n<td class=\"xl56\" width=\"404\">Sondando ordenamentos de densidade de carga com RIXS no cuprato YBa2Cu3O7-\u03b4\u00a0\u00a0 sub-dopado<span class=\"font14\">\u00a0<\/span><\/td>\n<td>11:00<\/td>\n<td>11:15<\/td>\n<\/tr>\n<tr>\n<td width=\"307\"><strong>Apresenta\u00e7\u00e3o Oral 16<\/strong><\/td>\n<td class=\"xl55\" height=\"38\">Jo\u00e3o Victor Santos<\/td>\n<td class=\"xl56\" width=\"404\">Imageamento tridimensional de um modelo humano do c\u00e9rebro: caracteriza\u00e7\u00e3o morfol\u00f3gica de neur\u00f4nios \u00fanicos.<span class=\"font14\">\u00a0<\/span><\/td>\n<td>11:15<\/td>\n<td>11:30<\/td>\n<\/tr>\n<tr>\n<td width=\"307\"><strong>Apresenta\u00e7\u00e3o Oral 17<\/strong><\/td>\n<td class=\"xl55\" height=\"38\">Nath\u00e1lia Meschiatti Magioli<\/td>\n<td class=\"xl56\" width=\"404\">Desafios e Oportunidades na Produ\u00e7\u00e3o de Etanol de Segunda Gera\u00e7\u00e3o: Avalia\u00e7\u00e3o de Alternativas de Pr\u00e9-Tratamento<\/td>\n<td>11:30<\/td>\n<td>11:45<\/td>\n<\/tr>\n<tr>\n<td><strong>Apresenta\u00e7\u00e3o Oral 18<\/strong><\/td>\n<td class=\"xl57\" height=\"30\">Juventino J. F\u00e9rrer da Fonseca<\/td>\n<td class=\"xl56\" width=\"404\">Estudo de T\u00e9cnicas de Medida de Emit\u00e2ncia Aplicadas ao SIRIUS<span class=\"font14\">\u00a0<\/span><\/td>\n<td>11:45<\/td>\n<td>12:00<\/td>\n<\/tr>\n<tr>\n<td><strong>Almo\u00e7o<\/strong><\/td>\n<td><\/td>\n<td><\/td>\n<td>12:00<\/td>\n<td>13:15<\/td>\n<\/tr>\n<tr>\n<td><strong>Apresenta\u00e7\u00e3o de P\u00f4steres<\/strong><\/td>\n<td><\/td>\n<td><strong>Confira a programa\u00e7\u00e3o completa na Tabela de P\u00f4steres<\/strong><\/td>\n<td>13:15<\/td>\n<td>14:45<\/td>\n<\/tr>\n<\/tbody>\n<\/table>\n<p>[\/vc_toggle][vc_toggle title=&#8221;06\/12\/2024&#8243; css=&#8221;&#8221;]<\/p>\n<table>\n<tbody>\n<tr>\n<td><strong>Se\u00e7\u00e3o<\/strong><\/td>\n<td><strong>Nome<\/strong><\/td>\n<td><strong>T\u00edtulo<\/strong><\/td>\n<td colspan=\"2\"><strong>Hor\u00e1rio<\/strong><\/td>\n<\/tr>\n<tr>\n<td><strong>Casos de Sucesso<\/strong><\/td>\n<td class=\"xl79\" width=\"205\" height=\"23\">Matheus F. Chagas<\/td>\n<td class=\"xl83\" width=\"332\">Trajet\u00f3ria profissional no CNPEM<\/td>\n<td>08:30<\/td>\n<td>08:45<\/td>\n<\/tr>\n<tr>\n<td><strong>Apresenta\u00e7\u00e3o Oral 19<\/strong><\/td>\n<td class=\"xl55\" height=\"23\">Sarah P. R. Freire<\/td>\n<td class=\"xl56\" width=\"332\">Projeto Inverso de Novos Vidros Bioativos<span class=\"font14\">\u00a0<\/span><\/td>\n<td>08:45<\/td>\n<td>09:00<\/td>\n<\/tr>\n<tr>\n<td><strong>Apresenta\u00e7\u00e3o Oral 20<\/strong><\/td>\n<td class=\"xl55\" height=\"57\">Ana Lu\u00edsa Carvalho Mendon\u00e7a<\/td>\n<td class=\"xl56\" width=\"332\">Intelig\u00eancia Artificial na Microscopia Eletr\u00f4nica: Segmenta\u00e7\u00e3o de Imagens para An\u00e1lises em Resolu\u00e7\u00e3o At\u00f4mica<span class=\"font14\">\u00a0<\/span><\/td>\n<td>09:00<\/td>\n<td>09:15<\/td>\n<\/tr>\n<tr>\n<td><strong>Apresenta\u00e7\u00e3o Oral 21<\/strong><\/td>\n<td class=\"xl55\" height=\"38\">Pedro Henrique Zacharias Guidolim<\/td>\n<td class=\"xl56\" width=\"332\">Corre\u00e7\u00e3o Geom\u00e9trica do Detector Pimega 540D via Calibra\u00e7\u00e3o com Grade de Difra\u00e7\u00e3o<\/td>\n<td>09:15<\/td>\n<td>09:30<\/td>\n<\/tr>\n<tr>\n<td><strong>Apresenta\u00e7\u00e3o Oral 22<\/strong><\/td>\n<td class=\"xl55\" height=\"57\">Richard Cruz<\/td>\n<td class=\"xl56\" width=\"332\">Ca\u00e7adores de recompensas: Prospectando novas potenciais PCA descarboxilases para produ\u00e7\u00e3o microbiana de \u00e1cido muc\u00f4nico.<span class=\"font14\">\u00a0<\/span><\/td>\n<td>09:30<\/td>\n<td>09:45<\/td>\n<\/tr>\n<tr>\n<td><strong>Apresenta\u00e7\u00e3o Oral 23<\/strong><\/td>\n<td class=\"xl55\" height=\"38\">Paulo Jardim<\/td>\n<td class=\"xl56\" width=\"332\">Targeting Indoleamine-2,3-dioxygenase 1: A Promising Strategy for Neuropathic Pain Treatment.<\/td>\n<td>09:45<\/td>\n<td>10:00<\/td>\n<\/tr>\n<tr>\n<td><strong>Intervalo<\/strong><\/td>\n<td>Coffee Break<\/td>\n<td><\/td>\n<td>10:00<\/td>\n<td>10:30<\/td>\n<\/tr>\n<tr>\n<td><strong>Palestra<\/strong><\/td>\n<td class=\"xl258\" width=\"205\" height=\"38\">Rafael Elias Marques<\/td>\n<td class=\"xl260\" width=\"332\" height=\"38\">Projeto Orion<\/td>\n<td>10:30<\/td>\n<td>11:00<\/td>\n<\/tr>\n<tr>\n<td><strong>Apresenta\u00e7\u00e3o Oral 24<\/strong><\/td>\n<td class=\"xl55\" width=\"205\" height=\"41\">Victor Mendes<\/td>\n<td class=\"xl56\" width=\"332\">A arte da uni\u00e3o: Brasagem a v\u00e1cuo para componentes de alta precis\u00e3o<span class=\"font14\">\u00a0<\/span><\/td>\n<td>11:00<\/td>\n<td>11:15<\/td>\n<\/tr>\n<tr>\n<td><strong>Apresenta\u00e7\u00e3o Oral 25<\/strong><\/td>\n<td class=\"xl55\" height=\"57\">Patrick Alvares<\/td>\n<td class=\"xl56\" width=\"332\">Implementa\u00e7\u00e3o de rotinas para processamento de experimentos de triagem biol\u00f3gica em larga escala usando o CellProfiler em ambiente HPCC.<\/td>\n<td>11:15<\/td>\n<td>11:30<\/td>\n<\/tr>\n<tr>\n<td><strong>Apresenta\u00e7\u00e3o Oral 26<\/strong><\/td>\n<td class=\"xl55\" height=\"38\">Manuela Von Ah Davan\u00e7o<\/td>\n<td class=\"xl56\" width=\"332\">Metodologia de aferi\u00e7\u00e3o para detectores de radia\u00e7\u00e3o de grande volume sens\u00edvel<span class=\"font14\">\u00a0<\/span><\/td>\n<td>11:30<\/td>\n<td>11:45<\/td>\n<\/tr>\n<tr>\n<td><strong>Apresenta\u00e7\u00e3o Oral 27<\/strong><\/td>\n<td class=\"xl55\" height=\"58\">Diego Filletti<\/td>\n<td class=\"xl56\" width=\"332\">Caracteriza\u00e7\u00e3o estrutural do \u00f3xido de grafeno ap\u00f3s processos de sonica\u00e7\u00e3o e liofiliza\u00e7\u00e3o<span class=\"font14\">\u00a0<\/span><\/td>\n<td>11:45<\/td>\n<td>12:00<\/td>\n<\/tr>\n<tr>\n<td><strong>Apresenta\u00e7\u00e3o Oral 28<\/strong><\/td>\n<td class=\"xl55\" height=\"38\">Eduardo Monteiro<\/td>\n<td class=\"xl56\" width=\"332\">Multiscale imaging on xylem arrangement of grape vine pedicels during fruit ripening<span class=\"font14\">\u00a0<\/span><\/td>\n<td>12:00<\/td>\n<td>12:15<\/td>\n<\/tr>\n<tr>\n<td><strong>Almo\u00e7o<\/strong><\/td>\n<td><\/td>\n<td><\/td>\n<td>12:15<\/td>\n<td>13:30<\/td>\n<\/tr>\n<tr>\n<td><strong>Premia\u00e7\u00e3o e Encerramento<\/strong><\/td>\n<td><\/td>\n<td><\/td>\n<td>13:30<\/td>\n<td>14:30<\/td>\n<\/tr>\n<\/tbody>\n<\/table>\n<p>[\/vc_toggle][\/vc_column][\/vc_row][vc_row][vc_column][vc_custom_heading text=&#8221;Composi\u00e7\u00e3o dos Comit\u00eas 2024&#8243; font_container=&#8221;tag:h5|text_align:left&#8221; google_fonts=&#8221;font_family:Montserrat%3Aregular%2C700|font_style:700%20bold%20regular%3A700%3Anormal&#8221; css=&#8221;&#8221;][vc_toggle title=&#8221;Comit\u00ea Organizador&#8221; css=&#8221;&#8221;]<\/p>\n<p class=\"p1\"><strong>Alisson Cadore | <\/strong>LNNano (Coordenador)<\/p>\n<p><strong>Marcos Vinicius Lorevice<\/strong> <strong>| <\/strong>LNNano (Coordenador)<\/p>\n<p class=\"p1\"><b>Aline Passos |\u00a0<\/b>LNLS<\/p>\n<p class=\"p1\"><b>Andrey Nascimento |\u00a0<\/b>LNLS<\/p>\n<p class=\"p1\"><b>Artur Cordeiro |\u00a0<\/b>LNBio<\/p>\n<p class=\"p1\"><b>Beatriz Poltroniere |\u00a0<\/b>DSC<\/p>\n<p class=\"p1\"><b>Danusa do Carmo |\u00a0<\/b>LNLS<\/p>\n<p class=\"p1\"><b>D\u00e9bora Marques |\u00a0<\/b>DSC<\/p>\n<p><b>Elisa Silva Ferreira |\u00a0<\/b>LNNanno<\/p>\n<p class=\"p1\"><b>Felipe Crasto de Lima |\u00a0<\/b>Ilum<\/p>\n<p class=\"p1\"><b>Gabriela Noske |\u00a0<\/b>LNNano<\/p>\n<p class=\"p1\"><b>Giovana Tonon | <\/b>LNBr<\/p>\n<p class=\"p1\"><b>Isabela de Moraes | <\/b>DAT<\/p>\n<p class=\"p1\"><b>Isadora Cavassani |\u00a0<\/b>DAT<\/p>\n<p class=\"p1\"><b>Leandro Lemos |\u00a0<\/b>llum<\/p>\n<p class=\"p1\"><b>Luiz Nascimento |\u00a0<\/b>DSC<\/p>\n<p class=\"p1\"><b>Michelle Fagundes |\u00a0<\/b>LNBio<\/p>\n<p class=\"p1\"><b>Murilo de Oliveira |\u00a0<\/b>DG<\/p>\n<p class=\"p1\"><b>Plinio Salmazo Vieira |\u00a0<\/b>LNBr<\/p>\n<p>&nbsp;<\/p>\n<p>&nbsp;<\/p>\n<p>[\/vc_toggle][\/vc_column][\/vc_row]<\/p>\n<\/div>","protected":false},"excerpt":{"rendered":"<p>[vc_row][vc_column][vc_custom_heading text=&#8221;CEC 2024&#8243; font_container=&#8221;tag:h4|text_align:left&#8221; google_fonts=&#8221;font_family:Montserrat%3Aregular%2C700|font_style:700%20bold%20regular%3A700%3Anormal&#8221; css=&#8221;&#8221;][vc_column_text css=&#8221;&#8221;] O Congresso de Estudantes do CNPEM (CEC) \u00e9 o grande evento t\u00e9cnico-cient\u00edfico do\u00a0Centro Nacional de Pesquisa em Energia e Materiais (CNPEM)\u00a0\u2014 Organiza\u00e7\u00e3o Social supervisionada pelo Minist\u00e9rio da Ci\u00eancia, Tecnologia e Inova\u00e7\u00f5es (MCTI). O CEC d\u00e1 visibilidade aos trabalhos desenvolvidos pelos estudantes do Centro em um ambiente que promove&hellip;<\/p>\n","protected":false},"author":4509,"featured_media":0,"parent":0,"menu_order":0,"comment_status":"closed","ping_status":"closed","template":"","meta":{"footnotes":""},"class_list":["post-1105","page","type-page","status-publish","hentry","description-off"],"_links":{"self":[{"href":"https:\/\/pages.cnpem.br\/cec\/wp-json\/wp\/v2\/pages\/1105","targetHints":{"allow":["GET"]}}],"collection":[{"href":"https:\/\/pages.cnpem.br\/cec\/wp-json\/wp\/v2\/pages"}],"about":[{"href":"https:\/\/pages.cnpem.br\/cec\/wp-json\/wp\/v2\/types\/page"}],"author":[{"embeddable":true,"href":"https:\/\/pages.cnpem.br\/cec\/wp-json\/wp\/v2\/users\/4509"}],"replies":[{"embeddable":true,"href":"https:\/\/pages.cnpem.br\/cec\/wp-json\/wp\/v2\/comments?post=1105"}],"version-history":[{"count":0,"href":"https:\/\/pages.cnpem.br\/cec\/wp-json\/wp\/v2\/pages\/1105\/revisions"}],"wp:attachment":[{"href":"https:\/\/pages.cnpem.br\/cec\/wp-json\/wp\/v2\/media?parent=1105"}],"curies":[{"name":"wp","href":"https:\/\/api.w.org\/{rel}","templated":true}]}}