{"id":26,"date":"2022-08-19T12:39:02","date_gmt":"2022-08-19T12:39:02","guid":{"rendered":"https:\/\/pages.cnpem.br\/novocec\/?page_id=26"},"modified":"2024-09-27T14:42:50","modified_gmt":"2024-09-27T17:42:50","slug":"cec2018","status":"publish","type":"page","link":"https:\/\/pages.cnpem.br\/cec\/cec2018\/","title":{"rendered":"I CEC &#8211; Congresso de Estudantes do CNPEM 2018"},"content":{"rendered":"<div class=\"wpb-content-wrapper\"><p>[vc_row][vc_column][vc_custom_heading text=&#8221;CEC 2018&#8243; font_container=&#8221;tag:h4|text_align:left&#8221; google_fonts=&#8221;font_family:Montserrat%3Aregular%2C700|font_style:700%20bold%20regular%3A700%3Anormal&#8221; css=&#8221;&#8221;][vc_column_text]<\/p>\n<p style=\"text-align: justify\">O 1\u00ba Congresso de Estudantes do CNPEM (CEC) foi realizado dias 22 e 23 de novembro de 2018 e reuniu 76 estagi\u00e1rios do CNPEM. O CEC \u00e9 um congresso t\u00e9cnico-cient\u00edfico aberto a toda comunidade do CNPEM e tem inten\u00e7\u00e3o de animar a intera\u00e7\u00e3o entre os diversos grupos do centro. Dos estudantes participantes, foram 65 de n\u00edvel Superior e 11 de n\u00edvel T\u00e9cnico. Todos os estagi\u00e1rios apresentaram seus trabalhos em formato de p\u00f4ster e, dentre eles, 18 foram selecionados para apresenta\u00e7\u00f5es orais, realizadas no audit\u00f3rio do Anel (LNLS). As sess\u00f5es orais foram mediadas por 5 pesquisadores do CNPEM e outros 15 avaliadores escolheram os melhores p\u00f4steres apresentados. A abertura do evento foi realizada pelo diretor do LNLS, Yves Petroff.<\/p>\n<p>[\/vc_column_text][\/vc_column][\/vc_row][vc_row][vc_column][vc_custom_heading text=&#8221;Programa\u00e7\u00e3o CEC 2018&#8243; font_container=&#8221;tag:h5|text_align:left&#8221; google_fonts=&#8221;font_family:Montserrat%3Aregular%2C700|font_style:700%20bold%20regular%3A700%3Anormal&#8221; css=&#8221;&#8221;][vc_toggle title=&#8221;22\/11\/2018&#8243;]<\/p>\n<div class=\"vc_row wpb_row vc_inner vc_row-fluid\">\n<div class=\"wpb_column vc_column_container vc_col-sm-6\">\n<div class=\"vc_column-inner\">\n<div class=\"wpb_wrapper\">\n<div class=\"wpb_text_column wpb_content_element \">\n<div class=\"wpb_wrapper\">\n<p><strong>8h30<\/strong>\u00a0\u2013 Abertura do CEC<br \/>\n<strong>9h00 \u00e0s 10h40\u00a0<\/strong>\u2013 Apresenta\u00e7\u00f5es Orais<br \/>\n<strong>10h40 \u00e0s 11h10\u00a0<\/strong>\u2013 Coffee<br \/>\n<strong>11h10 \u00e0s 12h50\u00a0<\/strong>\u2013 Apresenta\u00e7\u00f5es Orais<br \/>\n<strong>12h50<\/strong>\u00a0\u2013 Foto Oficial<br \/>\n<strong>13h \u00e0s 14h\u00a0<\/strong>\u2013 Almo\u00e7o<br \/>\n<strong>14h \u00e0s 15h15\u00a0<\/strong>\u2013 Apresenta\u00e7\u00f5es Orais<br \/>\n<strong>15h15 \u00e0s 17h00\u00a0<\/strong>\u2013 Apresenta\u00e7\u00e3o de P\u00f4steres<\/p>\n<\/div>\n<\/div>\n<\/div>\n<\/div>\n<\/div>\n<\/div>\n<div class=\"vc_row wpb_row vc_inner vc_row-fluid\">\n<div class=\"wpb_column vc_column_container vc_col-sm-12\">\n<div class=\"vc_column-inner\">\n<div class=\"wpb_wrapper\">\n<div class=\"wpb_text_column wpb_content_element \">\n<div class=\"wpb_wrapper\">\n<p><strong>Sess\u00e3o oral 1 (das 9h \u00e0s 10h40)<\/strong><\/p>\n<table width=\"1301\">\n<tbody>\n<tr>\n<td><strong>Apresentador<\/strong><\/td>\n<td><strong>Hor\u00e1rio<\/strong><\/td>\n<td><strong>T\u00edtulo<\/strong><\/td>\n<td><strong>Laborat\u00f3rio<\/strong><\/td>\n<\/tr>\n<tr>\n<td>Murilo Barbosa Alves<\/td>\n<td>09:00<\/td>\n<td>Simula\u00e7\u00f5es de comissionamento do Booster do Sirius<\/td>\n<td>LNLS<\/td>\n<\/tr>\n<tr>\n<td>Humberto Rigamonti Junior<\/td>\n<td>09:25<\/td>\n<td>Um estudo acerca dos par\u00e2metros \u00f3pticos da Linha XARU<\/td>\n<td>LNLS<\/td>\n<\/tr>\n<tr>\n<td>George Nicolas Kontogiorgos<\/td>\n<td>09:50<\/td>\n<td>Decodificador BISS customizado para o projeto HD-DCM<\/td>\n<td>LNLS<\/td>\n<\/tr>\n<tr>\n<td>Jo\u00e3o Henrique Rezende<\/td>\n<td>10:15<\/td>\n<td>Desenvolvimento de Dispositivo Para Fenda de Fonte Secund\u00e1ria e Monitor de Posi\u00e7\u00e3o de Feixe Para a Linha Carna\u00faba<\/td>\n<td>LNLS<\/td>\n<\/tr>\n<\/tbody>\n<\/table>\n<p><strong>Sess\u00e3o oral 2 (das 11h10 \u00e0s 12h50<\/strong><strong>)<\/strong><\/p>\n<table width=\"1301\">\n<tbody>\n<tr>\n<td width=\"229\">Mirella Romanelli Vicente Bert<\/td>\n<td width=\"88\">11:10<\/td>\n<td width=\"896\">Avalia\u00e7\u00e3o do potencial de ligninas do baga\u00e7o de cana-de-a\u00e7\u00facar para a produ\u00e7\u00e3o de emuls\u00f5es do tipo Pickering<\/td>\n<td width=\"88\">CTBE<\/td>\n<\/tr>\n<tr>\n<td>Bruno Armenio Moreira Ferreira<\/td>\n<td>11:35<\/td>\n<td>Desenvolvimento de Sistema de Controle para Biorreator em Escala Piloto<\/td>\n<td>CTBE<\/td>\n<\/tr>\n<tr>\n<td>Kleber Eduardo Vicente dos Santos<\/td>\n<td>12:00<\/td>\n<td>Desenvolvimento e implanta\u00e7\u00e3o de modelo de excel\u00eancia operacional em inova\u00e7\u00e3o e servi\u00e7os no LNNano- Resultados<\/td>\n<td>LNNano<\/td>\n<\/tr>\n<tr>\n<td>Emanuelle Machado Amaral<\/td>\n<td>12:25<\/td>\n<td>Consolida\u00e7\u00e3o da Unidade Embrapii CNPEM Biomassa<\/td>\n<td>DG<\/td>\n<\/tr>\n<\/tbody>\n<\/table>\n<p><strong>Sess\u00e3o oral 3 (das 14h \u00e0s 15h15<\/strong><strong>)<\/strong><\/p>\n<table width=\"1301\">\n<tbody>\n<tr>\n<td width=\"229\">Alana Alvarenga<\/td>\n<td width=\"88\">14:00<\/td>\n<td width=\"896\">Express\u00e3o da prote\u00edna de membrana MAO-A humana em Saccharomyces cerevisiae para estudos estruturais e funcionais<\/td>\n<td width=\"88\">LNBio<\/td>\n<\/tr>\n<tr>\n<td>A\u00edlton P. C. Filho<\/td>\n<td>14:25<\/td>\n<td>Express\u00e3o e caracteriza\u00e7\u00e3o estrutural de NEK7 e do mutante ativo Y97F<\/td>\n<td>LNBio<\/td>\n<\/tr>\n<tr>\n<td>Carlos Vinicius Santos Batista<\/td>\n<td>14:50<\/td>\n<td>Estudo da interface Org\u00e2nico\/Metal e Org\u00e2nico\/Isolante<\/td>\n<td>LNNano<\/td>\n<\/tr>\n<\/tbody>\n<\/table>\n<\/div>\n<\/div>\n<\/div>\n<\/div>\n<\/div>\n<\/div>\n<p>[\/vc_toggle][vc_toggle title=&#8221;23\/11\/2018&#8243;]<strong>8h30 \u00e0s 10h10\u00a0<\/strong>\u2013 Apresenta\u00e7\u00f5es Orais<br \/>\n<strong>10h10 \u00e0s 10h40<\/strong>\u00a0\u2013 Coffee<br \/>\n<strong>10h40 \u00e0s 11h55\u00a0<\/strong>\u2013 Apresenta\u00e7\u00f5es Orais<br \/>\n<strong>12h00<\/strong>\u00a0\u2013 Entrega de certificados e premia\u00e7\u00f5es<br \/>\n<strong>12h30\u00a0<\/strong>\u2013 Encerramento<\/p>\n<p><strong>Sess\u00e3o oral 4 (das 8h30 \u00e0s 10h10)<\/strong><\/p>\n<table width=\"1301\">\n<tbody>\n<tr>\n<td width=\"229\">Barbara de Abreu Francisco<\/td>\n<td width=\"88\">08:30<\/td>\n<td width=\"896\">Desenvolvimento de um criostato para experimentos sob altas press\u00f5es no Sirius<\/td>\n<td width=\"88\">LNLS<\/td>\n<\/tr>\n<tr>\n<td>Ot\u00e1vio Berenguel<\/td>\n<td>08:55<\/td>\n<td>Modifica\u00e7\u00e3o Qu\u00edmica de Substratos para Grades de Criomicroscopia Eletr\u00f4nica de Transmiss\u00e3o<\/td>\n<td>LNNano<\/td>\n<\/tr>\n<tr>\n<td>Jose Cl\u00e1udio Corsaletti Filho<\/td>\n<td>09:20<\/td>\n<td>\u00cdm\u00e3s permanentes como fontes de campo magn\u00e9tico para ambientes de amostras<\/td>\n<td>LNLS<\/td>\n<\/tr>\n<tr>\n<td>Luiz Gustavo de Freitas Borges<\/td>\n<td>09:45<\/td>\n<td>Cela capilar para fluxo de l\u00edquido e g\u00e1s sob press\u00e3o: caracteriza\u00e7\u00e3o catalisadores em operando no SIRIUS.<\/td>\n<td>LNLS<\/td>\n<\/tr>\n<\/tbody>\n<\/table>\n<p><strong>Sess\u00e3o oral 5 (das 10h40 \u00e0s 11h55)<\/strong><\/p>\n<table width=\"1301\">\n<tbody>\n<tr>\n<td width=\"229\">Ana Clara de Souza Oliveira<\/td>\n<td width=\"88\">10:40<\/td>\n<td width=\"896\">Implementa\u00e7\u00e3o do Aplicativo de Alto N\u00edvel de Controle da Rampa do Booster do Sirius<\/td>\n<td width=\"88\">LNLS<\/td>\n<\/tr>\n<tr>\n<td>Rodolfo Cruz da Silva<\/td>\n<td>11:05<\/td>\n<td>Otimiza\u00e7\u00e3o na an\u00e1lise de dados do ARPES com interface gr\u00e1fica em python.<\/td>\n<td>LNLS<\/td>\n<\/tr>\n<tr>\n<td>Rodrigo Medeiros Guercio<\/td>\n<td>11:30<\/td>\n<td>E-MA: Experiment Management Application<\/td>\n<td>LNLS<\/td>\n<\/tr>\n<\/tbody>\n<\/table>\n<p>[\/vc_toggle][\/vc_column][\/vc_row][vc_row][vc_column][vc_custom_heading text=&#8221;Composi\u00e7\u00e3o dos Comit\u00eas 2018&#8243; font_container=&#8221;tag:h5|text_align:left&#8221; google_fonts=&#8221;font_family:Montserrat%3Aregular%2C700|font_style:700%20bold%20regular%3A700%3Anormal&#8221; css=&#8221;&#8221;][vc_toggle title=&#8221;Comit\u00ea Organizador&#8221;]M\u00e1rcio Medeiros Soares (LNLS)<br \/>\nElaine Matiazzo (RH) Ana Elisa Turczyn (RH)[\/vc_toggle][vc_toggle title=&#8221;Comit\u00ea Cient\u00edfico&#8221;]Rafael Elias Marques Pereira Silva (LNBio)<br \/>\nRicardo Donizeth dos Reis (LNLS)<br \/>\nRubia Figueredo Gouveia (LNNano)<br \/>\nVera Lucia Reis de Gouveia (LNBR)[\/vc_toggle][\/vc_column][\/vc_row]<\/p>\n<\/div>","protected":false},"excerpt":{"rendered":"<p>[vc_row][vc_column][vc_custom_heading text=&#8221;CEC 2018&#8243; font_container=&#8221;tag:h4|text_align:left&#8221; google_fonts=&#8221;font_family:Montserrat%3Aregular%2C700|font_style:700%20bold%20regular%3A700%3Anormal&#8221; css=&#8221;&#8221;][vc_column_text] O 1\u00ba Congresso de Estudantes do CNPEM (CEC) foi realizado dias 22 e 23 de novembro de 2018 e reuniu 76 estagi\u00e1rios do CNPEM. O CEC \u00e9 um congresso t\u00e9cnico-cient\u00edfico aberto a toda comunidade do CNPEM e tem inten\u00e7\u00e3o de animar a intera\u00e7\u00e3o entre os diversos grupos do centro.&hellip;<\/p>\n","protected":false},"author":883,"featured_media":0,"parent":0,"menu_order":0,"comment_status":"closed","ping_status":"closed","template":"","meta":{"footnotes":""},"class_list":["post-26","page","type-page","status-publish","hentry","description-off"],"_links":{"self":[{"href":"https:\/\/pages.cnpem.br\/cec\/wp-json\/wp\/v2\/pages\/26","targetHints":{"allow":["GET"]}}],"collection":[{"href":"https:\/\/pages.cnpem.br\/cec\/wp-json\/wp\/v2\/pages"}],"about":[{"href":"https:\/\/pages.cnpem.br\/cec\/wp-json\/wp\/v2\/types\/page"}],"author":[{"embeddable":true,"href":"https:\/\/pages.cnpem.br\/cec\/wp-json\/wp\/v2\/users\/883"}],"replies":[{"embeddable":true,"href":"https:\/\/pages.cnpem.br\/cec\/wp-json\/wp\/v2\/comments?post=26"}],"version-history":[{"count":0,"href":"https:\/\/pages.cnpem.br\/cec\/wp-json\/wp\/v2\/pages\/26\/revisions"}],"wp:attachment":[{"href":"https:\/\/pages.cnpem.br\/cec\/wp-json\/wp\/v2\/media?parent=26"}],"curies":[{"name":"wp","href":"https:\/\/api.w.org\/{rel}","templated":true}]}}