{"id":292,"date":"2026-02-02T18:10:55","date_gmt":"2026-02-02T18:10:55","guid":{"rendered":"https:\/\/pages.cnpem.br\/cepidcemol\/?page_id=292"},"modified":"2026-02-11T18:09:13","modified_gmt":"2026-02-11T18:09:13","slug":"rubia-figueredo-gouveia","status":"publish","type":"page","link":"https:\/\/pages.cnpem.br\/cepidcemol\/equipe\/rubia-figueredo-gouveia\/","title":{"rendered":"Rubia Figueredo Gouveia"},"content":{"rendered":"<div class=\"wpb-content-wrapper\"><p>[vc_row][vc_column width=&#8221;1\/3&#8243;]<style type=\"text\/css\" data-type=\"the7_shortcodes-inline-css\">.shortcode-single-image-wrap.shortcode-single-image-ee048160ad6915bcf19109317bb727ba.enable-bg-rollover .rollover i,\n.shortcode-single-image-wrap.shortcode-single-image-ee048160ad6915bcf19109317bb727ba.enable-bg-rollover .rollover-video i {\n  background: -webkit-linear-gradient();\n  background: linear-gradient();\n}\n.shortcode-single-image-wrap.shortcode-single-image-ee048160ad6915bcf19109317bb727ba .rollover-icon {\n  font-size: 32px;\n  color: #ffffff;\n  min-width: 44px;\n  min-height: 44px;\n  line-height: 44px;\n  border-radius: 100px;\n  border-style: solid;\n  border-width: 0px;\n}\n.dt-icon-bg-on.shortcode-single-image-wrap.shortcode-single-image-ee048160ad6915bcf19109317bb727ba .rollover-icon {\n  background: rgba(255,255,255,0.3);\n  box-shadow: none;\n}<\/style><div class=\"shortcode-single-image-wrap shortcode-single-image-ee048160ad6915bcf19109317bb727ba alignnone  enable-bg-rollover dt-icon-bg-off\" style=\"margin-top:0px; margin-bottom:0px; margin-left:0px; margin-right:0px; width:500px;\"><div class=\"shortcode-single-image\"><div class=\"fancy-media-wrap  layzr-bg\" style=\"\"><img fetchpriority=\"high\" decoding=\"async\" class=\"preload-me lazy-load aspect\" src=\"data:image\/svg+xml,%3Csvg%20xmlns%3D&#39;http%3A%2F%2Fwww.w3.org%2F2000%2Fsvg&#39;%20viewBox%3D&#39;0%200%20500%20500&#39;%2F%3E\" data-src=\"https:\/\/pages.cnpem.br\/cepidcemol\/wp-content\/uploads\/sites\/201\/2026\/02\/Rubia-Gouveia-500x500.jpg\" data-srcset=\"https:\/\/pages.cnpem.br\/cepidcemol\/wp-content\/uploads\/sites\/201\/2026\/02\/Rubia-Gouveia-500x500.jpg 500w, https:\/\/pages.cnpem.br\/cepidcemol\/wp-content\/uploads\/sites\/201\/2026\/02\/Rubia-Gouveia.jpg 693w\" loading=\"eager\" sizes=\"(max-width: 500px) 100vw, 500px\" width=\"500\" height=\"500\"  data-dt-location=\"https:\/\/pages.cnpem.br\/cepidcemol\/equipe\/rubia-gouveia\/\" style=\"--ratio: 500 \/ 500;\" alt=\"\" \/><\/div><\/div><\/div>[vc_empty_space height=&#8221;25px&#8221;][vc_column_text css=&#8221;&#8221;]<\/p>\n<div class=\"wpb_text_column wpb_content_element \">\n<div class=\"wpb_wrapper\">\n<div class=\"wpb_text_column wpb_content_element \">\n<div class=\"wpb_wrapper\">\n<h4 style=\"text-align: center\"><span class=\"TextRun SCXW181524146 BCX2\" lang=\"PT-BR\" xml:lang=\"PT-BR\" data-contrast=\"auto\"><span class=\"NormalTextRun SCXW181524146 BCX2\"><span class=\"TextRun SCXW29186446 BCX2\" lang=\"PT-BR\" xml:lang=\"PT-BR\" data-contrast=\"auto\"><span class=\"NormalTextRun SCXW29186446 BCX2\">Rubia Figueredo Gouveia<\/span><\/span><\/span><\/span><\/h4>\n<p style=\"text-align: center\">LNNano-CNPEM<\/p>\n<\/div>\n<\/div>\n<\/div>\n<\/div>\n<p>[\/vc_column_text][\/vc_column][vc_column width=&#8221;2\/3&#8243;][vc_column_text css=&#8221;&#8221;]<b><span data-contrast=\"auto\">Rubia Figueredo Gouveia<\/span><\/b><span data-contrast=\"auto\"> \u00e9 pesquisadora do Laborat\u00f3rio Nacional de Nanotecnologia do Centro Nacional de Pesquisa em Energia e Materiais (LNNano\u2013CNPEM) e docente permanente do Programa de P\u00f3s-Gradua\u00e7\u00e3o em Nanoci\u00eancias e Materiais Avan\u00e7ados da Universidade Federal do ABC (UFABC). \u00c9 graduada em Qu\u00edmica pela Universidade Estadual de Maring\u00e1 (UEM), mestre em Qu\u00edmica e doutora em Ci\u00eancias (F\u00edsico-Qu\u00edmica) pela Universidade Estadual de Campinas (UNICAMP), com p\u00f3s-doutorados no King\u2019s College London (Reino Unido) e na UNICAMP. Sua pesquisa concentra-se no desenvolvimento de nanocomp\u00f3sitos polim\u00e9ricos renov\u00e1veis, tanto por rota coloidal, quanto termopl\u00e1stica para aplica\u00e7\u00f5es em filmes e revestimentos, materiais porosos e adesivos. Possui experi\u00eancia na \u00e1rea de materiais renov\u00e1veis, nanocomp\u00f3sitos polim\u00e9ricos, caracteriza\u00e7\u00e3o avan\u00e7ada por microtomografia de raios X, qu\u00edmica coloidal e microscopias de varredura por sondas. Recebeu o pr\u00eamio Marechal-do-Ar Casimiro Montenegro Filho da Secretaria de Assuntos Estrat\u00e9gicos da Presid\u00eancia da Rep\u00fablica pela melhor tese em Qu\u00edmica em 2010. Tem mais de 40 artigos publicados, \u00e9 autora em mais de 10 patentes e coordena projetos de pesquisa e inova\u00e7\u00e3o em parceria com empresas.<\/span><span data-ccp-props=\"{}\">\u00a0<\/span><\/p>\n<p><span data-ccp-props=\"{}\">\u00a0<\/span><\/p>\n<p><span data-contrast=\"auto\"><strong>\u00c1rea tem\u00e1tica<\/strong>: Materiais Sustent\u00e1veis<\/span><span data-ccp-props=\"{}\">\u00a0<\/span><\/p>\n<p><span data-contrast=\"auto\"><strong>Lattes<\/strong>: <\/span><a href=\"http:\/\/lattes.cnpq.br\/7654537803300326\"><span data-contrast=\"none\">http:\/\/lattes.cnpq.br\/7654537803300326<\/span><\/a><span data-ccp-props=\"{}\">\u00a0<\/span><\/p>\n<p><strong>Google Scholar<\/strong>: <a href=\"https:\/\/scholar.google.com\/citations?user=geI4wVgAAAAJ\">https:\/\/scholar.google.com\/citations?user=geI4wVgAAAAJ<\/a>[\/vc_column_text][\/vc_column][\/vc_row]<\/p>\n<\/div>","protected":false},"excerpt":{"rendered":"<p>[vc_row][vc_column width=&#8221;1\/3&#8243;][vc_empty_space height=&#8221;25px&#8221;][vc_column_text css=&#8221;&#8221;] Rubia Figueredo Gouveia LNNano-CNPEM [\/vc_column_text][\/vc_column][vc_column width=&#8221;2\/3&#8243;][vc_column_text css=&#8221;&#8221;]Rubia Figueredo Gouveia \u00e9 pesquisadora do Laborat\u00f3rio Nacional de Nanotecnologia do Centro Nacional de Pesquisa em Energia e Materiais (LNNano\u2013CNPEM) e docente permanente do Programa de P\u00f3s-Gradua\u00e7\u00e3o em Nanoci\u00eancias e Materiais Avan\u00e7ados da Universidade Federal do ABC (UFABC). \u00c9 graduada em Qu\u00edmica pela Universidade Estadual&hellip;<\/p>\n","protected":false},"author":4808,"featured_media":0,"parent":134,"menu_order":0,"comment_status":"closed","ping_status":"closed","template":"","meta":{"footnotes":""},"class_list":["post-292","page","type-page","status-publish","hentry","description-off"],"jetpack_sharing_enabled":true,"_links":{"self":[{"href":"https:\/\/pages.cnpem.br\/cepidcemol\/wp-json\/wp\/v2\/pages\/292","targetHints":{"allow":["GET"]}}],"collection":[{"href":"https:\/\/pages.cnpem.br\/cepidcemol\/wp-json\/wp\/v2\/pages"}],"about":[{"href":"https:\/\/pages.cnpem.br\/cepidcemol\/wp-json\/wp\/v2\/types\/page"}],"author":[{"embeddable":true,"href":"https:\/\/pages.cnpem.br\/cepidcemol\/wp-json\/wp\/v2\/users\/4808"}],"replies":[{"embeddable":true,"href":"https:\/\/pages.cnpem.br\/cepidcemol\/wp-json\/wp\/v2\/comments?post=292"}],"version-history":[{"count":0,"href":"https:\/\/pages.cnpem.br\/cepidcemol\/wp-json\/wp\/v2\/pages\/292\/revisions"}],"up":[{"embeddable":true,"href":"https:\/\/pages.cnpem.br\/cepidcemol\/wp-json\/wp\/v2\/pages\/134"}],"wp:attachment":[{"href":"https:\/\/pages.cnpem.br\/cepidcemol\/wp-json\/wp\/v2\/media?parent=292"}],"curies":[{"name":"wp","href":"https:\/\/api.w.org\/{rel}","templated":true}]}}