{"id":293,"date":"2026-02-02T19:09:47","date_gmt":"2026-02-02T19:09:47","guid":{"rendered":"https:\/\/pages.cnpem.br\/cepidcemol\/?page_id=293"},"modified":"2026-02-11T18:26:07","modified_gmt":"2026-02-11T18:26:07","slug":"alisson-ronieri-cadore","status":"publish","type":"page","link":"https:\/\/pages.cnpem.br\/cepidcemol\/equipe\/alisson-ronieri-cadore\/","title":{"rendered":"Alisson Ronieri Cadore"},"content":{"rendered":"<div class=\"wpb-content-wrapper\"><p>[vc_row][vc_column width=&#8221;1\/3&#8243;]<style type=\"text\/css\" data-type=\"the7_shortcodes-inline-css\">.shortcode-single-image-wrap.shortcode-single-image-05374e3ac4f3c366e2b8e293d39282f9.enable-bg-rollover .rollover i,\n.shortcode-single-image-wrap.shortcode-single-image-05374e3ac4f3c366e2b8e293d39282f9.enable-bg-rollover .rollover-video i {\n  background: -webkit-linear-gradient();\n  background: linear-gradient();\n}\n.shortcode-single-image-wrap.shortcode-single-image-05374e3ac4f3c366e2b8e293d39282f9 .rollover-icon {\n  font-size: 32px;\n  color: #ffffff;\n  min-width: 44px;\n  min-height: 44px;\n  line-height: 44px;\n  border-radius: 100px;\n  border-style: solid;\n  border-width: 0px;\n}\n.dt-icon-bg-on.shortcode-single-image-wrap.shortcode-single-image-05374e3ac4f3c366e2b8e293d39282f9 .rollover-icon {\n  background: rgba(255,255,255,0.3);\n  box-shadow: none;\n}<\/style><div class=\"shortcode-single-image-wrap shortcode-single-image-05374e3ac4f3c366e2b8e293d39282f9 alignnone  enable-bg-rollover dt-icon-bg-off\" style=\"margin-top:0px; margin-bottom:0px; margin-left:0px; margin-right:0px; width:500px;\"><div class=\"shortcode-single-image\"><div class=\"fancy-media-wrap  layzr-bg\" style=\"\"><img fetchpriority=\"high\" decoding=\"async\" class=\"preload-me lazy-load aspect\" src=\"data:image\/svg+xml,%3Csvg%20xmlns%3D&#39;http%3A%2F%2Fwww.w3.org%2F2000%2Fsvg&#39;%20viewBox%3D&#39;0%200%20500%20500&#39;%2F%3E\" data-src=\"https:\/\/pages.cnpem.br\/cepidcemol\/wp-content\/uploads\/sites\/201\/2026\/02\/Alisson-Cadore-500x500.jpg\" data-srcset=\"https:\/\/pages.cnpem.br\/cepidcemol\/wp-content\/uploads\/sites\/201\/2026\/02\/Alisson-Cadore-500x500.jpg 500w, https:\/\/pages.cnpem.br\/cepidcemol\/wp-content\/uploads\/sites\/201\/2026\/02\/Alisson-Cadore.jpg 700w\" loading=\"eager\" sizes=\"(max-width: 500px) 100vw, 500px\" width=\"500\" height=\"500\"  data-dt-location=\"https:\/\/pages.cnpem.br\/cepidcemol\/equipe\/alisson-cadore\/\" style=\"--ratio: 500 \/ 500;\" alt=\"\" \/><\/div><\/div><\/div>[vc_empty_space height=&#8221;25px&#8221;][vc_column_text css=&#8221;&#8221;]<\/p>\n<div class=\"wpb_text_column wpb_content_element \">\n<div class=\"wpb_wrapper\">\n<div class=\"wpb_text_column wpb_content_element \">\n<div class=\"wpb_wrapper\">\n<h4 style=\"text-align: center\"><span class=\"TextRun SCXW181524146 BCX2\" lang=\"PT-BR\" xml:lang=\"PT-BR\" data-contrast=\"auto\"><span class=\"NormalTextRun SCXW181524146 BCX2\"><span class=\"TextRun SCXW29186446 BCX2\" lang=\"PT-BR\" xml:lang=\"PT-BR\" data-contrast=\"auto\"><span class=\"NormalTextRun SCXW29186446 BCX2\">Alisson Ronieri Cadore<\/span><\/span><\/span><\/span><\/h4>\n<p style=\"text-align: center\">LNNano-CNPEM<\/p>\n<\/div>\n<\/div>\n<\/div>\n<\/div>\n<p>[\/vc_column_text][\/vc_column][vc_column width=&#8221;2\/3&#8243;][vc_column_text css=&#8221;&#8221;]<b><span data-contrast=\"auto\">Alisson Ronieri Cadore<\/span><\/b><span data-contrast=\"auto\"> \u00e9 Pesquisador do Laborat\u00f3rio Nacional de Nanotecnologia do Centro Nacional de Pesquisa em Energia e Materiais (LNNano-CNPEM) e Professor Permanente do Programa de P\u00f3s-Gradua\u00e7\u00e3o em F\u00edsica da Universidade Federal do Mato Grosso (UFMT). \u00c9 graduado em F\u00edsica pelo Centro Universit\u00e1rio Franciscano, com mestrado e doutorado em F\u00edsica pela Universidade Federal de Minas Gerais (UFMG), incluindo est\u00e1gio doutoral na University of California, Santa Barbara (EUA). Realizou p\u00f3s-doutorados no Cambridge Graphene Centre (Universidade de Cambridge, Reino Unido) e no MackGraphe da Universidade Presbiteriana Mackenzie. Atua na fabrica\u00e7\u00e3o de nanodispositivos optoeletr\u00f4nicos, heteroestruturas de van der Waals e aplica\u00e7\u00f5es de materiais bidimensionais. \u00c9 membro afiliado da Academia Brasileira de Ci\u00eancias (2026\u20132030) e possui mais de 60 artigos publicados em peri\u00f3dicos cient\u00edficos da \u00e1rea.<\/span><span data-ccp-props=\"{}\">\u00a0<\/span><\/p>\n<p><span data-ccp-props=\"{}\">\u00a0<\/span><\/p>\n<p><b><span data-contrast=\"auto\">\u00c1rea tem\u00e1tica<\/span><\/b><span data-contrast=\"auto\">: Materiais Qu\u00e2nticos<\/span><span data-ccp-props=\"{}\">\u00a0<\/span><\/p>\n<p><b><span data-contrast=\"auto\">Lattes<\/span><\/b><span data-contrast=\"auto\">: <\/span><a href=\"http:\/\/lattes.cnpq.br\/7547090345773696\"><span data-contrast=\"none\">http:\/\/lattes.cnpq.br\/7547090345773696<\/span><\/a><span data-ccp-props=\"{}\">\u00a0<\/span><\/p>\n<p><strong>Google Scholar<\/strong>: <a href=\"https:\/\/scholar.google.com\/citations?user=uTPwASEAAAAJ\">https:\/\/scholar.google.com\/citations?user=uTPwASEAAAAJ<\/a>[\/vc_column_text][\/vc_column][\/vc_row]<\/p>\n<\/div>","protected":false},"excerpt":{"rendered":"<p>[vc_row][vc_column width=&#8221;1\/3&#8243;][vc_empty_space height=&#8221;25px&#8221;][vc_column_text css=&#8221;&#8221;] Alisson Ronieri Cadore LNNano-CNPEM [\/vc_column_text][\/vc_column][vc_column width=&#8221;2\/3&#8243;][vc_column_text css=&#8221;&#8221;]Alisson Ronieri Cadore \u00e9 Pesquisador do Laborat\u00f3rio Nacional de Nanotecnologia do Centro Nacional de Pesquisa em Energia e Materiais (LNNano-CNPEM) e Professor Permanente do Programa de P\u00f3s-Gradua\u00e7\u00e3o em F\u00edsica da Universidade Federal do Mato Grosso (UFMT). \u00c9 graduado em F\u00edsica pelo Centro Universit\u00e1rio Franciscano, com&hellip;<\/p>\n","protected":false},"author":4808,"featured_media":0,"parent":134,"menu_order":0,"comment_status":"closed","ping_status":"closed","template":"","meta":{"footnotes":""},"class_list":["post-293","page","type-page","status-publish","hentry","description-off"],"jetpack_sharing_enabled":true,"_links":{"self":[{"href":"https:\/\/pages.cnpem.br\/cepidcemol\/wp-json\/wp\/v2\/pages\/293","targetHints":{"allow":["GET"]}}],"collection":[{"href":"https:\/\/pages.cnpem.br\/cepidcemol\/wp-json\/wp\/v2\/pages"}],"about":[{"href":"https:\/\/pages.cnpem.br\/cepidcemol\/wp-json\/wp\/v2\/types\/page"}],"author":[{"embeddable":true,"href":"https:\/\/pages.cnpem.br\/cepidcemol\/wp-json\/wp\/v2\/users\/4808"}],"replies":[{"embeddable":true,"href":"https:\/\/pages.cnpem.br\/cepidcemol\/wp-json\/wp\/v2\/comments?post=293"}],"version-history":[{"count":0,"href":"https:\/\/pages.cnpem.br\/cepidcemol\/wp-json\/wp\/v2\/pages\/293\/revisions"}],"up":[{"embeddable":true,"href":"https:\/\/pages.cnpem.br\/cepidcemol\/wp-json\/wp\/v2\/pages\/134"}],"wp:attachment":[{"href":"https:\/\/pages.cnpem.br\/cepidcemol\/wp-json\/wp\/v2\/media?parent=293"}],"curies":[{"name":"wp","href":"https:\/\/api.w.org\/{rel}","templated":true}]}}