{"id":300,"date":"2026-02-02T19:31:29","date_gmt":"2026-02-02T19:31:29","guid":{"rendered":"https:\/\/pages.cnpem.br\/cepidcemol\/?page_id=300"},"modified":"2026-02-11T18:46:52","modified_gmt":"2026-02-11T18:46:52","slug":"daniele-ribeiro-de-araujo-2","status":"publish","type":"page","link":"https:\/\/pages.cnpem.br\/cepidcemol\/equipe\/daniele-ribeiro-de-araujo-2\/","title":{"rendered":"Daniele Ribeiro de Ara\u00fajo"},"content":{"rendered":"<div class=\"wpb-content-wrapper\"><p>[vc_row][vc_column width=&#8221;1\/3&#8243;]<style type=\"text\/css\" data-type=\"the7_shortcodes-inline-css\">.shortcode-single-image-wrap.shortcode-single-image-009c96eabbd7a6b1fab610aadfd012ea.enable-bg-rollover .rollover i,\n.shortcode-single-image-wrap.shortcode-single-image-009c96eabbd7a6b1fab610aadfd012ea.enable-bg-rollover .rollover-video i {\n  background: -webkit-linear-gradient();\n  background: linear-gradient();\n}\n.shortcode-single-image-wrap.shortcode-single-image-009c96eabbd7a6b1fab610aadfd012ea .rollover-icon {\n  font-size: 32px;\n  color: #ffffff;\n  min-width: 44px;\n  min-height: 44px;\n  line-height: 44px;\n  border-radius: 100px;\n  border-style: solid;\n  border-width: 0px;\n}\n.dt-icon-bg-on.shortcode-single-image-wrap.shortcode-single-image-009c96eabbd7a6b1fab610aadfd012ea .rollover-icon {\n  background: rgba(255,255,255,0.3);\n  box-shadow: none;\n}<\/style><div class=\"shortcode-single-image-wrap shortcode-single-image-009c96eabbd7a6b1fab610aadfd012ea alignnone  enable-bg-rollover dt-icon-bg-off\" style=\"margin-top:0px; margin-bottom:0px; margin-left:0px; margin-right:0px; width:500px;\"><div class=\"shortcode-single-image\"><div class=\"fancy-media-wrap  layzr-bg\" style=\"\"><img fetchpriority=\"high\" decoding=\"async\" class=\"preload-me lazy-load aspect\" src=\"data:image\/svg+xml,%3Csvg%20xmlns%3D&#39;http%3A%2F%2Fwww.w3.org%2F2000%2Fsvg&#39;%20viewBox%3D&#39;0%200%20410%20410&#39;%2F%3E\" data-src=\"https:\/\/pages.cnpem.br\/cepidcemol\/wp-content\/uploads\/sites\/201\/2026\/02\/Daniele-Ribeiro-de-Araujo.jpg\" data-srcset=\"https:\/\/pages.cnpem.br\/cepidcemol\/wp-content\/uploads\/sites\/201\/2026\/02\/Daniele-Ribeiro-de-Araujo.jpg 410w\" loading=\"eager\" sizes=\"(max-width: 410px) 100vw, 410px\" width=\"410\" height=\"410\"  data-dt-location=\"https:\/\/pages.cnpem.br\/cepidcemol\/equipe\/daniele-ribeiro-de-araujo\/\" style=\"--ratio: 410 \/ 410;\" alt=\"\" \/><\/div><\/div><\/div>[vc_empty_space height=&#8221;25px&#8221;][vc_column_text css=&#8221;&#8221;]<\/p>\n<div class=\"wpb_text_column wpb_content_element \">\n<div class=\"wpb_wrapper\">\n<div class=\"wpb_text_column wpb_content_element \">\n<div class=\"wpb_wrapper\">\n<h4 style=\"text-align: center\"><span class=\"TextRun SCXW181524146 BCX2\" lang=\"PT-BR\" xml:lang=\"PT-BR\" data-contrast=\"auto\"><span class=\"NormalTextRun SCXW181524146 BCX2\"><span class=\"TextRun SCXW29186446 BCX2\" lang=\"PT-BR\" xml:lang=\"PT-BR\" data-contrast=\"auto\"><span class=\"NormalTextRun SCXW29186446 BCX2\">Daniele Ribeiro de Araujo<\/span><\/span><\/span><\/span><\/h4>\n<p style=\"text-align: center\">Unifesp<\/p>\n<\/div>\n<\/div>\n<\/div>\n<\/div>\n<p>[\/vc_column_text][\/vc_column][vc_column width=&#8221;2\/3&#8243;][vc_column_text css=&#8221;&#8221;]<b><span data-contrast=\"auto\">Daniele Ribeiro de Ara\u00fajo<\/span><\/b><span data-contrast=\"auto\"> \u00e9 professora associada da Universidade Federal de S\u00e3o Paulo (UNIFESP). \u00c9 graduada em Farm\u00e1cia pela Universidade Federal do Maranh\u00e3o (UFMA), com mestrado e doutorado em Biologia Funcional e Molecular (Bioqu\u00edmica) pela Universidade Estadual de Campinas (Unicamp). Realizou p\u00f3s-doutorados na Unicamp e na Universit\u00e0 degli Studi di Parma (It\u00e1lia), al\u00e9m de atuar como professora visitante na University of British Columbia (Canad\u00e1). Sua pesquisa concentra-se em Nanobiotecnologia e Nanomedicina, com \u00eanfase no desenvolvimento de hidrog\u00e9is, micelas e emuls\u00f5es aplicados a dor e inflama\u00e7\u00e3o. Foi professora da UFABC (2009\u20132024), e integrou a Sociedade Brasileira de Biof\u00edsica como secret\u00e1ria-geral (2022-2025). \u00c9 autora em mais de 130 artigos e 9 patentes.<\/span><span data-ccp-props=\"{}\">\u00a0<\/span><\/p>\n<p><span data-ccp-props=\"{}\">\u00a0<\/span><\/p>\n<p><b><span data-contrast=\"auto\">\u00c1reas tem\u00e1ticas<\/span><\/b><span data-contrast=\"auto\">: Materiais Sustent\u00e1veis e Sa\u00fade<\/span><span data-ccp-props=\"{}\">\u00a0<\/span><\/p>\n<p><b><span data-contrast=\"auto\">Lattes<\/span><\/b><span data-contrast=\"auto\">: <\/span><a href=\"http:\/\/lattes.cnpq.br\/6434758592103771\"><span data-contrast=\"none\">http:\/\/lattes.cnpq.br\/6434758592103771<\/span><\/a><span data-ccp-props=\"{}\">\u00a0<\/span><\/p>\n<p><strong>Google Scholar<\/strong>: <a href=\"https:\/\/scholar.google.com\/citations?user=FRaV48EAAAAJ\">https:\/\/scholar.google.com\/citations?user=FRaV48EAAAAJ<\/a>[\/vc_column_text][\/vc_column][\/vc_row]<\/p>\n<\/div>","protected":false},"excerpt":{"rendered":"<p>[vc_row][vc_column width=&#8221;1\/3&#8243;][vc_empty_space height=&#8221;25px&#8221;][vc_column_text css=&#8221;&#8221;] Daniele Ribeiro de Araujo Unifesp [\/vc_column_text][\/vc_column][vc_column width=&#8221;2\/3&#8243;][vc_column_text css=&#8221;&#8221;]Daniele Ribeiro de Ara\u00fajo \u00e9 professora associada da Universidade Federal de S\u00e3o Paulo (UNIFESP). \u00c9 graduada em Farm\u00e1cia pela Universidade Federal do Maranh\u00e3o (UFMA), com mestrado e doutorado em Biologia Funcional e Molecular (Bioqu\u00edmica) pela Universidade Estadual de Campinas (Unicamp). Realizou p\u00f3s-doutorados na Unicamp&hellip;<\/p>\n","protected":false},"author":4808,"featured_media":0,"parent":134,"menu_order":0,"comment_status":"closed","ping_status":"closed","template":"","meta":{"footnotes":""},"class_list":["post-300","page","type-page","status-publish","hentry","description-off"],"jetpack_sharing_enabled":true,"_links":{"self":[{"href":"https:\/\/pages.cnpem.br\/cepidcemol\/wp-json\/wp\/v2\/pages\/300","targetHints":{"allow":["GET"]}}],"collection":[{"href":"https:\/\/pages.cnpem.br\/cepidcemol\/wp-json\/wp\/v2\/pages"}],"about":[{"href":"https:\/\/pages.cnpem.br\/cepidcemol\/wp-json\/wp\/v2\/types\/page"}],"author":[{"embeddable":true,"href":"https:\/\/pages.cnpem.br\/cepidcemol\/wp-json\/wp\/v2\/users\/4808"}],"replies":[{"embeddable":true,"href":"https:\/\/pages.cnpem.br\/cepidcemol\/wp-json\/wp\/v2\/comments?post=300"}],"version-history":[{"count":0,"href":"https:\/\/pages.cnpem.br\/cepidcemol\/wp-json\/wp\/v2\/pages\/300\/revisions"}],"up":[{"embeddable":true,"href":"https:\/\/pages.cnpem.br\/cepidcemol\/wp-json\/wp\/v2\/pages\/134"}],"wp:attachment":[{"href":"https:\/\/pages.cnpem.br\/cepidcemol\/wp-json\/wp\/v2\/media?parent=300"}],"curies":[{"name":"wp","href":"https:\/\/api.w.org\/{rel}","templated":true}]}}