{"id":320,"date":"2026-02-03T12:27:01","date_gmt":"2026-02-03T12:27:01","guid":{"rendered":"https:\/\/pages.cnpem.br\/cepidcemol\/?page_id=320"},"modified":"2026-02-12T16:04:46","modified_gmt":"2026-02-12T16:04:46","slug":"pedro-schio-de-noronha-muniz","status":"publish","type":"page","link":"https:\/\/pages.cnpem.br\/cepidcemol\/equipe\/pedro-schio-de-noronha-muniz\/","title":{"rendered":"Pedro Schio de Noronha Muniz"},"content":{"rendered":"<div class=\"wpb-content-wrapper\"><p>[vc_row][vc_column width=&#8221;1\/3&#8243;]<style type=\"text\/css\" data-type=\"the7_shortcodes-inline-css\">.shortcode-single-image-wrap.shortcode-single-image-a5cbeeb1551f81f2adedc2ad04ce1671.enable-bg-rollover .rollover i,\n.shortcode-single-image-wrap.shortcode-single-image-a5cbeeb1551f81f2adedc2ad04ce1671.enable-bg-rollover .rollover-video i {\n  background: -webkit-linear-gradient();\n  background: linear-gradient();\n}\n.shortcode-single-image-wrap.shortcode-single-image-a5cbeeb1551f81f2adedc2ad04ce1671 .rollover-icon {\n  font-size: 32px;\n  color: #ffffff;\n  min-width: 44px;\n  min-height: 44px;\n  line-height: 44px;\n  border-radius: 100px;\n  border-style: solid;\n  border-width: 0px;\n}\n.dt-icon-bg-on.shortcode-single-image-wrap.shortcode-single-image-a5cbeeb1551f81f2adedc2ad04ce1671 .rollover-icon {\n  background: rgba(255,255,255,0.3);\n  box-shadow: none;\n}<\/style><div class=\"shortcode-single-image-wrap shortcode-single-image-a5cbeeb1551f81f2adedc2ad04ce1671 alignnone  enable-bg-rollover dt-icon-bg-off\" style=\"margin-top:0px; margin-bottom:0px; margin-left:0px; margin-right:0px; width:500px;\"><div class=\"shortcode-single-image\"><div class=\"fancy-media-wrap  layzr-bg\" style=\"\"><img fetchpriority=\"high\" decoding=\"async\" class=\"preload-me lazy-load aspect\" src=\"data:image\/svg+xml,%3Csvg%20xmlns%3D&#39;http%3A%2F%2Fwww.w3.org%2F2000%2Fsvg&#39;%20viewBox%3D&#39;0%200%20500%20500&#39;%2F%3E\" data-src=\"https:\/\/pages.cnpem.br\/cepidcemol\/wp-content\/uploads\/sites\/201\/2026\/02\/Pedro-Schio-500x500.jpg\" data-srcset=\"https:\/\/pages.cnpem.br\/cepidcemol\/wp-content\/uploads\/sites\/201\/2026\/02\/Pedro-Schio-500x500.jpg 500w, https:\/\/pages.cnpem.br\/cepidcemol\/wp-content\/uploads\/sites\/201\/2026\/02\/Pedro-Schio.jpg 759w\" loading=\"eager\" sizes=\"(max-width: 500px) 100vw, 500px\" width=\"500\" height=\"500\"  data-dt-location=\"https:\/\/pages.cnpem.br\/cepidcemol\/equipe\/pedro-schio\/\" style=\"--ratio: 500 \/ 500;\" alt=\"\" \/><\/div><\/div><\/div>[vc_empty_space height=&#8221;25px&#8221;][vc_column_text css=&#8221;&#8221;]<\/p>\n<div class=\"wpb_text_column wpb_content_element \">\n<div class=\"wpb_wrapper\">\n<div class=\"wpb_text_column wpb_content_element \">\n<div class=\"wpb_wrapper\">\n<h4 style=\"text-align: center\"><span class=\"TextRun SCXW181524146 BCX2\" lang=\"PT-BR\" xml:lang=\"PT-BR\" data-contrast=\"auto\"><span class=\"NormalTextRun SCXW181524146 BCX2\"><span class=\"TextRun SCXW29186446 BCX2\" lang=\"PT-BR\" xml:lang=\"PT-BR\" data-contrast=\"auto\"><span class=\"NormalTextRun SCXW29186446 BCX2\">Pedro Schio de Noronha Muniz<\/span><\/span><\/span><\/span><\/h4>\n<p style=\"text-align: center\">LNNano-CNPEM<\/p>\n<\/div>\n<\/div>\n<\/div>\n<\/div>\n<p>[\/vc_column_text][\/vc_column][vc_column width=&#8221;2\/3&#8243;][vc_column_text css=&#8221;&#8221;]<strong>Pedro Schio de Noronha Muniz<\/strong> \u00e9 pesquisador do Laborat\u00f3rio Nacional de Nanotecnologia do Centro Nacional de Pesquisa em Energia e Materiais (LNNano-CNPEM). \u00c9 graduado em F\u00edsica (Licenciatura e Bacharelado) e mestre em F\u00edsica pela Universidade Federal de S\u00e3o Carlos (UFSCar) e doutor em F\u00edsica em regime de cotutela entre a UFSCar e a Universit\u00e9 Pierre et Marie Curie (Fran\u00e7a), com \u00eanfase em f\u00edsica da mat\u00e9ria condensada e materiais magn\u00e9ticos. Realizou p\u00f3s-doutorado no Laborat\u00f3rio Nacional de Luz S\u00edncrotron (LNLS) do CNPEM. Pesquisa o crescimento de filmes finos epitaxiais e as propriedades magn\u00e9ticas e eletr\u00f4nicas de materiais, utilizando t\u00e9cnicas avan\u00e7adas de espectroscopia de absor\u00e7\u00e3o de raios X com luz s\u00edncrotron. Tem mais de 25 artigos publicados em peri\u00f3dicos cient\u00edficos de refer\u00eancia.<\/p>\n<p>&nbsp;<\/p>\n<p><strong>\u00c1reas tem\u00e1ticas<\/strong>: Energia Alternativa e Materiais Qu\u00e2nticos<\/p>\n<p><strong>Lattes<\/strong>: <a href=\"http:\/\/lattes.cnpq.br\/4464937635959170\">http:\/\/lattes.cnpq.br\/4464937635959170<\/a><\/p>\n<p>Google Scholar: <a href=\"https:\/\/scholar.google.com\/citations?user=GXk1g6sAAAAJ\">https:\/\/scholar.google.com\/citations?user=GXk1g6sAAAAJ<\/a>[\/vc_column_text][\/vc_column][\/vc_row]<\/p>\n<\/div>","protected":false},"excerpt":{"rendered":"<p>[vc_row][vc_column width=&#8221;1\/3&#8243;][vc_empty_space height=&#8221;25px&#8221;][vc_column_text css=&#8221;&#8221;] Pedro Schio de Noronha Muniz LNNano-CNPEM [\/vc_column_text][\/vc_column][vc_column width=&#8221;2\/3&#8243;][vc_column_text css=&#8221;&#8221;]Pedro Schio de Noronha Muniz \u00e9 pesquisador do Laborat\u00f3rio Nacional de Nanotecnologia do Centro Nacional de Pesquisa em Energia e Materiais (LNNano-CNPEM). \u00c9 graduado em F\u00edsica (Licenciatura e Bacharelado) e mestre em F\u00edsica pela Universidade Federal de S\u00e3o Carlos (UFSCar) e doutor em&hellip;<\/p>\n","protected":false},"author":4808,"featured_media":0,"parent":134,"menu_order":0,"comment_status":"closed","ping_status":"closed","template":"","meta":{"footnotes":""},"class_list":["post-320","page","type-page","status-publish","hentry","description-off"],"jetpack_sharing_enabled":true,"_links":{"self":[{"href":"https:\/\/pages.cnpem.br\/cepidcemol\/wp-json\/wp\/v2\/pages\/320","targetHints":{"allow":["GET"]}}],"collection":[{"href":"https:\/\/pages.cnpem.br\/cepidcemol\/wp-json\/wp\/v2\/pages"}],"about":[{"href":"https:\/\/pages.cnpem.br\/cepidcemol\/wp-json\/wp\/v2\/types\/page"}],"author":[{"embeddable":true,"href":"https:\/\/pages.cnpem.br\/cepidcemol\/wp-json\/wp\/v2\/users\/4808"}],"replies":[{"embeddable":true,"href":"https:\/\/pages.cnpem.br\/cepidcemol\/wp-json\/wp\/v2\/comments?post=320"}],"version-history":[{"count":0,"href":"https:\/\/pages.cnpem.br\/cepidcemol\/wp-json\/wp\/v2\/pages\/320\/revisions"}],"up":[{"embeddable":true,"href":"https:\/\/pages.cnpem.br\/cepidcemol\/wp-json\/wp\/v2\/pages\/134"}],"wp:attachment":[{"href":"https:\/\/pages.cnpem.br\/cepidcemol\/wp-json\/wp\/v2\/media?parent=320"}],"curies":[{"name":"wp","href":"https:\/\/api.w.org\/{rel}","templated":true}]}}