{"id":324,"date":"2026-02-03T12:39:16","date_gmt":"2026-02-03T12:39:16","guid":{"rendered":"https:\/\/pages.cnpem.br\/cepidcemol\/?page_id=324"},"modified":"2026-02-12T16:27:08","modified_gmt":"2026-02-12T16:27:08","slug":"rodrigo-barbosa-capaz","status":"publish","type":"page","link":"https:\/\/pages.cnpem.br\/cepidcemol\/equipe\/rodrigo-barbosa-capaz\/","title":{"rendered":"Rodrigo Barbosa Capaz"},"content":{"rendered":"<div class=\"wpb-content-wrapper\"><p>[vc_row][vc_column width=&#8221;1\/3&#8243;]<style type=\"text\/css\" data-type=\"the7_shortcodes-inline-css\">.shortcode-single-image-wrap.shortcode-single-image-fb1ad7e2574f54d899908512e93f9c90.enable-bg-rollover .rollover i,\n.shortcode-single-image-wrap.shortcode-single-image-fb1ad7e2574f54d899908512e93f9c90.enable-bg-rollover .rollover-video i {\n  background: -webkit-linear-gradient();\n  background: linear-gradient();\n}\n.shortcode-single-image-wrap.shortcode-single-image-fb1ad7e2574f54d899908512e93f9c90 .rollover-icon {\n  font-size: 32px;\n  color: #ffffff;\n  min-width: 44px;\n  min-height: 44px;\n  line-height: 44px;\n  border-radius: 100px;\n  border-style: solid;\n  border-width: 0px;\n}\n.dt-icon-bg-on.shortcode-single-image-wrap.shortcode-single-image-fb1ad7e2574f54d899908512e93f9c90 .rollover-icon {\n  background: rgba(255,255,255,0.3);\n  box-shadow: none;\n}<\/style><div class=\"shortcode-single-image-wrap shortcode-single-image-fb1ad7e2574f54d899908512e93f9c90 alignnone  enable-bg-rollover dt-icon-bg-off\" style=\"margin-top:0px; margin-bottom:0px; margin-left:0px; margin-right:0px; width:500px;\"><div class=\"shortcode-single-image\"><div class=\"fancy-media-wrap  layzr-bg\" style=\"\"><img fetchpriority=\"high\" decoding=\"async\" class=\"preload-me lazy-load aspect\" src=\"data:image\/svg+xml,%3Csvg%20xmlns%3D&#39;http%3A%2F%2Fwww.w3.org%2F2000%2Fsvg&#39;%20viewBox%3D&#39;0%200%20500%20500&#39;%2F%3E\" data-src=\"https:\/\/pages.cnpem.br\/cepidcemol\/wp-content\/uploads\/sites\/201\/2026\/02\/Rodrigo-Capaz-scaled-500x500.jpg\" data-srcset=\"https:\/\/pages.cnpem.br\/cepidcemol\/wp-content\/uploads\/sites\/201\/2026\/02\/Rodrigo-Capaz-scaled-500x500.jpg 500w, https:\/\/pages.cnpem.br\/cepidcemol\/wp-content\/uploads\/sites\/201\/2026\/02\/Rodrigo-Capaz-scaled-1000x1000.jpg 1000w\" loading=\"eager\" sizes=\"(max-width: 500px) 100vw, 500px\" width=\"500\" height=\"500\"  data-dt-location=\"https:\/\/pages.cnpem.br\/cepidcemol\/equipe\/rodrigo-capaz\/\" style=\"--ratio: 500 \/ 500;\" alt=\"\" \/><\/div><\/div><\/div>[vc_empty_space height=&#8221;25px&#8221;][vc_column_text css=&#8221;&#8221;]<\/p>\n<div class=\"wpb_text_column wpb_content_element \">\n<div class=\"wpb_wrapper\">\n<div class=\"wpb_text_column wpb_content_element \">\n<div class=\"wpb_wrapper\">\n<h4 style=\"text-align: center\"><span class=\"TextRun SCXW181524146 BCX2\" lang=\"PT-BR\" xml:lang=\"PT-BR\" data-contrast=\"auto\"><span class=\"NormalTextRun SCXW181524146 BCX2\"><span class=\"TextRun SCXW29186446 BCX2\" lang=\"PT-BR\" xml:lang=\"PT-BR\" data-contrast=\"auto\"><span class=\"NormalTextRun SCXW29186446 BCX2\">Rodrigo Barbosa Capaz<\/span><\/span><\/span><\/span><\/h4>\n<p style=\"text-align: center\">LNNano-CNPEM<\/p>\n<\/div>\n<\/div>\n<\/div>\n<\/div>\n<p>[\/vc_column_text][\/vc_column][vc_column width=&#8221;2\/3&#8243;][vc_column_text css=&#8221;&#8221;]<strong>Rodrigo Barbosa Capaz<\/strong> \u00e9 Diretor do Laborat\u00f3rio Nacional de Nanotecnologia do Centro Nacional de Pesquisa em Energia e Materiais (LNNano-CNPEM) e Professor Titular do Instituto de F\u00edsica da Universidade Federal do Rio de Janeiro (IF-UFRJ). Graduado e mestre em F\u00edsica pela Pontif\u00edcia Universidade Cat\u00f3lica do Rio de Janeiro (PUC-Rio), obteve o Ph.D. pelo Massachusetts Institute of Technology (MIT). Foi pesquisador visitante na University of California, Berkeley. Atua em F\u00edsica da Mat\u00e9ria Condensada, com foco em grafeno e materiais bidimensionais, nanotubos de carbono, semicondutores e c\u00e1lculos de primeiros princ\u00edpios via Density Functional Theory (DFT). \u00c9 membro titular da Academia Brasileira de Ci\u00eancias, ex-presidente da Sociedade Brasileira de F\u00edsica, Specialty Chief Editor do peri\u00f3dico <em>Frontiers in Carbon,<\/em> International Councilor da American Physical Society e coordenador do Insituto Nacional de Ci\u00eancia e Tecnologia (INCT) de Dispositivos Qu\u00e2nticos. Possui mais de 180 artigos publicados em peri\u00f3dicos da \u00e1rea.<\/p>\n<p>&nbsp;<\/p>\n<p><strong>\u00c1rea tem\u00e1tica<\/strong>: Ferramentas Cient\u00edficas<\/p>\n<p><strong>Lattes<\/strong>: <a href=\"http:\/\/lattes.cnpq.br\/2713375538068664\">http:\/\/lattes.cnpq.br\/2713375538068664<\/a><\/p>\n<p><strong>Google Scholar<\/strong>: <a href=\"https:\/\/scholar.google.com\/citations?user=2HZbMZsAAAAJ\">https:\/\/scholar.google.com\/citations?user=2HZbMZsAAAAJ<\/a>[\/vc_column_text][\/vc_column][\/vc_row]<\/p>\n<\/div>","protected":false},"excerpt":{"rendered":"<p>[vc_row][vc_column width=&#8221;1\/3&#8243;][vc_empty_space height=&#8221;25px&#8221;][vc_column_text css=&#8221;&#8221;] Rodrigo Barbosa Capaz LNNano-CNPEM [\/vc_column_text][\/vc_column][vc_column width=&#8221;2\/3&#8243;][vc_column_text css=&#8221;&#8221;]Rodrigo Barbosa Capaz \u00e9 Diretor do Laborat\u00f3rio Nacional de Nanotecnologia do Centro Nacional de Pesquisa em Energia e Materiais (LNNano-CNPEM) e Professor Titular do Instituto de F\u00edsica da Universidade Federal do Rio de Janeiro (IF-UFRJ). Graduado e mestre em F\u00edsica pela Pontif\u00edcia Universidade Cat\u00f3lica do&hellip;<\/p>\n","protected":false},"author":4808,"featured_media":0,"parent":134,"menu_order":0,"comment_status":"closed","ping_status":"closed","template":"","meta":{"footnotes":""},"class_list":["post-324","page","type-page","status-publish","hentry","description-off"],"jetpack_sharing_enabled":true,"_links":{"self":[{"href":"https:\/\/pages.cnpem.br\/cepidcemol\/wp-json\/wp\/v2\/pages\/324","targetHints":{"allow":["GET"]}}],"collection":[{"href":"https:\/\/pages.cnpem.br\/cepidcemol\/wp-json\/wp\/v2\/pages"}],"about":[{"href":"https:\/\/pages.cnpem.br\/cepidcemol\/wp-json\/wp\/v2\/types\/page"}],"author":[{"embeddable":true,"href":"https:\/\/pages.cnpem.br\/cepidcemol\/wp-json\/wp\/v2\/users\/4808"}],"replies":[{"embeddable":true,"href":"https:\/\/pages.cnpem.br\/cepidcemol\/wp-json\/wp\/v2\/comments?post=324"}],"version-history":[{"count":0,"href":"https:\/\/pages.cnpem.br\/cepidcemol\/wp-json\/wp\/v2\/pages\/324\/revisions"}],"up":[{"embeddable":true,"href":"https:\/\/pages.cnpem.br\/cepidcemol\/wp-json\/wp\/v2\/pages\/134"}],"wp:attachment":[{"href":"https:\/\/pages.cnpem.br\/cepidcemol\/wp-json\/wp\/v2\/media?parent=324"}],"curies":[{"name":"wp","href":"https:\/\/api.w.org\/{rel}","templated":true}]}}