{"id":419,"date":"2026-03-03T12:24:47","date_gmt":"2026-03-03T12:24:47","guid":{"rendered":"https:\/\/pages.cnpem.br\/cepidcemol\/?page_id=419"},"modified":"2026-03-23T18:17:25","modified_gmt":"2026-03-23T18:17:25","slug":"i-workshop-cemol-home","status":"publish","type":"page","link":"https:\/\/pages.cnpem.br\/cepidcemol\/i-workshop-cemol-home\/","title":{"rendered":"I Workshop CEMol &#8211; Home"},"content":{"rendered":"<div class=\"wpb-content-wrapper\"><p>[vc_row][vc_column width=&#8221;1\/4&#8243;][vc_widget_sidebar sidebar_id=&#8221;sidebar_1&#8243;][\/vc_column][vc_column width=&#8221;3\/4&#8243;][vc_column_text css=&#8221;&#8221;]<\/p>\n<h2>Sobre o I Workshop do CEMol<\/h2>\n<p style=\"text-align: justify\"><span style=\"font-size: 12pt\">O I Workshop do Centro de Pesquisa em Engenharia Molecular para Materiais Avan\u00e7ados (<a href=\"https:\/\/pages.cnpem.br\/cepidcemol\/#quemsomos\">CEMol<\/a>) acontece nos dias <strong>11 e 12 de maio<\/strong> no campus do <strong>Centro Nacional de Pesquisa em Energia e Materiais (CNPEM)<\/strong> em Campinas. As inscri\u00e7\u00f5es ficar\u00e3o abertas entre 23 de mar\u00e7o e 05 de abril.<\/span><\/p>\n<p style=\"text-align: justify\"><span style=\"font-size: 12pt\">O objetivo do I Workshop \u00e9 reunir os pesquisadores, especialistas, t\u00e9cnicos e estudantes vinculados ao CEMol para que nossa comunidade possa trazer atualiza\u00e7\u00f5es sobre seus trabalhos, compartilhar experi\u00eancias da pesquisa e estreitar seus v\u00ednculos!\u00a0<\/span><\/p>\n<p style=\"text-align: justify\"><span style=\"font-size: 12pt\">O primeiro dia do evento, 11 de maio, ser\u00e1 direcionado aos pesquisadores do CEMol, e contar\u00e1 com apresenta\u00e7\u00f5es e discuss\u00f5es de cada uma das 5 \u00e1reas tem\u00e1ticas do Centro. O segundo dia, 12 de maio, ser\u00e1 aberto para toda a comunidade CEMol e contar\u00e1 com apresenta\u00e7\u00e3o de p\u00f4steres e com palestra de 5 palestrantes renomados em temas ligados ao CEMol.<\/span><\/p>\n<p style=\"text-align: justify\"><span style=\"font-size: 12pt\">Para inaugurar nosso primeiro Workshop tamb\u00e9m iremos realizar o <strong>I Concurso de Imagens Cient\u00edficas do CEMol<\/strong>. N\u00f3s incentivamos toda a comunidade a enviar as melhores imagens de seus trabalhos!<\/span><\/p>\n<p style=\"text-align: justify\"><span style=\"font-size: 12pt\">O CNPEM ir\u00e1 custear o almo\u00e7o para todos os participantes nos dias do evento. Tamb\u00e9m contaremos com um aux\u00edlio financeiro limitado, destinado a ajuda de custo para estudantes externos ao CNPEM que apresentar\u00e3o trabalho no evento. Estudantes que possuem bolsa FAPESP devem, necessariamente, usufruir da Reserva T\u00e9cnica de sua respectiva bolsa.<br \/>\n<\/span><\/p>\n<p style=\"text-align: justify\"><span style=\"font-size: 12pt\">Use o menu lateral para navegar pelas p\u00e1ginas do Workshop.\u00a0<\/span><\/p>\n<p>[\/vc_column_text][vc_separator css=&#8221;&#8221;][vc_column_text css=&#8221;&#8221;]<\/p>\n<h4><span style=\"font-size: 12pt\">Coordena\u00e7\u00e3o Executiva do CEMol<\/span><\/h4>\n<p><span style=\"font-size: 12pt\">Edson Roberto Leite<\/span><\/p>\n<p><span style=\"font-size: 12pt\">Reginaldo Muccillo<\/span><\/p>\n<p><span style=\"font-size: 12pt\">Adalberto Fazzio<\/span><\/p>\n<p><span style=\"font-size: 12pt\">Flavio Leandro de Souza<\/span><\/p>\n<p><span style=\"font-size: 12pt\">Valtencir Zucolotto<\/span><\/p>\n<p>&nbsp;<\/p>\n<h4><span style=\"font-size: 12pt\">Comit\u00ea organizador do I Workshop do CEMol<\/span><\/h4>\n<p><span style=\"font-size: 12pt\">Lucas Nishida<\/span><\/p>\n<p><span style=\"font-size: 12pt\">Renato Lima dos Anjos<\/span><\/p>\n<p><span style=\"font-size: 12pt\">Sophia Ferreira de S\u00e1<\/span><\/p>\n<p><span style=\"font-size: 12pt\">Yara Caroline dos Santos Ferreira<\/span><\/p>\n<p>&nbsp;<\/p>\n<h4><span style=\"font-size: 12pt\">Contato<\/span><\/h4>\n<p><span style=\"font-size: 12pt\">Email: cemol@cnpem.br<\/span><\/p>\n<p><span style=\"font-size: 12pt\">Telefone: (19) 3512-3528<\/span>[\/vc_column_text][\/vc_column][\/vc_row]<\/p>\n<\/div>","protected":false},"excerpt":{"rendered":"<p>[vc_row][vc_column width=&#8221;1\/4&#8243;][vc_widget_sidebar sidebar_id=&#8221;sidebar_1&#8243;][\/vc_column][vc_column width=&#8221;3\/4&#8243;][vc_column_text css=&#8221;&#8221;] Sobre o I Workshop do CEMol O I Workshop do Centro de Pesquisa em Engenharia Molecular para Materiais Avan\u00e7ados (CEMol) acontece nos dias 11 e 12 de maio no campus do Centro Nacional de Pesquisa em Energia e Materiais (CNPEM) em Campinas. As inscri\u00e7\u00f5es ficar\u00e3o abertas entre 23 de mar\u00e7o&hellip;<\/p>\n","protected":false},"author":4808,"featured_media":0,"parent":0,"menu_order":0,"comment_status":"closed","ping_status":"closed","template":"","meta":{"footnotes":""},"class_list":["post-419","page","type-page","status-publish","hentry","description-off"],"jetpack_sharing_enabled":true,"_links":{"self":[{"href":"https:\/\/pages.cnpem.br\/cepidcemol\/wp-json\/wp\/v2\/pages\/419","targetHints":{"allow":["GET"]}}],"collection":[{"href":"https:\/\/pages.cnpem.br\/cepidcemol\/wp-json\/wp\/v2\/pages"}],"about":[{"href":"https:\/\/pages.cnpem.br\/cepidcemol\/wp-json\/wp\/v2\/types\/page"}],"author":[{"embeddable":true,"href":"https:\/\/pages.cnpem.br\/cepidcemol\/wp-json\/wp\/v2\/users\/4808"}],"replies":[{"embeddable":true,"href":"https:\/\/pages.cnpem.br\/cepidcemol\/wp-json\/wp\/v2\/comments?post=419"}],"version-history":[{"count":0,"href":"https:\/\/pages.cnpem.br\/cepidcemol\/wp-json\/wp\/v2\/pages\/419\/revisions"}],"wp:attachment":[{"href":"https:\/\/pages.cnpem.br\/cepidcemol\/wp-json\/wp\/v2\/media?parent=419"}],"curies":[{"name":"wp","href":"https:\/\/api.w.org\/{rel}","templated":true}]}}