{"id":18,"date":"2025-08-21T16:19:02","date_gmt":"2025-08-21T19:19:02","guid":{"rendered":"https:\/\/pages.cnpem.br\/cursobfm\/?page_id=18"},"modified":"2025-09-03T14:29:00","modified_gmt":"2025-09-03T17:29:00","slug":"inscricoes","status":"publish","type":"page","link":"https:\/\/pages.cnpem.br\/cursobfm\/inscricoes\/","title":{"rendered":"Inscri\u00e7\u00f5es"},"content":{"rendered":"<div class=\"wpb-content-wrapper\"><p>[vc_row][vc_column][vc_custom_heading text=&#8221;Inscri\u00e7\u00f5es&#8221; font_container=&#8221;tag:h2|text_align:left|color:%230B251A&#8221; use_theme_fonts=&#8221;yes&#8221; css_animation=&#8221;none&#8221; css=&#8221;&#8221;][vc_column_text css=&#8221;&#8221;]<\/p>\n<table>\n<tbody>\n<tr style=\"height: 22px;\">\n<td style=\"width: 55.1197%; height: 22px;\"><strong>Per\u00edodo de inscri\u00e7\u00e3o<\/strong><\/td>\n<td style=\"width: 121.021%; height: 22px;\">09 de setembro a 09 de outubro<\/td>\n<\/tr>\n<tr style=\"height: 22px;\">\n<td style=\"width: 55.1197%; height: 22px;\"><strong>Divulga\u00e7\u00e3o dos selecionados<\/strong><\/td>\n<td style=\"width: 121.021%; height: 22px;\">a partir de 21 de outubro<\/td>\n<\/tr>\n<tr style=\"height: 22px;\">\n<td style=\"width: 55.1197%; height: 22px;\"><em><strong>Biorenewables Training \u2013 1\u00aa edi\u00e7\u00e3o Biof\u00edsica de Macromol\u00e9culas: da<br \/>\nteoria \u00e0 pr\u00e1tica<\/strong><\/em><\/td>\n<td style=\"width: 121.021%; height: 22px;\"><em><b>25 a 27 de novembro de 2025\u00a0<\/b><\/em><\/td>\n<\/tr>\n<\/tbody>\n<\/table>\n<p>[\/vc_column_text][\/vc_column][\/vc_row][vc_row][vc_column]<p>Desculpe! Este formul\u00e1rio n\u00e3o existe mais.<\/p>[\/vc_column][\/vc_row][vc_row disable_element=&#8221;yes&#8221;][vc_column][vc_custom_heading text=&#8221;Inscri\u00e7\u00f5es&#8221; font_container=&#8221;tag:h2|text_align:left|color:%230B251A&#8221; use_theme_fonts=&#8221;yes&#8221; css_animation=&#8221;none&#8221; css=&#8221;&#8221;][vc_column_text css=&#8221;&#8221;]<\/p>\n<p style=\"text-align: justify;\">O curso de capacita\u00e7\u00e3o t\u00e9cnica <strong>Flow Cytometry \u2013 From theory to practice<\/strong>, que integra a s\u00e9rie Biorenewables Training, recebeu inscri\u00e7\u00f5es at\u00e9 22 de junho de 2025.<\/p>\n<p>[\/vc_column_text][\/vc_column][\/vc_row]<\/p>\n<\/div>","protected":false},"excerpt":{"rendered":"<p>[vc_row][vc_column][vc_custom_heading text=&#8221;Inscri\u00e7\u00f5es&#8221; font_container=&#8221;tag:h2|text_align:left|color:%230B251A&#8221; use_theme_fonts=&#8221;yes&#8221; css_animation=&#8221;none&#8221; css=&#8221;&#8221;][vc_column_text css=&#8221;&#8221;] Per\u00edodo de inscri\u00e7\u00e3o 09 de setembro a 09 de outubro Divulga\u00e7\u00e3o dos selecionados a partir de 21 de outubro Biorenewables Training \u2013 1\u00aa edi\u00e7\u00e3o Biof\u00edsica de Macromol\u00e9culas: da teoria \u00e0 pr\u00e1tica 25 a 27 de novembro de 2025\u00a0 [\/vc_column_text][\/vc_column][\/vc_row][vc_row][vc_column][\/vc_column][\/vc_row][vc_row disable_element=&#8221;yes&#8221;][vc_column][vc_custom_heading text=&#8221;Inscri\u00e7\u00f5es&#8221; font_container=&#8221;tag:h2|text_align:left|color:%230B251A&#8221; use_theme_fonts=&#8221;yes&#8221; css_animation=&#8221;none&#8221; css=&#8221;&#8221;][vc_column_text css=&#8221;&#8221;] O curso&hellip;<\/p>\n","protected":false},"author":4714,"featured_media":0,"parent":0,"menu_order":0,"comment_status":"closed","ping_status":"closed","template":"","meta":{"footnotes":""},"class_list":["post-18","page","type-page","status-publish","hentry","description-off"],"_links":{"self":[{"href":"https:\/\/pages.cnpem.br\/cursobfm\/wp-json\/wp\/v2\/pages\/18","targetHints":{"allow":["GET"]}}],"collection":[{"href":"https:\/\/pages.cnpem.br\/cursobfm\/wp-json\/wp\/v2\/pages"}],"about":[{"href":"https:\/\/pages.cnpem.br\/cursobfm\/wp-json\/wp\/v2\/types\/page"}],"author":[{"embeddable":true,"href":"https:\/\/pages.cnpem.br\/cursobfm\/wp-json\/wp\/v2\/users\/4714"}],"replies":[{"embeddable":true,"href":"https:\/\/pages.cnpem.br\/cursobfm\/wp-json\/wp\/v2\/comments?post=18"}],"version-history":[{"count":0,"href":"https:\/\/pages.cnpem.br\/cursobfm\/wp-json\/wp\/v2\/pages\/18\/revisions"}],"wp:attachment":[{"href":"https:\/\/pages.cnpem.br\/cursobfm\/wp-json\/wp\/v2\/media?parent=18"}],"curies":[{"name":"wp","href":"https:\/\/api.w.org\/{rel}","templated":true}]}}