{"id":49,"date":"2021-05-31T19:27:53","date_gmt":"2021-05-31T19:27:53","guid":{"rendered":"https:\/\/pages.cnpem.br\/cursobiologiasintetica\/?page_id=49"},"modified":"2021-08-03T19:45:18","modified_gmt":"2021-08-03T19:45:18","slug":"programacao","status":"publish","type":"page","link":"https:\/\/pages.cnpem.br\/cursobiologiasintetica\/programacao\/","title":{"rendered":"Curso de Biologia Sint\u00e9tica | Programa\u00e7\u00e3o"},"content":{"rendered":"<div class=\"wpb-content-wrapper\"><p>[vc_row][vc_column][vc_column_text]<\/p>\n<p style=\"text-align: justify;\">Consulte a programa\u00e7\u00e3o completa da primeira edi\u00e7\u00e3o do <strong>Curso de Biologia Sint\u00e9tica<\/strong>, realizado entre os dias 3 e 4 de agosto de 2021.<\/p>\n<p>[\/vc_column_text]<div class=\"dt-fancy-separator title-left h5-size style-disabled\" style=\"width: 100%;\"><div class=\"dt-fancy-title\" style=\"color: #1e73be;\"><span class=\"separator-holder separator-left\"><\/span>Dia 3\/Agosto<span class=\"separator-holder separator-right\"><\/span><\/div><\/div>[vc_empty_space height=&#8221;16px&#8221;][vc_column_text]<\/p>\n<table style=\"height: 407px; width: 90.2255%;\">\n<tbody>\n<tr>\n<td style=\"width: 13.0069%; text-align: center;\"><strong>HOR\u00c1RIO<\/strong><\/td>\n<td style=\"width: 138.467%; text-align: center;\"><strong>ATIVIDADE<\/strong><\/td>\n<\/tr>\n<tr>\n<td style=\"width: 13.0069%;\">8:30 \u2013 9:10<\/td>\n<td style=\"width: 138.467%;\"><strong>Admiss\u00e3o dos participantes<\/strong><\/td>\n<\/tr>\n<tr>\n<td style=\"width: 13.0069%;\">9:10 \u2013 10:00<\/td>\n<td style=\"width: 138.467%;\"><strong>Introdu\u00e7\u00e3o ao curso<\/strong><\/p>\n<ul style=\"list-style-type: circle;\">\n<li>Apresenta\u00e7\u00e3o institucional LNBR\/CNPEM<\/li>\n<li>A interface entre biologia sint\u00e9tica e engenharia metab\u00f3lica no desenvolvimento de microrganismos<\/li>\n<li>Apresenta\u00e7\u00e3o de cases industriais e iGEM<\/li>\n<\/ul>\n<\/td>\n<\/tr>\n<tr>\n<td style=\"width: 13.0069%;\">10:00 \u2013 10:40<\/td>\n<td style=\"width: 138.467%;\"><strong>Modelos metab\u00f3licos em escala gen\u00f4mica no design de microrganismos<\/strong><\/p>\n<ul style=\"list-style-type: circle;\">\n<li>Conceitos b\u00e1sicos sobre os Modelos metab\u00f3licos em escala gen\u00f4mica<\/li>\n<li>An\u00e1lise de Balan\u00e7o de Fluxos aplicada na simula\u00e7\u00e3o e otimiza\u00e7\u00e3o de microrganismos<\/li>\n<li>Algoritmos e softwares desenvolvidos para auxiliar o design in silico de cepas<\/li>\n<\/ul>\n<\/td>\n<\/tr>\n<tr>\n<td style=\"width: 13.0069%;\">10:40 \u2013 11:00<\/td>\n<td style=\"width: 138.467%; text-align: center;\"><strong>Intervalo<\/strong><\/td>\n<\/tr>\n<tr>\n<td style=\"width: 13.0069%;\">11:00 \u2013 11:40<\/td>\n<td style=\"width: 138.467%;\"><strong>Ferramentas moleculares para edi\u00e7\u00e3o de genomas em microrganismos<\/strong><\/p>\n<ul style=\"list-style-type: circle;\">\n<li>T\u00e9cnicas de edi\u00e7\u00e3o de genomas: <em>recombineering<\/em> e sistema CRISPR\/Cas<\/li>\n<li>Diferentes sistemas CRISPR\/Cas utilizados na engenharia de genomas<\/li>\n<li>Constru\u00e7\u00e3o de cassetes de express\u00e3o com Cas9 e gRNA espec\u00edfico \u2013 como evitar off-targets?<\/li>\n<li>Ferramentas para montagem de cassetes de express\u00e3o na edi\u00e7\u00e3o de genomas<\/li>\n<li>Detec\u00e7\u00e3o dos Indels mediados por CRISPR\/Cas<\/li>\n<\/ul>\n<\/td>\n<\/tr>\n<tr>\n<td style=\"width: 13.0069%;\">11:40 \u2013 12:20<\/td>\n<td style=\"width: 138.467%;\"><strong>Engenharia metab\u00f3lica &#8211; ferramentas e abordagens na constru\u00e7\u00e3o de microrganismos<\/strong><\/p>\n<ul style=\"list-style-type: circle;\">\n<li>Crit\u00e9rios para a sele\u00e7\u00e3o do chassis microbiano<\/li>\n<li>Abordagens para a constru\u00e7\u00e3o da via metab\u00f3lica de interesse<\/li>\n<li>Otimiza\u00e7\u00e3o de vias metab\u00f3licas<\/li>\n<\/ul>\n<\/td>\n<\/tr>\n<tr>\n<td style=\"width: 13.0069%;\">12:20 \u2013 12:50<\/td>\n<td style=\"width: 138.467%;\"><strong>Converse com o palestrante*<\/strong><\/p>\n<p>&nbsp;<\/td>\n<\/tr>\n<\/tbody>\n<\/table>\n<p>[\/vc_column_text]<div class=\"dt-fancy-separator title-left h5-size style-disabled\" style=\"width: 100%;\"><div class=\"dt-fancy-title\" style=\"color: #1e73be;\"><span class=\"separator-holder separator-left\"><\/span>Dia 4\/Agosto<span class=\"separator-holder separator-right\"><\/span><\/div><\/div>[vc_empty_space height=&#8221;16px&#8221;][vc_column_text]<\/p>\n<table style=\"height: 648px; width: 90.2255%;\">\n<tbody>\n<tr style=\"height: 21px;\">\n<td style=\"width: 12.8785%; text-align: center; height: 21px;\"><strong>HOR\u00c1RIO<\/strong><\/td>\n<td style=\"width: 138.595%; text-align: center; height: 21px;\"><strong>ATIVIDADE<\/strong><\/td>\n<\/tr>\n<tr style=\"height: 21px;\">\n<td style=\"width: 12.8785%; height: 21px;\">8:30 \u2013 9:10<\/td>\n<td style=\"width: 138.595%; height: 21px;\"><strong>Admiss\u00e3o dos participantes<\/strong><\/td>\n<\/tr>\n<tr style=\"height: 136px;\">\n<td style=\"width: 12.8785%; height: 136px;\">9:10 \u2013 9:50<\/td>\n<td style=\"width: 138.595%; height: 136px;\"><strong>Evolu\u00e7\u00e3o adaptativa de plataformas microbianas industriais<\/strong><\/p>\n<ul style=\"list-style-type: circle;\">\n<li>Evolu\u00e7\u00e3o adaptativa versus design racional<\/li>\n<li>Conceito b\u00e1sico de evolu\u00e7\u00e3o adaptativa e aplica\u00e7\u00f5es<\/li>\n<li>Abordagens \u00f4micas para elucidar altera\u00e7\u00f5es metab\u00f3licas<\/li>\n<li>Uso de biosensores e estrat\u00e9gias HTS na sele\u00e7\u00e3o de microrganismos<\/li>\n<\/ul>\n<\/td>\n<\/tr>\n<tr style=\"height: 136px;\">\n<td style=\"width: 12.8785%; height: 136px;\">9:50 \u2013 10:30<\/td>\n<td style=\"width: 138.595%; height: 136px;\"><strong>Ferramentas de biologia sint\u00e9tica para redu\u00e7\u00e3o de sobrecarga metab\u00f3lica e aumento de produ\u00e7\u00e3o<\/strong><\/p>\n<ul style=\"list-style-type: circle;\">\n<li>Causas e consequ\u00eancias da sobrecarga metab\u00f3lica associada \u00e0 vias de produ\u00e7\u00e3o<\/li>\n<li>Ferramentas para constru\u00e7\u00e3o de bibliotecas combinat\u00f3rias de vias metab\u00f3licas<\/li>\n<li>Aplica\u00e7\u00e3o de circuitos gen\u00e9ticos para controle din\u00e2mico de fluxos metab\u00f3licos<\/li>\n<\/ul>\n<\/td>\n<\/tr>\n<tr style=\"height: 21px;\">\n<td style=\"width: 12.8785%; height: 21px;\">10:30 \u2013 10:50<\/td>\n<td style=\"width: 138.595%; text-align: center; height: 21px;\"><strong>Intervalo<\/strong><\/td>\n<\/tr>\n<tr style=\"height: 136px;\">\n<td style=\"width: 12.8785%; height: 136px;\">10:50 \u2013 11:30<\/td>\n<td style=\"width: 138.595%; height: 136px;\"><strong>Engenharia de prote\u00ednas na constru\u00e7\u00e3o de rotas metab\u00f3licas<\/strong><\/p>\n<ul style=\"list-style-type: circle;\">\n<li>Mutag\u00eanese rand\u00f4mica<\/li>\n<li>Evolu\u00e7\u00e3o dirigida<\/li>\n<li>Design racional<\/li>\n<li>Optogen\u00e9tica<\/li>\n<\/ul>\n<\/td>\n<\/tr>\n<tr style=\"height: 114px;\">\n<td style=\"width: 12.8785%; height: 114px;\">11:30 \u2013 12:10<\/td>\n<td style=\"width: 138.595%; height: 114px;\"><strong>Desenvolvimento de bioprocessos industriais<\/strong><\/p>\n<ul style=\"list-style-type: circle;\">\n<li>Fundamentos dos processos fermentativos industriais<\/li>\n<li>Otimiza\u00e7\u00e3o e automa\u00e7\u00e3o de bioprocessos<\/li>\n<li>Do laborat\u00f3rio a ind\u00fastria: Escalonamento de um bioprocesso<\/li>\n<\/ul>\n<\/td>\n<\/tr>\n<tr style=\"height: 21px;\">\n<td style=\"width: 12.8785%; height: 21px;\">12:10 \u2013 12:25<\/td>\n<td style=\"width: 138.595%; height: 21px;\"><strong>Associa\u00e7\u00e3o SynBio\u00a0<\/strong><\/td>\n<\/tr>\n<tr style=\"height: 21px;\">\n<td style=\"width: 12.8785%; height: 21px;\">12:25 \u2013 12:50<\/td>\n<td style=\"width: 138.595%; height: 21px;\"><strong>Discuss\u00f5es finais<\/strong><\/td>\n<\/tr>\n<tr style=\"height: 21px;\">\n<td style=\"width: 12.8785%; height: 21px;\">12:50 \u2013 13:00<\/td>\n<td style=\"width: 138.595%; height: 21px;\"><strong>Converse com o palestrante*<\/strong><\/td>\n<\/tr>\n<\/tbody>\n<\/table>\n<p>[\/vc_column_text][vc_column_text]<\/p>\n<p style=\"text-align: justify;\">* Momento aberto para tirar d\u00favidas e conversar com os palestrantes sobre o conte\u00fado do curso e sobre a \u00e1rea de atua\u00e7\u00e3o.<\/p>\n<p>[\/vc_column_text][\/vc_column][\/vc_row]<\/p>\n<\/div>","protected":false},"excerpt":{"rendered":"<p>[vc_row][vc_column][vc_column_text] Consulte a programa\u00e7\u00e3o completa da primeira edi\u00e7\u00e3o do Curso de Biologia Sint\u00e9tica, realizado entre os dias 3 e 4 de agosto de 2021. [\/vc_column_text][vc_empty_space height=&#8221;16px&#8221;][vc_column_text] HOR\u00c1RIO ATIVIDADE 8:30 \u2013 9:10 Admiss\u00e3o dos participantes 9:10 \u2013 10:00 Introdu\u00e7\u00e3o ao curso Apresenta\u00e7\u00e3o institucional LNBR\/CNPEM A interface entre biologia sint\u00e9tica e engenharia metab\u00f3lica no desenvolvimento de microrganismos&hellip;<\/p>\n","protected":false},"author":883,"featured_media":0,"parent":0,"menu_order":0,"comment_status":"closed","ping_status":"closed","template":"","meta":{"footnotes":""},"class_list":["post-49","page","type-page","status-publish","hentry","description-off"],"_links":{"self":[{"href":"https:\/\/pages.cnpem.br\/cursobiologiasintetica\/wp-json\/wp\/v2\/pages\/49","targetHints":{"allow":["GET"]}}],"collection":[{"href":"https:\/\/pages.cnpem.br\/cursobiologiasintetica\/wp-json\/wp\/v2\/pages"}],"about":[{"href":"https:\/\/pages.cnpem.br\/cursobiologiasintetica\/wp-json\/wp\/v2\/types\/page"}],"author":[{"embeddable":true,"href":"https:\/\/pages.cnpem.br\/cursobiologiasintetica\/wp-json\/wp\/v2\/users\/883"}],"replies":[{"embeddable":true,"href":"https:\/\/pages.cnpem.br\/cursobiologiasintetica\/wp-json\/wp\/v2\/comments?post=49"}],"version-history":[{"count":0,"href":"https:\/\/pages.cnpem.br\/cursobiologiasintetica\/wp-json\/wp\/v2\/pages\/49\/revisions"}],"wp:attachment":[{"href":"https:\/\/pages.cnpem.br\/cursobiologiasintetica\/wp-json\/wp\/v2\/media?parent=49"}],"curies":[{"name":"wp","href":"https:\/\/api.w.org\/{rel}","templated":true}]}}