{"id":59,"date":"2021-06-09T11:18:46","date_gmt":"2021-06-09T11:18:46","guid":{"rendered":"https:\/\/pages.cnpem.br\/cursobiologiasintetica\/?page_id=59"},"modified":"2021-08-11T13:51:32","modified_gmt":"2021-08-11T13:51:32","slug":"informacoes","status":"publish","type":"page","link":"https:\/\/pages.cnpem.br\/cursobiologiasintetica\/informacoes\/","title":{"rendered":"Curso de Biologia Sint\u00e9tica | Informa\u00e7\u00f5es Gerais"},"content":{"rendered":"<div class=\"wpb-content-wrapper\"><p>[vc_row][vc_column width=&#8221;2\/3&#8243;][vc_column_text]<\/p>\n<ul>\n<li style=\"text-align: justify;\">O <strong>Curso de Biologia Sint\u00e9tica Aplicada a Microrganismos<\/strong> \u00e9 uma iniciativa do LNBR\/CNPEM. O curso \u00e9 gratuito e, durante a pandemia, realizado de modo online. Quando online, recomenda-se aos inscritos que fa\u00e7am download e\/ou atualizem com anteced\u00eancia o aplicativo da plataforma para evitar problemas de compatibilidade. <strong><a href=\"https:\/\/zoom.us\/download\">Consulte o site oficial da plataforma<\/a><\/strong>.<\/li>\n<li style=\"text-align: justify;\">O idioma oficial do curso \u00e9 o Portugu\u00eas.<\/li>\n<li style=\"text-align: justify;\">O p\u00fablico-alvo do evento inclui alunos de gradua\u00e7\u00e3o, alunos de p\u00f3s-gradua\u00e7\u00e3o, profissionais que exer\u00e7am atividades na \u00e1rea de biologia sint\u00e9tica e biotecnologia. Recomenda-se que os candidatos possuam conhecimentos b\u00e1sicos em Biologia Molecular.<\/li>\n<li style=\"text-align: justify;\">As vagas s\u00e3o sempre limitadas. A fim de capacitar grupos de diferentes regi\u00f5es do pa\u00eds e com n\u00edveis de experi\u00eancia distintos, o Comit\u00ea considera na sele\u00e7\u00e3o os seguintes crit\u00e9rios: distribui\u00e7\u00e3o geogr\u00e1fica, n\u00edvel de forma\u00e7\u00e3o e carta de motiva\u00e7\u00e3o.<\/li>\n<li style=\"text-align: justify;\">A carta de motiva\u00e7\u00e3o, a ser preenchida durante a inscri\u00e7\u00e3o, \u00e9 um espa\u00e7o para que o inscrito conte brevemente sua trajet\u00f3ria acad\u00eamica e explique como o curso de contribuiria para sua forma\u00e7\u00e3o e seus projetos acad\u00eamicos e\/ou cient\u00edficos. A carta \u00e9 limitada a 2000 caracteres e tem formato livre.<\/li>\n<li style=\"text-align: justify;\">Os candidatos aprovados no curso s\u00e3o comunicados por e-mail de acordo com o cronograma dispon\u00edvel nesta p\u00e1gina. O link para acesso a sala Zoom \u00e9 compartilhado exclusivamente com os aprovados e n\u00e3o deve ser transmitido a terceiros.<\/li>\n<li style=\"text-align: justify;\">Recomenda-se que os <strong>participantes aprovados comecem a ingressar na sala Zoom a partir das 8h30 para admiss\u00e3o<\/strong>.<\/li>\n<li style=\"text-align: justify;\">Aos <strong>palestrantes<\/strong>, a Coordena\u00e7\u00e3o recomenda a entrada na sala Zoom <strong>a partir das 8h15<\/strong> para testes de \u00e1udio, v\u00eddeo e compartilhamento de tela.<\/li>\n<li style=\"text-align: justify;\">Ao acessar o link para o Zoom os inscritos ser\u00e3o direcionados a uma sala de espera. Somente ser\u00e3o admitidos na reuni\u00e3o os inscritos que se identificarem no Zoom utilizando as mesmas credenciais registradas durante a inscri\u00e7\u00e3o (nome completo e e-mail). Usu\u00e1rios com nomes incompletos, pseud\u00f4nimos ou apelidos n\u00e3o ser\u00e3o admitidos.<\/li>\n<li style=\"text-align: justify;\">Todos os inscritos admitidos na sala Zoom entrar\u00e3o com seus microfones mudos. Recomenda-se, de modo a manter a estabilidade na conex\u00e3o e o bom andamento do curso, que todos os inscritos permane\u00e7am com seus microfones fechados e suas c\u00e2meras desligadas.<\/li>\n<li style=\"text-align: justify;\">Os momentos dedicados a perguntas e respostas (Q&amp;A) est\u00e3o descritos na <a href=\"https:\/\/pages.cnpem.br\/cursobiologiasintetica\/programacao\/\"><strong>Agenda do Curso<\/strong><\/a>. Caso deseje utilizar o microfone durante o Q&amp;A, utilize a op\u00e7\u00e3o &#8220;levantar a m\u00e3o\/raise hand&#8221; no Zoom para que a modera\u00e7\u00e3o fa\u00e7a sua inclus\u00e3o na lista de perguntas.<\/li>\n<li style=\"text-align: justify;\">Participantes s\u00e3o encorajados a utilizar o chat durante o curso para fazerem perguntas. Recomenda-se utilizar o padr\u00e3o: &#8220;Para <em>Nome do Speaker<\/em>: formula\u00e7\u00e3o da pergunta&#8221;.<\/li>\n<li style=\"text-align: justify;\">Durante os intervalos do curso n\u00e3o h\u00e1 necessidade de sair da reuni\u00e3o; basta manter fechados microfone e c\u00e2mera. Sua sa\u00edda da reuni\u00e3o implicar\u00e1 em novo processo de admiss\u00e3o na sala.<\/li>\n<li style=\"text-align: justify;\">Certificados ser\u00e3o enviados automaticamente aos participantes cuja participa\u00e7\u00e3o no curso tenha sido ratificada por meio de login na plataforma Zoom. Nenhuma a\u00e7\u00e3o ser\u00e1 necess\u00e1ria por parte dos participantes para requerer o certificado.<\/li>\n<li style=\"text-align: justify;\">Outras d\u00favidas podem ser encaminhadas por meio do <strong><a href=\"https:\/\/pages.cnpem.br\/cursobiologiasintetica\/contato\/\">Formul\u00e1rio de Contato<\/a><\/strong>.<\/li>\n<\/ul>\n<p>[\/vc_column_text][\/vc_column][vc_column width=&#8221;1\/3&#8243;][\/vc_column][\/vc_row]<\/p>\n<\/div>","protected":false},"excerpt":{"rendered":"<p>[vc_row][vc_column width=&#8221;2\/3&#8243;][vc_column_text] O Curso de Biologia Sint\u00e9tica Aplicada a Microrganismos \u00e9 uma iniciativa do LNBR\/CNPEM. O curso \u00e9 gratuito e, durante a pandemia, realizado de modo online. Quando online, recomenda-se aos inscritos que fa\u00e7am download e\/ou atualizem com anteced\u00eancia o aplicativo da plataforma para evitar problemas de compatibilidade. Consulte o site oficial da plataforma. O&hellip;<\/p>\n","protected":false},"author":883,"featured_media":0,"parent":0,"menu_order":0,"comment_status":"closed","ping_status":"closed","template":"","meta":{"footnotes":""},"class_list":["post-59","page","type-page","status-publish","hentry","description-off"],"_links":{"self":[{"href":"https:\/\/pages.cnpem.br\/cursobiologiasintetica\/wp-json\/wp\/v2\/pages\/59","targetHints":{"allow":["GET"]}}],"collection":[{"href":"https:\/\/pages.cnpem.br\/cursobiologiasintetica\/wp-json\/wp\/v2\/pages"}],"about":[{"href":"https:\/\/pages.cnpem.br\/cursobiologiasintetica\/wp-json\/wp\/v2\/types\/page"}],"author":[{"embeddable":true,"href":"https:\/\/pages.cnpem.br\/cursobiologiasintetica\/wp-json\/wp\/v2\/users\/883"}],"replies":[{"embeddable":true,"href":"https:\/\/pages.cnpem.br\/cursobiologiasintetica\/wp-json\/wp\/v2\/comments?post=59"}],"version-history":[{"count":0,"href":"https:\/\/pages.cnpem.br\/cursobiologiasintetica\/wp-json\/wp\/v2\/pages\/59\/revisions"}],"wp:attachment":[{"href":"https:\/\/pages.cnpem.br\/cursobiologiasintetica\/wp-json\/wp\/v2\/media?parent=59"}],"curies":[{"name":"wp","href":"https:\/\/api.w.org\/{rel}","templated":true}]}}