{"id":2,"date":"2021-02-05T13:58:43","date_gmt":"2021-02-05T16:58:43","guid":{"rendered":"https:\/\/pages.cnpem.br\/cursocaracterizacaolnnano\/?page_id=2"},"modified":"2021-04-26T17:26:22","modified_gmt":"2021-04-26T20:26:22","slug":"pagina-exemplo","status":"publish","type":"page","link":"https:\/\/pages.cnpem.br\/cursocaracterizacaolnnano\/","title":{"rendered":"Curso Caracteriza\u00e7\u00e3o | LNNano"},"content":{"rendered":"<div class=\"wpb-content-wrapper\">[vc_row][vc_column width=&#8221;2\/3&#8243;][vc_column_text]\r\n<p style=\"text-align: justify;\">O Laborat\u00f3rio Nacional de Nanotecnologia (LNNano), integrante do Centro Nacional de Pesquisa em Energia e Materiais (CNPEM), realiza a primeira edi\u00e7\u00e3o do <em>&#8220;<strong>Curso te\u00f3rico e demonstrativo de t\u00e9cnicas avan\u00e7adas de caracteriza\u00e7\u00e3o de nanomateriais<\/strong>&#8220;<\/em>, entre maio e agosto de 2021<em>. <\/em><\/p>\r\n<p style=\"text-align: justify;\">O evento, <strong>totalmente online<\/strong>, contar\u00e1 com especialistas e pesquisadores do Laborat\u00f3rio para ministrar aulas te\u00f3ricas, demonstra\u00e7\u00f5es experimentais e tratamento de dados, das seguintes t\u00e9cnicas de caracteriza\u00e7\u00e3o de nanomateriais:<\/p>\r\n[\/vc_column_text]<div class=\"standard-arrow list-divider\"><ul>\n<li>Criomicroscopia Eletr\u00f4nica (cryo-TEM)<\/li>\n<li>Espectroscopia de Fotoel\u00e9trons excitados por raios X (XPS)<\/li>\n<li>Microscopia de For\u00e7a At\u00f4mica (AFM)<\/li>\n<li>Microscopia Eletr\u00f4nica de Transmiss\u00e3o (TEM)<\/li>\n<li>Microscopia Eletr\u00f4nica de Varredura (MEV)<\/li>\n<li>Microtomografia de raios X<\/li>\n<\/ul>\n<\/div>[vc_btn title=&#8221;<b>Acesse a Programa\u00e7\u00e3o Completa aqui<\/b>&#8221; style=&#8221;gradient&#8221; gradient_color_1=&#8221;sandy-brown&#8221; gradient_color_2=&#8221;orange&#8221; align=&#8221;center&#8221; button_block=&#8221;true&#8221; link=&#8221;url:https%3A%2F%2Fpages.cnpem.br%2Fcursocaracterizacaolnnano%2Fprogramacao%2F|title:Lista%20dos%20selecionados&#8221;][vc_empty_space][vc_text_separator title=&#8221;Formato do Curso&#8221; i_icon_fontawesome=&#8221;fas fa-tv&#8221; i_color=&#8221;custom&#8221; title_align=&#8221;separator_align_left&#8221; color=&#8221;orange&#8221; add_icon=&#8221;true&#8221; i_custom_color=&#8221;#c68f05&#8243;][vc_column_text]\r\n<p style=\"text-align: justify;\">O\u00a0 <em><strong>Curso te\u00f3rico e demonstrativo de t\u00e9cnicas avan\u00e7adas de caracteriza\u00e7\u00e3o de nanomateriais<\/strong><\/em>\u00a0ser\u00e1 realizado em um<strong> total de 12 semanas<\/strong>, sendo <strong>4 horas de conte\u00fado<\/strong> em cada semana.<\/p>\r\nAs aulas ser\u00e3o ministradas \u00e0s <strong>segundas e quartas-feiras, das 10h \u00e0s 12h<\/strong>.\r\n<p style=\"text-align: justify;\">O evento ser\u00e1 realizado online, utilizando a plataforma <em>Microsoft Teams<\/em>. Todo o conte\u00fado do evento ser\u00e1 ministrado em Portugu\u00eas.<\/p>\r\n[\/vc_column_text][\/vc_column][vc_column width=&#8221;1\/3&#8243;][vc_text_separator title=&#8221;Datas importantes&#8221; i_icon_fontawesome=&#8221;far fa-calendar-alt&#8221; i_color=&#8221;custom&#8221; title_align=&#8221;separator_align_left&#8221; color=&#8221;orange&#8221; add_icon=&#8221;true&#8221; i_custom_color=&#8221;#c68f05&#8243;]<div class=\"standard-arrow list-divider bullet-top\"><ul>\n<li><strong>Inscri\u00e7\u00f5es<\/strong>: <del><span style=\"color: #808080;\">de 01\/03\/2021 a 14\/05\/2021<br \/>\n<\/span><\/del><strong>(Nova data): <\/strong>de 01\/03\/2021 a 12\/03\/2021<\/li>\n<li><strong>Divulga\u00e7\u00e3o dos selecionados<\/strong>: <span style=\"color: #808080;\"><del>19\/05\/2021<\/del><\/span><br \/>\n<strong>(Nova data): <\/strong>19\/04\/2021<\/li>\n<\/ul>\n<\/div>[vc_empty_space][vc_text_separator title=&#8221;P\u00fablico-Alvo&#8221; i_icon_fontawesome=&#8221;fas fa-user-friends&#8221; i_color=&#8221;custom&#8221; title_align=&#8221;separator_align_left&#8221; color=&#8221;orange&#8221; add_icon=&#8221;true&#8221; i_custom_color=&#8221;#c68f05&#8243;][vc_column_text]\r\n<p style=\"text-align: justify;\">Estudantes de p\u00f3s-gradua\u00e7\u00e3o, usu\u00e1rios externos do LNNano e outros interessados.<\/p>\r\n[\/vc_column_text][vc_message message_box_style=&#8221;outline&#8221; message_box_color=&#8221;grey&#8221; icon_fontawesome=&#8221;fas fa-dollar-sign&#8221;]Curso Gratuito[\/vc_message][vc_column_text]O objetivo deste Curso \u00e9 reunir interessados na caracteriza\u00e7\u00e3o avan\u00e7ada de nanomateriais, bem como estimular estudantes e pesquisadores a adquirir e aprofundar conhecimentos avan\u00e7ados nas t\u00e9cnicas abordadas.[\/vc_column_text][vc_btn title=&#8221;<b>Lista dos selecionados<\/b>&#8221; style=&#8221;gradient&#8221; gradient_color_1=&#8221;sandy-brown&#8221; gradient_color_2=&#8221;orange&#8221; align=&#8221;center&#8221; button_block=&#8221;true&#8221; link=&#8221;url:https%3A%2F%2Fpages.cnpem.br%2Fcursocaracterizacaolnnano%2Flista-dos-selecionados%2F|title:Lista%20dos%20selecionados&#8221;][vc_message message_box_style=&#8221;outline&#8221; message_box_color=&#8221;alert-warning&#8221; icon_fontawesome=&#8221;fas fa-exclamation-circle&#8221;]<strong>Aten\u00e7\u00e3o:<\/strong> por conta da elevada procura pelo evento, o n\u00famero m\u00e1ximo de participantes do curso passou para <strong>180 pessoas.<\/strong>[\/vc_message][vc_column_text]Ser\u00e3o considerados como <strong>crit\u00e9rios de sele\u00e7\u00e3o:<\/strong> ordem de inscri\u00e7\u00e3o, n\u00edvel de forma\u00e7\u00e3o e localidade do participante, de modo a atender a um p\u00fablico diverso.[\/vc_column_text][\/vc_column][\/vc_row][vc_row full_width=&#8221;stretch_row&#8221; el_id=&#8221;registro&#8221;][vc_column][vc_empty_space][\/vc_column][\/vc_row][vc_row full_width=&#8221;stretch_row&#8221; parallax=&#8221;content-moving-fade&#8221; parallax_image=&#8221;18&#8243;][vc_column width=&#8221;1\/5&#8243;][\/vc_column][vc_column width=&#8221;3\/5&#8243;][vc_cta h2=&#8221;&#8221; h4=&#8221;Inscri\u00e7\u00f5es&#8221; txt_align=&#8221;center&#8221; style=&#8221;outline&#8221; color=&#8221;sandy-brown&#8221; css=&#8221;.vc_custom_1615808577753{background-color: #ffffff !important;}&#8221;]\r\n<div class=\"wpb_text_column wpb_content_element \">\r\n<div class=\"wpb_wrapper\">\r\n\r\nAs inscri\u00e7\u00f5es para a primeira edi\u00e7\u00e3o do\u00a0<em>\u201cCurso te\u00f3rico e demonstrativo de t\u00e9cnicas avan\u00e7adas de caracteriza\u00e7\u00e3o de nanomateriais\u201c\u00a0<\/em> foram <strong>de 1 a 12 de mar\u00e7o de 2021<\/strong>.\r\n\r\n<\/div>\r\n<\/div>\r\n[\/vc_cta][\/vc_column][vc_column width=&#8221;1\/5&#8243;][\/vc_column][\/vc_row][vc_row el_id=&#8221;cnpemsobre&#8221;][vc_column][vc_empty_space height=&#8221;50&#8243;][vc_text_separator title=&#8221;Sobre o CNPEM&#8221; title_align=&#8221;separator_align_left&#8221; color=&#8221;orange&#8221;][vc_single_image image=&#8221;41&#8243; img_size=&#8221;full&#8221;][\/vc_column][\/vc_row][vc_row parallax=&#8221;content-moving-fade&#8221;][vc_column width=&#8221;1\/2&#8243; css=&#8221;.vc_custom_1614605304808{background-color: #ffffff !important;}&#8221;][vc_column_text]Ambiente de pesquisa e desenvolvimento sofisticado e efervescente, \u00fanico no Pa\u00eds e presente em poucos polos cient\u00edficos no mundo, o Centro Nacional de Pesquisa em Energia e Materiais (CNPEM) \u00e9 uma organiza\u00e7\u00e3o social supervisionada pelo Minist\u00e9rio da Ci\u00eancia, Tecnologia, Inova\u00e7\u00f5es (MCTI).\r\n\r\nO Centro \u00e9 constitu\u00eddo por quatro Laborat\u00f3rios Nacionais e \u00e9 ber\u00e7o do mais complexo projeto da ci\u00eancia brasileira \u2013 o Sirius \u2013 uma das mais avan\u00e7adas fontes de luz s\u00edncrotron do mundo.\r\n<p style=\"text-align: justify;\">O CNPEM re\u00fane equipes multitem\u00e1ticas altamente especializadas, infraestruturas laboratoriais mundialmente competitivas e abertas \u00e0 comunidade cient\u00edfica, linhas de pesquisa em \u00e1reas estrat\u00e9gicas, projetos inovadores em parcerias com o setor produtivo e a\u00e7\u00f5es de treinamento para pesquisadores e estudantes.<\/p>\r\n[\/vc_column_text][\/vc_column][vc_column width=&#8221;1\/2&#8243;][vc_column_text]O Centro constitui um ambiente movido pela busca de solu\u00e7\u00f5es com impacto nas \u00e1reas de sa\u00fade, energia, meio ambiente, novos materiais, entre outras.\r\n<p style=\"text-align: justify;\">As compet\u00eancias singulares e complementares presentes no CNPEM impulsionam pesquisas e desenvolvimentos nas \u00e1reas de luz s\u00edncrotron; engenharia de aceleradores; descoberta de novos medicamentos, inclusive a partir de esp\u00e9cies vegetais da biodiversidade brasileira; mecanismos moleculares envolvidos no surgimento e na progress\u00e3o do c\u00e2ncer, doen\u00e7as card\u00edacas e do neurodesenvolvimento; nanopart\u00edculas funcionalizadas para combate de bact\u00e9rias, v\u00edrus, c\u00e2ncer; novos sensores e dispositivos nanoestruturados para os setores de \u00f3leo e g\u00e1s e sa\u00fade; solu\u00e7\u00f5es biotecnol\u00f3gicas para o desenvolvimento sustent\u00e1vel de biocombust\u00edveis avan\u00e7ados, bioqu\u00edmicos e biomateriais.<\/p>\r\n[\/vc_column_text][\/vc_column][\/vc_row][vc_row el_id=&#8221;contato&#8221;][vc_column][vc_empty_space][\/vc_column][\/vc_row][vc_row parallax=&#8221;content-moving-fade&#8221;][vc_column width=&#8221;1\/5&#8243; css=&#8221;.vc_custom_1614605304808{background-color: #ffffff !important;}&#8221;][\/vc_column][vc_column width=&#8221;3\/5&#8243;][vc_text_separator title=&#8221;Contato&#8221; i_icon_fontawesome=&#8221;fas fa-tv&#8221; i_color=&#8221;custom&#8221; title_align=&#8221;separator_align_left&#8221; color=&#8221;orange&#8221; add_icon=&#8221;true&#8221; i_custom_color=&#8221;#c68f05&#8243;]<script>\n\/\/----------------------------------------------------------\n\/\/------ JAVASCRIPT HOOK FUNCTIONS FOR GRAVITY FORMS -------\n\/\/----------------------------------------------------------\n\nif ( ! gform ) {\n\tdocument.addEventListener( 'gform_main_scripts_loaded', function() { gform.scriptsLoaded = true; } );\n\tdocument.addEventListener( 'gform\/theme\/scripts_loaded', function() { gform.themeScriptsLoaded = true; } );\n\twindow.addEventListener( 'DOMContentLoaded', function() { gform.domLoaded = true; } );\n\n\tvar gform = {\n\t\tdomLoaded: false,\n\t\tscriptsLoaded: false,\n\t\tthemeScriptsLoaded: false,\n\t\tisFormEditor: () => typeof InitializeEditor === 'function',\n\n\t\t\/**\n\t\t * @deprecated 2.9 the use of initializeOnLoaded in the form editor context is deprecated.\n\t\t * @remove-in 4.0 this function will not check for gform.isFormEditor().\n\t\t *\/\n\t\tcallIfLoaded: function ( fn ) {\n\t\t\tif ( gform.domLoaded && gform.scriptsLoaded && ( gform.themeScriptsLoaded || gform.isFormEditor() ) ) {\n\t\t\t\tif ( gform.isFormEditor() ) {\n\t\t\t\t\tconsole.warn( 'The use of gform.initializeOnLoaded() is deprecated in the form editor context and will be removed in Gravity Forms 3.1.' );\n\t\t\t\t}\n\t\t\t\tfn();\n\t\t\t\treturn true;\n\t\t\t}\n\t\t\treturn false;\n\t\t},\n\n\t\t\/**\n\t\t * Call a function when all scripts are loaded\n\t\t *\n\t\t * @param function fn the callback function to call when all scripts are loaded\n\t\t *\n\t\t * @returns void\n\t\t *\/\n\t\tinitializeOnLoaded: function( fn ) {\n\t\t\tif ( ! gform.callIfLoaded( fn ) ) {\n\t\t\t\tdocument.addEventListener( 'gform_main_scripts_loaded', () => { gform.scriptsLoaded = true; gform.callIfLoaded( fn ); } );\n\t\t\t\tdocument.addEventListener( 'gform\/theme\/scripts_loaded', () => { gform.themeScriptsLoaded = true; gform.callIfLoaded( fn ); } );\n\t\t\t\twindow.addEventListener( 'DOMContentLoaded', () => { gform.domLoaded = true; gform.callIfLoaded( fn ); } );\n\t\t\t}\n\t\t},\n\n\t\thooks: { action: {}, filter: {} },\n\t\taddAction: function( action, callable, priority, tag ) {\n\t\t\tgform.addHook( 'action', action, callable, priority, tag );\n\t\t},\n\t\taddFilter: function( action, callable, priority, tag ) {\n\t\t\tgform.addHook( 'filter', action, callable, priority, tag );\n\t\t},\n\t\tdoAction: function( action ) {\n\t\t\tgform.doHook( 'action', action, arguments );\n\t\t},\n\t\tapplyFilters: function( action ) {\n\t\t\treturn gform.doHook( 'filter', action, arguments );\n\t\t},\n\t\tremoveAction: function( action, tag ) {\n\t\t\tgform.removeHook( 'action', action, tag );\n\t\t},\n\t\tremoveFilter: function( action, priority, tag ) {\n\t\t\tgform.removeHook( 'filter', action, priority, tag );\n\t\t},\n\t\taddHook: function( hookType, action, callable, priority, tag ) {\n\t\t\tif ( undefined == gform.hooks[hookType][action] ) {\n\t\t\t\tgform.hooks[hookType][action] = [];\n\t\t\t}\n\t\t\tvar hooks = gform.hooks[hookType][action];\n\t\t\tif ( undefined == tag ) {\n\t\t\t\ttag = action + '_' + hooks.length;\n\t\t\t}\n\t\t\tif( priority == undefined ){\n\t\t\t\tpriority = 10;\n\t\t\t}\n\n\t\t\tgform.hooks[hookType][action].push( { tag:tag, callable:callable, priority:priority } );\n\t\t},\n\t\tdoHook: function( hookType, action, args ) {\n\n\t\t\t\/\/ splice args from object into array and remove first index which is the hook name\n\t\t\targs = Array.prototype.slice.call(args, 1);\n\n\t\t\tif ( undefined != gform.hooks[hookType][action] ) {\n\t\t\t\tvar hooks = gform.hooks[hookType][action], hook;\n\t\t\t\t\/\/sort by priority\n\t\t\t\thooks.sort(function(a,b){return a[\"priority\"]-b[\"priority\"]});\n\n\t\t\t\thooks.forEach( function( hookItem ) {\n\t\t\t\t\thook = hookItem.callable;\n\n\t\t\t\t\tif(typeof hook != 'function')\n\t\t\t\t\t\thook = window[hook];\n\t\t\t\t\tif ( 'action' == hookType ) {\n\t\t\t\t\t\thook.apply(null, args);\n\t\t\t\t\t} else {\n\t\t\t\t\t\targs[0] = hook.apply(null, args);\n\t\t\t\t\t}\n\t\t\t\t} );\n\t\t\t}\n\t\t\tif ( 'filter'==hookType ) {\n\t\t\t\treturn args[0];\n\t\t\t}\n\t\t},\n\t\tremoveHook: function( hookType, action, priority, tag ) {\n\t\t\tif ( undefined != gform.hooks[hookType][action] ) {\n\t\t\t\tvar hooks = gform.hooks[hookType][action];\n\t\t\t\thooks = hooks.filter( function(hook, index, arr) {\n\t\t\t\t\tvar removeHook = (undefined==tag||tag==hook.tag) && (undefined==priority||priority==hook.priority);\n\t\t\t\t\treturn !removeHook;\n\t\t\t\t} );\n\t\t\t\tgform.hooks[hookType][action] = hooks;\n\t\t\t}\n\t\t}\n\t};\n}\n<\/script>\n\n                <div class='gf_browser_gecko gform_wrapper gform_legacy_markup_wrapper gform-theme--no-framework' data-form-theme='legacy' data-form-index='0' id='gform_wrapper_2' ><form method='post' enctype='multipart\/form-data'  id='gform_2'  action='\/cursocaracterizacaolnnano\/wp-json\/wp\/v2\/pages\/2' data-formid='2' novalidate>\n                        <div class='gform-body gform_body'><ul id='gform_fields_2' class='gform_fields top_label form_sublabel_below description_below validation_below'><li id=\"field_2_2\" class=\"gfield gfield--type-text gfield_contains_required field_sublabel_below gfield--no-description field_description_below field_validation_below gfield_visibility_visible\"  ><label class='gfield_label gform-field-label' for='input_2_2'>Nome Completo<span class=\"gfield_required\"><span class=\"gfield_required gfield_required_asterisk\">*<\/span><\/span><\/label><div class='ginput_container ginput_container_text'><input name='input_2' id='input_2_2' type='text' value='' class='medium'     aria-required=\"true\" aria-invalid=\"false\"   \/><\/div><\/li><li id=\"field_2_3\" class=\"gfield gfield--type-email gfield_contains_required field_sublabel_below gfield--no-description field_description_below field_validation_below gfield_visibility_visible\"  ><label class='gfield_label gform-field-label gfield_label_before_complex' >E-mail<span class=\"gfield_required\"><span class=\"gfield_required gfield_required_asterisk\">*<\/span><\/span><\/label><div class='ginput_complex ginput_container ginput_container_email gform-grid-row' id='input_2_3_container'>\n                                <span id='input_2_3_1_container' class='ginput_left gform-grid-col gform-grid-col--size-auto'>\n                                    <input class='' type='email' name='input_3' id='input_2_3' value=''    aria-required=\"true\" aria-invalid=\"false\"  \/>\n                                    <label for='input_2_3' class='gform-field-label gform-field-label--type-sub '>Digite um e-mail<\/label>\n                                <\/span>\n                                <span id='input_2_3_2_container' class='ginput_right gform-grid-col gform-grid-col--size-auto'>\n                                    <input class='' type='email' name='input_3_2' id='input_2_3_2' value=''    aria-required=\"true\" aria-invalid=\"false\"  \/>\n                                    <label for='input_2_3_2' class='gform-field-label gform-field-label--type-sub '>Confirmar e-mail<\/label>\n                                <\/span>\n                                <div class='gf_clear gf_clear_complex'><\/div>\n                            <\/div><\/li><li id=\"field_2_1\" class=\"gfield gfield--type-textarea gfield_contains_required field_sublabel_below gfield--no-description field_description_below field_validation_below gfield_visibility_visible\"  ><label class='gfield_label gform-field-label' for='input_2_1'>Mensagem<span class=\"gfield_required\"><span class=\"gfield_required gfield_required_asterisk\">*<\/span><\/span><\/label><div class='ginput_container ginput_container_textarea'><textarea name='input_1' id='input_2_1' class='textarea medium'     aria-required=\"true\" aria-invalid=\"false\"   rows='10' cols='50'><\/textarea><\/div><\/li><\/ul><\/div>\n        <div class='gform-footer gform_footer top_label'> <input type='submit' id='gform_submit_button_2' class='gform_button button' onclick='gform.submission.handleButtonClick(this);' data-submission-type='submit' value='Enviar'  \/> \n            <input type='hidden' class='gform_hidden' name='gform_submission_method' data-js='gform_submission_method_2' value='postback' \/>\n            <input type='hidden' class='gform_hidden' name='gform_theme' data-js='gform_theme_2' id='gform_theme_2' value='legacy' \/>\n            <input type='hidden' class='gform_hidden' name='gform_style_settings' data-js='gform_style_settings_2' id='gform_style_settings_2' value='[]' \/>\n            <input type='hidden' class='gform_hidden' name='is_submit_2' value='1' \/>\n            <input type='hidden' class='gform_hidden' name='gform_submit' value='2' \/>\n            \n            <input type='hidden' class='gform_hidden' name='gform_currency' data-currency='BRL' value='+xkxn2cmDXGC6KD92h7dlumHXyGWujqIBL9Ak9Mnt\/x1nvK5Ew8fn71hzXylqJE9b7Lr0\/gvH1IRmqGu3FrOoUdGY65bPb2a9DmWqXhQRtZfR6U=' \/>\n            <input type='hidden' class='gform_hidden' name='gform_unique_id' value='' \/>\n            <input type='hidden' class='gform_hidden' name='state_2' value='WyJbXSIsIjgwMzU5YTE4NTZiYzkyM2RjZGVlMjc5M2VlNzMzMWRlIl0=' \/>\n            <input type='hidden' autocomplete='off' class='gform_hidden' name='gform_target_page_number_2' id='gform_target_page_number_2' value='0' \/>\n            <input type='hidden' autocomplete='off' class='gform_hidden' name='gform_source_page_number_2' id='gform_source_page_number_2' value='1' \/>\n            <input type='hidden' name='gform_field_values' value='' \/>\n            \n        <\/div>\n                        <\/form>\n                        <\/div><script>\ngform.initializeOnLoaded( function() {gformInitSpinner( 2, 'https:\/\/pages.cnpem.br\/cursocaracterizacaolnnano\/wp-content\/plugins\/gravityforms\/images\/spinner.svg', true );jQuery('#gform_ajax_frame_2').on('load',function(){var contents = jQuery(this).contents().find('*').html();var is_postback = contents.indexOf('GF_AJAX_POSTBACK') >= 0;if(!is_postback){return;}var form_content = jQuery(this).contents().find('#gform_wrapper_2');var is_confirmation = jQuery(this).contents().find('#gform_confirmation_wrapper_2').length > 0;var is_redirect = contents.indexOf('gformRedirect(){') >= 0;var is_form = form_content.length > 0 && ! is_redirect && ! is_confirmation;var mt = parseInt(jQuery('html').css('margin-top'), 10) + parseInt(jQuery('body').css('margin-top'), 10) + 100;if(is_form){jQuery('#gform_wrapper_2').html(form_content.html());if(form_content.hasClass('gform_validation_error')){jQuery('#gform_wrapper_2').addClass('gform_validation_error');} else {jQuery('#gform_wrapper_2').removeClass('gform_validation_error');}setTimeout( function() { \/* delay the scroll by 50 milliseconds to fix a bug in chrome *\/  }, 50 );if(window['gformInitDatepicker']) {gformInitDatepicker();}if(window['gformInitPriceFields']) {gformInitPriceFields();}var current_page = jQuery('#gform_source_page_number_2').val();gformInitSpinner( 2, 'https:\/\/pages.cnpem.br\/cursocaracterizacaolnnano\/wp-content\/plugins\/gravityforms\/images\/spinner.svg', true );jQuery(document).trigger('gform_page_loaded', [2, current_page]);window['gf_submitting_2'] = false;}else if(!is_redirect){var confirmation_content = jQuery(this).contents().find('.GF_AJAX_POSTBACK').html();if(!confirmation_content){confirmation_content = contents;}jQuery('#gform_wrapper_2').replaceWith(confirmation_content);jQuery(document).trigger('gform_confirmation_loaded', [2]);window['gf_submitting_2'] = false;wp.a11y.speak(jQuery('#gform_confirmation_message_2').text());}else{jQuery('#gform_2').append(contents);if(window['gformRedirect']) {gformRedirect();}}jQuery(document).trigger(\"gform_pre_post_render\", [{ formId: \"2\", currentPage: \"current_page\", abort: function() { this.preventDefault(); } }]);        if (event && event.defaultPrevented) {                return;        }        const gformWrapperDiv = document.getElementById( \"gform_wrapper_2\" );        if ( gformWrapperDiv ) {            const visibilitySpan = document.createElement( \"span\" );            visibilitySpan.id = \"gform_visibility_test_2\";            gformWrapperDiv.insertAdjacentElement( \"afterend\", visibilitySpan );        }        const visibilityTestDiv = document.getElementById( \"gform_visibility_test_2\" );        let postRenderFired = false;        function triggerPostRender() {            if ( postRenderFired ) {                return;            }            postRenderFired = true;            gform.core.triggerPostRenderEvents( 2, current_page );            if ( visibilityTestDiv ) {                visibilityTestDiv.parentNode.removeChild( visibilityTestDiv );            }        }        function debounce( func, wait, immediate ) {            var timeout;            return function() {                var context = this, args = arguments;                var later = function() {                    timeout = null;                    if ( !immediate ) func.apply( context, args );                };                var callNow = immediate && !timeout;                clearTimeout( timeout );                timeout = setTimeout( later, wait );                if ( callNow ) func.apply( context, args );            };        }        const debouncedTriggerPostRender = debounce( function() {            triggerPostRender();        }, 200 );        if ( visibilityTestDiv && visibilityTestDiv.offsetParent === null ) {            const observer = new MutationObserver( ( mutations ) => {                mutations.forEach( ( mutation ) => {                    if ( mutation.type === 'attributes' && visibilityTestDiv.offsetParent !== null ) {                        debouncedTriggerPostRender();                        observer.disconnect();                    }                });            });            observer.observe( document.body, {                attributes: true,                childList: false,                subtree: true,                attributeFilter: [ 'style', 'class' ],            });        } else {            triggerPostRender();        }    } );} );\n<\/script>\n[\/vc_column][vc_column width=&#8221;1\/5&#8243;][\/vc_column][\/vc_row]<!-- \/wp:post-content --><\/div>","protected":false},"excerpt":{"rendered":"<p>[vc_row][vc_column width=&#8221;2\/3&#8243;][vc_column_text] O Laborat\u00f3rio Nacional de Nanotecnologia (LNNano), integrante do Centro Nacional de Pesquisa em Energia e Materiais (CNPEM), realiza a primeira edi\u00e7\u00e3o do &#8220;Curso te\u00f3rico e demonstrativo de t\u00e9cnicas avan\u00e7adas de caracteriza\u00e7\u00e3o de nanomateriais&#8220;, entre maio e agosto de 2021. O evento, totalmente online, contar\u00e1 com especialistas e pesquisadores do Laborat\u00f3rio para ministrar aulas&hellip;<\/p>\n","protected":false},"author":542,"featured_media":0,"parent":0,"menu_order":0,"comment_status":"closed","ping_status":"open","template":"","meta":{"footnotes":""},"class_list":["post-2","page","type-page","status-publish","hentry","description-off"],"_links":{"self":[{"href":"https:\/\/pages.cnpem.br\/cursocaracterizacaolnnano\/wp-json\/wp\/v2\/pages\/2","targetHints":{"allow":["GET"]}}],"collection":[{"href":"https:\/\/pages.cnpem.br\/cursocaracterizacaolnnano\/wp-json\/wp\/v2\/pages"}],"about":[{"href":"https:\/\/pages.cnpem.br\/cursocaracterizacaolnnano\/wp-json\/wp\/v2\/types\/page"}],"author":[{"embeddable":true,"href":"https:\/\/pages.cnpem.br\/cursocaracterizacaolnnano\/wp-json\/wp\/v2\/users\/542"}],"replies":[{"embeddable":true,"href":"https:\/\/pages.cnpem.br\/cursocaracterizacaolnnano\/wp-json\/wp\/v2\/comments?post=2"}],"version-history":[{"count":0,"href":"https:\/\/pages.cnpem.br\/cursocaracterizacaolnnano\/wp-json\/wp\/v2\/pages\/2\/revisions"}],"wp:attachment":[{"href":"https:\/\/pages.cnpem.br\/cursocaracterizacaolnnano\/wp-json\/wp\/v2\/media?parent=2"}],"curies":[{"name":"wp","href":"https:\/\/api.w.org\/{rel}","templated":true}]}}