{"id":67,"date":"2018-06-12T14:25:34","date_gmt":"2018-06-12T17:25:34","guid":{"rendered":"http:\/\/pages.cnpem.br\/cursodecaracterizacao\/?page_id=67"},"modified":"2026-03-31T09:29:15","modified_gmt":"2026-03-31T12:29:15","slug":"participantes-selecionados","status":"publish","type":"page","link":"https:\/\/pages.cnpem.br\/cursodecaracterizacao\/participantes-selecionados\/","title":{"rendered":"PARTICIPANTES SELECIONADOS"},"content":{"rendered":"<div class=\"wpb-content-wrapper\"><p>[vc_row margin_top=&#8221;-70&#8243;][vc_column][vc_empty_space][vc_custom_heading text=&#8221;Participantes selecionados&#8221; font_container=&#8221;tag:h2|text_align:center|color:%230B251A&#8221; use_theme_fonts=&#8221;yes&#8221; css_animation=&#8221;none&#8221; css=&#8221;&#8221;][vc_empty_space][\/vc_column][\/vc_row][vc_row][vc_column width=&#8221;1\/6&#8243;][vc_icon icon_fontawesome=&#8221;fa fa-bullhorn&#8221; color=&#8221;black&#8221; size=&#8221;xl&#8221; align=&#8221;center&#8221;][\/vc_column][vc_column width=&#8221;5\/6&#8243;][vc_column_text css=&#8221;&#8221;]<\/p>\n<p style=\"text-align: justify\"><span style=\"font-size: 12pt;color: #000000\">Abaixo est\u00e3o listados, em ordem alfab\u00e9tica, os selecionados para a <strong>28\u00aa edi\u00e7\u00e3o do Curso de Caracteriza\u00e7\u00e3o de Biomassas, parte da s\u00e9rie Biorrenov\u00e1veis \u2013 Cursos<\/strong>.\u00a0<\/span><\/p>\n<p class=\"xxmsonormal0\" style=\"text-align: justify\"><span style=\"font-size: 12pt\"><span style=\"color: #000000\">Solicitamos aos candidatos aprovados que <strong>confirmem participa\u00e7\u00e3o respondendo ao e-mail<\/strong> enviado a partir do endere\u00e7o <strong>eventos@cnpem.br<\/strong><\/span><span style=\"color: #000000\">. O e-mail, que pode ter sido direcionado ao spam, cont\u00e9m instru\u00e7\u00f5es sobre o curso. <strong>Verifique o lixo eletr\u00f4nico<\/strong>.<\/span><\/span><\/p>\n<p class=\"xxmsonormal0\" style=\"text-align: justify\"><span style=\"font-size: 12pt;color: #000000\">A sele\u00e7\u00e3o foi realizada respeitando os limites de nossa infraestrutura e atendendo aos crit\u00e9rios de sele\u00e7\u00e3o dispon\u00edveis na <strong><a href=\"https:\/\/pages.cnpem.br\/cursodecaracterizacao\/\" target=\"_blank\" rel=\"noopener\">p\u00e1gina principal<\/a><\/strong> do Curso.<\/span><\/p>\n<p class=\"xxmsonormal0\" style=\"text-align: justify\"><strong><span style=\"font-size: 12pt;color: #000000\">Refor\u00e7amos que:<\/span><\/strong><\/p>\n<ul>\n<li class=\"xxmsonormal0\" style=\"text-align: justify\"><span style=\"font-size: 12pt;color: #000000\">Os candidatos aprovados para o Curso de Caracteriza\u00e7\u00e3o de Biomassas devem confirmar sua participa\u00e7\u00e3o <strong>respondendo ao e-mail at\u00e9 o dia 09 de abril de 2026<\/strong>. A n\u00e3o confirma\u00e7\u00e3o da participa\u00e7\u00e3o via e-mail, dentro do per\u00edodo indicado, ser\u00e1 caracterizada como desist\u00eancia. Aqueles que n\u00e3o confirmarem participa\u00e7\u00e3o ter\u00e3o suas vagas realocadas aos aprovados em lista de espera.\u00a0<\/span><\/li>\n<\/ul>\n<p>[\/vc_column_text][vc_row_inner][vc_column_inner][vc_column_text css=&#8221;&#8221;]<\/p>\n<h3><span style=\"color: #000000\">Lista de aprovados em 1\u00aa chamada &#8211;<br \/>\n28\u00aa edi\u00e7\u00e3o do <strong>Curso de Caracteriza\u00e7\u00e3o de Biomassas<\/strong><\/span><\/h3>\n<p><span style=\"color: #000000;font-size: 12pt\">Adriana de Jesus Santos<\/span><br data-start=\"115\" data-end=\"118\" \/><span style=\"color: #000000;font-size: 12pt\">Aline Pereira de Almeida<\/span><br data-start=\"142\" data-end=\"145\" \/><span style=\"color: #000000;font-size: 12pt\">Fernanda Kaori Kuriki<\/span><br data-start=\"166\" data-end=\"169\" \/><span style=\"color: #000000;font-size: 12pt\">Francisco Rafael Sousa Freitas<\/span><br data-start=\"199\" data-end=\"202\" \/><span style=\"color: #000000;font-size: 12pt\">Jairo Iv\u00e1n Quintana Bulla<\/span><br data-start=\"227\" data-end=\"230\" \/><span style=\"color: #000000;font-size: 12pt\">Karina Le\u00e3o<\/span><br data-start=\"241\" data-end=\"244\" \/><span style=\"color: #000000;font-size: 12pt\">Lucas Ramos<\/span><br data-start=\"255\" data-end=\"258\" \/><span style=\"color: #000000;font-size: 12pt\">Luiz Daniel<\/span><br data-start=\"269\" data-end=\"272\" \/><span style=\"color: #000000;font-size: 12pt\">Santiago Arias Henao<\/span><br data-start=\"292\" data-end=\"295\" \/><span style=\"color: #000000;font-size: 12pt\">Vict\u00f3ria Nascimento<\/span>[\/vc_column_text][\/vc_column_inner][\/vc_row_inner][\/vc_column][\/vc_row]<\/p>\n<\/div>","protected":false},"excerpt":{"rendered":"<p>[vc_row margin_top=&#8221;-70&#8243;][vc_column][vc_empty_space][vc_custom_heading text=&#8221;Participantes selecionados&#8221; font_container=&#8221;tag:h2|text_align:center|color:%230B251A&#8221; use_theme_fonts=&#8221;yes&#8221; css_animation=&#8221;none&#8221; css=&#8221;&#8221;][vc_empty_space][\/vc_column][\/vc_row][vc_row][vc_column width=&#8221;1\/6&#8243;][vc_icon icon_fontawesome=&#8221;fa fa-bullhorn&#8221; color=&#8221;black&#8221; size=&#8221;xl&#8221; align=&#8221;center&#8221;][\/vc_column][vc_column width=&#8221;5\/6&#8243;][vc_column_text css=&#8221;&#8221;] Abaixo est\u00e3o listados, em ordem alfab\u00e9tica, os selecionados para a 28\u00aa edi\u00e7\u00e3o do Curso de Caracteriza\u00e7\u00e3o de Biomassas, parte da s\u00e9rie Biorrenov\u00e1veis \u2013 Cursos.\u00a0 Solicitamos aos candidatos aprovados que confirmem participa\u00e7\u00e3o respondendo ao e-mail enviado a partir do endere\u00e7o&hellip;<\/p>\n","protected":false},"author":546,"featured_media":0,"parent":0,"menu_order":0,"comment_status":"closed","ping_status":"closed","template":"","meta":{"footnotes":""},"class_list":["post-67","page","type-page","status-publish","hentry","description-off"],"_links":{"self":[{"href":"https:\/\/pages.cnpem.br\/cursodecaracterizacao\/wp-json\/wp\/v2\/pages\/67","targetHints":{"allow":["GET"]}}],"collection":[{"href":"https:\/\/pages.cnpem.br\/cursodecaracterizacao\/wp-json\/wp\/v2\/pages"}],"about":[{"href":"https:\/\/pages.cnpem.br\/cursodecaracterizacao\/wp-json\/wp\/v2\/types\/page"}],"author":[{"embeddable":true,"href":"https:\/\/pages.cnpem.br\/cursodecaracterizacao\/wp-json\/wp\/v2\/users\/546"}],"replies":[{"embeddable":true,"href":"https:\/\/pages.cnpem.br\/cursodecaracterizacao\/wp-json\/wp\/v2\/comments?post=67"}],"version-history":[{"count":0,"href":"https:\/\/pages.cnpem.br\/cursodecaracterizacao\/wp-json\/wp\/v2\/pages\/67\/revisions"}],"wp:attachment":[{"href":"https:\/\/pages.cnpem.br\/cursodecaracterizacao\/wp-json\/wp\/v2\/media?parent=67"}],"curies":[{"name":"wp","href":"https:\/\/api.w.org\/{rel}","templated":true}]}}