{"id":6,"date":"2022-08-22T18:02:23","date_gmt":"2022-08-22T18:02:23","guid":{"rendered":"https:\/\/pages.cnpem.br\/encontroeducacao\/?page_id=6"},"modified":"2022-09-08T13:45:56","modified_gmt":"2022-09-08T13:45:56","slug":"home","status":"publish","type":"page","link":"https:\/\/pages.cnpem.br\/encontroeducacao\/","title":{"rendered":"HOME"},"content":{"rendered":"<div class=\"wpb-content-wrapper\"><p>[vc_row][vc_column width=&#8221;2\/3&#8243;][vc_custom_heading text=&#8221;Encontro Ilum de Educa\u00e7\u00e3o, Ci\u00eancia e Tecnologia&#8221; use_theme_fonts=&#8221;yes&#8221;][vc_column_text]<\/p>\n<p style=\"text-align: justify\">Promovido pela <a href=\"https:\/\/ilum.cnpem.br\/\" target=\"_blank\" rel=\"noopener\"><strong>Ilum Escola de Ci\u00eancia<\/strong><\/a>, o evento re\u00fane a comunidade cient\u00edfica e acad\u00eamica que atua na forma\u00e7\u00e3o do ensino m\u00e9dio e superior, com o objetivo de consolidar um debate acad\u00eamico na Ilum ao proporcionar os necess\u00e1rios di\u00e1logos entre ci\u00eancia e educa\u00e7\u00e3o a partir da perspectiva das novas tecnologias e dos atuais desafios interdisciplinares. Ser\u00e3o convidados a palestrar professores e pesquisadores com grande experi\u00eancia na \u00e1rea, que ir\u00e3o abordar temas sobre a interdisciplinaridade nas ci\u00eancias e as metodologias e tecnologias do ensino.<\/p>\n<p>[\/vc_column_text][vc_custom_heading text=&#8221;Formato do evento&#8221; font_container=&#8221;tag:h3|text_align:left&#8221; use_theme_fonts=&#8221;yes&#8221;][vc_column_text]<\/p>\n<p style=\"text-align: justify\">O evento ser\u00e1 dividido em dois dias: no <strong>per\u00edodo da manh\u00e3<\/strong>, com palestras exclusivamente online, transmitidas pelo <a href=\"https:\/\/www.youtube.com\/channel\/UCLm-wzc83b88zx3S_eGJSbA\" target=\"_blank\" rel=\"noopener\"><strong>YouTube da Ilum<\/strong><\/a>; e no <strong>per\u00edodo da tarde<\/strong>, com mesas redondas, inscritos poder\u00e3o acompanhar esses debates online pela plataforma zoom ou pessoalmente na Ilum (limitado a um m\u00e1ximo de 70 pessoas).<\/p>\n<p>[\/vc_column_text][\/vc_column][vc_column width=&#8221;1\/3&#8243;][vc_text_separator title=&#8221;Datas Importantes&#8221;][vc_cta h2=&#8221;&#8221;]<strong>Realiza\u00e7\u00e3o do evento:<\/strong> 6 e 7 de outubro, 2022<br \/>\n<strong>Inscri\u00e7\u00f5es at\u00e9:<\/strong> 11 de setembro<br \/>\n<strong>Divulga\u00e7\u00e3o dos selecionados:<\/strong> 15 de setembro[\/vc_cta][vc_text_separator title=&#8221;Crit\u00e9rio de Sele\u00e7\u00e3o&#8221;][vc_cta h2=&#8221;&#8221;]<\/p>\n<p style=\"text-align: justify\">Devido \u00e0s limita\u00e7\u00f5es de espa\u00e7o f\u00edsico, apenas 70 participantes externos poder\u00e3o comparecer presencialmente \u00e0s mesas-redondas. Assim, a comiss\u00e3o organizadora adotar\u00e1 a seguinte ordem de prioridade para os participantes presenciais:<\/p>\n<ul>\n<li style=\"text-align: justify\">comunidade acad\u00eamica (professores e pesquisadores do ensino superior);<\/li>\n<li style=\"text-align: justify\">professores da rede b\u00e1sica de ensino (ensino m\u00e9dio e demais, respectivamente).<\/li>\n<\/ul>\n<p>[\/vc_cta][vc_raw_html]JTNDJTIxLS0lMjBCZWdpbiUyMFNlbmRpbmJsdWUlMjBGb3JtJTIwLS0lM0UlMEElM0MlMjEtLSUyMFNUQVJUJTIwLSUyMFdlJTIwcmVjb21tZW5kJTIwdG8lMjBwbGFjZSUyMHRoZSUyMGJlbG93JTIwY29kZSUyMGluJTIwaGVhZCUyMHRhZyUyMG9mJTIweW91ciUyMHdlYnNpdGUlMjBodG1sJTIwJTIwLS0lM0UlMEElM0NzdHlsZSUzRSUwQSUyMCUyMCU0MGZvbnQtZmFjZSUyMCU3QiUwQSUyMCUyMCUyMCUyMGZvbnQtZGlzcGxheSUzQSUyMGJsb2NrJTNCJTBBJTIwJTIwJTIwJTIwZm9udC1mYW1pbHklM0ElMjBSb2JvdG8lM0IlMEElMjAlMjAlMjAlMjBzcmMlM0ElMjB1cmwlMjhodHRwcyUzQSUyRiUyRmFzc2V0cy5zZW5kaW5ibHVlLmNvbSUyRmZvbnQlMkZSb2JvdG8lMkZMYXRpbiUyRm5vcm1hbCUyRm5vcm1hbCUyRjc1Mjk5MDdlOWVhZjhlYmI1MjIwYzVmOTg1MGUzODExLndvZmYyJTI5JTIwZm9ybWF0JTI4JTIyd29mZjIlMjIlMjklMkMlMjB1cmwlMjhodHRwcyUzQSUyRiUyRmFzc2V0cy5zZW5kaW5ibHVlLmNvbSUyRmZvbnQlMkZSb2JvdG8lMkZMYXRpbiUyRm5vcm1hbCUyRm5vcm1hbCUyRjI1YzY3OGZlYWZkYzE3NWE3MDkyMmExMTZjOWJlM2U3LndvZmYlMjklMjBmb3JtYXQlMjglMjJ3b2ZmJTIyJTI5JTBBJTIwJTIwJTdEJTBBJTBBJTIwJTIwJTQwZm9udC1mYWNlJTIwJTdCJTBBJTIwJTIwJTIwJTIwZm9udC1kaXNwbGF5JTNBJTIwZmFsbGJhY2slM0IlMEElMjAlMjAlMjAlMjBmb250LWZhbWlseSUzQSUyMFJvYm90byUzQiUwQSUyMCUyMCUyMCUyMGZvbnQtd2VpZ2h0JTNBJTIwNjAwJTNCJTBBJTIwJTIwJTIwJTIwc3JjJTNBJTIwdXJsJTI4aHR0cHMlM0ElMkYlMkZhc3NldHMuc2VuZGluYmx1ZS5jb20lMkZmb250JTJGUm9ib3RvJTJGTGF0aW4lMkZtZWRpdW0lMkZub3JtYWwlMkY2ZTljYWVlYWZiMWYzNDkxYmUzZTMyNzQ0YmMzMDQ0MC53b2ZmMiUyOSUyMGZvcm1hdCUyOCUyMndvZmYyJTIyJTI5JTJDJTIwdXJsJTI4aHR0cHMlM0ElMkYlMkZhc3NldHMuc2VuZGluYmx1ZS5jb20lMkZmb250JTJGUm9ib3RvJTJGTGF0aW4lMkZtZWRpdW0lMkZub3JtYWwlMkY3MTUwMWYwZDhkNWFhOTU5NjBmNjQ3NWQ1NDg3ZDRjMi53b2ZmJTI5JTIwZm9ybWF0JTI4JTIyd29mZiUyMiUyOSUwQSUyMCUyMCU3RCUwQSUwQSUyMCUyMCU0MGZvbnQtZmFjZSUyMCU3QiUwQSUyMCUyMCUyMCUyMGZvbnQtZGlzcGxheSUzQSUyMGZhbGxiYWNrJTNCJTBBJTIwJTIwJTIwJTIwZm9udC1mYW1pbHklM0ElMjBSb2JvdG8lM0IlMEElMjAlMjAlMjAlMjBmb250LXdlaWdodCUzQSUyMDcwMCUzQiUwQSUyMCUyMCUyMCUyMHNyYyUzQSUyMHVybCUyOGh0dHBzJTNBJTJGJTJGYXNzZXRzLnNlbmRpbmJsdWUuY29tJTJGZm9udCUyRlJvYm90byUyRkxhdGluJTJGYm9sZCUyRm5vcm1hbCUyRjNlZjdjZjE1OGYzMTBjZjc1MmQ1YWQwOGNkMGU3ZTYwLndvZmYyJTI5JTIwZm9ybWF0JTI4JTIyd29mZjIlMjIlMjklMkMlMjB1cmwlMjhodHRwcyUzQSUyRiUyRmFzc2V0cy5zZW5kaW5ibHVlLmNvbSUyRmZvbnQlMkZSb2JvdG8lMkZMYXRpbiUyRmJvbGQlMkZub3JtYWwlMkZlY2UzYTFkODJmMThiNjBiY2NlMDIxMTcyNWM0NzZhYS53b2ZmJTI5JTIwZm9ybWF0JTI4JTIyd29mZiUyMiUyOSUwQSUyMCUyMCU3RCUwQSUwQSUyMCUyMCUyM3NpYi1jb250YWluZXIlMjBpbnB1dCUzQS1tcy1pbnB1dC1wbGFjZWhvbGRlciUyMCU3QiUwQSUyMCUyMCUyMCUyMHRleHQtYWxpZ24lM0ElMjBsZWZ0JTNCJTBBJTIwJTIwJTIwJTIwZm9udC1mYW1pbHklM0ElMjAlMjJIZWx2ZXRpY2ElMjIlMkMlMjBzYW5zLXNlcmlmJTNCJTBBJTIwJTIwJTIwJTIwY29sb3IlM0ElMjAlMjNjMGNjZGElM0IlMEElMjAlMjAlN0QlMEElMEElMjAlMjAlMjNzaWItY29udGFpbmVyJTIwaW5wdXQlM0ElM0FwbGFjZWhvbGRlciUyMCU3QiUwQSUyMCUyMCUyMCUyMHRleHQtYWxpZ24lM0ElMjBsZWZ0JTNCJTBBJTIwJTIwJTIwJTIwZm9udC1mYW1pbHklM0ElMjAlMjJIZWx2ZXRpY2ElMjIlMkMlMjBzYW5zLXNlcmlmJTNCJTBBJTIwJTIwJTIwJTIwY29sb3IlM0ElMjAlMjNjMGNjZGElM0IlMEElMjAlMjAlN0QlMEElMEElMjAlMjAlMjNzaWItY29udGFpbmVyJTIwdGV4dGFyZWElM0ElM0FwbGFjZWhvbGRlciUyMCU3QiUwQSUyMCUyMCUyMCUyMHRleHQtYWxpZ24lM0ElMjBsZWZ0JTNCJTBBJTIwJTIwJTIwJTIwZm9udC1mYW1pbHklM0ElMjAlMjJIZWx2ZXRpY2ElMjIlMkMlMjBzYW5zLXNlcmlmJTNCJTBBJTIwJTIwJTIwJTIwY29sb3IlM0ElMjAlMjNjMGNjZGElM0IlMEElMjAlMjAlN0QlMEElM0MlMkZzdHlsZSUzRSUwQSUzQ2xpbmslMjByZWwlM0QlMjJzdHlsZXNoZWV0JTIyJTIwaHJlZiUzRCUyMmh0dHBzJTNBJTJGJTJGc2liZm9ybXMuY29tJTJGZm9ybXMlMkZlbmQtZm9ybSUyRmJ1aWxkJTJGc2liLXN0eWxlcy5jc3MlMjIlM0UlMEElM0MlMjEtLSUyMCUyMEVORCUyMC0lMjBXZSUyMHJlY29tbWVuZCUyMHRvJTIwcGxhY2UlMjB0aGUlMjBhYm92ZSUyMGNvZGUlMjBpbiUyMGhlYWQlMjB0YWclMjBvZiUyMHlvdXIlMjB3ZWJzaXRlJTIwaHRtbCUyMC0tJTNFJTBBJTBBJTNDJTIxLS0lMjBTVEFSVCUyMC0lMjBXZSUyMHJlY29tbWVuZCUyMHRvJTIwcGxhY2UlMjB0aGUlMjBiZWxvdyUyMGNvZGUlMjB3aGVyZSUyMHlvdSUyMHdhbnQlMjB0aGUlMjBmb3JtJTIwaW4lMjB5b3VyJTIwd2Vic2l0ZSUyMGh0bWwlMjAlMjAtLSUzRSUwQSUzQ2RpdiUyMGNsYXNzJTNEJTIyc2liLWZvcm0lMjIlMjBzdHlsZSUzRCUyMnRleHQtYWxpZ24lM0ElMjBjZW50ZXIlM0IlMEElMjAlMjAlMjAlMjAlMjAlMjAlMjAlMjAlMjBiYWNrZ3JvdW5kLWNvbG9yJTNBJTIwdHJhbnNwYXJlbnQlM0IlMjAlMjAlMjAlMjAlMjAlMjAlMjAlMjAlMjAlMjAlMjAlMjAlMjAlMjAlMjAlMjAlMjAlMjAlMjAlMjAlMjAlMjAlMjAlMjAlMjAlMjAlMjAlMjAlMjAlMjAlMjAlMjAlMjAlMjIlM0UlMEElMjAlMjAlM0NkaXYlMjBpZCUzRCUyMnNpYi1mb3JtLWNvbnRhaW5lciUyMiUyMGNsYXNzJTNEJTIyc2liLWZvcm0tY29udGFpbmVyJTIyJTNFJTBBJTIwJTIwJTIwJTIwJTNDZGl2JTIwaWQlM0QlMjJlcnJvci1tZXNzYWdlJTIyJTIwY2xhc3MlM0QlMjJzaWItZm9ybS1tZXNzYWdlLXBhbmVsJTIyJTIwc3R5bGUlM0QlMjJmb250LXNpemUlM0ExNnB4JTNCJTIwdGV4dC1hbGlnbiUzQWxlZnQlM0IlMjBmb250LWZhbWlseSUzQSUyNnF1b3QlM0JIZWx2ZXRpY2ElMjZxdW90JTNCJTJDJTIwc2Fucy1zZXJpZiUzQiUyMGNvbG9yJTNBJTIzNjYxZDFkJTNCJTIwYmFja2dyb3VuZC1jb2xvciUzQSUyM2ZmZWRlZCUzQiUyMGJvcmRlci1yYWRpdXMlM0EzcHglM0IlMjBib3JkZXItY29sb3IlM0ElMjNmZjQ5NDklM0JtYXgtd2lkdGglM0E1NDBweCUzQiUyMiUzRSUwQSUyMCUyMCUyMCUyMCUyMCUyMCUzQ2RpdiUyMGNsYXNzJTNEJTIyc2liLWZvcm0tbWVzc2FnZS1wYW5lbF9fdGV4dCUyMHNpYi1mb3JtLW1lc3NhZ2UtcGFuZWxfX3RleHQtLWNlbnRlciUyMiUzRSUwQSUyMCUyMCUyMCUyMCUyMCUyMCUyMCUyMCUzQ3N2ZyUyMHZpZXdCb3glM0QlMjIwJTIwMCUyMDUxMiUyMDUxMiUyMiUyMGNsYXNzJTNEJTIyc2liLWljb24lMjBzaWItbm90aWZpY2F0aW9uX19pY29uJTIyJTNFJTBBJTIwJTIwJTIwJTIwJTIwJTIwJTIwJTIwJTIwJTIwJTNDcGF0aCUyMGQlM0QlMjJNMjU2JTIwNDBjMTE4LjYyMSUyMDAlMjAyMTYlMjA5Ni4wNzUlMjAyMTYlMjAyMTYlMjAwJTIwMTE5LjI5MS05Ni42MSUyMDIxNi0yMTYlMjAyMTYtMTE5LjI0NCUyMDAtMjE2LTk2LjU2Mi0yMTYtMjE2JTIwMC0xMTkuMjAzJTIwOTYuNjAyLTIxNiUyMDIxNi0yMTZtMC0zMkMxMTkuMDQzJTIwOCUyMDglMjAxMTkuMDgzJTIwOCUyMDI1NmMwJTIwMTM2Ljk5NyUyMDExMS4wNDMlMjAyNDglMjAyNDglMjAyNDhzMjQ4LTExMS4wMDMlMjAyNDgtMjQ4QzUwNCUyMDExOS4wODMlMjAzOTIuOTU3JTIwOCUyMDI1NiUyMDh6bS0xMS40OSUyMDEyMGgyMi45NzljNi44MjMlMjAwJTIwMTIuMjc0JTIwNS42ODIlMjAxMS45OSUyMDEyLjVsLTclMjAxNjhjLS4yNjglMjA2LjQyOC01LjU1NiUyMDExLjUtMTEuOTklMjAxMS41aC04Ljk3OWMtNi40MzMlMjAwLTExLjcyMi01LjA3My0xMS45OS0xMS41bC03LTE2OGMtLjI4My02LjgxOCUyMDUuMTY3LTEyLjUlMjAxMS45OS0xMi41ek0yNTYlMjAzNDBjLTE1LjQ2NCUyMDAtMjglMjAxMi41MzYtMjglMjAyOHMxMi41MzYlMjAyOCUyMDI4JTIwMjglMjAyOC0xMi41MzYlMjAyOC0yOC0xMi41MzYtMjgtMjgtMjh6JTIyJTIwJTJGJTNFJTBBJTIwJTIwJTIwJTIwJTIwJTIwJTIwJTIwJTNDJTJGc3ZnJTNFJTBBJTIwJTIwJTIwJTIwJTIwJTIwJTIwJTIwJTNDc3BhbiUyMGNsYXNzJTNEJTIyc2liLWZvcm0tbWVzc2FnZS1wYW5lbF9faW5uZXItdGV4dCUyMiUzRSUwQSUyMCUyMCUyMCUyMCUyMCUyMCUyMCUyMCUyMCUyMCUyMCUyMCUyMCUyMCUyMCUyMCUyMCUyMCUyMCUyMCUyMCUyMCUyMCUyMCUyMCUyMFN1YSUyMGFzc2luYXR1cmElMjBuJUMzJUEzbyUyMHAlQzMlQjRkZSUyMHNlciUyMHZhbGlkYWRhLiUwQSUyMCUyMCUyMCUyMCUyMCUyMCUyMCUyMCUyMCUyMCUyMCUyMCUyMCUyMCUyMCUyMCUyMCUyMCUyMCUyMCUyMCUyMCUzQyUyRnNwYW4lM0UlMEElMjAlMjAlMjAlMjAlMjAlMjAlM0MlMkZkaXYlM0UlMEElMjAlMjAlMjAlMjAlM0MlMkZkaXYlM0UlMEElMjAlMjAlMjAlMjAlM0NkaXYlM0UlM0MlMkZkaXYlM0UlMEElMjAlMjAlMjAlMjAlM0NkaXYlMjBpZCUzRCUyMnN1Y2Nlc3MtbWVzc2FnZSUyMiUyMGNsYXNzJTNEJTIyc2liLWZvcm0tbWVzc2FnZS1wYW5lbCUyMiUyMHN0eWxlJTNEJTIyZm9udC1zaXplJTNBMTZweCUzQiUyMHRleHQtYWxpZ24lM0FsZWZ0JTNCJTIwZm9udC1mYW1pbHklM0ElMjZxdW90JTNCSGVsdmV0aWNhJTI2cXVvdCUzQiUyQyUyMHNhbnMtc2VyaWYlM0IlMjBjb2xvciUzQSUyMzA4NTIyOSUzQiUyMGJhY2tncm91bmQtY29sb3IlM0ElMjNlN2ZhZjAlM0IlMjBib3JkZXItcmFkaXVzJTNBM3B4JTNCJTIwYm9yZGVyLWNvbG9yJTNBJTIzMTNjZTY2JTNCbWF4LXdpZHRoJTNBNTQwcHglM0IlMjIlM0UlMEElMjAlMjAlMjAlMjAlMjAlMjAlM0NkaXYlMjBjbGFzcyUzRCUyMnNpYi1mb3JtLW1lc3NhZ2UtcGFuZWxfX3RleHQlMjBzaWItZm9ybS1tZXNzYWdlLXBhbmVsX190ZXh0LS1jZW50ZXIlMjIlM0UlMEElMjAlMjAlMjAlMjAlMjAlMjAlMjAlMjAlM0NzdmclMjB2aWV3Qm94JTNEJTIyMCUyMDAlMjA1MTIlMjA1MTIlMjIlMjBjbGFzcyUzRCUyMnNpYi1pY29uJTIwc2liLW5vdGlmaWNhdGlvbl9faWNvbiUyMiUzRSUwQSUyMCUyMCUyMCUyMCUyMCUyMCUyMCUyMCUyMCUyMCUzQ3BhdGglMjBkJTNEJTIyTTI1NiUyMDhDMTE5LjAzMyUyMDglMjA4JTIwMTE5LjAzMyUyMDglMjAyNTZzMTExLjAzMyUyMDI0OCUyMDI0OCUyMDI0OCUyMDI0OC0xMTEuMDMzJTIwMjQ4LTI0OFMzOTIuOTY3JTIwOCUyMDI1NiUyMDh6bTAlMjA0NjRjLTExOC42NjQlMjAwLTIxNi05Ni4wNTUtMjE2LTIxNiUyMDAtMTE4LjY2MyUyMDk2LjA1NS0yMTYlMjAyMTYtMjE2JTIwMTE4LjY2NCUyMDAlMjAyMTYlMjA5Ni4wNTUlMjAyMTYlMjAyMTYlMjAwJTIwMTE4LjY2My05Ni4wNTUlMjAyMTYtMjE2JTIwMjE2em0xNDEuNjMtMjc0Ljk2MUwyMTcuMTUlMjAzNzYuMDcxYy00LjcwNSUyMDQuNjY3LTEyLjMwMyUyMDQuNjM3LTE2Ljk3LS4wNjhsLTg1Ljg3OC04Ni41NzJjLTQuNjY3LTQuNzA1LTQuNjM3LTEyLjMwMy4wNjgtMTYuOTdsOC41Mi04LjQ1MWM0LjcwNS00LjY2NyUyMDEyLjMwMy00LjYzNyUyMDE2Ljk3LjA2OGw2OC45NzYlMjA2OS41MzMlMjAxNjMuNDQxLTE2Mi4xM2M0LjcwNS00LjY2NyUyMDEyLjMwMy00LjYzNyUyMDE2Ljk3LjA2OGw4LjQ1MSUyMDguNTJjNC42NjglMjA0LjcwNSUyMDQuNjM3JTIwMTIuMzAzLS4wNjglMjAxNi45N3olMjIlMjAlMkYlM0UlMEElMjAlMjAlMjAlMjAlMjAlMjAlMjAlMjAlM0MlMkZzdmclM0UlMEElMjAlMjAlMjAlMjAlMjAlMjAlMjAlMjAlM0NzcGFuJTIwY2xhc3MlM0QlMjJzaWItZm9ybS1tZXNzYWdlLXBhbmVsX19pbm5lci10ZXh0JTIyJTNFJTBBJTIwJTIwJTIwJTIwJTIwJTIwJTIwJTIwJTIwJTIwJTIwJTIwJTIwJTIwJTIwJTIwJTIwJTIwJTIwJTIwJTIwJTIwJTIwJTIwJTIwJTIwVm9jJUMzJUFBJTIwZmV6JTIwc3VhJTIwYXNzaW5hdHVyYSUyMGNvbSUyMHN1Y2Vzc28uJTBBJTIwJTIwJTIwJTIwJTIwJTIwJTIwJTIwJTIwJTIwJTIwJTIwJTIwJTIwJTIwJTIwJTIwJTIwJTIwJTIwJTIwJTIwJTNDJTJGc3BhbiUzRSUwQSUyMCUyMCUyMCUyMCUyMCUyMCUzQyUyRmRpdiUzRSUwQSUyMCUyMCUyMCUyMCUzQyUyRmRpdiUzRSUwQSUyMCUyMCUyMCUyMCUzQ2RpdiUzRSUzQyUyRmRpdiUzRSUwQSUyMCUyMCUyMCUyMCUzQ2RpdiUyMGlkJTNEJTIyc2liLWNvbnRhaW5lciUyMiUyMGNsYXNzJTNEJTIyc2liLWNvbnRhaW5lci0tbGFyZ2UlMjBzaWItY29udGFpbmVyLS12ZXJ0aWNhbCUyMiUyMHN0eWxlJTNEJTIydGV4dC1hbGlnbiUzQWNlbnRlciUzQiUyMGJhY2tncm91bmQtY29sb3IlM0F0cmFuc3BhcmVudCUzQiUyMG1heC13aWR0aCUzQTU0MHB4JTNCJTIwYm9yZGVyLXdpZHRoJTNBMHB4JTNCJTIwYm9yZGVyLWNvbG9yJTNBJTIzZmZmZmZmJTNCJTIwYm9yZGVyLXN0eWxlJTNBc29saWQlM0IlMjIlM0UlMEElMjAlMjAlMjAlMjAlMjAlMjAlM0Nmb3JtJTIwaWQlM0QlMjJzaWItZm9ybSUyMiUyMG1ldGhvZCUzRCUyMlBPU1QlMjIlMjBhY3Rpb24lM0QlMjJodHRwcyUzQSUyRiUyRmVlMzA2Zjg0LnNpYmZvcm1zLmNvbSUyRnNlcnZlJTJGTVVJRUFBMjZlQzBKS3JNQkVWYVlaVndSUDNBUjUxOXZNcWVnOEJnV0lTa0R6Z0FoSEdsV1NVUDdCQkx6eXJFa1pkX1BUNEV4cXBKWmdCOVE3ckFQTUdSd0VFdG5yaUU4UTNvWG84c3EtVUNmamp3UlBSOVBCNTFJS0VaZVRXSUZyTW53OGZRQVd4Xzh5LWJlWVZFalU1SVY1V3F0WVZYU2dzV2hncVFiV01QSjRmOW8yZE9wb0RvNTFNVDZKZm1jZnhKZGZwLUljSFJYRk9xRyUyMiUyMGRhdGEtdHlwZSUzRCUyMnN1YnNjcmlwdGlvbiUyMiUzRSUwQSUyMCUyMCUyMCUyMCUyMCUyMCUyMCUyMCUzQ2RpdiUyMHN0eWxlJTNEJTIycGFkZGluZyUzQSUyMDhweCUyMDAlM0IlMjIlM0UlMEElMjAlMjAlMjAlMjAlMjAlMjAlMjAlMjAlMjAlMjAlM0NkaXYlMjBjbGFzcyUzRCUyMnNpYi1pbnB1dCUyMHNpYi1mb3JtLWJsb2NrJTIyJTNFJTBBJTIwJTIwJTIwJTIwJTIwJTIwJTIwJTIwJTIwJTIwJTIwJTIwJTNDZGl2JTIwY2xhc3MlM0QlMjJmb3JtX19lbnRyeSUyMGVudHJ5X2Jsb2NrJTIyJTNFJTBBJTIwJTIwJTIwJTIwJTIwJTIwJTIwJTIwJTIwJTIwJTIwJTIwJTIwJTIwJTNDZGl2JTIwY2xhc3MlM0QlMjJmb3JtX19sYWJlbC1yb3clMjAlMjIlM0UlMEElMjAlMjAlMjAlMjAlMjAlMjAlMjAlMjAlMjAlMjAlMjAlMjAlMjAlMjAlMjAlMjAlM0NsYWJlbCUyMGNsYXNzJTNEJTIyZW50cnlfX2xhYmVsJTIyJTIwc3R5bGUlM0QlMjJmb250LXdlaWdodCUzQSUyMDcwMCUzQiUyMGZvbnQtc2l6ZSUzQTE4cHglM0IlMjB0ZXh0LWFsaWduJTNBY2VudGVyJTNCJTIwZm9udC13ZWlnaHQlM0E3MDAlM0IlMjBmb250LWZhbWlseSUzQSUyNnF1b3QlM0JIZWx2ZXRpY2ElMjZxdW90JTNCJTJDJTIwc2Fucy1zZXJpZiUzQiUyMGNvbG9yJTNBJTIzM2M0ODU4JTNCJTIyJTIwZm9yJTNEJTIyRU1BSUwlMjIlMjBkYXRhLXJlcXVpcmVkJTNEJTIyJTJBJTIyJTNFJTBBJTIwJTIwJTIwJTIwJTIwJTIwJTIwJTIwJTIwJTIwJTIwJTIwJTIwJTIwJTIwJTIwJTIwJTIwSW5zY3JldmEtc2UlMjBwYXJhJTIwcmVjZWJlciUyMG5vdCVDMyVBRGNpYXMlMjBlJTIwZXZlbnRvcyUyMGRhJTIwSWx1bSUyMEVzY29sYSUyMGRlJTIwQ2klQzMlQUFuY2lhJTBBJTIwJTIwJTIwJTIwJTIwJTIwJTIwJTIwJTIwJTIwJTIwJTIwJTIwJTIwJTIwJTIwJTNDJTJGbGFiZWwlM0UlMEElMEElMjAlMjAlMjAlMjAlMjAlMjAlMjAlMjAlMjAlMjAlMjAlMjAlMjAlMjAlMjAlMjAlM0NkaXYlMjBjbGFzcyUzRCUyMmVudHJ5X19maWVsZCUyMiUzRSUwQSUyMCUyMCUyMCUyMCUyMCUyMCUyMCUyMCUyMCUyMCUyMCUyMCUyMCUyMCUyMCUyMCUyMCUyMCUzQ2lucHV0JTIwY2xhc3MlM0QlMjJpbnB1dCUyMiUyMHR5cGUlM0QlMjJ0ZXh0JTIyJTIwaWQlM0QlMjJFTUFJTCUyMiUyMG5hbWUlM0QlMjJFTUFJTCUyMiUyMGF1dG9jb21wbGV0ZSUzRCUyMm9mZiUyMiUyMHBsYWNlaG9sZGVyJTNEJTIyRU1BSUwlMjIlMjBkYXRhLXJlcXVpcmVkJTNEJTIydHJ1ZSUyMiUyMHJlcXVpcmVkJTIwJTJGJTNFJTBBJTIwJTIwJTIwJTIwJTIwJTIwJTIwJTIwJTIwJTIwJTIwJTIwJTIwJTIwJTIwJTIwJTNDJTJGZGl2JTNFJTBBJTIwJTIwJTIwJTIwJTIwJTIwJTIwJTIwJTIwJTIwJTIwJTIwJTIwJTIwJTNDJTJGZGl2JTNFJTBBJTBBJTIwJTIwJTIwJTIwJTIwJTIwJTIwJTIwJTIwJTIwJTIwJTIwJTIwJTIwJTNDbGFiZWwlMjBjbGFzcyUzRCUyMmVudHJ5X19lcnJvciUyMGVudHJ5X19lcnJvci0tcHJpbWFyeSUyMiUyMHN0eWxlJTNEJTIyZm9udC1zaXplJTNBMTZweCUzQiUyMHRleHQtYWxpZ24lM0FsZWZ0JTNCJTIwZm9udC1mYW1pbHklM0ElMjZxdW90JTNCSGVsdmV0aWNhJTI2cXVvdCUzQiUyQyUyMHNhbnMtc2VyaWYlM0IlMjBjb2xvciUzQSUyMzY2MWQxZCUzQiUyMGJhY2tncm91bmQtY29sb3IlM0ElMjNmZmVkZWQlM0IlMjBib3JkZXItcmFkaXVzJTNBM3B4JTNCJTIwYm9yZGVyLWNvbG9yJTNBJTIzZmY0OTQ5JTNCJTIyJTNFJTBBJTIwJTIwJTIwJTIwJTIwJTIwJTIwJTIwJTIwJTIwJTIwJTIwJTIwJTIwJTNDJTJGbGFiZWwlM0UlMEElMjAlMjAlMjAlMjAlMjAlMjAlMjAlMjAlMjAlMjAlMjAlMjAlM0MlMkZkaXYlM0UlMEElMjAlMjAlMjAlMjAlMjAlMjAlMjAlMjAlMjAlMjAlM0MlMkZkaXYlM0UlMEElMjAlMjAlMjAlMjAlMjAlMjAlMjAlMjAlM0MlMkZkaXYlM0UlMEElMjAlMjAlMjAlMjAlMjAlMjAlMjAlMjAlM0NkaXYlMjBzdHlsZSUzRCUyMnBhZGRpbmclM0ElMjA4cHglMjAwJTNCJTIyJTNFJTBBJTIwJTIwJTIwJTIwJTIwJTIwJTIwJTIwJTIwJTIwJTNDZGl2JTIwY2xhc3MlM0QlMjJzaWItZm9ybS1ibG9jayUyMiUyMHN0eWxlJTNEJTIyZm9udC1zaXplJTNBMTZweCUzQiUyMHRleHQtYWxpZ24lM0FjZW50ZXIlM0IlMjBmb250LXN0eWxlJTNBaXRhbGljJTNCJTIwZm9udC1mYW1pbHklM0ElMjZxdW90JTNCSGVsdmV0aWNhJTI2cXVvdCUzQiUyQyUyMHNhbnMtc2VyaWYlM0IlMjBjb2xvciUzQSUyMzNDNDg1OCUzQiUyMGJhY2tncm91bmQtY29sb3IlM0F0cmFuc3BhcmVudCUzQiUyMiUzRSUwQSUyMCUyMCUyMCUyMCUyMCUyMCUyMCUyMCUyMCUyMCUyMCUyMCUzQ2RpdiUyMGNsYXNzJTNEJTIyc2liLXRleHQtZm9ybS1ibG9jayUyMiUzRSUwQSUyMCUyMCUyMCUyMCUyMCUyMCUyMCUyMCUyMCUyMCUyMCUyMCUyMCUyMCUzQ3AlM0VTaWduJTIwaW4lMjB0byUyMHJlY2VpdmUlMjBuZXdzJTIwYW5kJTIwZXZlbnRzJTIwZnJvbSUyMElsdW0lMjBTY2hvb2wlMjBvZiUyMFNjaWVuY2UlM0MlMkZwJTNFJTBBJTIwJTIwJTIwJTIwJTIwJTIwJTIwJTIwJTIwJTIwJTIwJTIwJTNDJTJGZGl2JTNFJTBBJTIwJTIwJTIwJTIwJTIwJTIwJTIwJTIwJTIwJTIwJTNDJTJGZGl2JTNFJTBBJTIwJTIwJTIwJTIwJTIwJTIwJTIwJTIwJTNDJTJGZGl2JTNFJTBBJTIwJTIwJTIwJTIwJTIwJTIwJTIwJTIwJTNDZGl2JTIwc3R5bGUlM0QlMjJwYWRkaW5nJTNBJTIwOHB4JTIwMCUzQiUyMiUzRSUwQSUyMCUyMCUyMCUyMCUyMCUyMCUyMCUyMCUyMCUyMCUzQ2RpdiUyMGNsYXNzJTNEJTIyc2liLWNoZWNrYm94LWdyb3VwJTIwc2liLWZvcm0tYmxvY2slMjIlM0UlMEElMjAlMjAlMjAlMjAlMjAlMjAlMjAlMjAlMjAlMjAlMjAlMjAlM0NkaXYlMjBjbGFzcyUzRCUyMmZvcm1fX2VudHJ5JTIwZW50cnlfbWNxJTIyJTNFJTBBJTIwJTIwJTIwJTIwJTIwJTIwJTIwJTIwJTIwJTIwJTIwJTIwJTIwJTIwJTNDZGl2JTIwY2xhc3MlM0QlMjJmb3JtX19sYWJlbC1yb3clMjAlMjIlM0UlMEElMjAlMjAlMjAlMjAlMjAlMjAlMjAlMjAlMjAlMjAlMjAlMjAlMjAlMjAlMjAlMjAlM0NkaXYlM0UlMEElMjAlMjAlMjAlMjAlMjAlMjAlMjAlMjAlMjAlMjAlMjAlMjAlMjAlMjAlMjAlMjAlMjAlMjAlM0NkaXYlMjBjbGFzcyUzRCUyMmVudHJ5X19jaG9pY2UlMjIlM0UlMEElMjAlMjAlMjAlMjAlMjAlMjAlMjAlMjAlMjAlMjAlMjAlMjAlMjAlMjAlMjAlMjAlMjAlMjAlMjAlMjAlM0NsYWJlbCUyMGNsYXNzJTNEJTIyY2hlY2tib3hfX2xhYmVsJTIyJTNFJTBBJTIwJTIwJTIwJTIwJTIwJTIwJTIwJTIwJTIwJTIwJTIwJTIwJTIwJTIwJTIwJTIwJTIwJTIwJTIwJTIwJTIwJTIwJTNDaW5wdXQlMjB0eXBlJTNEJTIyY2hlY2tib3glMjIlMjBjbGFzcyUzRCUyMmlucHV0X3JlcGxhY2VkJTIyJTIwbmFtZSUzRCUyMmxpc3RzXzI1JTVCJTVEJTIyJTIwZGF0YS12YWx1ZSUzRCUyMlRhbWIlQzMlQTltJTIwZ29zdGFyaWElMjBkZSUyMHJlY2ViZXIlMjBvdXRyYXMlMjBub3QlQzMlQURjaWFzJTIwZG8lMjBDTlBFTSUyMGUlMjBkZSUyMHNldXMlMjBMYWJvcmF0JUMzJUIzcmlvcyUyME5hY2lvbmFpcyUyMiUyMHZhbHVlJTNEJTIyMzIlMjIlMjAlMkYlM0UlMEElMjAlMjAlMjAlMjAlMjAlMjAlMjAlMjAlMjAlMjAlMjAlMjAlMjAlMjAlMjAlMjAlMjAlMjAlMjAlMjAlMjAlMjAlM0NzcGFuJTIwY2xhc3MlM0QlMjJjaGVja2JveCUyMGNoZWNrYm94X3RpY2tfcG9zaXRpdmUlMjIlM0UlM0MlMkZzcGFuJTNFJTNDc3BhbiUyMHN0eWxlJTNEJTIyZm9udC1zaXplJTNBMTZweCUzQiUyMHRleHQtYWxpZ24lM0FsZWZ0JTNCJTIwZm9udC1mYW1pbHklM0ElMjZxdW90JTNCSGVsdmV0aWNhJTI2cXVvdCUzQiUyQyUyMHNhbnMtc2VyaWYlM0IlMjBjb2xvciUzQSUyMzNDNDg1OCUzQiUyMGJhY2tncm91bmQtY29sb3IlM0F0cmFuc3BhcmVudCUzQiUyMiUzRVRhbWIlQzMlQTltJTIwZ29zdGFyaWElMjBkZSUyMHJlY2ViZXIlMjBvdXRyYXMlMjBub3QlQzMlQURjaWFzJTIwZG8lMjBDTlBFTSUyMGUlMjBkZSUyMHNldXMlMjBMYWJvcmF0JUMzJUIzcmlvcyUyME5hY2lvbmFpcyUzQyUyRnNwYW4lM0UlMjAlM0MlMkZsYWJlbCUzRSUwQSUyMCUyMCUyMCUyMCUyMCUyMCUyMCUyMCUyMCUyMCUyMCUyMCUyMCUyMCUyMCUyMCUyMCUyMCUzQyUyRmRpdiUzRSUwQSUyMCUyMCUyMCUyMCUyMCUyMCUyMCUyMCUyMCUyMCUyMCUyMCUyMCUyMCUyMCUyMCUzQyUyRmRpdiUzRSUwQSUyMCUyMCUyMCUyMCUyMCUyMCUyMCUyMCUyMCUyMCUyMCUyMCUyMCUyMCUzQyUyRmRpdiUzRSUwQSUyMCUyMCUyMCUyMCUyMCUyMCUyMCUyMCUyMCUyMCUyMCUyMCUyMCUyMCUzQ2xhYmVsJTIwY2xhc3MlM0QlMjJlbnRyeV9fZXJyb3IlMjBlbnRyeV9fZXJyb3ItLXByaW1hcnklMjIlMjBzdHlsZSUzRCUyMmZvbnQtc2l6ZSUzQTE2cHglM0IlMjB0ZXh0LWFsaWduJTNBbGVmdCUzQiUyMGZvbnQtZmFtaWx5JTNBJTI2cXVvdCUzQkhlbHZldGljYSUyNnF1b3QlM0IlMkMlMjBzYW5zLXNlcmlmJTNCJTIwY29sb3IlM0ElMjM2NjFkMWQlM0IlMjBiYWNrZ3JvdW5kLWNvbG9yJTNBJTIzZmZlZGVkJTNCJTIwYm9yZGVyLXJhZGl1cyUzQTNweCUzQiUyMGJvcmRlci1jb2xvciUzQSUyM2ZmNDk0OSUzQiUyMiUzRSUwQSUyMCUyMCUyMCUyMCUyMCUyMCUyMCUyMCUyMCUyMCUyMCUyMCUyMCUyMCUzQyUyRmxhYmVsJTNFJTBBJTIwJTIwJTIwJTIwJTIwJTIwJTIwJTIwJTIwJTIwJTIwJTIwJTNDJTJGZGl2JTNFJTBBJTIwJTIwJTIwJTIwJTIwJTIwJTIwJTIwJTIwJTIwJTNDJTJGZGl2JTNFJTBBJTIwJTIwJTIwJTIwJTIwJTIwJTIwJTIwJTNDJTJGZGl2JTNFJTBBJTIwJTIwJTIwJTIwJTIwJTIwJTIwJTIwJTNDZGl2JTIwc3R5bGUlM0QlMjJwYWRkaW5nJTNBJTIwOHB4JTIwMCUzQiUyMiUzRSUwQSUyMCUyMCUyMCUyMCUyMCUyMCUyMCUyMCUyMCUyMCUzQ2RpdiUyMGNsYXNzJTNEJTIyc2liLWZvcm0tYmxvY2slMjIlMjBzdHlsZSUzRCUyMmZvbnQtc2l6ZSUzQTE2cHglM0IlMjB0ZXh0LWFsaWduJTNBY2VudGVyJTNCJTIwZm9udC1zdHlsZSUzQWl0YWxpYyUzQiUyMGZvbnQtZmFtaWx5JTNBJTI2cXVvdCUzQkhlbHZldGljYSUyNnF1b3QlM0IlMkMlMjBzYW5zLXNlcmlmJTNCJTIwY29sb3IlM0ElMjMzQzQ4NTglM0IlMjBiYWNrZ3JvdW5kLWNvbG9yJTNBdHJhbnNwYXJlbnQlM0IlMjIlM0UlMEElMjAlMjAlMjAlMjAlMjAlMjAlMjAlMjAlMjAlMjAlMjAlMjAlM0NkaXYlMjBjbGFzcyUzRCUyMnNpYi10ZXh0LWZvcm0tYmxvY2slMjIlM0UlMEElMjAlMjAlMjAlMjAlMjAlMjAlMjAlMjAlMjAlMjAlMjAlMjAlMjAlMjAlM0NwJTNFSSUyMHdvdWxkJTIwYWxzbyUyMGxpa2UlMjB0byUyMHJlY2VpdmUlMjBvdGhlciUyMG5ld3MlMjBmcm9tJTIwQ05QRU0lMjBhbmQlMjBpdHMlMjBOYXRpb25hbCUyMExhYm9yYXRvcmllcyUzQyUyRnAlM0UlMEElMjAlMjAlMjAlMjAlMjAlMjAlMjAlMjAlMjAlMjAlMjAlMjAlM0MlMkZkaXYlM0UlMEElMjAlMjAlMjAlMjAlMjAlMjAlMjAlMjAlMjAlMjAlM0MlMkZkaXYlM0UlMEElMjAlMjAlMjAlMjAlMjAlMjAlMjAlMjAlM0MlMkZkaXYlM0UlMEElMjAlMjAlMjAlMjAlMjAlMjAlMjAlMjAlM0NkaXYlMjBzdHlsZSUzRCUyMnBhZGRpbmclM0ElMjA4cHglMjAwJTNCJTIyJTNFJTBBJTIwJTIwJTIwJTIwJTIwJTIwJTIwJTIwJTIwJTIwJTNDZGl2JTIwY2xhc3MlM0QlMjJzaWItZm9ybS1ibG9jayUyMiUyMHN0eWxlJTNEJTIydGV4dC1hbGlnbiUzQSUyMGNlbnRlciUyMiUzRSUwQSUyMCUyMCUyMCUyMCUyMCUyMCUyMCUyMCUyMCUyMCUyMCUyMCUzQ2J1dHRvbiUyMGNsYXNzJTNEJTIyc2liLWZvcm0tYmxvY2tfX2J1dHRvbiUyMHNpYi1mb3JtLWJsb2NrX19idXR0b24td2l0aC1sb2FkZXIlMjIlMjBzdHlsZSUzRCUyMmZvbnQtc2l6ZSUzQTIwcHglM0IlMjB0ZXh0LWFsaWduJTNBY2VudGVyJTNCJTIwZm9udC13ZWlnaHQlM0E3MDAlM0IlMjBmb250LWZhbWlseSUzQSUyNnF1b3QlM0JIZWx2ZXRpY2ElMjZxdW90JTNCJTJDJTIwc2Fucy1zZXJpZiUzQiUyMGNvbG9yJTNBJTIzRkZGRkZGJTNCJTIwYmFja2dyb3VuZC1jb2xvciUzQSUyMzA2YzU4NyUzQiUyMGJvcmRlci13aWR0aCUzQTBweCUzQiUyMiUyMGZvcm0lM0QlMjJzaWItZm9ybSUyMiUyMHR5cGUlM0QlMjJzdWJtaXQlMjIlM0UlMEElMjAlMjAlMjAlMjAlMjAlMjAlMjAlMjAlMjAlMjAlMjAlMjAlMjAlMjAlM0NzdmclMjBjbGFzcyUzRCUyMmljb24lMjBjbGlja2FibGVfX2ljb24lMjBwcm9ncmVzcy1pbmRpY2F0b3JfX2ljb24lMjBzaWItaGlkZS1sb2FkZXItaWNvbiUyMiUyMHZpZXdCb3glM0QlMjIwJTIwMCUyMDUxMiUyMDUxMiUyMiUzRSUwQSUyMCUyMCUyMCUyMCUyMCUyMCUyMCUyMCUyMCUyMCUyMCUyMCUyMCUyMCUyMCUyMCUzQ3BhdGglMjBkJTNEJTIyTTQ2MC4xMTYlMjAzNzMuODQ2bC0yMC44MjMtMTIuMDIyYy01LjU0MS0zLjE5OS03LjU0LTEwLjE1OS00LjY2My0xNS44NzQlMjAzMC4xMzctNTkuODg2JTIwMjguMzQzLTEzMS42NTItNS4zODYtMTg5Ljk0Ni0zMy42NDEtNTguMzk0LTk0Ljg5Ni05NS44MzMtMTYxLjgyNy05OS42NzZDMjYxLjAyOCUyMDU1Ljk2MSUyMDI1NiUyMDUwLjc1MSUyMDI1NiUyMDQ0LjM1MlYyMC4zMDljMC02LjkwNCUyMDUuODA4LTEyLjMzNyUyMDEyLjcwMy0xMS45ODIlMjA4My41NTYlMjA0LjMwNiUyMDE2MC4xNjMlMjA1MC44NjQlMjAyMDIuMTElMjAxMjMuNjc3JTIwNDIuMDYzJTIwNzIuNjk2JTIwNDQuMDc5JTIwMTYyLjMxNiUyMDYuMDMxJTIwMjM2LjgzMi0zLjE0JTIwNi4xNDgtMTAuNzUlMjA4LjQ2MS0xNi43MjglMjA1LjAxeiUyMiUyMCUyRiUzRSUwQSUyMCUyMCUyMCUyMCUyMCUyMCUyMCUyMCUyMCUyMCUyMCUyMCUyMCUyMCUzQyUyRnN2ZyUzRSUwQSUyMCUyMCUyMCUyMCUyMCUyMCUyMCUyMCUyMCUyMCUyMCUyMCUyMCUyMElOU0NSRVZBLVNFJTIwJTI4U1VCU0NSSUJFJTI5JTBBJTIwJTIwJTIwJTIwJTIwJTIwJTIwJTIwJTIwJTIwJTIwJTIwJTNDJTJGYnV0dG9uJTNFJTBBJTIwJTIwJTIwJTIwJTIwJTIwJTIwJTIwJTIwJTIwJTNDJTJGZGl2JTNFJTBBJTIwJTIwJTIwJTIwJTIwJTIwJTIwJTIwJTNDJTJGZGl2JTNFJTBBJTBBJTIwJTIwJTIwJTIwJTIwJTIwJTIwJTIwJTNDaW5wdXQlMjB0eXBlJTNEJTIydGV4dCUyMiUyMG5hbWUlM0QlMjJlbWFpbF9hZGRyZXNzX2NoZWNrJTIyJTIwdmFsdWUlM0QlMjIlMjIlMjBjbGFzcyUzRCUyMmlucHV0LS1oaWRkZW4lMjIlM0UlMEElMjAlMjAlMjAlMjAlMjAlMjAlMjAlMjAlM0NpbnB1dCUyMHR5cGUlM0QlMjJoaWRkZW4lMjIlMjBuYW1lJTNEJTIybG9jYWxlJTIyJTIwdmFsdWUlM0QlMjJwdCUyMiUzRSUwQSUyMCUyMCUyMCUyMCUyMCUyMCUzQyUyRmZvcm0lM0UlMEElMjAlMjAlMjAlMjAlM0MlMkZkaXYlM0UlMEElMjAlMjAlM0MlMkZkaXYlM0UlMEElM0MlMkZkaXYlM0UlMEElM0MlMjEtLSUyMEVORCUyMC0lMjBXZSUyMHJlY29tbWVuZCUyMHRvJTIwcGxhY2UlMjB0aGUlMjBiZWxvdyUyMGNvZGUlMjB3aGVyZSUyMHlvdSUyMHdhbnQlMjB0aGUlMjBmb3JtJTIwaW4lMjB5b3VyJTIwd2Vic2l0ZSUyMGh0bWwlMjAlMjAtLSUzRSUwQSUwQSUzQyUyMS0tJTIwU1RBUlQlMjAtJTIwV2UlMjByZWNvbW1lbmQlMjB0byUyMHBsYWNlJTIwdGhlJTIwYmVsb3clMjBjb2RlJTIwaW4lMjBmb290ZXIlMjBvciUyMGJvdHRvbSUyMG9mJTIweW91ciUyMHdlYnNpdGUlMjBodG1sJTIwJTIwLS0lM0UlMEElM0NzY3JpcHQlM0UlMEElMjAlMjB3aW5kb3cuUkVRVUlSRURfQ09ERV9FUlJPUl9NRVNTQUdFJTIwJTNEJTIwJTI3RXNjb2xoYSUyMHVtJTIwYyVDMyVCM2RpZ28lMjBkZSUyMHBhJUMzJUFEcyUyNyUzQiUwQSUyMCUyMHdpbmRvdy5MT0NBTEUlMjAlM0QlMjAlMjdwdCUyNyUzQiUwQSUyMCUyMHdpbmRvdy5FTUFJTF9JTlZBTElEX01FU1NBR0UlMjAlM0QlMjB3aW5kb3cuU01TX0lOVkFMSURfTUVTU0FHRSUyMCUzRCUyMCUyMkElMjBpbmZvcm1hJUMzJUE3JUMzJUEzbyUyMGZvcm5lY2lkYSUyMG4lQzMlQTNvJTIwJUMzJUE5JTIwdmFsaWRhLiUyMFZlcmlmaXF1ZSUyMG8lMjBmb3JtYXRvJTIwZG8lMjBjYW1wbyUyMGUlMjB0ZW50ZSUyMG5vdmFtZW50ZS4lMjIlM0IlMEElMEElMjAlMjB3aW5kb3cuUkVRVUlSRURfRVJST1JfTUVTU0FHRSUyMCUzRCUyMCUyMkVzdGUlMjBjYW1wbyUyMG4lQzMlQTNvJTIwcG9kZSUyMHNlciUyMGRlaXhhZG8lMjBlbSUyMGJyYW5jby4lMjAlMjIlM0IlMEElMEElMjAlMjB3aW5kb3cuR0VORVJJQ19JTlZBTElEX01FU1NBR0UlMjAlM0QlMjAlMjJBJTIwaW5mb3JtYSVDMyVBNyVDMyVBM28lMjBmb3JuZWNpZGElMjBuJUMzJUEzbyUyMCVDMyVBOSUyMHZhbGlkYS4lMjBWZXJpZmlxdWUlMjBvJTIwZm9ybWF0byUyMGRvJTIwY2FtcG8lMjBlJTIwdGVudGUlMjBub3ZhbWVudGUuJTIyJTNCJTBBJTBBJTBBJTBBJTIwJTIwd2luZG93LlJFUVVJUkVEX01VTFRJU0VMRUNUX01FU1NBR0UlMjAlM0QlMjAlMjdTZWxlY2lvbmUlMjBwZWxvJTIwbWVub3MlMjAxJTIwb3AlQzMlQTclQzMlQTNvJTI3JTNCJTBBJTBBJTIwJTIwd2luZG93LnRyYW5zbGF0aW9uJTIwJTNEJTIwJTdCJTBBJTIwJTIwJTIwJTIwY29tbW9uJTNBJTIwJTdCJTBBJTIwJTIwJTIwJTIwJTIwJTIwc2VsZWN0ZWRMaXN0JTNBJTIwJTI3JTdCcXVhbnRpdHklN0QlMjBsaXN0YSUyMHNlbGVjaW9uYWRhJTI3JTJDJTBBJTIwJTIwJTIwJTIwJTIwJTIwc2VsZWN0ZWRMaXN0cyUzQSUyMCUyNyU3QnF1YW50aXR5JTdEJTIwbGlzdGFzJTIwc2VsZWNpb25hZGFzJTI3JTBBJTIwJTIwJTIwJTIwJTdEJTBBJTIwJTIwJTdEJTNCJTBBJTBBJTIwJTIwdmFyJTIwQVVUT0hJREUlMjAlM0QlMjBCb29sZWFuJTI4MCUyOSUzQiUwQSUzQyUyRnNjcmlwdCUzRSUwQSUzQ3NjcmlwdCUyMHNyYyUzRCUyMmh0dHBzJTNBJTJGJTJGc2liZm9ybXMuY29tJTJGZm9ybXMlMkZlbmQtZm9ybSUyRmJ1aWxkJTJGbWFpbi5qcyUyMiUzRSUzQyUyRnNjcmlwdCUzRSUwQSUwQSUwQSUzQyUyMS0tJTIwRU5EJTIwLSUyMFdlJTIwcmVjb21tZW5kJTIwdG8lMjBwbGFjZSUyMHRoZSUyMGFib3ZlJTIwY29kZSUyMGluJTIwZm9vdGVyJTIwb3IlMjBib3R0b20lMjBvZiUyMHlvdXIlMjB3ZWJzaXRlJTIwaHRtbCUyMCUyMC0tJTNFJTBBJTNDJTIxLS0lMjBFbmQlMjBTZW5kaW5ibHVlJTIwRm9ybSUyMC0tJTNF[\/vc_raw_html][\/vc_column][\/vc_row]<\/p>\n<\/div>","protected":false},"excerpt":{"rendered":"<p>[vc_row][vc_column width=&#8221;2\/3&#8243;][vc_custom_heading text=&#8221;Encontro Ilum de Educa\u00e7\u00e3o, Ci\u00eancia e Tecnologia&#8221; use_theme_fonts=&#8221;yes&#8221;][vc_column_text] Promovido pela Ilum Escola de Ci\u00eancia, o evento re\u00fane a comunidade cient\u00edfica e acad\u00eamica que atua na forma\u00e7\u00e3o do ensino m\u00e9dio e superior, com o objetivo de consolidar um debate acad\u00eamico na Ilum ao proporcionar os necess\u00e1rios di\u00e1logos entre ci\u00eancia e educa\u00e7\u00e3o a partir da&hellip;<\/p>\n","protected":false},"author":3407,"featured_media":0,"parent":0,"menu_order":0,"comment_status":"closed","ping_status":"closed","template":"","meta":{"footnotes":""},"class_list":["post-6","page","type-page","status-publish","hentry","description-off"],"_links":{"self":[{"href":"https:\/\/pages.cnpem.br\/encontroeducacao\/wp-json\/wp\/v2\/pages\/6","targetHints":{"allow":["GET"]}}],"collection":[{"href":"https:\/\/pages.cnpem.br\/encontroeducacao\/wp-json\/wp\/v2\/pages"}],"about":[{"href":"https:\/\/pages.cnpem.br\/encontroeducacao\/wp-json\/wp\/v2\/types\/page"}],"author":[{"embeddable":true,"href":"https:\/\/pages.cnpem.br\/encontroeducacao\/wp-json\/wp\/v2\/users\/3407"}],"replies":[{"embeddable":true,"href":"https:\/\/pages.cnpem.br\/encontroeducacao\/wp-json\/wp\/v2\/comments?post=6"}],"version-history":[{"count":0,"href":"https:\/\/pages.cnpem.br\/encontroeducacao\/wp-json\/wp\/v2\/pages\/6\/revisions"}],"wp:attachment":[{"href":"https:\/\/pages.cnpem.br\/encontroeducacao\/wp-json\/wp\/v2\/media?parent=6"}],"curies":[{"name":"wp","href":"https:\/\/api.w.org\/{rel}","templated":true}]}}