{"id":1554,"date":"2019-11-18T11:04:20","date_gmt":"2019-11-18T14:04:20","guid":{"rendered":"https:\/\/pages.cnpem.br\/espem\/?page_id=1554"},"modified":"2025-10-20T15:36:02","modified_gmt":"2025-10-20T18:36:02","slug":"selecionados","status":"publish","type":"page","link":"https:\/\/pages.cnpem.br\/espem\/selecionados\/","title":{"rendered":"Selecionados"},"content":{"rendered":"<div class=\"wpb-content-wrapper\"><p>[vc_row][vc_column width=&#8221;1\/6&#8243;][\/vc_column][vc_column width=&#8221;2\/3&#8243;][vc_column_text css=&#8221;&#8221;]<\/p>\n<blockquote>\n<p style=\"text-align: center\"><strong>LISTA DE SELECIONADOS 2026<\/strong><\/p>\n<\/blockquote>\n<p>[\/vc_column_text][\/vc_column][vc_column width=&#8221;1\/6&#8243;][\/vc_column][\/vc_row][vc_row][vc_column width=&#8221;1\/6&#8243;][\/vc_column][vc_column width=&#8221;2\/3&#8243;][vc_column_text css=&#8221;&#8221;]Confira abaixo a lista de professores selecionados para participa\u00e7\u00e3o na ESPEM 2026. Os selecionados devem verificar sua caixa de e-mail, incluindo a caixa de spam, pois mensagens com instru\u00e7\u00f5es ser\u00e3o enviadas por esse canal.[\/vc_column_text][vc_column_text css=&#8221;&#8221;]<\/p>\n<table class=\"w-fit min-w-(--thread-content-width)\" style=\"width: 100.386%\" data-start=\"128\" data-end=\"2363\">\n<thead data-start=\"128\" data-end=\"154\">\n<tr data-start=\"128\" data-end=\"154\">\n<th style=\"width: 71.5881%;text-align: left\" data-start=\"128\" data-end=\"144\" data-col-size=\"md\">Nome Completo<\/th>\n<th style=\"width: 263.732%;text-align: left\" data-start=\"144\" data-end=\"154\" data-col-size=\"sm\">Estado<\/th>\n<\/tr>\n<\/thead>\n<tbody data-start=\"184\" data-end=\"2363\">\n<tr data-start=\"184\" data-end=\"216\">\n<td style=\"width: 71.5881%\" data-start=\"184\" data-end=\"210\" data-col-size=\"md\">Almir Da Silva Patricio<\/td>\n<td style=\"width: 263.732%\" data-col-size=\"sm\" data-start=\"210\" data-end=\"216\">RJ<\/td>\n<\/tr>\n<tr data-start=\"217\" data-end=\"255\">\n<td style=\"width: 71.5881%\" data-start=\"217\" data-end=\"249\" data-col-size=\"md\">Ana Carolina Oliveira Guilhen<\/td>\n<td style=\"width: 263.732%\" data-col-size=\"sm\" data-start=\"249\" data-end=\"255\">PR<\/td>\n<\/tr>\n<tr data-start=\"256\" data-end=\"301\">\n<td style=\"width: 71.5881%\" data-start=\"256\" data-end=\"295\" data-col-size=\"md\">Ana Lourdes Burgos Cavalcante Maciel<\/td>\n<td style=\"width: 263.732%\" data-col-size=\"sm\" data-start=\"295\" data-end=\"301\">PE<\/td>\n<\/tr>\n<tr data-start=\"302\" data-end=\"340\">\n<td style=\"width: 71.5881%\" data-start=\"302\" data-end=\"334\" data-col-size=\"md\">Ana Maria De Oliveira Serafim<\/td>\n<td style=\"width: 263.732%\" data-col-size=\"sm\" data-start=\"334\" data-end=\"340\">PB<\/td>\n<\/tr>\n<tr data-start=\"341\" data-end=\"365\">\n<td style=\"width: 71.5881%\" data-start=\"341\" data-end=\"359\" data-col-size=\"md\">Andreia Toniato<\/td>\n<td style=\"width: 263.732%\" data-col-size=\"sm\" data-start=\"359\" data-end=\"365\">RO<\/td>\n<\/tr>\n<tr data-start=\"366\" data-end=\"401\">\n<td style=\"width: 71.5881%\" data-start=\"366\" data-end=\"395\" data-col-size=\"md\">Anfr\u00edsio Carvalho Da Rocha<\/td>\n<td style=\"width: 263.732%\" data-col-size=\"sm\" data-start=\"395\" data-end=\"401\">BA<\/td>\n<\/tr>\n<tr data-start=\"402\" data-end=\"432\">\n<td style=\"width: 71.5881%\" data-start=\"402\" data-end=\"426\" data-col-size=\"md\">Bruna De Ara\u00fajo Costa<\/td>\n<td style=\"width: 263.732%\" data-col-size=\"sm\" data-start=\"426\" data-end=\"432\">GO<\/td>\n<\/tr>\n<tr data-start=\"433\" data-end=\"462\">\n<td style=\"width: 71.5881%\" data-start=\"433\" data-end=\"456\" data-col-size=\"md\">Bruno Nunes Nogueira<\/td>\n<td style=\"width: 263.732%\" data-col-size=\"sm\" data-start=\"456\" data-end=\"462\">BA<\/td>\n<\/tr>\n<tr data-start=\"463\" data-end=\"499\">\n<td style=\"width: 71.5881%\" data-start=\"463\" data-end=\"493\" data-col-size=\"md\">Camila Maria Moreira Miguel<\/td>\n<td style=\"width: 263.732%\" data-col-size=\"sm\" data-start=\"493\" data-end=\"499\">CE<\/td>\n<\/tr>\n<tr data-start=\"500\" data-end=\"532\">\n<td style=\"width: 71.5881%\" data-start=\"500\" data-end=\"526\" data-col-size=\"md\">Carine B Bonifacio Goes<\/td>\n<td style=\"width: 263.732%\" data-col-size=\"sm\" data-start=\"526\" data-end=\"532\">DF<\/td>\n<\/tr>\n<tr data-start=\"533\" data-end=\"565\">\n<td style=\"width: 71.5881%\" data-start=\"533\" data-end=\"559\" data-col-size=\"md\">Christier Rog\u00e9rio Gomes<\/td>\n<td style=\"width: 263.732%\" data-col-size=\"sm\" data-start=\"559\" data-end=\"565\">RN<\/td>\n<\/tr>\n<tr data-start=\"566\" data-end=\"598\">\n<td style=\"width: 71.5881%\" data-start=\"566\" data-end=\"592\" data-col-size=\"md\">Cl\u00f3vis Bianchini Junior<\/td>\n<td style=\"width: 263.732%\" data-col-size=\"sm\" data-start=\"592\" data-end=\"598\">TO<\/td>\n<\/tr>\n<tr data-start=\"599\" data-end=\"626\">\n<td style=\"width: 71.5881%\" data-start=\"599\" data-end=\"620\" data-col-size=\"md\">Daniel Farias Mega<\/td>\n<td style=\"width: 263.732%\" data-col-size=\"sm\" data-start=\"620\" data-end=\"626\">SC<\/td>\n<\/tr>\n<tr data-start=\"627\" data-end=\"663\">\n<td style=\"width: 71.5881%\" data-start=\"627\" data-end=\"657\" data-col-size=\"md\">Diego Batista Santos Calefi<\/td>\n<td style=\"width: 263.732%\" data-col-size=\"sm\" data-start=\"657\" data-end=\"663\">SE<\/td>\n<\/tr>\n<tr data-start=\"664\" data-end=\"695\">\n<td style=\"width: 71.5881%\" data-start=\"664\" data-end=\"689\" data-col-size=\"md\">Dilma Moura Dos Santos<\/td>\n<td style=\"width: 263.732%\" data-col-size=\"sm\" data-start=\"689\" data-end=\"695\">DF<\/td>\n<\/tr>\n<tr data-start=\"696\" data-end=\"725\">\n<td style=\"width: 71.5881%\" data-start=\"696\" data-end=\"719\" data-col-size=\"md\">Djanie Carla Kreusch<\/td>\n<td style=\"width: 263.732%\" data-col-size=\"sm\" data-start=\"719\" data-end=\"725\">SC<\/td>\n<\/tr>\n<tr data-start=\"726\" data-end=\"770\">\n<td style=\"width: 71.5881%\" data-start=\"726\" data-end=\"764\" data-col-size=\"md\">Edirsolange Gon\u00e7alves Do Nascimento<\/td>\n<td style=\"width: 263.732%\" data-col-size=\"sm\" data-start=\"764\" data-end=\"770\">MA<\/td>\n<\/tr>\n<tr data-start=\"771\" data-end=\"819\">\n<td style=\"width: 71.5881%\" data-start=\"771\" data-end=\"813\" data-col-size=\"md\">Evander dos Santos Sanches <strong>(2\u00aa chamada)<\/strong><\/td>\n<td style=\"width: 263.732%\" data-col-size=\"sm\" data-start=\"813\" data-end=\"819\">MS<\/td>\n<\/tr>\n<tr data-start=\"820\" data-end=\"870\">\n<td style=\"width: 71.5881%\" data-start=\"820\" data-end=\"864\" data-col-size=\"md\">Fabiana Aparecida da Fonseca<strong> (2\u00aa chamada)<\/strong><\/td>\n<td style=\"width: 263.732%\" data-col-size=\"sm\" data-start=\"864\" data-end=\"870\">MG<\/td>\n<\/tr>\n<tr data-start=\"871\" data-end=\"911\">\n<td style=\"width: 71.5881%\" data-start=\"871\" data-end=\"905\" data-col-size=\"md\">Fellipe Freire Santos De Farias<\/td>\n<td style=\"width: 263.732%\" data-col-size=\"sm\" data-start=\"905\" data-end=\"911\">RS<\/td>\n<\/tr>\n<tr data-start=\"912\" data-end=\"943\">\n<td style=\"width: 71.5881%\" data-start=\"912\" data-end=\"937\" data-col-size=\"md\">Francisca Tercia Silva<\/td>\n<td style=\"width: 263.732%\" data-col-size=\"sm\" data-start=\"937\" data-end=\"943\">RN<\/td>\n<\/tr>\n<tr data-start=\"944\" data-end=\"981\">\n<td style=\"width: 71.5881%\" data-start=\"944\" data-end=\"975\" data-col-size=\"md\">Gesika Deva De Ara\u00fajo Matias<\/td>\n<td style=\"width: 263.732%\" data-col-size=\"sm\" data-start=\"975\" data-end=\"981\">AL<\/td>\n<\/tr>\n<tr data-start=\"982\" data-end=\"1013\">\n<td style=\"width: 71.5881%\" data-start=\"982\" data-end=\"1007\" data-col-size=\"md\">Givaldo Souza da Silva<\/td>\n<td style=\"width: 263.732%\" data-col-size=\"sm\" data-start=\"1007\" data-end=\"1013\">AC<\/td>\n<\/tr>\n<tr data-start=\"1014\" data-end=\"1048\">\n<td style=\"width: 71.5881%\" data-start=\"1014\" data-end=\"1042\" data-col-size=\"md\">Guilherme Meireles Santos<\/td>\n<td style=\"width: 263.732%\" data-col-size=\"sm\" data-start=\"1042\" data-end=\"1048\">RR<\/td>\n<\/tr>\n<tr data-start=\"1049\" data-end=\"1087\">\n<td style=\"width: 71.5881%\" data-start=\"1049\" data-end=\"1081\" data-col-size=\"md\">Gustavo Adrian Desvars Ara\u00fajo<\/td>\n<td style=\"width: 263.732%\" data-col-size=\"sm\" data-start=\"1081\" data-end=\"1087\">GO<\/td>\n<\/tr>\n<tr data-start=\"1088\" data-end=\"1123\">\n<td style=\"width: 71.5881%\" data-start=\"1088\" data-end=\"1117\" data-col-size=\"md\">Ivanaldo Aparecido De Lima<\/td>\n<td style=\"width: 263.732%\" data-col-size=\"sm\" data-start=\"1117\" data-end=\"1123\">SP<\/td>\n<\/tr>\n<tr data-start=\"1124\" data-end=\"1158\">\n<td style=\"width: 71.5881%\" data-start=\"1124\" data-end=\"1152\" data-col-size=\"md\">Izabella Rodrigues Franco<\/td>\n<td style=\"width: 263.732%\" data-col-size=\"sm\" data-start=\"1152\" data-end=\"1158\">MG<\/td>\n<\/tr>\n<tr data-start=\"1159\" data-end=\"1197\">\n<td style=\"width: 71.5881%\" data-start=\"1159\" data-end=\"1191\" data-col-size=\"md\">Jacquec\u00e9lia De Souza De Souza<\/td>\n<td style=\"width: 263.732%\" data-col-size=\"sm\" data-start=\"1191\" data-end=\"1197\">MS<\/td>\n<\/tr>\n<tr data-start=\"1198\" data-end=\"1230\">\n<td style=\"width: 71.5881%\" data-start=\"1198\" data-end=\"1224\" data-col-size=\"md\">Jacques Ten\u00f3rio Correia<\/td>\n<td style=\"width: 263.732%\" data-col-size=\"sm\" data-start=\"1224\" data-end=\"1230\">AL<\/td>\n<\/tr>\n<tr data-start=\"1231\" data-end=\"1263\">\n<td style=\"width: 71.5881%\" data-start=\"1231\" data-end=\"1257\" data-col-size=\"md\">Jarbas Narciso Oliveira<\/td>\n<td style=\"width: 263.732%\" data-col-size=\"sm\" data-start=\"1257\" data-end=\"1263\">RJ<\/td>\n<\/tr>\n<tr data-start=\"1264\" data-end=\"1295\">\n<td style=\"width: 71.5881%\" data-start=\"1264\" data-end=\"1289\" data-col-size=\"md\">J\u00e9ssica Rebou\u00e7as Silva<\/td>\n<td style=\"width: 263.732%\" data-col-size=\"sm\" data-start=\"1289\" data-end=\"1295\">BA<\/td>\n<\/tr>\n<tr data-start=\"1296\" data-end=\"1336\">\n<td style=\"width: 71.5881%\" data-start=\"1296\" data-end=\"1330\" data-col-size=\"md\">Jonas Vanderlan Passos Oliveira<\/td>\n<td style=\"width: 263.732%\" data-col-size=\"sm\" data-start=\"1330\" data-end=\"1336\">PI<\/td>\n<\/tr>\n<tr data-start=\"1337\" data-end=\"1377\">\n<td style=\"width: 71.5881%\" data-start=\"1337\" data-end=\"1371\" data-col-size=\"md\">Jorge Lucio Rodrigues Das Dores<\/td>\n<td style=\"width: 263.732%\" data-col-size=\"sm\" data-start=\"1371\" data-end=\"1377\">BA<\/td>\n<\/tr>\n<tr data-start=\"1378\" data-end=\"1421\">\n<td style=\"width: 71.5881%\" data-start=\"1378\" data-end=\"1415\" data-col-size=\"md\">Juliana Da Silva Ribeiro De Castro<\/td>\n<td style=\"width: 263.732%\" data-col-size=\"sm\" data-start=\"1415\" data-end=\"1421\">PR<\/td>\n<\/tr>\n<tr data-start=\"1471\" data-end=\"1505\">\n<td style=\"width: 71.5881%\" data-start=\"1471\" data-end=\"1499\" data-col-size=\"md\">Karoline Gonzaga Oliveira<\/td>\n<td style=\"width: 263.732%\" data-col-size=\"sm\" data-start=\"1499\" data-end=\"1505\">ES<\/td>\n<\/tr>\n<tr>\n<td style=\"width: 71.5881%\"><span data-olk-copy-source=\"MessageBody\">Kelli Buss <strong>(3\u00aa chamada)<\/strong>\u00a0<\/span><\/td>\n<td style=\"width: 263.732%\">SC<\/td>\n<\/tr>\n<tr data-start=\"1506\" data-end=\"1532\">\n<td style=\"width: 71.5881%\" data-start=\"1506\" data-end=\"1526\" data-col-size=\"md\">Kelly Costa Alves<\/td>\n<td style=\"width: 263.732%\" data-col-size=\"sm\" data-start=\"1526\" data-end=\"1532\">PA<\/td>\n<\/tr>\n<tr data-start=\"1533\" data-end=\"1562\">\n<td style=\"width: 71.5881%\" data-start=\"1533\" data-end=\"1556\" data-col-size=\"md\">Larisse Costa Ara\u00fajo<\/td>\n<td style=\"width: 263.732%\" data-col-size=\"sm\" data-start=\"1556\" data-end=\"1562\">PI<\/td>\n<\/tr>\n<tr data-start=\"1563\" data-end=\"1597\">\n<td style=\"width: 71.5881%\" data-start=\"1563\" data-end=\"1591\" data-col-size=\"md\">Leonilda Nascimento Silva<\/td>\n<td style=\"width: 263.732%\" data-col-size=\"sm\" data-start=\"1591\" data-end=\"1597\">RR<\/td>\n<\/tr>\n<tr data-start=\"1598\" data-end=\"1629\">\n<td style=\"width: 71.5881%\" data-start=\"1598\" data-end=\"1623\" data-col-size=\"md\">Lucas Teixeira Pican\u00e7o<\/td>\n<td style=\"width: 263.732%\" data-col-size=\"sm\" data-start=\"1623\" data-end=\"1629\">AM<\/td>\n<\/tr>\n<tr data-start=\"1630\" data-end=\"1663\">\n<td style=\"width: 71.5881%\" data-start=\"1630\" data-end=\"1657\" data-col-size=\"md\">Luisa Brasil Viana Matta<\/td>\n<td style=\"width: 263.732%\" data-col-size=\"sm\" data-start=\"1657\" data-end=\"1663\">AM<\/td>\n<\/tr>\n<tr data-start=\"1664\" data-end=\"1707\">\n<td style=\"width: 71.5881%\" data-start=\"1664\" data-end=\"1701\" data-col-size=\"md\">Luiz Cunha de Miranda <strong>(2\u00aa chamada)<\/strong><\/td>\n<td style=\"width: 263.732%\" data-col-size=\"sm\" data-start=\"1701\" data-end=\"1707\">AP<\/td>\n<\/tr>\n<tr data-start=\"1708\" data-end=\"1745\">\n<td style=\"width: 71.5881%\" data-start=\"1708\" data-end=\"1739\" data-col-size=\"md\">Luiz Henrique Da Costa Souza<\/td>\n<td style=\"width: 263.732%\" data-col-size=\"sm\" data-start=\"1739\" data-end=\"1745\">CE<\/td>\n<\/tr>\n<tr data-start=\"1746\" data-end=\"1775\">\n<td style=\"width: 71.5881%\" data-start=\"1746\" data-end=\"1769\" data-col-size=\"md\">Lute Rafael De Souza<\/td>\n<td style=\"width: 263.732%\" data-col-size=\"sm\" data-start=\"1769\" data-end=\"1775\">MA<\/td>\n<\/tr>\n<tr data-start=\"1776\" data-end=\"1816\">\n<td style=\"width: 71.5881%\" data-start=\"1776\" data-end=\"1810\" data-col-size=\"md\">M\u00e1rcio Concei\u00e7\u00e3o Bessa De Sousa<\/td>\n<td style=\"width: 263.732%\" data-start=\"1810\" data-end=\"1816\" data-col-size=\"sm\">PA<\/td>\n<\/tr>\n<tr data-start=\"1817\" data-end=\"1851\">\n<td style=\"width: 71.5881%\" data-start=\"1817\" data-end=\"1845\" data-col-size=\"md\">Matheus De Souza Abrantes<\/td>\n<td style=\"width: 263.732%\" data-col-size=\"sm\" data-start=\"1845\" data-end=\"1851\">RJ<\/td>\n<\/tr>\n<tr data-start=\"1852\" data-end=\"1888\">\n<td style=\"width: 71.5881%\" data-start=\"1852\" data-end=\"1882\" data-col-size=\"md\">Nairy Rodrigues De Oliveira<\/td>\n<td style=\"width: 263.732%\" data-col-size=\"sm\" data-start=\"1882\" data-end=\"1888\">AC<\/td>\n<\/tr>\n<tr data-start=\"1889\" data-end=\"1930\">\n<td style=\"width: 71.5881%\" data-start=\"1889\" data-end=\"1924\" data-col-size=\"md\">Olivio Fernandes Nogueira Junior<\/td>\n<td style=\"width: 263.732%\" data-col-size=\"sm\" data-start=\"1924\" data-end=\"1930\">AP<\/td>\n<\/tr>\n<tr data-start=\"1931\" data-end=\"1964\">\n<td style=\"width: 71.5881%\" data-start=\"1931\" data-end=\"1958\" data-col-size=\"md\">Ortencia Da Paz Santiago<\/td>\n<td style=\"width: 263.732%\" data-col-size=\"sm\" data-start=\"1958\" data-end=\"1964\">SE<\/td>\n<\/tr>\n<tr data-start=\"1965\" data-end=\"1993\">\n<td style=\"width: 71.5881%\" data-start=\"1965\" data-end=\"1987\" data-col-size=\"md\">Paula Rolin Schmitz<\/td>\n<td style=\"width: 263.732%\" data-start=\"1987\" data-end=\"1993\" data-col-size=\"sm\">RS<\/td>\n<\/tr>\n<tr data-start=\"1994\" data-end=\"2032\">\n<td style=\"width: 71.5881%\" data-start=\"1994\" data-end=\"2026\" data-col-size=\"md\">Pedro Henrique Taufner Sillos<\/td>\n<td style=\"width: 263.732%\" data-col-size=\"sm\" data-start=\"2026\" data-end=\"2032\">ES<\/td>\n<\/tr>\n<tr data-start=\"2033\" data-end=\"2066\">\n<td style=\"width: 71.5881%\" data-start=\"2033\" data-end=\"2060\" data-col-size=\"md\">Priscila Da Matta Xavier<\/td>\n<td style=\"width: 263.732%\" data-col-size=\"sm\" data-start=\"2060\" data-end=\"2066\">SP<\/td>\n<\/tr>\n<tr data-start=\"2067\" data-end=\"2112\">\n<td style=\"width: 71.5881%\" data-start=\"2067\" data-end=\"2106\" data-col-size=\"md\">Rakel Rodrigues Da Silva Mazzuchelli<\/td>\n<td style=\"width: 263.732%\" data-col-size=\"sm\" data-start=\"2106\" data-end=\"2112\">RO<\/td>\n<\/tr>\n<tr data-start=\"2113\" data-end=\"2151\">\n<td style=\"width: 71.5881%\" data-start=\"2113\" data-end=\"2145\" data-col-size=\"md\">Ricardo Meloni Martins Rosado<\/td>\n<td style=\"width: 263.732%\" data-col-size=\"sm\" data-start=\"2145\" data-end=\"2151\">SP<\/td>\n<\/tr>\n<tr data-start=\"2152\" data-end=\"2179\">\n<td style=\"width: 71.5881%\" data-start=\"2152\" data-end=\"2173\" data-col-size=\"md\">Ruiter Lima Morais<\/td>\n<td style=\"width: 263.732%\" data-start=\"2173\" data-end=\"2179\" data-col-size=\"sm\">TO<\/td>\n<\/tr>\n<tr data-start=\"2180\" data-end=\"2210\">\n<td style=\"width: 71.5881%\" data-start=\"2180\" data-end=\"2204\" data-col-size=\"md\">Sara Jane De Oliveira<\/td>\n<td style=\"width: 263.732%\" data-col-size=\"sm\" data-start=\"2204\" data-end=\"2210\">CE<\/td>\n<\/tr>\n<tr data-start=\"2211\" data-end=\"2260\">\n<td style=\"width: 71.5881%\" data-start=\"2211\" data-end=\"2254\" data-col-size=\"md\">Severino Do Ramo Fernandes Da Silva Neto<\/td>\n<td style=\"width: 263.732%\" data-start=\"2254\" data-end=\"2260\" data-col-size=\"sm\">PB<\/td>\n<\/tr>\n<tr data-start=\"2261\" data-end=\"2295\">\n<td style=\"width: 71.5881%\" data-start=\"2261\" data-end=\"2289\" data-col-size=\"md\">Suzana Junges Vendruscolo<\/td>\n<td style=\"width: 263.732%\" data-start=\"2289\" data-end=\"2295\" data-col-size=\"sm\">MT<\/td>\n<\/tr>\n<tr data-start=\"2296\" data-end=\"2333\">\n<td style=\"width: 71.5881%\" data-start=\"2296\" data-end=\"2327\" data-col-size=\"md\">Vin\u00edcius Teixeira Dos Santos<\/td>\n<td style=\"width: 263.732%\" data-start=\"2327\" data-end=\"2333\" data-col-size=\"sm\">PE<\/td>\n<\/tr>\n<tr data-start=\"2334\" data-end=\"2363\">\n<td style=\"width: 71.5881%\" data-start=\"2334\" data-end=\"2357\" data-col-size=\"md\">Werick Alves Machado<\/td>\n<td style=\"width: 263.732%\" data-start=\"2357\" data-end=\"2363\" data-col-size=\"sm\">MT<\/td>\n<\/tr>\n<\/tbody>\n<\/table>\n<p>[\/vc_column_text][\/vc_column][vc_column width=&#8221;1\/6&#8243;][\/vc_column][\/vc_row]<\/p>\n<\/div>","protected":false},"excerpt":{"rendered":"<p>[vc_row][vc_column width=&#8221;1\/6&#8243;][\/vc_column][vc_column width=&#8221;2\/3&#8243;][vc_column_text css=&#8221;&#8221;] LISTA DE SELECIONADOS 2026 [\/vc_column_text][\/vc_column][vc_column width=&#8221;1\/6&#8243;][\/vc_column][\/vc_row][vc_row][vc_column width=&#8221;1\/6&#8243;][\/vc_column][vc_column width=&#8221;2\/3&#8243;][vc_column_text css=&#8221;&#8221;]Confira abaixo a lista de professores selecionados para participa\u00e7\u00e3o na ESPEM 2026. Os selecionados devem verificar sua caixa de e-mail, incluindo a caixa de spam, pois mensagens com instru\u00e7\u00f5es ser\u00e3o enviadas por esse canal.[\/vc_column_text][vc_column_text css=&#8221;&#8221;] Nome Completo Estado Almir Da Silva Patricio RJ&hellip;<\/p>\n","protected":false},"author":1655,"featured_media":0,"parent":0,"menu_order":0,"comment_status":"closed","ping_status":"closed","template":"","meta":{"footnotes":""},"class_list":["post-1554","page","type-page","status-publish","hentry","description-off"],"_links":{"self":[{"href":"https:\/\/pages.cnpem.br\/espem\/wp-json\/wp\/v2\/pages\/1554","targetHints":{"allow":["GET"]}}],"collection":[{"href":"https:\/\/pages.cnpem.br\/espem\/wp-json\/wp\/v2\/pages"}],"about":[{"href":"https:\/\/pages.cnpem.br\/espem\/wp-json\/wp\/v2\/types\/page"}],"author":[{"embeddable":true,"href":"https:\/\/pages.cnpem.br\/espem\/wp-json\/wp\/v2\/users\/1655"}],"replies":[{"embeddable":true,"href":"https:\/\/pages.cnpem.br\/espem\/wp-json\/wp\/v2\/comments?post=1554"}],"version-history":[{"count":0,"href":"https:\/\/pages.cnpem.br\/espem\/wp-json\/wp\/v2\/pages\/1554\/revisions"}],"wp:attachment":[{"href":"https:\/\/pages.cnpem.br\/espem\/wp-json\/wp\/v2\/media?parent=1554"}],"curies":[{"name":"wp","href":"https:\/\/api.w.org\/{rel}","templated":true}]}}