{"id":149,"date":"2024-04-10T09:14:50","date_gmt":"2024-04-10T12:14:50","guid":{"rendered":"https:\/\/pages.cnpem.br\/fundamentosmet\/?page_id=149"},"modified":"2025-09-08T13:53:30","modified_gmt":"2025-09-08T16:53:30","slug":"edicoes-anteriores","status":"publish","type":"page","link":"https:\/\/pages.cnpem.br\/fundamentosmet\/edicoes-anteriores\/","title":{"rendered":"Edi\u00e7\u00f5es Anteriores"},"content":{"rendered":"<div class=\"wpb-content-wrapper\"><p>[vc_row][vc_column][vc_custom_heading text=&#8221;Confira as edi\u00e7\u00f5es anteriores:&#8221; google_fonts=&#8221;font_family:Fjalla%20One%3Aregular|font_style:400%20regular%3A400%3Anormal&#8221;][vc_tta_tabs][vc_tta_section title=&#8221;2023&#8243; tab_id=&#8221;1712750299660-d675f1e5-5d40&#8243;][vc_custom_heading text=&#8221;Foto oficial da primeira edi\u00e7\u00e3o do Curso, realizado de 24 a 26 de julho de 2023&#8243; font_container=&#8221;tag:h3|text_align:center&#8221; google_fonts=&#8221;font_family:Fjalla%20One%3Aregular|font_style:400%20regular%3A400%3Anormal&#8221; css=&#8221;&#8221;][vc_single_image image=&#8221;130&#8243; img_size=&#8221;large&#8221; alignment=&#8221;center&#8221; css=&#8221;&#8221;]<style type=\"text\/css\" data-type=\"the7_shortcodes-inline-css\">#page .blog-carousel-shortcode.blog-carousel-shortcode-id-f145c6962fe218eceea7523e319c06e4.content-bg-on.gradient-overlap-layout-list .post-entry-content {\n  background: linear-gradient(to bottom,,) no-repeat 0px 150px;\n}\n#page .blog-carousel-shortcode.blog-carousel-shortcode-id-f145c6962fe218eceea7523e319c06e4.content-bg-on.gradient-overlap-layout-list .no-img .post-entry-content {\n  padding: 20px 20px 20px 20px;\n}\n#page .blog-carousel-shortcode.blog-carousel-shortcode-id-f145c6962fe218eceea7523e319c06e4.content-bg-on.gradient-overlap-layout-list .no-img .post-entry-content:before {\n  display: none;\n}\n.blog-carousel-shortcode.blog-carousel-shortcode-id-f145c6962fe218eceea7523e319c06e4 .filter-bg-decoration .filter-categories a.act {\n  color: #fff;\n}\n.blog-carousel-shortcode.blog-carousel-shortcode-id-f145c6962fe218eceea7523e319c06e4:not(.mode-masonry) article:first-of-type,\n.blog-carousel-shortcode.blog-carousel-shortcode-id-f145c6962fe218eceea7523e319c06e4:not(.mode-masonry) article.visible.first:not(.product) {\n  margin-top: 0;\n}\n.blog-carousel-shortcode.blog-carousel-shortcode-id-f145c6962fe218eceea7523e319c06e4.dividers-on:not(.mode-masonry) article {\n  margin-top: 0;\n}\n.blog-carousel-shortcode.blog-carousel-shortcode-id-f145c6962fe218eceea7523e319c06e4.dividers-on:not(.mode-masonry) article:first-of-type,\n.blog-carousel-shortcode.blog-carousel-shortcode-id-f145c6962fe218eceea7523e319c06e4.dividers-on:not(.mode-masonry) article.visible.first:not(.product) {\n  margin-top: 0;\n  padding-top: 0;\n}\n.blog-carousel-shortcode.blog-carousel-shortcode-id-f145c6962fe218eceea7523e319c06e4 .post-thumbnail-wrap {\n  padding: 0px 0px 0px 0px;\n}\n.blog-carousel-shortcode.blog-carousel-shortcode-id-f145c6962fe218eceea7523e319c06e4.enable-bg-rollover .post-thumbnail-rollover:after {\n  background: -webkit-linear-gradient();\n  background: linear-gradient();\n}\n.blog-carousel-shortcode.blog-carousel-shortcode-id-f145c6962fe218eceea7523e319c06e4 .gallery-zoom-ico {\n  width: 44px;\n  height: 44px;\n  line-height: 44px;\n  border-radius: 100px;\n  margin: -22px 0 0 -22px;\n  border-width: 0px;\n  color: #ffffff;\n  background: none;\n}\n.bottom-overlap-layout-list.blog-carousel-shortcode.blog-carousel-shortcode-id-f145c6962fe218eceea7523e319c06e4 .gallery-zoom-ico {\n  margin-top: -72px;\n}\n.gradient-overlay-layout-list.blog-carousel-shortcode.blog-carousel-shortcode-id-f145c6962fe218eceea7523e319c06e4 .gallery-zoom-ico,\n.content-rollover-layout-list.blog-carousel-shortcode.blog-carousel-shortcode-id-f145c6962fe218eceea7523e319c06e4 .gallery-zoom-ico {\n  margin: 0 0 10px;\n}\n.content-align-center.gradient-overlay-layout-list.blog-carousel-shortcode.blog-carousel-shortcode-id-f145c6962fe218eceea7523e319c06e4 .gallery-zoom-ico,\n.content-align-center.content-rollover-layout-list.blog-carousel-shortcode.blog-carousel-shortcode-id-f145c6962fe218eceea7523e319c06e4 .gallery-zoom-ico {\n  margin: 0 auto 10px;\n}\n.dt-icon-bg-on.blog-carousel-shortcode.blog-carousel-shortcode-id-f145c6962fe218eceea7523e319c06e4 .gallery-zoom-ico {\n  background: rgba(255,255,255,0.3);\n  box-shadow: none;\n}\n.blog-carousel-shortcode.blog-carousel-shortcode-id-f145c6962fe218eceea7523e319c06e4 .gallery-zoom-ico > span,\n.blog-carousel-shortcode.blog-carousel-shortcode-id-f145c6962fe218eceea7523e319c06e4 .gallery-zoom-ico:before {\n  font-size: 32px;\n  line-height: 44px;\n}\n.blog-carousel-shortcode.blog-carousel-shortcode-id-f145c6962fe218eceea7523e319c06e4 .gallery-zoom-ico > span,\n.blog-carousel-shortcode.blog-carousel-shortcode-id-f145c6962fe218eceea7523e319c06e4 .gallery-zoom-ico:before {\n  color: #ffffff;\n  background: none;\n}\n.blog-carousel-shortcode.blog-carousel-shortcode-id-f145c6962fe218eceea7523e319c06e4 .entry-title,\n.blog-carousel-shortcode.blog-carousel-shortcode-id-f145c6962fe218eceea7523e319c06e4.owl-carousel .entry-title {\n  margin-bottom: 5px;\n  font-weight: bold;\n}\n.blog-carousel-shortcode.blog-carousel-shortcode-id-f145c6962fe218eceea7523e319c06e4 .entry-meta {\n  margin-bottom: 15px;\n}\n.blog-carousel-shortcode.blog-carousel-shortcode-id-f145c6962fe218eceea7523e319c06e4 .portfolio-categories {\n  margin-bottom: 15px;\n}\n.blog-carousel-shortcode.blog-carousel-shortcode-id-f145c6962fe218eceea7523e319c06e4 .entry-excerpt {\n  margin-bottom: 5px;\n}\n.blog-carousel-shortcode.blog-carousel-shortcode-id-f145c6962fe218eceea7523e319c06e4:not(.centered-layout-list) .post-entry-content {\n  padding: 15px 20px 20px 20px;\n}\n.blog-carousel-shortcode.blog-carousel-shortcode-id-f145c6962fe218eceea7523e319c06e4:not(.centered-layout-list):not(.content-bg-on):not(.mode-list) .no-img .post-entry-content {\n  padding: 0;\n}\n@media screen and (max-width: ) {\n  .blog-carousel-shortcode.blog-carousel-shortcode-id-f145c6962fe218eceea7523e319c06e4 article {\n    -ms-flex-flow: column nowrap;\n    flex-flow: column nowrap;\n    margin-top: 20px;\n  }\n  .blog-carousel-shortcode.blog-carousel-shortcode-id-f145c6962fe218eceea7523e319c06e4.dividers-on article {\n    border: none;\n  }\n  .blog-carousel-shortcode.blog-carousel-shortcode-id-f145c6962fe218eceea7523e319c06e4.content-bg-on.centered-layout-list article {\n    padding: 0;\n  }\n  .blog-carousel-shortcode.blog-carousel-shortcode-id-f145c6962fe218eceea7523e319c06e4.blog-shortcode.dividers-on article,\n  .blog-carousel-shortcode.blog-carousel-shortcode-id-f145c6962fe218eceea7523e319c06e4.dividers-on.classic-layout-list article {\n    margin-top: 20px;\n    padding: 0;\n  }\n  .blog-carousel-shortcode.blog-carousel-shortcode-id-f145c6962fe218eceea7523e319c06e4.blog-shortcode.dividers-on article:first-of-type,\n  .blog-carousel-shortcode.blog-carousel-shortcode-id-f145c6962fe218eceea7523e319c06e4.dividers-on.classic-layout-list article:first-of-type {\n    padding: 0;\n  }\n  #page .blog-carousel-shortcode.blog-carousel-shortcode-id-f145c6962fe218eceea7523e319c06e4 .post-thumbnail-wrap,\n  #page .blog-carousel-shortcode.blog-carousel-shortcode-id-f145c6962fe218eceea7523e319c06e4 .post-entry-content {\n    width: 100%;\n    margin: 0;\n    top: 0;\n  }\n  #page .blog-carousel-shortcode.blog-carousel-shortcode-id-f145c6962fe218eceea7523e319c06e4 .post-thumbnail-wrap {\n    padding: 0;\n  }\n  #page .blog-carousel-shortcode.blog-carousel-shortcode-id-f145c6962fe218eceea7523e319c06e4 .post-entry-content:after {\n    display: none;\n  }\n  #page .blog-carousel-shortcode.blog-carousel-shortcode-id-f145c6962fe218eceea7523e319c06e4 .project-even .post-thumbnail-wrap,\n  #page .blog-carousel-shortcode.blog-carousel-shortcode-id-f145c6962fe218eceea7523e319c06e4.centered-layout-list .post-thumbnail-wrap {\n    -ms-flex-order: 0;\n    order: 0;\n  }\n  #page .blog-carousel-shortcode.blog-carousel-shortcode-id-f145c6962fe218eceea7523e319c06e4.centered-layout-list .post-entry-title-content {\n    -ms-flex-order: 1;\n    order: 1;\n    width: 100%;\n    padding: 20px 20px 0;\n  }\n  #page .blog-carousel-shortcode.blog-carousel-shortcode-id-f145c6962fe218eceea7523e319c06e4.centered-layout-list .post-entry-content {\n    -ms-flex-order: 2;\n    order: 2;\n    padding-top: 0;\n  }\n  #page .blog-carousel-shortcode.blog-carousel-shortcode-id-f145c6962fe218eceea7523e319c06e4 .fancy-categories {\n    top: 10px;\n    left: 10px;\n    bottom: auto;\n    right: auto;\n  }\n  #page .blog-carousel-shortcode.blog-carousel-shortcode-id-f145c6962fe218eceea7523e319c06e4 .fancy-date a {\n    top: 10px;\n    right: 10px;\n    left: auto;\n    bottom: auto;\n  }\n  #page .blog-carousel-shortcode.blog-carousel-shortcode-id-f145c6962fe218eceea7523e319c06e4 .post-entry-content {\n    padding: 20px;\n  }\n  #page .blog-carousel-shortcode.blog-carousel-shortcode-id-f145c6962fe218eceea7523e319c06e4 .entry-title {\n    margin: 3px 0 5px;\n    font-size: 20px;\n    line-height: 26px;\n  }\n  #page .blog-carousel-shortcode.blog-carousel-shortcode-id-f145c6962fe218eceea7523e319c06e4 .entry-meta {\n    margin: 5px 0 5px;\n  }\n  #page .blog-carousel-shortcode.blog-carousel-shortcode-id-f145c6962fe218eceea7523e319c06e4 .entry-excerpt {\n    margin: 15px 0 0;\n  }\n  #page .blog-carousel-shortcode.blog-carousel-shortcode-id-f145c6962fe218eceea7523e319c06e4 .post-details {\n    margin: 5px 0 10px;\n  }\n  #page .blog-carousel-shortcode.blog-carousel-shortcode-id-f145c6962fe218eceea7523e319c06e4 .post-details.details-type-link {\n    margin-bottom: 2px;\n  }\n}\n.blog-carousel-shortcode.blog-carousel-shortcode-id-f145c6962fe218eceea7523e319c06e4.owl-carousel .owl-nav div {\n  width: 36px;\n  height: 36px;\n  border-radius: 500px;\n}\n.dt-arrow-border-on.blog-carousel-shortcode.blog-carousel-shortcode-id-f145c6962fe218eceea7523e319c06e4.owl-carousel .owl-nav div:not(:hover):before {\n  border-width: 0px;\n}\n.dt-arrow-hover-border-on.blog-carousel-shortcode.blog-carousel-shortcode-id-f145c6962fe218eceea7523e319c06e4.owl-carousel .owl-nav div:hover:after {\n  border-width: 0px;\n}\n.blog-carousel-shortcode.blog-carousel-shortcode-id-f145c6962fe218eceea7523e319c06e4.owl-carousel .owl-nav div.owl-prev {\n  top: 50%;\n  transform: translateY(calc(-50% + 0px));\n  left: -43px;\n}\n@media all and (-ms-high-contrast: none) {\n  .blog-carousel-shortcode.blog-carousel-shortcode-id-f145c6962fe218eceea7523e319c06e4.owl-carousel .owl-nav div.owl-prev {\n    transform: translateY(-50%);\n    margin-top: 0px;\n  }\n}\n.blog-carousel-shortcode.blog-carousel-shortcode-id-f145c6962fe218eceea7523e319c06e4.owl-carousel .owl-nav div.owl-prev i {\n  padding: 0px 0px 0px 0px;\n}\n.blog-carousel-shortcode.blog-carousel-shortcode-id-f145c6962fe218eceea7523e319c06e4.owl-carousel .owl-nav div.owl-next {\n  top: 50%;\n  transform: translateY(calc(-50% + 0px));\n  right: -43px;\n}\n@media all and (-ms-high-contrast: none) {\n  .blog-carousel-shortcode.blog-carousel-shortcode-id-f145c6962fe218eceea7523e319c06e4.owl-carousel .owl-nav div.owl-next {\n    transform: translateY(-50%);\n    margin-top: 0px;\n  }\n}\n.blog-carousel-shortcode.blog-carousel-shortcode-id-f145c6962fe218eceea7523e319c06e4.owl-carousel .owl-nav div.owl-next i {\n  padding: 0px 0px 0px 0px;\n}\n.blog-carousel-shortcode.blog-carousel-shortcode-id-f145c6962fe218eceea7523e319c06e4.owl-carousel .owl-nav i {\n  font-size: 18px;\n}\n.blog-carousel-shortcode.blog-carousel-shortcode-id-f145c6962fe218eceea7523e319c06e4.owl-carousel .owl-nav div:not(:hover) i,\n.blog-carousel-shortcode.blog-carousel-shortcode-id-f145c6962fe218eceea7523e319c06e4.owl-carousel .owl-nav div:not(:hover) i:before {\n  color: #ffffff;\n  background: none;\n}\n.blog-carousel-shortcode.blog-carousel-shortcode-id-f145c6962fe218eceea7523e319c06e4.owl-carousel .owl-nav div:hover i,\n.blog-carousel-shortcode.blog-carousel-shortcode-id-f145c6962fe218eceea7523e319c06e4.owl-carousel .owl-nav div:hover i:before {\n  color: rgba(255,255,255,0.75);\n  background: none;\n}\n.blog-carousel-shortcode.blog-carousel-shortcode-id-f145c6962fe218eceea7523e319c06e4 .owl-dots {\n  top: calc(100% + 20px);\n  left: 50%;\n  transform: translateX(calc(-50% + 0px));\n}\n@media all and (-ms-high-contrast: none) {\n  .blog-carousel-shortcode.blog-carousel-shortcode-id-f145c6962fe218eceea7523e319c06e4 .owl-dots {\n    transform: translateX(-50%);\n    margin-left: 0px;\n  }\n}\n.blog-carousel-shortcode.blog-carousel-shortcode-id-f145c6962fe218eceea7523e319c06e4 .owl-dot {\n  width: 10px;\n  height: 10px;\n  margin: 0 8px;\n}\n@media screen and (max-width: 778px) {\n  .blog-carousel-shortcode.blog-carousel-shortcode-id-f145c6962fe218eceea7523e319c06e4.hide-arrows .owl-nav a {\n    display: none;\n  }\n}\n@media screen and (max-width: 778px) {\n  .blog-carousel-shortcode.blog-carousel-shortcode-id-f145c6962fe218eceea7523e319c06e4.reposition-arrows .owl-nav .owl-prev {\n    top: 50%;\n    transform: translateY(calc(-50% + 0px));\n    left: 10px;\n  }\n  .blog-carousel-shortcode.blog-carousel-shortcode-id-f145c6962fe218eceea7523e319c06e4.reposition-arrows .owl-nav .owl-next {\n    top: 50%;\n    transform: translateY(calc(-50% + 0px));\n    right: 10px;\n  }\n}\n@media screen and (max-width: 778px) and all and (-ms-high-contrast: none) {\n  .blog-carousel-shortcode.blog-carousel-shortcode-id-f145c6962fe218eceea7523e319c06e4.reposition-arrows .owl-nav .owl-prev {\n    transform: translateY(-50%);\n    margin-top: 0px;\n  }\n}\n@media screen and (max-width: 778px) and all and (-ms-high-contrast: none) {\n  .blog-carousel-shortcode.blog-carousel-shortcode-id-f145c6962fe218eceea7523e319c06e4.reposition-arrows .owl-nav .owl-next {\n    transform: translateY(-50%);\n    margin-top: 0px;\n  }\n}<\/style><div class=\"owl-carousel blog-carousel-shortcode dt-owl-carousel-call blog-carousel-shortcode-id-f145c6962fe218eceea7523e319c06e4 gradient-overlap-layout-list content-bg-on scale-img dt-icon-bg-off dt-arrow-border-on dt-arrow-hover-border-on meta-info-off bullets-small-dot-stroke reposition-arrows arrows-bg-on disable-arrows-hover-bg arrows-hover-bg-on  \" data-scroll-mode=\"1\" data-col-num=\"3\" data-wide-col-num=\"4\" data-laptop-col=\"3\" data-h-tablet-columns-num=\"3\" data-v-tablet-columns-num=\"2\" data-phone-columns-num=\"1\" data-auto-height=\"true\" data-col-gap=\"30\" data-stage-padding=\"0\" data-speed=\"600\" data-autoplay=\"false\" data-autoplay_speed=\"6000\" data-arrows=\"true\" data-bullet=\"false\" data-next-icon=\"icon-ar-017-r\" data-prev-icon=\"icon-ar-017-l\"><article class=\"post no-img post-148 type-post status-publish format-standard hentry category-i-fundamentos-met category-6\" data-name=\"I Fundamentos em Microscopia Eletr\u00f4nica de Transmiss\u00e3o\" data-date=\"2024-04-10T08:51:58-03:00\">\n\n<div class=\"post-entry-content\">\n\n\t<h3 class=\"entry-title\">\n\t\t<a href=\"https:\/\/pages.cnpem.br\/fundamentosmet\/2024\/04\/10\/i-fundamentos-em-microscopia-eletronica-de-transmissao\/\" title=\"I Fundamentos em Microscopia Eletr\u00f4nica de Transmiss\u00e3o\" rel=\"bookmark\">I Fundamentos em Microscopia Eletr\u00f4nica de Transmiss\u00e3o<\/a>\n\t<\/h3>\n\n\t\n\t<div class=\"entry-excerpt\"><p>[vc_row full_width=&#8221;stretch_row&#8221; css=&#8221;.vc_custom_1712749691368{background-position: center !important;background-repeat: no-repeat !important;background-size: cover !important;}&#8221;][vc_column][vc_single_image image=&#8221;130&#8243; img_size=&#8221;full&#8221; onclick=&#8221;zoom&#8221;][vc_column_text]Participantes da primeira edi\u00e7\u00e3o do Curso, realizado de 24 a 26 de julho de 2023.[\/vc_column_text][vc_masonry_media_grid grid_id=&#8221;vc_gid:1712749676422-3348edab-f39e-10&#8243; include=&#8221;135,136,137,138,139,140,141,142,143&#8243;][\/vc_column][\/vc_row][vc_row][vc_column width=&#8221;1\/2&#8243;][vc_column_text] O Centro Nacional de Pesquisa em Energia e Materiais (CNPEM) realiza de 24 a 26 de julho de 2023 a primeira edi\u00e7\u00e3o do Curso de Fundamentos&hellip;<\/p>\n<\/div>\n\t\n<a href=\"https:\/\/pages.cnpem.br\/fundamentosmet\/2024\/04\/10\/i-fundamentos-em-microscopia-eletronica-de-transmissao\/\" class=\"post-details details-type-link\" aria-label=\"Read more about I Fundamentos em Microscopia Eletr\u00f4nica de Transmiss\u00e3o\">Leia mais<i class=\"dt-icon-the7-arrow-03\" aria-hidden=\"true\"><\/i><\/a>\n\n<\/div><\/article><article class=\"post no-img post-151 type-post status-publish format-standard hentry category-i-fundamentos-met category-6\" data-name=\"Programa\u00e7\u00e3o\" data-date=\"2024-04-10T09:25:30-03:00\">\n\n<div class=\"post-entry-content\">\n\n\t<h3 class=\"entry-title\">\n\t\t<a href=\"https:\/\/pages.cnpem.br\/fundamentosmet\/2024\/04\/10\/programacao\/\" title=\"Programa\u00e7\u00e3o\" rel=\"bookmark\">Programa\u00e7\u00e3o<\/a>\n\t<\/h3>\n\n\t\n\t<div class=\"entry-excerpt\"><p>[vc_row full_width=&#8221;stretch_row_content&#8221;][vc_column width=&#8221;1\/3&#8243;][vc_column_text] 8h20 &#8211; 9h Credenciamento participantes 9:00-9:15h Abertura Professor Dr. Edson Roberto Leite 9:15-10:30h Introdu\u00e7\u00e3o a Microscopia Eletr\u00f4nica de Transmiss\u00e3o Dr. Luelc Costa 10:30-11:00h Coffee Break 11:00-13:00h Introdu\u00e7\u00e3o conceitos gerais O microsc\u00f3pio \u2013 canh\u00e3o, Lentes, Detectores Dr. Luelc Costa 13:00-14:00h Almo\u00e7o 14:00-15:30h Difra\u00e7\u00e3o de El\u00e9trons \u2013 parte 1 Dr. Jo\u00e3o B. Souza Jr.&hellip;<\/p>\n<\/div>\n\t\n<a href=\"https:\/\/pages.cnpem.br\/fundamentosmet\/2024\/04\/10\/programacao\/\" class=\"post-details details-type-link\" aria-label=\"Read more about Programa\u00e7\u00e3o\">Leia mais<i class=\"dt-icon-the7-arrow-03\" aria-hidden=\"true\"><\/i><\/a>\n\n<\/div><\/article><article class=\"post no-img post-155 type-post status-publish format-standard hentry category-i-fundamentos-met category-6\" data-name=\"Informa\u00e7\u00f5es \u00fateis\" data-date=\"2024-04-10T09:57:42-03:00\">\n\n<div class=\"post-entry-content\">\n\n\t<h3 class=\"entry-title\">\n\t\t<a href=\"https:\/\/pages.cnpem.br\/fundamentosmet\/2024\/04\/10\/informacoes-uteis\/\" title=\"Informa\u00e7\u00f5es \u00fateis\" rel=\"bookmark\">Informa\u00e7\u00f5es \u00fateis<\/a>\n\t<\/h3>\n\n\t\n\t<div class=\"entry-excerpt\"><p>[vc_row][vc_column][vc_custom_heading text=&#8221;Informa\u00e7\u00f5es \u00fateis&#8221; font_container=&#8221;tag:h3|text_align:left|color:%23000000&#8243; google_fonts=&#8221;font_family:Roboto%3A100%2C100italic%2C300%2C300italic%2Cregular%2Citalic%2C500%2C500italic%2C700%2C700italic%2C900%2C900italic|font_style:500%20bold%20regular%3A500%3Anormal&#8221; link=&#8221;url:https%3A%2F%2Fpages.cnpem.br%2Fafmworkshop%2Finformacoes-uteis%2F|title:Informa%C3%A7%C3%B5es%20%C3%BAteis&#8221;][vc_message message_box_style=&#8221;outline&#8221; message_box_color=&#8221;grey&#8221; icon_fontawesome=&#8221;fas fa-angle-right&#8221;]Importante: n\u00e3o h\u00e1 subs\u00eddio para aux\u00edlio financeiro (acomoda\u00e7\u00e3o e transporte) ou isen\u00e7\u00e3o da taxa de inscri\u00e7\u00e3o nesta edi\u00e7\u00e3o do evento[\/vc_message][vc_message message_box_style=&#8221;outline&#8221; message_box_color=&#8221;grey&#8221; icon_fontawesome=&#8221;fas fa-angle-right&#8221;]Almo\u00e7o no restaurante do CNPEM e coffee breaks s\u00e3o custeados pelo evento[\/vc_message][vc_message message_box_style=&#8221;outline&#8221; message_box_color=&#8221;orange&#8221; icon_fontawesome=&#8221;fas fa-map-marker-alt&#8221;]Este evento ser\u00e1 presencial e n\u00e3o haver\u00e1 transmiss\u00e3o&hellip;<\/p>\n<\/div>\n\t\n<a href=\"https:\/\/pages.cnpem.br\/fundamentosmet\/2024\/04\/10\/informacoes-uteis\/\" class=\"post-details details-type-link\" aria-label=\"Read more about Informa\u00e7\u00f5es \u00fateis\">Leia mais<i class=\"dt-icon-the7-arrow-03\" aria-hidden=\"true\"><\/i><\/a>\n\n<\/div><\/article><\/div>[\/vc_tta_section][vc_tta_section title=&#8221;2024&#8243; tab_id=&#8221;1757349330981-407127a3-062f&#8221;][vc_custom_heading text=&#8221;Foto oficial da segunda edi\u00e7\u00e3o do Fundamentos em Microscopia Eletr\u00f4nica de Transmiss\u00e3o,<br \/>\nrealizado de 15 a 19 de julho de 2024&#8243; font_container=&#8221;tag:h3|text_align:center&#8221; google_fonts=&#8221;font_family:Fjalla%20One%3Aregular|font_style:400%20regular%3A400%3Anormal&#8221; css=&#8221;&#8221;][vc_single_image image=&#8221;236&#8243; img_size=&#8221;large&#8221; alignment=&#8221;center&#8221; css=&#8221;&#8221;][\/vc_tta_section][\/vc_tta_tabs][\/vc_column][\/vc_row]<\/p>\n<\/div>","protected":false},"excerpt":{"rendered":"<p>[vc_row][vc_column][vc_custom_heading text=&#8221;Confira as edi\u00e7\u00f5es anteriores:&#8221; google_fonts=&#8221;font_family:Fjalla%20One%3Aregular|font_style:400%20regular%3A400%3Anormal&#8221;][vc_tta_tabs][vc_tta_section title=&#8221;2023&#8243; tab_id=&#8221;1712750299660-d675f1e5-5d40&#8243;][vc_custom_heading text=&#8221;Foto oficial da primeira edi\u00e7\u00e3o do Curso, realizado de 24 a 26 de julho de 2023&#8243; font_container=&#8221;tag:h3|text_align:center&#8221; google_fonts=&#8221;font_family:Fjalla%20One%3Aregular|font_style:400%20regular%3A400%3Anormal&#8221; css=&#8221;&#8221;][vc_single_image image=&#8221;130&#8243; img_size=&#8221;large&#8221; alignment=&#8221;center&#8221; css=&#8221;&#8221;][\/vc_tta_section][vc_tta_section title=&#8221;2024&#8243; tab_id=&#8221;1757349330981-407127a3-062f&#8221;][vc_custom_heading text=&#8221;Foto oficial da segunda edi\u00e7\u00e3o do Fundamentos em Microscopia Eletr\u00f4nica de Transmiss\u00e3o, realizado de 15 a 19 de julho de 2024&#8243; font_container=&#8221;tag:h3|text_align:center&#8221;&hellip;<\/p>\n","protected":false},"author":542,"featured_media":0,"parent":0,"menu_order":0,"comment_status":"closed","ping_status":"closed","template":"","meta":{"_acf_changed":false,"footnotes":""},"class_list":["post-149","page","type-page","status-publish","hentry","description-off"],"acf":[],"_links":{"self":[{"href":"https:\/\/pages.cnpem.br\/fundamentosmet\/wp-json\/wp\/v2\/pages\/149","targetHints":{"allow":["GET"]}}],"collection":[{"href":"https:\/\/pages.cnpem.br\/fundamentosmet\/wp-json\/wp\/v2\/pages"}],"about":[{"href":"https:\/\/pages.cnpem.br\/fundamentosmet\/wp-json\/wp\/v2\/types\/page"}],"author":[{"embeddable":true,"href":"https:\/\/pages.cnpem.br\/fundamentosmet\/wp-json\/wp\/v2\/users\/542"}],"replies":[{"embeddable":true,"href":"https:\/\/pages.cnpem.br\/fundamentosmet\/wp-json\/wp\/v2\/comments?post=149"}],"version-history":[{"count":0,"href":"https:\/\/pages.cnpem.br\/fundamentosmet\/wp-json\/wp\/v2\/pages\/149\/revisions"}],"wp:attachment":[{"href":"https:\/\/pages.cnpem.br\/fundamentosmet\/wp-json\/wp\/v2\/media?parent=149"}],"curies":[{"name":"wp","href":"https:\/\/api.w.org\/{rel}","templated":true}]}}