{"id":46,"date":"2023-05-15T13:11:51","date_gmt":"2023-05-15T16:11:51","guid":{"rendered":"https:\/\/pages.cnpem.br\/fundamentosmet\/?page_id=46"},"modified":"2025-07-01T08:52:22","modified_gmt":"2025-07-01T11:52:22","slug":"programacao","status":"publish","type":"page","link":"https:\/\/pages.cnpem.br\/fundamentosmet\/programacao\/","title":{"rendered":"Programa\u00e7\u00e3o"},"content":{"rendered":"<div class=\"wpb-content-wrapper\"><p>[vc_row][vc_column][vc_message message_box_style=&#8221;outline&#8221; message_box_color=&#8221;orange&#8221; icon_type=&#8221;the7&#8243; icon_the7=&#8221;icomoon-the7-font-the7-more-00&#8243; css=&#8221;&#8221;]<\/p>\n<p style=\"text-align: left\">\u2022 A <strong>programa\u00e7\u00e3o<\/strong> est\u00e1 <strong>sujeita a altera\u00e7\u00f5es<\/strong> at\u00e9 a data do evento. Recomendamos verificar esta p\u00e1gina regularmente para se manter atualizado.<\/p>\n<p>\u2022 <strong>Importante:<\/strong> O <strong>CNPEM<\/strong> est\u00e1 comprometido em <strong>reduzir seu consumo de pl\u00e1stico nas depend\u00eancias do campus<\/strong>. Uma das a\u00e7\u00f5es voltadas ao cumprimento desse objetivo \u00e9 a redu\u00e7\u00e3o da disponibilidade de copos de uso \u00fanico em seus pr\u00e9dios. <strong>Incentivamos que visitantes tragam suas pr\u00f3prias garrafas e\/ou canecas<\/strong> para utiliza\u00e7\u00e3o nas \u00e1reas comuns.[\/vc_message][vc_empty_space][vc_custom_heading text=&#8221;III Fundamentos em Microscopia Eletr\u00f4nica de Transmiss\u00e3o com Aplica\u00e7\u00f5es em Soft Materials e 4D-STEM&#8221; font_container=&#8221;tag:h3|text_align:left&#8221; google_fonts=&#8221;font_family:Roboto%3A100%2C100italic%2C300%2C300italic%2Cregular%2Citalic%2C500%2C500italic%2C700%2C700italic%2C900%2C900italic|font_style:500%20bold%20regular%3A500%3Anormal&#8221; css=&#8221;&#8221;][vc_tta_tabs style=&#8221;outline&#8221; color=&#8221;orange&#8221; active_section=&#8221;1&#8243;][vc_tta_section title=&#8221;30 de junho&#8221; tab_id=&#8221;1713558156924-8142e30e-abcb&#8221;][vc_column_text css=&#8221;&#8221;]<\/p>\n<table width=\"1168\">\n<tbody>\n<tr style=\"background-color: #fbc344\">\n<td width=\"90\"><strong>Hor\u00e1rio<\/strong><\/td>\n<td width=\"90\"><\/td>\n<td width=\"626\"><strong>Atividade<\/strong><\/td>\n<td width=\"362\"><strong>Palestrante<\/strong><\/td>\n<\/tr>\n<tr>\n<td width=\"90\">8:30-9:00<\/td>\n<td width=\"90\"><\/td>\n<td width=\"626\"><em>Credenciamento<\/em><\/td>\n<td><\/td>\n<\/tr>\n<tr>\n<td width=\"90\">9:00-10:30<\/td>\n<td width=\"90\">Introdu\u00e7\u00e3o<\/td>\n<td width=\"626\">Hist\u00f3ria da microscopia, resolu\u00e7\u00e3o, vis\u00e3o geral<\/td>\n<td width=\"362\">Dra. Tanna Fiuza<\/td>\n<\/tr>\n<tr>\n<td width=\"90\">10:30-11:00<\/td>\n<td width=\"90\"><\/td>\n<td width=\"626\"><em>Coffee-Break<\/em><\/td>\n<td><\/td>\n<\/tr>\n<tr>\n<td width=\"90\">11:00-13:00<\/td>\n<td width=\"90\">Introdu\u00e7\u00e3o<\/td>\n<td width=\"626\">No\u00e7\u00f5es de imagem, Espalhamento el\u00e1stico e inel\u00e1stico<\/td>\n<td width=\"362\">Dr. Vishnu Mogili<\/td>\n<\/tr>\n<tr>\n<td width=\"90\">13:00-14:00<\/td>\n<td width=\"90\"><\/td>\n<td width=\"626\"><em>Almo\u00e7o<\/em><\/td>\n<td><\/td>\n<\/tr>\n<tr>\n<td width=\"90\">14:00-15:30<\/td>\n<td width=\"90\">Introdu\u00e7\u00e3o<\/td>\n<td width=\"626\">O microsc\u00f3pio, canh\u00e3o de el\u00e9trons, Lentes e Detectores e alinhamento<\/td>\n<td width=\"362\">Dr. Luelc Costa<\/td>\n<\/tr>\n<tr>\n<td width=\"90\">15:30-16:00<\/td>\n<td width=\"90\"><\/td>\n<td width=\"626\"><em>Coffee-Break<\/em><\/td>\n<td><\/td>\n<\/tr>\n<tr>\n<td width=\"90\">16:00-17:30<\/td>\n<td width=\"90\">Introdu\u00e7\u00e3o<\/td>\n<td width=\"626\">O microsc\u00f3pio, canh\u00e3o de el\u00e9trons, Lentes e Detectores e alinhamento<\/td>\n<td width=\"362\">Dr. Luelc Costa<\/td>\n<\/tr>\n<\/tbody>\n<\/table>\n<p>[\/vc_column_text][\/vc_tta_section][vc_tta_section title=&#8221;1 de julho&#8221; tab_id=&#8221;1713558156937-f6a4f79e-051a&#8221;][vc_column_text css=&#8221;&#8221;]<\/p>\n<table style=\"width: 94.0188%\" width=\"1069\">\n<tbody>\n<tr style=\"background-color: #fbc344\">\n<td style=\"width: 12.0266%\" width=\"84\"><strong>Hor\u00e1rio<\/strong><\/td>\n<td style=\"width: 14.468%\" width=\"81\"><\/td>\n<td style=\"width: 54.6471%\" width=\"590\"><strong>Atividade<\/strong><\/td>\n<td style=\"width: 28.1579%\" width=\"314\"><strong>Palestrante<\/strong><\/td>\n<\/tr>\n<tr>\n<td style=\"width: 12.0266%\" width=\"84\">9:00-10:30<\/td>\n<td style=\"width: 14.468%\" width=\"81\">Difra\u00e7\u00e3o de El\u00e9trons<\/td>\n<td style=\"width: 54.6471%\" width=\"590\">Cristalografia, Lei de Bragg, lei de Laue, Esfera de Edwald e Difra\u00e7\u00e3o de cristais<\/td>\n<td style=\"width: 28.1579%\" width=\"314\">Dr. Jo\u00e3o B. Souza Jr.<\/td>\n<\/tr>\n<tr>\n<td style=\"width: 12.0266%\" width=\"84\">10:30-11:00<\/td>\n<td style=\"width: 14.468%\" width=\"81\"><\/td>\n<td style=\"width: 54.6471%\" width=\"590\"><em>Coffee-Break<\/em><\/td>\n<td style=\"width: 28.1579%\"><\/td>\n<\/tr>\n<tr>\n<td style=\"width: 12.0266%\" width=\"84\">11:00-13:00<\/td>\n<td style=\"width: 14.468%\" width=\"81\">Difra\u00e7\u00e3o de El\u00e9trons<\/td>\n<td style=\"width: 54.6471%\" width=\"590\">Linhas de Kikuchi, Two beam, Weak beam e imagem de defeitos<\/td>\n<td style=\"width: 28.1579%\" width=\"314\">Dr. Jo\u00e3o B. Souza Jr.<\/td>\n<\/tr>\n<tr>\n<td style=\"width: 12.0266%\" width=\"84\">13:00-14:00<\/td>\n<td style=\"width: 14.468%\" width=\"81\"><\/td>\n<td style=\"width: 54.6471%\" width=\"590\"><em>Almo\u00e7o<\/em><\/td>\n<td style=\"width: 28.1579%\"><\/td>\n<\/tr>\n<tr>\n<td style=\"width: 12.0266%\" width=\"84\">14:00-15:30<\/td>\n<td style=\"width: 14.468%\" width=\"81\">Imagem<\/td>\n<td style=\"width: 54.6471%\" width=\"590\">Imagens em baixa magnifica\u00e7\u00e3o, Fun\u00e7\u00e3o transfer\u00eancia de contraste: limite de resolu\u00e7\u00e3o<\/td>\n<td style=\"width: 28.1579%\" width=\"314\">Dra. Laura Caetano Escobar da Silva<\/td>\n<\/tr>\n<tr>\n<td style=\"width: 12.0266%\" width=\"84\">15:30-16:00<\/td>\n<td style=\"width: 14.468%\" width=\"81\"><\/td>\n<td style=\"width: 54.6471%\" width=\"590\"><em>Coffee-Break<\/em><\/td>\n<td style=\"width: 28.1579%\"><\/td>\n<\/tr>\n<tr>\n<td style=\"width: 12.0266%\" width=\"84\">16:00-17:30<\/td>\n<td style=\"width: 14.468%\" width=\"81\">Imagem<\/td>\n<td style=\"width: 54.6471%\" width=\"590\">HRTEM- contraste de Fase, imagem de varredura em transmiss\u00e3o (STEM), Simula\u00e7\u00e3o<\/td>\n<td style=\"width: 28.1579%\" width=\"314\">Dr. Jefferson Bettini<\/td>\n<\/tr>\n<\/tbody>\n<\/table>\n<p>[\/vc_column_text][\/vc_tta_section][vc_tta_section title=&#8221;2 de julho&#8221; tab_id=&#8221;1713558894974-755be029-1953&#8243;][vc_column_text css=&#8221;&#8221;]<\/p>\n<table width=\"957\">\n<tbody>\n<tr style=\"background-color: #fbc344\">\n<td width=\"84\"><strong>Hor\u00e1rio<\/strong><\/td>\n<td width=\"145\"><\/td>\n<td width=\"482\"><strong>Atividade<\/strong><\/td>\n<td width=\"246\"><strong>Palestrante<\/strong><\/td>\n<\/tr>\n<tr>\n<td width=\"84\">9:00-10:30<\/td>\n<td width=\"145\">Espectroscopia<\/td>\n<td width=\"482\">EDS e EELS<\/td>\n<td width=\"246\">Dr. Jefferson Bettini<\/td>\n<\/tr>\n<tr>\n<td width=\"84\">10:30-11:00<\/td>\n<td width=\"145\"><\/td>\n<td width=\"482\"><em>Coffee-Break<\/em><\/td>\n<td><\/td>\n<\/tr>\n<tr>\n<td width=\"84\">11:00-13:00<\/td>\n<td width=\"145\">Espectroscopia<\/td>\n<td width=\"482\">EDS e EELS<\/td>\n<td width=\"246\">Dr. Jefferson Bettini<\/td>\n<\/tr>\n<tr>\n<td width=\"84\">13:00-14:00<\/td>\n<td width=\"145\"><\/td>\n<td width=\"482\"><em>Almo\u00e7o<\/em><\/td>\n<td><\/td>\n<\/tr>\n<tr>\n<td width=\"84\">14:00-15:30<\/td>\n<td width=\"145\">Microscopia corrigida<\/td>\n<td width=\"482\">Corretores- Lentes multipolares<\/td>\n<td width=\"246\">Dr. Carlos Ospina<\/td>\n<\/tr>\n<tr>\n<td width=\"84\">15:30-16:00<\/td>\n<td width=\"145\"><\/td>\n<td width=\"482\"><em>Coffee-Break<\/em><\/td>\n<td><\/td>\n<\/tr>\n<tr>\n<td width=\"84\">16:00-17:30<\/td>\n<td width=\"145\">Microscopia corrigida<\/td>\n<td width=\"482\">UHRTEM \u2013 Aplica\u00e7\u00f5es<\/td>\n<td width=\"246\">Dr. Carlos Ospina<\/td>\n<\/tr>\n<\/tbody>\n<\/table>\n<p>[\/vc_column_text][\/vc_tta_section][vc_tta_section title=&#8221;3 de julho&#8221; tab_id=&#8221;1713805910134-9dc0352a-8eed&#8221;][vc_column_text css=&#8221;&#8221;]<\/p>\n<table style=\"width: 90.8735%;height: 220px\" width=\"1149\">\n<tbody>\n<tr style=\"background-color: #fbc344\">\n<td style=\"width: 15.962%;height: 22px\" width=\"84\"><strong>Hor\u00e1rio<\/strong><\/td>\n<td style=\"width: 21.1784%;height: 22px\" width=\"152\"><\/td>\n<td style=\"width: 39.0584%;height: 22px\" width=\"647\"><strong>Atividade<\/strong><\/td>\n<td style=\"width: 22.9294%;height: 22px\" width=\"266\"><strong>Palestrante<\/strong><\/td>\n<\/tr>\n<tr style=\"height: 22px\">\n<td style=\"width: 15.962%;height: 22px\" width=\"84\">9:00-10:30<\/td>\n<td style=\"width: 21.1784%;height: 22px\" width=\"152\">Microscopia corrigida<\/td>\n<td style=\"width: 39.0584%;height: 22px\" width=\"647\">UHRSTEM \u2013 Aplica\u00e7\u00f5es imagem<\/td>\n<td style=\"width: 22.9294%;height: 22px\" width=\"266\">Dr. Carlos Ospina<\/td>\n<\/tr>\n<tr style=\"height: 22px\">\n<td style=\"width: 15.962%;height: 22px\" width=\"84\">10:30-11:00<\/td>\n<td style=\"width: 21.1784%;height: 22px\" width=\"152\"><\/td>\n<td style=\"width: 39.0584%;height: 22px\" width=\"647\"><em>Coffee-Break<\/em><\/td>\n<td style=\"width: 22.9294%;height: 22px\"><\/td>\n<\/tr>\n<tr style=\"height: 22px\">\n<td style=\"width: 15.962%;height: 22px\" width=\"84\">11:00-13:00<\/td>\n<td style=\"width: 21.1784%;height: 22px\" width=\"152\">Microscopia avan\u00e7ada<\/td>\n<td style=\"width: 39.0584%;height: 22px\" width=\"647\">In-situ, tomografia<\/td>\n<td style=\"width: 22.9294%;height: 22px\" width=\"266\">Dr. Jefferson Bettini<\/td>\n<\/tr>\n<tr style=\"height: 22px\">\n<td style=\"width: 15.962%;height: 22px\" width=\"84\">13:00-14:00<\/td>\n<td style=\"width: 21.1784%;height: 22px\" width=\"152\"><\/td>\n<td style=\"width: 39.0584%;height: 22px\" width=\"647\"><em>Almo\u00e7o<\/em><\/td>\n<td style=\"width: 22.9294%;height: 22px\"><\/td>\n<\/tr>\n<tr style=\"height: 22px\">\n<td style=\"width: 15.962%;height: 22px\" width=\"84\">14:00-15:30<\/td>\n<td style=\"width: 21.1784%;height: 22px\" width=\"152\">Microscopia avan\u00e7ada<\/td>\n<td style=\"width: 39.0584%;height: 22px\" width=\"647\">4D-STEM<\/td>\n<td style=\"width: 22.9294%;height: 22px\" width=\"266\">Dr. Carlos Ospina<\/td>\n<\/tr>\n<tr style=\"height: 22px\">\n<td style=\"width: 15.962%;height: 22px\" width=\"84\">15:30-16:00<\/td>\n<td style=\"width: 21.1784%;height: 22px\" width=\"152\"><\/td>\n<td style=\"width: 39.0584%;height: 22px\" width=\"647\"><em>Coffee-Break<\/em><\/td>\n<td style=\"width: 22.9294%;height: 22px\"><\/td>\n<\/tr>\n<tr style=\"height: 22px\">\n<td style=\"width: 15.962%;height: 22px\" width=\"84\">16:00-17:30<\/td>\n<td style=\"width: 21.1784%;height: 22px\" width=\"152\">Opera\u00e7\u00e3o<\/td>\n<td style=\"width: 39.0584%;height: 22px\" width=\"647\">Alinhamento, Difra\u00e7\u00e3o, Imagem baixa magnifica\u00e7\u00e3o<\/td>\n<td style=\"width: 22.9294%;height: 22px\" width=\"266\"><span data-olk-copy-source=\"MessageBody\">Dr. Tarc\u00edsio Perfecto<\/span><\/td>\n<\/tr>\n<tr style=\"height: 22px\">\n<td style=\"width: 15.962%;height: 22px\" width=\"84\">17:30-19:00<\/td>\n<td style=\"width: 21.1784%;height: 22px\" width=\"152\"><\/td>\n<td style=\"width: 39.0584%;height: 22px\" width=\"647\"><em>Visita ao Sirius<\/em><\/td>\n<td style=\"width: 22.9294%;height: 22px\"><\/td>\n<\/tr>\n<tr style=\"height: 22px\">\n<td style=\"width: 15.962%;height: 22px\" width=\"84\">19:00-21:00<\/td>\n<td style=\"width: 21.1784%;height: 22px\" width=\"152\"><\/td>\n<td style=\"width: 39.0584%;height: 22px\" width=\"647\"><em>Confraterniza\u00e7\u00e3o<\/em><\/td>\n<td style=\"width: 22.9294%;height: 22px\"><\/td>\n<\/tr>\n<\/tbody>\n<\/table>\n<p>[\/vc_column_text][\/vc_tta_section][vc_tta_section title=&#8221;4 de julho&#8221; tab_id=&#8221;1713806351276-adfe76c0-5e72&#8243;][vc_column_text css=&#8221;&#8221;]<\/p>\n<table style=\"width: 90.2164%;height: 233px\" width=\"914\">\n<tbody>\n<tr style=\"background-color: #fbc344\">\n<td style=\"height: 22px;width: 16.2309%\" width=\"84\"><strong>Hor\u00e1rio<\/strong><\/td>\n<td style=\"height: 22px;width: 22.9848%\" width=\"108\"><\/td>\n<td style=\"height: 22px;width: 29.3028%\" width=\"357\"><strong>Atividade<\/strong><\/td>\n<td style=\"height: 22px;width: 30.1743%\" width=\"365\"><strong>Palestrante<\/strong><\/td>\n<\/tr>\n<tr style=\"height: 79px\">\n<td style=\"height: 79px;width: 16.2309%\" width=\"84\">8:30-10:30<\/td>\n<td style=\"height: 79px;width: 22.9848%\" width=\"108\">\n<div style=\"text-align: left\" data-olk-copy-source=\"MessageBody\"><\/div>\n<ul>\n<li class=\"x_elementToProof\" style=\"text-align: left\" data-olk-copy-source=\"MessageBody\">Demonstra\u00e7\u00f5es<\/li>\n<li class=\"x_elementToProof\" style=\"text-align: left\">Question\u00e1rio de desempenho<\/li>\n<\/ul>\n<\/td>\n<td style=\"height: 79px;width: 29.3028%\" width=\"357\">\n<ul>\n<li class=\"x_elementToProof\" data-olk-copy-source=\"MessageBody\">Grupo 1\u00a0 (45 participantes)<\/li>\n<li class=\"x_elementToProof\">Grupo 2\u00a0 (45 participantes)<\/li>\n<\/ul>\n<\/td>\n<td style=\"height: 79px;width: 30.1743%\" width=\"365\">\n<div class=\"x_elementToProof\" data-olk-copy-source=\"MessageBody\">Equipe TEM<\/div>\n<div class=\"x_elementToProof\">Dr. Jefferson Bettini<\/div>\n<\/td>\n<\/tr>\n<tr style=\"height: 22px\">\n<td style=\"height: 22px;width: 16.2309%\" width=\"84\">10:30-11:00<\/td>\n<td style=\"height: 22px;width: 22.9848%\" width=\"108\"><\/td>\n<td style=\"height: 22px;width: 29.3028%\" width=\"357\"><em>Coffee-Break<\/em><\/td>\n<td style=\"height: 22px;width: 30.1743%\"><\/td>\n<\/tr>\n<tr style=\"height: 22px\">\n<td style=\"height: 22px;width: 16.2309%\" width=\"84\">11:00-13:00<\/td>\n<td style=\"height: 22px;width: 22.9848%\" width=\"108\">\n<div data-olk-copy-source=\"MessageBody\"><\/div>\n<ul>\n<li class=\"x_elementToProof\" data-olk-copy-source=\"MessageBody\">Demonstra\u00e7\u00f5es<\/li>\n<li class=\"x_elementToProof\">Question\u00e1rio de desempenho<\/li>\n<\/ul>\n<\/td>\n<td style=\"height: 22px;width: 29.3028%\" width=\"357\">\n<div class=\"x_elementToProof\" data-olk-copy-source=\"MessageBody\">\n<ul>\n<li class=\"x_elementToProof\" data-olk-copy-source=\"MessageBody\">Grupo 2\u00a0 (45 participantes)<\/li>\n<li class=\"x_elementToProof\">Grupo 1\u00a0 (45 participantes)<\/li>\n<\/ul>\n<\/div>\n<\/td>\n<td style=\"height: 22px;width: 30.1743%\" width=\"365\">\n<div class=\"x_elementToProof\" data-olk-copy-source=\"MessageBody\">Equipe TEM<\/div>\n<div class=\"x_elementToProof\">Dr. Jefferson Bettini<\/div>\n<\/td>\n<\/tr>\n<tr style=\"height: 22px\">\n<td style=\"height: 22px;width: 16.2309%\" width=\"84\">13:00-14:00<\/td>\n<td style=\"height: 22px;width: 22.9848%\" width=\"108\"><\/td>\n<td style=\"height: 22px;width: 29.3028%\" width=\"357\">Almo\u00e7o<\/td>\n<td style=\"height: 22px;width: 30.1743%\"><\/td>\n<\/tr>\n<tr style=\"height: 22px\">\n<td style=\"height: 22px;width: 16.2309%\" width=\"84\">14:00-15:30<\/td>\n<td style=\"height: 22px;width: 22.9848%\" width=\"108\">Demonstra\u00e7\u00f5es<\/td>\n<td style=\"height: 22px;width: 29.3028%\" width=\"357\">Processamento de dados \u2013 imagem espectral<\/td>\n<td style=\"height: 22px;width: 30.1743%\" width=\"365\"><span data-olk-copy-source=\"MessageBody\">Dra. Tanna Fiuza<\/span><\/td>\n<\/tr>\n<tr style=\"height: 22px\">\n<td style=\"height: 22px;width: 16.2309%\" width=\"84\">15:30-16:00<\/td>\n<td style=\"height: 22px;width: 22.9848%\" width=\"108\"><\/td>\n<td style=\"height: 22px;width: 29.3028%\" width=\"357\"><em>Coffee-Break<\/em><\/td>\n<td style=\"height: 22px;width: 30.1743%\"><\/td>\n<\/tr>\n<tr style=\"height: 22px\">\n<td style=\"height: 22px;width: 16.2309%\" width=\"84\">16:00-17:30<\/td>\n<td style=\"height: 22px;width: 22.9848%\" width=\"108\">Demonstra\u00e7\u00f5es<\/td>\n<td style=\"height: 22px;width: 29.3028%\" width=\"357\">Processamento de dados \u2013 4D-STEM<\/td>\n<td style=\"width: 30.1743%\">\n<div class=\"x_elementToProof\">Rodrigo Godoy\u00a0de Souza<\/div>\n<\/td>\n<\/tr>\n<\/tbody>\n<\/table>\n<p>[\/vc_column_text][\/vc_tta_section][\/vc_tta_tabs][\/vc_column][\/vc_row][vc_row][vc_column][vc_empty_space][vc_separator color=&#8221;custom&#8221; css=&#8221;&#8221; accent_color=&#8221;#FCC444&#8243;][vc_empty_space][vc_custom_heading text=&#8221;Workshop de Microscopia Eletr\u00f4nica em Materiais Moles&#8221; font_container=&#8221;tag:h3|text_align:left&#8221; google_fonts=&#8221;font_family:Roboto%3A100%2C100italic%2C300%2C300italic%2Cregular%2Citalic%2C500%2C500italic%2C700%2C700italic%2C900%2C900italic|font_style:500%20bold%20regular%3A500%3Anormal&#8221; css=&#8221;&#8221;][vc_tta_tabs style=&#8221;outline&#8221; color=&#8221;orange&#8221; active_section=&#8221;1&#8243;][vc_tta_section title=&#8221;7 de julho&#8221; tab_id=&#8221;1744918220176-98684400-4c7f&#8221;][vc_column_text css=&#8221;&#8221;]<strong>Programa\u00e7\u00e3o\u00a0 Workshop Cryo-TEM<\/strong><\/p>\n<table style=\"width: 95.7067%;height: 286px\" width=\"853\">\n<tbody>\n<tr style=\"height: 22px;background-color: #fbc344\">\n<td style=\"width: 15.4203%;height: 22px\" width=\"84\"><strong>Hor\u00e1rio<\/strong><\/td>\n<td style=\"width: 53.2333%;height: 22px\" width=\"502\"><strong>T\u00f3pico<\/strong><\/td>\n<td style=\"width: 58.6931%;height: 22px\" width=\"159\"><strong>Palestrante<\/strong><\/td>\n<\/tr>\n<tr style=\"height: 22px\">\n<td style=\"width: 15.4203%;height: 22px\" width=\"84\"><span data-olk-copy-source=\"MessageBody\">09h &#8211; 10h<\/span><\/td>\n<td style=\"width: 53.2333%;height: 22px\" width=\"502\">O Microscopia Eletr\u00f4nico, Intera\u00e7\u00e3o El\u00e9tron Mat\u00e9ria e Forma\u00e7\u00e3o de Imagem<\/td>\n<td style=\"width: 58.6931%;height: 22px\" width=\"159\"><span data-olk-copy-source=\"MessageBody\">Jefferson Bettini<\/span><\/td>\n<\/tr>\n<tr style=\"height: 22px\">\n<td style=\"width: 15.4203%;height: 22px\" width=\"84\">10h &#8211; 11h<\/td>\n<td style=\"width: 53.2333%;height: 22px\" width=\"502\">Desafios da T\u00e9cnica de CyoEM em Materiais Sens\u00edveis: M\u00e9todos para Maximizar o Contraste e Minimizar Dano<\/td>\n<td style=\"width: 58.6931%;height: 22px\">Luelc Souza da Costa<\/td>\n<\/tr>\n<tr style=\"height: 22px\">\n<td style=\"width: 15.4203%;height: 22px\" width=\"84\">11h &#8211; 11h30<\/td>\n<td style=\"width: 53.2333%;height: 22px\" width=\"502\"><em>Coffee Break<\/em><\/td>\n<td style=\"width: 58.6931%;height: 22px\" width=\"159\"><\/td>\n<\/tr>\n<tr style=\"height: 22px\">\n<td style=\"width: 15.4203%;height: 22px\" width=\"84\">11h30 &#8211; 13h<\/td>\n<td style=\"width: 53.2333%;height: 22px\" width=\"502\">Preparo Criog\u00eanico de Amostras de Materiais Moles: do Estado S\u00f3lido ao Semiss\u00f3lido<\/td>\n<td style=\"width: 58.6931%;height: 22px\">Laura Caetano Escobar da Costa<\/td>\n<\/tr>\n<tr style=\"height: 22px\">\n<td style=\"width: 15.4203%;height: 22px\" width=\"84\"><span data-olk-copy-source=\"MessageBody\">13h &#8211; 14h<\/span><\/td>\n<td style=\"width: 53.2333%;height: 22px\" width=\"502\"><em>Almo\u00e7o<\/em><\/td>\n<td style=\"width: 58.6931%;height: 22px\" width=\"159\"><\/td>\n<\/tr>\n<tr style=\"height: 22px\">\n<td style=\"width: 15.4203%;height: 22px\" width=\"84\"><span data-olk-copy-source=\"MessageBody\">14h &#8211; 14h30<\/span><\/td>\n<td style=\"width: 53.2333%;height: 22px\" width=\"502\"><span data-olk-copy-source=\"MessageBody\">Agregados de Surfactantes \u2013 Ver para Crer<\/span><\/td>\n<td style=\"width: 58.6931%;height: 22px\"><span data-olk-copy-source=\"MessageBody\">Edvaldo Sabadini<\/span><\/td>\n<\/tr>\n<tr style=\"height: 22px\">\n<td style=\"width: 15.4203%;height: 22px\" width=\"84\"><span data-olk-copy-source=\"MessageBody\">14h30 &#8211; 15h<\/span><\/td>\n<td style=\"width: 53.2333%;height: 22px\" width=\"502\"><span data-olk-copy-source=\"MessageBody\">Cryo Miscrocopia para Caracteriza\u00e7\u00e3o de Agregados de Pol\u00edmeros e Surfactantes<\/span><\/td>\n<td style=\"width: 58.6931%;height: 22px\" width=\"159\"><span data-olk-copy-source=\"MessageBody\">Watson Loh<\/span><\/td>\n<\/tr>\n<tr style=\"height: 44px\">\n<td style=\"width: 15.4203%;height: 44px\"><span data-olk-copy-source=\"MessageBody\">15h &#8211; 15h30<\/span><\/td>\n<td style=\"width: 53.2333%;height: 44px\">Integra\u00e7\u00e3o de Cryo-TEM e SAXS para a Caracteriza\u00e7\u00e3o Multiescala da Adsor\u00e7\u00e3o de Prote\u00ednas em Nanopart\u00edculas<\/td>\n<td style=\"width: 58.6931%;height: 44px\"><span data-olk-copy-source=\"MessageBody\">Mateus Cardoso<\/span><\/td>\n<\/tr>\n<tr style=\"height: 22px\">\n<td style=\"width: 15.4203%;height: 22px\">15h30 &#8211; 16h<\/td>\n<td style=\"width: 53.2333%;height: 22px\"><span data-olk-copy-source=\"MessageBody\">Cryo-TEM na An\u00e1lise de Redes de Nanofibrilas de Celulose<\/span><\/td>\n<td style=\"width: 58.6931%;height: 22px\"><span data-olk-copy-source=\"MessageBody\">Juliana Bernardes<\/span><\/td>\n<\/tr>\n<tr style=\"height: 22px\">\n<td style=\"width: 15.4203%;height: 22px\"><span data-olk-copy-source=\"MessageBody\">16h -16h30<\/span><\/td>\n<td style=\"width: 53.2333%;height: 22px\"><em>Coffee Break<\/em><\/td>\n<td style=\"width: 58.6931%;height: 22px\"><\/td>\n<\/tr>\n<tr style=\"height: 22px\">\n<td style=\"width: 15.4203%;height: 22px\"><span data-olk-copy-source=\"MessageBody\">16h30 &#8211; 18h<\/span><\/td>\n<td style=\"width: 53.2333%;height: 22px\"><span data-olk-copy-source=\"MessageBody\">Visita LNNano<\/span><\/td>\n<td style=\"width: 58.6931%;height: 22px\"><\/td>\n<\/tr>\n<\/tbody>\n<\/table>\n<p>[\/vc_column_text][\/vc_tta_section][\/vc_tta_tabs][\/vc_column][\/vc_row]<\/p>\n<\/div>","protected":false},"excerpt":{"rendered":"<p>[vc_row][vc_column][vc_message message_box_style=&#8221;outline&#8221; message_box_color=&#8221;orange&#8221; icon_type=&#8221;the7&#8243; icon_the7=&#8221;icomoon-the7-font-the7-more-00&#8243; css=&#8221;&#8221;] \u2022 A programa\u00e7\u00e3o est\u00e1 sujeita a altera\u00e7\u00f5es at\u00e9 a data do evento. Recomendamos verificar esta p\u00e1gina regularmente para se manter atualizado. \u2022 Importante: O CNPEM est\u00e1 comprometido em reduzir seu consumo de pl\u00e1stico nas depend\u00eancias do campus. Uma das a\u00e7\u00f5es voltadas ao cumprimento desse objetivo \u00e9 a redu\u00e7\u00e3o da&hellip;<\/p>\n","protected":false},"author":10,"featured_media":0,"parent":0,"menu_order":0,"comment_status":"closed","ping_status":"closed","template":"","meta":{"_acf_changed":false,"om_disable_all_campaigns":false,"footnotes":""},"class_list":["post-46","page","type-page","status-publish","hentry","description-off"],"acf":[],"_links":{"self":[{"href":"https:\/\/pages.cnpem.br\/fundamentosmet\/wp-json\/wp\/v2\/pages\/46","targetHints":{"allow":["GET"]}}],"collection":[{"href":"https:\/\/pages.cnpem.br\/fundamentosmet\/wp-json\/wp\/v2\/pages"}],"about":[{"href":"https:\/\/pages.cnpem.br\/fundamentosmet\/wp-json\/wp\/v2\/types\/page"}],"author":[{"embeddable":true,"href":"https:\/\/pages.cnpem.br\/fundamentosmet\/wp-json\/wp\/v2\/users\/10"}],"replies":[{"embeddable":true,"href":"https:\/\/pages.cnpem.br\/fundamentosmet\/wp-json\/wp\/v2\/comments?post=46"}],"version-history":[{"count":0,"href":"https:\/\/pages.cnpem.br\/fundamentosmet\/wp-json\/wp\/v2\/pages\/46\/revisions"}],"wp:attachment":[{"href":"https:\/\/pages.cnpem.br\/fundamentosmet\/wp-json\/wp\/v2\/media?parent=46"}],"curies":[{"name":"wp","href":"https:\/\/api.w.org\/{rel}","templated":true}]}}