{"id":14,"date":"2022-09-13T17:02:22","date_gmt":"2022-09-13T17:02:22","guid":{"rendered":"https:\/\/pages.cnpem.br\/ilumportasabertas\/?page_id=14"},"modified":"2025-08-07T14:33:55","modified_gmt":"2025-08-07T14:33:55","slug":"home","status":"publish","type":"page","link":"https:\/\/pages.cnpem.br\/ilumportasabertas\/","title":{"rendered":"HOME"},"content":{"rendered":"<div class=\"wpb-content-wrapper\"><p>[vc_row][vc_column width=&#8221;2\/3&#8243;][vc_text_separator title=&#8221;VENHA CONHECER A ILUM!&#8221;][vc_column_text css=&#8221;&#8221;]No dia 4 de outubro, a Ilum Escola de Ci\u00eancia abrir\u00e1 suas portas para estudantes do Ensino M\u00e9dio que desejam conhecer as suas instala\u00e7\u00f5es, a metodologia de ensino e a din\u00e2mica das aulas pr\u00e1ticas de laborat\u00f3rio. O objetivo \u00e9 divulgar \u00e0s alunas e aos alunos em potencial da Ilum o curso de Bacharelado em Ci\u00eancia e Tecnologia, apresentando o cotidiano dessa proposta inovadora para o Ensino Superior do pa\u00eds.<\/p>\n<p>&nbsp;<\/p>\n<p>&nbsp;<\/p>\n<p><img loading=\"lazy\" decoding=\"async\" class=\"wp-image-87 aligncenter\" src=\"https:\/\/pages.cnpem.br\/ilumportasabertas\/wp-content\/uploads\/sites\/154\/2024\/07\/5-fotos-adicionadas-300x169.jpg\" alt=\"\" width=\"688\" height=\"388\" srcset=\"https:\/\/pages.cnpem.br\/ilumportasabertas\/wp-content\/uploads\/sites\/154\/2024\/07\/5-fotos-adicionadas-300x169.jpg 300w, https:\/\/pages.cnpem.br\/ilumportasabertas\/wp-content\/uploads\/sites\/154\/2024\/07\/5-fotos-adicionadas-1024x576.jpg 1024w, https:\/\/pages.cnpem.br\/ilumportasabertas\/wp-content\/uploads\/sites\/154\/2024\/07\/5-fotos-adicionadas-768x432.jpg 768w, https:\/\/pages.cnpem.br\/ilumportasabertas\/wp-content\/uploads\/sites\/154\/2024\/07\/5-fotos-adicionadas-1536x864.jpg 1536w, https:\/\/pages.cnpem.br\/ilumportasabertas\/wp-content\/uploads\/sites\/154\/2024\/07\/5-fotos-adicionadas.jpg 2000w\" sizes=\"auto, (max-width: 688px) 100vw, 688px\" \/>[\/vc_column_text][\/vc_column][vc_column width=&#8221;1\/3&#8243;][vc_text_separator title=&#8221;Datas Importantes&#8221;][vc_cta h2=&#8221;&#8221; css=&#8221;&#8221;]<strong>Realiza\u00e7\u00e3o do evento:<\/strong> 4 de outubro, 2025<\/p>\n<p><strong>Inscri\u00e7\u00f5es:<\/strong> de 11 de agosto a 14 de setembro[\/vc_cta][vc_text_separator title=&#8221;Crit\u00e9rio de Sele\u00e7\u00e3o&#8221;][vc_cta h2=&#8221;&#8221; css=&#8221;&#8221;]Devido \u00e0s limita\u00e7\u00f5es de espa\u00e7o f\u00edsico, apenas 100 participantes externos poder\u00e3o comparecer presencialmente por per\u00edodo. Assim, a comiss\u00e3o organizadora adotar\u00e1 ordem de inscri\u00e7\u00e3o para os participantes.[\/vc_cta][vc_row_inner][vc_column_inner][vc_video link=&#8221;https:\/\/www.youtube.com\/watch?v=OIIi3wwaXhw&#8221; css=&#8221;&#8221;][\/vc_column_inner][\/vc_row_inner][\/vc_column][\/vc_row][vc_row][vc_column][vc_text_separator title=&#8221;Formato do evento&#8221;][vc_column_text]O evento ser\u00e1 presencial, dividido em duas turmas: manh\u00e3 e tarde. Sob a supervis\u00e3o da coordena\u00e7\u00e3o e de todo o corpo docente, os pr\u00f3prios graduandos da Ilum apresentar\u00e3o a faculdade, com a organiza\u00e7\u00e3o de espa\u00e7os que repliquem as atividades desenvolvidas durante o curso e de visitas guiadas aos laborat\u00f3rios. Devido \u00e0s limita\u00e7\u00f5es de espa\u00e7o f\u00edsico, apenas 100 participantes externos poder\u00e3o comparecer por per\u00edodo, por isso, \u00e9 imprescind\u00edvel a inscri\u00e7\u00e3o pr\u00e9via daqueles que desejam participar, escolhendo um dos turnos para a visita, manh\u00e3 ou tarde.[\/vc_column_text][\/vc_column][\/vc_row]<\/p>\n<\/div>","protected":false},"excerpt":{"rendered":"<p>[vc_row][vc_column width=&#8221;2\/3&#8243;][vc_text_separator title=&#8221;VENHA CONHECER A ILUM!&#8221;][vc_column_text css=&#8221;&#8221;]No dia 4 de outubro, a Ilum Escola de Ci\u00eancia abrir\u00e1 suas portas para estudantes do Ensino M\u00e9dio que desejam conhecer as suas instala\u00e7\u00f5es, a metodologia de ensino e a din\u00e2mica das aulas pr\u00e1ticas de laborat\u00f3rio. O objetivo \u00e9 divulgar \u00e0s alunas e aos alunos em potencial da Ilum&hellip;<\/p>\n","protected":false},"author":3407,"featured_media":0,"parent":0,"menu_order":0,"comment_status":"closed","ping_status":"closed","template":"","meta":{"footnotes":""},"class_list":["post-14","page","type-page","status-publish","hentry","description-off"],"_links":{"self":[{"href":"https:\/\/pages.cnpem.br\/ilumportasabertas\/wp-json\/wp\/v2\/pages\/14","targetHints":{"allow":["GET"]}}],"collection":[{"href":"https:\/\/pages.cnpem.br\/ilumportasabertas\/wp-json\/wp\/v2\/pages"}],"about":[{"href":"https:\/\/pages.cnpem.br\/ilumportasabertas\/wp-json\/wp\/v2\/types\/page"}],"author":[{"embeddable":true,"href":"https:\/\/pages.cnpem.br\/ilumportasabertas\/wp-json\/wp\/v2\/users\/3407"}],"replies":[{"embeddable":true,"href":"https:\/\/pages.cnpem.br\/ilumportasabertas\/wp-json\/wp\/v2\/comments?post=14"}],"version-history":[{"count":0,"href":"https:\/\/pages.cnpem.br\/ilumportasabertas\/wp-json\/wp\/v2\/pages\/14\/revisions"}],"wp:attachment":[{"href":"https:\/\/pages.cnpem.br\/ilumportasabertas\/wp-json\/wp\/v2\/media?parent=14"}],"curies":[{"name":"wp","href":"https:\/\/api.w.org\/{rel}","templated":true}]}}