{"id":92,"date":"2026-01-08T16:55:09","date_gmt":"2026-01-08T16:55:09","guid":{"rendered":"https:\/\/pages.cnpem.br\/inct-dq\/?page_id=92"},"modified":"2026-03-30T19:18:36","modified_gmt":"2026-03-30T19:18:36","slug":"producao-cientifica","status":"publish","type":"page","link":"https:\/\/pages.cnpem.br\/inct-dq\/producao-cientifica\/","title":{"rendered":"Produ\u00e7\u00e3o cient\u00edfica e tecnol\u00f3gica"},"content":{"rendered":"<div class=\"wpb-content-wrapper\"><p>[vc_row full_width=&#8221;stretch_row&#8221;][vc_column][vc_custom_heading text=&#8221;Produ\u00e7\u00e3o cient\u00edfica e tecnol\u00f3gica&#8221; use_theme_fonts=&#8221;yes&#8221; css=&#8221;&#8221;][vc_column_text css=&#8221;&#8221;]<\/p>\n<p style=\"text-align: justify\"><span style=\"font-size: large\">P\u00e1gina em desenvolvimento.<\/span><\/p>\n<blockquote>\n<p style=\"text-align: justify\"><strong><span style=\"font-size: large\">Listagem de artigos<\/span><\/strong><\/p>\n<\/blockquote>\n<p>[\/vc_column_text][\/vc_column][\/vc_row]<\/p>\n<\/div>","protected":false},"excerpt":{"rendered":"<p>[vc_row full_width=&#8221;stretch_row&#8221;][vc_column][vc_custom_heading text=&#8221;Produ\u00e7\u00e3o cient\u00edfica e tecnol\u00f3gica&#8221; use_theme_fonts=&#8221;yes&#8221; css=&#8221;&#8221;][vc_column_text css=&#8221;&#8221;] P\u00e1gina em desenvolvimento. Listagem de artigos [\/vc_column_text][\/vc_column][\/vc_row]<\/p>\n","protected":false},"author":883,"featured_media":0,"parent":0,"menu_order":0,"comment_status":"closed","ping_status":"closed","template":"","meta":{"footnotes":""},"class_list":["post-92","page","type-page","status-publish","hentry","description-off"],"_links":{"self":[{"href":"https:\/\/pages.cnpem.br\/inct-dq\/wp-json\/wp\/v2\/pages\/92","targetHints":{"allow":["GET"]}}],"collection":[{"href":"https:\/\/pages.cnpem.br\/inct-dq\/wp-json\/wp\/v2\/pages"}],"about":[{"href":"https:\/\/pages.cnpem.br\/inct-dq\/wp-json\/wp\/v2\/types\/page"}],"author":[{"embeddable":true,"href":"https:\/\/pages.cnpem.br\/inct-dq\/wp-json\/wp\/v2\/users\/883"}],"replies":[{"embeddable":true,"href":"https:\/\/pages.cnpem.br\/inct-dq\/wp-json\/wp\/v2\/comments?post=92"}],"version-history":[{"count":0,"href":"https:\/\/pages.cnpem.br\/inct-dq\/wp-json\/wp\/v2\/pages\/92\/revisions"}],"wp:attachment":[{"href":"https:\/\/pages.cnpem.br\/inct-dq\/wp-json\/wp\/v2\/media?parent=92"}],"curies":[{"name":"wp","href":"https:\/\/api.w.org\/{rel}","templated":true}]}}