{"id":13,"date":"2024-05-13T18:21:08","date_gmt":"2024-05-13T18:21:08","guid":{"rendered":"https:\/\/pages.cnpem.br\/introducaomicroscopiaeletronica\/?page_id=13"},"modified":"2025-07-24T09:12:45","modified_gmt":"2025-07-24T12:12:45","slug":"inscricao","status":"publish","type":"page","link":"https:\/\/pages.cnpem.br\/introducaomicroscopiaeletronica\/inscricao\/","title":{"rendered":"Inscri\u00e7\u00e3o"},"content":{"rendered":"<div class=\"wpb-content-wrapper\"><p>[vc_row][vc_column][vc_column_text css=&#8221;&#8221;]<\/p>\n<h3 style=\"text-align: justify;\">Inscri\u00e7\u00f5es<\/h3>\n<p style=\"text-align: justify;\">Preencha o formul\u00e1rio abaixo, de<strong> 2 de julho a 15 de julho de 2025<\/strong>, para se inscrever da disciplina Introdu\u00e7\u00e3o \u00e0 Microscopia Eletr\u00f4nica.<\/p>\n<p>[\/vc_column_text][\/vc_column][\/vc_row]<\/p>\n<\/div>","protected":false},"excerpt":{"rendered":"<p>[vc_row][vc_column][vc_column_text css=&#8221;&#8221;] Inscri\u00e7\u00f5es Preencha o formul\u00e1rio abaixo, de 2 de julho a 15 de julho de 2025, para se inscrever da disciplina Introdu\u00e7\u00e3o \u00e0 Microscopia Eletr\u00f4nica. [\/vc_column_text][\/vc_column][\/vc_row]<\/p>\n","protected":false},"author":883,"featured_media":0,"parent":0,"menu_order":0,"comment_status":"closed","ping_status":"closed","template":"","meta":{"footnotes":""},"class_list":["post-13","page","type-page","status-publish","hentry","description-off"],"_links":{"self":[{"href":"https:\/\/pages.cnpem.br\/introducaomicroscopiaeletronica\/wp-json\/wp\/v2\/pages\/13","targetHints":{"allow":["GET"]}}],"collection":[{"href":"https:\/\/pages.cnpem.br\/introducaomicroscopiaeletronica\/wp-json\/wp\/v2\/pages"}],"about":[{"href":"https:\/\/pages.cnpem.br\/introducaomicroscopiaeletronica\/wp-json\/wp\/v2\/types\/page"}],"author":[{"embeddable":true,"href":"https:\/\/pages.cnpem.br\/introducaomicroscopiaeletronica\/wp-json\/wp\/v2\/users\/883"}],"replies":[{"embeddable":true,"href":"https:\/\/pages.cnpem.br\/introducaomicroscopiaeletronica\/wp-json\/wp\/v2\/comments?post=13"}],"version-history":[{"count":0,"href":"https:\/\/pages.cnpem.br\/introducaomicroscopiaeletronica\/wp-json\/wp\/v2\/pages\/13\/revisions"}],"wp:attachment":[{"href":"https:\/\/pages.cnpem.br\/introducaomicroscopiaeletronica\/wp-json\/wp\/v2\/media?parent=13"}],"curies":[{"name":"wp","href":"https:\/\/api.w.org\/{rel}","templated":true}]}}