{"id":8,"date":"2020-05-05T12:22:20","date_gmt":"2020-05-05T15:22:20","guid":{"rendered":"https:\/\/pages.cnpem.br\/lnlsusergroup\/?page_id=8"},"modified":"2026-01-09T14:30:47","modified_gmt":"2026-01-09T17:30:47","slug":"users-committee","status":"publish","type":"page","link":"https:\/\/pages.cnpem.br\/lnlsusersgroup\/users-committee\/","title":{"rendered":"Users Committee"},"content":{"rendered":"<div class=\"wpb-content-wrapper\"><p>[vc_row][vc_column width=&#8221;1\/6&#8243;][\/vc_column][vc_column width=&#8221;2\/3&#8243;][vc_text_separator title=&#8221;Current Members of Users Committee&#8221; css=&#8221;&#8221;][vc_column_text css=&#8221;&#8221;]<strong>Mandate 2025-2026<\/strong><\/p>\n<table class=\"x_MsoNormalTable\" border=\"0\" width=\"782\" cellspacing=\"0\" cellpadding=\"0\">\n<tbody>\n<tr>\n<td nowrap=\"nowrap\" width=\"406\">\n<p class=\"x_MsoNormal\">Alejandro Pedro Ayala<\/p>\n<\/td>\n<td valign=\"bottom\" nowrap=\"nowrap\" width=\"375\">\n<p class=\"x_MsoNormal\">Universidade Federal do Cear\u00e1<\/p>\n<\/td>\n<\/tr>\n<tr>\n<td nowrap=\"nowrap\" width=\"406\">\n<p class=\"x_MsoNormal\">Douglas Galante<\/p>\n<\/td>\n<td valign=\"bottom\" nowrap=\"nowrap\" width=\"375\">\n<p class=\"x_MsoNormal\">Universidade de S\u00e3o Paulo<\/p>\n<\/td>\n<\/tr>\n<tr>\n<td nowrap=\"nowrap\" width=\"406\">\n<p class=\"x_MsoNormal\">Katia Bernardo Gusm\u00e3o<\/p>\n<\/td>\n<td valign=\"bottom\" nowrap=\"nowrap\" width=\"375\">\n<p class=\"x_MsoNormal\">Universidade Federal do Rio Grande do Sul<\/p>\n<\/td>\n<\/tr>\n<tr>\n<td nowrap=\"nowrap\" width=\"406\">\n<p class=\"x_MsoNormal\">M\u00e1rio Ernesto Giroldo Val\u00e9rio<\/p>\n<\/td>\n<td valign=\"bottom\" nowrap=\"nowrap\" width=\"375\">\n<p class=\"x_MsoNormal\">Universidade Federal de Sergipe<\/p>\n<\/td>\n<\/tr>\n<tr>\n<td nowrap=\"nowrap\" width=\"406\">\n<p class=\"x_MsoNormal\">N\u00e1dya Pesce da Silveira &#8211; <b>Chair<\/b><\/p>\n<\/td>\n<td valign=\"bottom\" nowrap=\"nowrap\" width=\"375\">\n<p class=\"x_MsoNormal\">Universidade Federal do Rio Grande do Sul<\/p>\n<\/td>\n<\/tr>\n<tr>\n<td nowrap=\"nowrap\" width=\"406\">\n<p class=\"x_MsoNormal\">Regina Cely Rodrigues Barroso<\/p>\n<\/td>\n<td valign=\"bottom\" nowrap=\"nowrap\" width=\"375\">\n<p class=\"x_MsoNormal\">Universidade do Estado do Rio de Janeiro<\/p>\n<\/td>\n<\/tr>\n<tr>\n<td>Suellen Maria Valeriano Novais<\/td>\n<td>\n<p class=\"x_MsoNormal\">Universidade Federal do Rec\u00f4ncavo da Bahia<\/p>\n<\/td>\n<\/tr>\n<tr>\n<td nowrap=\"nowrap\" width=\"406\">\n<p class=\"x_MsoNormal\">Yraima Moura Lopes Cordeiro<\/p>\n<\/td>\n<td valign=\"bottom\" nowrap=\"nowrap\" width=\"375\">\n<p class=\"x_MsoNormal\">Universidade Federal do Rio de Janeiro<\/p>\n<\/td>\n<\/tr>\n<\/tbody>\n<\/table>\n<p>[\/vc_column_text][\/vc_column][vc_column width=&#8221;1\/6&#8243;][\/vc_column][\/vc_row][vc_row][vc_column width=&#8221;1\/6&#8243;][\/vc_column][vc_column width=&#8221;2\/3&#8243;][vc_text_separator title=&#8221;Full list of Members of Users Committee and its Mandates&#8221; css=&#8221;&#8221;][vc_column_text css=&#8221;&#8221;]<strong>Mandate 2019-2020<\/strong><\/p>\n<table class=\"x_MsoNormalTable\" style=\"width: 780px\" border=\"0\" width=\"782\" cellspacing=\"0\" cellpadding=\"0\">\n<tbody>\n<tr>\n<td style=\"width: 405px\" nowrap=\"nowrap\" width=\"406\">\n<p class=\"x_MsoNormal\"><span data-olk-copy-source=\"MessageBody\">Eduardo Granado Monteiro da Silva<\/span><\/p>\n<\/td>\n<td style=\"width: 375px\" valign=\"bottom\" nowrap=\"nowrap\" width=\"375\">\n<p class=\"x_MsoNormal\">Universidade Estadual de Campinas<\/p>\n<\/td>\n<\/tr>\n<tr>\n<td style=\"width: 405px\" nowrap=\"nowrap\" width=\"406\">\n<p class=\"x_MsoNormal\"><span data-olk-copy-source=\"MessageBody\">Regina Cely Rodrigues Barroso<\/span><\/p>\n<\/td>\n<td style=\"width: 375px\" valign=\"bottom\" nowrap=\"nowrap\" width=\"375\">\n<p class=\"x_MsoNormal\">Universidade do Estado do Rio de Janeiro<\/p>\n<\/td>\n<\/tr>\n<tr>\n<td style=\"width: 405px\" nowrap=\"nowrap\" width=\"406\"><span data-olk-copy-source=\"MessageBody\">Maria Luiza Rocco Duarte Pereira<\/span><\/td>\n<td style=\"width: 375px\" valign=\"bottom\" nowrap=\"nowrap\" width=\"375\">\n<p class=\"x_MsoNormal\">Universidade Federal do Rio de Janeiro<\/p>\n<\/td>\n<\/tr>\n<\/tbody>\n<\/table>\n<p>[\/vc_column_text][vc_column_text css=&#8221;&#8221;]<strong>Mandate 2020-2021<\/strong><\/p>\n<table class=\"x_MsoNormalTable\" border=\"0\" width=\"782\" cellspacing=\"0\" cellpadding=\"0\">\n<tbody>\n<tr>\n<td nowrap=\"nowrap\" width=\"406\">\n<p class=\"x_MsoNormal\">Gustavo de Medeiros Azevedo<\/p>\n<\/td>\n<td valign=\"bottom\" nowrap=\"nowrap\" width=\"375\">\n<p class=\"x_MsoNormal\">Universidade Federal do Rio Grande do Sul<\/p>\n<\/td>\n<\/tr>\n<tr>\n<td nowrap=\"nowrap\" width=\"406\">\n<p class=\"x_MsoNormal\">Claudia Rodriguez Torres<\/p>\n<\/td>\n<td valign=\"bottom\" nowrap=\"nowrap\" width=\"375\">\n<p class=\"x_MsoNormal\">Universidad Nacional de La Plata<\/p>\n<\/td>\n<\/tr>\n<tr>\n<td nowrap=\"nowrap\" width=\"406\">\n<p class=\"x_MsoNormal\">Mar\u00eda Fernanda Mera<\/p>\n<\/td>\n<td valign=\"bottom\" nowrap=\"nowrap\" width=\"375\">\n<p class=\"x_MsoNormal\">Centro de Excelencia de Productos y Procesos de C\u00f3rdoba<\/p>\n<\/td>\n<\/tr>\n<tr>\n<td nowrap=\"nowrap\" width=\"406\">\n<p class=\"x_MsoNormal\">Hudson Wallace Pereira de Carvalho<\/p>\n<\/td>\n<td valign=\"bottom\" nowrap=\"nowrap\" width=\"375\">\n<p class=\"x_MsoNormal\">Universidade de S\u00e3o Paulo<\/p>\n<\/td>\n<\/tr>\n<tr>\n<td nowrap=\"nowrap\" width=\"406\">\n<p class=\"x_MsoNormal\">Eduardo Granado Monteiro da Silva<\/p>\n<\/td>\n<td valign=\"bottom\" nowrap=\"nowrap\" width=\"375\">\n<p class=\"x_MsoNormal\">Universidade Estadual de Campinas<\/p>\n<\/td>\n<\/tr>\n<tr>\n<td nowrap=\"nowrap\" width=\"406\">\n<p class=\"x_MsoNormal\">Daniela Zanchet<\/p>\n<\/td>\n<td valign=\"bottom\" nowrap=\"nowrap\" width=\"375\">\n<p class=\"x_MsoNormal\">Universidade Estadual de Campinas<\/p>\n<\/td>\n<\/tr>\n<tr>\n<td nowrap=\"nowrap\" width=\"406\">\n<p class=\"x_MsoNormal\">Regina Cely Rodrigues Barroso &#8211;\u00a0<b>Chair<\/b><\/p>\n<\/td>\n<td valign=\"bottom\" nowrap=\"nowrap\" width=\"375\">\n<p class=\"x_MsoNormal\">Universidade do Estado do Rio de Janeiro<\/p>\n<\/td>\n<\/tr>\n<tr>\n<td nowrap=\"nowrap\" width=\"406\">\n<p class=\"x_MsoNormal\">Maria Luiza Rocco Duarte Pereira<\/p>\n<\/td>\n<td valign=\"bottom\" nowrap=\"nowrap\" width=\"375\">\n<p class=\"x_MsoNormal\">Universidade Federal do Rio de Janeiro<\/p>\n<\/td>\n<\/tr>\n<\/tbody>\n<\/table>\n<p>[\/vc_column_text][vc_column_text css=&#8221;&#8221;]<strong>Mandate 2021-2022<\/strong><\/p>\n<table class=\"x_MsoNormalTable\" border=\"0\" width=\"782\" cellspacing=\"0\" cellpadding=\"0\">\n<tbody>\n<tr>\n<td nowrap=\"nowrap\" width=\"406\">\n<p class=\"x_MsoNormal\">Haroldo Cavalcanti Pinto<\/p>\n<\/td>\n<td valign=\"bottom\" nowrap=\"nowrap\" width=\"375\">\n<p class=\"x_MsoNormal\">Universidade de S\u00e3o Paulo<\/p>\n<\/td>\n<\/tr>\n<tr>\n<td nowrap=\"nowrap\" width=\"406\">\n<p class=\"x_MsoNormal\">Leopoldo Suescun<\/p>\n<\/td>\n<td valign=\"bottom\" nowrap=\"nowrap\" width=\"375\">\n<p class=\"x_MsoNormal\">Universidad de la Rep\u00fablica<\/p>\n<\/td>\n<\/tr>\n<tr>\n<td nowrap=\"nowrap\" width=\"406\">\n<p class=\"x_MsoNormal\">Mar\u00eda Fernanda Mera &#8211;\u00a0<b>Chair<\/b><\/p>\n<\/td>\n<td valign=\"bottom\" nowrap=\"nowrap\" width=\"375\">\n<p class=\"x_MsoNormal\">Centro de Excelencia de Productos y Procesos de C\u00f3rdoba<\/p>\n<\/td>\n<\/tr>\n<tr>\n<td nowrap=\"nowrap\" width=\"406\">\n<p class=\"x_MsoNormal\">Hudson Wallace Pereira de Carvalho<\/p>\n<\/td>\n<td valign=\"bottom\" nowrap=\"nowrap\" width=\"375\">\n<p class=\"x_MsoNormal\">Universidade de S\u00e3o Paulo<\/p>\n<\/td>\n<\/tr>\n<tr>\n<td nowrap=\"nowrap\" width=\"406\">\n<p class=\"x_MsoNormal\">Eduardo Granado Monteiro da Silva<\/p>\n<\/td>\n<td valign=\"bottom\" nowrap=\"nowrap\" width=\"375\">\n<p class=\"x_MsoNormal\">Universidade Estadual de Campinas<\/p>\n<\/td>\n<\/tr>\n<tr>\n<td nowrap=\"nowrap\" width=\"406\">\n<p class=\"x_MsoNormal\">Daniela Zanchet<\/p>\n<\/td>\n<td valign=\"bottom\" nowrap=\"nowrap\" width=\"375\">\n<p class=\"x_MsoNormal\">Universidade Estadual de Campinas<\/p>\n<\/td>\n<\/tr>\n<tr>\n<td nowrap=\"nowrap\" width=\"406\">\n<p class=\"x_MsoNormal\">Regina Cely Rodrigues Barroso<\/p>\n<\/td>\n<td valign=\"bottom\" nowrap=\"nowrap\" width=\"375\">\n<p class=\"x_MsoNormal\">Universidade do Estado do Rio de Janeiro<\/p>\n<\/td>\n<\/tr>\n<\/tbody>\n<\/table>\n<p>[\/vc_column_text][vc_column_text css=&#8221;&#8221;]<strong>Mandate 2022-2023<\/strong><\/p>\n<table class=\"x_MsoNormalTable\" border=\"0\" width=\"782\" cellspacing=\"0\" cellpadding=\"0\">\n<tbody>\n<tr>\n<td nowrap=\"nowrap\" width=\"406\">\n<p class=\"x_MsoNormal\">Alejandro Pedro Ayala<\/p>\n<\/td>\n<td valign=\"bottom\" nowrap=\"nowrap\" width=\"375\">\n<p class=\"x_MsoNormal\">Universidade Federal do Cear\u00e1<\/p>\n<\/td>\n<\/tr>\n<tr>\n<td nowrap=\"nowrap\" width=\"406\">\n<p class=\"x_MsoNormal\">Nadya Pesce da Silveira<\/p>\n<\/td>\n<td valign=\"bottom\" nowrap=\"nowrap\" width=\"375\">\n<p class=\"x_MsoNormal\">Universidade Federal do Rio Grande do Sul<\/p>\n<\/td>\n<\/tr>\n<tr>\n<td nowrap=\"nowrap\" width=\"406\">\n<p class=\"x_MsoNormal\">Haroldo Cavalcanti Pinto<\/p>\n<\/td>\n<td valign=\"bottom\" nowrap=\"nowrap\" width=\"375\">\n<p class=\"x_MsoNormal\">Universidade de S\u00e3o Paulo<\/p>\n<\/td>\n<\/tr>\n<tr>\n<td nowrap=\"nowrap\" width=\"406\">\n<p class=\"x_MsoNormal\">Leopoldo Suescun<\/p>\n<\/td>\n<td valign=\"bottom\" nowrap=\"nowrap\" width=\"375\">\n<p class=\"x_MsoNormal\">Universidad de la Rep\u00fablica<\/p>\n<\/td>\n<\/tr>\n<tr>\n<td nowrap=\"nowrap\" width=\"406\">\n<p class=\"x_MsoNormal\">Mar\u00eda Fernanda Mera<\/p>\n<\/td>\n<td valign=\"bottom\" nowrap=\"nowrap\" width=\"375\">\n<p class=\"x_MsoNormal\">Centro de Excelencia de Productos y Procesos de C\u00f3rdoba<\/p>\n<\/td>\n<\/tr>\n<tr>\n<td nowrap=\"nowrap\" width=\"406\">\n<p class=\"x_MsoNormal\">Hudson Wallace Pereira de Carvalho\u00a0 &#8211;\u00a0<b>Chair<\/b><\/p>\n<\/td>\n<td valign=\"bottom\" nowrap=\"nowrap\" width=\"375\">\n<p class=\"x_MsoNormal\">Universidade de S\u00e3o Paulo<\/p>\n<\/td>\n<\/tr>\n<tr>\n<td nowrap=\"nowrap\" width=\"406\">\n<p class=\"x_MsoNormal\">Eduardo Granado Monteiro da Silva<\/p>\n<\/td>\n<td valign=\"bottom\" nowrap=\"nowrap\" width=\"375\">\n<p class=\"x_MsoNormal\">Universidade Estadual de Campinas<\/p>\n<\/td>\n<\/tr>\n<tr>\n<td nowrap=\"nowrap\" width=\"406\">\n<p class=\"x_MsoNormal\">Daniela Zanchet<\/p>\n<\/td>\n<td valign=\"bottom\" nowrap=\"nowrap\" width=\"375\">\n<p class=\"x_MsoNormal\">Universidade Estadual de Campinas<\/p>\n<\/td>\n<\/tr>\n<\/tbody>\n<\/table>\n<p>[\/vc_column_text][vc_column_text css=&#8221;&#8221;]<strong>Mandate 2023-2024<\/strong><\/p>\n<table class=\"x_MsoNormalTable\" border=\"0\" width=\"782\" cellspacing=\"0\" cellpadding=\"0\">\n<tbody>\n<tr>\n<td nowrap=\"nowrap\" width=\"406\">\n<p class=\"x_MsoNormal\">Douglas Galante<\/p>\n<\/td>\n<td valign=\"bottom\" nowrap=\"nowrap\" width=\"375\">\n<p class=\"x_MsoNormal\">Universidade de S\u00e3o Paulo<\/p>\n<\/td>\n<\/tr>\n<tr>\n<td nowrap=\"nowrap\" width=\"406\">\n<p class=\"x_MsoNormal\">M\u00e1rio Ernesto Giroldo Val\u00e9rio<\/p>\n<\/td>\n<td valign=\"bottom\" nowrap=\"nowrap\" width=\"375\">\n<p class=\"x_MsoNormal\">Universidade Federal de Sergipe<\/p>\n<\/td>\n<\/tr>\n<tr>\n<td nowrap=\"nowrap\" width=\"406\">\n<p class=\"x_MsoNormal\">Alejandro Pedro Ayala<\/p>\n<\/td>\n<td valign=\"bottom\" nowrap=\"nowrap\" width=\"375\">\n<p class=\"x_MsoNormal\">Universidade Federal do Cear\u00e1<\/p>\n<\/td>\n<\/tr>\n<tr>\n<td nowrap=\"nowrap\" width=\"406\">\n<p class=\"x_MsoNormal\">N\u00e1dya Pesce da Silveira<\/p>\n<\/td>\n<td valign=\"bottom\" nowrap=\"nowrap\" width=\"375\">\n<p class=\"x_MsoNormal\">Universidade Federal do Rio Grande do Sul<\/p>\n<\/td>\n<\/tr>\n<tr>\n<td nowrap=\"nowrap\" width=\"406\">\n<p class=\"x_MsoNormal\">Haroldo Cavalcanti Pinto<\/p>\n<\/td>\n<td valign=\"bottom\" nowrap=\"nowrap\" width=\"375\">\n<p class=\"x_MsoNormal\">Universidade de S\u00e3o Paulo<\/p>\n<\/td>\n<\/tr>\n<tr>\n<td nowrap=\"nowrap\" width=\"406\">\n<p class=\"x_MsoNormal\">Leopoldo Suescun<\/p>\n<\/td>\n<td valign=\"bottom\" nowrap=\"nowrap\" width=\"375\">\n<p class=\"x_MsoNormal\">Universidad de la Rep\u00fablica<\/p>\n<\/td>\n<\/tr>\n<tr>\n<td nowrap=\"nowrap\" width=\"406\">\n<p class=\"x_MsoNormal\">Hudson Wallace Pereira de Carvalho<\/p>\n<\/td>\n<td valign=\"bottom\" nowrap=\"nowrap\" width=\"375\">\n<p class=\"x_MsoNormal\">Universidade de S\u00e3o Paulo<\/p>\n<\/td>\n<\/tr>\n<tr>\n<td nowrap=\"nowrap\" width=\"406\">\n<p class=\"x_MsoNormal\">Eduardo Granado Monteiro da Silva &#8211;\u00a0<b>Chair<\/b><\/p>\n<\/td>\n<td valign=\"bottom\" nowrap=\"nowrap\" width=\"375\">\n<p class=\"x_MsoNormal\">Universidade Estadual de Campinas<\/p>\n<\/td>\n<\/tr>\n<\/tbody>\n<\/table>\n<p>[\/vc_column_text][vc_column_text css=&#8221;&#8221;]<strong>Mandate 2024-2025<\/strong><\/p>\n<table class=\"x_MsoNormalTable\" border=\"0\" width=\"782\" cellspacing=\"0\" cellpadding=\"0\">\n<tbody>\n<tr>\n<td nowrap=\"nowrap\" width=\"406\">\n<p class=\"x_MsoNormal\"><span data-olk-copy-source=\"MessageBody\">Alejandro Pedro Ayala &#8211;\u00a0<b>Chair<\/b><\/span><\/p>\n<\/td>\n<td valign=\"bottom\" nowrap=\"nowrap\" width=\"375\">\n<p class=\"x_MsoNormal\">Universidade Federal do Cear\u00e1<\/p>\n<\/td>\n<\/tr>\n<tr>\n<td nowrap=\"nowrap\" width=\"406\">\n<p class=\"x_MsoNormal\">Douglas Galante<\/p>\n<\/td>\n<td valign=\"bottom\" nowrap=\"nowrap\" width=\"375\">\n<p class=\"x_MsoNormal\">Universidade de S\u00e3o Paulo<\/p>\n<\/td>\n<\/tr>\n<tr>\n<td nowrap=\"nowrap\" width=\"406\">\n<p class=\"x_MsoNormal\">Eduardo Granado Monteiro da Silva<\/p>\n<\/td>\n<td valign=\"bottom\" nowrap=\"nowrap\" width=\"375\">\n<p class=\"x_MsoNormal\">Universidade Estadual de Campinas<\/p>\n<\/td>\n<\/tr>\n<tr>\n<td nowrap=\"nowrap\" width=\"406\">\n<p class=\"x_MsoNormal\">M\u00e1rio Ernesto Giroldo Val\u00e9rio<\/p>\n<\/td>\n<td valign=\"bottom\" nowrap=\"nowrap\" width=\"375\">\n<p class=\"x_MsoNormal\">Universidade Federal de Sergipe<\/p>\n<\/td>\n<\/tr>\n<tr>\n<td nowrap=\"nowrap\" width=\"406\">\n<p class=\"x_MsoNormal\">N\u00e1dya Pesce da Silveira &#8211;\u00a0<b>vice-Chair<\/b><\/p>\n<\/td>\n<td valign=\"bottom\" nowrap=\"nowrap\" width=\"375\">\n<p class=\"x_MsoNormal\">Universidade Federal do Rio Grande do Sul<\/p>\n<\/td>\n<\/tr>\n<tr>\n<td nowrap=\"nowrap\" width=\"406\">\n<p class=\"x_MsoNormal\">Regina Cely Rodrigues Barroso<\/p>\n<\/td>\n<td valign=\"bottom\" nowrap=\"nowrap\" width=\"375\">\n<p class=\"x_MsoNormal\">Universidade do Estado do Rio de Janeiro<\/p>\n<\/td>\n<\/tr>\n<tr>\n<td nowrap=\"nowrap\" width=\"406\">\n<p class=\"x_MsoNormal\">Yraima Moura Lopes Cordeiro<\/p>\n<\/td>\n<td valign=\"bottom\" nowrap=\"nowrap\" width=\"375\">\n<p class=\"x_MsoNormal\">Universidade Federal do Rio de Janeiro<\/p>\n<\/td>\n<\/tr>\n<\/tbody>\n<\/table>\n<p>[\/vc_column_text][\/vc_column][vc_column width=&#8221;1\/6&#8243;][\/vc_column][\/vc_row]<\/p>\n<\/div>","protected":false},"excerpt":{"rendered":"<p>[vc_row][vc_column width=&#8221;1\/6&#8243;][\/vc_column][vc_column width=&#8221;2\/3&#8243;][vc_text_separator title=&#8221;Current Members of Users Committee&#8221; css=&#8221;&#8221;][vc_column_text css=&#8221;&#8221;]Mandate 2025-2026 Alejandro Pedro Ayala Universidade Federal do Cear\u00e1 Douglas Galante Universidade de S\u00e3o Paulo Katia Bernardo Gusm\u00e3o Universidade Federal do Rio Grande do Sul M\u00e1rio Ernesto Giroldo Val\u00e9rio Universidade Federal de Sergipe N\u00e1dya Pesce da Silveira &#8211; Chair Universidade Federal do Rio Grande do Sul&hellip;<\/p>\n","protected":false},"author":1655,"featured_media":0,"parent":0,"menu_order":0,"comment_status":"closed","ping_status":"closed","template":"","meta":{"om_disable_all_campaigns":false,"footnotes":""},"class_list":["post-8","page","type-page","status-publish","hentry","description-off"],"_links":{"self":[{"href":"https:\/\/pages.cnpem.br\/lnlsusersgroup\/wp-json\/wp\/v2\/pages\/8","targetHints":{"allow":["GET"]}}],"collection":[{"href":"https:\/\/pages.cnpem.br\/lnlsusersgroup\/wp-json\/wp\/v2\/pages"}],"about":[{"href":"https:\/\/pages.cnpem.br\/lnlsusersgroup\/wp-json\/wp\/v2\/types\/page"}],"author":[{"embeddable":true,"href":"https:\/\/pages.cnpem.br\/lnlsusersgroup\/wp-json\/wp\/v2\/users\/1655"}],"replies":[{"embeddable":true,"href":"https:\/\/pages.cnpem.br\/lnlsusersgroup\/wp-json\/wp\/v2\/comments?post=8"}],"version-history":[{"count":0,"href":"https:\/\/pages.cnpem.br\/lnlsusersgroup\/wp-json\/wp\/v2\/pages\/8\/revisions"}],"wp:attachment":[{"href":"https:\/\/pages.cnpem.br\/lnlsusersgroup\/wp-json\/wp\/v2\/media?parent=8"}],"curies":[{"name":"wp","href":"https:\/\/api.w.org\/{rel}","templated":true}]}}