{"id":31,"date":"2021-08-19T12:57:10","date_gmt":"2021-08-19T12:57:10","guid":{"rendered":"https:\/\/pages.cnpem.br\/microbiomicas\/?page_id=31"},"modified":"2021-09-13T11:35:28","modified_gmt":"2021-09-13T11:35:28","slug":"informacoes","status":"publish","type":"page","link":"https:\/\/pages.cnpem.br\/microbiomicas\/informacoes\/","title":{"rendered":"Informa\u00e7\u00f5es Gerais"},"content":{"rendered":"<div class=\"wpb-content-wrapper\"><p>[vc_row][vc_column width=&#8221;2\/3&#8243;][vc_column_text]<\/p>\n<ul>\n<li style=\"text-align: justify;\">O\u00a0<strong>Curso de Introdu\u00e7\u00e3o \u00e0 Microbi\u00f4micas &#8211; de Multi-\u00f4micas \u00e0 Descoberta de Enzimas<\/strong> \u00e9 uma iniciativa do LNBR\/CNPEM e acontece entre os dias <strong>18 e 19 de novembro de 2021<\/strong>.<\/li>\n<li style=\"text-align: justify;\">O curso \u00e9 gratuito e, durante a pandemia, realizado de modo online. Quando online, recomenda-se aos inscritos que fa\u00e7am <em>download<\/em> e\/ou atualizem com anteced\u00eancia o aplicativo da plataforma adotada no curso para evitar problemas de compatibilidade. A plataforma ser\u00e1 comunicada em momento oportuno aos selecionados.<\/li>\n<li style=\"text-align: justify;\">O idioma oficial do curso \u00e9 o Portugu\u00eas.<\/li>\n<li style=\"text-align: justify;\">O p\u00fablico-alvo do evento inclui alunos alunos de gradua\u00e7\u00e3o, p\u00f3s-gradua\u00e7\u00e3o e profissionais que exer\u00e7am atividades na \u00e1rea de biologia, biotecnologia e bioinform\u00e1tica, incluindo profissionais vinculados a quadros de P&amp;D de empresas. \u00c9 recomend\u00e1vel possuir conhecimentos b\u00e1sicos em Biologia Molecular.<\/li>\n<li style=\"text-align: justify;\">As vagas s\u00e3o sempre limitadas. A fim de capacitar grupos de diferentes regi\u00f5es do pa\u00eds e com n\u00edveis de experi\u00eancia distintos, o Comit\u00ea considera na sele\u00e7\u00e3o a distribui\u00e7\u00e3o geogr\u00e1fica e o n\u00edvel de forma\u00e7\u00e3o dos candidatos.<\/li>\n<li style=\"text-align: justify;\">Os candidatos aprovados no curso s\u00e3o comunicados por e-mail de acordo com o cronograma dispon\u00edvel no site. O link para acesso ao <strong>Microsoft Teams<\/strong> \u00e9 compartilhado exclusivamente com os aprovados e n\u00e3o deve ser transmitido a terceiros.<\/li>\n<li style=\"text-align: justify;\">Recomenda-se que os\u00a0<strong>participantes aprovados comecem a ingressar na sala a partir das 8h30 para admiss\u00e3o<\/strong>.<\/li>\n<li style=\"text-align: justify;\">Ao acessar o link para o Microsoft Teams os inscritos ser\u00e3o direcionados a uma sala de espera. Somente ser\u00e3o admitidos na reuni\u00e3o os inscritos que se identificarem utilizando as mesmas credenciais registradas durante a inscri\u00e7\u00e3o (nome completo e e-mail). Usu\u00e1rios com nomes incompletos, pseud\u00f4nimos ou apelidos n\u00e3o ser\u00e3o admitidos.<\/li>\n<li style=\"text-align: justify;\">Todos os inscritos admitidos entrar\u00e3o com seus microfones mudos. Recomenda-se, de modo a manter a estabilidade na conex\u00e3o e o bom andamento do curso, que todos os inscritos permane\u00e7am com seus microfones fechados e suas c\u00e2meras desligadas.<\/li>\n<li style=\"text-align: justify;\">Os momentos dedicados a perguntas e respostas (Q&amp;A) est\u00e3o descritos na\u00a0<a href=\"https:\/\/pages.cnpem.br\/microbiomicas\/programacao\/\"><strong>Agenda do Curso<\/strong><\/a>. Caso deseje utilizar o microfone durante o Q&amp;A, utilize a op\u00e7\u00e3o \u201clevantar a m\u00e3o\/raise hand\u201d no Microsoft Teams para que a modera\u00e7\u00e3o fa\u00e7a sua inclus\u00e3o na lista de perguntas.<\/li>\n<li style=\"text-align: justify;\">Participantes s\u00e3o encorajados a utilizar o chat durante o curso para fazerem perguntas. Recomenda-se utilizar o padr\u00e3o: \u201cPara\u00a0<em>Nome do Speaker<\/em>: formula\u00e7\u00e3o da pergunta\u201d.<\/li>\n<li style=\"text-align: justify;\">Durante os intervalos do curso n\u00e3o h\u00e1 necessidade de sair da reuni\u00e3o; basta manter fechados microfone e c\u00e2mera. Sua sa\u00edda da reuni\u00e3o implicar\u00e1 em novo processo de admiss\u00e3o.<\/li>\n<li style=\"text-align: justify;\">Certificados ser\u00e3o enviados automaticamente aos participantes cuja participa\u00e7\u00e3o no curso tenha sido ratificada por meio de login na plataforma e superem os 75%. <strong>Nenhuma a\u00e7\u00e3o ser\u00e1 necess\u00e1ria por parte dos participantes para requerer o certificado<\/strong>.<\/li>\n<li style=\"text-align: justify;\">Outras d\u00favidas podem ser encaminhadas por meio do\u00a0<strong><a href=\"https:\/\/pages.cnpem.br\/microbiomicas\/contato\/\">Formul\u00e1rio de Contato<\/a><\/strong>.<\/li>\n<\/ul>\n<p>[\/vc_column_text][\/vc_column][vc_column width=&#8221;1\/3&#8243;]<div class=\"smile_icon_list_wrap ult_info_list_container ult-adjust-bottom-margin  \"><ul class=\"smile_icon_list left square with_bg\"><li class=\"icon_list_item\" style=\" font-size:72px;\"><div class=\"icon_list_icon\" data-animation=\"\" data-animation-delay=\"03\" style=\"font-size:24px;border-width:1px;border-style:none;background:#ffffff;color:#006b82;border-color:#333333;\"><i class=\"icomoon-the7-font-the7-sort-02\" ><\/i><\/div><div class=\"icon_description\" id=\"Info-list-wrap-6421\" style=\"font-size:24px;\"><h3 class=\"ult-responsive info-list-heading\"  data-ultimate-target='#Info-list-wrap-6421 h3'  data-responsive-json-new='{\"font-size\":\"desktop:16px;\",\"line-height\":\"desktop:24px;\"}'  style=\"\">DATAS IMPORTANTES<\/h3><div class=\"icon_description_text ult-responsive\"  data-ultimate-target='#Info-list-wrap-6421 .icon_description_text'  data-responsive-json-new='{\"font-size\":\"desktop:13px;\",\"line-height\":\"desktop:18px;\"}'  style=\"\"><p><strong>Inscri\u00e7\u00f5es:<\/strong> 13\/Setembro a 17\/Outubro, 2021<br \/>\n<strong>Divulga\u00e7\u00e3o dos selecionados:<\/strong> 5\/Novembro, 2021<br \/>\n<strong>Per\u00edodo do curso:<\/strong> 18 e 19\/Novembro, 9h \u00e0s 13h<\/p>\n<\/div><\/div><div class=\"icon_list_connector\"  style=\"border-right-width: 1px;border-right-style: dashed;border-color: #333333;\"><\/div><\/li><li class=\"icon_list_item\" style=\" font-size:72px;\"><div class=\"icon_list_icon\" data-animation=\"\" data-animation-delay=\"03\" style=\"font-size:24px;border-width:1px;border-style:none;background:#ffffff;color:#006b82;border-color:#333333;\"><i class=\"dt-icon-the7-misc-019\" ><\/i><\/div><div class=\"icon_description\" id=\"Info-list-wrap-9063\" style=\"font-size:24px;\"><h3 class=\"ult-responsive info-list-heading\"  data-ultimate-target='#Info-list-wrap-9063 h3'  data-responsive-json-new='{\"font-size\":\"desktop:16px;\",\"line-height\":\"desktop:24px;\"}'  style=\"\">INFORMA\u00c7\u00d5ES IMPORTANTES<\/h3><div class=\"icon_description_text ult-responsive\"  data-ultimate-target='#Info-list-wrap-9063 .icon_description_text'  data-responsive-json-new='{\"font-size\":\"desktop:13px;\",\"line-height\":\"desktop:18px;\"}'  style=\"\"><p style=\"text-align: justify;\">O curso ser\u00e1 gratuito e on-line, realizado por meio da plataforma Microsoft Teams. O idioma oficial do curso \u00e9 o Portugu\u00eas.<\/p>\n<\/div><\/div><div class=\"icon_list_connector\"  style=\"border-right-width: 1px;border-right-style: dashed;border-color: #333333;\"><\/div><\/li><li class=\"icon_list_item\" style=\" font-size:72px;\"><div class=\"icon_list_icon\" data-animation=\"\" data-animation-delay=\"03\" style=\"font-size:24px;border-width:1px;border-style:none;background:#ffffff;color:#006b82;border-color:#333333;\"><i class=\"icomoon-the7-font-the7-expand-09\" ><\/i><\/div><div class=\"icon_description\" id=\"Info-list-wrap-1945\" style=\"font-size:24px;\"><h3 class=\"ult-responsive info-list-heading\"  data-ultimate-target='#Info-list-wrap-1945 h3'  data-responsive-json-new='{\"font-size\":\"desktop:16px;\",\"line-height\":\"desktop:24px;\"}'  style=\"\">P\u00daBLICO-ALVO<\/h3><div class=\"icon_description_text ult-responsive\"  data-ultimate-target='#Info-list-wrap-1945 .icon_description_text'  data-responsive-json-new='{\"font-size\":\"desktop:13px;\",\"line-height\":\"desktop:18px;\"}'  style=\"\"><p style=\"text-align: justify;\">Alunos de gradua\u00e7\u00e3o, alunos de p\u00f3s-gradua\u00e7\u00e3o, profissionais que exer\u00e7am atividades na \u00e1rea de biologia, biotecnologia e bioinform\u00e1tica. <strong>\u00c9 recomend\u00e1vel possuir conhecimentos b\u00e1sicos em biologia molecular.<\/strong><\/p>\n<\/div><\/div><div class=\"icon_list_connector\"  style=\"border-right-width: 1px;border-right-style: dashed;border-color: #333333;\"><\/div><\/li><li class=\"icon_list_item\" style=\" font-size:72px;\"><div class=\"icon_list_icon\" data-animation=\"\" data-animation-delay=\"03\" style=\"font-size:24px;border-width:1px;border-style:none;background:#ffffff;color:#006b82;border-color:#333333;\"><i class=\"dt-icon-the7-settings\" ><\/i><\/div><div class=\"icon_description\" id=\"Info-list-wrap-1506\" style=\"font-size:24px;\"><h3 class=\"ult-responsive info-list-heading\"  data-ultimate-target='#Info-list-wrap-1506 h3'  data-responsive-json-new='{\"font-size\":\"desktop:16px;\",\"line-height\":\"desktop:24px;\"}'  style=\"\">CRIT\u00c9RIOS DE SELE\u00c7\u00c3O<\/h3><div class=\"icon_description_text ult-responsive\"  data-ultimate-target='#Info-list-wrap-1506 .icon_description_text'  data-responsive-json-new='{\"font-size\":\"desktop:13px;\",\"line-height\":\"desktop:18px;\"}'  style=\"\"><p style=\"text-align: justify;\">As vagas ser\u00e3o gratuitas e limitadas. A fim de capacitar grupos de diferentes regi\u00f5es do pa\u00eds e com n\u00edveis de experi\u00eancia distintos, consideraremos como crit\u00e9rios de sele\u00e7\u00e3o a distribui\u00e7\u00e3o geogr\u00e1fica, n\u00edvel de forma\u00e7\u00e3o dos candidatos e carta de motiva\u00e7\u00e3o. A carta de motiva\u00e7\u00e3o, a ser preenchida durante a inscri\u00e7\u00e3o, ser\u00e1 um espa\u00e7o para que o inscrito conte brevemente sua trajet\u00f3ria acad\u00eamica e explique como o curso de contribuiria para sua forma\u00e7\u00e3o e seus projetos acad\u00eamicos e\/ou cient\u00edficos. A carta ser\u00e1 limitada a 2000 caracteres.<\/p>\n<\/div><\/div><div class=\"icon_list_connector\"  style=\"border-right-width: 1px;border-right-style: dashed;border-color: #333333;\"><\/div><\/li><\/ul><\/div>[\/vc_column][\/vc_row]<\/p>\n<\/div>","protected":false},"excerpt":{"rendered":"<p>[vc_row][vc_column width=&#8221;2\/3&#8243;][vc_column_text] O\u00a0Curso de Introdu\u00e7\u00e3o \u00e0 Microbi\u00f4micas &#8211; de Multi-\u00f4micas \u00e0 Descoberta de Enzimas \u00e9 uma iniciativa do LNBR\/CNPEM e acontece entre os dias 18 e 19 de novembro de 2021. O curso \u00e9 gratuito e, durante a pandemia, realizado de modo online. Quando online, recomenda-se aos inscritos que fa\u00e7am download e\/ou atualizem com anteced\u00eancia&hellip;<\/p>\n","protected":false},"author":883,"featured_media":0,"parent":0,"menu_order":0,"comment_status":"closed","ping_status":"closed","template":"","meta":{"footnotes":""},"class_list":["post-31","page","type-page","status-publish","hentry","description-off"],"_links":{"self":[{"href":"https:\/\/pages.cnpem.br\/microbiomicas\/wp-json\/wp\/v2\/pages\/31","targetHints":{"allow":["GET"]}}],"collection":[{"href":"https:\/\/pages.cnpem.br\/microbiomicas\/wp-json\/wp\/v2\/pages"}],"about":[{"href":"https:\/\/pages.cnpem.br\/microbiomicas\/wp-json\/wp\/v2\/types\/page"}],"author":[{"embeddable":true,"href":"https:\/\/pages.cnpem.br\/microbiomicas\/wp-json\/wp\/v2\/users\/883"}],"replies":[{"embeddable":true,"href":"https:\/\/pages.cnpem.br\/microbiomicas\/wp-json\/wp\/v2\/comments?post=31"}],"version-history":[{"count":0,"href":"https:\/\/pages.cnpem.br\/microbiomicas\/wp-json\/wp\/v2\/pages\/31\/revisions"}],"wp:attachment":[{"href":"https:\/\/pages.cnpem.br\/microbiomicas\/wp-json\/wp\/v2\/media?parent=31"}],"curies":[{"name":"wp","href":"https:\/\/api.w.org\/{rel}","templated":true}]}}