






{"id":37745,"date":"2020-02-19T07:59:50","date_gmt":"2020-02-19T10:59:50","guid":{"rendered":"https:\/\/pages.cnpem.br\/pay\/?page_id=37745"},"modified":"2020-12-09T09:13:45","modified_gmt":"2020-12-09T12:13:45","slug":"politica-cancelamento-reembolso","status":"publish","type":"page","link":"https:\/\/pages.cnpem.br\/pay\/politica-cancelamento-reembolso\/","title":{"rendered":"Pol\u00edticas de Cancelamento e Reembolso"},"content":{"rendered":"<div class=\"wpb-content-wrapper\"><p>[vc_row][vc_column][vc_column_text]<\/p>\n<p style=\"text-align: justify;\">1. Solicita\u00e7\u00f5es de cancelamento de taxa de inscri\u00e7\u00e3o e\/ou de de patroc\u00ednio devem ser feitas por escrito e enviadas para o e-mail: <strong><a href=\"mailto:eventos@cnpem.br\">eventos@cnpem.br<\/a><\/strong> ou por meio do formul\u00e1rio dispon\u00edvel na <a href=\"https:\/\/pages.cnpem.br\/pay\/contato\/\"><strong>p\u00e1gina de contato<\/strong><\/a> e ser\u00e3o analisadas individualmente.<\/p>\n<p style=\"text-align: justify;\">2. Solicita\u00e7\u00f5es de cancelamento devem ser feitas at\u00e9 30 dias antes do in\u00edcio do evento. Cancelamentos solicitados ap\u00f3s esta data n\u00e3o ser\u00e3o reembolsados.<\/p>\n<p>3. Uma taxa administrativa ser\u00e1 cobrada sobre a taxa de inscri\u00e7\u00e3o no valor de:<\/p>\n<ul style=\"text-align: justify;\">\n<li style=\"text-align: justify;\">10% sobre pagamentos por cart\u00e3o de cr\u00e9dito e boleto banc\u00e1rio mais os impostos e tarifas aplic\u00e1veis \u00e0 opera\u00e7\u00e3o financeira de reembolso;<\/li>\n<li style=\"text-align: justify;\">40% sobre pagamentos por transfer\u00eancia banc\u00e1ria internacional (invoice) mais os impostos e tarifas aplic\u00e1veis \u00e0 opera\u00e7\u00e3o financeira de reembolso.<\/li>\n<\/ul>\n<p style=\"text-align: justify;\">3.1 O montante a ser reembolsado ser\u00e1 calculado em reais (BRL) considerando-se a f\u00f3rmula contida no item anterior. A convers\u00e3o dos valores em reais (BRL) para moeda estrangeira ser\u00e1 realizada conforme o cambio da data do reembolso;<\/p>\n<p>4. O reembolso ser\u00e1 realizado pelo estorno da cobran\u00e7a no cart\u00e3o de cr\u00e9dito ou por transfer\u00eancia banc\u00e1ria, dependendo do m\u00e9todo de pagamento original;<\/p>\n<p>5. Em caso de cancelamento do evento por raz\u00f5es de caso fortuito ou for\u00e7a maior, n\u00e3o ser\u00e1 devido qualquer reembolso pelo CNPEM;<\/p>\n<p>6. Em caso de cancelamento do evento por raz\u00f5es de necessidade t\u00e9cnica ou operacional do CNPEM, as inscri\u00e7\u00f5es ser\u00e3o reembolsadas da seguinte forma:<\/p>\n<ul style=\"text-align: justify;\">\n<li>5% sobre pagamentos por cart\u00e3o de cr\u00e9dito e boleto banc\u00e1rio mais os impostos e tarifas aplic\u00e1veis \u00e0 opera\u00e7\u00e3o financeira de reembolso;<\/li>\n<li>10% sobre pagamentos por transfer\u00eancia banc\u00e1ria internacional (invoice) mais os impostos e tarifas aplic\u00e1veis \u00e0 opera\u00e7\u00e3o financeira de reembolso.<\/li>\n<\/ul>\n<p style=\"text-align: justify;\">6.1 O montante a ser reembolsado ser\u00e1 calculado em reais (BRL) considerando-se a f\u00f3rmula contida no item anterior. A convers\u00e3o dos valores em reais (BRL) para moeda estrangeira ser\u00e1 realizada conforme o cambio da data do reembolso.<\/p>\n<p>[\/vc_column_text][\/vc_column][\/vc_row]<\/p>\n<\/div>","protected":false},"excerpt":{"rendered":"<p>[vc_row][vc_column][vc_column_text] 1. Solicita\u00e7\u00f5es de cancelamento de taxa de inscri\u00e7\u00e3o e\/ou de de patroc\u00ednio devem ser feitas por escrito e enviadas para o e-mail: eventos@cnpem.br ou por meio do formul\u00e1rio dispon\u00edvel na p\u00e1gina de contato e ser\u00e3o analisadas individualmente. 2. Solicita\u00e7\u00f5es de cancelamento devem ser feitas at\u00e9 30 dias antes do in\u00edcio do evento. Cancelamentos solicitados&hellip;<\/p>\n","protected":false},"author":883,"featured_media":0,"parent":0,"menu_order":0,"comment_status":"closed","ping_status":"closed","template":"","meta":{"_acf_changed":false,"footnotes":""},"class_list":["post-37745","page","type-page","status-publish","hentry","description-off"],"acf":[],"jetpack_sharing_enabled":true,"_links":{"self":[{"href":"https:\/\/pages.cnpem.br\/pay\/wp-json\/wp\/v2\/pages\/37745","targetHints":{"allow":["GET"]}}],"collection":[{"href":"https:\/\/pages.cnpem.br\/pay\/wp-json\/wp\/v2\/pages"}],"about":[{"href":"https:\/\/pages.cnpem.br\/pay\/wp-json\/wp\/v2\/types\/page"}],"author":[{"embeddable":true,"href":"https:\/\/pages.cnpem.br\/pay\/wp-json\/wp\/v2\/users\/883"}],"replies":[{"embeddable":true,"href":"https:\/\/pages.cnpem.br\/pay\/wp-json\/wp\/v2\/comments?post=37745"}],"version-history":[{"count":0,"href":"https:\/\/pages.cnpem.br\/pay\/wp-json\/wp\/v2\/pages\/37745\/revisions"}],"wp:attachment":[{"href":"https:\/\/pages.cnpem.br\/pay\/wp-json\/wp\/v2\/media?parent=37745"}],"curies":[{"name":"wp","href":"https:\/\/api.w.org\/{rel}","templated":true}]}}