{"id":1457,"date":"2023-05-08T16:04:01","date_gmt":"2023-05-08T19:04:01","guid":{"rendered":"https:\/\/pages.cnpem.br\/pibic\/?page_id=1457"},"modified":"2026-04-07T15:51:23","modified_gmt":"2026-04-07T18:51:23","slug":"pibic-2022-2023","status":"publish","type":"page","link":"https:\/\/pages.cnpem.br\/pibic\/pibic-2022-2023\/","title":{"rendered":"PIBIC 2022\/2023"},"content":{"rendered":"<p>&nbsp;<\/p>\r\n<h4>Classifica\u00e7\u00e3o geral dos estudantes selecionados para o<strong>\u00a0PIBIC 2022\/2023<\/strong><\/h4>\r\n<p>&nbsp;<\/p>\r\n<table width=\"402\">\r\n<tbody>\r\n<tr>\r\n<td width=\"59\">1<\/td>\r\n<td width=\"263\">Daniella Souza Santos<\/td>\r\n<td width=\"81\">LNNano<\/td>\r\n<\/tr>\r\n<tr>\r\n<td width=\"59\">2<\/td>\r\n<td width=\"263\">Bianca Pasquotto Batista<\/td>\r\n<td width=\"81\">LNBio<\/td>\r\n<\/tr>\r\n<tr>\r\n<td width=\"59\">3<\/td>\r\n<td width=\"263\">Pollyana Buist<\/td>\r\n<td width=\"81\">LNLS<\/td>\r\n<\/tr>\r\n<tr>\r\n<td width=\"59\">4<\/td>\r\n<td width=\"263\">Guilherme Albanese Trotta<\/td>\r\n<td width=\"81\">LNNano<\/td>\r\n<\/tr>\r\n<tr>\r\n<td width=\"59\">5<\/td>\r\n<td width=\"263\">Anne Brajato Madeira<\/td>\r\n<td width=\"81\">LNLS<\/td>\r\n<\/tr>\r\n<tr>\r\n<td width=\"59\">6<\/td>\r\n<td width=\"263\">Gustavo Cardoso Cecotti<\/td>\r\n<td width=\"81\">LNLS<\/td>\r\n<\/tr>\r\n<tr>\r\n<td width=\"59\">7<\/td>\r\n<td width=\"263\">Jos\u00e9 Eduardo Carlos Castilho<\/td>\r\n<td width=\"81\">LNLS<\/td>\r\n<\/tr>\r\n<tr>\r\n<td width=\"59\">8<\/td>\r\n<td width=\"263\">Marcella Fernanda Damasceno Neves<\/td>\r\n<td width=\"81\">LNLS<\/td>\r\n<\/tr>\r\n<tr>\r\n<td width=\"59\">9<\/td>\r\n<td width=\"263\">\u00a0Jo\u00e3o Luis Biondo Neto<\/td>\r\n<td width=\"81\">LNLS<\/td>\r\n<\/tr>\r\n<tr>\r\n<td width=\"59\">10<\/td>\r\n<td width=\"263\">Luiza Cordeiro Boff<\/td>\r\n<td width=\"81\">LNNano<\/td>\r\n<\/tr>\r\n<\/tbody>\r\n<\/table>\r\n<p>&nbsp;<\/p>\r\n<blockquote><strong>ATEN\u00c7\u00c3O!<\/strong>\u00a0Informamos a todos os selecionados que ainda estamos aguardando o comunicado oficial do CNPq sobre o n\u00famero total de bolsas que ser\u00e3o concedidas a esta edi\u00e7\u00e3o do Programa. Assim que a informa\u00e7\u00e3o estiver dispon\u00edvel, iniciaremos a chamada dos alunos selecionados, seguindo a ordem de aprova\u00e7\u00e3o descrita acima. Esperamos a compreens\u00e3o de todos.<\/blockquote>\r\n<blockquote>\u00a0<\/blockquote>\r\n\r\n<p>Conhe\u00e7a os projetos cient\u00edficos para a edi\u00e7\u00e3o 2022\/2023<\/p>\r\n<h4><strong>LNLS<\/strong><\/h4>\r\n<p>1 &#8211; <a href=\"http:\/\/pages.cnpem.br\/pibic\/wp-content\/uploads\/sites\/52\/2022\/05\/Automatizacao-de-projetos-de-porta-amostras-para-experimentos-de-espalhamento-de-raios-X-a-baixos-angulos.pdf\">Automatiza\u00e7\u00e3o de projetos de porta-amostras para experimentos de espalhamento de raios X a baixos \u00e2ngulos<\/a><\/p>\r\n<p>2 &#8211; <a href=\"http:\/\/pages.cnpem.br\/pibic\/wp-content\/uploads\/sites\/52\/2022\/05\/Cubossomos-e-o-tratamento-de-cancer-estudo-do-efeito-estrutural-da-encapsulacao-de-farmacos.pdf\">Cubossomos e o tratamento de c\u00e2ncer, estudo do efeito estrutural da encapsula\u00e7\u00e3o de f\u00e1rmacos<\/a><\/p>\r\n<p>3 &#8211; <a href=\"http:\/\/pages.cnpem.br\/pibic\/wp-content\/uploads\/sites\/52\/2022\/05\/Desenvolvimento-de-dispositivos-microfluidicos-para-experimentos-in-situ-de-formacao-de-sistemas-de-entrega-de-farmacos-lipossomais.pdf\">Desenvolvimento de dispositivos microflu\u00eddicos para experimentos <em>in-situ<\/em> de forma\u00e7\u00e3o de sistemas de entrega de f\u00e1rmacos lipossomais<\/a><\/p>\r\n<p>4 &#8211; <a href=\"http:\/\/pages.cnpem.br\/pibic\/wp-content\/uploads\/sites\/52\/2022\/05\/Desenvolvimento-de-instrumentacao-para-medidas-especiais-de-dicroismo-circular-na-linha-de-luz-CEDRO.pdf\">Desenvolvimento de instrumenta\u00e7\u00e3o para medidas especiais de dicro\u00edsmo circular na linha de luz CEDRO<\/a><\/p>\r\n<p>5 &#8211; <a href=\"http:\/\/pages.cnpem.br\/pibic\/wp-content\/uploads\/sites\/52\/2022\/05\/Experimentos-in-situ-de-materiais-funcionais-na-linha-Paineira-do-Sirius-instrumentacao-e-caso-cientifico.pdf\">Experimentos in situ de materiais funcionais na linha Paineira do Sirius, instrumenta\u00e7\u00e3o e caso cient\u00edfico<\/a><\/p>\r\n<p>6 &#8211; <a href=\"http:\/\/pages.cnpem.br\/pibic\/wp-content\/uploads\/sites\/52\/2022\/05\/Investigacao-de-excitacoes-quanticas-na-superficie-de-SrTiO3-por-espectroscopias-de-raios-X-no-Sirius.pdf\">Investiga\u00e7\u00e3o de excita\u00e7\u00f5es qu\u00e2nticas na superf\u00edcie de SrTiO3 por espectroscopias de raios X no Sirius<\/a><\/p>\r\n<p>7 &#8211; <a href=\"http:\/\/pages.cnpem.br\/pibic\/wp-content\/uploads\/sites\/52\/2022\/05\/Investigando-spintronica-em-interfaces-hibridas-usando-tecnicas-de-absorcao-de-raios-X.pdf\">Investigando spintr\u00f4nica em interfaces hibridas usando t\u00e9cnicas de absor\u00e7\u00e3o de raios X<\/a><\/p>\r\n<p>8 &#8211; <a href=\"http:\/\/pages.cnpem.br\/pibic\/wp-content\/uploads\/sites\/52\/2022\/05\/Modificacoes-de-Carbono-a-laser-em-substratos-flexiveis.pdf\">Modifica\u00e7\u00f5es de Carbono a laser em substratos flex\u00edveis<\/a><\/p>\r\n<p>9 &#8211; <a href=\"http:\/\/pages.cnpem.br\/pibic\/wp-content\/uploads\/sites\/52\/2022\/05\/O-uso-de-microscopia-de-fotoemissao-e-ARPES-na-investigacao-de-materiais-magneticos-e-multiferroicos.pdf\">O uso de microscopia de fotoemiss\u00e3o e ARPES na investiga\u00e7\u00e3o de materiais magn\u00e9ticos e multiferroicos<\/a> \u00a0<\/p>\r\n<h4><strong>LNBio<\/strong><\/h4>\r\n<p>10 &#8211; <a href=\"http:\/\/pages.cnpem.br\/pibic\/wp-content\/uploads\/sites\/52\/2022\/05\/Avaliacao-do-dominio-C-terminal-da-Agrina-e-seus-parceiros-de-interacao-como-alvos-terapeuticos-em-cancer-de-boca.pdf\">Avalia\u00e7\u00e3o do dom\u00ednio C-terminal da Agrina e seus parceiros de intera\u00e7\u00e3o como alvos terap\u00eauticos em c\u00e2ncer de boca<\/a><\/p>\r\n<p>11 &#8211; <a href=\"http:\/\/pages.cnpem.br\/pibic\/wp-content\/uploads\/sites\/52\/2022\/05\/Sintese-de-derivados-de-quinazolinonas-e-piridopirimidonas-como-potenciais-inibidores-da-enzima-metionina-tRNA-sintetase.pdf\">S\u00edntese de derivados de quinazolinonas e piridopirimidonas como potenciais inibidores da enzima metionina-tRNA sintetase<\/a> \u00a0<\/p>\r\n<h4>LNBR<\/h4>\r\n<p>12 &#8211; <a href=\"http:\/\/pages.cnpem.br\/pibic\/wp-content\/uploads\/sites\/52\/2022\/05\/Avaliacao-dos-mecanismos-promotores-de-crescimento-vegetal-induzidos-por-moleculas-sinalizadoras-volateis-bacterianas.pdf\">Avalia\u00e7\u00e3o dos mecanismos promotores de crescimento vegetal induzidos por mol\u00e9culas sinalizadoras vol\u00e1teis bacterianas<\/a><\/p>\r\n<p>13 &#8211; <a href=\"http:\/\/pages.cnpem.br\/pibic\/wp-content\/uploads\/sites\/52\/2022\/05\/Entendendo-os-mecanismos-moleculares-de-descarboxilases-para-producao-de-quimicos-renovaveis-e-biocombustiveis-drop-in.pdf\">Entendendo os mecanismos moleculares de descarboxilases para produ\u00e7\u00e3o de qu\u00edmicos renov\u00e1veis e biocombust\u00edveis drop in<\/a><\/p>\r\n<p>14 &#8211; <a href=\"http:\/\/pages.cnpem.br\/pibic\/wp-content\/uploads\/sites\/52\/2022\/05\/Especificidade-de-Substrato-e-Estudos-Estruturais-de-uma-\u03b2-glicosidase-de-Alta-Eficiencia-Enzimatica.pdf\">Especificidade de Substrato e Estudos Estruturais de uma \u03b2-glicosidase de Alta Efici\u00eancia Enzim\u00e1tica<\/a><\/p>\r\n<p>15 &#8211; <a href=\"http:\/\/pages.cnpem.br\/pibic\/wp-content\/uploads\/sites\/52\/2022\/05\/Estudo-da-toxicidade-de-\u03b1-olefinas-em-leveduras-Saccharomyces-cerevisiae_.pdf\">Estudo da toxicidade de \u03b1-olefinas em leveduras Saccharomyces cerevisiae<\/a> \u00a0<\/p>\r\n<h4>LNNano<\/h4>\r\n<p>16 &#8211; <a href=\"http:\/\/pages.cnpem.br\/pibic\/wp-content\/uploads\/sites\/52\/2022\/05\/Avaliacao-da-Operacao-e-Estabilidade-de-Transistores-Eletroliticos-de-Oxido-de-Grafeno-Reduzido.pdf\">Avalia\u00e7\u00e3o da Opera\u00e7\u00e3o e Estabilidade de Transistores Eletrol\u00edticos de \u00d3xido de Grafeno Reduzido<\/a><\/p>\r\n<p>17 &#8211; <a href=\"http:\/\/pages.cnpem.br\/pibic\/wp-content\/uploads\/sites\/52\/2022\/05\/DESENVOLVIMENTO-DE-BIONANOCOMPOSITOS-REFORCADOS-COM-NANOESTRUTURAS-DE-CELULOSE-FUNCIONALIZADAS.pdf\">Desenvolvimento de bionanocomp\u00f3sitos refor\u00e7ados com nanoestruturas de celulose funcionalizadas<\/a><\/p>\r\n<p>18 &#8211; <a href=\"http:\/\/pages.cnpem.br\/pibic\/wp-content\/uploads\/sites\/52\/2022\/05\/EXPLORACAO-DE-ESTRUTURAS-POROSAS-TRIDIMENSIONAIS-BASEADAS-EM-NANOCELULOSE-E-FUNCIONALIZADAS-COM-OXIDO-DE-ZINCO-VISANDO-O-FOTOSENSORIAMENTO.pdf\">Explora\u00e7\u00e3o de estruturas porosas tridimensionais baseadas em nanocelulose e funcionalizadas com \u00f3xido de zinco, visando o fotossensoriamento<\/a><\/p>\r\n<p>19 &#8211; <a href=\"http:\/\/pages.cnpem.br\/pibic\/wp-content\/uploads\/sites\/52\/2022\/05\/Explorando-efeitos-de-longo-prazo-de-nanobiochar-em-solo.pdf\">Explorando efeitos de longo prazo de (nano)biochar em solo<\/a><\/p>\r\n<p>20 &#8211; <a href=\"http:\/\/pages.cnpem.br\/pibic\/wp-content\/uploads\/sites\/52\/2022\/05\/Interacoes-moleculares-e-nanometricas-em-materiais-hibridos-de-oxido-de-grafeno-e-lignina.pdf\">Intera\u00e7\u00f5es moleculares e nanom\u00e9tricas em materiais h\u00edbridos de \u00f3xido de grafeno e lignina<\/a><\/p>\r\n<p>21 &#8211; <a href=\"http:\/\/pages.cnpem.br\/pibic\/wp-content\/uploads\/sites\/52\/2022\/05\/Materiais-2D-Exfoliados-em-Solucao-para-o-Desenvolvimento-de-Novos-Dispositivos-Eletronicos-e-Sensoriais.pdf\">Materiais 2D Exfoliados em Solu\u00e7\u00e3o para o Desenvolvimento de Novos Dispositivos Eletr\u00f4nicos e Sensoriais<\/a><\/p>\r\n<p>22 &#8211; <a href=\"http:\/\/pages.cnpem.br\/pibic\/wp-content\/uploads\/sites\/52\/2022\/05\/Producao-de-nanoestruturas-a-partir-do-bagaco-de-cana-de-acucar.pdf\">Produ\u00e7\u00e3o de nanoestruturas a partir do baga\u00e7o de cana de a\u00e7\u00facar<\/a><\/p>","protected":false},"excerpt":{"rendered":"<p>&nbsp; Classifica\u00e7\u00e3o geral dos estudantes selecionados para o\u00a0PIBIC 2022\/2023 &nbsp; 1 Daniella Souza Santos LNNano 2 Bianca Pasquotto Batista LNBio 3 Pollyana Buist LNLS 4 Guilherme Albanese Trotta LNNano 5 Anne Brajato Madeira LNLS 6 Gustavo Cardoso Cecotti LNLS 7 Jos\u00e9 Eduardo Carlos Castilho LNLS 8 Marcella Fernanda Damasceno Neves LNLS 9 \u00a0Jo\u00e3o Luis Biondo&hellip;<\/p>\n","protected":false},"author":10,"featured_media":0,"parent":0,"menu_order":0,"comment_status":"closed","ping_status":"closed","template":"","meta":{"footnotes":""},"class_list":["post-1457","page","type-page","status-publish","hentry","description-off"],"_links":{"self":[{"href":"https:\/\/pages.cnpem.br\/pibic\/wp-json\/wp\/v2\/pages\/1457","targetHints":{"allow":["GET"]}}],"collection":[{"href":"https:\/\/pages.cnpem.br\/pibic\/wp-json\/wp\/v2\/pages"}],"about":[{"href":"https:\/\/pages.cnpem.br\/pibic\/wp-json\/wp\/v2\/types\/page"}],"author":[{"embeddable":true,"href":"https:\/\/pages.cnpem.br\/pibic\/wp-json\/wp\/v2\/users\/10"}],"replies":[{"embeddable":true,"href":"https:\/\/pages.cnpem.br\/pibic\/wp-json\/wp\/v2\/comments?post=1457"}],"version-history":[{"count":0,"href":"https:\/\/pages.cnpem.br\/pibic\/wp-json\/wp\/v2\/pages\/1457\/revisions"}],"wp:attachment":[{"href":"https:\/\/pages.cnpem.br\/pibic\/wp-json\/wp\/v2\/media?parent=1457"}],"curies":[{"name":"wp","href":"https:\/\/api.w.org\/{rel}","templated":true}]}}