{"id":1524,"date":"2024-05-13T16:33:50","date_gmt":"2024-05-13T19:33:50","guid":{"rendered":"https:\/\/pages.cnpem.br\/pibic\/?page_id=1524"},"modified":"2026-04-07T15:51:23","modified_gmt":"2026-04-07T18:51:23","slug":"pibic-2023-2024","status":"publish","type":"page","link":"https:\/\/pages.cnpem.br\/pibic\/pibic-2023-2024\/","title":{"rendered":"PIBIC 2023\/2024"},"content":{"rendered":"<div class=\"wpb-content-wrapper\"><p>[vc_row][vc_column][vc_column_text]<\/p>\r\n<h4>Classifica\u00e7\u00e3o geral dos estudantes selecionados para o PIBIC 2023\/2024<\/h4>\r\n<table width=\"586\">\r\n<tbody>\r\n<tr>\r\n<td width=\"58\">\u00a0<\/td>\r\n<td width=\"254\"><strong>Classifica\u00e7\u00e3o Geral<\/strong><\/td>\r\n<td width=\"76\"><strong>LN<\/strong><\/td>\r\n<td width=\"198\"><strong>Orientador<\/strong><\/td>\r\n<\/tr>\r\n<tr>\r\n<td width=\"58\"><strong>1<\/strong><\/td>\r\n<td width=\"254\">Raquel Cristina de Andrade Queiroz<\/td>\r\n<td width=\"76\">ILUM<\/td>\r\n<td width=\"198\">Vin\u00edcius Wasques<\/td>\r\n<\/tr>\r\n<tr>\r\n<td width=\"58\"><strong>2<\/strong><\/td>\r\n<td width=\"254\">Luiz Eduardo Foschiera Couto Lopes<\/td>\r\n<td width=\"76\">LNBR<\/td>\r\n<td width=\"198\">Carlos Driemeier<\/td>\r\n<\/tr>\r\n<tr>\r\n<td width=\"58\"><strong>3<\/strong><\/td>\r\n<td width=\"254\">Jos\u00e9 Marcos Dias Ferreira J\u00fanior<\/td>\r\n<td width=\"76\">LNBio<\/td>\r\n<td width=\"198\">Marcio Bajgelman<\/td>\r\n<\/tr>\r\n<tr>\r\n<td width=\"58\"><strong>4<\/strong><\/td>\r\n<td width=\"254\">Pedro Henrique Kenzo Nishimoto<\/td>\r\n<td width=\"76\">LNNano<\/td>\r\n<td width=\"198\">Marcos Lorevice<\/td>\r\n<\/tr>\r\n<tr>\r\n<td width=\"58\"><strong>5<\/strong><\/td>\r\n<td width=\"254\">Bruna Helena Rotta Santiago<\/td>\r\n<td width=\"76\">LNLS<\/td>\r\n<td width=\"198\">Fl\u00e1via Estrada<\/td>\r\n<\/tr>\r\n<\/tbody>\r\n<\/table>\r\n<table width=\"586\">\r\n<tbody>\r\n<tr>\r\n<td width=\"58\">\u00a0<\/td>\r\n<td width=\"254\"><strong>Lista de espera<\/strong><\/td>\r\n<td width=\"76\">\u00a0<\/td>\r\n<td width=\"198\">\u00a0<\/td>\r\n<\/tr>\r\n<tr>\r\n<td width=\"58\"><strong>1<\/strong><\/td>\r\n<td width=\"254\">Laura Vieira Malachias<\/td>\r\n<td width=\"76\">LNBR<\/td>\r\n<td width=\"198\">Juliana Velasco Oliveira<\/td>\r\n<\/tr>\r\n<tr>\r\n<td width=\"58\"><strong>2<\/strong><\/td>\r\n<td width=\"254\">Saul Correia de Lima<\/td>\r\n<td width=\"76\">LNBio<\/td>\r\n<td width=\"198\">Sandra Dias<\/td>\r\n<\/tr>\r\n<tr>\r\n<td width=\"58\"><strong>3<\/strong><\/td>\r\n<td width=\"254\">V\u00edtor Paziam Magalh\u00e3es<\/td>\r\n<td width=\"76\">LNNano<\/td>\r\n<td width=\"198\">Gabriel Schleder<\/td>\r\n<\/tr>\r\n<tr>\r\n<td width=\"58\"><strong>4<\/strong><\/td>\r\n<td width=\"254\">Julia Fernandes Ragonha<\/td>\r\n<td width=\"76\">LNLS<\/td>\r\n<td width=\"198\">Talita Ferreira<\/td>\r\n<\/tr>\r\n<tr>\r\n<td width=\"58\"><strong>5<\/strong><\/td>\r\n<td width=\"254\">Maira Rafaela de Britto Rafael<\/td>\r\n<td width=\"76\">LNBR<\/td>\r\n<td width=\"198\">Gabriela Persinoti<\/td>\r\n<\/tr>\r\n<tr>\r\n<td width=\"58\"><strong>6<\/strong><\/td>\r\n<td width=\"254\">Mell Kimberly Damini<\/td>\r\n<td width=\"76\">LNBio<\/td>\r\n<td width=\"198\">Douglas Meira<\/td>\r\n<\/tr>\r\n<tr>\r\n<td width=\"58\"><strong>7<\/strong><\/td>\r\n<td width=\"254\">Victoria Barros Pinheiro da Silva<\/td>\r\n<td width=\"76\">LNNano<\/td>\r\n<td width=\"198\">Elisa Ferreira<\/td>\r\n<\/tr>\r\n<tr>\r\n<td width=\"58\"><strong>8<\/strong><\/td>\r\n<td width=\"254\">Caio Taishi Sakamoto Kataoka<\/td>\r\n<td width=\"76\">LNLS<\/td>\r\n<td width=\"198\">Juliana Yoneda<\/td>\r\n<\/tr>\r\n<tr>\r\n<td width=\"58\"><strong>9<\/strong><\/td>\r\n<td width=\"254\">Jo\u00e3o Marcelo Aalbuquerque Vinagre<\/td>\r\n<td width=\"76\">LNBR<\/td>\r\n<td width=\"198\">George Rocha<\/td>\r\n<\/tr>\r\n<tr>\r\n<td width=\"58\"><strong>10<\/strong><\/td>\r\n<td width=\"254\">Matheus Barbosa<\/td>\r\n<td width=\"76\">LNBio<\/td>\r\n<td width=\"198\">Ivan Silva<\/td>\r\n<\/tr>\r\n<tr>\r\n<td width=\"58\"><strong>11<\/strong><\/td>\r\n<td width=\"254\">Theo de Almeida Vasconcelos<\/td>\r\n<td width=\"76\">LNNano<\/td>\r\n<td width=\"198\">Bruna Baggio<\/td>\r\n<\/tr>\r\n<tr>\r\n<td width=\"58\"><strong>12<\/strong><\/td>\r\n<td width=\"254\">Maria Fernanda Dantas da Silva<\/td>\r\n<td width=\"76\">LNLS<\/td>\r\n<td width=\"198\">Danusa do Carmo<\/td>\r\n<\/tr>\r\n<tr>\r\n<td width=\"58\"><strong>13<\/strong><\/td>\r\n<td width=\"254\">Sophia Pivatto Serra<\/td>\r\n<td width=\"76\">LNBR<\/td>\r\n<td width=\"198\">Clelton Santos<\/td>\r\n<\/tr>\r\n<tr>\r\n<td width=\"58\"><strong>14<\/strong><\/td>\r\n<td width=\"254\">Let\u00edcia Maki Chan<\/td>\r\n<td width=\"76\">LNLS<\/td>\r\n<td width=\"198\">Aline Passos<\/td>\r\n<\/tr>\r\n<tr>\r\n<td width=\"58\"><strong>15<\/strong><\/td>\r\n<td width=\"254\">Vin\u00edcius Veit Barreto<\/td>\r\n<td width=\"76\">LNLS<\/td>\r\n<td width=\"198\">Guilherme Andrade<\/td>\r\n<\/tr>\r\n<tr>\r\n<td width=\"58\"><strong>16<\/strong><\/td>\r\n<td width=\"254\">Leonardo Andrade Guimar\u00e3es<\/td>\r\n<td width=\"76\">LNLS<\/td>\r\n<td width=\"198\">Ulisses Kaneko<\/td>\r\n<\/tr>\r\n<tr>\r\n<td width=\"58\"><strong>17<\/strong><\/td>\r\n<td width=\"254\">Sarah Pereira Teixeira Silva<\/td>\r\n<td width=\"76\">LNLS<\/td>\r\n<td width=\"198\">Renata Rabelo<\/td>\r\n<\/tr>\r\n<tr>\r\n<td width=\"58\"><strong>18<\/strong><\/td>\r\n<td width=\"254\">Guilherme Roventini Barreto<\/td>\r\n<td width=\"76\">LNLS<\/td>\r\n<td width=\"198\">Cristiane Rodella<\/td>\r\n<\/tr>\r\n<tr>\r\n<td width=\"58\"><strong>19<\/strong><\/td>\r\n<td width=\"254\">Samuel dos Santos<\/td>\r\n<td width=\"76\">LNLS<\/td>\r\n<td width=\"198\">Jeovani Brand\u00e3o<\/td>\r\n<\/tr>\r\n<\/tbody>\r\n<\/table>\r\n<p>&nbsp;<\/p>\r\n<p>[\/vc_column_text][\/vc_column][\/vc_row][vc_row][vc_column][vc_column_text css=&#8221;&#8221;]<\/p>\r\n<h4><a href=\"http:\/\/pages.cnpem.br\/pibic\/wp-content\/uploads\/sites\/52\/2025\/03\/Livro-resumos_PIBIC-2024.pdf\" target=\"_blank\" rel=\"noopener\">Livro de Resumos 2023\/2024<\/a><\/h4>\r\n<p>&nbsp;<\/p>\r\n<p>[\/vc_column_text][vc_column_text]<\/p>\r\n<h4>Conhe\u00e7a os projetos cient\u00edficos para a edi\u00e7\u00e3o 2023\/2024<\/h4>\r\n<p>&nbsp;<\/p>\r\n<p>[\/vc_column_text][vc_column_text]<\/p>\r\n<h4><strong>LNLS<\/strong><\/h4>\r\n<p>1 &#8211; <a href=\"http:\/\/pages.cnpem.br\/pibic\/wp-content\/uploads\/sites\/52\/2023\/05\/Desenvolvimento-de-catalisadores-heterogeneos-utilizando-o-processo-sol-gel.pdf\">Desenvolvimento de catalisadores heterog\u00eaneos utilizando o processo sol-gel<\/a><\/p>\r\n<p>2 &#8211; <a href=\"http:\/\/pages.cnpem.br\/pibic\/wp-content\/uploads\/sites\/52\/2023\/05\/Desenvolvimento-de-instrumentacao-para-medidas-especiais-de-dicroismo-circular-na-linha-de-luz-CEDRO.pdf\">Desenvolvimento de instrumenta\u00e7\u00e3o para medidas especiais de dicro\u00edsmo circular na linha de luz CEDRO<\/a><\/p>\r\n<p>3 &#8211; <a href=\"http:\/\/pages.cnpem.br\/pibic\/wp-content\/uploads\/sites\/52\/2023\/05\/Efeitos-do-biochar-e-nanoparticulas-de-ZnO-em-caracteristicas-morfologicas-do-solo-raiz-rizosfera-usando-XCT-na-linh.pdf\">Efeitos do biochar e nanopart\u00edculas de ZnO em caracter\u00edsticas morfol\u00f3gicas do solo-raiz-rizosfera usando XCT na linha de luz MOGNO<\/a><\/p>\r\n<p>4 &#8211; <a href=\"http:\/\/pages.cnpem.br\/pibic\/wp-content\/uploads\/sites\/52\/2023\/05\/Experimentos-in-situ-de-materiais-funcionais-na-linha-Paineira-do-Sirius-instrumentacao-e-caso-cientifico.pdf\">Experimentos in-situ de materiais funcionais na linha Paineira do Sirius: instrumenta\u00e7\u00e3o e caso cient\u00edfico<\/a><\/p>\r\n<p>5 &#8211; <a href=\"http:\/\/pages.cnpem.br\/pibic\/wp-content\/uploads\/sites\/52\/2023\/05\/Interacao-e-acoplamento-entre-fases-ferroeletrica-e-ferromagnetica-em-compositos-multiferroicos-caracterizados-por-d.pdf\">Intera\u00e7\u00e3o e acoplamento entre fases ferroel\u00e9trica e ferromagn\u00e9tica em comp\u00f3sitos multiferroicos caracterizados por difra\u00e7\u00e3o de raios X e dicroismo<\/a><\/p>\r\n<p>6 &#8211; <a href=\"http:\/\/pages.cnpem.br\/pibic\/wp-content\/uploads\/sites\/52\/2023\/05\/Investigacao-da-estrutura-local-de-compostos-Heusler-Mn3X.pdf\">Investiga\u00e7\u00e3o da estrutura local de compostos Heusler (Mn<sub>3<\/sub>X) sob deforma\u00e7\u00e3o uniaxial: desenvolvimento e aplica\u00e7\u00e3o da t\u00e9cnica 3D-\u0394PDF<\/a><\/p>\r\n<p>7 &#8211; <a href=\"http:\/\/pages.cnpem.br\/pibic\/wp-content\/uploads\/sites\/52\/2023\/05\/Para-alem-da-membrana-celular-o-uso-de-crio-seccoes-de-celulas-para-validacao-de-protocolos-de-preparacao-de-amostras-bio.pdf\">Para al\u00e9m da membrana celular: o uso de crio-sec\u00e7\u00f5es de c\u00e9lulas para valida\u00e7\u00e3o de protocolos de prepara\u00e7\u00e3o de amostras biol\u00f3gicas para t\u00e9cnicas S\u00edncrotron<\/a><\/p>\r\n<p>8 &#8211; <a href=\"http:\/\/pages.cnpem.br\/pibic\/wp-content\/uploads\/sites\/52\/2023\/05\/Spintronica-em-interfaces-hibridas-usando-tecnicas-de-absorcao-de-raios-X-no-SIRIUS.pdf\">Spintr\u00f4nica em interfaces hibridas usando t\u00e9cnicas de absor\u00e7\u00e3o de raios-X no SIRIUS<\/a><\/p>\r\n<p>9 &#8211; <a href=\"http:\/\/pages.cnpem.br\/pibic\/wp-content\/uploads\/sites\/52\/2023\/05\/Supercondutividade-em-materiais-de-elementos-leves.pdf\">Supercondutividade em materiais de elementos leves<\/a><\/p>\r\n<p>10 &#8211; <a href=\"http:\/\/pages.cnpem.br\/pibic\/wp-content\/uploads\/sites\/52\/2023\/05\/Transporte-eletrico-em-altas-pressoes-para-sondar-novos-supercondutores.pdf\">Transporte el\u00e9trico em altas press\u00f5es para sondar novos supercondutores<\/a><\/p>\r\n<p>&nbsp;<\/p>\r\n<h4><strong>LNBio<\/strong><\/h4>\r\n<p>11 &#8211; <a href=\"http:\/\/pages.cnpem.br\/pibic\/wp-content\/uploads\/sites\/52\/2023\/05\/Construcao-de-vetores-adenovirais-recombinantes-para-expressao-de-genes-imunomoduladores.pdf\">Constru\u00e7\u00e3o de vetores adenovirais recombinantes para express\u00e3o de genes imunomoduladores<\/a><\/p>\r\n<p>12 &#8211; <a href=\"http:\/\/pages.cnpem.br\/pibic\/wp-content\/uploads\/sites\/52\/2023\/05\/Desenvolvimento-de-ferramentas-de-CRISPR-Cas9-para-o-estudo-da-estrutura-mitocondrial-por-microscopia-de-expansao.pdf\">Desenvolvimento de ferramentas de CRISPR-Cas9 para o estudo da estrutura mitocondrial por microscopia de expans\u00e3o<\/a><\/p>\r\n<p>13 &#8211; <a href=\"http:\/\/pages.cnpem.br\/pibic\/wp-content\/uploads\/sites\/52\/2023\/05\/Desenvolvimento-de-plataforma-de-estudo-in-vitro-de-metastase-cerebral-de-celulas-tumorais-de-mama.pdf\">Desenvolvimento de plataforma de estudo in vitro de met\u00e1stase cerebral de c\u00e9lulas tumorais de mama<\/a><\/p>\r\n<p>14 &#8211; <a href=\"http:\/\/pages.cnpem.br\/pibic\/wp-content\/uploads\/sites\/52\/2023\/05\/Estabelecimento-de-um-metodo-de-HTS-high-throuput-screening.pdf\">Estabelecimento de um m\u00e9todo de HTS (high-throuput screening) para avaliar condi\u00e7\u00f5es f\u00edsico-qu\u00edmicas que influenciam na separa\u00e7\u00e3o de fase l\u00edquido-l\u00edquido de prote\u00ednas in vitro<\/a><\/p>\r\n<p>&nbsp;<\/p>\r\n<h4><strong>LNBR<\/strong><\/h4>\r\n<p>15 &#8211; <a href=\"http:\/\/pages.cnpem.br\/pibic\/wp-content\/uploads\/sites\/52\/2023\/05\/Aprendizado-de-maquina-para-determinacao-de-entalpias-de-reacao-em-redes-de-reacoes-quimicas-de-lignina.pdf\">Aprendizado de m\u00e1quina para determina\u00e7\u00e3o de entalpias de rea\u00e7\u00e3o em redes<\/a><\/p>\r\n<p>16 &#8211; <a href=\"http:\/\/pages.cnpem.br\/pibic\/wp-content\/uploads\/sites\/52\/2023\/05\/Avaliacao-da-base-empregada-no-pre-ajuste-de-pH-previo-a-hidrolise-enzimatica-na-distribuicao-dos-cations-no-residuo-soli.pdf\">Avalia\u00e7\u00e3o da base empregada no pr\u00e9-ajuste de pH pr\u00e9vio \u00e0 hidr\u00f3lise enzim\u00e1tica na distribui\u00e7\u00e3o dos c\u00e1tions no res\u00edduo s\u00f3lido rico em lignina para posterior aplica\u00e7\u00e3o em pir\u00f3lise<\/a><\/p>\r\n<p>17 &#8211; <a href=\"http:\/\/pages.cnpem.br\/pibic\/wp-content\/uploads\/sites\/52\/2023\/05\/DO-MICROBIOMA-DA-CAPIVARA-A-BIOCATALISE.pdf\">DO MICROBIOMA DA CAPIVARA \u00c0 BIOCAT\u00c1LISE: CARACTERIZA\u00c7\u00c3O DAS ENZIMAS DA FAM\u00cdLIA GH173 COM VISTAS \u00c0S SUAS APLICA\u00c7\u00d5ES BIOTECNOL\u00d3GICAS<\/a><\/p>\r\n<p>18 &#8211; <a href=\"http:\/\/pages.cnpem.br\/pibic\/wp-content\/uploads\/sites\/52\/2023\/05\/Estudo-de-moleculas-sinalizadoras-volateis-como-indutores-de-crescimento-vegetal-e-de-estrategias-de-delivery-por-nanoenc.pdf\">Estudo de mol\u00e9culas sinalizadoras vol\u00e1teis como indutores de crescimento vegetal e de estrat\u00e9gias de delivery por nanoencapsulamento<\/a><\/p>\r\n<p>19 &#8211; <a href=\"http:\/\/pages.cnpem.br\/pibic\/wp-content\/uploads\/sites\/52\/2023\/05\/Prospeccao-de-novos-microrganismos-e-enzimas-com-potencial-biotecnologico-para.pdf\">Prospec\u00e7\u00e3o de novos microrganismos e enzimas com potencial biotecnol\u00f3gico para despolimerizar pl\u00e1sticos<\/a><\/p>\r\n<p>&nbsp;<\/p>\r\n<h4><strong>LNNano<\/strong><\/h4>\r\n<p>20 &#8211; <a href=\"http:\/\/pages.cnpem.br\/pibic\/wp-content\/uploads\/sites\/52\/2023\/05\/Microscopia-de-Tunelamento-em-Moleculas-de-Porfirina-Depositadas-sobre-Superficies-Monocristalinas.pdf\">Microscopia de Tunelamento em Mol\u00e9culas de Porfirina Depositadas sobre Superf\u00edcies Monocristalinas<\/a><\/p>\r\n<p>21 &#8211; <a href=\"http:\/\/pages.cnpem.br\/pibic\/wp-content\/uploads\/sites\/52\/2023\/05\/NANOCOMPOSITOS-TERMOPLASTICOS-CONTENDO-LIGNINA-E-CELULOSE-NANOESTRUTURADA-UMA-AVALIACAO-DAS-PROPRIEDADES-ATIVAS-E-BIODEGR.pdf\">NANOCOMP\u00d3SITOS TERMOPL\u00c1STICOS CONTENDO LIGNINA E CELULOSE NANOESTRUTURADA: UMA AVALIA\u00c7\u00c3O DAS PROPRIEDADES ATIVAS E BIODEGRAD\u00c1VEIS<\/a><\/p>\r\n<p>22 &#8211; <a href=\"http:\/\/pages.cnpem.br\/pibic\/wp-content\/uploads\/sites\/52\/2023\/05\/Producao-de-heteroestruturas-bidimensionais-e-fabricacao-de-dispositivos-para-aplicacao-em-nanoeletronica.pdf\">Produ\u00e7\u00e3o de heteroestruturas bidimensionais e fabrica\u00e7\u00e3o de dispositivos para aplica\u00e7\u00e3o em nanoeletr\u00f4nica<\/a><\/p>\r\n<p>23 &#8211; <a href=\"http:\/\/pages.cnpem.br\/pibic\/wp-content\/uploads\/sites\/52\/2023\/05\/Simulacoes-Dinamicas-de-Nanomateriais-usando-Potenciais-Atomisticos-obtidos-por-Inteligencia-Artificial.pdf\">Simula\u00e7\u00f5es Din\u00e2micas de Nanomateriais usando Potenciais Atom\u00edsticos obtidos por Intelig\u00eancia Artificial<\/a><\/p>\r\n<p>24 &#8211; <a href=\"http:\/\/pages.cnpem.br\/pibic\/wp-content\/uploads\/sites\/52\/2023\/05\/Sintese-de-espumas-de-fibras-de-celulose.pdf\">S\u00edntese de espumas de fibras de celulose<\/a><\/p>\r\n<p>&nbsp;<\/p>\r\n<h4><strong>ILUM<\/strong><\/h4>\r\n<p>25 &#8211; <a href=\"http:\/\/pages.cnpem.br\/pibic\/wp-content\/uploads\/sites\/52\/2023\/05\/Equacoes-diferenciais-intervalares-Aplicacoes-em-Biomatematica.pdf\">Equa\u00e7\u00f5es diferenciais intervalares: Aplica\u00e7\u00f5es em Biomatem\u00e1tica<\/a><\/p>\r\n<p>[\/vc_column_text][\/vc_column][\/vc_row]<\/p><\/div>","protected":false},"excerpt":{"rendered":"<p>[vc_row][vc_column][vc_column_text] Classifica\u00e7\u00e3o geral dos estudantes selecionados para o PIBIC 2023\/2024 \u00a0 Classifica\u00e7\u00e3o Geral LN Orientador 1 Raquel Cristina de Andrade Queiroz ILUM Vin\u00edcius Wasques 2 Luiz Eduardo Foschiera Couto Lopes LNBR Carlos Driemeier 3 Jos\u00e9 Marcos Dias Ferreira J\u00fanior LNBio Marcio Bajgelman 4 Pedro Henrique Kenzo Nishimoto LNNano Marcos Lorevice 5 Bruna Helena Rotta Santiago&hellip;<\/p>\n","protected":false},"author":10,"featured_media":0,"parent":0,"menu_order":0,"comment_status":"closed","ping_status":"closed","template":"","meta":{"footnotes":""},"class_list":["post-1524","page","type-page","status-publish","hentry","description-off"],"_links":{"self":[{"href":"https:\/\/pages.cnpem.br\/pibic\/wp-json\/wp\/v2\/pages\/1524","targetHints":{"allow":["GET"]}}],"collection":[{"href":"https:\/\/pages.cnpem.br\/pibic\/wp-json\/wp\/v2\/pages"}],"about":[{"href":"https:\/\/pages.cnpem.br\/pibic\/wp-json\/wp\/v2\/types\/page"}],"author":[{"embeddable":true,"href":"https:\/\/pages.cnpem.br\/pibic\/wp-json\/wp\/v2\/users\/10"}],"replies":[{"embeddable":true,"href":"https:\/\/pages.cnpem.br\/pibic\/wp-json\/wp\/v2\/comments?post=1524"}],"version-history":[{"count":0,"href":"https:\/\/pages.cnpem.br\/pibic\/wp-json\/wp\/v2\/pages\/1524\/revisions"}],"wp:attachment":[{"href":"https:\/\/pages.cnpem.br\/pibic\/wp-json\/wp\/v2\/media?parent=1524"}],"curies":[{"name":"wp","href":"https:\/\/api.w.org\/{rel}","templated":true}]}}