{"id":49,"date":"2018-12-04T16:10:13","date_gmt":"2018-12-04T18:10:13","guid":{"rendered":"https:\/\/pages.cnpem.br\/wirms2019\/?page_id=49"},"modified":"2019-07-19T08:49:09","modified_gmt":"2019-07-19T11:49:09","slug":"information","status":"publish","type":"page","link":"https:\/\/pages.cnpem.br\/pressync\/information\/","title":{"rendered":"Venue and Information"},"content":{"rendered":"<div class=\"wpb-content-wrapper\"><p>[vc_row][vc_column][vc_row_inner][vc_column_inner][\/vc_column_inner][\/vc_row_inner][vc_tta_tabs style=&#8221;modern&#8221; spacing=&#8221;5&#8243; alignment=&#8221;center&#8221; active_section=&#8221;1&#8243; no_fill_content_area=&#8221;true&#8221;][vc_tta_section i_icon_fontawesome=&#8221;fa fa-home&#8221; add_icon=&#8221;true&#8221; title=&#8221;Accommodation&#8221; tab_id=&#8221;accommodation&#8221;][vc_empty_space height=&#8221;40px&#8221;][vc_column_text]<\/p>\n<blockquote>\n<h4 style=\"text-align: center;\"><strong><span style=\"font-size: 12pt;\">Matiz Bar\u00e3o Geraldo Hotel special offers to Pressync 2019<\/span><\/strong><\/h4>\n<\/blockquote>\n<p>[\/vc_column_text][vc_row_inner][vc_column_inner width=&#8221;1\/2&#8243;][vc_column_text]We have negotiated special rate at the Matiz Bar\u00e3o Geraldo hotel for your convenience. Please note that the <span style=\"text-decoration: underline;\">number of rooms is limited<\/span>, therefore, it is recommended to book accommodation <strong>well in advance<\/strong>.<br \/>\nThe rate are\u00a0<strong>available for stays from July 30 to August 3, 2019<\/strong>\u00a0and will be valid for bookings until\u00a0<strong>June 1st, 2019.<\/strong><\/p>\n<p>&nbsp;<\/p>\n<p><strong>Address<\/strong>: Av. Albino Jos\u00e9 Barbosa de Oliveira, 1700 \u2013 Bar\u00e3o Geraldo, Campinas | SP | Phone: + 55 (19) 3749-8500<br \/>\nDistance from the event\u2019s venue: 4.4 km.<\/p>\n<p>[\/vc_column_text][\/vc_column_inner][vc_column_inner width=&#8221;1\/2&#8243;][vc_column_text]<\/p>\n<p style=\"text-align: center;\"><span style=\"font-size: 12pt;\">Please\u00a0<strong>book your room directly with the hotel<\/strong>.<\/span><\/p>\n<p style=\"text-align: justify;\"><strong>Price per room per night (BRL): <\/strong>SGL \u2013 R$ 231,00, DBL\/TWIN \u2013 R$ 266,00 plus 5% of tax<strong> \u00a0<\/strong>(included breakfast, valet and internet).<\/p>\n<p style=\"text-align: justify;\"><strong>Booking reference:<\/strong> \u201cPRESSYNC \u2013 LNLS\/CNPEM\u201d, discount code: loc 37319<\/p>\n<p style=\"text-align: justify;\"><strong>Booking via e-mail:<\/strong> <a href=\"mailto:eventosmatizbaraogeraldo@hotelariabrasil.com.br\">eventosmatizbaraogeraldo@hotelariabrasil.com.br<\/a><\/p>\n<p>&#8211; Download and fill in the Matiz Booking Form bellow. Send it to the Hotel e-mail adress to guarantee your reservation via e-mail.[\/vc_column_text][vc_btn title=&#8221;Matiz Reservation Form&#8221; color=&#8221;primary&#8221; align=&#8221;center&#8221; link=&#8221;url:https%3A%2F%2Fpages.cnpem.br%2Fpressync%2Fwp-content%2Fuploads%2Fsites%2F106%2F2019%2F05%2FMatizBaraoGeraldo-ingles.pdf||target:%20_blank|&#8221;][\/vc_column_inner][\/vc_row_inner][vc_empty_space height=&#8221;30px&#8221;][vc_column_text]<\/p>\n<blockquote>\n<h4 style=\"text-align: center;\"><strong><span style=\"font-size: 12pt;\">Other suggested accomodations in Bar\u00e3o Geraldo and Campinas<\/span><\/strong><\/h4>\n<\/blockquote>\n<p>[\/vc_column_text][vc_row_inner gap=&#8221;10&#8243;][vc_column_inner width=&#8221;1\/2&#8243;][vc_column_text]<\/p>\n<h3>HOTELS<\/h3>\n<h4><\/h4>\n<ul style=\"text-align: left;\">\n<li><b>Compacto Hotel<\/b><\/li>\n<\/ul>\n<p>Adress: Rua Cumar\u00fa, 116 \u2013 Alphaville Industrial \u2013\u00a0 Campinas | SP \u2013 CEP: 13098-324<br \/>\nPhone: (19) 3262-1525<br \/>\nE-mail:\u00a0<a href=\"mailto:recepcao@compactohotel.com.br\">recepcao@compactohotel.com.br<\/a><br \/>\n<a href=\"http:\/\/www.compactohotel.com.br\/\" target=\"_blank\" rel=\"noopener noreferrer\">Website<\/a> and <a href=\"https:\/\/myreservations.omnibees.com\/default.aspx?q=4940\">Reservations<\/a><br \/>\nDistance from the event&#8217;s venue:\u00a0 5 km<\/p>\n<ul style=\"text-align: left;\">\n<li><b>Comfort Suites Campinas<\/b><\/li>\n<\/ul>\n<p>Address: R. Embiru\u00e7u, 300 \u2013 Alphaville, Campinas | SP<br \/>\nPhone: (19) 2137-9000<br \/>\nE-mail:\u00a0<a href=\"mailto:reservas.csc@atlaticahotels.com.br\">reservas.csc@atlaticahotels.com.br<\/a><br \/>\n<a href=\"http:\/\/www.atlanticahotels.com.br\/hotel\/campinas\/comfort-suites-campinas\" target=\"_blank\" rel=\"noopener noreferrer\">Website<\/a> and <a href=\"https:\/\/www.booking.com\/hotel\/br\/comfort-suites-campinas.html?aid=356980&amp;label=gog235jc-1DCAsoIEIXY29tZm9ydC1zdWl0ZXMtY2FtcGluYXNILVgDaCCIAQGYAS24ARfIAQzYAQPoAQH4AQKIAgGoAgM&amp;sid=dc3251cb01805d2f25112039bdf63247&amp;dist=0&amp;lang=en-us&amp;room1=A%2CA&amp;sb_price_type=total&amp;soz=1&amp;type=total&amp;lang_click=top;cdl=pt-br;lang_changed=1\">reservations\u00a0<\/a><br \/>\nDistance from the event&#8217;s venue: 5 km<\/p>\n<ul style=\"text-align: left;\">\n<li><strong>Casa do Professor Visitante<\/strong><\/li>\n<\/ul>\n<p>Address: Av. \u00c9rico Ver\u00edssimo, 1251 &#8211; Cidade Universit\u00e1ria, Campinas &#8211; SP, 13083-851<br \/>\nPhone: (19) 3521-2809<br \/>\nE-mail: <a href=\"mailto:cpv@funcamp.unicamp.br\">cpv@funcamp.unicamp.br<\/a><br \/>\n<a href=\"http:\/\/cpvunicamp.com.br\/en\/homepage\/\">Website<\/a><br \/>\nDistance from the event&#8217;s venue: 5.7km[\/vc_column_text][\/vc_column_inner][vc_column_inner width=&#8221;1\/2&#8243;][vc_column_text]<\/p>\n<h3>HOSTELS<\/h3>\n<ul>\n<li><strong>Pousada Anjo Azul Flat &amp; Pousada<\/strong><\/li>\n<\/ul>\n<p>Address: Rua Aristides Lobo, 934 &#8211; Cidade Universit\u00e1ria &#8211; Campinas\/SP<br \/>\nPhone: (019) 3307- 6446<br \/>\n<a href=\"https:\/\/www.booking.com\/hotel\/br\/pousada-anjo-azul.html?aid=375046&amp;label=campinas-exloTdJ34SOL5gIdRqpY%2AAS169207067954%3Apl%3Ata%3Ap150%3Ap2389.000%3Aac%3Aap1t2%3Aneg%3Afi%3Atikwd-58544770665%3Alp1001729%3Ali%3Adec%3Adm&amp;sid=dc3251cb01805d2f25112039bdf63247&amp;dest_id=-633905&amp;dest_type=city&amp;dist=0&amp;hapos=4&amp;hpos=4&amp;lang=en-us&amp;nflt=sth%253D98&amp;room1=A%2CA&amp;sb_price_type=total&amp;soz=1&amp;sr_order=popularity&amp;srepoch=1550507719&amp;srpvid=c7fd74a38cbe009a&amp;type=total&amp;ucfs=1&amp;lang_click=top;cdl=pt-br;lang_changed=1\">Reservations<\/a><br \/>\nDistance from the event&#8217;s venue: 2.7km<\/p>\n<ul>\n<li><b>Pousada Universit\u00e1ria Bar\u00e3o Geraldo<\/b><\/li>\n<\/ul>\n<p>Address: R. Ant\u00f4nio Galv\u00e3o de O. Barros, 101 \u2013 Bar\u00e3o Geraldo \u2013 Campinas, SP CEP 13084-275<br \/>\nPhone: + 55 (19) 3308-6656.<br \/>\nE-mail:\u00a0 <a href=\"mailto:reserva@pousadauniversitaria.com.br\">reserva@pousadauniversitaria.com.br<\/a><br \/>\n<a href=\"https:\/\/www.booking.com\/hotel\/br\/pousada-universitaria-campinas.html?aid=360920&amp;label=New_Portuguese_PT_ROW_6409090206-_9oPl604g33uUPimd0_L7QS60966725406%3Apl%3Ata%3Ap1%3Ap2%3Aac%3Aap1t1%3Aneg&amp;sid=dc3251cb01805d2f25112039bdf63247&amp;dest_id=-633905&amp;dest_type=city&amp;dist=0&amp;hapos=1&amp;hpos=1&amp;lang=en-us&amp;room1=A%2CA&amp;sb_price_type=total&amp;soz=1&amp;sr_order=popularity&amp;srepoch=1550507549&amp;srpvid=8041744e80a30173&amp;type=total&amp;ucfs=1&amp;lang_click=top;cdl=pt-br;lang_changed=1\">Reservations<\/a><br \/>\nDistance from the event&#8217;s venue: 6.1 km<\/p>\n<ul>\n<li><strong>Pousada Bar\u00e3o<\/strong><\/li>\n<\/ul>\n<p>Address: Av. Albino Jos\u00e9 Barbosa de Oliveira, 724 \u2013 Bar\u00e3o Geraldo, Campinas, SP<br \/>\nPhone: (19) 3396-7060<br \/>\nE-mail:\u00a0<a href=\"mailto:contato@posadabarao.net.br\">contato@posadabarao.net.br<\/a><br \/>\n<a href=\"http:\/\/www.pousadabarao.net.br\" target=\"_blank\" rel=\"noopener noreferrer\">Website<\/a><\/p>\n<p>Distance from the event&#8217;s venue:\u00a06.1 km[\/vc_column_text][\/vc_column_inner][\/vc_row_inner][\/vc_tta_section][vc_tta_section i_icon_fontawesome=&#8221;fa fa-bus&#8221; add_icon=&#8221;true&#8221; title=&#8221;Daily Transportation&#8221; tab_id=&#8221;dailytransportation&#8221;][vc_empty_space height=&#8221;40px&#8221;][vc_row_inner][vc_column_inner][vc_column_text]A\u00a0<strong>free bus<\/strong>\u00a0will be offered to the participants, departing from \u201cBar\u00e3o Geraldo District\u201d, with stops at Matiz hotel and Dr. Lu\u00eds de Tella avenue, arriving at CNPEM campus.<\/p>\n<p><em>There are limited seats for the daily transportation. If you&#8217;re interested, please contact us at <strong>eventos@cnpem.br<\/strong>.<\/em>[\/vc_column_text][\/vc_column_inner][\/vc_row_inner][vc_row_inner][vc_column_inner width=&#8221;1\/3&#8243;][vc_single_image image=&#8221;306&#8243; img_size=&#8221;large&#8221; onclick=&#8221;link_image&#8221;][\/vc_column_inner][vc_column_inner width=&#8221;1\/3&#8243;][vc_single_image image=&#8221;307&#8243; img_size=&#8221;large&#8221; onclick=&#8221;link_image&#8221;][\/vc_column_inner][vc_column_inner width=&#8221;1\/3&#8243;][vc_single_image image=&#8221;308&#8243; img_size=&#8221;large&#8221; onclick=&#8221;link_image&#8221;][\/vc_column_inner][\/vc_row_inner][\/vc_tta_section][vc_tta_section i_icon_fontawesome=&#8221;fa fa-globe&#8221; add_icon=&#8221;true&#8221; title=&#8221;Travel information&#8221; tab_id=&#8221;1549038107330-708042ff-d396&#8243;][vc_row_inner][vc_column_inner][vc_empty_space height=&#8221;50px&#8221;][vc_column_text]<\/p>\n<ul>\n<li>\n<blockquote><p>Visa<\/p><\/blockquote>\n<\/li>\n<\/ul>\n<p>Visitors to Brazil must obtain a visa from a Brazilian Consulate (in some cases, Embassy) unless they come from a visa exempt countries.<\/p>\n<p>Information on this topic may be found here:\u00a0<a href=\"http:\/\/www.portalconsular.itamaraty.gov.br\/vistos-para-viajar-ao-brasil\">http:\/\/www.portalconsular.itamaraty.gov.br\/vistos-para-viajar-ao-brasil<\/a>. In case of questions, we strongly recommend you check with your local Brazilian diplomatic mission if you need to apply for a tourist visa beforehand.<\/p>\n<p><strong>Important<\/strong>: bear in mind that you must apply for a visa in advance, it might take some weeks for you to get it.<\/p>\n<p>The Local Committee (<a href=\"mailto:eventos@cnpem.br\">eventos@cnpem.br<\/a>) can provide a letter of invitation if you need to present it for visa or academic purposes. The Invitation Letter from the CNPEM may NOT be enough to obtain a Brazilian visa.<\/p>\n<ul>\n<li>\n<blockquote><p>Passport<\/p><\/blockquote>\n<\/li>\n<\/ul>\n<p>The passport must be valid for at least <strong>six months<\/strong> beyond your planned date of departure from Brazil.<\/p>\n<ul>\n<li>\n<blockquote><p>Travel insurance<\/p><\/blockquote>\n<\/li>\n<\/ul>\n<p>You may consider an insurance policy of your choice to protect your interests in relation to cancellations, medical expenses, loss or damage to personal property. The conference organizers cannot take any responsibility for participants failing to arrange their own insurance.<\/p>\n<ul>\n<li>\n<blockquote><p>Currency<\/p><\/blockquote>\n<\/li>\n<\/ul>\n<p>REAL (R$)\u00a0 is the currency used in Brazil. It is possible to find some options for exchanging Money at Guarulhos or Viracopos Airports. In Campinas you can also find exchange offices.[\/vc_column_text][\/vc_column_inner][\/vc_row_inner][\/vc_tta_section][vc_tta_section i_icon_fontawesome=&#8221;fa fa-plane&#8221; add_icon=&#8221;true&#8221; title=&#8221;Get to the event&#8221; tab_id=&#8221;get&#8221;][vc_row_inner][vc_column_inner][vc_message]<strong><span style=\"font-size: 12pt;\">Please, note!<\/span><\/strong><\/p>\n<p>The PRESSYNC workshop that will be held in the city of Campinas, S\u00e3o Paulo state, is a satellite event of the<strong> <a href=\"http:\/\/www.airapt27.cbpf.br\/\">AIRAPT27<\/a>\u00a0(International Association for the Advancement of High-Pressure Science and Technology)<\/strong>\u00a0which will happen in the city of Rio de Janeiro, Rio de Janeiro state.<\/p>\n<p>The cities are separated by an one-hour long flight. There are variety of flights available\u00a0every day between Campinas (Viracopos Airport) and Rio de Janeiro (Gale\u00e3o and Santos Dumont Airports).[\/vc_message][vc_empty_space height=&#8221;40px&#8221;][vc_text_separator title=&#8221;Getting to Campinas and CNPEM campus&#8221; title_align=&#8221;separator_align_left&#8221; border_width=&#8221;3&#8243;][vc_column_text]<\/p>\n<h2 style=\"text-align: justify;\"><span style=\"font-size: 14pt;\"><strong>Airports<\/strong><\/span><\/h2>\n<ul>\n<li style=\"text-align: justify;\"><strong>Guarulhos Airport<\/strong>\u00a0(<strong>GRU<\/strong>, Governador Andr\u00e9 Franco Montoro Airport, also known as \u201cCumbica Airport\u201d) is the airport through which most foreign participants will arrive. It is located in the city of Guarulhos, less than 60 minutes from downtown Sao Paulo, and around 1h30 min from Campinas either by bus or car;<\/li>\n<\/ul>\n<p style=\"text-align: justify;\"><u>How to get to Campinas from Guarulhos Airport<\/u>:\u00a0<strong>*<\/strong>\u00a0Next to the main parking lot. Tickets to Campinas cost 33.50 BRL each. The bus timetable is available at the\u00a0<a href=\"https:\/\/www.lirabus.com.br\/site\/translados\/\">company website<\/a>\u00a0(select \u201cCumbica (Guarulhos)\u201d).<\/p>\n<ul>\n<li style=\"text-align: justify;\"><strong>Viracopos International Airport<\/strong>\u00a0is located near the city of Campinas. Some international flights are available to\/from this airport, most of them with connections in Florida and Lisboa.<\/li>\n<\/ul>\n<p style=\"text-align: justify;\"><u>How to get to Campinas from Viracopos Airport<\/u>:*\u00a0A Lirabus company booth is located in front of the Domestic Arrivals.\u00a0Tickets to Campinas cost 13.75 BRL each. The bus timetable is available at the<a href=\"https:\/\/www.lirabus.com.br\/site\/translados\/\">\u00a0company website<\/a>\u00a0(select \u201cViracopos\u201d).\u00a0The bus trip from Viracopos Airport to Campinas bus station takes around 40 minutes.<\/p>\n<p style=\"text-align: justify;\">*Locations and costs are subject to change. The airport information desk will provide up-to-date directions.<\/p>\n<ul>\n<li style=\"text-align: justify;\"><strong>Ground Transportation<\/strong><\/li>\n<\/ul>\n<p style=\"text-align: justify;\">Busses from the Airports and from other cities wil arrive at the Campinas Bus Terminal (called \u201cTerminal Multimodal Ramos de Azevedo\u201d). Bus tickets can be reserved and purchased online for the major bus companies.<\/p>\n<p style=\"text-align: justify;\">Instructions on how to get from the Bus Terminal to CNPEM using public transportation can be\u00a0<a href=\"http:\/\/www.lnls.cnpem.br\/location\/\">found here<\/a>. The Local Committee can provide more information if needed.<\/p>\n<p style=\"text-align: justify;\">Taxis and ride-booking apps are also available in the city.<\/p>\n<p style=\"text-align: justify;\"><strong>If you prefer coming by car, taxi or public transportation, please\u00a0<a href=\"http:\/\/www.lnls.cnpem.br\/location\/\">check how to get to CNPEM campus<\/a><\/strong><\/p>\n<p>[\/vc_column_text][vc_empty_space height=&#8221;40px&#8221;][vc_text_separator title=&#8221;Other tips and aditional information&#8221; title_align=&#8221;separator_align_left&#8221; border_width=&#8221;3&#8243;][vc_column_text]<\/p>\n<ul>\n<li style=\"text-align: justify;\"><strong>Tipping:<\/strong>\u00a0tipping is not as widespread or regulated in Brazil as it is in other parts of the world. Tipping is your prerogative, a reward for service. It is customary to tip hotel porters, and a gratuity of about 10% is usual in restaurants if good service is received.<\/li>\n<li style=\"text-align: justify;\"><strong>Disabled facilities<\/strong>:if you require disability specific facilities, please notify the secretariat.<\/li>\n<\/ul>\n<p>[\/vc_column_text][\/vc_column_inner][\/vc_row_inner][\/vc_tta_section][vc_tta_section i_icon_fontawesome=&#8221;fa fa-map-marker&#8221; add_icon=&#8221;true&#8221; title=&#8221;About the venue&#8221; tab_id=&#8221;venue&#8221;][vc_empty_space height=&#8221;45px&#8221;][vc_row_inner][vc_column_inner width=&#8221;1\/3&#8243;][vc_single_image image=&#8221;67&#8243; img_size=&#8221;400&#215;350&#8243; alignment=&#8221;center&#8221; onclick=&#8221;link_image&#8221;][\/vc_column_inner][vc_column_inner width=&#8221;1\/3&#8243;][vc_single_image image=&#8221;120&#8243; img_size=&#8221;400&#215;350&#8243; alignment=&#8221;center&#8221; onclick=&#8221;link_image&#8221;][\/vc_column_inner][vc_column_inner width=&#8221;1\/3&#8243;][vc_single_image image=&#8221;121&#8243; img_size=&#8221;400&#215;350&#8243; alignment=&#8221;center&#8221; onclick=&#8221;link_image&#8221;][\/vc_column_inner][\/vc_row_inner][vc_column_text]<\/p>\n<blockquote>\n<p style=\"text-align: center;\"><span style=\"font-size: 12pt;\">The satellite workshop\u00a0<strong>Synchrotron Techniques Under High Pressure (PRESSYNC) 2019<\/strong>\u00a0will be held at the premises of the brand new Sirius building, under finalization by the\u00a0<a href=\"http:\/\/lnls.cnpem.br\/\" target=\"_blank\" rel=\"noopener noreferrer\">Brazilian Synchrotron Light Laboratory (LNLS)<\/a>, located at the\u00a0<a href=\"http:\/\/www.cnpem.br\/\" target=\"_blank\" rel=\"noopener noreferrer\">Brazilian Center for Research in Energy and Materials (CNPEM)<\/a>\u00a0in Campinas, state of S\u00e3o Paulo.<\/span><\/p>\n<\/blockquote>\n<p>[\/vc_column_text][vc_row_inner][vc_column_inner width=&#8221;1\/2&#8243;][vc_empty_space height=&#8221;45px&#8221;][vc_column_text]<\/p>\n<p style=\"text-align: center;\"><strong>LNLS<\/strong><\/p>\n<p style=\"text-align: justify;\">The\u00a0<a href=\"http:\/\/lnls.cnpem.br\/\" target=\"_blank\" rel=\"noopener noreferrer\">Brazilian Synchrotron Light Laboratory (LNLS)<\/a>\u00a0operates the only synchrotron light source in Latin America, providing high brilliant light from infrared to X-rays for the analysis of organic and inorganic materials.\u00a0Designed and built with Brazilian technology, LNLS was inaugurated in 1997 as an open facility to the scientific and industrial communities across the country and abroad.<\/p>\n<p style=\"text-align: center;\"><strong>SIRIUS<\/strong><\/p>\n<p style=\"text-align: justify;\">LNLS is currently engaged in the conclusion of\u00a0<a href=\"http:\/\/lnls.cnpem.br\/sirius\/\" target=\"_blank\" rel=\"noopener noreferrer\">Sirius<\/a>, the next Brazilian synchrotron light source. It is planned to be a state of the art fourth generation machine, designed to be one of the most advanced in the world. Its ultra-low emittance and thus high brightness will open up new perspectives for research in many fields such as material science, structural biology, nanoscience, physics, earth and environmental science, cultural heritage, among many others. The first stage of Sirius Project was delivered in November, 2018 and it is planned to start its operation in 2019.<\/p>\n<p>[\/vc_column_text][\/vc_column_inner][vc_column_inner width=&#8221;1\/2&#8243;][vc_empty_space height=&#8221;45px&#8221;][vc_column_text]<\/p>\n<p style=\"text-align: center;\"><strong>CNPEM<\/strong><\/p>\n<p style=\"text-align: justify;\">The\u00a0<a href=\"http:\/\/www.cnpem.br\/\" target=\"_blank\" rel=\"noopener noreferrer\">Brazilian Center for Research in Energy and Materials (CNPEM)<\/a>\u00a0is a private nonprofit organization located in Campinas, Brazil, which is funded by the Ministry of Science, Technology &amp; Innovation (MCTIC). It is dedicated to cutting-edge research in materials, nanosciences, life sciences, physics, and chemistry through four National Laboratories: Synchrotron (LNLS),\u00a0<a href=\"http:\/\/lnbio.cnpem.br\/\" target=\"_blank\" rel=\"noopener noreferrer\">Biosciences (LNBio)<\/a>,\u00a0<a href=\"http:\/\/ctbe.cnpem.br\/\" target=\"_blank\" rel=\"noopener noreferrer\">Bioethanol (CTBE)<\/a>\u00a0and\u00a0<a href=\"http:\/\/lnnano.cnpem.br\/\" target=\"_blank\" rel=\"noopener noreferrer\">Nanotechnology (LNNano)<\/a>. The four laboratories are open facilities for external users and companies, from Brazil and abroad. They also have teams of researchers to provide support for projects, as well as to conduct joint research programs in biomass, green chemistry, drugs and cosmetics development, characterization of advanced materials, catalysts, etc.<\/p>\n<p>[\/vc_column_text][\/vc_column_inner][\/vc_row_inner][\/vc_tta_section][\/vc_tta_tabs][\/vc_column][\/vc_row]<\/p>\n<\/div>","protected":false},"excerpt":{"rendered":"<p>[vc_row][vc_column][vc_row_inner][vc_column_inner][\/vc_column_inner][\/vc_row_inner][vc_tta_tabs style=&#8221;modern&#8221; spacing=&#8221;5&#8243; alignment=&#8221;center&#8221; active_section=&#8221;1&#8243; no_fill_content_area=&#8221;true&#8221;][vc_tta_section i_icon_fontawesome=&#8221;fa fa-home&#8221; add_icon=&#8221;true&#8221; title=&#8221;Accommodation&#8221; tab_id=&#8221;accommodation&#8221;][vc_empty_space height=&#8221;40px&#8221;][vc_column_text] Matiz Bar\u00e3o Geraldo Hotel special offers to Pressync 2019 [\/vc_column_text][vc_row_inner][vc_column_inner width=&#8221;1\/2&#8243;][vc_column_text]We have negotiated special rate at the Matiz Bar\u00e3o Geraldo hotel for your convenience. Please note that the number of rooms is limited, therefore, it is recommended to book accommodation well in advance.&hellip;<\/p>\n","protected":false},"author":1655,"featured_media":0,"parent":0,"menu_order":0,"comment_status":"closed","ping_status":"closed","template":"","meta":{"footnotes":""},"class_list":["post-49","page","type-page","status-publish","hentry","description-off"],"_links":{"self":[{"href":"https:\/\/pages.cnpem.br\/pressync\/wp-json\/wp\/v2\/pages\/49","targetHints":{"allow":["GET"]}}],"collection":[{"href":"https:\/\/pages.cnpem.br\/pressync\/wp-json\/wp\/v2\/pages"}],"about":[{"href":"https:\/\/pages.cnpem.br\/pressync\/wp-json\/wp\/v2\/types\/page"}],"author":[{"embeddable":true,"href":"https:\/\/pages.cnpem.br\/pressync\/wp-json\/wp\/v2\/users\/1655"}],"replies":[{"embeddable":true,"href":"https:\/\/pages.cnpem.br\/pressync\/wp-json\/wp\/v2\/comments?post=49"}],"version-history":[{"count":0,"href":"https:\/\/pages.cnpem.br\/pressync\/wp-json\/wp\/v2\/pages\/49\/revisions"}],"wp:attachment":[{"href":"https:\/\/pages.cnpem.br\/pressync\/wp-json\/wp\/v2\/media?parent=49"}],"curies":[{"name":"wp","href":"https:\/\/api.w.org\/{rel}","templated":true}]}}