{"id":24,"date":"2022-10-14T14:18:46","date_gmt":"2022-10-14T14:18:46","guid":{"rendered":"https:\/\/pages.cnpem.br\/spsasnano\/?page_id=24"},"modified":"2023-07-18T16:24:30","modified_gmt":"2023-07-18T19:24:30","slug":"nano-agrienviro","status":"publish","type":"page","link":"https:\/\/pages.cnpem.br\/spsasnano\/","title":{"rendered":"Home"},"content":{"rendered":"<div class=\"wpb-content-wrapper\"><p>[vc_row full_width=&#8221;stretch_row_content&#8221;][vc_column width=&#8221;1\/2&#8243;][vc_cta h2=&#8221;The SPSAS NanoAgri&amp;Enviro was held successfully&#8221; style=&#8221;outline&#8221; color=&#8221;orange&#8221; add_button=&#8221;bottom&#8221; btn_title=&#8221;Read the full article&#8221; btn_style=&#8221;flat&#8221; btn_color=&#8221;turquoise&#8221; btn_size=&#8221;lg&#8221; btn_i_align=&#8221;right&#8221; btn_i_icon_fontawesome=&#8221;fas fa-angle-double-right&#8221; btn_add_icon=&#8221;true&#8221; btn_link=&#8221;url:https%3A%2F%2Fcnpem.br%2Fen%2Fnanotechnology-agriculture-and-environmental-specialists-from-around-the-world-gather-at-the-cnpem-for-the-spsas%2F|target:_blank&#8221;]<\/p>\n<p style=\"text-align: justify;\">The Brazilian Center for Research in Energy and Materials (CNPEM) held the Sao Paulo School for Advanced Science in Nanotechnology, Agriculture, and the Environment,\u00a0<strong>SPSAS NanoAgri&amp;Enviro<\/strong>) from July 3 to 14, 2023. This event received funding from the\u00a0<a href=\"https:\/\/fapesp.br\/en\" target=\"_blank\" rel=\"noopener\">S\u00e3o Paulo Research Foundation (FAPESP<\/a>) and brought together approximately 90 participants from teaching and research institutions in 24 countries and speakers with solid experience, scientific leadership, and excellence in research on nanoscience, artificial intelligence, and agro-environmental issues.<\/p>\n<p style=\"text-align: justify;\">Besides seminars and scientific presentations, the participants had access to hands-on experiments and technical visits to world-class facilities and specialized laboratories at important institutions in the state of S\u00e3o Paulo: the University of S\u00e3o Paulo (USP) in Piracicaba, S\u00e3o Paulo State University (UNESP) and the University of Sorocaba (UNISO) in Sorocaba, and the Federal University of S\u00e3o Carlos (UFSCar) and Brazilian Agricultural Research Corporation (EMBRAPA) in S\u00e3o Carlos.<\/p>\n<p style=\"text-align: justify;\">The SPSAS model provides a multidisciplinary environment that encourages the exchange of experiences and integration of knowledge and innovation on topics that are globally important, like safe and sustainable application of nanotechnology and advanced materials, particularly in the areas of agriculture, nutrition, and the environment.<\/p>\n<p>[\/vc_cta][vc_empty_space][\/vc_column][vc_column width=&#8221;1\/2&#8243;][vc_single_image image=&#8221;288&#8243; img_size=&#8221;full&#8221; alignment=&#8221;center&#8221; onclick=&#8221;custom_link&#8221; img_link_target=&#8221;_blank&#8221; link=&#8221;https:\/\/pages.cnpem.br\/spsasnano\/wp-content\/uploads\/sites\/156\/2023\/07\/foto-oficial-spsas-1024&#215;669.png&#8221;][vc_custom_heading text=&#8221;The Book of Abstract is now available on &#8220;Program&#8220;&#8221; font_container=&#8221;tag:h4|text_align:left|color:%23ffffff&#8221; google_fonts=&#8221;font_family:Fjalla%20One%3Aregular|font_style:400%20regular%3A400%3Anormal&#8221; link=&#8221;url:https%3A%2F%2Fpages.cnpem.br%2Fspsasnano%2Fprogram%2F|title:Program&#8221;][\/vc_column][\/vc_row][vc_row full_width=&#8221;stretch_row_content&#8221;][vc_column][vc_media_grid element_width=&#8221;2&#8243; grid_id=&#8221;vc_gid:1689708220662-8a923700-de0d-9&#8243; include=&#8221;390,332,330,310,385,347&#8243;][vc_custom_heading text=&#8221;Check the full gallery here&#8221; font_container=&#8221;tag:h4|text_align:left|color:%23ffffff&#8221; google_fonts=&#8221;font_family:Fjalla%20One%3Aregular|font_style:400%20regular%3A400%3Anormal&#8221; link=&#8221;url:https%3A%2F%2Fpages.cnpem.br%2Fspsasnano%2Fphoto-gallery%2F|title:Check%20Photo%20Gallery%20here&#8221;][vc_separator color=&#8221;white&#8221; style=&#8221;dotted&#8221; border_width=&#8221;2&#8243;][\/vc_column][\/vc_row][vc_row][vc_column width=&#8221;1\/2&#8243;][vc_custom_heading text=&#8221;Introduction&#8221; font_container=&#8221;tag:h2|text_align:left|color:%23ffffff&#8221; google_fonts=&#8221;font_family:Fjalla%20One%3Aregular|font_style:400%20regular%3A400%3Anormal&#8221;][vc_column_text]<\/p>\n<p style=\"text-align: justify;\"><span style=\"font-family: helvetica, arial, sans-serif;\">The <em>S\u00e3o Paulo School of Advanced Science on Nanotechnology, Agriculture &amp; Environment<\/em> (SPSAS NanoAgri&amp;Enviro) will be ministered by professors and researchers who have solid experience in higher education, scientific leadership, and research excellence in nanosciences, agricultural and environmental studies.<\/span><\/p>\n<p style=\"text-align: justify;\"><span style=\"font-family: helvetica, arial, sans-serif;\">A highly favorable multidisciplinary environment for exchanging experiences and integrating knowledge toward nanotechnology innovation with safety, responsibility, and sustainability considering an international globalized scenario.<\/span><\/p>\n<p><span style=\"font-family: helvetica, arial, sans-serif; font-size: 14pt;\"><strong>This advanced school is promoted by the S\u00e3o Paulo Research Foundation (FAPESP). <\/strong><\/span><\/p>\n<p><span style=\"font-family: helvetica, arial, sans-serif; font-size: 14pt;\"><strong>International participants and Brazilian residents may have the travel expenses fully covered to attend**<\/strong><\/span><\/p>\n<p style=\"text-align: justify;\"><span style=\"font-family: helvetica, arial, sans-serif;\">The <em>SPSAS NanoAgri&amp;Enviro<\/em> will happen from July 3<sup>rd <\/sup>to 15<sup>th, <\/sup>2023, at the Brazilian Center for Research in Energy and Materials, in Campinas, S\u00e3o Paulo state, Brazil, an open, multi-user, and multidisciplinary center overseen by the Ministry of Science, Technology, and Innovation (MCTI). The program will comprise didactic activities programmed among theoretical interactive classes, practical experiments (hands-on), presentation of research results (poster sections and seminars), and technical visits to the world-class facilities and specialized laboratories from the following institutions in the S\u00e3o Paulo state:<\/span><\/p>\n<ul>\n<li style=\"text-align: justify;\"><span style=\"font-family: helvetica, arial, sans-serif;\">Brazilian Center for Research in Energy and Materials (CNPEM) in Campinas.<\/span><\/li>\n<li style=\"text-align: justify;\"><span style=\"font-family: helvetica, arial, sans-serif;\">University of S\u00e3o Paulo (USP) in Piracicaba.<\/span><\/li>\n<li style=\"text-align: justify;\"><span style=\"font-family: helvetica, arial, sans-serif;\">S\u00e3o Paulo State University (UNESP) in Sorocaba.<\/span><\/li>\n<li style=\"text-align: justify;\"><span style=\"font-family: helvetica, arial, sans-serif;\">University of Sorocaba (UNISO) in Sorocaba.<\/span><\/li>\n<li style=\"text-align: justify;\"><span style=\"font-family: helvetica, arial, sans-serif;\">Federal University of S\u00e3o Carlos (UFSCar) in S\u00e3o Carlos.<\/span><\/li>\n<li style=\"text-align: justify;\"><span style=\"font-family: helvetica, arial, sans-serif;\">Brazilian Agricultural Research Corporation (EMBRAPA) in S\u00e3o Carlos.<\/span><\/li>\n<\/ul>\n<p>[\/vc_column_text][\/vc_column][vc_column width=&#8221;1\/2&#8243;][vc_empty_space height=&#8221;50px&#8221;][vc_separator color=&#8221;white&#8221; style=&#8221;dotted&#8221; border_width=&#8221;2&#8243;][vc_row_inner][vc_column_inner][vc_column_text]<\/p>\n<p style=\"text-align: left;\"><span style=\"font-family: 'fjalla one', arial, sans-serif; font-size: 18pt;\"><span style=\"font-family: fjalla one, arial, sans-serif;\">IMPORTANT DATES\u00a0<\/span><\/span><\/p>\n<p>&nbsp;<\/p>\n<p style=\"text-align: left;\"><span style=\"font-family: 'fjalla one', helvetica, arial, sans-serif; font-size: 18pt;\"><span style=\"font-family: fjalla one, arial, sans-serif;\">18 NOV.2022 to 15 FEB.2023 &#8211; Applications<\/span><\/span><\/p>\n<p style=\"text-align: left;\"><span style=\"font-family: 'fjalla one', hhelvetica, arial, sans-serif; font-size: 18pt;\"><span style=\"font-family: fjalla one, arial, sans-serif;\">16 to 24.FEB.2023 &#8211; Selection process<\/span><\/span><\/p>\n<p style=\"text-align: left;\"><span style=\"font-family: 'fjalla one', helvetica, arial, sans-serif; font-size: 18pt;\"><span style=\"font-family: fjalla one, arial, sans-serif;\">06 MAR.2023 &#8211; Release of selected candidates list (by email only)<\/span><\/span><\/p>\n<p><span style=\"font-size: 24pt;\"><span style=\"font-family: helvetica, arial, sans-serif;\"><span style=\"font-family: fjalla one, arial, sans-serif;\">03 to 15 Jul.2023 SPSAS <\/span><\/span><span style=\"font-family: helvetica, arial, sans-serif;\"><span style=\"font-family: fjalla one, arial, sans-serif;\">NanoAgri&amp;Enviro<\/span><\/span><\/span>[\/vc_column_text][vc_separator color=&#8221;white&#8221; style=&#8221;dotted&#8221; border_width=&#8221;2&#8243;][vc_empty_space][\/vc_column_inner][\/vc_row_inner][\/vc_column][\/vc_row][vc_row full_width=&#8221;stretch_row&#8221; css=&#8221;.vc_custom_1665761563537{background-color: #00b1c1 !important;}&#8221;][vc_column width=&#8221;2\/3&#8243;][vc_column_text]*selected participants who live in the city hosting the event (Campinas &#8211; SP) are not eligible for travel allowances;<br \/>\n*selected participants already holding a FAPESP studentship are not eligible for travel allowances.<\/p>\n<p>&nbsp;<\/p>\n<p><strong><span style=\"font-size: 12pt; font-family: helvetica, arial, sans-serif;\">Aiming at young talents committed to academic excellence, The school will present FAPESP&#8217;s research and innovation ecosystem, and opportunities for carrying out PhD and post-doctoral studies in the State of S\u00e3o Paulo.<\/span><\/strong>[\/vc_column_text][vc_empty_space][vc_row_inner disable_element=&#8221;yes&#8221;][vc_column_inner]<style>\n\t\t\t\t\t.ultimate-ribbon-275769e7575a3e88b .ult-ribbon-text:before, .ultimate-ribbon-275769e7575a3e88b .ult-ribbon-text:after {\n\t\t\t\t\t\tborder-top-color: #efe4ce;\n\t\t\t\t\t\tborder-right-color: transparent;\n\t\t\t\t\t\tborder-bottom-color: transparent;\n\t\t\t\t\t\tborder-left-color: transparent;\n\t\t\t\t\t}\n\t\t\t\t\t<\/style><div id=\"ultimate-ribbon-275769e7575a3e88b\" class=\"ultr-ribbon  ult-adjust-bottom-margin ultimate-ribbon-275769e7575a3e88b \"><div class=\"ult-ribbon-wrap\" style= \"text-align:left;\">\n\t\t\t\t\t<h4 class=\"ult-ribbon full \" style=\"\">\n\t\t\t\t\t\t<span class=\"ult-left-ribb none yes\" style= \"border-top-color:#ea9800;border-bottom-color:#ea9800;border-right-color:#ea9800;\"><i class=\"\" style=\"color:#ffffff;\"><\/i><\/span>\n\t\t\t\t\t\t<span class=\"ult-ribbon-text none\" style= \"background:#ffcc4e;\"><div class=\"ult-ribbon-stitches-top\"><\/div><span class=\"ult-ribbon-text-title ult-responsive\"  data-ultimate-target='.ultimate-ribbon-275769e7575a3e88b .ult-ribbon-text-title'  data-responsive-json-new='{\"font-size\":\"\",\"line-height\":\"\"}'  style=\"font-style:italic;font-weight:bold;  text-transform: capitalize; \">REGISTRATION FREE &amp; TRAVEL EXPENSES FULLY FUNDED BY FAPESP**<\/span><div class=\"ult-ribbon-stitches-bottom\"><\/div><\/span><span class=\"ult-right-ribb  none yes\" style= \"border-top-color:#ea9800;border-bottom-color:#ea9800;border-left-color:#ea9800;\"><i class=\"\" style=\"color:#ffffff;\"><\/i><\/span>\n\t\t\t\t\t<\/h4>\n\t\t\t\t<\/div><\/div>[\/vc_column_inner][\/vc_row_inner][\/vc_column][vc_column width=&#8221;1\/3&#8243;][vc_single_image image=&#8221;143&#8243; img_size=&#8221;300X250&#8243;][\/vc_column][\/vc_row]<\/p>\n<\/div>","protected":false},"excerpt":{"rendered":"<p>[vc_row full_width=&#8221;stretch_row_content&#8221;][vc_column width=&#8221;1\/2&#8243;][vc_cta h2=&#8221;The SPSAS NanoAgri&amp;Enviro was held successfully&#8221; style=&#8221;outline&#8221; color=&#8221;orange&#8221; add_button=&#8221;bottom&#8221; btn_title=&#8221;Read the full article&#8221; btn_style=&#8221;flat&#8221; btn_color=&#8221;turquoise&#8221; btn_size=&#8221;lg&#8221; btn_i_align=&#8221;right&#8221; btn_i_icon_fontawesome=&#8221;fas fa-angle-double-right&#8221; btn_add_icon=&#8221;true&#8221; btn_link=&#8221;url:https%3A%2F%2Fcnpem.br%2Fen%2Fnanotechnology-agriculture-and-environmental-specialists-from-around-the-world-gather-at-the-cnpem-for-the-spsas%2F|target:_blank&#8221;] The Brazilian Center for Research in Energy and Materials (CNPEM) held the Sao Paulo School for Advanced Science in Nanotechnology, Agriculture, and the Environment,\u00a0SPSAS NanoAgri&amp;Enviro) from July 3 to 14, 2023.&hellip;<\/p>\n","protected":false},"author":1471,"featured_media":0,"parent":0,"menu_order":0,"comment_status":"closed","ping_status":"closed","template":"","meta":{"footnotes":""},"class_list":["post-24","page","type-page","status-publish","hentry","description-off"],"_links":{"self":[{"href":"https:\/\/pages.cnpem.br\/spsasnano\/wp-json\/wp\/v2\/pages\/24","targetHints":{"allow":["GET"]}}],"collection":[{"href":"https:\/\/pages.cnpem.br\/spsasnano\/wp-json\/wp\/v2\/pages"}],"about":[{"href":"https:\/\/pages.cnpem.br\/spsasnano\/wp-json\/wp\/v2\/types\/page"}],"author":[{"embeddable":true,"href":"https:\/\/pages.cnpem.br\/spsasnano\/wp-json\/wp\/v2\/users\/1471"}],"replies":[{"embeddable":true,"href":"https:\/\/pages.cnpem.br\/spsasnano\/wp-json\/wp\/v2\/comments?post=24"}],"version-history":[{"count":0,"href":"https:\/\/pages.cnpem.br\/spsasnano\/wp-json\/wp\/v2\/pages\/24\/revisions"}],"wp:attachment":[{"href":"https:\/\/pages.cnpem.br\/spsasnano\/wp-json\/wp\/v2\/media?parent=24"}],"curies":[{"name":"wp","href":"https:\/\/api.w.org\/{rel}","templated":true}]}}