{"id":14,"date":"2015-10-28T16:04:12","date_gmt":"2015-10-28T18:04:12","guid":{"rendered":"http:\/\/pages.cnpem.br\/tecnologia-etanol\/?page_id=14"},"modified":"2015-10-28T16:21:21","modified_gmt":"2015-10-28T18:21:21","slug":"comite-organizador","status":"publish","type":"page","link":"https:\/\/pages.cnpem.br\/tecnologia-etanol\/comite-organizador\/","title":{"rendered":"Comit\u00ea Organizador"},"content":{"rendered":"<p>George Jackson de Moraes Rocha &#8211; CTBE\/CNPEM<br \/>\nVera Lucia Reis de Gouveia &#8211; CTBE\/CNPEM<br \/>\nViviane M. Nascimento &#8211; CTBE\/CNPEM<br \/>\nCarlos Eduardo Vaz Rossell &#8211; CTBE\/CNPEM<br \/>\nManoel Regis Lima Verde Leal &#8211; CTBE\/CNPEM<br \/>\nHenrique Coutinho Junqueira Franco &#8211; CTBE\/CNPEM<br \/>\nJonas Nolasco Junior &#8211; CTBE\/CNPEM<\/p>\n<p>&nbsp;<\/p>\n<h2>Comit\u00ea Organizador Local CTBE\/CNPEM<\/h2>\n<p>Luiz Paulo Juttel<br \/>\nIld\u00e9ria Santos<br \/>\nRaquel Scatolin<br \/>\nP\u00e2mela Fernandes Machado<\/p>\n","protected":false},"excerpt":{"rendered":"<p>George Jackson de Moraes Rocha &#8211; CTBE\/CNPEM Vera Lucia Reis de Gouveia &#8211; CTBE\/CNPEM Viviane M. Nascimento &#8211; CTBE\/CNPEM Carlos Eduardo Vaz Rossell &#8211; CTBE\/CNPEM Manoel Regis Lima Verde Leal &#8211; CTBE\/CNPEM Henrique Coutinho Junqueira Franco &#8211; CTBE\/CNPEM Jonas Nolasco Junior &#8211; CTBE\/CNPEM &nbsp; Comit\u00ea Organizador Local CTBE\/CNPEM Luiz Paulo Juttel Ild\u00e9ria Santos Raquel Scatolin [&hellip;]<\/p>\n","protected":false},"author":9,"featured_media":0,"parent":0,"menu_order":0,"comment_status":"closed","ping_status":"closed","template":"","meta":{"ngg_post_thumbnail":0,"footnotes":""},"class_list":["post-14","page","type-page","status-publish","hentry"],"yoast_head":"<!-- This site is optimized with the Yoast SEO plugin v27.6 - https:\/\/yoast.com\/product\/yoast-seo-wordpress\/ -->\n<title>Comit\u00ea Organizador - Workshop - Tecnologia de Produ\u00e7\u00e3o de Etanol<\/title>\n<meta name=\"robots\" content=\"index, follow, max-snippet:-1, max-image-preview:large, max-video-preview:-1\" \/>\n<link rel=\"canonical\" href=\"https:\/\/pages.cnpem.br\/tecnologia-etanol\/comite-organizador\/\" \/>\n<meta property=\"og:locale\" content=\"pt_BR\" \/>\n<meta property=\"og:type\" content=\"article\" \/>\n<meta property=\"og:title\" content=\"Comit\u00ea Organizador - Workshop - Tecnologia de Produ\u00e7\u00e3o de Etanol\" \/>\n<meta property=\"og:description\" content=\"George Jackson de Moraes Rocha &#8211; CTBE\/CNPEM Vera Lucia Reis de Gouveia &#8211; CTBE\/CNPEM Viviane M. Nascimento &#8211; CTBE\/CNPEM Carlos Eduardo Vaz Rossell &#8211; CTBE\/CNPEM Manoel Regis Lima Verde Leal &#8211; CTBE\/CNPEM Henrique Coutinho Junqueira Franco &#8211; CTBE\/CNPEM Jonas Nolasco Junior &#8211; CTBE\/CNPEM &nbsp; Comit\u00ea Organizador Local CTBE\/CNPEM Luiz Paulo Juttel Ild\u00e9ria Santos Raquel Scatolin [&hellip;]\" \/>\n<meta property=\"og:url\" content=\"https:\/\/pages.cnpem.br\/tecnologia-etanol\/comite-organizador\/\" \/>\n<meta property=\"og:site_name\" content=\"Workshop - Tecnologia de Produ\u00e7\u00e3o de Etanol\" \/>\n<meta property=\"article:modified_time\" content=\"2015-10-28T18:21:21+00:00\" \/>\n<meta name=\"twitter:card\" content=\"summary_large_image\" \/>\n<script type=\"application\/ld+json\" class=\"yoast-schema-graph\">{\"@context\":\"https:\\\/\\\/schema.org\",\"@graph\":[{\"@type\":\"WebPage\",\"@id\":\"https:\\\/\\\/pages.cnpem.br\\\/tecnologia-etanol\\\/comite-organizador\\\/\",\"url\":\"https:\\\/\\\/pages.cnpem.br\\\/tecnologia-etanol\\\/comite-organizador\\\/\",\"name\":\"Comit\u00ea Organizador - Workshop - Tecnologia de Produ\u00e7\u00e3o de Etanol\",\"isPartOf\":{\"@id\":\"https:\\\/\\\/pages.cnpem.br\\\/tecnologia-etanol\\\/#website\"},\"datePublished\":\"2015-10-28T18:04:12+00:00\",\"dateModified\":\"2015-10-28T18:21:21+00:00\",\"breadcrumb\":{\"@id\":\"https:\\\/\\\/pages.cnpem.br\\\/tecnologia-etanol\\\/comite-organizador\\\/#breadcrumb\"},\"inLanguage\":\"pt-BR\",\"potentialAction\":[{\"@type\":\"ReadAction\",\"target\":[\"https:\\\/\\\/pages.cnpem.br\\\/tecnologia-etanol\\\/comite-organizador\\\/\"]}]},{\"@type\":\"BreadcrumbList\",\"@id\":\"https:\\\/\\\/pages.cnpem.br\\\/tecnologia-etanol\\\/comite-organizador\\\/#breadcrumb\",\"itemListElement\":[{\"@type\":\"ListItem\",\"position\":1,\"name\":\"In\u00edcio\",\"item\":\"https:\\\/\\\/pages.cnpem.br\\\/tecnologia-etanol\\\/\"},{\"@type\":\"ListItem\",\"position\":2,\"name\":\"Comit\u00ea Organizador\"}]},{\"@type\":\"WebSite\",\"@id\":\"https:\\\/\\\/pages.cnpem.br\\\/tecnologia-etanol\\\/#website\",\"url\":\"https:\\\/\\\/pages.cnpem.br\\\/tecnologia-etanol\\\/\",\"name\":\"Workshop - Tecnologia de Produ\u00e7\u00e3o de Etanol\",\"description\":\"De olho na segunda gera\u00e7\u00e3o\",\"potentialAction\":[{\"@type\":\"SearchAction\",\"target\":{\"@type\":\"EntryPoint\",\"urlTemplate\":\"https:\\\/\\\/pages.cnpem.br\\\/tecnologia-etanol\\\/?s={search_term_string}\"},\"query-input\":{\"@type\":\"PropertyValueSpecification\",\"valueRequired\":true,\"valueName\":\"search_term_string\"}}],\"inLanguage\":\"pt-BR\"}]}<\/script>\n<!-- \/ Yoast SEO plugin. -->","yoast_head_json":{"title":"Comit\u00ea Organizador - Workshop - Tecnologia de Produ\u00e7\u00e3o de Etanol","robots":{"index":"index","follow":"follow","max-snippet":"max-snippet:-1","max-image-preview":"max-image-preview:large","max-video-preview":"max-video-preview:-1"},"canonical":"https:\/\/pages.cnpem.br\/tecnologia-etanol\/comite-organizador\/","og_locale":"pt_BR","og_type":"article","og_title":"Comit\u00ea Organizador - Workshop - Tecnologia de Produ\u00e7\u00e3o de Etanol","og_description":"George Jackson de Moraes Rocha &#8211; CTBE\/CNPEM Vera Lucia Reis de Gouveia &#8211; CTBE\/CNPEM Viviane M. Nascimento &#8211; CTBE\/CNPEM Carlos Eduardo Vaz Rossell &#8211; CTBE\/CNPEM Manoel Regis Lima Verde Leal &#8211; CTBE\/CNPEM Henrique Coutinho Junqueira Franco &#8211; CTBE\/CNPEM Jonas Nolasco Junior &#8211; CTBE\/CNPEM &nbsp; Comit\u00ea Organizador Local CTBE\/CNPEM Luiz Paulo Juttel Ild\u00e9ria Santos Raquel Scatolin [&hellip;]","og_url":"https:\/\/pages.cnpem.br\/tecnologia-etanol\/comite-organizador\/","og_site_name":"Workshop - Tecnologia de Produ\u00e7\u00e3o de Etanol","article_modified_time":"2015-10-28T18:21:21+00:00","twitter_card":"summary_large_image","schema":{"@context":"https:\/\/schema.org","@graph":[{"@type":"WebPage","@id":"https:\/\/pages.cnpem.br\/tecnologia-etanol\/comite-organizador\/","url":"https:\/\/pages.cnpem.br\/tecnologia-etanol\/comite-organizador\/","name":"Comit\u00ea Organizador - Workshop - Tecnologia de Produ\u00e7\u00e3o de Etanol","isPartOf":{"@id":"https:\/\/pages.cnpem.br\/tecnologia-etanol\/#website"},"datePublished":"2015-10-28T18:04:12+00:00","dateModified":"2015-10-28T18:21:21+00:00","breadcrumb":{"@id":"https:\/\/pages.cnpem.br\/tecnologia-etanol\/comite-organizador\/#breadcrumb"},"inLanguage":"pt-BR","potentialAction":[{"@type":"ReadAction","target":["https:\/\/pages.cnpem.br\/tecnologia-etanol\/comite-organizador\/"]}]},{"@type":"BreadcrumbList","@id":"https:\/\/pages.cnpem.br\/tecnologia-etanol\/comite-organizador\/#breadcrumb","itemListElement":[{"@type":"ListItem","position":1,"name":"In\u00edcio","item":"https:\/\/pages.cnpem.br\/tecnologia-etanol\/"},{"@type":"ListItem","position":2,"name":"Comit\u00ea Organizador"}]},{"@type":"WebSite","@id":"https:\/\/pages.cnpem.br\/tecnologia-etanol\/#website","url":"https:\/\/pages.cnpem.br\/tecnologia-etanol\/","name":"Workshop - Tecnologia de Produ\u00e7\u00e3o de Etanol","description":"De olho na segunda gera\u00e7\u00e3o","potentialAction":[{"@type":"SearchAction","target":{"@type":"EntryPoint","urlTemplate":"https:\/\/pages.cnpem.br\/tecnologia-etanol\/?s={search_term_string}"},"query-input":{"@type":"PropertyValueSpecification","valueRequired":true,"valueName":"search_term_string"}}],"inLanguage":"pt-BR"}]}},"_links":{"self":[{"href":"https:\/\/pages.cnpem.br\/tecnologia-etanol\/wp-json\/wp\/v2\/pages\/14","targetHints":{"allow":["GET"]}}],"collection":[{"href":"https:\/\/pages.cnpem.br\/tecnologia-etanol\/wp-json\/wp\/v2\/pages"}],"about":[{"href":"https:\/\/pages.cnpem.br\/tecnologia-etanol\/wp-json\/wp\/v2\/types\/page"}],"author":[{"embeddable":true,"href":"https:\/\/pages.cnpem.br\/tecnologia-etanol\/wp-json\/wp\/v2\/users\/9"}],"replies":[{"embeddable":true,"href":"https:\/\/pages.cnpem.br\/tecnologia-etanol\/wp-json\/wp\/v2\/comments?post=14"}],"version-history":[{"count":0,"href":"https:\/\/pages.cnpem.br\/tecnologia-etanol\/wp-json\/wp\/v2\/pages\/14\/revisions"}],"wp:attachment":[{"href":"https:\/\/pages.cnpem.br\/tecnologia-etanol\/wp-json\/wp\/v2\/media?parent=14"}],"curies":[{"name":"wp","href":"https:\/\/api.w.org\/{rel}","templated":true}]}}