{"id":13,"date":"2023-06-21T18:50:46","date_gmt":"2023-06-21T18:50:46","guid":{"rendered":"https:\/\/pages.cnpem.br\/workshopbioimagens\/?page_id=13"},"modified":"2023-06-29T19:34:12","modified_gmt":"2023-06-29T19:34:12","slug":"sobre-a-ilum","status":"publish","type":"page","link":"https:\/\/pages.cnpem.br\/workshopbioimagens\/sobre-a-ilum\/","title":{"rendered":"Sobre a Ilum"},"content":{"rendered":"<div class=\"wpb-content-wrapper\"><p>[vc_row][vc_column][vc_column_text]Com uma proposta inovadora para preparar futuros cientistas, a Ilum \u2013 Escola de Ci\u00eancia, \u00e9 uma iniciativa do<a href=\"https:\/\/cnpem.br\/\"> Centro Nacional de Pesquisas em Energia e Materiais (CNPEM)<\/a>, uma Organiza\u00e7\u00e3o Social sob a supervis\u00e3o do Minist\u00e9rio da Ci\u00eancia, Tecnologia e Inova\u00e7\u00f5es (MCTI). Sem fins lucrativos e gratuita para os alunos, a Ilum \u00e9 financiada pelo Minist\u00e9rio da Educa\u00e7\u00e3o (MEC) e foi criada em 2021, com a primeira turma em 2022. Oferece o curso superior em Ci\u00eancia, Tecnologia e Inova\u00e7\u00e3o, n\u00edvel bacharelado, com tr\u00eas anos de dura\u00e7\u00e3o, em per\u00edodo integral.<\/p>\n<p>A proposta do curso \u00e9 oferecer uma base cient\u00edfica s\u00f3lida, de forma multidisciplinar e interdisciplinar. O curr\u00edculo inclui aulas nas \u00e1reas de ci\u00eancias da vida, ci\u00eancias dos materiais, linguagens matem\u00e1ticas e humanidades, para uma forma\u00e7\u00e3o integral de seus alunos, pautada na \u00e9tica e na coopera\u00e7\u00e3o na busca de respostas e solu\u00e7\u00f5es para as quest\u00f5es globais do mundo moderno.[\/vc_column_text]<style type=\"text\/css\" data-type=\"the7_shortcodes-inline-css\">.gallery-carousel-shortcode.gallery-carousel-shortcode-id-0db7bd022fe6b1f90ae74eb2e52e7c80 .owl-nav a {\n  width: 36px;\n  height: 36px;\n  border-radius: 500px;\n}\n.dt-arrow-border-on.gallery-carousel-shortcode.gallery-carousel-shortcode-id-0db7bd022fe6b1f90ae74eb2e52e7c80 .owl-nav a:not(:hover):before {\n  border-width: 0px;\n}\n.dt-arrow-hover-border-on.gallery-carousel-shortcode.gallery-carousel-shortcode-id-0db7bd022fe6b1f90ae74eb2e52e7c80 .owl-nav a:hover:after {\n  border-width: 0px;\n}\n.gallery-carousel-shortcode.gallery-carousel-shortcode-id-0db7bd022fe6b1f90ae74eb2e52e7c80 .owl-nav a.owl-prev {\n  top: 50%;\n  transform: translateY(calc(-50% + 0px));\n  left: -43px;\n}\n@media all and (-ms-high-contrast: none) {\n  .gallery-carousel-shortcode.gallery-carousel-shortcode-id-0db7bd022fe6b1f90ae74eb2e52e7c80 .owl-nav a.owl-prev {\n    transform: translateY(-50%);\n    margin-top: 0px;\n  }\n}\n.gallery-carousel-shortcode.gallery-carousel-shortcode-id-0db7bd022fe6b1f90ae74eb2e52e7c80 .owl-nav a.owl-prev i {\n  padding: 0px 0px 0px 0px;\n}\n.gallery-carousel-shortcode.gallery-carousel-shortcode-id-0db7bd022fe6b1f90ae74eb2e52e7c80 .owl-nav a.owl-next {\n  top: 50%;\n  transform: translateY(calc(-50% + 0px));\n  right: -43px;\n}\n@media all and (-ms-high-contrast: none) {\n  .gallery-carousel-shortcode.gallery-carousel-shortcode-id-0db7bd022fe6b1f90ae74eb2e52e7c80 .owl-nav a.owl-next {\n    transform: translateY(-50%);\n    margin-top: 0px;\n  }\n}\n.gallery-carousel-shortcode.gallery-carousel-shortcode-id-0db7bd022fe6b1f90ae74eb2e52e7c80 .owl-nav a.owl-next i {\n  padding: 0px 0px 0px 0px;\n}\n.gallery-carousel-shortcode.gallery-carousel-shortcode-id-0db7bd022fe6b1f90ae74eb2e52e7c80 .owl-nav i {\n  font-size: 18px;\n}\n.gallery-carousel-shortcode.gallery-carousel-shortcode-id-0db7bd022fe6b1f90ae74eb2e52e7c80 .owl-nav a:not(:hover) i,\n.gallery-carousel-shortcode.gallery-carousel-shortcode-id-0db7bd022fe6b1f90ae74eb2e52e7c80 .owl-nav a:not(:hover) i:before {\n  color: #ffffff;\n  background: none;\n}\n.gallery-carousel-shortcode.gallery-carousel-shortcode-id-0db7bd022fe6b1f90ae74eb2e52e7c80 .owl-nav a:hover i,\n.gallery-carousel-shortcode.gallery-carousel-shortcode-id-0db7bd022fe6b1f90ae74eb2e52e7c80 .owl-nav a:hover i:before {\n  color: rgba(255,255,255,0.75);\n  background: none;\n}\n.gallery-carousel-shortcode.gallery-carousel-shortcode-id-0db7bd022fe6b1f90ae74eb2e52e7c80 .owl-dots {\n  top: calc(100% + 20px);\n  left: 50%;\n  transform: translateX(calc(-50% + 0px));\n}\n@media all and (-ms-high-contrast: none) {\n  .gallery-carousel-shortcode.gallery-carousel-shortcode-id-0db7bd022fe6b1f90ae74eb2e52e7c80 .owl-dots {\n    transform: translateX(-50%);\n    margin-left: 0px;\n  }\n}\n.gallery-carousel-shortcode.gallery-carousel-shortcode-id-0db7bd022fe6b1f90ae74eb2e52e7c80 .owl-dot {\n  width: 10px;\n  height: 10px;\n  margin: 0 8px;\n}\n@media screen and (max-width: 778px) {\n  .gallery-carousel-shortcode.gallery-carousel-shortcode-id-0db7bd022fe6b1f90ae74eb2e52e7c80.hide-arrows .owl-nav a {\n    display: none;\n  }\n}\n@media screen and (max-width: 778px) {\n  .gallery-carousel-shortcode.gallery-carousel-shortcode-id-0db7bd022fe6b1f90ae74eb2e52e7c80.reposition-arrows .owl-nav .owl-prev {\n    top: 50%;\n    transform: translateY(calc(-50% + 0px));\n    left: 10px;\n  }\n  .gallery-carousel-shortcode.gallery-carousel-shortcode-id-0db7bd022fe6b1f90ae74eb2e52e7c80.reposition-arrows .owl-nav .owl-next {\n    top: 50%;\n    transform: translateY(calc(-50% + 0px));\n    right: 10px;\n  }\n}\n@media screen and (max-width: 778px) and all and (-ms-high-contrast: none) {\n  .gallery-carousel-shortcode.gallery-carousel-shortcode-id-0db7bd022fe6b1f90ae74eb2e52e7c80.reposition-arrows .owl-nav .owl-prev {\n    transform: translateY(-50%);\n    margin-top: 0px;\n  }\n}\n@media screen and (max-width: 778px) and all and (-ms-high-contrast: none) {\n  .gallery-carousel-shortcode.gallery-carousel-shortcode-id-0db7bd022fe6b1f90ae74eb2e52e7c80.reposition-arrows .owl-nav .owl-next {\n    transform: translateY(-50%);\n    margin-top: 0px;\n  }\n}\n.gallery-carousel-shortcode.gallery-carousel-shortcode-id-0db7bd022fe6b1f90ae74eb2e52e7c80 figure,\n.gallery-carousel-shortcode.gallery-carousel-shortcode-id-0db7bd022fe6b1f90ae74eb2e52e7c80 .rollover,\n.gallery-carousel-shortcode.gallery-carousel-shortcode-id-0db7bd022fe6b1f90ae74eb2e52e7c80 img,\n.gallery-carousel-shortcode.gallery-carousel-shortcode-id-0db7bd022fe6b1f90ae74eb2e52e7c80 .gallery-rollover {\n  border-radius: 0px;\n}\n.gallery-carousel-shortcode.gallery-carousel-shortcode-id-0db7bd022fe6b1f90ae74eb2e52e7c80.enable-bg-rollover .gallery-rollover {\n  background: -webkit-linear-gradient();\n  background: linear-gradient();\n}\n.gallery-carousel-shortcode.gallery-carousel-shortcode-id-0db7bd022fe6b1f90ae74eb2e52e7c80.enable-img-shadow .owl-stage-outer {\n  padding: 14px 0;\n}\n.gallery-carousel-shortcode.gallery-carousel-shortcode-id-0db7bd022fe6b1f90ae74eb2e52e7c80.enable-bg-rollover.hover-scale figure .rollover:after {\n  background: -webkit-linear-gradient();\n  background: linear-gradient();\n}\n.gallery-carousel-shortcode.gallery-carousel-shortcode-id-0db7bd022fe6b1f90ae74eb2e52e7c80.gallery-shortcode .gallery-zoom-ico {\n  width: 44px;\n  height: 44px;\n  line-height: 44px;\n  border-radius: 100px;\n  margin: -22px 0 0 -22px;\n  border-width: 0px;\n}\n.dt-icon-bg-on.gallery-carousel-shortcode.gallery-carousel-shortcode-id-0db7bd022fe6b1f90ae74eb2e52e7c80.gallery-shortcode .gallery-zoom-ico {\n  background: rgba(255,255,255,0.3);\n  box-shadow: none;\n}\n.gallery-carousel-shortcode.gallery-carousel-shortcode-id-0db7bd022fe6b1f90ae74eb2e52e7c80.gallery-shortcode .gallery-zoom-ico:before,\n.gallery-carousel-shortcode.gallery-carousel-shortcode-id-0db7bd022fe6b1f90ae74eb2e52e7c80.gallery-shortcode .gallery-zoom-ico span {\n  font-size: 32px;\n  line-height: 44px;\n  color: #ffffff;\n  background: none;\n}<\/style><div class=\"owl-carousel gallery-carousel-shortcode gallery-shortcode  dt-gallery-container dt-owl-carousel-call gallery-carousel-shortcode-id-0db7bd022fe6b1f90ae74eb2e52e7c80 quick-scale-img enable-bg-rollover meta-info-off dt-arrow-border-on dt-arrow-hover-border-on bullets-small-dot-stroke reposition-arrows dt-icon-bg-off arrows-bg-on disable-arrows-hover-bg arrows-hover-bg-on  hover-fade \" data-scroll-mode=\"1\" data-col-num=\"6\" data-wide-col-num=\"6\" data-laptop-col=\"5\" data-h-tablet-columns-num=\"4\" data-v-tablet-columns-num=\"3\" data-phone-columns-num=\"1\" data-col-gap=\"10\" data-stage-padding=\"0\" data-speed=\"600\" data-autoplay=\"false\" data-autoplay_speed=\"6000\" data-arrows=\"true\" data-bullet=\"false\" data-next-icon=\"icon-ar-017-r\" data-prev-icon=\"icon-ar-017-l\" data-img-shadow-size=\"12px\" data-img-shadow-spread=\"3px\"><div data-post-id=\"14\" data-date=\"2023-06-21T18:43:44+00:00\" data-name=\"IMG_8943\"><figure class=\"post\"><a href=\"https:\/\/pages.cnpem.br\/workshopbioimagens\/wp-content\/uploads\/sites\/166\/2023\/06\/img-8943.jpeg\" class=\"rollover dt-pswp-item layzr-bg\" data-large_image_width=\"2048\" data-large_image_height=\"1536\" data-dt-img-description=\"\" title=\"IMG_8943\"><img fetchpriority=\"high\" decoding=\"async\" class=\"preload-me owl-lazy-load aspect\" src=\"data:image\/svg+xml,%3Csvg%20xmlns%3D&#39;http%3A%2F%2Fwww.w3.org%2F2000%2Fsvg&#39;%20viewBox%3D&#39;0%200%201536%201536&#39;%2F%3E\" data-src=\"https:\/\/pages.cnpem.br\/workshopbioimagens\/wp-content\/uploads\/sites\/166\/2023\/06\/img-8943-1536x1536.jpeg\" data-srcset=\"https:\/\/pages.cnpem.br\/workshopbioimagens\/wp-content\/uploads\/sites\/166\/2023\/06\/img-8943-1536x1536.jpeg 1536w\" loading=\"eager\" style=\"--ratio: 1536 \/ 1536\" sizes=\"(max-width: 1536px) 100vw, 1536px\" alt=\"\" width=\"1536\" height=\"1536\"  \/><span class=\"gallery-rollover\"><span class=\"gallery-zoom-ico icomoon-the7-font-the7-zoom-06\"><span><\/span><\/span><\/span><\/a><\/figure><\/div><div data-post-id=\"15\" data-date=\"2023-06-21T18:43:45+00:00\" data-name=\"IMG_9004\"><figure class=\"post\"><a href=\"https:\/\/pages.cnpem.br\/workshopbioimagens\/wp-content\/uploads\/sites\/166\/2023\/06\/img-9004.jpeg\" class=\"rollover dt-pswp-item layzr-bg\" data-large_image_width=\"2048\" data-large_image_height=\"1536\" data-dt-img-description=\"\" title=\"IMG_9004\"><img decoding=\"async\" class=\"preload-me owl-lazy-load aspect\" src=\"data:image\/svg+xml,%3Csvg%20xmlns%3D&#39;http%3A%2F%2Fwww.w3.org%2F2000%2Fsvg&#39;%20viewBox%3D&#39;0%200%201536%201536&#39;%2F%3E\" data-src=\"https:\/\/pages.cnpem.br\/workshopbioimagens\/wp-content\/uploads\/sites\/166\/2023\/06\/img-9004-1536x1536.jpeg\" data-srcset=\"https:\/\/pages.cnpem.br\/workshopbioimagens\/wp-content\/uploads\/sites\/166\/2023\/06\/img-9004-1536x1536.jpeg 1536w\" loading=\"eager\" style=\"--ratio: 1536 \/ 1536\" sizes=\"(max-width: 1536px) 100vw, 1536px\" alt=\"\" width=\"1536\" height=\"1536\"  \/><span class=\"gallery-rollover\"><span class=\"gallery-zoom-ico icomoon-the7-font-the7-zoom-06\"><span><\/span><\/span><\/span><\/a><\/figure><\/div><div data-post-id=\"16\" data-date=\"2023-06-21T18:43:47+00:00\" data-name=\"IMG_9032\"><figure class=\"post\"><a href=\"https:\/\/pages.cnpem.br\/workshopbioimagens\/wp-content\/uploads\/sites\/166\/2023\/06\/img-9032.jpeg\" class=\"rollover dt-pswp-item layzr-bg\" data-large_image_width=\"2048\" data-large_image_height=\"1536\" data-dt-img-description=\"\" title=\"IMG_9032\"><img decoding=\"async\" class=\"preload-me owl-lazy-load aspect\" src=\"data:image\/svg+xml,%3Csvg%20xmlns%3D&#39;http%3A%2F%2Fwww.w3.org%2F2000%2Fsvg&#39;%20viewBox%3D&#39;0%200%201536%201536&#39;%2F%3E\" data-src=\"https:\/\/pages.cnpem.br\/workshopbioimagens\/wp-content\/uploads\/sites\/166\/2023\/06\/img-9032-1536x1536.jpeg\" data-srcset=\"https:\/\/pages.cnpem.br\/workshopbioimagens\/wp-content\/uploads\/sites\/166\/2023\/06\/img-9032-1536x1536.jpeg 1536w\" loading=\"eager\" style=\"--ratio: 1536 \/ 1536\" sizes=\"(max-width: 1536px) 100vw, 1536px\" alt=\"\" width=\"1536\" height=\"1536\"  \/><span class=\"gallery-rollover\"><span class=\"gallery-zoom-ico icomoon-the7-font-the7-zoom-06\"><span><\/span><\/span><\/span><\/a><\/figure><\/div><div data-post-id=\"18\" data-date=\"2023-06-21T18:45:03+00:00\" data-name=\"IMG_8395\"><figure class=\"post\"><a href=\"https:\/\/pages.cnpem.br\/workshopbioimagens\/wp-content\/uploads\/sites\/166\/2023\/06\/img-8395.jpeg\" class=\"rollover dt-pswp-item layzr-bg\" data-large_image_width=\"2048\" data-large_image_height=\"1536\" data-dt-img-description=\"\" title=\"IMG_8395\"><img decoding=\"async\" class=\"preload-me owl-lazy-load aspect\" src=\"data:image\/svg+xml,%3Csvg%20xmlns%3D&#39;http%3A%2F%2Fwww.w3.org%2F2000%2Fsvg&#39;%20viewBox%3D&#39;0%200%201536%201536&#39;%2F%3E\" data-src=\"https:\/\/pages.cnpem.br\/workshopbioimagens\/wp-content\/uploads\/sites\/166\/2023\/06\/img-8395-1536x1536.jpeg\" data-srcset=\"https:\/\/pages.cnpem.br\/workshopbioimagens\/wp-content\/uploads\/sites\/166\/2023\/06\/img-8395-1536x1536.jpeg 1536w\" loading=\"eager\" style=\"--ratio: 1536 \/ 1536\" sizes=\"(max-width: 1536px) 100vw, 1536px\" alt=\"\" width=\"1536\" height=\"1536\"  \/><span class=\"gallery-rollover\"><span class=\"gallery-zoom-ico icomoon-the7-font-the7-zoom-06\"><span><\/span><\/span><\/span><\/a><\/figure><\/div><div data-post-id=\"19\" data-date=\"2023-06-21T18:45:05+00:00\" data-name=\"IMG_8456\"><figure class=\"post\"><a href=\"https:\/\/pages.cnpem.br\/workshopbioimagens\/wp-content\/uploads\/sites\/166\/2023\/06\/img-8456.jpeg\" class=\"rollover dt-pswp-item layzr-bg\" data-large_image_width=\"2048\" data-large_image_height=\"1536\" data-dt-img-description=\"\" title=\"IMG_8456\"><img decoding=\"async\" class=\"preload-me owl-lazy-load aspect\" src=\"data:image\/svg+xml,%3Csvg%20xmlns%3D&#39;http%3A%2F%2Fwww.w3.org%2F2000%2Fsvg&#39;%20viewBox%3D&#39;0%200%201536%201536&#39;%2F%3E\" data-src=\"https:\/\/pages.cnpem.br\/workshopbioimagens\/wp-content\/uploads\/sites\/166\/2023\/06\/img-8456-1536x1536.jpeg\" data-srcset=\"https:\/\/pages.cnpem.br\/workshopbioimagens\/wp-content\/uploads\/sites\/166\/2023\/06\/img-8456-1536x1536.jpeg 1536w\" loading=\"eager\" style=\"--ratio: 1536 \/ 1536\" sizes=\"(max-width: 1536px) 100vw, 1536px\" alt=\"\" width=\"1536\" height=\"1536\"  \/><span class=\"gallery-rollover\"><span class=\"gallery-zoom-ico icomoon-the7-font-the7-zoom-06\"><span><\/span><\/span><\/span><\/a><\/figure><\/div><div data-post-id=\"20\" data-date=\"2023-06-21T18:45:07+00:00\" data-name=\"IMG_8468\"><figure class=\"post\"><a href=\"https:\/\/pages.cnpem.br\/workshopbioimagens\/wp-content\/uploads\/sites\/166\/2023\/06\/img-8468.jpeg\" class=\"rollover dt-pswp-item layzr-bg\" data-large_image_width=\"2048\" data-large_image_height=\"1536\" data-dt-img-description=\"\" title=\"IMG_8468\"><img decoding=\"async\" class=\"preload-me owl-lazy-load aspect\" src=\"data:image\/svg+xml,%3Csvg%20xmlns%3D&#39;http%3A%2F%2Fwww.w3.org%2F2000%2Fsvg&#39;%20viewBox%3D&#39;0%200%201536%201536&#39;%2F%3E\" data-src=\"https:\/\/pages.cnpem.br\/workshopbioimagens\/wp-content\/uploads\/sites\/166\/2023\/06\/img-8468-1536x1536.jpeg\" data-srcset=\"https:\/\/pages.cnpem.br\/workshopbioimagens\/wp-content\/uploads\/sites\/166\/2023\/06\/img-8468-1536x1536.jpeg 1536w\" loading=\"eager\" style=\"--ratio: 1536 \/ 1536\" sizes=\"(max-width: 1536px) 100vw, 1536px\" alt=\"\" width=\"1536\" height=\"1536\"  \/><span class=\"gallery-rollover\"><span class=\"gallery-zoom-ico icomoon-the7-font-the7-zoom-06\"><span><\/span><\/span><\/span><\/a><\/figure><\/div><div data-post-id=\"22\" data-date=\"2023-06-21T18:48:27+00:00\" data-name=\"IMG_0018\"><figure class=\"post\"><a href=\"https:\/\/pages.cnpem.br\/workshopbioimagens\/wp-content\/uploads\/sites\/166\/2023\/06\/img-0018.jpeg\" class=\"rollover dt-pswp-item layzr-bg\" data-large_image_width=\"2048\" data-large_image_height=\"1536\" data-dt-img-description=\"\" title=\"IMG_0018\"><img decoding=\"async\" class=\"preload-me owl-lazy-load aspect\" src=\"data:image\/svg+xml,%3Csvg%20xmlns%3D&#39;http%3A%2F%2Fwww.w3.org%2F2000%2Fsvg&#39;%20viewBox%3D&#39;0%200%201536%201536&#39;%2F%3E\" data-src=\"https:\/\/pages.cnpem.br\/workshopbioimagens\/wp-content\/uploads\/sites\/166\/2023\/06\/img-0018-1536x1536.jpeg\" data-srcset=\"https:\/\/pages.cnpem.br\/workshopbioimagens\/wp-content\/uploads\/sites\/166\/2023\/06\/img-0018-1536x1536.jpeg 1536w\" loading=\"eager\" style=\"--ratio: 1536 \/ 1536\" sizes=\"(max-width: 1536px) 100vw, 1536px\" alt=\"\" width=\"1536\" height=\"1536\"  \/><span class=\"gallery-rollover\"><span class=\"gallery-zoom-ico icomoon-the7-font-the7-zoom-06\"><span><\/span><\/span><\/span><\/a><\/figure><\/div><div data-post-id=\"23\" data-date=\"2023-06-21T18:48:31+00:00\" data-name=\"IMG_1383\"><figure class=\"post\"><a href=\"https:\/\/pages.cnpem.br\/workshopbioimagens\/wp-content\/uploads\/sites\/166\/2023\/06\/img-1383-scaled.jpg\" class=\"rollover dt-pswp-item layzr-bg\" data-large_image_width=\"2560\" data-large_image_height=\"1707\" data-dt-img-description=\"\" title=\"IMG_1383\"><img decoding=\"async\" class=\"preload-me owl-lazy-load aspect\" src=\"data:image\/svg+xml,%3Csvg%20xmlns%3D&#39;http%3A%2F%2Fwww.w3.org%2F2000%2Fsvg&#39;%20viewBox%3D&#39;0%200%201707%201707&#39;%2F%3E\" data-src=\"https:\/\/pages.cnpem.br\/workshopbioimagens\/wp-content\/uploads\/sites\/166\/2023\/06\/img-1383-scaled-1707x1707.jpg\" data-srcset=\"https:\/\/pages.cnpem.br\/workshopbioimagens\/wp-content\/uploads\/sites\/166\/2023\/06\/img-1383-scaled-1707x1707.jpg 1707w\" loading=\"eager\" style=\"--ratio: 1707 \/ 1707\" sizes=\"(max-width: 1707px) 100vw, 1707px\" alt=\"\" width=\"1707\" height=\"1707\"  \/><span class=\"gallery-rollover\"><span class=\"gallery-zoom-ico icomoon-the7-font-the7-zoom-06\"><span><\/span><\/span><\/span><\/a><\/figure><\/div><div data-post-id=\"24\" data-date=\"2023-06-21T18:48:39+00:00\" data-name=\"IMG_1404\"><figure class=\"post\"><a href=\"https:\/\/pages.cnpem.br\/workshopbioimagens\/wp-content\/uploads\/sites\/166\/2023\/06\/img-1404-scaled.jpg\" class=\"rollover dt-pswp-item layzr-bg\" data-large_image_width=\"2560\" data-large_image_height=\"1707\" data-dt-img-description=\"\" title=\"IMG_1404\"><img decoding=\"async\" class=\"preload-me owl-lazy-load aspect\" src=\"data:image\/svg+xml,%3Csvg%20xmlns%3D&#39;http%3A%2F%2Fwww.w3.org%2F2000%2Fsvg&#39;%20viewBox%3D&#39;0%200%201707%201707&#39;%2F%3E\" data-src=\"https:\/\/pages.cnpem.br\/workshopbioimagens\/wp-content\/uploads\/sites\/166\/2023\/06\/img-1404-scaled-1707x1707.jpg\" data-srcset=\"https:\/\/pages.cnpem.br\/workshopbioimagens\/wp-content\/uploads\/sites\/166\/2023\/06\/img-1404-scaled-1707x1707.jpg 1707w\" loading=\"eager\" style=\"--ratio: 1707 \/ 1707\" sizes=\"(max-width: 1707px) 100vw, 1707px\" alt=\"\" width=\"1707\" height=\"1707\"  \/><span class=\"gallery-rollover\"><span class=\"gallery-zoom-ico icomoon-the7-font-the7-zoom-06\"><span><\/span><\/span><\/span><\/a><\/figure><\/div><div data-post-id=\"25\" data-date=\"2023-06-21T18:48:46+00:00\" data-name=\"IMG_1501\"><figure class=\"post\"><a href=\"https:\/\/pages.cnpem.br\/workshopbioimagens\/wp-content\/uploads\/sites\/166\/2023\/06\/img-1501-scaled.jpg\" class=\"rollover dt-pswp-item layzr-bg\" data-large_image_width=\"2560\" data-large_image_height=\"1707\" data-dt-img-description=\"\" title=\"IMG_1501\"><img decoding=\"async\" class=\"preload-me owl-lazy-load aspect\" src=\"data:image\/svg+xml,%3Csvg%20xmlns%3D&#39;http%3A%2F%2Fwww.w3.org%2F2000%2Fsvg&#39;%20viewBox%3D&#39;0%200%201707%201707&#39;%2F%3E\" data-src=\"https:\/\/pages.cnpem.br\/workshopbioimagens\/wp-content\/uploads\/sites\/166\/2023\/06\/img-1501-scaled-1707x1707.jpg\" data-srcset=\"https:\/\/pages.cnpem.br\/workshopbioimagens\/wp-content\/uploads\/sites\/166\/2023\/06\/img-1501-scaled-1707x1707.jpg 1707w\" loading=\"eager\" style=\"--ratio: 1707 \/ 1707\" sizes=\"(max-width: 1707px) 100vw, 1707px\" alt=\"\" width=\"1707\" height=\"1707\"  \/><span class=\"gallery-rollover\"><span class=\"gallery-zoom-ico icomoon-the7-font-the7-zoom-06\"><span><\/span><\/span><\/span><\/a><\/figure><\/div><div data-post-id=\"26\" data-date=\"2023-06-21T18:48:51+00:00\" data-name=\"IMG_8384\"><figure class=\"post\"><a href=\"https:\/\/pages.cnpem.br\/workshopbioimagens\/wp-content\/uploads\/sites\/166\/2023\/06\/img-8384.jpeg\" class=\"rollover dt-pswp-item layzr-bg\" data-large_image_width=\"2048\" data-large_image_height=\"1536\" data-dt-img-description=\"\" title=\"IMG_8384\"><img decoding=\"async\" class=\"preload-me owl-lazy-load aspect\" src=\"data:image\/svg+xml,%3Csvg%20xmlns%3D&#39;http%3A%2F%2Fwww.w3.org%2F2000%2Fsvg&#39;%20viewBox%3D&#39;0%200%201536%201536&#39;%2F%3E\" data-src=\"https:\/\/pages.cnpem.br\/workshopbioimagens\/wp-content\/uploads\/sites\/166\/2023\/06\/img-8384-1536x1536.jpeg\" data-srcset=\"https:\/\/pages.cnpem.br\/workshopbioimagens\/wp-content\/uploads\/sites\/166\/2023\/06\/img-8384-1536x1536.jpeg 1536w\" loading=\"eager\" style=\"--ratio: 1536 \/ 1536\" sizes=\"(max-width: 1536px) 100vw, 1536px\" alt=\"\" width=\"1536\" height=\"1536\"  \/><span class=\"gallery-rollover\"><span class=\"gallery-zoom-ico icomoon-the7-font-the7-zoom-06\"><span><\/span><\/span><\/span><\/a><\/figure><\/div><div data-post-id=\"27\" data-date=\"2023-06-21T18:48:53+00:00\" data-name=\"IMG_8651\"><figure class=\"post\"><a href=\"https:\/\/pages.cnpem.br\/workshopbioimagens\/wp-content\/uploads\/sites\/166\/2023\/06\/img-8651.jpeg\" class=\"rollover dt-pswp-item layzr-bg\" data-large_image_width=\"2048\" data-large_image_height=\"1536\" data-dt-img-description=\"\" title=\"IMG_8651\"><img decoding=\"async\" class=\"preload-me owl-lazy-load aspect\" src=\"data:image\/svg+xml,%3Csvg%20xmlns%3D&#39;http%3A%2F%2Fwww.w3.org%2F2000%2Fsvg&#39;%20viewBox%3D&#39;0%200%201536%201536&#39;%2F%3E\" data-src=\"https:\/\/pages.cnpem.br\/workshopbioimagens\/wp-content\/uploads\/sites\/166\/2023\/06\/img-8651-1536x1536.jpeg\" data-srcset=\"https:\/\/pages.cnpem.br\/workshopbioimagens\/wp-content\/uploads\/sites\/166\/2023\/06\/img-8651-1536x1536.jpeg 1536w\" loading=\"eager\" style=\"--ratio: 1536 \/ 1536\" sizes=\"(max-width: 1536px) 100vw, 1536px\" alt=\"\" width=\"1536\" height=\"1536\"  \/><span class=\"gallery-rollover\"><span class=\"gallery-zoom-ico icomoon-the7-font-the7-zoom-06\"><span><\/span><\/span><\/span><\/a><\/figure><\/div><div data-post-id=\"28\" data-date=\"2023-06-21T18:48:54+00:00\" data-name=\"IMG_8677\"><figure class=\"post\"><a href=\"https:\/\/pages.cnpem.br\/workshopbioimagens\/wp-content\/uploads\/sites\/166\/2023\/06\/img-8677.jpeg\" class=\"rollover dt-pswp-item layzr-bg\" data-large_image_width=\"2048\" data-large_image_height=\"1536\" data-dt-img-description=\"\" title=\"IMG_8677\"><img decoding=\"async\" class=\"preload-me owl-lazy-load aspect\" src=\"data:image\/svg+xml,%3Csvg%20xmlns%3D&#39;http%3A%2F%2Fwww.w3.org%2F2000%2Fsvg&#39;%20viewBox%3D&#39;0%200%201536%201536&#39;%2F%3E\" data-src=\"https:\/\/pages.cnpem.br\/workshopbioimagens\/wp-content\/uploads\/sites\/166\/2023\/06\/img-8677-1536x1536.jpeg\" data-srcset=\"https:\/\/pages.cnpem.br\/workshopbioimagens\/wp-content\/uploads\/sites\/166\/2023\/06\/img-8677-1536x1536.jpeg 1536w\" loading=\"eager\" style=\"--ratio: 1536 \/ 1536\" sizes=\"(max-width: 1536px) 100vw, 1536px\" alt=\"\" width=\"1536\" height=\"1536\"  \/><span class=\"gallery-rollover\"><span class=\"gallery-zoom-ico icomoon-the7-font-the7-zoom-06\"><span><\/span><\/span><\/span><\/a><\/figure><\/div><div data-post-id=\"29\" data-date=\"2023-06-21T18:48:56+00:00\" data-name=\"IMG_8733\"><figure class=\"post\"><a href=\"https:\/\/pages.cnpem.br\/workshopbioimagens\/wp-content\/uploads\/sites\/166\/2023\/06\/img-8733.jpeg\" class=\"rollover dt-pswp-item layzr-bg\" data-large_image_width=\"2048\" data-large_image_height=\"1536\" data-dt-img-description=\"\" title=\"IMG_8733\"><img decoding=\"async\" class=\"preload-me owl-lazy-load aspect\" src=\"data:image\/svg+xml,%3Csvg%20xmlns%3D&#39;http%3A%2F%2Fwww.w3.org%2F2000%2Fsvg&#39;%20viewBox%3D&#39;0%200%201536%201536&#39;%2F%3E\" data-src=\"https:\/\/pages.cnpem.br\/workshopbioimagens\/wp-content\/uploads\/sites\/166\/2023\/06\/img-8733-1536x1536.jpeg\" data-srcset=\"https:\/\/pages.cnpem.br\/workshopbioimagens\/wp-content\/uploads\/sites\/166\/2023\/06\/img-8733-1536x1536.jpeg 1536w\" loading=\"eager\" style=\"--ratio: 1536 \/ 1536\" sizes=\"(max-width: 1536px) 100vw, 1536px\" alt=\"\" width=\"1536\" height=\"1536\"  \/><span class=\"gallery-rollover\"><span class=\"gallery-zoom-ico icomoon-the7-font-the7-zoom-06\"><span><\/span><\/span><\/span><\/a><\/figure><\/div><div data-post-id=\"30\" data-date=\"2023-06-21T18:48:58+00:00\" data-name=\"IMG_9474\"><figure class=\"post\"><a href=\"https:\/\/pages.cnpem.br\/workshopbioimagens\/wp-content\/uploads\/sites\/166\/2023\/06\/img-9474.jpeg\" class=\"rollover dt-pswp-item layzr-bg\" data-large_image_width=\"2048\" data-large_image_height=\"1536\" data-dt-img-description=\"\" title=\"IMG_9474\"><img decoding=\"async\" class=\"preload-me owl-lazy-load aspect\" src=\"data:image\/svg+xml,%3Csvg%20xmlns%3D&#39;http%3A%2F%2Fwww.w3.org%2F2000%2Fsvg&#39;%20viewBox%3D&#39;0%200%201536%201536&#39;%2F%3E\" data-src=\"https:\/\/pages.cnpem.br\/workshopbioimagens\/wp-content\/uploads\/sites\/166\/2023\/06\/img-9474-1536x1536.jpeg\" data-srcset=\"https:\/\/pages.cnpem.br\/workshopbioimagens\/wp-content\/uploads\/sites\/166\/2023\/06\/img-9474-1536x1536.jpeg 1536w\" loading=\"eager\" style=\"--ratio: 1536 \/ 1536\" sizes=\"(max-width: 1536px) 100vw, 1536px\" alt=\"\" width=\"1536\" height=\"1536\"  \/><span class=\"gallery-rollover\"><span class=\"gallery-zoom-ico icomoon-the7-font-the7-zoom-06\"><span><\/span><\/span><\/span><\/a><\/figure><\/div><\/div>[\/vc_column][\/vc_row]<\/p>\n<\/div>","protected":false},"excerpt":{"rendered":"<p>[vc_row][vc_column][vc_column_text]Com uma proposta inovadora para preparar futuros cientistas, a Ilum \u2013 Escola de Ci\u00eancia, \u00e9 uma iniciativa do Centro Nacional de Pesquisas em Energia e Materiais (CNPEM), uma Organiza\u00e7\u00e3o Social sob a supervis\u00e3o do Minist\u00e9rio da Ci\u00eancia, Tecnologia e Inova\u00e7\u00f5es (MCTI). Sem fins lucrativos e gratuita para os alunos, a Ilum \u00e9 financiada pelo Minist\u00e9rio&hellip;<\/p>\n","protected":false},"author":3407,"featured_media":0,"parent":0,"menu_order":0,"comment_status":"closed","ping_status":"closed","template":"","meta":{"footnotes":""},"class_list":["post-13","page","type-page","status-publish","hentry","description-off"],"_links":{"self":[{"href":"https:\/\/pages.cnpem.br\/workshopbioimagens\/wp-json\/wp\/v2\/pages\/13","targetHints":{"allow":["GET"]}}],"collection":[{"href":"https:\/\/pages.cnpem.br\/workshopbioimagens\/wp-json\/wp\/v2\/pages"}],"about":[{"href":"https:\/\/pages.cnpem.br\/workshopbioimagens\/wp-json\/wp\/v2\/types\/page"}],"author":[{"embeddable":true,"href":"https:\/\/pages.cnpem.br\/workshopbioimagens\/wp-json\/wp\/v2\/users\/3407"}],"replies":[{"embeddable":true,"href":"https:\/\/pages.cnpem.br\/workshopbioimagens\/wp-json\/wp\/v2\/comments?post=13"}],"version-history":[{"count":0,"href":"https:\/\/pages.cnpem.br\/workshopbioimagens\/wp-json\/wp\/v2\/pages\/13\/revisions"}],"wp:attachment":[{"href":"https:\/\/pages.cnpem.br\/workshopbioimagens\/wp-json\/wp\/v2\/media?parent=13"}],"curies":[{"name":"wp","href":"https:\/\/api.w.org\/{rel}","templated":true}]}}