{"id":83,"date":"2012-03-29T15:20:13","date_gmt":"2012-03-29T15:20:13","guid":{"rendered":"http:\/\/lnnano.cnpem.br\/workshopmicrofluidica\/?page_id=83"},"modified":"2018-02-07T10:47:28","modified_gmt":"2018-02-07T12:47:28","slug":"organizing-committee","status":"publish","type":"page","link":"https:\/\/pages.cnpem.br\/workshopmicrofluidica\/organizing-committee\/","title":{"rendered":"Organizing Committee"},"content":{"rendered":"<ul>\n<li>Prof. Marcio da Silveira Carvalho (Departamento de Engenharia Mec\u00e2nica, PUC-Rio, Brasil)<\/li>\n<li>Prof. Angelo Luiz Gobbi (LNNano, CNPEM, Brasil)<\/li>\n<li>Prof. Omar Pandoli (Departamento de Qu\u00edmica, PUC-Rio, Brasil)<\/li>\n<li>Prof. Carolina Naveira Cotta (Departamento de Engenharia Mec\u00e2nica, UFRJ, Brasil)<\/li>\n<li>Dr. Jaione Tirapu Azpiroz (IBM Research Brazil, Brasil)<\/li>\n<li>Prof. Claudio Berli (INTEC-Conicet, Universidad Nacional del Litoral, Santa-F\u00e9, Argentina)<\/li>\n<\/ul>\n","protected":false},"excerpt":{"rendered":"<p>Prof. Marcio da Silveira Carvalho (Departamento de Engenharia Mec\u00e2nica, PUC-Rio, Brasil) Prof. Angelo Luiz Gobbi (LNNano, CNPEM, Brasil) Prof. Omar Pandoli (Departamento de Qu\u00edmica, PUC-Rio, Brasil) Prof. Carolina Naveira Cotta (Departamento de Engenharia Mec\u00e2nica, UFRJ, Brasil) Dr. Jaione Tirapu Azpiroz (IBM Research Brazil, Brasil) Prof. Claudio Berli (INTEC-Conicet, Universidad Nacional del Litoral, Santa-F\u00e9, Argentina)<\/p>\n","protected":false},"author":7,"featured_media":0,"parent":0,"menu_order":7,"comment_status":"closed","ping_status":"closed","template":"","meta":{"footnotes":""},"class_list":["post-83","page","type-page","status-publish","hentry"],"_links":{"self":[{"href":"https:\/\/pages.cnpem.br\/workshopmicrofluidica\/wp-json\/wp\/v2\/pages\/83","targetHints":{"allow":["GET"]}}],"collection":[{"href":"https:\/\/pages.cnpem.br\/workshopmicrofluidica\/wp-json\/wp\/v2\/pages"}],"about":[{"href":"https:\/\/pages.cnpem.br\/workshopmicrofluidica\/wp-json\/wp\/v2\/types\/page"}],"author":[{"embeddable":true,"href":"https:\/\/pages.cnpem.br\/workshopmicrofluidica\/wp-json\/wp\/v2\/users\/7"}],"replies":[{"embeddable":true,"href":"https:\/\/pages.cnpem.br\/workshopmicrofluidica\/wp-json\/wp\/v2\/comments?post=83"}],"version-history":[{"count":0,"href":"https:\/\/pages.cnpem.br\/workshopmicrofluidica\/wp-json\/wp\/v2\/pages\/83\/revisions"}],"wp:attachment":[{"href":"https:\/\/pages.cnpem.br\/workshopmicrofluidica\/wp-json\/wp\/v2\/media?parent=83"}],"curies":[{"name":"wp","href":"https:\/\/api.w.org\/{rel}","templated":true}]}}